{"id":147625,"date":"2022-09-11T23:34:16","date_gmt":"2022-09-11T21:34:16","guid":{"rendered":"https:\/\/marktxxl.de\/markt\/produkt\/conopu-10-packungen-x-248g2-5kg-haenge-luftentfeuchter-luftentfeuchter-granulat-befreien-sie-sich-von-feuchtigkeit-fuer-keller-schraenke-schlafzimmer-waschraeume-beseitigen-sie-unangenehme-ger\/"},"modified":"2023-04-09T04:06:46","modified_gmt":"2023-04-09T02:06:46","slug":"conopu-10-packungen-x-248g2-5kg-haenge-luftentfeuchter-luftentfeuchter-granulat-befreien-sie-sich-von-feuchtigkeit-fuer-keller-schraenke-schlafzimmer-waschraeume-beseitigen-sie-unangenehme-ger","status":"publish","type":"product","link":"https:\/\/marktxxl.de\/markt\/produkt\/conopu-10-packungen-x-248g2-5kg-haenge-luftentfeuchter-luftentfeuchter-granulat-befreien-sie-sich-von-feuchtigkeit-fuer-keller-schraenke-schlafzimmer-waschraeume-beseitigen-sie-unangenehme-ger\/","title":{"rendered":"CONOPU 10 Packungen x 248g(2.5KG) H\u00e4nge-Luftentfeuchter, Luftentfeuchter Granulat, Befreien Sie sich von Feuchtigkeit\u2026"},"content":{"rendered":"<p>Schnelle Absorption &#8211; Entfeuchtungsbeutel fangen \u00fcbersch\u00fcssige Feuchtigkeit aus der Luft auf und fangen sie in Sammelbeuteln ein. Jeder Luftentfeuchterbeutel enth\u00e4lt 0,55 lb (250 g) globul\u00e4re Calciumchloridpartikel, die den Entfeuchtungsbereich effizient vergr\u00f6\u00dfern k\u00f6nnen, um das Ergebnis der schnellen Absorption zu erreichen.<br \/>\nGro\u00dfe Absorption &#8211; sichtbare Entfeuchtungsbeutel es Ihnen, die gesammelte Feuchtigkeit auf einen Blick zu \u00fcberpr\u00fcfen und sie trennen auch die gesammelte Feuchtigkeit von Kalziumchloridpartikeln, um die Wirksamkeit der Entfeuchtung zu verbessern. JEDER Feuchtigkeitsabsorberbeutel kann maximal 17 oz (500 ml) Feuchtigkeit\/Wasser aufnehmen.<br \/>\nAufh\u00e4ngehaken-Design \u2013 besser als herk\u00f6mmliche Luftentfeuchtertaschen, diese h\u00e4ngenden Luftentfeuchter pakete sind mit Aufh\u00e4ngehaken f\u00fcr den flexiblen Einsatz zu Hause und in geschlossenen R\u00e4umen wie Kleiderschrank, Schrank, Bad, K\u00fcche, Waschk\u00fcche, Wohnmobil, Boot und Keller ausgestattet. Nehmen Sie es heraus und h\u00e4ngen Sie es \u00fcberall auf, wo Sie es brauchen, dann beginnt es f\u00fcr eine trockene und angenehme Atmosph\u00e4re zu arbeiten.<br \/>\nKein Auslaufen \u2013 diese Entfeuchtungspartikel verwenden innen einen hochwertigen Dupont-Beutel, um den Zugang zur Luft zu gew\u00e4hrleisten und das Austreten von Wasser zu verhindern, wodurch Ihre Kleidung und Ihre privaten Gegenst\u00e4nde stark gesch\u00fctzt werden. Au\u00dferdem f\u00fcgen diese Luftentfeuchterbeutel ein wenig zus\u00e4tzliche Aktivkohle hinzu, um gleichzeitig Ger\u00fcche zu entfernen.<br \/>\n\u00d6ko und sicher \u2013 diese Feuchtigkeitsabsorberbeutel absorbieren Feuchtigkeit aufgrund des physikalischen Entfeuchtungseffekts, ohne Benutzer und Umwelt zu belasten. Individuelles Paket f\u00fcr jeden h\u00e4ngenden Feuchtigkeitsabsorberbeutel, Sie k\u00f6nnen problemlos einen neuen aufh\u00e4ngen, wenn der Auffangbeutel voll ist.<br \/>\n<div class=\"main-cross-sell\" data-asin=\"B0B8D9ZMQX\">\n\n\t<div class=\"WooZone-cross-sell-loader\">\n\t\t<div>\n\t\t\t<div id=\"floatingBarsG\">\n\t\t\t\t<div class=\"blockG\" id=\"rotateG_01\"><\/div>\n\t\t\t\t<div class=\"blockG\" id=\"rotateG_02\"><\/div>\n\t\t\t\t<div class=\"blockG\" id=\"rotateG_03\"><\/div>\n\t\t\t\t<div class=\"blockG\" id=\"rotateG_04\"><\/div>\n\t\t\t\t<div class=\"blockG\" id=\"rotateG_05\"><\/div>\n\t\t\t\t<div class=\"blockG\" id=\"rotateG_06\"><\/div>\n\t\t\t\t<div class=\"blockG\" id=\"rotateG_07\"><\/div>\n\t\t\t\t<div class=\"blockG\" id=\"rotateG_08\"><\/div>\n\t\t\t<\/div>\n\t\t\t<div class=\"WooZone-cross-sell-loader-text\"><\/div>\n\t\t<\/div>\n\t<\/div>\n\n\t\t\n<\/div>\n<div style=\"clear:both;\"><\/div><\/p>\n","protected":false},"excerpt":{"rendered":"<p>Schnelle Absorption &#8211; Entfeuchtungsbeutel fangen \u00fcbersch\u00fcssige Feuchtigkeit aus der Luft auf und fangen sie in Sammelbeuteln ein. Jeder Luftentfeuchterbeutel enth\u00e4lt 0,55 lb (250 g) globul\u00e4re Calciumchloridpartikel, die den Entfeuchtungsbereich effizient vergr\u00f6\u00dfern k\u00f6nnen, um das Ergebnis der schnellen Absorption zu erreichen.<br \/>\nGro\u00dfe Absorption &#8211; sichtbare Entfeuchtungsbeutel es Ihnen, die gesammelte Feuchtigkeit auf einen Blick zu \u00fcberpr\u00fcfen und sie trennen auch die gesammelte Feuchtigkeit von Kalziumchloridpartikeln, um die Wirksamkeit der Entfeuchtung zu verbessern. JEDER Feuchtigkeitsabsorberbeutel kann maximal 17 oz (500 ml) Feuchtigkeit\/Wasser aufnehmen.<br \/>\nAufh\u00e4ngehaken-Design \u2013 besser als herk\u00f6mmliche Luftentfeuchtertaschen, diese h\u00e4ngenden Luftentfeuchter pakete sind mit Aufh\u00e4ngehaken f\u00fcr den flexiblen Einsatz zu Hause und in geschlossenen R\u00e4umen wie Kleiderschrank, Schrank, Bad, K\u00fcche, Waschk\u00fcche, Wohnmobil, Boot und Keller ausgestattet. Nehmen Sie es heraus und h\u00e4ngen Sie es \u00fcberall auf, wo Sie es brauchen, dann beginnt es f\u00fcr eine trockene und angenehme Atmosph\u00e4re zu arbeiten.<\/p>\n","protected":false},"featured_media":147626,"comment_status":"open","ping_status":"closed","template":"","meta":[],"product_brand":[],"product_cat":[10704,1983],"product_tag":[],"class_list":{"0":"post-147625","1":"product","2":"type-product","3":"status-publish","4":"has-post-thumbnail","6":"product_cat-baubedarf","7":"product_cat-baumarkt","8":"pa_binding-haushaltswaren","9":"pa_brand-conopu","10":"pa_color-blue","11":"pa_height-6-692913379-zoll","12":"pa_length-9-448818888-zoll","13":"pa_manufacturer-shenzhen-chunwang-new-materials-co-ltd","14":"pa_model-oz04csd04","15":"pa_width-5-118110231-zoll","17":"first","18":"instock","19":"shipping-taxable","20":"purchasable","21":"product-type-simple","22":"customify-col","23":"product-has-gallery"},"yoast_head":"<!-- This site is optimized with the Yoast SEO plugin v27.4 - https:\/\/yoast.com\/product\/yoast-seo-wordpress\/ -->\n<title>CONOPU 10 Packungen x 248g(2.5KG) H\u00e4nge-Luftentfeuchter, Luftentfeuchter Granulat, Befreien Sie sich von Feuchtigkeit\u2026 - Markt-XXL<\/title>\n<meta name=\"description\" content=\"Markt-XXL CONOPU 10 Packungen x 248g(2.5KG) H\u00e4nge-Luftentfeuchter, Luftentfeuchter Granulat, Befreien Sie sich von Feuchtigkeit\u2026\" \/>\n<meta name=\"robots\" content=\"index, follow, max-snippet:-1, max-image-preview:large, max-video-preview:-1\" \/>\n<link rel=\"canonical\" href=\"https:\/\/marktxxl.de\/markt\/produkt\/conopu-10-packungen-x-248g2-5kg-haenge-luftentfeuchter-luftentfeuchter-granulat-befreien-sie-sich-von-feuchtigkeit-fuer-keller-schraenke-schlafzimmer-waschraeume-beseitigen-sie-unangenehme-ger\/\" \/>\n<meta property=\"og:locale\" content=\"de_DE\" \/>\n<meta property=\"og:type\" content=\"article\" \/>\n<meta property=\"og:title\" content=\"CONOPU 10 Packungen x 248g(2.5KG) H\u00e4nge-Luftentfeuchter, Luftentfeuchter Granulat, Befreien Sie sich von Feuchtigkeit\u2026 - Markt-XXL\" \/>\n<meta property=\"og:description\" content=\"Markt-XXL CONOPU 10 Packungen x 248g(2.5KG) H\u00e4nge-Luftentfeuchter, Luftentfeuchter Granulat, Befreien Sie sich von Feuchtigkeit\u2026\" \/>\n<meta property=\"og:url\" content=\"https:\/\/marktxxl.de\/markt\/produkt\/conopu-10-packungen-x-248g2-5kg-haenge-luftentfeuchter-luftentfeuchter-granulat-befreien-sie-sich-von-feuchtigkeit-fuer-keller-schraenke-schlafzimmer-waschraeume-beseitigen-sie-unangenehme-ger\/\" \/>\n<meta property=\"og:site_name\" content=\"Markt-XXL\" \/>\n<meta property=\"article:modified_time\" content=\"2023-04-09T02:06:46+00:00\" \/>\n<meta property=\"og:image\" content=\"https:\/\/m.media-amazon.com\/images\/I\/51nqJ6-IB7L._SL500_.jpg\" \/>\n\t<meta property=\"og:image:width\" content=\"500\" \/>\n\t<meta property=\"og:image:height\" content=\"500\" \/>\n\t<meta property=\"og:image:type\" content=\"image\/jpeg\" \/>\n<meta name=\"twitter:card\" content=\"summary_large_image\" \/>\n<meta name=\"twitter:label1\" content=\"Gesch\u00e4tzte Lesezeit\" \/>\n\t<meta name=\"twitter:data1\" content=\"1\u00a0Minute\" \/>\n<script type=\"application\/ld+json\" class=\"yoast-schema-graph\">{\"@context\":\"https:\\\/\\\/schema.org\",\"@graph\":[{\"@type\":\"WebPage\",\"@id\":\"https:\\\/\\\/marktxxl.de\\\/markt\\\/produkt\\\/conopu-10-packungen-x-248g2-5kg-haenge-luftentfeuchter-luftentfeuchter-granulat-befreien-sie-sich-von-feuchtigkeit-fuer-keller-schraenke-schlafzimmer-waschraeume-beseitigen-sie-unangenehme-ger\\\/\",\"url\":\"https:\\\/\\\/marktxxl.de\\\/markt\\\/produkt\\\/conopu-10-packungen-x-248g2-5kg-haenge-luftentfeuchter-luftentfeuchter-granulat-befreien-sie-sich-von-feuchtigkeit-fuer-keller-schraenke-schlafzimmer-waschraeume-beseitigen-sie-unangenehme-ger\\\/\",\"name\":\"CONOPU 10 Packungen x 248g(2.5KG) H\u00e4nge-Luftentfeuchter, Luftentfeuchter Granulat, Befreien Sie sich von Feuchtigkeit\u2026 - Markt-XXL\",\"isPartOf\":{\"@id\":\"https:\\\/\\\/marktxxl.de\\\/markt\\\/#website\"},\"primaryImageOfPage\":{\"@id\":\"https:\\\/\\\/marktxxl.de\\\/markt\\\/produkt\\\/conopu-10-packungen-x-248g2-5kg-haenge-luftentfeuchter-luftentfeuchter-granulat-befreien-sie-sich-von-feuchtigkeit-fuer-keller-schraenke-schlafzimmer-waschraeume-beseitigen-sie-unangenehme-ger\\\/#primaryimage\"},\"image\":{\"@id\":\"https:\\\/\\\/marktxxl.de\\\/markt\\\/produkt\\\/conopu-10-packungen-x-248g2-5kg-haenge-luftentfeuchter-luftentfeuchter-granulat-befreien-sie-sich-von-feuchtigkeit-fuer-keller-schraenke-schlafzimmer-waschraeume-beseitigen-sie-unangenehme-ger\\\/#primaryimage\"},\"thumbnailUrl\":\"https:\\\/\\\/m.media-amazon.com\\\/images\\\/I\\\/51nqJ6-IB7L._SL500_.jpg\",\"datePublished\":\"2022-09-11T21:34:16+00:00\",\"dateModified\":\"2023-04-09T02:06:46+00:00\",\"description\":\"Markt-XXL CONOPU 10 Packungen x 248g(2.5KG) H\u00e4nge-Luftentfeuchter, Luftentfeuchter Granulat, Befreien Sie sich von Feuchtigkeit\u2026\",\"breadcrumb\":{\"@id\":\"https:\\\/\\\/marktxxl.de\\\/markt\\\/produkt\\\/conopu-10-packungen-x-248g2-5kg-haenge-luftentfeuchter-luftentfeuchter-granulat-befreien-sie-sich-von-feuchtigkeit-fuer-keller-schraenke-schlafzimmer-waschraeume-beseitigen-sie-unangenehme-ger\\\/#breadcrumb\"},\"inLanguage\":\"de\",\"potentialAction\":[{\"@type\":\"ReadAction\",\"target\":[\"https:\\\/\\\/marktxxl.de\\\/markt\\\/produkt\\\/conopu-10-packungen-x-248g2-5kg-haenge-luftentfeuchter-luftentfeuchter-granulat-befreien-sie-sich-von-feuchtigkeit-fuer-keller-schraenke-schlafzimmer-waschraeume-beseitigen-sie-unangenehme-ger\\\/\"]}]},{\"@type\":\"ImageObject\",\"inLanguage\":\"de\",\"@id\":\"https:\\\/\\\/marktxxl.de\\\/markt\\\/produkt\\\/conopu-10-packungen-x-248g2-5kg-haenge-luftentfeuchter-luftentfeuchter-granulat-befreien-sie-sich-von-feuchtigkeit-fuer-keller-schraenke-schlafzimmer-waschraeume-beseitigen-sie-unangenehme-ger\\\/#primaryimage\",\"url\":\"https:\\\/\\\/m.media-amazon.com\\\/images\\\/I\\\/51nqJ6-IB7L._SL500_.jpg\",\"contentUrl\":\"https:\\\/\\\/m.media-amazon.com\\\/images\\\/I\\\/51nqJ6-IB7L._SL500_.jpg\",\"width\":500,\"height\":500},{\"@type\":\"BreadcrumbList\",\"@id\":\"https:\\\/\\\/marktxxl.de\\\/markt\\\/produkt\\\/conopu-10-packungen-x-248g2-5kg-haenge-luftentfeuchter-luftentfeuchter-granulat-befreien-sie-sich-von-feuchtigkeit-fuer-keller-schraenke-schlafzimmer-waschraeume-beseitigen-sie-unangenehme-ger\\\/#breadcrumb\",\"itemListElement\":[{\"@type\":\"ListItem\",\"position\":1,\"name\":\"Startseite\",\"item\":\"https:\\\/\\\/marktxxl.de\\\/markt\\\/\"},{\"@type\":\"ListItem\",\"position\":2,\"name\":\"Markt\",\"item\":\"https:\\\/\\\/marktxxl.de\\\/markt\\\/\"},{\"@type\":\"ListItem\",\"position\":3,\"name\":\"CONOPU 10 Packungen x 248g(2.5KG) H\u00e4nge-Luftentfeuchter, Luftentfeuchter Granulat, Befreien Sie sich von Feuchtigkeit\u2026\"}]},{\"@type\":\"WebSite\",\"@id\":\"https:\\\/\\\/marktxxl.de\\\/markt\\\/#website\",\"url\":\"https:\\\/\\\/marktxxl.de\\\/markt\\\/\",\"name\":\"Markt-XXL\",\"description\":\"Ihr Markt Online\",\"publisher\":{\"@id\":\"https:\\\/\\\/marktxxl.de\\\/markt\\\/#organization\"},\"potentialAction\":[{\"@type\":\"SearchAction\",\"target\":{\"@type\":\"EntryPoint\",\"urlTemplate\":\"https:\\\/\\\/marktxxl.de\\\/markt\\\/?s={search_term_string}\"},\"query-input\":{\"@type\":\"PropertyValueSpecification\",\"valueRequired\":true,\"valueName\":\"search_term_string\"}}],\"inLanguage\":\"de\"},{\"@type\":\"Organization\",\"@id\":\"https:\\\/\\\/marktxxl.de\\\/markt\\\/#organization\",\"name\":\"Markt-XXL\",\"url\":\"https:\\\/\\\/marktxxl.de\\\/markt\\\/\",\"logo\":{\"@type\":\"ImageObject\",\"inLanguage\":\"de\",\"@id\":\"https:\\\/\\\/marktxxl.de\\\/markt\\\/#\\\/schema\\\/logo\\\/image\\\/\",\"url\":\"https:\\\/\\\/marktxxl.de\\\/markt\\\/wp-content\\\/uploads\\\/sites\\\/3\\\/2020\\\/12\\\/logo.png\",\"contentUrl\":\"https:\\\/\\\/marktxxl.de\\\/markt\\\/wp-content\\\/uploads\\\/sites\\\/3\\\/2020\\\/12\\\/logo.png\",\"width\":200,\"height\":70,\"caption\":\"Markt-XXL\"},\"image\":{\"@id\":\"https:\\\/\\\/marktxxl.de\\\/markt\\\/#\\\/schema\\\/logo\\\/image\\\/\"}}]}<\/script>\n<!-- \/ Yoast SEO plugin. -->","yoast_head_json":{"title":"CONOPU 10 Packungen x 248g(2.5KG) H\u00e4nge-Luftentfeuchter, Luftentfeuchter Granulat, Befreien Sie sich von Feuchtigkeit\u2026 - Markt-XXL","description":"Markt-XXL CONOPU 10 Packungen x 248g(2.5KG) H\u00e4nge-Luftentfeuchter, Luftentfeuchter Granulat, Befreien Sie sich von Feuchtigkeit\u2026","robots":{"index":"index","follow":"follow","max-snippet":"max-snippet:-1","max-image-preview":"max-image-preview:large","max-video-preview":"max-video-preview:-1"},"canonical":"https:\/\/marktxxl.de\/markt\/produkt\/conopu-10-packungen-x-248g2-5kg-haenge-luftentfeuchter-luftentfeuchter-granulat-befreien-sie-sich-von-feuchtigkeit-fuer-keller-schraenke-schlafzimmer-waschraeume-beseitigen-sie-unangenehme-ger\/","og_locale":"de_DE","og_type":"article","og_title":"CONOPU 10 Packungen x 248g(2.5KG) H\u00e4nge-Luftentfeuchter, Luftentfeuchter Granulat, Befreien Sie sich von Feuchtigkeit\u2026 - Markt-XXL","og_description":"Markt-XXL CONOPU 10 Packungen x 248g(2.5KG) H\u00e4nge-Luftentfeuchter, Luftentfeuchter Granulat, Befreien Sie sich von Feuchtigkeit\u2026","og_url":"https:\/\/marktxxl.de\/markt\/produkt\/conopu-10-packungen-x-248g2-5kg-haenge-luftentfeuchter-luftentfeuchter-granulat-befreien-sie-sich-von-feuchtigkeit-fuer-keller-schraenke-schlafzimmer-waschraeume-beseitigen-sie-unangenehme-ger\/","og_site_name":"Markt-XXL","article_modified_time":"2023-04-09T02:06:46+00:00","og_image":[{"width":500,"height":500,"url":"https:\/\/m.media-amazon.com\/images\/I\/51nqJ6-IB7L._SL500_.jpg","type":"image\/jpeg"}],"twitter_card":"summary_large_image","twitter_misc":{"Gesch\u00e4tzte Lesezeit":"1\u00a0Minute"},"schema":{"@context":"https:\/\/schema.org","@graph":[{"@type":"WebPage","@id":"https:\/\/marktxxl.de\/markt\/produkt\/conopu-10-packungen-x-248g2-5kg-haenge-luftentfeuchter-luftentfeuchter-granulat-befreien-sie-sich-von-feuchtigkeit-fuer-keller-schraenke-schlafzimmer-waschraeume-beseitigen-sie-unangenehme-ger\/","url":"https:\/\/marktxxl.de\/markt\/produkt\/conopu-10-packungen-x-248g2-5kg-haenge-luftentfeuchter-luftentfeuchter-granulat-befreien-sie-sich-von-feuchtigkeit-fuer-keller-schraenke-schlafzimmer-waschraeume-beseitigen-sie-unangenehme-ger\/","name":"CONOPU 10 Packungen x 248g(2.5KG) H\u00e4nge-Luftentfeuchter, Luftentfeuchter Granulat, Befreien Sie sich von Feuchtigkeit\u2026 - Markt-XXL","isPartOf":{"@id":"https:\/\/marktxxl.de\/markt\/#website"},"primaryImageOfPage":{"@id":"https:\/\/marktxxl.de\/markt\/produkt\/conopu-10-packungen-x-248g2-5kg-haenge-luftentfeuchter-luftentfeuchter-granulat-befreien-sie-sich-von-feuchtigkeit-fuer-keller-schraenke-schlafzimmer-waschraeume-beseitigen-sie-unangenehme-ger\/#primaryimage"},"image":{"@id":"https:\/\/marktxxl.de\/markt\/produkt\/conopu-10-packungen-x-248g2-5kg-haenge-luftentfeuchter-luftentfeuchter-granulat-befreien-sie-sich-von-feuchtigkeit-fuer-keller-schraenke-schlafzimmer-waschraeume-beseitigen-sie-unangenehme-ger\/#primaryimage"},"thumbnailUrl":"https:\/\/m.media-amazon.com\/images\/I\/51nqJ6-IB7L._SL500_.jpg","datePublished":"2022-09-11T21:34:16+00:00","dateModified":"2023-04-09T02:06:46+00:00","description":"Markt-XXL CONOPU 10 Packungen x 248g(2.5KG) H\u00e4nge-Luftentfeuchter, Luftentfeuchter Granulat, Befreien Sie sich von Feuchtigkeit\u2026","breadcrumb":{"@id":"https:\/\/marktxxl.de\/markt\/produkt\/conopu-10-packungen-x-248g2-5kg-haenge-luftentfeuchter-luftentfeuchter-granulat-befreien-sie-sich-von-feuchtigkeit-fuer-keller-schraenke-schlafzimmer-waschraeume-beseitigen-sie-unangenehme-ger\/#breadcrumb"},"inLanguage":"de","potentialAction":[{"@type":"ReadAction","target":["https:\/\/marktxxl.de\/markt\/produkt\/conopu-10-packungen-x-248g2-5kg-haenge-luftentfeuchter-luftentfeuchter-granulat-befreien-sie-sich-von-feuchtigkeit-fuer-keller-schraenke-schlafzimmer-waschraeume-beseitigen-sie-unangenehme-ger\/"]}]},{"@type":"ImageObject","inLanguage":"de","@id":"https:\/\/marktxxl.de\/markt\/produkt\/conopu-10-packungen-x-248g2-5kg-haenge-luftentfeuchter-luftentfeuchter-granulat-befreien-sie-sich-von-feuchtigkeit-fuer-keller-schraenke-schlafzimmer-waschraeume-beseitigen-sie-unangenehme-ger\/#primaryimage","url":"https:\/\/m.media-amazon.com\/images\/I\/51nqJ6-IB7L._SL500_.jpg","contentUrl":"https:\/\/m.media-amazon.com\/images\/I\/51nqJ6-IB7L._SL500_.jpg","width":500,"height":500},{"@type":"BreadcrumbList","@id":"https:\/\/marktxxl.de\/markt\/produkt\/conopu-10-packungen-x-248g2-5kg-haenge-luftentfeuchter-luftentfeuchter-granulat-befreien-sie-sich-von-feuchtigkeit-fuer-keller-schraenke-schlafzimmer-waschraeume-beseitigen-sie-unangenehme-ger\/#breadcrumb","itemListElement":[{"@type":"ListItem","position":1,"name":"Startseite","item":"https:\/\/marktxxl.de\/markt\/"},{"@type":"ListItem","position":2,"name":"Markt","item":"https:\/\/marktxxl.de\/markt\/"},{"@type":"ListItem","position":3,"name":"CONOPU 10 Packungen x 248g(2.5KG) H\u00e4nge-Luftentfeuchter, Luftentfeuchter Granulat, Befreien Sie sich von Feuchtigkeit\u2026"}]},{"@type":"WebSite","@id":"https:\/\/marktxxl.de\/markt\/#website","url":"https:\/\/marktxxl.de\/markt\/","name":"Markt-XXL","description":"Ihr Markt Online","publisher":{"@id":"https:\/\/marktxxl.de\/markt\/#organization"},"potentialAction":[{"@type":"SearchAction","target":{"@type":"EntryPoint","urlTemplate":"https:\/\/marktxxl.de\/markt\/?s={search_term_string}"},"query-input":{"@type":"PropertyValueSpecification","valueRequired":true,"valueName":"search_term_string"}}],"inLanguage":"de"},{"@type":"Organization","@id":"https:\/\/marktxxl.de\/markt\/#organization","name":"Markt-XXL","url":"https:\/\/marktxxl.de\/markt\/","logo":{"@type":"ImageObject","inLanguage":"de","@id":"https:\/\/marktxxl.de\/markt\/#\/schema\/logo\/image\/","url":"https:\/\/marktxxl.de\/markt\/wp-content\/uploads\/sites\/3\/2020\/12\/logo.png","contentUrl":"https:\/\/marktxxl.de\/markt\/wp-content\/uploads\/sites\/3\/2020\/12\/logo.png","width":200,"height":70,"caption":"Markt-XXL"},"image":{"@id":"https:\/\/marktxxl.de\/markt\/#\/schema\/logo\/image\/"}}]}},"_links":{"self":[{"href":"https:\/\/marktxxl.de\/markt\/wp-json\/wp\/v2\/product\/147625","targetHints":{"allow":["GET"]}}],"collection":[{"href":"https:\/\/marktxxl.de\/markt\/wp-json\/wp\/v2\/product"}],"about":[{"href":"https:\/\/marktxxl.de\/markt\/wp-json\/wp\/v2\/types\/product"}],"replies":[{"embeddable":true,"href":"https:\/\/marktxxl.de\/markt\/wp-json\/wp\/v2\/comments?post=147625"}],"wp:featuredmedia":[{"embeddable":true,"href":"https:\/\/marktxxl.de\/markt\/wp-json\/wp\/v2\/media\/147626"}],"wp:attachment":[{"href":"https:\/\/marktxxl.de\/markt\/wp-json\/wp\/v2\/media?parent=147625"}],"wp:term":[{"taxonomy":"product_brand","embeddable":true,"href":"https:\/\/marktxxl.de\/markt\/wp-json\/wp\/v2\/product_brand?post=147625"},{"taxonomy":"product_cat","embeddable":true,"href":"https:\/\/marktxxl.de\/markt\/wp-json\/wp\/v2\/product_cat?post=147625"},{"taxonomy":"product_tag","embeddable":true,"href":"https:\/\/marktxxl.de\/markt\/wp-json\/wp\/v2\/product_tag?post=147625"}],"curies":[{"name":"wp","href":"https:\/\/api.w.org\/{rel}","templated":true}]}}