{"id":147425,"date":"2022-09-11T22:46:53","date_gmt":"2022-09-11T20:46:53","guid":{"rendered":"https:\/\/marktxxl.de\/markt\/produkt\/mcgmitt-rassel-baby-ball-sensorik-spielzeug-fuer-babys-3-6-9-12-monate-zu-greifen-und-zu-zahnen-weiche-beissring-bpa-frei-silikon-greifball-fuer-sensorische-entwicklung\/"},"modified":"2023-04-09T04:06:41","modified_gmt":"2023-04-09T02:06:41","slug":"mcgmitt-rassel-baby-ball-sensorik-spielzeug-fuer-babys-3-6-9-12-monate-zu-greifen-und-zu-zahnen-weiche-beissring-bpa-frei-silikon-greifball-fuer-sensorische-entwicklung","status":"publish","type":"product","link":"https:\/\/marktxxl.de\/markt\/produkt\/mcgmitt-rassel-baby-ball-sensorik-spielzeug-fuer-babys-3-6-9-12-monate-zu-greifen-und-zu-zahnen-weiche-beissring-bpa-frei-silikon-greifball-fuer-sensorische-entwicklung\/","title":{"rendered":"MCGMITT Greifball f\u00fcr Babys und Kleinkinder zum Greifen und Kauen, BPA-frei Silikon Bei\u00dfring Ball Baby Greifspielzeug\u2026"},"content":{"rendered":"<p>\u2714\ufe0f\u3010 Test-gepr\u00fcftes Silikon-Baby-Zahnungsball-Spielzeug \u3011: Das \u00c4u\u00dfere unserer Baby-Bei\u00dfkugel ist aus 100% lebensmittelechtem, BPA-freiem und ungiftigem Bei\u00dfring-Silikon, sicher f\u00fcr neugierige Babys zu ber\u00fchren und zu kauen. Weich und flexibel zum Greifen oder Spielen mit kleinen Fingern. Keine harte scharfe Kante, die die H\u00e4nde Ihres Babys zerkratzen kann, im Vergleich zu den gew\u00f6hnlichen Hartplastikballspielzeugen.<br \/>\n\u2714\ufe0f\u3010 Rassel Spielzeug f\u00fcr Babys \u3011: Der rasselnde Ball im Inneren stimuliert Babys Geh\u00f6r und zieht ihre Aufmerksamkeit an, um zu greifen, zu sch\u00fctteln und darauf zu zahnen. St\u00e4rkung der grundlegenden Flexibilit\u00e4t der kleinen Finger und Handfl\u00e4chen f\u00fcr komplexe feinmotorische F\u00e4higkeiten in der Zukunft.<br \/>\n\u2714\ufe0f\u3010 2 in 1 Baby-Zahnungsball zur Schmerzlinderung \u3011: Der Rasselball im Inneren zieht die Aufmerksamkeit des Babys auf sich und ermutigt es zum Krabbeln oder Greifen, w\u00e4hrend der weiche Silikon-Gen-Ball au\u00dfen sanft das geschwollene Zahnfleisch massiert, um das Unbehagen und den Juckreiz des Babys beim Zahnen zu lindern, was ihnen hilft, die schmerzhafte Zahnungszeit zu \u00fcberstehen.<br \/>\n\u2714\ufe0f\u3010 Beste Baby Sensorik Ball f\u00fcr Neugeborene \u3011: Entworfen f\u00fcr 0+ 3 6 9 12 Monate Babys. Ungef\u00e4hr 100g Gewicht mit moderater Gr\u00f6\u00dfe 9,7 x 9,7 x 8,5 cm, der Silikon-Baby-Rasselball ist leicht und einfach zu greifen, dass selbst wenn es auf Babys Gesicht f\u00e4llt, wird es nicht ihre empfindliche Haut verletzen. Ideal neugeborenes Baby Geschenke Wahl f\u00fcr fr\u00fche Entwicklung und Aktivit\u00e4t.<br \/>\n\u2714\ufe0f\u3010 Gro\u00dfe Geschenkidee \u3011: Mit einer anst\u00e4ndigen Box-Paket, das Baby Rassel Bei\u00dfball Spielzeug w\u00e4re ein ausgezeichnetes Geschenk Wahl f\u00fcr neugeborene Babys w\u00e4hrend der Baby-Dusche, Geburtstag, Zahnen Zeit, Thanksgiving, Weihnachten, Neujahr.<br \/>\n<div class=\"main-cross-sell\" data-asin=\"B09NBBRRV1\">\n\n\t<div class=\"WooZone-cross-sell-loader\">\n\t\t<div>\n\t\t\t<div id=\"floatingBarsG\">\n\t\t\t\t<div class=\"blockG\" id=\"rotateG_01\"><\/div>\n\t\t\t\t<div class=\"blockG\" id=\"rotateG_02\"><\/div>\n\t\t\t\t<div class=\"blockG\" id=\"rotateG_03\"><\/div>\n\t\t\t\t<div class=\"blockG\" id=\"rotateG_04\"><\/div>\n\t\t\t\t<div class=\"blockG\" id=\"rotateG_05\"><\/div>\n\t\t\t\t<div class=\"blockG\" id=\"rotateG_06\"><\/div>\n\t\t\t\t<div class=\"blockG\" id=\"rotateG_07\"><\/div>\n\t\t\t\t<div class=\"blockG\" id=\"rotateG_08\"><\/div>\n\t\t\t<\/div>\n\t\t\t<div class=\"WooZone-cross-sell-loader-text\"><\/div>\n\t\t<\/div>\n\t<\/div>\n\n\t\t\n<\/div>\n<div style=\"clear:both;\"><\/div><\/p>\n","protected":false},"excerpt":{"rendered":"<p>\u2714\ufe0f\u3010 Test-gepr\u00fcftes Silikon-Baby-Zahnungsball-Spielzeug \u3011: Das \u00c4u\u00dfere unserer Baby-Bei\u00dfkugel ist aus 100% lebensmittelechtem, BPA-freiem und ungiftigem Bei\u00dfring-Silikon, sicher f\u00fcr neugierige Babys zu ber\u00fchren und zu kauen. Weich und flexibel zum Greifen oder Spielen mit kleinen Fingern. Keine harte scharfe Kante, die die H\u00e4nde Ihres Babys zerkratzen kann, im Vergleich zu den gew\u00f6hnlichen Hartplastikballspielzeugen.<br \/>\n\u2714\ufe0f\u3010 Rassel Spielzeug f\u00fcr Babys \u3011: Der rasselnde Ball im Inneren stimuliert Babys Geh\u00f6r und zieht ihre Aufmerksamkeit an, um zu greifen, zu sch\u00fctteln und darauf zu zahnen. St\u00e4rkung der grundlegenden Flexibilit\u00e4t der kleinen Finger und Handfl\u00e4chen f\u00fcr komplexe feinmotorische F\u00e4higkeiten in der Zukunft.<br \/>\n\u2714\ufe0f\u3010 2 in 1 Baby-Zahnungsball zur Schmerzlinderung \u3011: Der Rasselball im Inneren zieht die Aufmerksamkeit des Babys auf sich und ermutigt es zum Krabbeln oder Greifen, w\u00e4hrend der weiche Silikon-Gen-Ball au\u00dfen sanft das geschwollene Zahnfleisch massiert, um das Unbehagen und den Juckreiz des Babys beim Zahnen zu lindern, was ihnen hilft, die schmerzhafte Zahnungszeit zu \u00fcberstehen.<\/p>\n","protected":false},"featured_media":147426,"comment_status":"open","ping_status":"closed","template":"","meta":[],"product_brand":[],"product_cat":[21,9329],"product_tag":[],"class_list":{"0":"post-147425","1":"product","2":"type-product","3":"status-publish","4":"has-post-thumbnail","6":"product_cat-baby","7":"product_cat-kinderwagen-buggys-zubehoer-baby","8":"pa_brand-mcgmitt","9":"pa_manufacturer-mcgmitt","11":"first","12":"instock","13":"shipping-taxable","14":"purchasable","15":"product-type-simple","16":"customify-col","17":"product-has-gallery"},"yoast_head":"<!-- This site is optimized with the Yoast SEO plugin v27.4 - https:\/\/yoast.com\/product\/yoast-seo-wordpress\/ -->\n<title>MCGMITT Greifball f\u00fcr Babys und Kleinkinder zum Greifen und Kauen, BPA-frei Silikon Bei\u00dfring Ball Baby Greifspielzeug\u2026 - Markt-XXL<\/title>\n<meta name=\"description\" content=\"Markt-XXL MCGMITT Greifball f\u00fcr Babys und Kleinkinder zum Greifen und Kauen, BPA-frei Silikon Bei\u00dfring Ball Baby Greifspielzeug\u2026\" \/>\n<meta name=\"robots\" content=\"index, follow, max-snippet:-1, max-image-preview:large, max-video-preview:-1\" \/>\n<link rel=\"canonical\" href=\"https:\/\/marktxxl.de\/markt\/produkt\/mcgmitt-rassel-baby-ball-sensorik-spielzeug-fuer-babys-3-6-9-12-monate-zu-greifen-und-zu-zahnen-weiche-beissring-bpa-frei-silikon-greifball-fuer-sensorische-entwicklung\/\" \/>\n<meta property=\"og:locale\" content=\"de_DE\" \/>\n<meta property=\"og:type\" content=\"article\" \/>\n<meta property=\"og:title\" content=\"MCGMITT Greifball f\u00fcr Babys und Kleinkinder zum Greifen und Kauen, BPA-frei Silikon Bei\u00dfring Ball Baby Greifspielzeug\u2026 - Markt-XXL\" \/>\n<meta property=\"og:description\" content=\"Markt-XXL MCGMITT Greifball f\u00fcr Babys und Kleinkinder zum Greifen und Kauen, BPA-frei Silikon Bei\u00dfring Ball Baby Greifspielzeug\u2026\" \/>\n<meta property=\"og:url\" content=\"https:\/\/marktxxl.de\/markt\/produkt\/mcgmitt-rassel-baby-ball-sensorik-spielzeug-fuer-babys-3-6-9-12-monate-zu-greifen-und-zu-zahnen-weiche-beissring-bpa-frei-silikon-greifball-fuer-sensorische-entwicklung\/\" \/>\n<meta property=\"og:site_name\" content=\"Markt-XXL\" \/>\n<meta property=\"article:modified_time\" content=\"2023-04-09T02:06:41+00:00\" \/>\n<meta property=\"og:image\" content=\"https:\/\/m.media-amazon.com\/images\/I\/414SiO3qTbL._SL500_.jpg\" \/>\n\t<meta property=\"og:image:width\" content=\"500\" \/>\n\t<meta property=\"og:image:height\" content=\"500\" \/>\n\t<meta property=\"og:image:type\" content=\"image\/jpeg\" \/>\n<meta name=\"twitter:card\" content=\"summary_large_image\" \/>\n<meta name=\"twitter:label1\" content=\"Gesch\u00e4tzte Lesezeit\" \/>\n\t<meta name=\"twitter:data1\" content=\"1\u00a0Minute\" \/>\n<script type=\"application\/ld+json\" class=\"yoast-schema-graph\">{\"@context\":\"https:\\\/\\\/schema.org\",\"@graph\":[{\"@type\":\"WebPage\",\"@id\":\"https:\\\/\\\/marktxxl.de\\\/markt\\\/produkt\\\/mcgmitt-rassel-baby-ball-sensorik-spielzeug-fuer-babys-3-6-9-12-monate-zu-greifen-und-zu-zahnen-weiche-beissring-bpa-frei-silikon-greifball-fuer-sensorische-entwicklung\\\/\",\"url\":\"https:\\\/\\\/marktxxl.de\\\/markt\\\/produkt\\\/mcgmitt-rassel-baby-ball-sensorik-spielzeug-fuer-babys-3-6-9-12-monate-zu-greifen-und-zu-zahnen-weiche-beissring-bpa-frei-silikon-greifball-fuer-sensorische-entwicklung\\\/\",\"name\":\"MCGMITT Greifball f\u00fcr Babys und Kleinkinder zum Greifen und Kauen, BPA-frei Silikon Bei\u00dfring Ball Baby Greifspielzeug\u2026 - Markt-XXL\",\"isPartOf\":{\"@id\":\"https:\\\/\\\/marktxxl.de\\\/markt\\\/#website\"},\"primaryImageOfPage\":{\"@id\":\"https:\\\/\\\/marktxxl.de\\\/markt\\\/produkt\\\/mcgmitt-rassel-baby-ball-sensorik-spielzeug-fuer-babys-3-6-9-12-monate-zu-greifen-und-zu-zahnen-weiche-beissring-bpa-frei-silikon-greifball-fuer-sensorische-entwicklung\\\/#primaryimage\"},\"image\":{\"@id\":\"https:\\\/\\\/marktxxl.de\\\/markt\\\/produkt\\\/mcgmitt-rassel-baby-ball-sensorik-spielzeug-fuer-babys-3-6-9-12-monate-zu-greifen-und-zu-zahnen-weiche-beissring-bpa-frei-silikon-greifball-fuer-sensorische-entwicklung\\\/#primaryimage\"},\"thumbnailUrl\":\"https:\\\/\\\/m.media-amazon.com\\\/images\\\/I\\\/414SiO3qTbL._SL500_.jpg\",\"datePublished\":\"2022-09-11T20:46:53+00:00\",\"dateModified\":\"2023-04-09T02:06:41+00:00\",\"description\":\"Markt-XXL MCGMITT Greifball f\u00fcr Babys und Kleinkinder zum Greifen und Kauen, BPA-frei Silikon Bei\u00dfring Ball Baby Greifspielzeug\u2026\",\"breadcrumb\":{\"@id\":\"https:\\\/\\\/marktxxl.de\\\/markt\\\/produkt\\\/mcgmitt-rassel-baby-ball-sensorik-spielzeug-fuer-babys-3-6-9-12-monate-zu-greifen-und-zu-zahnen-weiche-beissring-bpa-frei-silikon-greifball-fuer-sensorische-entwicklung\\\/#breadcrumb\"},\"inLanguage\":\"de\",\"potentialAction\":[{\"@type\":\"ReadAction\",\"target\":[\"https:\\\/\\\/marktxxl.de\\\/markt\\\/produkt\\\/mcgmitt-rassel-baby-ball-sensorik-spielzeug-fuer-babys-3-6-9-12-monate-zu-greifen-und-zu-zahnen-weiche-beissring-bpa-frei-silikon-greifball-fuer-sensorische-entwicklung\\\/\"]}]},{\"@type\":\"ImageObject\",\"inLanguage\":\"de\",\"@id\":\"https:\\\/\\\/marktxxl.de\\\/markt\\\/produkt\\\/mcgmitt-rassel-baby-ball-sensorik-spielzeug-fuer-babys-3-6-9-12-monate-zu-greifen-und-zu-zahnen-weiche-beissring-bpa-frei-silikon-greifball-fuer-sensorische-entwicklung\\\/#primaryimage\",\"url\":\"https:\\\/\\\/m.media-amazon.com\\\/images\\\/I\\\/414SiO3qTbL._SL500_.jpg\",\"contentUrl\":\"https:\\\/\\\/m.media-amazon.com\\\/images\\\/I\\\/414SiO3qTbL._SL500_.jpg\",\"width\":500,\"height\":500},{\"@type\":\"BreadcrumbList\",\"@id\":\"https:\\\/\\\/marktxxl.de\\\/markt\\\/produkt\\\/mcgmitt-rassel-baby-ball-sensorik-spielzeug-fuer-babys-3-6-9-12-monate-zu-greifen-und-zu-zahnen-weiche-beissring-bpa-frei-silikon-greifball-fuer-sensorische-entwicklung\\\/#breadcrumb\",\"itemListElement\":[{\"@type\":\"ListItem\",\"position\":1,\"name\":\"Startseite\",\"item\":\"https:\\\/\\\/marktxxl.de\\\/markt\\\/\"},{\"@type\":\"ListItem\",\"position\":2,\"name\":\"Markt\",\"item\":\"https:\\\/\\\/marktxxl.de\\\/markt\\\/\"},{\"@type\":\"ListItem\",\"position\":3,\"name\":\"MCGMITT Greifball f\u00fcr Babys und Kleinkinder zum Greifen und Kauen, BPA-frei Silikon Bei\u00dfring Ball Baby Greifspielzeug\u2026\"}]},{\"@type\":\"WebSite\",\"@id\":\"https:\\\/\\\/marktxxl.de\\\/markt\\\/#website\",\"url\":\"https:\\\/\\\/marktxxl.de\\\/markt\\\/\",\"name\":\"Markt-XXL\",\"description\":\"Ihr Markt Online\",\"publisher\":{\"@id\":\"https:\\\/\\\/marktxxl.de\\\/markt\\\/#organization\"},\"potentialAction\":[{\"@type\":\"SearchAction\",\"target\":{\"@type\":\"EntryPoint\",\"urlTemplate\":\"https:\\\/\\\/marktxxl.de\\\/markt\\\/?s={search_term_string}\"},\"query-input\":{\"@type\":\"PropertyValueSpecification\",\"valueRequired\":true,\"valueName\":\"search_term_string\"}}],\"inLanguage\":\"de\"},{\"@type\":\"Organization\",\"@id\":\"https:\\\/\\\/marktxxl.de\\\/markt\\\/#organization\",\"name\":\"Markt-XXL\",\"url\":\"https:\\\/\\\/marktxxl.de\\\/markt\\\/\",\"logo\":{\"@type\":\"ImageObject\",\"inLanguage\":\"de\",\"@id\":\"https:\\\/\\\/marktxxl.de\\\/markt\\\/#\\\/schema\\\/logo\\\/image\\\/\",\"url\":\"https:\\\/\\\/marktxxl.de\\\/markt\\\/wp-content\\\/uploads\\\/sites\\\/3\\\/2020\\\/12\\\/logo.png\",\"contentUrl\":\"https:\\\/\\\/marktxxl.de\\\/markt\\\/wp-content\\\/uploads\\\/sites\\\/3\\\/2020\\\/12\\\/logo.png\",\"width\":200,\"height\":70,\"caption\":\"Markt-XXL\"},\"image\":{\"@id\":\"https:\\\/\\\/marktxxl.de\\\/markt\\\/#\\\/schema\\\/logo\\\/image\\\/\"}}]}<\/script>\n<!-- \/ Yoast SEO plugin. -->","yoast_head_json":{"title":"MCGMITT Greifball f\u00fcr Babys und Kleinkinder zum Greifen und Kauen, BPA-frei Silikon Bei\u00dfring Ball Baby Greifspielzeug\u2026 - Markt-XXL","description":"Markt-XXL MCGMITT Greifball f\u00fcr Babys und Kleinkinder zum Greifen und Kauen, BPA-frei Silikon Bei\u00dfring Ball Baby Greifspielzeug\u2026","robots":{"index":"index","follow":"follow","max-snippet":"max-snippet:-1","max-image-preview":"max-image-preview:large","max-video-preview":"max-video-preview:-1"},"canonical":"https:\/\/marktxxl.de\/markt\/produkt\/mcgmitt-rassel-baby-ball-sensorik-spielzeug-fuer-babys-3-6-9-12-monate-zu-greifen-und-zu-zahnen-weiche-beissring-bpa-frei-silikon-greifball-fuer-sensorische-entwicklung\/","og_locale":"de_DE","og_type":"article","og_title":"MCGMITT Greifball f\u00fcr Babys und Kleinkinder zum Greifen und Kauen, BPA-frei Silikon Bei\u00dfring Ball Baby Greifspielzeug\u2026 - Markt-XXL","og_description":"Markt-XXL MCGMITT Greifball f\u00fcr Babys und Kleinkinder zum Greifen und Kauen, BPA-frei Silikon Bei\u00dfring Ball Baby Greifspielzeug\u2026","og_url":"https:\/\/marktxxl.de\/markt\/produkt\/mcgmitt-rassel-baby-ball-sensorik-spielzeug-fuer-babys-3-6-9-12-monate-zu-greifen-und-zu-zahnen-weiche-beissring-bpa-frei-silikon-greifball-fuer-sensorische-entwicklung\/","og_site_name":"Markt-XXL","article_modified_time":"2023-04-09T02:06:41+00:00","og_image":[{"width":500,"height":500,"url":"https:\/\/m.media-amazon.com\/images\/I\/414SiO3qTbL._SL500_.jpg","type":"image\/jpeg"}],"twitter_card":"summary_large_image","twitter_misc":{"Gesch\u00e4tzte Lesezeit":"1\u00a0Minute"},"schema":{"@context":"https:\/\/schema.org","@graph":[{"@type":"WebPage","@id":"https:\/\/marktxxl.de\/markt\/produkt\/mcgmitt-rassel-baby-ball-sensorik-spielzeug-fuer-babys-3-6-9-12-monate-zu-greifen-und-zu-zahnen-weiche-beissring-bpa-frei-silikon-greifball-fuer-sensorische-entwicklung\/","url":"https:\/\/marktxxl.de\/markt\/produkt\/mcgmitt-rassel-baby-ball-sensorik-spielzeug-fuer-babys-3-6-9-12-monate-zu-greifen-und-zu-zahnen-weiche-beissring-bpa-frei-silikon-greifball-fuer-sensorische-entwicklung\/","name":"MCGMITT Greifball f\u00fcr Babys und Kleinkinder zum Greifen und Kauen, BPA-frei Silikon Bei\u00dfring Ball Baby Greifspielzeug\u2026 - Markt-XXL","isPartOf":{"@id":"https:\/\/marktxxl.de\/markt\/#website"},"primaryImageOfPage":{"@id":"https:\/\/marktxxl.de\/markt\/produkt\/mcgmitt-rassel-baby-ball-sensorik-spielzeug-fuer-babys-3-6-9-12-monate-zu-greifen-und-zu-zahnen-weiche-beissring-bpa-frei-silikon-greifball-fuer-sensorische-entwicklung\/#primaryimage"},"image":{"@id":"https:\/\/marktxxl.de\/markt\/produkt\/mcgmitt-rassel-baby-ball-sensorik-spielzeug-fuer-babys-3-6-9-12-monate-zu-greifen-und-zu-zahnen-weiche-beissring-bpa-frei-silikon-greifball-fuer-sensorische-entwicklung\/#primaryimage"},"thumbnailUrl":"https:\/\/m.media-amazon.com\/images\/I\/414SiO3qTbL._SL500_.jpg","datePublished":"2022-09-11T20:46:53+00:00","dateModified":"2023-04-09T02:06:41+00:00","description":"Markt-XXL MCGMITT Greifball f\u00fcr Babys und Kleinkinder zum Greifen und Kauen, BPA-frei Silikon Bei\u00dfring Ball Baby Greifspielzeug\u2026","breadcrumb":{"@id":"https:\/\/marktxxl.de\/markt\/produkt\/mcgmitt-rassel-baby-ball-sensorik-spielzeug-fuer-babys-3-6-9-12-monate-zu-greifen-und-zu-zahnen-weiche-beissring-bpa-frei-silikon-greifball-fuer-sensorische-entwicklung\/#breadcrumb"},"inLanguage":"de","potentialAction":[{"@type":"ReadAction","target":["https:\/\/marktxxl.de\/markt\/produkt\/mcgmitt-rassel-baby-ball-sensorik-spielzeug-fuer-babys-3-6-9-12-monate-zu-greifen-und-zu-zahnen-weiche-beissring-bpa-frei-silikon-greifball-fuer-sensorische-entwicklung\/"]}]},{"@type":"ImageObject","inLanguage":"de","@id":"https:\/\/marktxxl.de\/markt\/produkt\/mcgmitt-rassel-baby-ball-sensorik-spielzeug-fuer-babys-3-6-9-12-monate-zu-greifen-und-zu-zahnen-weiche-beissring-bpa-frei-silikon-greifball-fuer-sensorische-entwicklung\/#primaryimage","url":"https:\/\/m.media-amazon.com\/images\/I\/414SiO3qTbL._SL500_.jpg","contentUrl":"https:\/\/m.media-amazon.com\/images\/I\/414SiO3qTbL._SL500_.jpg","width":500,"height":500},{"@type":"BreadcrumbList","@id":"https:\/\/marktxxl.de\/markt\/produkt\/mcgmitt-rassel-baby-ball-sensorik-spielzeug-fuer-babys-3-6-9-12-monate-zu-greifen-und-zu-zahnen-weiche-beissring-bpa-frei-silikon-greifball-fuer-sensorische-entwicklung\/#breadcrumb","itemListElement":[{"@type":"ListItem","position":1,"name":"Startseite","item":"https:\/\/marktxxl.de\/markt\/"},{"@type":"ListItem","position":2,"name":"Markt","item":"https:\/\/marktxxl.de\/markt\/"},{"@type":"ListItem","position":3,"name":"MCGMITT Greifball f\u00fcr Babys und Kleinkinder zum Greifen und Kauen, BPA-frei Silikon Bei\u00dfring Ball Baby Greifspielzeug\u2026"}]},{"@type":"WebSite","@id":"https:\/\/marktxxl.de\/markt\/#website","url":"https:\/\/marktxxl.de\/markt\/","name":"Markt-XXL","description":"Ihr Markt Online","publisher":{"@id":"https:\/\/marktxxl.de\/markt\/#organization"},"potentialAction":[{"@type":"SearchAction","target":{"@type":"EntryPoint","urlTemplate":"https:\/\/marktxxl.de\/markt\/?s={search_term_string}"},"query-input":{"@type":"PropertyValueSpecification","valueRequired":true,"valueName":"search_term_string"}}],"inLanguage":"de"},{"@type":"Organization","@id":"https:\/\/marktxxl.de\/markt\/#organization","name":"Markt-XXL","url":"https:\/\/marktxxl.de\/markt\/","logo":{"@type":"ImageObject","inLanguage":"de","@id":"https:\/\/marktxxl.de\/markt\/#\/schema\/logo\/image\/","url":"https:\/\/marktxxl.de\/markt\/wp-content\/uploads\/sites\/3\/2020\/12\/logo.png","contentUrl":"https:\/\/marktxxl.de\/markt\/wp-content\/uploads\/sites\/3\/2020\/12\/logo.png","width":200,"height":70,"caption":"Markt-XXL"},"image":{"@id":"https:\/\/marktxxl.de\/markt\/#\/schema\/logo\/image\/"}}]}},"_links":{"self":[{"href":"https:\/\/marktxxl.de\/markt\/wp-json\/wp\/v2\/product\/147425","targetHints":{"allow":["GET"]}}],"collection":[{"href":"https:\/\/marktxxl.de\/markt\/wp-json\/wp\/v2\/product"}],"about":[{"href":"https:\/\/marktxxl.de\/markt\/wp-json\/wp\/v2\/types\/product"}],"replies":[{"embeddable":true,"href":"https:\/\/marktxxl.de\/markt\/wp-json\/wp\/v2\/comments?post=147425"}],"wp:featuredmedia":[{"embeddable":true,"href":"https:\/\/marktxxl.de\/markt\/wp-json\/wp\/v2\/media\/147426"}],"wp:attachment":[{"href":"https:\/\/marktxxl.de\/markt\/wp-json\/wp\/v2\/media?parent=147425"}],"wp:term":[{"taxonomy":"product_brand","embeddable":true,"href":"https:\/\/marktxxl.de\/markt\/wp-json\/wp\/v2\/product_brand?post=147425"},{"taxonomy":"product_cat","embeddable":true,"href":"https:\/\/marktxxl.de\/markt\/wp-json\/wp\/v2\/product_cat?post=147425"},{"taxonomy":"product_tag","embeddable":true,"href":"https:\/\/marktxxl.de\/markt\/wp-json\/wp\/v2\/product_tag?post=147425"}],"curies":[{"name":"wp","href":"https:\/\/api.w.org\/{rel}","templated":true}]}}