{"id":147171,"date":"2022-09-11T21:17:00","date_gmt":"2022-09-11T19:17:00","guid":{"rendered":"https:\/\/marktxxl.de\/markt\/produkt\/copper-pearl-baby-bandana-geifer-laetzchen-fuer-sabbern-und-zahnen-4-satz-geschenk-set-enchanted\/"},"modified":"2023-04-11T04:25:24","modified_gmt":"2023-04-11T02:25:24","slug":"copper-pearl-baby-bandana-geifer-laetzchen-fuer-sabbern-und-zahnen-4-satz-geschenk-set-enchanted","status":"publish","type":"product","link":"https:\/\/marktxxl.de\/markt\/produkt\/copper-pearl-baby-bandana-geifer-laetzchen-fuer-sabbern-und-zahnen-4-satz-geschenk-set-enchanted\/","title":{"rendered":"Copper Pearl Baby-Bandana Geifer L\u00e4tzchen F\u00fcr Sabbern und Zahnen 4 Satz-Geschenk-Set Enchanted"},"content":{"rendered":"<p>Saugwatte DROOL BIB &#8211; Diese stilvollen Geifer L\u00e4tzchen sind aus 100% absorbierender Baumwolle auf der Vorderseite und 100% Polyester-Vlies auf der R\u00fcckseite hergestellt. Die Vorderseite des Baby Latz ist ein stilvolles Gewirk und die R\u00fcckseite ist ein super weiches Fleece, die Ihr Baby v\u00f6llig trocken, auch mit dem drooliest von Babys halten. Gro\u00df f\u00fcr zahnende Babys!<br \/>\nADJUSTABLE NICKEL-FREE MOSCHETTONI &#8211; Jedes Baby Bandana L\u00e4tzchen kommt mit 2 nickelfreie Druckkn\u00f6pfe, die jeweils bib erlauben in der Gr\u00f6\u00dfe verstellbar zu sein Neugeborenen und Kleinkindern zu passen, mit einem Alter von 3 bis 24 Monaten. Die Schnappsch\u00fcsse sind sicher, dass es schwierig f\u00fcr S\u00e4uglinge und Kleinkinder machen zu l\u00f6sen, sind aber einfach f\u00fcr die Eltern ein und aus zu rei\u00dfen.<br \/>\nModerne und stilvolle BABY Mode-Accessoire &#8211; Unsere Bandana L\u00e4tzchen zeichnen sich durch unsere eigene individuelle und einzigartige Designs, die trendy und fashion-forward sind. Sie sind vielseitig und sind der perfekte Abschluss f\u00fcr jedes Outfit.<br \/>\nUNIQUE Baby Geschenkset &#8211; Unser 4-Pack von Babyl\u00e4tzchen macht das beste Geschenk f\u00fcr neue Eltern, neue Gro\u00dfeltern, Baby-Duschen, oder f\u00fcr jede Ausrede eines Baby toll aussehen zu lassen.<br \/>\nGeld zur\u00fcck Garantie &#8211; Bei Copper Pearl, entwerfen wir trendy und modische Kleidung Accessoires f\u00fcr Babys, die von h\u00f6chster Qualit\u00e4t sind. Diese Bandana L\u00e4tzchen sind dauerhaft und langlebig auch bei Babys, die sabbern nie aufh\u00f6ren. Deshalb ist unser Produkt mit einer 100% Geld-zur\u00fcck-Garantie gesichert ist. Wenn Sie mit diesem Produkt nicht zufrieden in irgendeiner Art und Weise sind, werden wir Ihr Geld ohne Fragen zur\u00fcck. So geben sie einen Schuss und f\u00fcgen Sie es heute in den Warenkorb!<br \/>\n<div class=\"main-cross-sell\" data-asin=\"B07PRZXS3P\">\n\n\t<div class=\"WooZone-cross-sell-loader\">\n\t\t<div>\n\t\t\t<div id=\"floatingBarsG\">\n\t\t\t\t<div class=\"blockG\" id=\"rotateG_01\"><\/div>\n\t\t\t\t<div class=\"blockG\" id=\"rotateG_02\"><\/div>\n\t\t\t\t<div class=\"blockG\" id=\"rotateG_03\"><\/div>\n\t\t\t\t<div class=\"blockG\" id=\"rotateG_04\"><\/div>\n\t\t\t\t<div class=\"blockG\" id=\"rotateG_05\"><\/div>\n\t\t\t\t<div class=\"blockG\" id=\"rotateG_06\"><\/div>\n\t\t\t\t<div class=\"blockG\" id=\"rotateG_07\"><\/div>\n\t\t\t\t<div class=\"blockG\" id=\"rotateG_08\"><\/div>\n\t\t\t<\/div>\n\t\t\t<div class=\"WooZone-cross-sell-loader-text\"><\/div>\n\t\t<\/div>\n\t<\/div>\n\n\t\t\n<\/div>\n<div style=\"clear:both;\"><\/div><\/p>\n","protected":false},"excerpt":{"rendered":"<p>Saugwatte DROOL BIB &#8211; Diese stilvollen Geifer L\u00e4tzchen sind aus 100% absorbierender Baumwolle auf der Vorderseite und 100% Polyester-Vlies auf der R\u00fcckseite hergestellt. Die Vorderseite des Baby Latz ist ein stilvolles Gewirk und die R\u00fcckseite ist ein super weiches Fleece, die Ihr Baby v\u00f6llig trocken, auch mit dem drooliest von Babys halten. Gro\u00df f\u00fcr zahnende Babys!<br \/>\nADJUSTABLE NICKEL-FREE MOSCHETTONI &#8211; Jedes Baby Bandana L\u00e4tzchen kommt mit 2 nickelfreie Druckkn\u00f6pfe, die jeweils bib erlauben in der Gr\u00f6\u00dfe verstellbar zu sein Neugeborenen und Kleinkindern zu passen, mit einem Alter von 3 bis 24 Monaten. Die Schnappsch\u00fcsse sind sicher, dass es schwierig f\u00fcr S\u00e4uglinge und Kleinkinder machen zu l\u00f6sen, sind aber einfach f\u00fcr die Eltern ein und aus zu rei\u00dfen.<br \/>\nModerne und stilvolle BABY Mode-Accessoire &#8211; Unsere Bandana L\u00e4tzchen zeichnen sich durch unsere eigene individuelle und einzigartige Designs, die trendy und fashion-forward sind. Sie sind vielseitig und sind der perfekte Abschluss f\u00fcr jedes Outfit.<\/p>\n","protected":false},"featured_media":147172,"comment_status":"open","ping_status":"closed","template":"","meta":[],"product_brand":[],"product_cat":[21,9216],"product_tag":[],"class_list":{"0":"post-147171","1":"product","2":"type-product","3":"status-publish","4":"has-post-thumbnail","6":"product_cat-baby","7":"product_cat-ernaehrung-stillen-baby","8":"pa_binding-babyartikel","9":"pa_brand-copper-pearl","10":"pa_brand-thames-hudson","11":"pa_height-10-zoll","12":"pa_length-12-zoll","13":"pa_manufacturer-copper-pearl","14":"pa_model-x0023av1xv","15":"pa_size-einheitsgroesse","16":"pa_weight-0-0440924524-pfund","17":"pa_width-0-2-zoll","19":"first","20":"instock","21":"shipping-taxable","22":"purchasable","23":"product-type-simple","24":"customify-col","25":"product-has-gallery"},"yoast_head":"<!-- This site is optimized with the Yoast SEO plugin v27.3 - https:\/\/yoast.com\/product\/yoast-seo-wordpress\/ -->\n<title>Copper Pearl Baby-Bandana Geifer L\u00e4tzchen F\u00fcr Sabbern und Zahnen 4 Satz-Geschenk-Set Enchanted - Markt-XXL<\/title>\n<meta name=\"description\" content=\"Markt-XXL Copper Pearl Baby-Bandana Geifer L\u00e4tzchen F\u00fcr Sabbern und Zahnen 4 Satz-Geschenk-Set Enchanted\" \/>\n<meta name=\"robots\" content=\"index, follow, max-snippet:-1, max-image-preview:large, max-video-preview:-1\" \/>\n<link rel=\"canonical\" href=\"https:\/\/marktxxl.de\/markt\/produkt\/copper-pearl-baby-bandana-geifer-laetzchen-fuer-sabbern-und-zahnen-4-satz-geschenk-set-enchanted\/\" \/>\n<meta property=\"og:locale\" content=\"de_DE\" \/>\n<meta property=\"og:type\" content=\"article\" \/>\n<meta property=\"og:title\" content=\"Copper Pearl Baby-Bandana Geifer L\u00e4tzchen F\u00fcr Sabbern und Zahnen 4 Satz-Geschenk-Set Enchanted - Markt-XXL\" \/>\n<meta property=\"og:description\" content=\"Markt-XXL Copper Pearl Baby-Bandana Geifer L\u00e4tzchen F\u00fcr Sabbern und Zahnen 4 Satz-Geschenk-Set Enchanted\" \/>\n<meta property=\"og:url\" content=\"https:\/\/marktxxl.de\/markt\/produkt\/copper-pearl-baby-bandana-geifer-laetzchen-fuer-sabbern-und-zahnen-4-satz-geschenk-set-enchanted\/\" \/>\n<meta property=\"og:site_name\" content=\"Markt-XXL\" \/>\n<meta property=\"article:modified_time\" content=\"2023-04-11T02:25:24+00:00\" \/>\n<meta property=\"og:image\" content=\"https:\/\/m.media-amazon.com\/images\/I\/41nWAZWOQ6L._SL500_.jpg\" \/>\n\t<meta property=\"og:image:width\" content=\"500\" \/>\n\t<meta property=\"og:image:height\" content=\"500\" \/>\n\t<meta property=\"og:image:type\" content=\"image\/jpeg\" \/>\n<meta name=\"twitter:card\" content=\"summary_large_image\" \/>\n<meta name=\"twitter:label1\" content=\"Gesch\u00e4tzte Lesezeit\" \/>\n\t<meta name=\"twitter:data1\" content=\"1\u00a0Minute\" \/>\n<script type=\"application\/ld+json\" class=\"yoast-schema-graph\">{\"@context\":\"https:\\\/\\\/schema.org\",\"@graph\":[{\"@type\":\"WebPage\",\"@id\":\"https:\\\/\\\/marktxxl.de\\\/markt\\\/produkt\\\/copper-pearl-baby-bandana-geifer-laetzchen-fuer-sabbern-und-zahnen-4-satz-geschenk-set-enchanted\\\/\",\"url\":\"https:\\\/\\\/marktxxl.de\\\/markt\\\/produkt\\\/copper-pearl-baby-bandana-geifer-laetzchen-fuer-sabbern-und-zahnen-4-satz-geschenk-set-enchanted\\\/\",\"name\":\"Copper Pearl Baby-Bandana Geifer L\u00e4tzchen F\u00fcr Sabbern und Zahnen 4 Satz-Geschenk-Set Enchanted - Markt-XXL\",\"isPartOf\":{\"@id\":\"https:\\\/\\\/marktxxl.de\\\/markt\\\/#website\"},\"primaryImageOfPage\":{\"@id\":\"https:\\\/\\\/marktxxl.de\\\/markt\\\/produkt\\\/copper-pearl-baby-bandana-geifer-laetzchen-fuer-sabbern-und-zahnen-4-satz-geschenk-set-enchanted\\\/#primaryimage\"},\"image\":{\"@id\":\"https:\\\/\\\/marktxxl.de\\\/markt\\\/produkt\\\/copper-pearl-baby-bandana-geifer-laetzchen-fuer-sabbern-und-zahnen-4-satz-geschenk-set-enchanted\\\/#primaryimage\"},\"thumbnailUrl\":\"https:\\\/\\\/m.media-amazon.com\\\/images\\\/I\\\/41nWAZWOQ6L._SL500_.jpg\",\"datePublished\":\"2022-09-11T19:17:00+00:00\",\"dateModified\":\"2023-04-11T02:25:24+00:00\",\"description\":\"Markt-XXL Copper Pearl Baby-Bandana Geifer L\u00e4tzchen F\u00fcr Sabbern und Zahnen 4 Satz-Geschenk-Set Enchanted\",\"breadcrumb\":{\"@id\":\"https:\\\/\\\/marktxxl.de\\\/markt\\\/produkt\\\/copper-pearl-baby-bandana-geifer-laetzchen-fuer-sabbern-und-zahnen-4-satz-geschenk-set-enchanted\\\/#breadcrumb\"},\"inLanguage\":\"de\",\"potentialAction\":[{\"@type\":\"ReadAction\",\"target\":[\"https:\\\/\\\/marktxxl.de\\\/markt\\\/produkt\\\/copper-pearl-baby-bandana-geifer-laetzchen-fuer-sabbern-und-zahnen-4-satz-geschenk-set-enchanted\\\/\"]}]},{\"@type\":\"ImageObject\",\"inLanguage\":\"de\",\"@id\":\"https:\\\/\\\/marktxxl.de\\\/markt\\\/produkt\\\/copper-pearl-baby-bandana-geifer-laetzchen-fuer-sabbern-und-zahnen-4-satz-geschenk-set-enchanted\\\/#primaryimage\",\"url\":\"https:\\\/\\\/m.media-amazon.com\\\/images\\\/I\\\/41nWAZWOQ6L._SL500_.jpg\",\"contentUrl\":\"https:\\\/\\\/m.media-amazon.com\\\/images\\\/I\\\/41nWAZWOQ6L._SL500_.jpg\",\"width\":500,\"height\":500},{\"@type\":\"BreadcrumbList\",\"@id\":\"https:\\\/\\\/marktxxl.de\\\/markt\\\/produkt\\\/copper-pearl-baby-bandana-geifer-laetzchen-fuer-sabbern-und-zahnen-4-satz-geschenk-set-enchanted\\\/#breadcrumb\",\"itemListElement\":[{\"@type\":\"ListItem\",\"position\":1,\"name\":\"Startseite\",\"item\":\"https:\\\/\\\/marktxxl.de\\\/markt\\\/\"},{\"@type\":\"ListItem\",\"position\":2,\"name\":\"Markt\",\"item\":\"https:\\\/\\\/marktxxl.de\\\/markt\\\/\"},{\"@type\":\"ListItem\",\"position\":3,\"name\":\"Copper Pearl Baby-Bandana Geifer L\u00e4tzchen F\u00fcr Sabbern und Zahnen 4 Satz-Geschenk-Set Enchanted\"}]},{\"@type\":\"WebSite\",\"@id\":\"https:\\\/\\\/marktxxl.de\\\/markt\\\/#website\",\"url\":\"https:\\\/\\\/marktxxl.de\\\/markt\\\/\",\"name\":\"Markt-XXL\",\"description\":\"Ihr Markt Online\",\"publisher\":{\"@id\":\"https:\\\/\\\/marktxxl.de\\\/markt\\\/#organization\"},\"potentialAction\":[{\"@type\":\"SearchAction\",\"target\":{\"@type\":\"EntryPoint\",\"urlTemplate\":\"https:\\\/\\\/marktxxl.de\\\/markt\\\/?s={search_term_string}\"},\"query-input\":{\"@type\":\"PropertyValueSpecification\",\"valueRequired\":true,\"valueName\":\"search_term_string\"}}],\"inLanguage\":\"de\"},{\"@type\":\"Organization\",\"@id\":\"https:\\\/\\\/marktxxl.de\\\/markt\\\/#organization\",\"name\":\"Markt-XXL\",\"url\":\"https:\\\/\\\/marktxxl.de\\\/markt\\\/\",\"logo\":{\"@type\":\"ImageObject\",\"inLanguage\":\"de\",\"@id\":\"https:\\\/\\\/marktxxl.de\\\/markt\\\/#\\\/schema\\\/logo\\\/image\\\/\",\"url\":\"https:\\\/\\\/marktxxl.de\\\/markt\\\/wp-content\\\/uploads\\\/sites\\\/3\\\/2020\\\/12\\\/logo.png\",\"contentUrl\":\"https:\\\/\\\/marktxxl.de\\\/markt\\\/wp-content\\\/uploads\\\/sites\\\/3\\\/2020\\\/12\\\/logo.png\",\"width\":200,\"height\":70,\"caption\":\"Markt-XXL\"},\"image\":{\"@id\":\"https:\\\/\\\/marktxxl.de\\\/markt\\\/#\\\/schema\\\/logo\\\/image\\\/\"}}]}<\/script>\n<!-- \/ Yoast SEO plugin. -->","yoast_head_json":{"title":"Copper Pearl Baby-Bandana Geifer L\u00e4tzchen F\u00fcr Sabbern und Zahnen 4 Satz-Geschenk-Set Enchanted - Markt-XXL","description":"Markt-XXL Copper Pearl Baby-Bandana Geifer L\u00e4tzchen F\u00fcr Sabbern und Zahnen 4 Satz-Geschenk-Set Enchanted","robots":{"index":"index","follow":"follow","max-snippet":"max-snippet:-1","max-image-preview":"max-image-preview:large","max-video-preview":"max-video-preview:-1"},"canonical":"https:\/\/marktxxl.de\/markt\/produkt\/copper-pearl-baby-bandana-geifer-laetzchen-fuer-sabbern-und-zahnen-4-satz-geschenk-set-enchanted\/","og_locale":"de_DE","og_type":"article","og_title":"Copper Pearl Baby-Bandana Geifer L\u00e4tzchen F\u00fcr Sabbern und Zahnen 4 Satz-Geschenk-Set Enchanted - Markt-XXL","og_description":"Markt-XXL Copper Pearl Baby-Bandana Geifer L\u00e4tzchen F\u00fcr Sabbern und Zahnen 4 Satz-Geschenk-Set Enchanted","og_url":"https:\/\/marktxxl.de\/markt\/produkt\/copper-pearl-baby-bandana-geifer-laetzchen-fuer-sabbern-und-zahnen-4-satz-geschenk-set-enchanted\/","og_site_name":"Markt-XXL","article_modified_time":"2023-04-11T02:25:24+00:00","og_image":[{"width":500,"height":500,"url":"https:\/\/m.media-amazon.com\/images\/I\/41nWAZWOQ6L._SL500_.jpg","type":"image\/jpeg"}],"twitter_card":"summary_large_image","twitter_misc":{"Gesch\u00e4tzte Lesezeit":"1\u00a0Minute"},"schema":{"@context":"https:\/\/schema.org","@graph":[{"@type":"WebPage","@id":"https:\/\/marktxxl.de\/markt\/produkt\/copper-pearl-baby-bandana-geifer-laetzchen-fuer-sabbern-und-zahnen-4-satz-geschenk-set-enchanted\/","url":"https:\/\/marktxxl.de\/markt\/produkt\/copper-pearl-baby-bandana-geifer-laetzchen-fuer-sabbern-und-zahnen-4-satz-geschenk-set-enchanted\/","name":"Copper Pearl Baby-Bandana Geifer L\u00e4tzchen F\u00fcr Sabbern und Zahnen 4 Satz-Geschenk-Set Enchanted - Markt-XXL","isPartOf":{"@id":"https:\/\/marktxxl.de\/markt\/#website"},"primaryImageOfPage":{"@id":"https:\/\/marktxxl.de\/markt\/produkt\/copper-pearl-baby-bandana-geifer-laetzchen-fuer-sabbern-und-zahnen-4-satz-geschenk-set-enchanted\/#primaryimage"},"image":{"@id":"https:\/\/marktxxl.de\/markt\/produkt\/copper-pearl-baby-bandana-geifer-laetzchen-fuer-sabbern-und-zahnen-4-satz-geschenk-set-enchanted\/#primaryimage"},"thumbnailUrl":"https:\/\/m.media-amazon.com\/images\/I\/41nWAZWOQ6L._SL500_.jpg","datePublished":"2022-09-11T19:17:00+00:00","dateModified":"2023-04-11T02:25:24+00:00","description":"Markt-XXL Copper Pearl Baby-Bandana Geifer L\u00e4tzchen F\u00fcr Sabbern und Zahnen 4 Satz-Geschenk-Set Enchanted","breadcrumb":{"@id":"https:\/\/marktxxl.de\/markt\/produkt\/copper-pearl-baby-bandana-geifer-laetzchen-fuer-sabbern-und-zahnen-4-satz-geschenk-set-enchanted\/#breadcrumb"},"inLanguage":"de","potentialAction":[{"@type":"ReadAction","target":["https:\/\/marktxxl.de\/markt\/produkt\/copper-pearl-baby-bandana-geifer-laetzchen-fuer-sabbern-und-zahnen-4-satz-geschenk-set-enchanted\/"]}]},{"@type":"ImageObject","inLanguage":"de","@id":"https:\/\/marktxxl.de\/markt\/produkt\/copper-pearl-baby-bandana-geifer-laetzchen-fuer-sabbern-und-zahnen-4-satz-geschenk-set-enchanted\/#primaryimage","url":"https:\/\/m.media-amazon.com\/images\/I\/41nWAZWOQ6L._SL500_.jpg","contentUrl":"https:\/\/m.media-amazon.com\/images\/I\/41nWAZWOQ6L._SL500_.jpg","width":500,"height":500},{"@type":"BreadcrumbList","@id":"https:\/\/marktxxl.de\/markt\/produkt\/copper-pearl-baby-bandana-geifer-laetzchen-fuer-sabbern-und-zahnen-4-satz-geschenk-set-enchanted\/#breadcrumb","itemListElement":[{"@type":"ListItem","position":1,"name":"Startseite","item":"https:\/\/marktxxl.de\/markt\/"},{"@type":"ListItem","position":2,"name":"Markt","item":"https:\/\/marktxxl.de\/markt\/"},{"@type":"ListItem","position":3,"name":"Copper Pearl Baby-Bandana Geifer L\u00e4tzchen F\u00fcr Sabbern und Zahnen 4 Satz-Geschenk-Set Enchanted"}]},{"@type":"WebSite","@id":"https:\/\/marktxxl.de\/markt\/#website","url":"https:\/\/marktxxl.de\/markt\/","name":"Markt-XXL","description":"Ihr Markt Online","publisher":{"@id":"https:\/\/marktxxl.de\/markt\/#organization"},"potentialAction":[{"@type":"SearchAction","target":{"@type":"EntryPoint","urlTemplate":"https:\/\/marktxxl.de\/markt\/?s={search_term_string}"},"query-input":{"@type":"PropertyValueSpecification","valueRequired":true,"valueName":"search_term_string"}}],"inLanguage":"de"},{"@type":"Organization","@id":"https:\/\/marktxxl.de\/markt\/#organization","name":"Markt-XXL","url":"https:\/\/marktxxl.de\/markt\/","logo":{"@type":"ImageObject","inLanguage":"de","@id":"https:\/\/marktxxl.de\/markt\/#\/schema\/logo\/image\/","url":"https:\/\/marktxxl.de\/markt\/wp-content\/uploads\/sites\/3\/2020\/12\/logo.png","contentUrl":"https:\/\/marktxxl.de\/markt\/wp-content\/uploads\/sites\/3\/2020\/12\/logo.png","width":200,"height":70,"caption":"Markt-XXL"},"image":{"@id":"https:\/\/marktxxl.de\/markt\/#\/schema\/logo\/image\/"}}]}},"_links":{"self":[{"href":"https:\/\/marktxxl.de\/markt\/wp-json\/wp\/v2\/product\/147171","targetHints":{"allow":["GET"]}}],"collection":[{"href":"https:\/\/marktxxl.de\/markt\/wp-json\/wp\/v2\/product"}],"about":[{"href":"https:\/\/marktxxl.de\/markt\/wp-json\/wp\/v2\/types\/product"}],"replies":[{"embeddable":true,"href":"https:\/\/marktxxl.de\/markt\/wp-json\/wp\/v2\/comments?post=147171"}],"wp:featuredmedia":[{"embeddable":true,"href":"https:\/\/marktxxl.de\/markt\/wp-json\/wp\/v2\/media\/147172"}],"wp:attachment":[{"href":"https:\/\/marktxxl.de\/markt\/wp-json\/wp\/v2\/media?parent=147171"}],"wp:term":[{"taxonomy":"product_brand","embeddable":true,"href":"https:\/\/marktxxl.de\/markt\/wp-json\/wp\/v2\/product_brand?post=147171"},{"taxonomy":"product_cat","embeddable":true,"href":"https:\/\/marktxxl.de\/markt\/wp-json\/wp\/v2\/product_cat?post=147171"},{"taxonomy":"product_tag","embeddable":true,"href":"https:\/\/marktxxl.de\/markt\/wp-json\/wp\/v2\/product_tag?post=147171"}],"curies":[{"name":"wp","href":"https:\/\/api.w.org\/{rel}","templated":true}]}}