{"id":147092,"date":"2022-09-11T21:10:19","date_gmt":"2022-09-11T19:10:19","guid":{"rendered":"https:\/\/marktxxl.de\/markt\/produkt\/uanlauo-baby-krabbeldecke-yogamatte-grosse-baby-aktivitaet-spielen-matte-rutschfest-wasserdicht-doppelseitig-spieldecke-baby-180-200-1-cm\/"},"modified":"2023-04-11T04:25:23","modified_gmt":"2023-04-11T02:25:23","slug":"uanlauo-baby-krabbeldecke-yogamatte-grosse-baby-aktivitaet-spielen-matte-rutschfest-wasserdicht-doppelseitig-spieldecke-baby-180-200-1-cm","status":"publish","type":"product","link":"https:\/\/marktxxl.de\/markt\/produkt\/uanlauo-baby-krabbeldecke-yogamatte-grosse-baby-aktivitaet-spielen-matte-rutschfest-wasserdicht-doppelseitig-spieldecke-baby-180-200-1-cm\/","title":{"rendered":"Uanlauo Baby krabbeldecke Yogamatte Gro\u00dfe Baby Aktivit\u00e4t Spielen Matte rutschfest Wasserdicht Doppelseitig Spieldecke\u2026"},"content":{"rendered":"<p>\u3010Bequemere Verwendung\u3011 Die Dicke und Gr\u00f6\u00dfe der Spielmatte von Uanlauo hat im Vergleich zu den auf dem Markt erh\u00e4ltlichen normalen Baby-Spielmatten (180 * 200 * 1cm) erreicht. Vermeiden Sie Verletzungen nach einem Sturz.) \uff1b Zwei verschiedene Comic-Muster verleihen dem Baby mehr Frische und helfen, seine Neugier zu bewahren.<br \/>\n\u3010Sicherere Anwendung\u3011 Uanlauo legt gro\u00dfen Wert auf die Gesundheit und Sicherheit von S\u00e4uglingen und Kleinkindern. Wir verwenden ein erhabenes Muster mit Anti-Rutsch-Design, um die Reibungsfestigkeit des Hautkontakts zu erh\u00f6hen, sodass es nicht leicht zu rutschen ist. 100% BPA-freies Material, eine geruchlose Schicht aus PE-Folie erm\u00f6glicht den Kontakt der \u00f6lbasierten Tintenmuster 0 mit dem Baby f\u00fcr maximalen Schutz der Gesundheit Ihrer Kinder.<br \/>\n\u3010Bequemer zu bedienen\u3011 Im Gegensatz zu den meisten Splei\u00dfmatten auf dem Markt ist Uanlauo eine extra gro\u00dfe und faltbare Matte. Sie m\u00fcssen nicht zusammenbauen, sondern k\u00f6nnen es in einer Sekunde \u00f6ffnen. Es nimmt nur wenig Platz f\u00fcr die Lagerung ein, die Oberfl\u00e4che ist wasserdicht und schmutzabweisend, Milchflecken, \u00d6lflecken und Urin sickern nicht ein und der Schmutz wird abgewischt, wodurch das Wachstum von Bakterien wirksam reduziert und eine saubere Umgebung aufrechterhalten wird.<br \/>\n\u3010Vielseitiger einsetzbar\u3011 Die Uanlauo-Spielmatte wird aufgrund des hei\u00dfen Wetters weder hei\u00df noch aufgrund des kalten Wetters kalt. Es eignet sich zu jeder Jahreszeit zum Krabbeln von Babys. Wenn Sie ein Picknick machen oder sich im Garten ausruhen m\u00f6chten, kann es als wasserdichte und weiche Matte verwendet werden.<br \/>\n\u3010Sichererer Kauf\u3011 Uanlauo befolgt strikt die After-Sales-Richtlinien von Amazon und bietet umfassende After-Sales-Services. Eine vollst\u00e4ndige R\u00fcckerstattung ist akzeptabel, wenn Sie mit der Uanlauo-Babyspielmatte nicht zufrieden sind. Wenn Sie auf Probleme sto\u00dfen, k\u00f6nnen Sie sich gerne an uns wenden. Wir werden Ihnen innerhalb von 12 Stunden antworten und alle Probleme l\u00f6sen.<br \/>\n<div class=\"main-cross-sell\" data-asin=\"B0936H6TDG\">\n\n\t<div class=\"WooZone-cross-sell-loader\">\n\t\t<div>\n\t\t\t<div id=\"floatingBarsG\">\n\t\t\t\t<div class=\"blockG\" id=\"rotateG_01\"><\/div>\n\t\t\t\t<div class=\"blockG\" id=\"rotateG_02\"><\/div>\n\t\t\t\t<div class=\"blockG\" id=\"rotateG_03\"><\/div>\n\t\t\t\t<div class=\"blockG\" id=\"rotateG_04\"><\/div>\n\t\t\t\t<div class=\"blockG\" id=\"rotateG_05\"><\/div>\n\t\t\t\t<div class=\"blockG\" id=\"rotateG_06\"><\/div>\n\t\t\t\t<div class=\"blockG\" id=\"rotateG_07\"><\/div>\n\t\t\t\t<div class=\"blockG\" id=\"rotateG_08\"><\/div>\n\t\t\t<\/div>\n\t\t\t<div class=\"WooZone-cross-sell-loader-text\"><\/div>\n\t\t<\/div>\n\t<\/div>\n\n\t\t\n<\/div>\n<div style=\"clear:both;\"><\/div><\/p>\n","protected":false},"excerpt":{"rendered":"<p>\u3010Bequemere Verwendung\u3011 Die Dicke und Gr\u00f6\u00dfe der Spielmatte von Uanlauo hat im Vergleich zu den auf dem Markt erh\u00e4ltlichen normalen Baby-Spielmatten (180 * 200 * 1cm) erreicht. Vermeiden Sie Verletzungen nach einem Sturz.) \uff1b Zwei verschiedene Comic-Muster verleihen dem Baby mehr Frische und helfen, seine Neugier zu bewahren.<br \/>\n\u3010Sicherere Anwendung\u3011 Uanlauo legt gro\u00dfen Wert auf die Gesundheit und Sicherheit von S\u00e4uglingen und Kleinkindern. Wir verwenden ein erhabenes Muster mit Anti-Rutsch-Design, um die Reibungsfestigkeit des Hautkontakts zu erh\u00f6hen, sodass es nicht leicht zu rutschen ist. 100% BPA-freies Material, eine geruchlose Schicht aus PE-Folie erm\u00f6glicht den Kontakt der \u00f6lbasierten Tintenmuster 0 mit dem Baby f\u00fcr maximalen Schutz der Gesundheit Ihrer Kinder.<br \/>\n\u3010Bequemer zu bedienen\u3011 Im Gegensatz zu den meisten Splei\u00dfmatten auf dem Markt ist Uanlauo eine extra gro\u00dfe und faltbare Matte. Sie m\u00fcssen nicht zusammenbauen, sondern k\u00f6nnen es in einer Sekunde \u00f6ffnen. Es nimmt nur wenig Platz f\u00fcr die Lagerung ein, die Oberfl\u00e4che ist wasserdicht und schmutzabweisend, Milchflecken, \u00d6lflecken und Urin sickern nicht ein und der Schmutz wird abgewischt, wodurch das Wachstum von Bakterien wirksam reduziert und eine saubere Umgebung aufrechterhalten wird.<\/p>\n","protected":false},"featured_media":147093,"comment_status":"open","ping_status":"closed","template":"","meta":[],"product_brand":[],"product_cat":[21,9143],"product_tag":[],"class_list":{"0":"post-147092","1":"product","2":"type-product","3":"status-publish","4":"has-post-thumbnail","6":"product_cat-baby","7":"product_cat-entdecken-bewegen-baby","8":"pa_brand-uanlauo","9":"pa_color-birdthickness-1cm","10":"pa_manufacturer-uanlauo","11":"pa_size-180x200x1-cm-1er-pack","13":"first","14":"instock","15":"shipping-taxable","16":"purchasable","17":"product-type-simple","18":"customify-col","19":"product-has-gallery"},"yoast_head":"<!-- This site is optimized with the Yoast SEO plugin v27.4 - https:\/\/yoast.com\/product\/yoast-seo-wordpress\/ -->\n<title>Uanlauo Baby krabbeldecke Yogamatte Gro\u00dfe Baby Aktivit\u00e4t Spielen Matte rutschfest Wasserdicht Doppelseitig Spieldecke\u2026 - Markt-XXL<\/title>\n<meta name=\"description\" content=\"Markt-XXL Uanlauo Baby krabbeldecke Yogamatte Gro\u00dfe Baby Aktivit\u00e4t Spielen Matte rutschfest Wasserdicht Doppelseitig Spieldecke\u2026\" \/>\n<meta name=\"robots\" content=\"index, follow, max-snippet:-1, max-image-preview:large, max-video-preview:-1\" \/>\n<link rel=\"canonical\" href=\"https:\/\/marktxxl.de\/markt\/produkt\/uanlauo-baby-krabbeldecke-yogamatte-grosse-baby-aktivitaet-spielen-matte-rutschfest-wasserdicht-doppelseitig-spieldecke-baby-180-200-1-cm\/\" \/>\n<meta property=\"og:locale\" content=\"de_DE\" \/>\n<meta property=\"og:type\" content=\"article\" \/>\n<meta property=\"og:title\" content=\"Uanlauo Baby krabbeldecke Yogamatte Gro\u00dfe Baby Aktivit\u00e4t Spielen Matte rutschfest Wasserdicht Doppelseitig Spieldecke\u2026 - Markt-XXL\" \/>\n<meta property=\"og:description\" content=\"Markt-XXL Uanlauo Baby krabbeldecke Yogamatte Gro\u00dfe Baby Aktivit\u00e4t Spielen Matte rutschfest Wasserdicht Doppelseitig Spieldecke\u2026\" \/>\n<meta property=\"og:url\" content=\"https:\/\/marktxxl.de\/markt\/produkt\/uanlauo-baby-krabbeldecke-yogamatte-grosse-baby-aktivitaet-spielen-matte-rutschfest-wasserdicht-doppelseitig-spieldecke-baby-180-200-1-cm\/\" \/>\n<meta property=\"og:site_name\" content=\"Markt-XXL\" \/>\n<meta property=\"article:modified_time\" content=\"2023-04-11T02:25:23+00:00\" \/>\n<meta property=\"og:image\" content=\"https:\/\/m.media-amazon.com\/images\/I\/51X7UM3yK4L._SL500_.jpg\" \/>\n\t<meta property=\"og:image:width\" content=\"500\" \/>\n\t<meta property=\"og:image:height\" content=\"500\" \/>\n\t<meta property=\"og:image:type\" content=\"image\/jpeg\" \/>\n<meta name=\"twitter:card\" content=\"summary_large_image\" \/>\n<meta name=\"twitter:label1\" content=\"Gesch\u00e4tzte Lesezeit\" \/>\n\t<meta name=\"twitter:data1\" content=\"1\u00a0Minute\" \/>\n<script type=\"application\/ld+json\" class=\"yoast-schema-graph\">{\"@context\":\"https:\\\/\\\/schema.org\",\"@graph\":[{\"@type\":\"WebPage\",\"@id\":\"https:\\\/\\\/marktxxl.de\\\/markt\\\/produkt\\\/uanlauo-baby-krabbeldecke-yogamatte-grosse-baby-aktivitaet-spielen-matte-rutschfest-wasserdicht-doppelseitig-spieldecke-baby-180-200-1-cm\\\/\",\"url\":\"https:\\\/\\\/marktxxl.de\\\/markt\\\/produkt\\\/uanlauo-baby-krabbeldecke-yogamatte-grosse-baby-aktivitaet-spielen-matte-rutschfest-wasserdicht-doppelseitig-spieldecke-baby-180-200-1-cm\\\/\",\"name\":\"Uanlauo Baby krabbeldecke Yogamatte Gro\u00dfe Baby Aktivit\u00e4t Spielen Matte rutschfest Wasserdicht Doppelseitig Spieldecke\u2026 - Markt-XXL\",\"isPartOf\":{\"@id\":\"https:\\\/\\\/marktxxl.de\\\/markt\\\/#website\"},\"primaryImageOfPage\":{\"@id\":\"https:\\\/\\\/marktxxl.de\\\/markt\\\/produkt\\\/uanlauo-baby-krabbeldecke-yogamatte-grosse-baby-aktivitaet-spielen-matte-rutschfest-wasserdicht-doppelseitig-spieldecke-baby-180-200-1-cm\\\/#primaryimage\"},\"image\":{\"@id\":\"https:\\\/\\\/marktxxl.de\\\/markt\\\/produkt\\\/uanlauo-baby-krabbeldecke-yogamatte-grosse-baby-aktivitaet-spielen-matte-rutschfest-wasserdicht-doppelseitig-spieldecke-baby-180-200-1-cm\\\/#primaryimage\"},\"thumbnailUrl\":\"https:\\\/\\\/m.media-amazon.com\\\/images\\\/I\\\/51X7UM3yK4L._SL500_.jpg\",\"datePublished\":\"2022-09-11T19:10:19+00:00\",\"dateModified\":\"2023-04-11T02:25:23+00:00\",\"description\":\"Markt-XXL Uanlauo Baby krabbeldecke Yogamatte Gro\u00dfe Baby Aktivit\u00e4t Spielen Matte rutschfest Wasserdicht Doppelseitig Spieldecke\u2026\",\"breadcrumb\":{\"@id\":\"https:\\\/\\\/marktxxl.de\\\/markt\\\/produkt\\\/uanlauo-baby-krabbeldecke-yogamatte-grosse-baby-aktivitaet-spielen-matte-rutschfest-wasserdicht-doppelseitig-spieldecke-baby-180-200-1-cm\\\/#breadcrumb\"},\"inLanguage\":\"de\",\"potentialAction\":[{\"@type\":\"ReadAction\",\"target\":[\"https:\\\/\\\/marktxxl.de\\\/markt\\\/produkt\\\/uanlauo-baby-krabbeldecke-yogamatte-grosse-baby-aktivitaet-spielen-matte-rutschfest-wasserdicht-doppelseitig-spieldecke-baby-180-200-1-cm\\\/\"]}]},{\"@type\":\"ImageObject\",\"inLanguage\":\"de\",\"@id\":\"https:\\\/\\\/marktxxl.de\\\/markt\\\/produkt\\\/uanlauo-baby-krabbeldecke-yogamatte-grosse-baby-aktivitaet-spielen-matte-rutschfest-wasserdicht-doppelseitig-spieldecke-baby-180-200-1-cm\\\/#primaryimage\",\"url\":\"https:\\\/\\\/m.media-amazon.com\\\/images\\\/I\\\/51X7UM3yK4L._SL500_.jpg\",\"contentUrl\":\"https:\\\/\\\/m.media-amazon.com\\\/images\\\/I\\\/51X7UM3yK4L._SL500_.jpg\",\"width\":500,\"height\":500},{\"@type\":\"BreadcrumbList\",\"@id\":\"https:\\\/\\\/marktxxl.de\\\/markt\\\/produkt\\\/uanlauo-baby-krabbeldecke-yogamatte-grosse-baby-aktivitaet-spielen-matte-rutschfest-wasserdicht-doppelseitig-spieldecke-baby-180-200-1-cm\\\/#breadcrumb\",\"itemListElement\":[{\"@type\":\"ListItem\",\"position\":1,\"name\":\"Startseite\",\"item\":\"https:\\\/\\\/marktxxl.de\\\/markt\\\/\"},{\"@type\":\"ListItem\",\"position\":2,\"name\":\"Markt\",\"item\":\"https:\\\/\\\/marktxxl.de\\\/markt\\\/\"},{\"@type\":\"ListItem\",\"position\":3,\"name\":\"Uanlauo Baby krabbeldecke Yogamatte Gro\u00dfe Baby Aktivit\u00e4t Spielen Matte rutschfest Wasserdicht Doppelseitig Spieldecke\u2026\"}]},{\"@type\":\"WebSite\",\"@id\":\"https:\\\/\\\/marktxxl.de\\\/markt\\\/#website\",\"url\":\"https:\\\/\\\/marktxxl.de\\\/markt\\\/\",\"name\":\"Markt-XXL\",\"description\":\"Ihr Markt Online\",\"publisher\":{\"@id\":\"https:\\\/\\\/marktxxl.de\\\/markt\\\/#organization\"},\"potentialAction\":[{\"@type\":\"SearchAction\",\"target\":{\"@type\":\"EntryPoint\",\"urlTemplate\":\"https:\\\/\\\/marktxxl.de\\\/markt\\\/?s={search_term_string}\"},\"query-input\":{\"@type\":\"PropertyValueSpecification\",\"valueRequired\":true,\"valueName\":\"search_term_string\"}}],\"inLanguage\":\"de\"},{\"@type\":\"Organization\",\"@id\":\"https:\\\/\\\/marktxxl.de\\\/markt\\\/#organization\",\"name\":\"Markt-XXL\",\"url\":\"https:\\\/\\\/marktxxl.de\\\/markt\\\/\",\"logo\":{\"@type\":\"ImageObject\",\"inLanguage\":\"de\",\"@id\":\"https:\\\/\\\/marktxxl.de\\\/markt\\\/#\\\/schema\\\/logo\\\/image\\\/\",\"url\":\"https:\\\/\\\/marktxxl.de\\\/markt\\\/wp-content\\\/uploads\\\/sites\\\/3\\\/2020\\\/12\\\/logo.png\",\"contentUrl\":\"https:\\\/\\\/marktxxl.de\\\/markt\\\/wp-content\\\/uploads\\\/sites\\\/3\\\/2020\\\/12\\\/logo.png\",\"width\":200,\"height\":70,\"caption\":\"Markt-XXL\"},\"image\":{\"@id\":\"https:\\\/\\\/marktxxl.de\\\/markt\\\/#\\\/schema\\\/logo\\\/image\\\/\"}}]}<\/script>\n<!-- \/ Yoast SEO plugin. -->","yoast_head_json":{"title":"Uanlauo Baby krabbeldecke Yogamatte Gro\u00dfe Baby Aktivit\u00e4t Spielen Matte rutschfest Wasserdicht Doppelseitig Spieldecke\u2026 - Markt-XXL","description":"Markt-XXL Uanlauo Baby krabbeldecke Yogamatte Gro\u00dfe Baby Aktivit\u00e4t Spielen Matte rutschfest Wasserdicht Doppelseitig Spieldecke\u2026","robots":{"index":"index","follow":"follow","max-snippet":"max-snippet:-1","max-image-preview":"max-image-preview:large","max-video-preview":"max-video-preview:-1"},"canonical":"https:\/\/marktxxl.de\/markt\/produkt\/uanlauo-baby-krabbeldecke-yogamatte-grosse-baby-aktivitaet-spielen-matte-rutschfest-wasserdicht-doppelseitig-spieldecke-baby-180-200-1-cm\/","og_locale":"de_DE","og_type":"article","og_title":"Uanlauo Baby krabbeldecke Yogamatte Gro\u00dfe Baby Aktivit\u00e4t Spielen Matte rutschfest Wasserdicht Doppelseitig Spieldecke\u2026 - Markt-XXL","og_description":"Markt-XXL Uanlauo Baby krabbeldecke Yogamatte Gro\u00dfe Baby Aktivit\u00e4t Spielen Matte rutschfest Wasserdicht Doppelseitig Spieldecke\u2026","og_url":"https:\/\/marktxxl.de\/markt\/produkt\/uanlauo-baby-krabbeldecke-yogamatte-grosse-baby-aktivitaet-spielen-matte-rutschfest-wasserdicht-doppelseitig-spieldecke-baby-180-200-1-cm\/","og_site_name":"Markt-XXL","article_modified_time":"2023-04-11T02:25:23+00:00","og_image":[{"width":500,"height":500,"url":"https:\/\/m.media-amazon.com\/images\/I\/51X7UM3yK4L._SL500_.jpg","type":"image\/jpeg"}],"twitter_card":"summary_large_image","twitter_misc":{"Gesch\u00e4tzte Lesezeit":"1\u00a0Minute"},"schema":{"@context":"https:\/\/schema.org","@graph":[{"@type":"WebPage","@id":"https:\/\/marktxxl.de\/markt\/produkt\/uanlauo-baby-krabbeldecke-yogamatte-grosse-baby-aktivitaet-spielen-matte-rutschfest-wasserdicht-doppelseitig-spieldecke-baby-180-200-1-cm\/","url":"https:\/\/marktxxl.de\/markt\/produkt\/uanlauo-baby-krabbeldecke-yogamatte-grosse-baby-aktivitaet-spielen-matte-rutschfest-wasserdicht-doppelseitig-spieldecke-baby-180-200-1-cm\/","name":"Uanlauo Baby krabbeldecke Yogamatte Gro\u00dfe Baby Aktivit\u00e4t Spielen Matte rutschfest Wasserdicht Doppelseitig Spieldecke\u2026 - Markt-XXL","isPartOf":{"@id":"https:\/\/marktxxl.de\/markt\/#website"},"primaryImageOfPage":{"@id":"https:\/\/marktxxl.de\/markt\/produkt\/uanlauo-baby-krabbeldecke-yogamatte-grosse-baby-aktivitaet-spielen-matte-rutschfest-wasserdicht-doppelseitig-spieldecke-baby-180-200-1-cm\/#primaryimage"},"image":{"@id":"https:\/\/marktxxl.de\/markt\/produkt\/uanlauo-baby-krabbeldecke-yogamatte-grosse-baby-aktivitaet-spielen-matte-rutschfest-wasserdicht-doppelseitig-spieldecke-baby-180-200-1-cm\/#primaryimage"},"thumbnailUrl":"https:\/\/m.media-amazon.com\/images\/I\/51X7UM3yK4L._SL500_.jpg","datePublished":"2022-09-11T19:10:19+00:00","dateModified":"2023-04-11T02:25:23+00:00","description":"Markt-XXL Uanlauo Baby krabbeldecke Yogamatte Gro\u00dfe Baby Aktivit\u00e4t Spielen Matte rutschfest Wasserdicht Doppelseitig Spieldecke\u2026","breadcrumb":{"@id":"https:\/\/marktxxl.de\/markt\/produkt\/uanlauo-baby-krabbeldecke-yogamatte-grosse-baby-aktivitaet-spielen-matte-rutschfest-wasserdicht-doppelseitig-spieldecke-baby-180-200-1-cm\/#breadcrumb"},"inLanguage":"de","potentialAction":[{"@type":"ReadAction","target":["https:\/\/marktxxl.de\/markt\/produkt\/uanlauo-baby-krabbeldecke-yogamatte-grosse-baby-aktivitaet-spielen-matte-rutschfest-wasserdicht-doppelseitig-spieldecke-baby-180-200-1-cm\/"]}]},{"@type":"ImageObject","inLanguage":"de","@id":"https:\/\/marktxxl.de\/markt\/produkt\/uanlauo-baby-krabbeldecke-yogamatte-grosse-baby-aktivitaet-spielen-matte-rutschfest-wasserdicht-doppelseitig-spieldecke-baby-180-200-1-cm\/#primaryimage","url":"https:\/\/m.media-amazon.com\/images\/I\/51X7UM3yK4L._SL500_.jpg","contentUrl":"https:\/\/m.media-amazon.com\/images\/I\/51X7UM3yK4L._SL500_.jpg","width":500,"height":500},{"@type":"BreadcrumbList","@id":"https:\/\/marktxxl.de\/markt\/produkt\/uanlauo-baby-krabbeldecke-yogamatte-grosse-baby-aktivitaet-spielen-matte-rutschfest-wasserdicht-doppelseitig-spieldecke-baby-180-200-1-cm\/#breadcrumb","itemListElement":[{"@type":"ListItem","position":1,"name":"Startseite","item":"https:\/\/marktxxl.de\/markt\/"},{"@type":"ListItem","position":2,"name":"Markt","item":"https:\/\/marktxxl.de\/markt\/"},{"@type":"ListItem","position":3,"name":"Uanlauo Baby krabbeldecke Yogamatte Gro\u00dfe Baby Aktivit\u00e4t Spielen Matte rutschfest Wasserdicht Doppelseitig Spieldecke\u2026"}]},{"@type":"WebSite","@id":"https:\/\/marktxxl.de\/markt\/#website","url":"https:\/\/marktxxl.de\/markt\/","name":"Markt-XXL","description":"Ihr Markt Online","publisher":{"@id":"https:\/\/marktxxl.de\/markt\/#organization"},"potentialAction":[{"@type":"SearchAction","target":{"@type":"EntryPoint","urlTemplate":"https:\/\/marktxxl.de\/markt\/?s={search_term_string}"},"query-input":{"@type":"PropertyValueSpecification","valueRequired":true,"valueName":"search_term_string"}}],"inLanguage":"de"},{"@type":"Organization","@id":"https:\/\/marktxxl.de\/markt\/#organization","name":"Markt-XXL","url":"https:\/\/marktxxl.de\/markt\/","logo":{"@type":"ImageObject","inLanguage":"de","@id":"https:\/\/marktxxl.de\/markt\/#\/schema\/logo\/image\/","url":"https:\/\/marktxxl.de\/markt\/wp-content\/uploads\/sites\/3\/2020\/12\/logo.png","contentUrl":"https:\/\/marktxxl.de\/markt\/wp-content\/uploads\/sites\/3\/2020\/12\/logo.png","width":200,"height":70,"caption":"Markt-XXL"},"image":{"@id":"https:\/\/marktxxl.de\/markt\/#\/schema\/logo\/image\/"}}]}},"_links":{"self":[{"href":"https:\/\/marktxxl.de\/markt\/wp-json\/wp\/v2\/product\/147092","targetHints":{"allow":["GET"]}}],"collection":[{"href":"https:\/\/marktxxl.de\/markt\/wp-json\/wp\/v2\/product"}],"about":[{"href":"https:\/\/marktxxl.de\/markt\/wp-json\/wp\/v2\/types\/product"}],"replies":[{"embeddable":true,"href":"https:\/\/marktxxl.de\/markt\/wp-json\/wp\/v2\/comments?post=147092"}],"wp:featuredmedia":[{"embeddable":true,"href":"https:\/\/marktxxl.de\/markt\/wp-json\/wp\/v2\/media\/147093"}],"wp:attachment":[{"href":"https:\/\/marktxxl.de\/markt\/wp-json\/wp\/v2\/media?parent=147092"}],"wp:term":[{"taxonomy":"product_brand","embeddable":true,"href":"https:\/\/marktxxl.de\/markt\/wp-json\/wp\/v2\/product_brand?post=147092"},{"taxonomy":"product_cat","embeddable":true,"href":"https:\/\/marktxxl.de\/markt\/wp-json\/wp\/v2\/product_cat?post=147092"},{"taxonomy":"product_tag","embeddable":true,"href":"https:\/\/marktxxl.de\/markt\/wp-json\/wp\/v2\/product_tag?post=147092"}],"curies":[{"name":"wp","href":"https:\/\/api.w.org\/{rel}","templated":true}]}}