{"id":146941,"date":"2022-09-11T21:01:21","date_gmt":"2022-09-11T19:01:21","guid":{"rendered":"https:\/\/marktxxl.de\/markt\/produkt\/neu-baby-decke-baumwolle-100-hochwertige-bio-baumwolle-kba-80x100-cm-herrlich-weich-babydecke-maedchen-junge-baby-wolldecke-kuscheldecke-baby-baby-geschenk-zur-geburt\/"},"modified":"2023-04-11T04:25:20","modified_gmt":"2023-04-11T02:25:20","slug":"neu-baby-decke-baumwolle-100-hochwertige-bio-baumwolle-kba-80x100-cm-herrlich-weich-babydecke-maedchen-junge-baby-wolldecke-kuscheldecke-baby-baby-geschenk-zur-geburt","status":"publish","type":"product","link":"https:\/\/marktxxl.de\/markt\/produkt\/neu-baby-decke-baumwolle-100-hochwertige-bio-baumwolle-kba-80x100-cm-herrlich-weich-babydecke-maedchen-junge-baby-wolldecke-kuscheldecke-baby-baby-geschenk-zur-geburt\/","title":{"rendered":"Lama Bio-Babydecke Rosa &#8211; 100% hochwertige Bio-Baumwolle kbA &#8211; 80&#215;100 cm &#8211; herrlich weich &#8211; Grau, Beige, Alt-Rosa\u2026"},"content":{"rendered":"<p><b>BESONDERS SANFT ZU BABYS ZARTER HAUT: <\/b>Diese Bio-Baumwoll-Babydecke ist aus nat\u00fcrlichen, schadstoffgepr\u00fcften Materialien, nachhaltig gem\u00e4\u00df Oeko-Tex und GOTS produziert. Sie besteht aus 100% reiner Bio-Baumwolle\u00a0\u2665<\/p>\n<p><b><\/b><b>VIELSEITIG VERWENDBAR:<\/b> Mit einem gro\u00dfen Ma\u00df von 80&#215;100 cm ist die Strickdecke ideal als Kuscheldecke, Wickel-Unterlage, Krabbeldecke, Spieldecke, Baby-Schmusedecke, Pucktuch, Outdoor-Decke f\u00fcr den Garten, Kinderwagen-Decke, Buggy, Auto-Sitz, Maxi-Cosi, Laufstall, das Kinder-Bett, Babybett, oder Reisebett geeignet. Auf Reisen, drau\u00dfen wie drinnen, oder beim Baby-Fotoshooting macht die kuschelige Decke in wundersch\u00f6nen Farben\u00a0als Requisite eine fantastische Figur \u2665<\/p>\n<p><b><\/b><b><\/b><b>GANZJ\u00c4HRIG EINSETZBAR: <\/b>Die Bio-Erstlingsdecke ist dank der reinen Bio-Baumwolle atmungsaktiv und h\u00e4lt kuschelig warm ohne dass Dein Baby schwitzt. Die Strick-Babydecke ist somit ganzj\u00e4hrig als Sommer-Decke wie auch als Winter-Decke geeignet\u00a0\u2665<\/p>\n<p><b><\/b><b><\/b><b><\/b><b>EINFACH H\u00dcBSCH GESTALTET: <\/b>Die Kuschel-Decke in Beige-, Grau-, Puder- und Alt-Rosa-T\u00f6nen ist mit gro\u00dfer Liebe f\u00fcr Babys und Eltern entworfen. Mit diesem tollen Design darf diese Neugeborenen-Decke in keinem Kinder- und Baby-Zimmer fehlen. Mit ihrem niedlichen Reh-Kitz und den zarten Rosa-T\u00f6nen ist sie perfekt f\u00fcr M\u00e4dchen geeignet und passt in jedes Baby-Zimmer und Kinderwagen\u00a0\u2665<\/p>\n<p><b><\/b><b><\/b><b><\/b><b><\/b><b>TOLL ZUM VERSCHENKEN:<\/b> Die Decke\u00a0ist das ideale Geschenk zur Babyparty, Geburt oder Taufe. Sie ist eine tolle Erg\u00e4nzung der Grundausstattung f\u00fcr ein Neugeborenes, da sie unabh\u00e4ngig von der Gr\u00f6\u00dfe des Babys ist und t\u00e4glich vielseitig genutzt werden kann. Sie begleitet das Kind als Lieblingsdecke durch die Kindheit. Als Paten-Tante \/ Onkel, Gro\u00df-Eltern, Freundin, Mama oder Papa ist dies eine sehr sch\u00f6ne Geschenk-Idee, die bei Eltern und Kind gut ankommt<\/p>\n<div class=\"main-cross-sell\" data-asin=\"B08SMKLQV9\">\n\n\t<div class=\"WooZone-cross-sell-loader\">\n\t\t<div>\n\t\t\t<div id=\"floatingBarsG\">\n\t\t\t\t<div class=\"blockG\" id=\"rotateG_01\"><\/div>\n\t\t\t\t<div class=\"blockG\" id=\"rotateG_02\"><\/div>\n\t\t\t\t<div class=\"blockG\" id=\"rotateG_03\"><\/div>\n\t\t\t\t<div class=\"blockG\" id=\"rotateG_04\"><\/div>\n\t\t\t\t<div class=\"blockG\" id=\"rotateG_05\"><\/div>\n\t\t\t\t<div class=\"blockG\" id=\"rotateG_06\"><\/div>\n\t\t\t\t<div class=\"blockG\" id=\"rotateG_07\"><\/div>\n\t\t\t\t<div class=\"blockG\" id=\"rotateG_08\"><\/div>\n\t\t\t<\/div>\n\t\t\t<div class=\"WooZone-cross-sell-loader-text\"><\/div>\n\t\t<\/div>\n\t<\/div>\n\n\t\t\n<\/div>\n<div style=\"clear:both;\"><\/div>\n","protected":false},"excerpt":{"rendered":"<p>BESONDERS SANFT ZU BABYS ZARTER HAUT: Diese Bio-Baumwoll-Babydecke ist aus nat\u00fcrlichen, schadstoffgepr\u00fcften Materialien, nachhaltig gem\u00e4\u00df Oeko-Tex und GOTS produziert. Sie besteht aus 100% reiner Bio-Baumwolle\u00a0\u2665<br \/>\nVIELSEITIG VERWENDBAR: Mit einem gro\u00dfen Ma\u00df von 80&#215;100 cm ist die Strickdecke ideal als Kuscheldecke, Wickel-Unterlage, Krabbeldecke, Spieldecke, Baby-Schmusedecke, Pucktuch, Outdoor-Decke f\u00fcr den Garten, Kinderwagen-Decke, Buggy, Auto-Sitz, Maxi-Cosi, Laufstall, das Kinder-Bett, Babybett, oder Reisebett geeignet. Auf Reisen, drau\u00dfen wie drinnen, oder beim Baby-Fotoshooting macht die kuschelige Decke in wundersch\u00f6nen Farben\u00a0als Requisite eine fantastische Figur \u2665<br \/>\nGANZJ\u00c4HRIG EINSETZBAR: Die Bio-Erstlingsdecke ist dank der reinen Bio-Baumwolle atmungsaktiv und h\u00e4lt kuschelig warm ohne dass Dein Baby schwitzt. Die Strick-Babydecke ist somit ganzj\u00e4hrig als Sommer-Decke wie auch als Winter-Decke geeignet\u00a0\u2665<\/p>\n","protected":false},"featured_media":146942,"comment_status":"open","ping_status":"closed","template":"","meta":[],"product_brand":[],"product_cat":[21,8825],"product_tag":[],"class_list":{"0":"post-146941","1":"product","2":"type-product","3":"status-publish","4":"has-post-thumbnail","6":"product_cat-baby","7":"product_cat-baby-kleinkinderzimmer-baby","8":"pa_brand-nidito","9":"pa_height-0-zoll","10":"pa_length-39-3700787-zoll","11":"pa_manufacturer-nidito","12":"pa_weight-0-80689187892-pfund","13":"pa_width-31-49606296-zoll","15":"first","16":"instock","17":"shipping-taxable","18":"purchasable","19":"product-type-simple","20":"customify-col","21":"product-has-gallery"},"yoast_head":"<!-- This site is optimized with the Yoast SEO plugin v27.4 - https:\/\/yoast.com\/product\/yoast-seo-wordpress\/ -->\n<title>Lama Bio-Babydecke Rosa - 100% hochwertige Bio-Baumwolle kbA - 80x100 cm - herrlich weich - Grau, Beige, Alt-Rosa\u2026 - Markt-XXL<\/title>\n<meta name=\"description\" content=\"Markt-XXL Lama Bio-Babydecke Rosa - 100% hochwertige Bio-Baumwolle kbA - 80x100 cm - herrlich weich - Grau, Beige, Alt-Rosa\u2026\" \/>\n<meta name=\"robots\" content=\"index, follow, max-snippet:-1, max-image-preview:large, max-video-preview:-1\" \/>\n<link rel=\"canonical\" href=\"https:\/\/marktxxl.de\/markt\/produkt\/neu-baby-decke-baumwolle-100-hochwertige-bio-baumwolle-kba-80x100-cm-herrlich-weich-babydecke-maedchen-junge-baby-wolldecke-kuscheldecke-baby-baby-geschenk-zur-geburt\/\" \/>\n<meta property=\"og:locale\" content=\"de_DE\" \/>\n<meta property=\"og:type\" content=\"article\" \/>\n<meta property=\"og:title\" content=\"Lama Bio-Babydecke Rosa - 100% hochwertige Bio-Baumwolle kbA - 80x100 cm - herrlich weich - Grau, Beige, Alt-Rosa\u2026 - Markt-XXL\" \/>\n<meta property=\"og:description\" content=\"Markt-XXL Lama Bio-Babydecke Rosa - 100% hochwertige Bio-Baumwolle kbA - 80x100 cm - herrlich weich - Grau, Beige, Alt-Rosa\u2026\" \/>\n<meta property=\"og:url\" content=\"https:\/\/marktxxl.de\/markt\/produkt\/neu-baby-decke-baumwolle-100-hochwertige-bio-baumwolle-kba-80x100-cm-herrlich-weich-babydecke-maedchen-junge-baby-wolldecke-kuscheldecke-baby-baby-geschenk-zur-geburt\/\" \/>\n<meta property=\"og:site_name\" content=\"Markt-XXL\" \/>\n<meta property=\"article:modified_time\" content=\"2023-04-11T02:25:20+00:00\" \/>\n<meta property=\"og:image\" content=\"https:\/\/m.media-amazon.com\/images\/I\/513YN3MpDAL._SL500_.jpg\" \/>\n\t<meta property=\"og:image:width\" content=\"500\" \/>\n\t<meta property=\"og:image:height\" content=\"500\" \/>\n\t<meta property=\"og:image:type\" content=\"image\/jpeg\" \/>\n<meta name=\"twitter:card\" content=\"summary_large_image\" \/>\n<meta name=\"twitter:label1\" content=\"Gesch\u00e4tzte Lesezeit\" \/>\n\t<meta name=\"twitter:data1\" content=\"1\u00a0Minute\" \/>\n<script type=\"application\/ld+json\" class=\"yoast-schema-graph\">{\"@context\":\"https:\\\/\\\/schema.org\",\"@graph\":[{\"@type\":\"WebPage\",\"@id\":\"https:\\\/\\\/marktxxl.de\\\/markt\\\/produkt\\\/neu-baby-decke-baumwolle-100-hochwertige-bio-baumwolle-kba-80x100-cm-herrlich-weich-babydecke-maedchen-junge-baby-wolldecke-kuscheldecke-baby-baby-geschenk-zur-geburt\\\/\",\"url\":\"https:\\\/\\\/marktxxl.de\\\/markt\\\/produkt\\\/neu-baby-decke-baumwolle-100-hochwertige-bio-baumwolle-kba-80x100-cm-herrlich-weich-babydecke-maedchen-junge-baby-wolldecke-kuscheldecke-baby-baby-geschenk-zur-geburt\\\/\",\"name\":\"Lama Bio-Babydecke Rosa - 100% hochwertige Bio-Baumwolle kbA - 80x100 cm - herrlich weich - Grau, Beige, Alt-Rosa\u2026 - Markt-XXL\",\"isPartOf\":{\"@id\":\"https:\\\/\\\/marktxxl.de\\\/markt\\\/#website\"},\"primaryImageOfPage\":{\"@id\":\"https:\\\/\\\/marktxxl.de\\\/markt\\\/produkt\\\/neu-baby-decke-baumwolle-100-hochwertige-bio-baumwolle-kba-80x100-cm-herrlich-weich-babydecke-maedchen-junge-baby-wolldecke-kuscheldecke-baby-baby-geschenk-zur-geburt\\\/#primaryimage\"},\"image\":{\"@id\":\"https:\\\/\\\/marktxxl.de\\\/markt\\\/produkt\\\/neu-baby-decke-baumwolle-100-hochwertige-bio-baumwolle-kba-80x100-cm-herrlich-weich-babydecke-maedchen-junge-baby-wolldecke-kuscheldecke-baby-baby-geschenk-zur-geburt\\\/#primaryimage\"},\"thumbnailUrl\":\"https:\\\/\\\/m.media-amazon.com\\\/images\\\/I\\\/513YN3MpDAL._SL500_.jpg\",\"datePublished\":\"2022-09-11T19:01:21+00:00\",\"dateModified\":\"2023-04-11T02:25:20+00:00\",\"description\":\"Markt-XXL Lama Bio-Babydecke Rosa - 100% hochwertige Bio-Baumwolle kbA - 80x100 cm - herrlich weich - Grau, Beige, Alt-Rosa\u2026\",\"breadcrumb\":{\"@id\":\"https:\\\/\\\/marktxxl.de\\\/markt\\\/produkt\\\/neu-baby-decke-baumwolle-100-hochwertige-bio-baumwolle-kba-80x100-cm-herrlich-weich-babydecke-maedchen-junge-baby-wolldecke-kuscheldecke-baby-baby-geschenk-zur-geburt\\\/#breadcrumb\"},\"inLanguage\":\"de\",\"potentialAction\":[{\"@type\":\"ReadAction\",\"target\":[\"https:\\\/\\\/marktxxl.de\\\/markt\\\/produkt\\\/neu-baby-decke-baumwolle-100-hochwertige-bio-baumwolle-kba-80x100-cm-herrlich-weich-babydecke-maedchen-junge-baby-wolldecke-kuscheldecke-baby-baby-geschenk-zur-geburt\\\/\"]}]},{\"@type\":\"ImageObject\",\"inLanguage\":\"de\",\"@id\":\"https:\\\/\\\/marktxxl.de\\\/markt\\\/produkt\\\/neu-baby-decke-baumwolle-100-hochwertige-bio-baumwolle-kba-80x100-cm-herrlich-weich-babydecke-maedchen-junge-baby-wolldecke-kuscheldecke-baby-baby-geschenk-zur-geburt\\\/#primaryimage\",\"url\":\"https:\\\/\\\/m.media-amazon.com\\\/images\\\/I\\\/513YN3MpDAL._SL500_.jpg\",\"contentUrl\":\"https:\\\/\\\/m.media-amazon.com\\\/images\\\/I\\\/513YN3MpDAL._SL500_.jpg\",\"width\":500,\"height\":500},{\"@type\":\"BreadcrumbList\",\"@id\":\"https:\\\/\\\/marktxxl.de\\\/markt\\\/produkt\\\/neu-baby-decke-baumwolle-100-hochwertige-bio-baumwolle-kba-80x100-cm-herrlich-weich-babydecke-maedchen-junge-baby-wolldecke-kuscheldecke-baby-baby-geschenk-zur-geburt\\\/#breadcrumb\",\"itemListElement\":[{\"@type\":\"ListItem\",\"position\":1,\"name\":\"Startseite\",\"item\":\"https:\\\/\\\/marktxxl.de\\\/markt\\\/\"},{\"@type\":\"ListItem\",\"position\":2,\"name\":\"Markt\",\"item\":\"https:\\\/\\\/marktxxl.de\\\/markt\\\/\"},{\"@type\":\"ListItem\",\"position\":3,\"name\":\"Lama Bio-Babydecke Rosa &#8211; 100% hochwertige Bio-Baumwolle kbA &#8211; 80&#215;100 cm &#8211; herrlich weich &#8211; Grau, Beige, Alt-Rosa\u2026\"}]},{\"@type\":\"WebSite\",\"@id\":\"https:\\\/\\\/marktxxl.de\\\/markt\\\/#website\",\"url\":\"https:\\\/\\\/marktxxl.de\\\/markt\\\/\",\"name\":\"Markt-XXL\",\"description\":\"Ihr Markt Online\",\"publisher\":{\"@id\":\"https:\\\/\\\/marktxxl.de\\\/markt\\\/#organization\"},\"potentialAction\":[{\"@type\":\"SearchAction\",\"target\":{\"@type\":\"EntryPoint\",\"urlTemplate\":\"https:\\\/\\\/marktxxl.de\\\/markt\\\/?s={search_term_string}\"},\"query-input\":{\"@type\":\"PropertyValueSpecification\",\"valueRequired\":true,\"valueName\":\"search_term_string\"}}],\"inLanguage\":\"de\"},{\"@type\":\"Organization\",\"@id\":\"https:\\\/\\\/marktxxl.de\\\/markt\\\/#organization\",\"name\":\"Markt-XXL\",\"url\":\"https:\\\/\\\/marktxxl.de\\\/markt\\\/\",\"logo\":{\"@type\":\"ImageObject\",\"inLanguage\":\"de\",\"@id\":\"https:\\\/\\\/marktxxl.de\\\/markt\\\/#\\\/schema\\\/logo\\\/image\\\/\",\"url\":\"https:\\\/\\\/marktxxl.de\\\/markt\\\/wp-content\\\/uploads\\\/sites\\\/3\\\/2020\\\/12\\\/logo.png\",\"contentUrl\":\"https:\\\/\\\/marktxxl.de\\\/markt\\\/wp-content\\\/uploads\\\/sites\\\/3\\\/2020\\\/12\\\/logo.png\",\"width\":200,\"height\":70,\"caption\":\"Markt-XXL\"},\"image\":{\"@id\":\"https:\\\/\\\/marktxxl.de\\\/markt\\\/#\\\/schema\\\/logo\\\/image\\\/\"}}]}<\/script>\n<!-- \/ Yoast SEO plugin. -->","yoast_head_json":{"title":"Lama Bio-Babydecke Rosa - 100% hochwertige Bio-Baumwolle kbA - 80x100 cm - herrlich weich - Grau, Beige, Alt-Rosa\u2026 - Markt-XXL","description":"Markt-XXL Lama Bio-Babydecke Rosa - 100% hochwertige Bio-Baumwolle kbA - 80x100 cm - herrlich weich - Grau, Beige, Alt-Rosa\u2026","robots":{"index":"index","follow":"follow","max-snippet":"max-snippet:-1","max-image-preview":"max-image-preview:large","max-video-preview":"max-video-preview:-1"},"canonical":"https:\/\/marktxxl.de\/markt\/produkt\/neu-baby-decke-baumwolle-100-hochwertige-bio-baumwolle-kba-80x100-cm-herrlich-weich-babydecke-maedchen-junge-baby-wolldecke-kuscheldecke-baby-baby-geschenk-zur-geburt\/","og_locale":"de_DE","og_type":"article","og_title":"Lama Bio-Babydecke Rosa - 100% hochwertige Bio-Baumwolle kbA - 80x100 cm - herrlich weich - Grau, Beige, Alt-Rosa\u2026 - Markt-XXL","og_description":"Markt-XXL Lama Bio-Babydecke Rosa - 100% hochwertige Bio-Baumwolle kbA - 80x100 cm - herrlich weich - Grau, Beige, Alt-Rosa\u2026","og_url":"https:\/\/marktxxl.de\/markt\/produkt\/neu-baby-decke-baumwolle-100-hochwertige-bio-baumwolle-kba-80x100-cm-herrlich-weich-babydecke-maedchen-junge-baby-wolldecke-kuscheldecke-baby-baby-geschenk-zur-geburt\/","og_site_name":"Markt-XXL","article_modified_time":"2023-04-11T02:25:20+00:00","og_image":[{"width":500,"height":500,"url":"https:\/\/m.media-amazon.com\/images\/I\/513YN3MpDAL._SL500_.jpg","type":"image\/jpeg"}],"twitter_card":"summary_large_image","twitter_misc":{"Gesch\u00e4tzte Lesezeit":"1\u00a0Minute"},"schema":{"@context":"https:\/\/schema.org","@graph":[{"@type":"WebPage","@id":"https:\/\/marktxxl.de\/markt\/produkt\/neu-baby-decke-baumwolle-100-hochwertige-bio-baumwolle-kba-80x100-cm-herrlich-weich-babydecke-maedchen-junge-baby-wolldecke-kuscheldecke-baby-baby-geschenk-zur-geburt\/","url":"https:\/\/marktxxl.de\/markt\/produkt\/neu-baby-decke-baumwolle-100-hochwertige-bio-baumwolle-kba-80x100-cm-herrlich-weich-babydecke-maedchen-junge-baby-wolldecke-kuscheldecke-baby-baby-geschenk-zur-geburt\/","name":"Lama Bio-Babydecke Rosa - 100% hochwertige Bio-Baumwolle kbA - 80x100 cm - herrlich weich - Grau, Beige, Alt-Rosa\u2026 - Markt-XXL","isPartOf":{"@id":"https:\/\/marktxxl.de\/markt\/#website"},"primaryImageOfPage":{"@id":"https:\/\/marktxxl.de\/markt\/produkt\/neu-baby-decke-baumwolle-100-hochwertige-bio-baumwolle-kba-80x100-cm-herrlich-weich-babydecke-maedchen-junge-baby-wolldecke-kuscheldecke-baby-baby-geschenk-zur-geburt\/#primaryimage"},"image":{"@id":"https:\/\/marktxxl.de\/markt\/produkt\/neu-baby-decke-baumwolle-100-hochwertige-bio-baumwolle-kba-80x100-cm-herrlich-weich-babydecke-maedchen-junge-baby-wolldecke-kuscheldecke-baby-baby-geschenk-zur-geburt\/#primaryimage"},"thumbnailUrl":"https:\/\/m.media-amazon.com\/images\/I\/513YN3MpDAL._SL500_.jpg","datePublished":"2022-09-11T19:01:21+00:00","dateModified":"2023-04-11T02:25:20+00:00","description":"Markt-XXL Lama Bio-Babydecke Rosa - 100% hochwertige Bio-Baumwolle kbA - 80x100 cm - herrlich weich - Grau, Beige, Alt-Rosa\u2026","breadcrumb":{"@id":"https:\/\/marktxxl.de\/markt\/produkt\/neu-baby-decke-baumwolle-100-hochwertige-bio-baumwolle-kba-80x100-cm-herrlich-weich-babydecke-maedchen-junge-baby-wolldecke-kuscheldecke-baby-baby-geschenk-zur-geburt\/#breadcrumb"},"inLanguage":"de","potentialAction":[{"@type":"ReadAction","target":["https:\/\/marktxxl.de\/markt\/produkt\/neu-baby-decke-baumwolle-100-hochwertige-bio-baumwolle-kba-80x100-cm-herrlich-weich-babydecke-maedchen-junge-baby-wolldecke-kuscheldecke-baby-baby-geschenk-zur-geburt\/"]}]},{"@type":"ImageObject","inLanguage":"de","@id":"https:\/\/marktxxl.de\/markt\/produkt\/neu-baby-decke-baumwolle-100-hochwertige-bio-baumwolle-kba-80x100-cm-herrlich-weich-babydecke-maedchen-junge-baby-wolldecke-kuscheldecke-baby-baby-geschenk-zur-geburt\/#primaryimage","url":"https:\/\/m.media-amazon.com\/images\/I\/513YN3MpDAL._SL500_.jpg","contentUrl":"https:\/\/m.media-amazon.com\/images\/I\/513YN3MpDAL._SL500_.jpg","width":500,"height":500},{"@type":"BreadcrumbList","@id":"https:\/\/marktxxl.de\/markt\/produkt\/neu-baby-decke-baumwolle-100-hochwertige-bio-baumwolle-kba-80x100-cm-herrlich-weich-babydecke-maedchen-junge-baby-wolldecke-kuscheldecke-baby-baby-geschenk-zur-geburt\/#breadcrumb","itemListElement":[{"@type":"ListItem","position":1,"name":"Startseite","item":"https:\/\/marktxxl.de\/markt\/"},{"@type":"ListItem","position":2,"name":"Markt","item":"https:\/\/marktxxl.de\/markt\/"},{"@type":"ListItem","position":3,"name":"Lama Bio-Babydecke Rosa &#8211; 100% hochwertige Bio-Baumwolle kbA &#8211; 80&#215;100 cm &#8211; herrlich weich &#8211; Grau, Beige, Alt-Rosa\u2026"}]},{"@type":"WebSite","@id":"https:\/\/marktxxl.de\/markt\/#website","url":"https:\/\/marktxxl.de\/markt\/","name":"Markt-XXL","description":"Ihr Markt Online","publisher":{"@id":"https:\/\/marktxxl.de\/markt\/#organization"},"potentialAction":[{"@type":"SearchAction","target":{"@type":"EntryPoint","urlTemplate":"https:\/\/marktxxl.de\/markt\/?s={search_term_string}"},"query-input":{"@type":"PropertyValueSpecification","valueRequired":true,"valueName":"search_term_string"}}],"inLanguage":"de"},{"@type":"Organization","@id":"https:\/\/marktxxl.de\/markt\/#organization","name":"Markt-XXL","url":"https:\/\/marktxxl.de\/markt\/","logo":{"@type":"ImageObject","inLanguage":"de","@id":"https:\/\/marktxxl.de\/markt\/#\/schema\/logo\/image\/","url":"https:\/\/marktxxl.de\/markt\/wp-content\/uploads\/sites\/3\/2020\/12\/logo.png","contentUrl":"https:\/\/marktxxl.de\/markt\/wp-content\/uploads\/sites\/3\/2020\/12\/logo.png","width":200,"height":70,"caption":"Markt-XXL"},"image":{"@id":"https:\/\/marktxxl.de\/markt\/#\/schema\/logo\/image\/"}}]}},"_links":{"self":[{"href":"https:\/\/marktxxl.de\/markt\/wp-json\/wp\/v2\/product\/146941","targetHints":{"allow":["GET"]}}],"collection":[{"href":"https:\/\/marktxxl.de\/markt\/wp-json\/wp\/v2\/product"}],"about":[{"href":"https:\/\/marktxxl.de\/markt\/wp-json\/wp\/v2\/types\/product"}],"replies":[{"embeddable":true,"href":"https:\/\/marktxxl.de\/markt\/wp-json\/wp\/v2\/comments?post=146941"}],"wp:featuredmedia":[{"embeddable":true,"href":"https:\/\/marktxxl.de\/markt\/wp-json\/wp\/v2\/media\/146942"}],"wp:attachment":[{"href":"https:\/\/marktxxl.de\/markt\/wp-json\/wp\/v2\/media?parent=146941"}],"wp:term":[{"taxonomy":"product_brand","embeddable":true,"href":"https:\/\/marktxxl.de\/markt\/wp-json\/wp\/v2\/product_brand?post=146941"},{"taxonomy":"product_cat","embeddable":true,"href":"https:\/\/marktxxl.de\/markt\/wp-json\/wp\/v2\/product_cat?post=146941"},{"taxonomy":"product_tag","embeddable":true,"href":"https:\/\/marktxxl.de\/markt\/wp-json\/wp\/v2\/product_tag?post=146941"}],"curies":[{"name":"wp","href":"https:\/\/api.w.org\/{rel}","templated":true}]}}