{"id":146881,"date":"2022-09-11T20:58:30","date_gmt":"2022-09-11T18:58:30","guid":{"rendered":"https:\/\/marktxxl.de\/markt\/produkt\/aden-anais-grosses-comfort-knit-pucktuch-decke-fuer-neugeborene-maedchen-und-jungen-superweiche-baumwolle-mit-elasthan-vielseitige-stilldecke-wickeltuch-120x120cm-zebra\/"},"modified":"2023-04-11T04:25:19","modified_gmt":"2023-04-11T02:25:19","slug":"aden-anais-grosses-comfort-knit-pucktuch-decke-fuer-neugeborene-maedchen-und-jungen-superweiche-baumwolle-mit-elasthan-vielseitige-stilldecke-wickeltuch-120x120cm-zebra","status":"publish","type":"product","link":"https:\/\/marktxxl.de\/markt\/produkt\/aden-anais-grosses-comfort-knit-pucktuch-decke-fuer-neugeborene-maedchen-und-jungen-superweiche-baumwolle-mit-elasthan-vielseitige-stilldecke-wickeltuch-120x120cm-zebra\/","title":{"rendered":"aden + anais\u2122 gro\u00dfes Comfort Knit\u2122 Pucktuch, Decke f\u00fcr Neugeborene M\u00e4dchen und Jungen, superweiche Baumwolle mit\u2026"},"content":{"rendered":"<p>BESONDERS WEICH UND KUSCHELIG: Verw\u00f6hnen Sie Ihren kleinen Liebling mit sensationellem Komfort. Wickeln Sie Ihr Baby in eine wohltuende Umarmung mit unserer neuen Comfort Knit Kollektion. Sie besteht aus 95% superweicher Baumwolle und 5% Elasthan und bietet genau die richtige Menge an Dehnbarkeit. Sie ist maschinenwaschbar und wird in der bekannten Qualit\u00e4t von aden + anais hergestellt.<br \/>\n5 VERWENDUNGEN IN 1: Erleben Sie die ultimative Vielseitigkeit. Sie k\u00f6nnen diese Decke als Wickeldecke, Spucktuch, Stillschutz, Wickelauflage und Krabbeldecke verwenden. Dank der einzigartigen Dehnbarkeit k\u00f6nnen Sie mit diesen Babyt\u00fcchern mehr machen.<br \/>\nW\u00c4CHST MIT IHREM BABY: Wir haben unsere Babydecken f\u00fcr Jungen und M\u00e4dchen so bemessen, dass Ihr neuer Wonneproppen es bequem hat, wenn er w\u00e4chst. Jede gro\u00dfe Pucktuch misst 120X120cm. Sie werden es auch lieben, dass die Wickeldecke auch nach vielen W\u00e4schen weich bleibt.<br \/>\nSCH\u00d6NE DRUCKE UND FARBEN: Ganz gleich, ob Sie auf der Suche nach niedlichen Babysachen f\u00fcr Jungen oder M\u00e4dchen sind, das vielseitige Comfort Knit Pucktuch von aden + anais bietet niedliche Prints mit einem Hauch von Farbe. Kombinieren Sie sie mit anderen Comfort Knit Accessoires, um ein komplettes Set zusammenzustellen.<br \/>\nTOLLE GESCHENKIDEE: Begr\u00fc\u00dfen Sie den neuen Wonneproppen mit kuscheliger Niedlichkeit mit der aden + anais comfort knit collection<br \/>\n<div class=\"main-cross-sell\" data-asin=\"B0849HMVN2\">\n\n\t<div class=\"WooZone-cross-sell-loader\">\n\t\t<div>\n\t\t\t<div id=\"floatingBarsG\">\n\t\t\t\t<div class=\"blockG\" id=\"rotateG_01\"><\/div>\n\t\t\t\t<div class=\"blockG\" id=\"rotateG_02\"><\/div>\n\t\t\t\t<div class=\"blockG\" id=\"rotateG_03\"><\/div>\n\t\t\t\t<div class=\"blockG\" id=\"rotateG_04\"><\/div>\n\t\t\t\t<div class=\"blockG\" id=\"rotateG_05\"><\/div>\n\t\t\t\t<div class=\"blockG\" id=\"rotateG_06\"><\/div>\n\t\t\t\t<div class=\"blockG\" id=\"rotateG_07\"><\/div>\n\t\t\t\t<div class=\"blockG\" id=\"rotateG_08\"><\/div>\n\t\t\t<\/div>\n\t\t\t<div class=\"WooZone-cross-sell-loader-text\"><\/div>\n\t\t<\/div>\n\t<\/div>\n\n\t\t\n<\/div>\n<div style=\"clear:both;\"><\/div><\/p>\n","protected":false},"excerpt":{"rendered":"<p>BESONDERS WEICH UND KUSCHELIG: Verw\u00f6hnen Sie Ihren kleinen Liebling mit sensationellem Komfort. Wickeln Sie Ihr Baby in eine wohltuende Umarmung mit unserer neuen Comfort Knit Kollektion. Sie besteht aus 95% superweicher Baumwolle und 5% Elasthan und bietet genau die richtige Menge an Dehnbarkeit. Sie ist maschinenwaschbar und wird in der bekannten Qualit\u00e4t von aden + anais hergestellt.<br \/>\n5 VERWENDUNGEN IN 1: Erleben Sie die ultimative Vielseitigkeit. Sie k\u00f6nnen diese Decke als Wickeldecke, Spucktuch, Stillschutz, Wickelauflage und Krabbeldecke verwenden. Dank der einzigartigen Dehnbarkeit k\u00f6nnen Sie mit diesen Babyt\u00fcchern mehr machen.<br \/>\nW\u00c4CHST MIT IHREM BABY: Wir haben unsere Babydecken f\u00fcr Jungen und M\u00e4dchen so bemessen, dass Ihr neuer Wonneproppen es bequem hat, wenn er w\u00e4chst. Jede gro\u00dfe Pucktuch misst 120X120cm. Sie werden es auch lieben, dass die Wickeldecke auch nach vielen W\u00e4schen weich bleibt.<\/p>\n","protected":false},"featured_media":146882,"comment_status":"open","ping_status":"closed","template":"","meta":[],"product_brand":[],"product_cat":[21,8825],"product_tag":[],"class_list":{"0":"post-146881","1":"product","2":"type-product","3":"status-publish","4":"has-post-thumbnail","6":"product_cat-baby","7":"product_cat-baby-kleinkinderzimmer-baby","8":"pa_binding-babyartikel","9":"pa_brand-aden-plus-anais","10":"pa_color-zebra","11":"pa_height-2-755905509-zoll","12":"pa_length-3-99999999592-zoll","13":"pa_manufacturer-aden-plus-anais","14":"pa_model-aswk10004","15":"pa_size-120-x-120-cm","16":"pa_weight-0-5070632026-pfund","17":"pa_width-8-99999999082-zoll","19":"first","20":"instock","21":"shipping-taxable","22":"purchasable","23":"product-type-simple","24":"customify-col","25":"product-has-gallery"},"yoast_head":"<!-- This site is optimized with the Yoast SEO plugin v27.3 - https:\/\/yoast.com\/product\/yoast-seo-wordpress\/ -->\n<title>aden + anais\u2122 gro\u00dfes Comfort Knit\u2122 Pucktuch, Decke f\u00fcr Neugeborene M\u00e4dchen und Jungen, superweiche Baumwolle mit\u2026 - Markt-XXL<\/title>\n<meta name=\"description\" content=\"Markt-XXL aden + anais\u2122 gro\u00dfes Comfort Knit\u2122 Pucktuch, Decke f\u00fcr Neugeborene M\u00e4dchen und Jungen, superweiche Baumwolle mit\u2026\" \/>\n<meta name=\"robots\" content=\"index, follow, max-snippet:-1, max-image-preview:large, max-video-preview:-1\" \/>\n<link rel=\"canonical\" href=\"https:\/\/marktxxl.de\/markt\/produkt\/aden-anais-grosses-comfort-knit-pucktuch-decke-fuer-neugeborene-maedchen-und-jungen-superweiche-baumwolle-mit-elasthan-vielseitige-stilldecke-wickeltuch-120x120cm-zebra\/\" \/>\n<meta property=\"og:locale\" content=\"de_DE\" \/>\n<meta property=\"og:type\" content=\"article\" \/>\n<meta property=\"og:title\" content=\"aden + anais\u2122 gro\u00dfes Comfort Knit\u2122 Pucktuch, Decke f\u00fcr Neugeborene M\u00e4dchen und Jungen, superweiche Baumwolle mit\u2026 - Markt-XXL\" \/>\n<meta property=\"og:description\" content=\"Markt-XXL aden + anais\u2122 gro\u00dfes Comfort Knit\u2122 Pucktuch, Decke f\u00fcr Neugeborene M\u00e4dchen und Jungen, superweiche Baumwolle mit\u2026\" \/>\n<meta property=\"og:url\" content=\"https:\/\/marktxxl.de\/markt\/produkt\/aden-anais-grosses-comfort-knit-pucktuch-decke-fuer-neugeborene-maedchen-und-jungen-superweiche-baumwolle-mit-elasthan-vielseitige-stilldecke-wickeltuch-120x120cm-zebra\/\" \/>\n<meta property=\"og:site_name\" content=\"Markt-XXL\" \/>\n<meta property=\"article:modified_time\" content=\"2023-04-11T02:25:19+00:00\" \/>\n<meta property=\"og:image\" content=\"https:\/\/m.media-amazon.com\/images\/I\/41pvkgx6PQL._SL500_.jpg\" \/>\n\t<meta property=\"og:image:width\" content=\"500\" \/>\n\t<meta property=\"og:image:height\" content=\"500\" \/>\n\t<meta property=\"og:image:type\" content=\"image\/jpeg\" \/>\n<meta name=\"twitter:card\" content=\"summary_large_image\" \/>\n<meta name=\"twitter:label1\" content=\"Gesch\u00e4tzte Lesezeit\" \/>\n\t<meta name=\"twitter:data1\" content=\"1\u00a0Minute\" \/>\n<script type=\"application\/ld+json\" class=\"yoast-schema-graph\">{\"@context\":\"https:\\\/\\\/schema.org\",\"@graph\":[{\"@type\":\"WebPage\",\"@id\":\"https:\\\/\\\/marktxxl.de\\\/markt\\\/produkt\\\/aden-anais-grosses-comfort-knit-pucktuch-decke-fuer-neugeborene-maedchen-und-jungen-superweiche-baumwolle-mit-elasthan-vielseitige-stilldecke-wickeltuch-120x120cm-zebra\\\/\",\"url\":\"https:\\\/\\\/marktxxl.de\\\/markt\\\/produkt\\\/aden-anais-grosses-comfort-knit-pucktuch-decke-fuer-neugeborene-maedchen-und-jungen-superweiche-baumwolle-mit-elasthan-vielseitige-stilldecke-wickeltuch-120x120cm-zebra\\\/\",\"name\":\"aden + anais\u2122 gro\u00dfes Comfort Knit\u2122 Pucktuch, Decke f\u00fcr Neugeborene M\u00e4dchen und Jungen, superweiche Baumwolle mit\u2026 - Markt-XXL\",\"isPartOf\":{\"@id\":\"https:\\\/\\\/marktxxl.de\\\/markt\\\/#website\"},\"primaryImageOfPage\":{\"@id\":\"https:\\\/\\\/marktxxl.de\\\/markt\\\/produkt\\\/aden-anais-grosses-comfort-knit-pucktuch-decke-fuer-neugeborene-maedchen-und-jungen-superweiche-baumwolle-mit-elasthan-vielseitige-stilldecke-wickeltuch-120x120cm-zebra\\\/#primaryimage\"},\"image\":{\"@id\":\"https:\\\/\\\/marktxxl.de\\\/markt\\\/produkt\\\/aden-anais-grosses-comfort-knit-pucktuch-decke-fuer-neugeborene-maedchen-und-jungen-superweiche-baumwolle-mit-elasthan-vielseitige-stilldecke-wickeltuch-120x120cm-zebra\\\/#primaryimage\"},\"thumbnailUrl\":\"https:\\\/\\\/m.media-amazon.com\\\/images\\\/I\\\/41pvkgx6PQL._SL500_.jpg\",\"datePublished\":\"2022-09-11T18:58:30+00:00\",\"dateModified\":\"2023-04-11T02:25:19+00:00\",\"description\":\"Markt-XXL aden + anais\u2122 gro\u00dfes Comfort Knit\u2122 Pucktuch, Decke f\u00fcr Neugeborene M\u00e4dchen und Jungen, superweiche Baumwolle mit\u2026\",\"breadcrumb\":{\"@id\":\"https:\\\/\\\/marktxxl.de\\\/markt\\\/produkt\\\/aden-anais-grosses-comfort-knit-pucktuch-decke-fuer-neugeborene-maedchen-und-jungen-superweiche-baumwolle-mit-elasthan-vielseitige-stilldecke-wickeltuch-120x120cm-zebra\\\/#breadcrumb\"},\"inLanguage\":\"de\",\"potentialAction\":[{\"@type\":\"ReadAction\",\"target\":[\"https:\\\/\\\/marktxxl.de\\\/markt\\\/produkt\\\/aden-anais-grosses-comfort-knit-pucktuch-decke-fuer-neugeborene-maedchen-und-jungen-superweiche-baumwolle-mit-elasthan-vielseitige-stilldecke-wickeltuch-120x120cm-zebra\\\/\"]}]},{\"@type\":\"ImageObject\",\"inLanguage\":\"de\",\"@id\":\"https:\\\/\\\/marktxxl.de\\\/markt\\\/produkt\\\/aden-anais-grosses-comfort-knit-pucktuch-decke-fuer-neugeborene-maedchen-und-jungen-superweiche-baumwolle-mit-elasthan-vielseitige-stilldecke-wickeltuch-120x120cm-zebra\\\/#primaryimage\",\"url\":\"https:\\\/\\\/m.media-amazon.com\\\/images\\\/I\\\/41pvkgx6PQL._SL500_.jpg\",\"contentUrl\":\"https:\\\/\\\/m.media-amazon.com\\\/images\\\/I\\\/41pvkgx6PQL._SL500_.jpg\",\"width\":500,\"height\":500},{\"@type\":\"BreadcrumbList\",\"@id\":\"https:\\\/\\\/marktxxl.de\\\/markt\\\/produkt\\\/aden-anais-grosses-comfort-knit-pucktuch-decke-fuer-neugeborene-maedchen-und-jungen-superweiche-baumwolle-mit-elasthan-vielseitige-stilldecke-wickeltuch-120x120cm-zebra\\\/#breadcrumb\",\"itemListElement\":[{\"@type\":\"ListItem\",\"position\":1,\"name\":\"Startseite\",\"item\":\"https:\\\/\\\/marktxxl.de\\\/markt\\\/\"},{\"@type\":\"ListItem\",\"position\":2,\"name\":\"Markt\",\"item\":\"https:\\\/\\\/marktxxl.de\\\/markt\\\/\"},{\"@type\":\"ListItem\",\"position\":3,\"name\":\"aden + anais\u2122 gro\u00dfes Comfort Knit\u2122 Pucktuch, Decke f\u00fcr Neugeborene M\u00e4dchen und Jungen, superweiche Baumwolle mit\u2026\"}]},{\"@type\":\"WebSite\",\"@id\":\"https:\\\/\\\/marktxxl.de\\\/markt\\\/#website\",\"url\":\"https:\\\/\\\/marktxxl.de\\\/markt\\\/\",\"name\":\"Markt-XXL\",\"description\":\"Ihr Markt Online\",\"publisher\":{\"@id\":\"https:\\\/\\\/marktxxl.de\\\/markt\\\/#organization\"},\"potentialAction\":[{\"@type\":\"SearchAction\",\"target\":{\"@type\":\"EntryPoint\",\"urlTemplate\":\"https:\\\/\\\/marktxxl.de\\\/markt\\\/?s={search_term_string}\"},\"query-input\":{\"@type\":\"PropertyValueSpecification\",\"valueRequired\":true,\"valueName\":\"search_term_string\"}}],\"inLanguage\":\"de\"},{\"@type\":\"Organization\",\"@id\":\"https:\\\/\\\/marktxxl.de\\\/markt\\\/#organization\",\"name\":\"Markt-XXL\",\"url\":\"https:\\\/\\\/marktxxl.de\\\/markt\\\/\",\"logo\":{\"@type\":\"ImageObject\",\"inLanguage\":\"de\",\"@id\":\"https:\\\/\\\/marktxxl.de\\\/markt\\\/#\\\/schema\\\/logo\\\/image\\\/\",\"url\":\"https:\\\/\\\/marktxxl.de\\\/markt\\\/wp-content\\\/uploads\\\/sites\\\/3\\\/2020\\\/12\\\/logo.png\",\"contentUrl\":\"https:\\\/\\\/marktxxl.de\\\/markt\\\/wp-content\\\/uploads\\\/sites\\\/3\\\/2020\\\/12\\\/logo.png\",\"width\":200,\"height\":70,\"caption\":\"Markt-XXL\"},\"image\":{\"@id\":\"https:\\\/\\\/marktxxl.de\\\/markt\\\/#\\\/schema\\\/logo\\\/image\\\/\"}}]}<\/script>\n<!-- \/ Yoast SEO plugin. -->","yoast_head_json":{"title":"aden + anais\u2122 gro\u00dfes Comfort Knit\u2122 Pucktuch, Decke f\u00fcr Neugeborene M\u00e4dchen und Jungen, superweiche Baumwolle mit\u2026 - Markt-XXL","description":"Markt-XXL aden + anais\u2122 gro\u00dfes Comfort Knit\u2122 Pucktuch, Decke f\u00fcr Neugeborene M\u00e4dchen und Jungen, superweiche Baumwolle mit\u2026","robots":{"index":"index","follow":"follow","max-snippet":"max-snippet:-1","max-image-preview":"max-image-preview:large","max-video-preview":"max-video-preview:-1"},"canonical":"https:\/\/marktxxl.de\/markt\/produkt\/aden-anais-grosses-comfort-knit-pucktuch-decke-fuer-neugeborene-maedchen-und-jungen-superweiche-baumwolle-mit-elasthan-vielseitige-stilldecke-wickeltuch-120x120cm-zebra\/","og_locale":"de_DE","og_type":"article","og_title":"aden + anais\u2122 gro\u00dfes Comfort Knit\u2122 Pucktuch, Decke f\u00fcr Neugeborene M\u00e4dchen und Jungen, superweiche Baumwolle mit\u2026 - Markt-XXL","og_description":"Markt-XXL aden + anais\u2122 gro\u00dfes Comfort Knit\u2122 Pucktuch, Decke f\u00fcr Neugeborene M\u00e4dchen und Jungen, superweiche Baumwolle mit\u2026","og_url":"https:\/\/marktxxl.de\/markt\/produkt\/aden-anais-grosses-comfort-knit-pucktuch-decke-fuer-neugeborene-maedchen-und-jungen-superweiche-baumwolle-mit-elasthan-vielseitige-stilldecke-wickeltuch-120x120cm-zebra\/","og_site_name":"Markt-XXL","article_modified_time":"2023-04-11T02:25:19+00:00","og_image":[{"width":500,"height":500,"url":"https:\/\/m.media-amazon.com\/images\/I\/41pvkgx6PQL._SL500_.jpg","type":"image\/jpeg"}],"twitter_card":"summary_large_image","twitter_misc":{"Gesch\u00e4tzte Lesezeit":"1\u00a0Minute"},"schema":{"@context":"https:\/\/schema.org","@graph":[{"@type":"WebPage","@id":"https:\/\/marktxxl.de\/markt\/produkt\/aden-anais-grosses-comfort-knit-pucktuch-decke-fuer-neugeborene-maedchen-und-jungen-superweiche-baumwolle-mit-elasthan-vielseitige-stilldecke-wickeltuch-120x120cm-zebra\/","url":"https:\/\/marktxxl.de\/markt\/produkt\/aden-anais-grosses-comfort-knit-pucktuch-decke-fuer-neugeborene-maedchen-und-jungen-superweiche-baumwolle-mit-elasthan-vielseitige-stilldecke-wickeltuch-120x120cm-zebra\/","name":"aden + anais\u2122 gro\u00dfes Comfort Knit\u2122 Pucktuch, Decke f\u00fcr Neugeborene M\u00e4dchen und Jungen, superweiche Baumwolle mit\u2026 - Markt-XXL","isPartOf":{"@id":"https:\/\/marktxxl.de\/markt\/#website"},"primaryImageOfPage":{"@id":"https:\/\/marktxxl.de\/markt\/produkt\/aden-anais-grosses-comfort-knit-pucktuch-decke-fuer-neugeborene-maedchen-und-jungen-superweiche-baumwolle-mit-elasthan-vielseitige-stilldecke-wickeltuch-120x120cm-zebra\/#primaryimage"},"image":{"@id":"https:\/\/marktxxl.de\/markt\/produkt\/aden-anais-grosses-comfort-knit-pucktuch-decke-fuer-neugeborene-maedchen-und-jungen-superweiche-baumwolle-mit-elasthan-vielseitige-stilldecke-wickeltuch-120x120cm-zebra\/#primaryimage"},"thumbnailUrl":"https:\/\/m.media-amazon.com\/images\/I\/41pvkgx6PQL._SL500_.jpg","datePublished":"2022-09-11T18:58:30+00:00","dateModified":"2023-04-11T02:25:19+00:00","description":"Markt-XXL aden + anais\u2122 gro\u00dfes Comfort Knit\u2122 Pucktuch, Decke f\u00fcr Neugeborene M\u00e4dchen und Jungen, superweiche Baumwolle mit\u2026","breadcrumb":{"@id":"https:\/\/marktxxl.de\/markt\/produkt\/aden-anais-grosses-comfort-knit-pucktuch-decke-fuer-neugeborene-maedchen-und-jungen-superweiche-baumwolle-mit-elasthan-vielseitige-stilldecke-wickeltuch-120x120cm-zebra\/#breadcrumb"},"inLanguage":"de","potentialAction":[{"@type":"ReadAction","target":["https:\/\/marktxxl.de\/markt\/produkt\/aden-anais-grosses-comfort-knit-pucktuch-decke-fuer-neugeborene-maedchen-und-jungen-superweiche-baumwolle-mit-elasthan-vielseitige-stilldecke-wickeltuch-120x120cm-zebra\/"]}]},{"@type":"ImageObject","inLanguage":"de","@id":"https:\/\/marktxxl.de\/markt\/produkt\/aden-anais-grosses-comfort-knit-pucktuch-decke-fuer-neugeborene-maedchen-und-jungen-superweiche-baumwolle-mit-elasthan-vielseitige-stilldecke-wickeltuch-120x120cm-zebra\/#primaryimage","url":"https:\/\/m.media-amazon.com\/images\/I\/41pvkgx6PQL._SL500_.jpg","contentUrl":"https:\/\/m.media-amazon.com\/images\/I\/41pvkgx6PQL._SL500_.jpg","width":500,"height":500},{"@type":"BreadcrumbList","@id":"https:\/\/marktxxl.de\/markt\/produkt\/aden-anais-grosses-comfort-knit-pucktuch-decke-fuer-neugeborene-maedchen-und-jungen-superweiche-baumwolle-mit-elasthan-vielseitige-stilldecke-wickeltuch-120x120cm-zebra\/#breadcrumb","itemListElement":[{"@type":"ListItem","position":1,"name":"Startseite","item":"https:\/\/marktxxl.de\/markt\/"},{"@type":"ListItem","position":2,"name":"Markt","item":"https:\/\/marktxxl.de\/markt\/"},{"@type":"ListItem","position":3,"name":"aden + anais\u2122 gro\u00dfes Comfort Knit\u2122 Pucktuch, Decke f\u00fcr Neugeborene M\u00e4dchen und Jungen, superweiche Baumwolle mit\u2026"}]},{"@type":"WebSite","@id":"https:\/\/marktxxl.de\/markt\/#website","url":"https:\/\/marktxxl.de\/markt\/","name":"Markt-XXL","description":"Ihr Markt Online","publisher":{"@id":"https:\/\/marktxxl.de\/markt\/#organization"},"potentialAction":[{"@type":"SearchAction","target":{"@type":"EntryPoint","urlTemplate":"https:\/\/marktxxl.de\/markt\/?s={search_term_string}"},"query-input":{"@type":"PropertyValueSpecification","valueRequired":true,"valueName":"search_term_string"}}],"inLanguage":"de"},{"@type":"Organization","@id":"https:\/\/marktxxl.de\/markt\/#organization","name":"Markt-XXL","url":"https:\/\/marktxxl.de\/markt\/","logo":{"@type":"ImageObject","inLanguage":"de","@id":"https:\/\/marktxxl.de\/markt\/#\/schema\/logo\/image\/","url":"https:\/\/marktxxl.de\/markt\/wp-content\/uploads\/sites\/3\/2020\/12\/logo.png","contentUrl":"https:\/\/marktxxl.de\/markt\/wp-content\/uploads\/sites\/3\/2020\/12\/logo.png","width":200,"height":70,"caption":"Markt-XXL"},"image":{"@id":"https:\/\/marktxxl.de\/markt\/#\/schema\/logo\/image\/"}}]}},"_links":{"self":[{"href":"https:\/\/marktxxl.de\/markt\/wp-json\/wp\/v2\/product\/146881","targetHints":{"allow":["GET"]}}],"collection":[{"href":"https:\/\/marktxxl.de\/markt\/wp-json\/wp\/v2\/product"}],"about":[{"href":"https:\/\/marktxxl.de\/markt\/wp-json\/wp\/v2\/types\/product"}],"replies":[{"embeddable":true,"href":"https:\/\/marktxxl.de\/markt\/wp-json\/wp\/v2\/comments?post=146881"}],"wp:featuredmedia":[{"embeddable":true,"href":"https:\/\/marktxxl.de\/markt\/wp-json\/wp\/v2\/media\/146882"}],"wp:attachment":[{"href":"https:\/\/marktxxl.de\/markt\/wp-json\/wp\/v2\/media?parent=146881"}],"wp:term":[{"taxonomy":"product_brand","embeddable":true,"href":"https:\/\/marktxxl.de\/markt\/wp-json\/wp\/v2\/product_brand?post=146881"},{"taxonomy":"product_cat","embeddable":true,"href":"https:\/\/marktxxl.de\/markt\/wp-json\/wp\/v2\/product_cat?post=146881"},{"taxonomy":"product_tag","embeddable":true,"href":"https:\/\/marktxxl.de\/markt\/wp-json\/wp\/v2\/product_tag?post=146881"}],"curies":[{"name":"wp","href":"https:\/\/api.w.org\/{rel}","templated":true}]}}