{"id":146856,"date":"2022-09-11T20:58:12","date_gmt":"2022-09-11T18:58:12","guid":{"rendered":"https:\/\/marktxxl.de\/markt\/produkt\/aden-anais-essentials-cotton-muslin-blanket-harry-potter\/"},"modified":"2023-04-11T04:25:19","modified_gmt":"2023-04-11T02:25:19","slug":"aden-anais-essentials-cotton-muslin-blanket-harry-potter","status":"publish","type":"product","link":"https:\/\/marktxxl.de\/markt\/produkt\/aden-anais-essentials-cotton-muslin-blanket-harry-potter\/","title":{"rendered":"aden + anais\u2122 Essentials Cotton Muslin Blanket Harry Potter\u2122"},"content":{"rendered":"<p>HOCHWERTIG: Mit unserem hochwertigen Musselin aus 100% Baumwolle k\u00f6nnen Sie sicher sein, dass Sie das Beste f\u00fcr den Komfort Ihres Babys tun. Hervorragende Atmungsaktivit\u00e4t, nat\u00fcrliche Elastizit\u00e4t, Weichheit und Haltbarkeit. Babyartikel, die ein Leben lang halten und \u00fcber Generationen hinweg Freude bereiten!<br \/>\nKUSCHELIGER KOMFORT: Unsere treuen Kunden nennen sie unsere &#8220;magische&#8221; Decke, die so kuschelig ist, dass sie Babys in den Schlaf wiegt! Atmungsaktives und weiches Musselin-Material verhindert \u00dcberhitzung und ist sanft zu Babys empfindlicher Haut.<br \/>\nGROSS, VIELSEITIG &amp; STYLISCH: Unsere gro\u00dfe 112cm x 112cm gro\u00dfe Decke bietet Ihnen und Ihrem kleinen Liebling gen\u00fcgend Platz, ohne dass Sie bef\u00fcrchten m\u00fcssen, dass er zu schnell aus der Decke herausw\u00e4chst! Sie hat die perfekte Gr\u00f6\u00dfe zum Spielen, f\u00fcr das B\u00e4uchlein, zum Schlafengehen und f\u00fcr jede Zeit dazwischen. Kein Wunder, dass sich unruhige Kleinkinder und Neugeborene an sie klammern, um sich zu tr\u00f6sten und sicher durch die Nacht zu schlafen.<br \/>\nPFLEGELEICHT: Maschinenwaschbar, bleibt nach jeder W\u00e4sche weich<br \/>\nPERFEKTES GESCHENK F\u00dcR BABYS: Unsere Decken sind ideale Geschenke f\u00fcr Baby-Partys, Geburtstage und Feiertage<br \/>\n<div class=\"main-cross-sell\" data-asin=\"B08GSSXJ4N\">\n\n\t<div class=\"WooZone-cross-sell-loader\">\n\t\t<div>\n\t\t\t<div id=\"floatingBarsG\">\n\t\t\t\t<div class=\"blockG\" id=\"rotateG_01\"><\/div>\n\t\t\t\t<div class=\"blockG\" id=\"rotateG_02\"><\/div>\n\t\t\t\t<div class=\"blockG\" id=\"rotateG_03\"><\/div>\n\t\t\t\t<div class=\"blockG\" id=\"rotateG_04\"><\/div>\n\t\t\t\t<div class=\"blockG\" id=\"rotateG_05\"><\/div>\n\t\t\t\t<div class=\"blockG\" id=\"rotateG_06\"><\/div>\n\t\t\t\t<div class=\"blockG\" id=\"rotateG_07\"><\/div>\n\t\t\t\t<div class=\"blockG\" id=\"rotateG_08\"><\/div>\n\t\t\t<\/div>\n\t\t\t<div class=\"WooZone-cross-sell-loader-text\"><\/div>\n\t\t<\/div>\n\t<\/div>\n\n\t\t\n<\/div>\n<div style=\"clear:both;\"><\/div><\/p>\n","protected":false},"excerpt":{"rendered":"<p>HOCHWERTIG: Mit unserem hochwertigen Musselin aus 100% Baumwolle k\u00f6nnen Sie sicher sein, dass Sie das Beste f\u00fcr den Komfort Ihres Babys tun. Hervorragende Atmungsaktivit\u00e4t, nat\u00fcrliche Elastizit\u00e4t, Weichheit und Haltbarkeit. Babyartikel, die ein Leben lang halten und \u00fcber Generationen hinweg Freude bereiten!<br \/>\nKUSCHELIGER KOMFORT: Unsere treuen Kunden nennen sie unsere &#8220;magische&#8221; Decke, die so kuschelig ist, dass sie Babys in den Schlaf wiegt! Atmungsaktives und weiches Musselin-Material verhindert \u00dcberhitzung und ist sanft zu Babys empfindlicher Haut.<br \/>\nGROSS, VIELSEITIG &amp; STYLISCH: Unsere gro\u00dfe 112cm x 112cm gro\u00dfe Decke bietet Ihnen und Ihrem kleinen Liebling gen\u00fcgend Platz, ohne dass Sie bef\u00fcrchten m\u00fcssen, dass er zu schnell aus der Decke herausw\u00e4chst! Sie hat die perfekte Gr\u00f6\u00dfe zum Spielen, f\u00fcr das B\u00e4uchlein, zum Schlafengehen und f\u00fcr jede Zeit dazwischen. Kein Wunder, dass sich unruhige Kleinkinder und Neugeborene an sie klammern, um sich zu tr\u00f6sten und sicher durch die Nacht zu schlafen.<\/p>\n","protected":false},"featured_media":146857,"comment_status":"open","ping_status":"closed","template":"","meta":[],"product_brand":[],"product_cat":[21,8825],"product_tag":[],"class_list":{"0":"post-146856","1":"product","2":"type-product","3":"status-publish","4":"has-post-thumbnail","6":"product_cat-baby","7":"product_cat-baby-kleinkinderzimmer-baby","8":"pa_binding-babyartikel","9":"pa_brand-aden-plus-anais","10":"pa_color-harry-potter","11":"pa_height-0-00399999999592-zoll","12":"pa_length-44-094488144-zoll","13":"pa_manufacturer-aden-plus-anais-essentials","14":"pa_model-embc10009hp","15":"pa_size-112x112-cm-1er-pack","16":"pa_weight-1-2786811196-pfund","17":"pa_width-43-99999995512-zoll","19":"first","20":"instock","21":"shipping-taxable","22":"purchasable","23":"product-type-simple","24":"customify-col","25":"product-has-gallery"},"yoast_head":"<!-- This site is optimized with the Yoast SEO plugin v27.3 - https:\/\/yoast.com\/product\/yoast-seo-wordpress\/ -->\n<title>aden + anais\u2122 Essentials Cotton Muslin Blanket Harry Potter\u2122 - Markt-XXL<\/title>\n<meta name=\"description\" content=\"Markt-XXL aden + anais\u2122 Essentials Cotton Muslin Blanket Harry Potter\u2122\" \/>\n<meta name=\"robots\" content=\"index, follow, max-snippet:-1, max-image-preview:large, max-video-preview:-1\" \/>\n<link rel=\"canonical\" href=\"https:\/\/marktxxl.de\/markt\/produkt\/aden-anais-essentials-cotton-muslin-blanket-harry-potter\/\" \/>\n<meta property=\"og:locale\" content=\"de_DE\" \/>\n<meta property=\"og:type\" content=\"article\" \/>\n<meta property=\"og:title\" content=\"aden + anais\u2122 Essentials Cotton Muslin Blanket Harry Potter\u2122 - Markt-XXL\" \/>\n<meta property=\"og:description\" content=\"Markt-XXL aden + anais\u2122 Essentials Cotton Muslin Blanket Harry Potter\u2122\" \/>\n<meta property=\"og:url\" content=\"https:\/\/marktxxl.de\/markt\/produkt\/aden-anais-essentials-cotton-muslin-blanket-harry-potter\/\" \/>\n<meta property=\"og:site_name\" content=\"Markt-XXL\" \/>\n<meta property=\"article:modified_time\" content=\"2023-04-11T02:25:19+00:00\" \/>\n<meta property=\"og:image\" content=\"https:\/\/m.media-amazon.com\/images\/I\/41vKe55MmVL._SL500_.jpg\" \/>\n\t<meta property=\"og:image:width\" content=\"500\" \/>\n\t<meta property=\"og:image:height\" content=\"500\" \/>\n\t<meta property=\"og:image:type\" content=\"image\/jpeg\" \/>\n<meta name=\"twitter:card\" content=\"summary_large_image\" \/>\n<meta name=\"twitter:label1\" content=\"Gesch\u00e4tzte Lesezeit\" \/>\n\t<meta name=\"twitter:data1\" content=\"1\u00a0Minute\" \/>\n<script type=\"application\/ld+json\" class=\"yoast-schema-graph\">{\"@context\":\"https:\\\/\\\/schema.org\",\"@graph\":[{\"@type\":\"WebPage\",\"@id\":\"https:\\\/\\\/marktxxl.de\\\/markt\\\/produkt\\\/aden-anais-essentials-cotton-muslin-blanket-harry-potter\\\/\",\"url\":\"https:\\\/\\\/marktxxl.de\\\/markt\\\/produkt\\\/aden-anais-essentials-cotton-muslin-blanket-harry-potter\\\/\",\"name\":\"aden + anais\u2122 Essentials Cotton Muslin Blanket Harry Potter\u2122 - Markt-XXL\",\"isPartOf\":{\"@id\":\"https:\\\/\\\/marktxxl.de\\\/markt\\\/#website\"},\"primaryImageOfPage\":{\"@id\":\"https:\\\/\\\/marktxxl.de\\\/markt\\\/produkt\\\/aden-anais-essentials-cotton-muslin-blanket-harry-potter\\\/#primaryimage\"},\"image\":{\"@id\":\"https:\\\/\\\/marktxxl.de\\\/markt\\\/produkt\\\/aden-anais-essentials-cotton-muslin-blanket-harry-potter\\\/#primaryimage\"},\"thumbnailUrl\":\"https:\\\/\\\/m.media-amazon.com\\\/images\\\/I\\\/41vKe55MmVL._SL500_.jpg\",\"datePublished\":\"2022-09-11T18:58:12+00:00\",\"dateModified\":\"2023-04-11T02:25:19+00:00\",\"description\":\"Markt-XXL aden + anais\u2122 Essentials Cotton Muslin Blanket Harry Potter\u2122\",\"breadcrumb\":{\"@id\":\"https:\\\/\\\/marktxxl.de\\\/markt\\\/produkt\\\/aden-anais-essentials-cotton-muslin-blanket-harry-potter\\\/#breadcrumb\"},\"inLanguage\":\"de\",\"potentialAction\":[{\"@type\":\"ReadAction\",\"target\":[\"https:\\\/\\\/marktxxl.de\\\/markt\\\/produkt\\\/aden-anais-essentials-cotton-muslin-blanket-harry-potter\\\/\"]}]},{\"@type\":\"ImageObject\",\"inLanguage\":\"de\",\"@id\":\"https:\\\/\\\/marktxxl.de\\\/markt\\\/produkt\\\/aden-anais-essentials-cotton-muslin-blanket-harry-potter\\\/#primaryimage\",\"url\":\"https:\\\/\\\/m.media-amazon.com\\\/images\\\/I\\\/41vKe55MmVL._SL500_.jpg\",\"contentUrl\":\"https:\\\/\\\/m.media-amazon.com\\\/images\\\/I\\\/41vKe55MmVL._SL500_.jpg\",\"width\":500,\"height\":500},{\"@type\":\"BreadcrumbList\",\"@id\":\"https:\\\/\\\/marktxxl.de\\\/markt\\\/produkt\\\/aden-anais-essentials-cotton-muslin-blanket-harry-potter\\\/#breadcrumb\",\"itemListElement\":[{\"@type\":\"ListItem\",\"position\":1,\"name\":\"Startseite\",\"item\":\"https:\\\/\\\/marktxxl.de\\\/markt\\\/\"},{\"@type\":\"ListItem\",\"position\":2,\"name\":\"Markt\",\"item\":\"https:\\\/\\\/marktxxl.de\\\/markt\\\/\"},{\"@type\":\"ListItem\",\"position\":3,\"name\":\"aden + anais\u2122 Essentials Cotton Muslin Blanket Harry Potter\u2122\"}]},{\"@type\":\"WebSite\",\"@id\":\"https:\\\/\\\/marktxxl.de\\\/markt\\\/#website\",\"url\":\"https:\\\/\\\/marktxxl.de\\\/markt\\\/\",\"name\":\"Markt-XXL\",\"description\":\"Ihr Markt Online\",\"publisher\":{\"@id\":\"https:\\\/\\\/marktxxl.de\\\/markt\\\/#organization\"},\"potentialAction\":[{\"@type\":\"SearchAction\",\"target\":{\"@type\":\"EntryPoint\",\"urlTemplate\":\"https:\\\/\\\/marktxxl.de\\\/markt\\\/?s={search_term_string}\"},\"query-input\":{\"@type\":\"PropertyValueSpecification\",\"valueRequired\":true,\"valueName\":\"search_term_string\"}}],\"inLanguage\":\"de\"},{\"@type\":\"Organization\",\"@id\":\"https:\\\/\\\/marktxxl.de\\\/markt\\\/#organization\",\"name\":\"Markt-XXL\",\"url\":\"https:\\\/\\\/marktxxl.de\\\/markt\\\/\",\"logo\":{\"@type\":\"ImageObject\",\"inLanguage\":\"de\",\"@id\":\"https:\\\/\\\/marktxxl.de\\\/markt\\\/#\\\/schema\\\/logo\\\/image\\\/\",\"url\":\"https:\\\/\\\/marktxxl.de\\\/markt\\\/wp-content\\\/uploads\\\/sites\\\/3\\\/2020\\\/12\\\/logo.png\",\"contentUrl\":\"https:\\\/\\\/marktxxl.de\\\/markt\\\/wp-content\\\/uploads\\\/sites\\\/3\\\/2020\\\/12\\\/logo.png\",\"width\":200,\"height\":70,\"caption\":\"Markt-XXL\"},\"image\":{\"@id\":\"https:\\\/\\\/marktxxl.de\\\/markt\\\/#\\\/schema\\\/logo\\\/image\\\/\"}}]}<\/script>\n<!-- \/ Yoast SEO plugin. -->","yoast_head_json":{"title":"aden + anais\u2122 Essentials Cotton Muslin Blanket Harry Potter\u2122 - Markt-XXL","description":"Markt-XXL aden + anais\u2122 Essentials Cotton Muslin Blanket Harry Potter\u2122","robots":{"index":"index","follow":"follow","max-snippet":"max-snippet:-1","max-image-preview":"max-image-preview:large","max-video-preview":"max-video-preview:-1"},"canonical":"https:\/\/marktxxl.de\/markt\/produkt\/aden-anais-essentials-cotton-muslin-blanket-harry-potter\/","og_locale":"de_DE","og_type":"article","og_title":"aden + anais\u2122 Essentials Cotton Muslin Blanket Harry Potter\u2122 - Markt-XXL","og_description":"Markt-XXL aden + anais\u2122 Essentials Cotton Muslin Blanket Harry Potter\u2122","og_url":"https:\/\/marktxxl.de\/markt\/produkt\/aden-anais-essentials-cotton-muslin-blanket-harry-potter\/","og_site_name":"Markt-XXL","article_modified_time":"2023-04-11T02:25:19+00:00","og_image":[{"width":500,"height":500,"url":"https:\/\/m.media-amazon.com\/images\/I\/41vKe55MmVL._SL500_.jpg","type":"image\/jpeg"}],"twitter_card":"summary_large_image","twitter_misc":{"Gesch\u00e4tzte Lesezeit":"1\u00a0Minute"},"schema":{"@context":"https:\/\/schema.org","@graph":[{"@type":"WebPage","@id":"https:\/\/marktxxl.de\/markt\/produkt\/aden-anais-essentials-cotton-muslin-blanket-harry-potter\/","url":"https:\/\/marktxxl.de\/markt\/produkt\/aden-anais-essentials-cotton-muslin-blanket-harry-potter\/","name":"aden + anais\u2122 Essentials Cotton Muslin Blanket Harry Potter\u2122 - Markt-XXL","isPartOf":{"@id":"https:\/\/marktxxl.de\/markt\/#website"},"primaryImageOfPage":{"@id":"https:\/\/marktxxl.de\/markt\/produkt\/aden-anais-essentials-cotton-muslin-blanket-harry-potter\/#primaryimage"},"image":{"@id":"https:\/\/marktxxl.de\/markt\/produkt\/aden-anais-essentials-cotton-muslin-blanket-harry-potter\/#primaryimage"},"thumbnailUrl":"https:\/\/m.media-amazon.com\/images\/I\/41vKe55MmVL._SL500_.jpg","datePublished":"2022-09-11T18:58:12+00:00","dateModified":"2023-04-11T02:25:19+00:00","description":"Markt-XXL aden + anais\u2122 Essentials Cotton Muslin Blanket Harry Potter\u2122","breadcrumb":{"@id":"https:\/\/marktxxl.de\/markt\/produkt\/aden-anais-essentials-cotton-muslin-blanket-harry-potter\/#breadcrumb"},"inLanguage":"de","potentialAction":[{"@type":"ReadAction","target":["https:\/\/marktxxl.de\/markt\/produkt\/aden-anais-essentials-cotton-muslin-blanket-harry-potter\/"]}]},{"@type":"ImageObject","inLanguage":"de","@id":"https:\/\/marktxxl.de\/markt\/produkt\/aden-anais-essentials-cotton-muslin-blanket-harry-potter\/#primaryimage","url":"https:\/\/m.media-amazon.com\/images\/I\/41vKe55MmVL._SL500_.jpg","contentUrl":"https:\/\/m.media-amazon.com\/images\/I\/41vKe55MmVL._SL500_.jpg","width":500,"height":500},{"@type":"BreadcrumbList","@id":"https:\/\/marktxxl.de\/markt\/produkt\/aden-anais-essentials-cotton-muslin-blanket-harry-potter\/#breadcrumb","itemListElement":[{"@type":"ListItem","position":1,"name":"Startseite","item":"https:\/\/marktxxl.de\/markt\/"},{"@type":"ListItem","position":2,"name":"Markt","item":"https:\/\/marktxxl.de\/markt\/"},{"@type":"ListItem","position":3,"name":"aden + anais\u2122 Essentials Cotton Muslin Blanket Harry Potter\u2122"}]},{"@type":"WebSite","@id":"https:\/\/marktxxl.de\/markt\/#website","url":"https:\/\/marktxxl.de\/markt\/","name":"Markt-XXL","description":"Ihr Markt Online","publisher":{"@id":"https:\/\/marktxxl.de\/markt\/#organization"},"potentialAction":[{"@type":"SearchAction","target":{"@type":"EntryPoint","urlTemplate":"https:\/\/marktxxl.de\/markt\/?s={search_term_string}"},"query-input":{"@type":"PropertyValueSpecification","valueRequired":true,"valueName":"search_term_string"}}],"inLanguage":"de"},{"@type":"Organization","@id":"https:\/\/marktxxl.de\/markt\/#organization","name":"Markt-XXL","url":"https:\/\/marktxxl.de\/markt\/","logo":{"@type":"ImageObject","inLanguage":"de","@id":"https:\/\/marktxxl.de\/markt\/#\/schema\/logo\/image\/","url":"https:\/\/marktxxl.de\/markt\/wp-content\/uploads\/sites\/3\/2020\/12\/logo.png","contentUrl":"https:\/\/marktxxl.de\/markt\/wp-content\/uploads\/sites\/3\/2020\/12\/logo.png","width":200,"height":70,"caption":"Markt-XXL"},"image":{"@id":"https:\/\/marktxxl.de\/markt\/#\/schema\/logo\/image\/"}}]}},"_links":{"self":[{"href":"https:\/\/marktxxl.de\/markt\/wp-json\/wp\/v2\/product\/146856","targetHints":{"allow":["GET"]}}],"collection":[{"href":"https:\/\/marktxxl.de\/markt\/wp-json\/wp\/v2\/product"}],"about":[{"href":"https:\/\/marktxxl.de\/markt\/wp-json\/wp\/v2\/types\/product"}],"replies":[{"embeddable":true,"href":"https:\/\/marktxxl.de\/markt\/wp-json\/wp\/v2\/comments?post=146856"}],"wp:featuredmedia":[{"embeddable":true,"href":"https:\/\/marktxxl.de\/markt\/wp-json\/wp\/v2\/media\/146857"}],"wp:attachment":[{"href":"https:\/\/marktxxl.de\/markt\/wp-json\/wp\/v2\/media?parent=146856"}],"wp:term":[{"taxonomy":"product_brand","embeddable":true,"href":"https:\/\/marktxxl.de\/markt\/wp-json\/wp\/v2\/product_brand?post=146856"},{"taxonomy":"product_cat","embeddable":true,"href":"https:\/\/marktxxl.de\/markt\/wp-json\/wp\/v2\/product_cat?post=146856"},{"taxonomy":"product_tag","embeddable":true,"href":"https:\/\/marktxxl.de\/markt\/wp-json\/wp\/v2\/product_tag?post=146856"}],"curies":[{"name":"wp","href":"https:\/\/api.w.org\/{rel}","templated":true}]}}