{"id":146848,"date":"2022-09-11T20:58:06","date_gmt":"2022-09-11T18:58:06","guid":{"rendered":"https:\/\/marktxxl.de\/markt\/produkt\/emma-noah-premium-baby-schlafsack-mit-fuessen-sommer-bequem-atmungsaktiv-100-bio-baumwolle-oeko-tex-zertifiziert-flauschig-bewegungsfreiheit-1-0-tog\/"},"modified":"2023-04-11T04:25:19","modified_gmt":"2023-04-11T02:25:19","slug":"emma-noah-premium-baby-schlafsack-mit-fuessen-sommer-bequem-atmungsaktiv-100-bio-baumwolle-oeko-tex-zertifiziert-flauschig-bewegungsfreiheit-1-0-tog","status":"publish","type":"product","link":"https:\/\/marktxxl.de\/markt\/produkt\/emma-noah-premium-baby-schlafsack-mit-fuessen-sommer-bequem-atmungsaktiv-100-bio-baumwolle-oeko-tex-zertifiziert-flauschig-bewegungsfreiheit-1-0-tog\/","title":{"rendered":"emma &amp; noah Premium Baby Schlafsack mit F\u00fc\u00dfen Sommer, Bequem &amp; Atmungsaktiv, 100% Bio-Baumwolle, OEKO-TEX Zertifiziert\u2026"},"content":{"rendered":"<p>\ud835\udc12\ud835\udc22\ud835\udc1c\ud835\udc21\ud835\udc1e\ud835\udc2b \ud835\udc20\ud835\udc1e\ud835\udc1b\ud835\udc28\ud835\udc2b\ud835\udc20\ud835\udc1e\ud835\udc27: Unsere emma &amp; noah Kugelschlafs\u00e4cke Ganzjahr sind flauschig weich und durch die gro\u00dfz\u00fcgige Bewegungsfreiheit sehr bequem. Durch das Futter eignen sich unsere Schlafs\u00e4cke mit 2.5 TOG optimal f\u00fcr Zimmertemperaturen zwischen 15-21\u00b0C. Durch die hochwertige Verarbeitung und den Einsatz von 100% Bio-Baumwolle sind unsere Schlafs\u00e4cke atmungsaktiv und verhindert eine \u00dcberhitzung. Somit bieten sie einen sicheren und hohen Tragekomfort.<br \/>\n\ud835\udc0d\ud835\udc1a\ud835\udc1c\ud835\udc21\ud835\udc21\ud835\udc1a\ud835\udc25\ud835\udc2d\ud835\udc22\ud835\udc20 \ud835\udc29\ud835\udc2b\ud835\udc28\ud835\udc1d\ud835\udc2e\ud835\udc33\ud835\udc22\ud835\udc1e\ud835\udc2b\ud835\udc2d: Unsere emma &amp; noah Kugelschlafs\u00e4cke bestehen aus 100% Bio-Baumwolle und sind gepr\u00fcft frei von Schadstoffen. Zus\u00e4tzlich sind sie mit dem strengen OEKO-TEX Standard 100 Siegel zertifiziert. Dadurch sind unsere Schlafs\u00e4cke optimal f\u00fcr S\u00e4uglinge, Neugeborene Kinder und Allergiker geeignet.<br \/>\n\ud835\udc16\ud835\udc2e\ud835\udc27\ud835\udc1d\ud835\udc1e\ud835\udc2b\ud835\udc1b\ud835\udc1a\ud835\udc2b \ud835\udc1a\ud835\udc2d\ud835\udc26\ud835\udc2e\ud835\udc27\ud835\udc20\ud835\udc2c\ud835\udc1a\ud835\udc24\ud835\udc2d\ud835\udc22\ud835\udc2f: Unsere Strampels\u00e4cke Ganzjahr bestehen aus zwei Lagen 100% Bio-Baumwolle und sind leicht gef\u00fcttert. Dadurch sind unsere Schlafs\u00e4cke atmungsaktiv und verhindern Schwitzen und \u00dcberhitzen Deines Babys. Unsere Ganzjahresschlafs\u00e4cke haben 2.5 TOG und eignen sich daher optimal f\u00fcr Zimmertemperaturen von 15-21\u00b0C.<br \/>\n\ud835\udc0f\ud835\udc2b\ud835\udc1a\ud835\udc24\ud835\udc2d\ud835\udc22\ud835\udc2c\ud835\udc1c\ud835\udc21 &amp; \ud835\udc25\ud835\udc1a\ud835\udc27\ud835\udc20\ud835\udc25\ud835\udc1e\ud835\udc1b\ud835\udc22\ud835\udc20: Unsere emma &amp; noah Ganzjahres Schlafs\u00e4cke lassen sich schnell und einfach anziehen. Auch Windeln lassen sich, durch den durchdachten Komfort-Rei\u00dfverschluss, ganz enspannt wechseln. Unsere Schlafs\u00e4cke k\u00f6nnen bei 40\u00b0C gewaschen und auf niedriger Stufe geb\u00fcgelt werden. Unsere Schlafs\u00e4cke behalten auch bei h\u00e4ufigem Waschen ihre Form, Farbe und Weichheit.<br \/>\n\ud835\udc0e\ud835\udc29\ud835\udc2d\ud835\udc22\ud835\udc26\ud835\udc1a\ud835\udc25\ud835\udc1e \ud835\udc0f\ud835\udc1a\ud835\udc2c\ud835\udc2c\ud835\udc1f\ud835\udc28\ud835\udc2b\ud835\udc26: Um die perfekte Gr\u00f6\u00dfe Deines emma &amp; noah Ganzjahresschlafsacks zu bestimmen, empfehlen wir die L\u00e4nge Deines Kindes von den Schultern bis zu den F\u00fc\u00dfen zu messen und 5-10 cm zu addieren. Zur Hilfe kannst Du gerne die Gr\u00f6\u00dfentabelle in den Bildern anschauen oder uns jederzeit kontaktieren. Wir helfen Dir gerne weiter.<br \/>\n<div class=\"main-cross-sell\" data-asin=\"B08DW3KFJ4\">\n\n\t<div class=\"WooZone-cross-sell-loader\">\n\t\t<div>\n\t\t\t<div id=\"floatingBarsG\">\n\t\t\t\t<div class=\"blockG\" id=\"rotateG_01\"><\/div>\n\t\t\t\t<div class=\"blockG\" id=\"rotateG_02\"><\/div>\n\t\t\t\t<div class=\"blockG\" id=\"rotateG_03\"><\/div>\n\t\t\t\t<div class=\"blockG\" id=\"rotateG_04\"><\/div>\n\t\t\t\t<div class=\"blockG\" id=\"rotateG_05\"><\/div>\n\t\t\t\t<div class=\"blockG\" id=\"rotateG_06\"><\/div>\n\t\t\t\t<div class=\"blockG\" id=\"rotateG_07\"><\/div>\n\t\t\t\t<div class=\"blockG\" id=\"rotateG_08\"><\/div>\n\t\t\t<\/div>\n\t\t\t<div class=\"WooZone-cross-sell-loader-text\"><\/div>\n\t\t<\/div>\n\t<\/div>\n\n\t\t\n<\/div>\n<div style=\"clear:both;\"><\/div><\/p>\n","protected":false},"excerpt":{"rendered":"<p>\ud835\udc12\ud835\udc22\ud835\udc1c\ud835\udc21\ud835\udc1e\ud835\udc2b \ud835\udc20\ud835\udc1e\ud835\udc1b\ud835\udc28\ud835\udc2b\ud835\udc20\ud835\udc1e\ud835\udc27: Unsere emma &amp; noah Kugelschlafs\u00e4cke Ganzjahr sind flauschig weich und durch die gro\u00dfz\u00fcgige Bewegungsfreiheit sehr bequem. Durch das Futter eignen sich unsere Schlafs\u00e4cke mit 2.5 TOG optimal f\u00fcr Zimmertemperaturen zwischen 15-21\u00b0C. Durch die hochwertige Verarbeitung und den Einsatz von 100% Bio-Baumwolle sind unsere Schlafs\u00e4cke atmungsaktiv und verhindert eine \u00dcberhitzung. Somit bieten sie einen sicheren und hohen Tragekomfort.<br \/>\n\ud835\udc0d\ud835\udc1a\ud835\udc1c\ud835\udc21\ud835\udc21\ud835\udc1a\ud835\udc25\ud835\udc2d\ud835\udc22\ud835\udc20 \ud835\udc29\ud835\udc2b\ud835\udc28\ud835\udc1d\ud835\udc2e\ud835\udc33\ud835\udc22\ud835\udc1e\ud835\udc2b\ud835\udc2d: Unsere emma &amp; noah Kugelschlafs\u00e4cke bestehen aus 100% Bio-Baumwolle und sind gepr\u00fcft frei von Schadstoffen. Zus\u00e4tzlich sind sie mit dem strengen OEKO-TEX Standard 100 Siegel zertifiziert. Dadurch sind unsere Schlafs\u00e4cke optimal f\u00fcr S\u00e4uglinge, Neugeborene Kinder und Allergiker geeignet.<br \/>\n\ud835\udc16\ud835\udc2e\ud835\udc27\ud835\udc1d\ud835\udc1e\ud835\udc2b\ud835\udc1b\ud835\udc1a\ud835\udc2b \ud835\udc1a\ud835\udc2d\ud835\udc26\ud835\udc2e\ud835\udc27\ud835\udc20\ud835\udc2c\ud835\udc1a\ud835\udc24\ud835\udc2d\ud835\udc22\ud835\udc2f: Unsere Strampels\u00e4cke Ganzjahr bestehen aus zwei Lagen 100% Bio-Baumwolle und sind leicht gef\u00fcttert. Dadurch sind unsere Schlafs\u00e4cke atmungsaktiv und verhindern Schwitzen und \u00dcberhitzen Deines Babys. Unsere Ganzjahresschlafs\u00e4cke haben 2.5 TOG und eignen sich daher optimal f\u00fcr Zimmertemperaturen von 15-21\u00b0C.<\/p>\n","protected":false},"featured_media":146849,"comment_status":"open","ping_status":"closed","template":"","meta":[],"product_brand":[],"product_cat":[21,8825],"product_tag":[],"class_list":{"0":"post-146848","1":"product","2":"type-product","3":"status-publish","4":"has-post-thumbnail","6":"product_cat-baby","7":"product_cat-baby-kleinkinderzimmer-baby","8":"pa_brand-emma-noah","9":"pa_manufacturer-emma-noah","11":"first","12":"instock","13":"shipping-taxable","14":"purchasable","15":"product-type-simple","16":"customify-col","17":"product-has-gallery"},"yoast_head":"<!-- This site is optimized with the Yoast SEO plugin v27.4 - https:\/\/yoast.com\/product\/yoast-seo-wordpress\/ -->\n<title>emma &amp; noah Premium Baby Schlafsack mit F\u00fc\u00dfen Sommer, Bequem &amp; Atmungsaktiv, 100% Bio-Baumwolle, OEKO-TEX Zertifiziert\u2026 - Markt-XXL<\/title>\n<meta name=\"description\" content=\"Markt-XXL emma &amp; noah Premium Baby Schlafsack mit F\u00fc\u00dfen Sommer, Bequem &amp; Atmungsaktiv, 100% Bio-Baumwolle, OEKO-TEX Zertifiziert\u2026\" \/>\n<meta name=\"robots\" content=\"index, follow, max-snippet:-1, max-image-preview:large, max-video-preview:-1\" \/>\n<link rel=\"canonical\" href=\"https:\/\/marktxxl.de\/markt\/produkt\/emma-noah-premium-baby-schlafsack-mit-fuessen-sommer-bequem-atmungsaktiv-100-bio-baumwolle-oeko-tex-zertifiziert-flauschig-bewegungsfreiheit-1-0-tog\/\" \/>\n<meta property=\"og:locale\" content=\"de_DE\" \/>\n<meta property=\"og:type\" content=\"article\" \/>\n<meta property=\"og:title\" content=\"emma &amp; noah Premium Baby Schlafsack mit F\u00fc\u00dfen Sommer, Bequem &amp; Atmungsaktiv, 100% Bio-Baumwolle, OEKO-TEX Zertifiziert\u2026 - Markt-XXL\" \/>\n<meta property=\"og:description\" content=\"Markt-XXL emma &amp; noah Premium Baby Schlafsack mit F\u00fc\u00dfen Sommer, Bequem &amp; Atmungsaktiv, 100% Bio-Baumwolle, OEKO-TEX Zertifiziert\u2026\" \/>\n<meta property=\"og:url\" content=\"https:\/\/marktxxl.de\/markt\/produkt\/emma-noah-premium-baby-schlafsack-mit-fuessen-sommer-bequem-atmungsaktiv-100-bio-baumwolle-oeko-tex-zertifiziert-flauschig-bewegungsfreiheit-1-0-tog\/\" \/>\n<meta property=\"og:site_name\" content=\"Markt-XXL\" \/>\n<meta property=\"article:modified_time\" content=\"2023-04-11T02:25:19+00:00\" \/>\n<meta property=\"og:image\" content=\"https:\/\/m.media-amazon.com\/images\/I\/41iQ3sjRlyL._SL500_.jpg\" \/>\n\t<meta property=\"og:image:width\" content=\"500\" \/>\n\t<meta property=\"og:image:height\" content=\"500\" \/>\n\t<meta property=\"og:image:type\" content=\"image\/jpeg\" \/>\n<meta name=\"twitter:card\" content=\"summary_large_image\" \/>\n<meta name=\"twitter:label1\" content=\"Gesch\u00e4tzte Lesezeit\" \/>\n\t<meta name=\"twitter:data1\" content=\"1\u00a0Minute\" \/>\n<script type=\"application\/ld+json\" class=\"yoast-schema-graph\">{\"@context\":\"https:\\\/\\\/schema.org\",\"@graph\":[{\"@type\":\"WebPage\",\"@id\":\"https:\\\/\\\/marktxxl.de\\\/markt\\\/produkt\\\/emma-noah-premium-baby-schlafsack-mit-fuessen-sommer-bequem-atmungsaktiv-100-bio-baumwolle-oeko-tex-zertifiziert-flauschig-bewegungsfreiheit-1-0-tog\\\/\",\"url\":\"https:\\\/\\\/marktxxl.de\\\/markt\\\/produkt\\\/emma-noah-premium-baby-schlafsack-mit-fuessen-sommer-bequem-atmungsaktiv-100-bio-baumwolle-oeko-tex-zertifiziert-flauschig-bewegungsfreiheit-1-0-tog\\\/\",\"name\":\"emma &amp; noah Premium Baby Schlafsack mit F\u00fc\u00dfen Sommer, Bequem &amp; Atmungsaktiv, 100% Bio-Baumwolle, OEKO-TEX Zertifiziert\u2026 - Markt-XXL\",\"isPartOf\":{\"@id\":\"https:\\\/\\\/marktxxl.de\\\/markt\\\/#website\"},\"primaryImageOfPage\":{\"@id\":\"https:\\\/\\\/marktxxl.de\\\/markt\\\/produkt\\\/emma-noah-premium-baby-schlafsack-mit-fuessen-sommer-bequem-atmungsaktiv-100-bio-baumwolle-oeko-tex-zertifiziert-flauschig-bewegungsfreiheit-1-0-tog\\\/#primaryimage\"},\"image\":{\"@id\":\"https:\\\/\\\/marktxxl.de\\\/markt\\\/produkt\\\/emma-noah-premium-baby-schlafsack-mit-fuessen-sommer-bequem-atmungsaktiv-100-bio-baumwolle-oeko-tex-zertifiziert-flauschig-bewegungsfreiheit-1-0-tog\\\/#primaryimage\"},\"thumbnailUrl\":\"https:\\\/\\\/m.media-amazon.com\\\/images\\\/I\\\/41iQ3sjRlyL._SL500_.jpg\",\"datePublished\":\"2022-09-11T18:58:06+00:00\",\"dateModified\":\"2023-04-11T02:25:19+00:00\",\"description\":\"Markt-XXL emma &amp; noah Premium Baby Schlafsack mit F\u00fc\u00dfen Sommer, Bequem &amp; Atmungsaktiv, 100% Bio-Baumwolle, OEKO-TEX Zertifiziert\u2026\",\"breadcrumb\":{\"@id\":\"https:\\\/\\\/marktxxl.de\\\/markt\\\/produkt\\\/emma-noah-premium-baby-schlafsack-mit-fuessen-sommer-bequem-atmungsaktiv-100-bio-baumwolle-oeko-tex-zertifiziert-flauschig-bewegungsfreiheit-1-0-tog\\\/#breadcrumb\"},\"inLanguage\":\"de\",\"potentialAction\":[{\"@type\":\"ReadAction\",\"target\":[\"https:\\\/\\\/marktxxl.de\\\/markt\\\/produkt\\\/emma-noah-premium-baby-schlafsack-mit-fuessen-sommer-bequem-atmungsaktiv-100-bio-baumwolle-oeko-tex-zertifiziert-flauschig-bewegungsfreiheit-1-0-tog\\\/\"]}]},{\"@type\":\"ImageObject\",\"inLanguage\":\"de\",\"@id\":\"https:\\\/\\\/marktxxl.de\\\/markt\\\/produkt\\\/emma-noah-premium-baby-schlafsack-mit-fuessen-sommer-bequem-atmungsaktiv-100-bio-baumwolle-oeko-tex-zertifiziert-flauschig-bewegungsfreiheit-1-0-tog\\\/#primaryimage\",\"url\":\"https:\\\/\\\/m.media-amazon.com\\\/images\\\/I\\\/41iQ3sjRlyL._SL500_.jpg\",\"contentUrl\":\"https:\\\/\\\/m.media-amazon.com\\\/images\\\/I\\\/41iQ3sjRlyL._SL500_.jpg\",\"width\":500,\"height\":500},{\"@type\":\"BreadcrumbList\",\"@id\":\"https:\\\/\\\/marktxxl.de\\\/markt\\\/produkt\\\/emma-noah-premium-baby-schlafsack-mit-fuessen-sommer-bequem-atmungsaktiv-100-bio-baumwolle-oeko-tex-zertifiziert-flauschig-bewegungsfreiheit-1-0-tog\\\/#breadcrumb\",\"itemListElement\":[{\"@type\":\"ListItem\",\"position\":1,\"name\":\"Startseite\",\"item\":\"https:\\\/\\\/marktxxl.de\\\/markt\\\/\"},{\"@type\":\"ListItem\",\"position\":2,\"name\":\"Markt\",\"item\":\"https:\\\/\\\/marktxxl.de\\\/markt\\\/\"},{\"@type\":\"ListItem\",\"position\":3,\"name\":\"emma &amp; noah Premium Baby Schlafsack mit F\u00fc\u00dfen Sommer, Bequem &amp; Atmungsaktiv, 100% Bio-Baumwolle, OEKO-TEX Zertifiziert\u2026\"}]},{\"@type\":\"WebSite\",\"@id\":\"https:\\\/\\\/marktxxl.de\\\/markt\\\/#website\",\"url\":\"https:\\\/\\\/marktxxl.de\\\/markt\\\/\",\"name\":\"Markt-XXL\",\"description\":\"Ihr Markt Online\",\"publisher\":{\"@id\":\"https:\\\/\\\/marktxxl.de\\\/markt\\\/#organization\"},\"potentialAction\":[{\"@type\":\"SearchAction\",\"target\":{\"@type\":\"EntryPoint\",\"urlTemplate\":\"https:\\\/\\\/marktxxl.de\\\/markt\\\/?s={search_term_string}\"},\"query-input\":{\"@type\":\"PropertyValueSpecification\",\"valueRequired\":true,\"valueName\":\"search_term_string\"}}],\"inLanguage\":\"de\"},{\"@type\":\"Organization\",\"@id\":\"https:\\\/\\\/marktxxl.de\\\/markt\\\/#organization\",\"name\":\"Markt-XXL\",\"url\":\"https:\\\/\\\/marktxxl.de\\\/markt\\\/\",\"logo\":{\"@type\":\"ImageObject\",\"inLanguage\":\"de\",\"@id\":\"https:\\\/\\\/marktxxl.de\\\/markt\\\/#\\\/schema\\\/logo\\\/image\\\/\",\"url\":\"https:\\\/\\\/marktxxl.de\\\/markt\\\/wp-content\\\/uploads\\\/sites\\\/3\\\/2020\\\/12\\\/logo.png\",\"contentUrl\":\"https:\\\/\\\/marktxxl.de\\\/markt\\\/wp-content\\\/uploads\\\/sites\\\/3\\\/2020\\\/12\\\/logo.png\",\"width\":200,\"height\":70,\"caption\":\"Markt-XXL\"},\"image\":{\"@id\":\"https:\\\/\\\/marktxxl.de\\\/markt\\\/#\\\/schema\\\/logo\\\/image\\\/\"}}]}<\/script>\n<!-- \/ Yoast SEO plugin. -->","yoast_head_json":{"title":"emma &amp; noah Premium Baby Schlafsack mit F\u00fc\u00dfen Sommer, Bequem &amp; Atmungsaktiv, 100% Bio-Baumwolle, OEKO-TEX Zertifiziert\u2026 - Markt-XXL","description":"Markt-XXL emma &amp; noah Premium Baby Schlafsack mit F\u00fc\u00dfen Sommer, Bequem &amp; Atmungsaktiv, 100% Bio-Baumwolle, OEKO-TEX Zertifiziert\u2026","robots":{"index":"index","follow":"follow","max-snippet":"max-snippet:-1","max-image-preview":"max-image-preview:large","max-video-preview":"max-video-preview:-1"},"canonical":"https:\/\/marktxxl.de\/markt\/produkt\/emma-noah-premium-baby-schlafsack-mit-fuessen-sommer-bequem-atmungsaktiv-100-bio-baumwolle-oeko-tex-zertifiziert-flauschig-bewegungsfreiheit-1-0-tog\/","og_locale":"de_DE","og_type":"article","og_title":"emma &amp; noah Premium Baby Schlafsack mit F\u00fc\u00dfen Sommer, Bequem &amp; Atmungsaktiv, 100% Bio-Baumwolle, OEKO-TEX Zertifiziert\u2026 - Markt-XXL","og_description":"Markt-XXL emma &amp; noah Premium Baby Schlafsack mit F\u00fc\u00dfen Sommer, Bequem &amp; Atmungsaktiv, 100% Bio-Baumwolle, OEKO-TEX Zertifiziert\u2026","og_url":"https:\/\/marktxxl.de\/markt\/produkt\/emma-noah-premium-baby-schlafsack-mit-fuessen-sommer-bequem-atmungsaktiv-100-bio-baumwolle-oeko-tex-zertifiziert-flauschig-bewegungsfreiheit-1-0-tog\/","og_site_name":"Markt-XXL","article_modified_time":"2023-04-11T02:25:19+00:00","og_image":[{"width":500,"height":500,"url":"https:\/\/m.media-amazon.com\/images\/I\/41iQ3sjRlyL._SL500_.jpg","type":"image\/jpeg"}],"twitter_card":"summary_large_image","twitter_misc":{"Gesch\u00e4tzte Lesezeit":"1\u00a0Minute"},"schema":{"@context":"https:\/\/schema.org","@graph":[{"@type":"WebPage","@id":"https:\/\/marktxxl.de\/markt\/produkt\/emma-noah-premium-baby-schlafsack-mit-fuessen-sommer-bequem-atmungsaktiv-100-bio-baumwolle-oeko-tex-zertifiziert-flauschig-bewegungsfreiheit-1-0-tog\/","url":"https:\/\/marktxxl.de\/markt\/produkt\/emma-noah-premium-baby-schlafsack-mit-fuessen-sommer-bequem-atmungsaktiv-100-bio-baumwolle-oeko-tex-zertifiziert-flauschig-bewegungsfreiheit-1-0-tog\/","name":"emma &amp; noah Premium Baby Schlafsack mit F\u00fc\u00dfen Sommer, Bequem &amp; Atmungsaktiv, 100% Bio-Baumwolle, OEKO-TEX Zertifiziert\u2026 - Markt-XXL","isPartOf":{"@id":"https:\/\/marktxxl.de\/markt\/#website"},"primaryImageOfPage":{"@id":"https:\/\/marktxxl.de\/markt\/produkt\/emma-noah-premium-baby-schlafsack-mit-fuessen-sommer-bequem-atmungsaktiv-100-bio-baumwolle-oeko-tex-zertifiziert-flauschig-bewegungsfreiheit-1-0-tog\/#primaryimage"},"image":{"@id":"https:\/\/marktxxl.de\/markt\/produkt\/emma-noah-premium-baby-schlafsack-mit-fuessen-sommer-bequem-atmungsaktiv-100-bio-baumwolle-oeko-tex-zertifiziert-flauschig-bewegungsfreiheit-1-0-tog\/#primaryimage"},"thumbnailUrl":"https:\/\/m.media-amazon.com\/images\/I\/41iQ3sjRlyL._SL500_.jpg","datePublished":"2022-09-11T18:58:06+00:00","dateModified":"2023-04-11T02:25:19+00:00","description":"Markt-XXL emma &amp; noah Premium Baby Schlafsack mit F\u00fc\u00dfen Sommer, Bequem &amp; Atmungsaktiv, 100% Bio-Baumwolle, OEKO-TEX Zertifiziert\u2026","breadcrumb":{"@id":"https:\/\/marktxxl.de\/markt\/produkt\/emma-noah-premium-baby-schlafsack-mit-fuessen-sommer-bequem-atmungsaktiv-100-bio-baumwolle-oeko-tex-zertifiziert-flauschig-bewegungsfreiheit-1-0-tog\/#breadcrumb"},"inLanguage":"de","potentialAction":[{"@type":"ReadAction","target":["https:\/\/marktxxl.de\/markt\/produkt\/emma-noah-premium-baby-schlafsack-mit-fuessen-sommer-bequem-atmungsaktiv-100-bio-baumwolle-oeko-tex-zertifiziert-flauschig-bewegungsfreiheit-1-0-tog\/"]}]},{"@type":"ImageObject","inLanguage":"de","@id":"https:\/\/marktxxl.de\/markt\/produkt\/emma-noah-premium-baby-schlafsack-mit-fuessen-sommer-bequem-atmungsaktiv-100-bio-baumwolle-oeko-tex-zertifiziert-flauschig-bewegungsfreiheit-1-0-tog\/#primaryimage","url":"https:\/\/m.media-amazon.com\/images\/I\/41iQ3sjRlyL._SL500_.jpg","contentUrl":"https:\/\/m.media-amazon.com\/images\/I\/41iQ3sjRlyL._SL500_.jpg","width":500,"height":500},{"@type":"BreadcrumbList","@id":"https:\/\/marktxxl.de\/markt\/produkt\/emma-noah-premium-baby-schlafsack-mit-fuessen-sommer-bequem-atmungsaktiv-100-bio-baumwolle-oeko-tex-zertifiziert-flauschig-bewegungsfreiheit-1-0-tog\/#breadcrumb","itemListElement":[{"@type":"ListItem","position":1,"name":"Startseite","item":"https:\/\/marktxxl.de\/markt\/"},{"@type":"ListItem","position":2,"name":"Markt","item":"https:\/\/marktxxl.de\/markt\/"},{"@type":"ListItem","position":3,"name":"emma &amp; noah Premium Baby Schlafsack mit F\u00fc\u00dfen Sommer, Bequem &amp; Atmungsaktiv, 100% Bio-Baumwolle, OEKO-TEX Zertifiziert\u2026"}]},{"@type":"WebSite","@id":"https:\/\/marktxxl.de\/markt\/#website","url":"https:\/\/marktxxl.de\/markt\/","name":"Markt-XXL","description":"Ihr Markt Online","publisher":{"@id":"https:\/\/marktxxl.de\/markt\/#organization"},"potentialAction":[{"@type":"SearchAction","target":{"@type":"EntryPoint","urlTemplate":"https:\/\/marktxxl.de\/markt\/?s={search_term_string}"},"query-input":{"@type":"PropertyValueSpecification","valueRequired":true,"valueName":"search_term_string"}}],"inLanguage":"de"},{"@type":"Organization","@id":"https:\/\/marktxxl.de\/markt\/#organization","name":"Markt-XXL","url":"https:\/\/marktxxl.de\/markt\/","logo":{"@type":"ImageObject","inLanguage":"de","@id":"https:\/\/marktxxl.de\/markt\/#\/schema\/logo\/image\/","url":"https:\/\/marktxxl.de\/markt\/wp-content\/uploads\/sites\/3\/2020\/12\/logo.png","contentUrl":"https:\/\/marktxxl.de\/markt\/wp-content\/uploads\/sites\/3\/2020\/12\/logo.png","width":200,"height":70,"caption":"Markt-XXL"},"image":{"@id":"https:\/\/marktxxl.de\/markt\/#\/schema\/logo\/image\/"}}]}},"_links":{"self":[{"href":"https:\/\/marktxxl.de\/markt\/wp-json\/wp\/v2\/product\/146848","targetHints":{"allow":["GET"]}}],"collection":[{"href":"https:\/\/marktxxl.de\/markt\/wp-json\/wp\/v2\/product"}],"about":[{"href":"https:\/\/marktxxl.de\/markt\/wp-json\/wp\/v2\/types\/product"}],"replies":[{"embeddable":true,"href":"https:\/\/marktxxl.de\/markt\/wp-json\/wp\/v2\/comments?post=146848"}],"wp:featuredmedia":[{"embeddable":true,"href":"https:\/\/marktxxl.de\/markt\/wp-json\/wp\/v2\/media\/146849"}],"wp:attachment":[{"href":"https:\/\/marktxxl.de\/markt\/wp-json\/wp\/v2\/media?parent=146848"}],"wp:term":[{"taxonomy":"product_brand","embeddable":true,"href":"https:\/\/marktxxl.de\/markt\/wp-json\/wp\/v2\/product_brand?post=146848"},{"taxonomy":"product_cat","embeddable":true,"href":"https:\/\/marktxxl.de\/markt\/wp-json\/wp\/v2\/product_cat?post=146848"},{"taxonomy":"product_tag","embeddable":true,"href":"https:\/\/marktxxl.de\/markt\/wp-json\/wp\/v2\/product_tag?post=146848"}],"curies":[{"name":"wp","href":"https:\/\/api.w.org\/{rel}","templated":true}]}}