{"id":146829,"date":"2022-09-11T20:56:11","date_gmt":"2022-09-11T18:56:11","guid":{"rendered":"https:\/\/marktxxl.de\/markt\/produkt\/designs-by-maria-inc-blumenkrone-safari-baby-tiere-kinderzimmer-dekor-4-stueck-ungerahmt\/"},"modified":"2023-04-11T04:25:19","modified_gmt":"2023-04-11T02:25:19","slug":"designs-by-maria-inc-blumenkrone-safari-baby-tiere-kinderzimmer-dekor-4-stueck-ungerahmt","status":"publish","type":"product","link":"https:\/\/marktxxl.de\/markt\/produkt\/designs-by-maria-inc-blumenkrone-safari-baby-tiere-kinderzimmer-dekor-4-stueck-ungerahmt\/","title":{"rendered":"Designs by Maria Inc. Blumenkrone, Safari-Baby-Tiere, Kinderzimmer-Dekor, 4 St\u00fcck, ungerahmt"},"content":{"rendered":"<p>\u2714 Entz\u00fcckende Fotografie \u2013 Set mit 4 ungerahmten Fotos von Safari-Baby-Tieren. Dieses absolut bezaubernde Set enth\u00e4lt 4 Babytiere: (Babygiraffe, Elefant, Zebra und L\u00f6wenjung). Unsere minimalistischen Tierdrucke sind auf einem hellen wei\u00dfen Hintergrund gesetzt und sind verspielte und doch raffinierte Wandkunst Erg\u00e4nzung f\u00fcr ein Kinderzimmer, Kinderzimmer oder f\u00fcr eine Safari-Geburtstagsparty.<br \/>\n\u2714 Minimalistische und doch anspruchsvolle Tierdrucke \u2013 schaffen Sie eine stimulierende Umgebung f\u00fcr Ihre Kleinen mit diesen lebhaften Wald- und Dschungeltier-Postern. Die kr\u00e4ftigen Farben kontrastieren auf dem wei\u00dfen Hintergrund und eine kr\u00e4ftige Form, damit sich Ihr Baby von der Innenseite seines Kinderbetts konzentrieren kann. Sie zeigen verschiedene Arten von Charakter &#8211; von verspielt bis einfach nur s\u00fc\u00df. Sie k\u00f6nnen nicht helfen, aber alle &#8220;aw&#8221; betrachten zu lassen.<br \/>\n\u2714 Fertig zum Rahmen \u2013 diese moderne Wandkunst f\u00fcr Kinderzimmer wird ungerahmt geliefert. Egal was die Pers\u00f6nlichkeit Ihres Kindes ist, sie kommen bereit zum Anpassen. Dekorieren Sie vor der Ankunft des Babys Gehen Sie auf Nummer sicher mit unserem geschlechtsneutralen Kreativ-Set. Au\u00dferdem sieht es nicht babyisch aus, wenn Ihr Kind \u00e4lter wird.<br \/>\n\u2714 Das feinste Material \u2013 Wir gehen nie Kompromisse bei der Qualit\u00e4t unserer Tierdrucke ein. Diese flauschigen Baby-Tiere sind auf stabilem, wei\u00dfem, steifem Karton mit Hochglanz-UV-Beschichtung gedruckt. Sie sind langlebig und staubabweisend. Das Ergebnis f\u00fcgt genau das richtige Ma\u00df an Textur zu Ihren Bildern hinzu, ohne die Details zu beeintr\u00e4chtigen. Ma\u00dfe: 20,3 x 25,4 cm.<br \/>\nInternational products have separate terms, are sold from abroad and may differ from local products, including fit, age ratings, and language of product, labeling or instructions.<br \/>\n<div class=\"main-cross-sell\" data-asin=\"B07JVMY5YL\">\n\n\t<div class=\"WooZone-cross-sell-loader\">\n\t\t<div>\n\t\t\t<div id=\"floatingBarsG\">\n\t\t\t\t<div class=\"blockG\" id=\"rotateG_01\"><\/div>\n\t\t\t\t<div class=\"blockG\" id=\"rotateG_02\"><\/div>\n\t\t\t\t<div class=\"blockG\" id=\"rotateG_03\"><\/div>\n\t\t\t\t<div class=\"blockG\" id=\"rotateG_04\"><\/div>\n\t\t\t\t<div class=\"blockG\" id=\"rotateG_05\"><\/div>\n\t\t\t\t<div class=\"blockG\" id=\"rotateG_06\"><\/div>\n\t\t\t\t<div class=\"blockG\" id=\"rotateG_07\"><\/div>\n\t\t\t\t<div class=\"blockG\" id=\"rotateG_08\"><\/div>\n\t\t\t<\/div>\n\t\t\t<div class=\"WooZone-cross-sell-loader-text\"><\/div>\n\t\t<\/div>\n\t<\/div>\n\n\t\t\n<\/div>\n<div style=\"clear:both;\"><\/div><\/p>\n","protected":false},"excerpt":{"rendered":"<p>\u2714 Entz\u00fcckende Fotografie \u2013 Set mit 4 ungerahmten Fotos von Safari-Baby-Tieren. Dieses absolut bezaubernde Set enth\u00e4lt 4 Babytiere: (Babygiraffe, Elefant, Zebra und L\u00f6wenjung). Unsere minimalistischen Tierdrucke sind auf einem hellen wei\u00dfen Hintergrund gesetzt und sind verspielte und doch raffinierte Wandkunst Erg\u00e4nzung f\u00fcr ein Kinderzimmer, Kinderzimmer oder f\u00fcr eine Safari-Geburtstagsparty.<br \/>\n\u2714 Minimalistische und doch anspruchsvolle Tierdrucke \u2013 schaffen Sie eine stimulierende Umgebung f\u00fcr Ihre Kleinen mit diesen lebhaften Wald- und Dschungeltier-Postern. Die kr\u00e4ftigen Farben kontrastieren auf dem wei\u00dfen Hintergrund und eine kr\u00e4ftige Form, damit sich Ihr Baby von der Innenseite seines Kinderbetts konzentrieren kann. Sie zeigen verschiedene Arten von Charakter &#8211; von verspielt bis einfach nur s\u00fc\u00df. Sie k\u00f6nnen nicht helfen, aber alle &#8220;aw&#8221; betrachten zu lassen.<br \/>\n\u2714 Fertig zum Rahmen \u2013 diese moderne Wandkunst f\u00fcr Kinderzimmer wird ungerahmt geliefert. Egal was die Pers\u00f6nlichkeit Ihres Kindes ist, sie kommen bereit zum Anpassen. Dekorieren Sie vor der Ankunft des Babys Gehen Sie auf Nummer sicher mit unserem geschlechtsneutralen Kreativ-Set. Au\u00dferdem sieht es nicht babyisch aus, wenn Ihr Kind \u00e4lter wird.<\/p>\n","protected":false},"featured_media":146830,"comment_status":"open","ping_status":"closed","template":"","meta":[],"product_brand":[],"product_cat":[21,8825],"product_tag":[],"class_list":{"0":"post-146829","1":"product","2":"type-product","3":"status-publish","4":"has-post-thumbnail","6":"product_cat-baby","7":"product_cat-baby-kleinkinderzimmer-baby","8":"pa_binding-haushaltswaren","9":"pa_brand-designs-by-maria-inc","10":"pa_color-option-4","11":"pa_height-0-1968503935-zoll","12":"pa_length-10-zoll","13":"pa_manufacturer-designs-by-maria-inc","14":"pa_size-8-x-10-inch","15":"pa_weight-0-1-pfund","16":"pa_width-8-zoll","18":"first","19":"instock","20":"shipping-taxable","21":"purchasable","22":"product-type-simple","23":"customify-col","24":"product-has-gallery"},"yoast_head":"<!-- This site is optimized with the Yoast SEO plugin v27.4 - https:\/\/yoast.com\/product\/yoast-seo-wordpress\/ -->\n<title>Designs by Maria Inc. Blumenkrone, Safari-Baby-Tiere, Kinderzimmer-Dekor, 4 St\u00fcck, ungerahmt - Markt-XXL<\/title>\n<meta name=\"description\" content=\"Markt-XXL Designs by Maria Inc. Blumenkrone, Safari-Baby-Tiere, Kinderzimmer-Dekor, 4 St\u00fcck, ungerahmt\" \/>\n<meta name=\"robots\" content=\"index, follow, max-snippet:-1, max-image-preview:large, max-video-preview:-1\" \/>\n<link rel=\"canonical\" href=\"https:\/\/marktxxl.de\/markt\/produkt\/designs-by-maria-inc-blumenkrone-safari-baby-tiere-kinderzimmer-dekor-4-stueck-ungerahmt\/\" \/>\n<meta property=\"og:locale\" content=\"de_DE\" \/>\n<meta property=\"og:type\" content=\"article\" \/>\n<meta property=\"og:title\" content=\"Designs by Maria Inc. Blumenkrone, Safari-Baby-Tiere, Kinderzimmer-Dekor, 4 St\u00fcck, ungerahmt - Markt-XXL\" \/>\n<meta property=\"og:description\" content=\"Markt-XXL Designs by Maria Inc. Blumenkrone, Safari-Baby-Tiere, Kinderzimmer-Dekor, 4 St\u00fcck, ungerahmt\" \/>\n<meta property=\"og:url\" content=\"https:\/\/marktxxl.de\/markt\/produkt\/designs-by-maria-inc-blumenkrone-safari-baby-tiere-kinderzimmer-dekor-4-stueck-ungerahmt\/\" \/>\n<meta property=\"og:site_name\" content=\"Markt-XXL\" \/>\n<meta property=\"article:modified_time\" content=\"2023-04-11T02:25:19+00:00\" \/>\n<meta property=\"og:image\" content=\"https:\/\/m.media-amazon.com\/images\/I\/41ApYywhY1L._SL500_.jpg\" \/>\n\t<meta property=\"og:image:width\" content=\"500\" \/>\n\t<meta property=\"og:image:height\" content=\"500\" \/>\n\t<meta property=\"og:image:type\" content=\"image\/jpeg\" \/>\n<meta name=\"twitter:card\" content=\"summary_large_image\" \/>\n<meta name=\"twitter:label1\" content=\"Gesch\u00e4tzte Lesezeit\" \/>\n\t<meta name=\"twitter:data1\" content=\"1\u00a0Minute\" \/>\n<script type=\"application\/ld+json\" class=\"yoast-schema-graph\">{\"@context\":\"https:\\\/\\\/schema.org\",\"@graph\":[{\"@type\":\"WebPage\",\"@id\":\"https:\\\/\\\/marktxxl.de\\\/markt\\\/produkt\\\/designs-by-maria-inc-blumenkrone-safari-baby-tiere-kinderzimmer-dekor-4-stueck-ungerahmt\\\/\",\"url\":\"https:\\\/\\\/marktxxl.de\\\/markt\\\/produkt\\\/designs-by-maria-inc-blumenkrone-safari-baby-tiere-kinderzimmer-dekor-4-stueck-ungerahmt\\\/\",\"name\":\"Designs by Maria Inc. Blumenkrone, Safari-Baby-Tiere, Kinderzimmer-Dekor, 4 St\u00fcck, ungerahmt - Markt-XXL\",\"isPartOf\":{\"@id\":\"https:\\\/\\\/marktxxl.de\\\/markt\\\/#website\"},\"primaryImageOfPage\":{\"@id\":\"https:\\\/\\\/marktxxl.de\\\/markt\\\/produkt\\\/designs-by-maria-inc-blumenkrone-safari-baby-tiere-kinderzimmer-dekor-4-stueck-ungerahmt\\\/#primaryimage\"},\"image\":{\"@id\":\"https:\\\/\\\/marktxxl.de\\\/markt\\\/produkt\\\/designs-by-maria-inc-blumenkrone-safari-baby-tiere-kinderzimmer-dekor-4-stueck-ungerahmt\\\/#primaryimage\"},\"thumbnailUrl\":\"https:\\\/\\\/m.media-amazon.com\\\/images\\\/I\\\/41ApYywhY1L._SL500_.jpg\",\"datePublished\":\"2022-09-11T18:56:11+00:00\",\"dateModified\":\"2023-04-11T02:25:19+00:00\",\"description\":\"Markt-XXL Designs by Maria Inc. Blumenkrone, Safari-Baby-Tiere, Kinderzimmer-Dekor, 4 St\u00fcck, ungerahmt\",\"breadcrumb\":{\"@id\":\"https:\\\/\\\/marktxxl.de\\\/markt\\\/produkt\\\/designs-by-maria-inc-blumenkrone-safari-baby-tiere-kinderzimmer-dekor-4-stueck-ungerahmt\\\/#breadcrumb\"},\"inLanguage\":\"de\",\"potentialAction\":[{\"@type\":\"ReadAction\",\"target\":[\"https:\\\/\\\/marktxxl.de\\\/markt\\\/produkt\\\/designs-by-maria-inc-blumenkrone-safari-baby-tiere-kinderzimmer-dekor-4-stueck-ungerahmt\\\/\"]}]},{\"@type\":\"ImageObject\",\"inLanguage\":\"de\",\"@id\":\"https:\\\/\\\/marktxxl.de\\\/markt\\\/produkt\\\/designs-by-maria-inc-blumenkrone-safari-baby-tiere-kinderzimmer-dekor-4-stueck-ungerahmt\\\/#primaryimage\",\"url\":\"https:\\\/\\\/m.media-amazon.com\\\/images\\\/I\\\/41ApYywhY1L._SL500_.jpg\",\"contentUrl\":\"https:\\\/\\\/m.media-amazon.com\\\/images\\\/I\\\/41ApYywhY1L._SL500_.jpg\",\"width\":500,\"height\":500},{\"@type\":\"BreadcrumbList\",\"@id\":\"https:\\\/\\\/marktxxl.de\\\/markt\\\/produkt\\\/designs-by-maria-inc-blumenkrone-safari-baby-tiere-kinderzimmer-dekor-4-stueck-ungerahmt\\\/#breadcrumb\",\"itemListElement\":[{\"@type\":\"ListItem\",\"position\":1,\"name\":\"Startseite\",\"item\":\"https:\\\/\\\/marktxxl.de\\\/markt\\\/\"},{\"@type\":\"ListItem\",\"position\":2,\"name\":\"Markt\",\"item\":\"https:\\\/\\\/marktxxl.de\\\/markt\\\/\"},{\"@type\":\"ListItem\",\"position\":3,\"name\":\"Designs by Maria Inc. Blumenkrone, Safari-Baby-Tiere, Kinderzimmer-Dekor, 4 St\u00fcck, ungerahmt\"}]},{\"@type\":\"WebSite\",\"@id\":\"https:\\\/\\\/marktxxl.de\\\/markt\\\/#website\",\"url\":\"https:\\\/\\\/marktxxl.de\\\/markt\\\/\",\"name\":\"Markt-XXL\",\"description\":\"Ihr Markt Online\",\"publisher\":{\"@id\":\"https:\\\/\\\/marktxxl.de\\\/markt\\\/#organization\"},\"potentialAction\":[{\"@type\":\"SearchAction\",\"target\":{\"@type\":\"EntryPoint\",\"urlTemplate\":\"https:\\\/\\\/marktxxl.de\\\/markt\\\/?s={search_term_string}\"},\"query-input\":{\"@type\":\"PropertyValueSpecification\",\"valueRequired\":true,\"valueName\":\"search_term_string\"}}],\"inLanguage\":\"de\"},{\"@type\":\"Organization\",\"@id\":\"https:\\\/\\\/marktxxl.de\\\/markt\\\/#organization\",\"name\":\"Markt-XXL\",\"url\":\"https:\\\/\\\/marktxxl.de\\\/markt\\\/\",\"logo\":{\"@type\":\"ImageObject\",\"inLanguage\":\"de\",\"@id\":\"https:\\\/\\\/marktxxl.de\\\/markt\\\/#\\\/schema\\\/logo\\\/image\\\/\",\"url\":\"https:\\\/\\\/marktxxl.de\\\/markt\\\/wp-content\\\/uploads\\\/sites\\\/3\\\/2020\\\/12\\\/logo.png\",\"contentUrl\":\"https:\\\/\\\/marktxxl.de\\\/markt\\\/wp-content\\\/uploads\\\/sites\\\/3\\\/2020\\\/12\\\/logo.png\",\"width\":200,\"height\":70,\"caption\":\"Markt-XXL\"},\"image\":{\"@id\":\"https:\\\/\\\/marktxxl.de\\\/markt\\\/#\\\/schema\\\/logo\\\/image\\\/\"}}]}<\/script>\n<!-- \/ Yoast SEO plugin. -->","yoast_head_json":{"title":"Designs by Maria Inc. Blumenkrone, Safari-Baby-Tiere, Kinderzimmer-Dekor, 4 St\u00fcck, ungerahmt - Markt-XXL","description":"Markt-XXL Designs by Maria Inc. Blumenkrone, Safari-Baby-Tiere, Kinderzimmer-Dekor, 4 St\u00fcck, ungerahmt","robots":{"index":"index","follow":"follow","max-snippet":"max-snippet:-1","max-image-preview":"max-image-preview:large","max-video-preview":"max-video-preview:-1"},"canonical":"https:\/\/marktxxl.de\/markt\/produkt\/designs-by-maria-inc-blumenkrone-safari-baby-tiere-kinderzimmer-dekor-4-stueck-ungerahmt\/","og_locale":"de_DE","og_type":"article","og_title":"Designs by Maria Inc. Blumenkrone, Safari-Baby-Tiere, Kinderzimmer-Dekor, 4 St\u00fcck, ungerahmt - Markt-XXL","og_description":"Markt-XXL Designs by Maria Inc. Blumenkrone, Safari-Baby-Tiere, Kinderzimmer-Dekor, 4 St\u00fcck, ungerahmt","og_url":"https:\/\/marktxxl.de\/markt\/produkt\/designs-by-maria-inc-blumenkrone-safari-baby-tiere-kinderzimmer-dekor-4-stueck-ungerahmt\/","og_site_name":"Markt-XXL","article_modified_time":"2023-04-11T02:25:19+00:00","og_image":[{"width":500,"height":500,"url":"https:\/\/m.media-amazon.com\/images\/I\/41ApYywhY1L._SL500_.jpg","type":"image\/jpeg"}],"twitter_card":"summary_large_image","twitter_misc":{"Gesch\u00e4tzte Lesezeit":"1\u00a0Minute"},"schema":{"@context":"https:\/\/schema.org","@graph":[{"@type":"WebPage","@id":"https:\/\/marktxxl.de\/markt\/produkt\/designs-by-maria-inc-blumenkrone-safari-baby-tiere-kinderzimmer-dekor-4-stueck-ungerahmt\/","url":"https:\/\/marktxxl.de\/markt\/produkt\/designs-by-maria-inc-blumenkrone-safari-baby-tiere-kinderzimmer-dekor-4-stueck-ungerahmt\/","name":"Designs by Maria Inc. Blumenkrone, Safari-Baby-Tiere, Kinderzimmer-Dekor, 4 St\u00fcck, ungerahmt - Markt-XXL","isPartOf":{"@id":"https:\/\/marktxxl.de\/markt\/#website"},"primaryImageOfPage":{"@id":"https:\/\/marktxxl.de\/markt\/produkt\/designs-by-maria-inc-blumenkrone-safari-baby-tiere-kinderzimmer-dekor-4-stueck-ungerahmt\/#primaryimage"},"image":{"@id":"https:\/\/marktxxl.de\/markt\/produkt\/designs-by-maria-inc-blumenkrone-safari-baby-tiere-kinderzimmer-dekor-4-stueck-ungerahmt\/#primaryimage"},"thumbnailUrl":"https:\/\/m.media-amazon.com\/images\/I\/41ApYywhY1L._SL500_.jpg","datePublished":"2022-09-11T18:56:11+00:00","dateModified":"2023-04-11T02:25:19+00:00","description":"Markt-XXL Designs by Maria Inc. Blumenkrone, Safari-Baby-Tiere, Kinderzimmer-Dekor, 4 St\u00fcck, ungerahmt","breadcrumb":{"@id":"https:\/\/marktxxl.de\/markt\/produkt\/designs-by-maria-inc-blumenkrone-safari-baby-tiere-kinderzimmer-dekor-4-stueck-ungerahmt\/#breadcrumb"},"inLanguage":"de","potentialAction":[{"@type":"ReadAction","target":["https:\/\/marktxxl.de\/markt\/produkt\/designs-by-maria-inc-blumenkrone-safari-baby-tiere-kinderzimmer-dekor-4-stueck-ungerahmt\/"]}]},{"@type":"ImageObject","inLanguage":"de","@id":"https:\/\/marktxxl.de\/markt\/produkt\/designs-by-maria-inc-blumenkrone-safari-baby-tiere-kinderzimmer-dekor-4-stueck-ungerahmt\/#primaryimage","url":"https:\/\/m.media-amazon.com\/images\/I\/41ApYywhY1L._SL500_.jpg","contentUrl":"https:\/\/m.media-amazon.com\/images\/I\/41ApYywhY1L._SL500_.jpg","width":500,"height":500},{"@type":"BreadcrumbList","@id":"https:\/\/marktxxl.de\/markt\/produkt\/designs-by-maria-inc-blumenkrone-safari-baby-tiere-kinderzimmer-dekor-4-stueck-ungerahmt\/#breadcrumb","itemListElement":[{"@type":"ListItem","position":1,"name":"Startseite","item":"https:\/\/marktxxl.de\/markt\/"},{"@type":"ListItem","position":2,"name":"Markt","item":"https:\/\/marktxxl.de\/markt\/"},{"@type":"ListItem","position":3,"name":"Designs by Maria Inc. Blumenkrone, Safari-Baby-Tiere, Kinderzimmer-Dekor, 4 St\u00fcck, ungerahmt"}]},{"@type":"WebSite","@id":"https:\/\/marktxxl.de\/markt\/#website","url":"https:\/\/marktxxl.de\/markt\/","name":"Markt-XXL","description":"Ihr Markt Online","publisher":{"@id":"https:\/\/marktxxl.de\/markt\/#organization"},"potentialAction":[{"@type":"SearchAction","target":{"@type":"EntryPoint","urlTemplate":"https:\/\/marktxxl.de\/markt\/?s={search_term_string}"},"query-input":{"@type":"PropertyValueSpecification","valueRequired":true,"valueName":"search_term_string"}}],"inLanguage":"de"},{"@type":"Organization","@id":"https:\/\/marktxxl.de\/markt\/#organization","name":"Markt-XXL","url":"https:\/\/marktxxl.de\/markt\/","logo":{"@type":"ImageObject","inLanguage":"de","@id":"https:\/\/marktxxl.de\/markt\/#\/schema\/logo\/image\/","url":"https:\/\/marktxxl.de\/markt\/wp-content\/uploads\/sites\/3\/2020\/12\/logo.png","contentUrl":"https:\/\/marktxxl.de\/markt\/wp-content\/uploads\/sites\/3\/2020\/12\/logo.png","width":200,"height":70,"caption":"Markt-XXL"},"image":{"@id":"https:\/\/marktxxl.de\/markt\/#\/schema\/logo\/image\/"}}]}},"_links":{"self":[{"href":"https:\/\/marktxxl.de\/markt\/wp-json\/wp\/v2\/product\/146829","targetHints":{"allow":["GET"]}}],"collection":[{"href":"https:\/\/marktxxl.de\/markt\/wp-json\/wp\/v2\/product"}],"about":[{"href":"https:\/\/marktxxl.de\/markt\/wp-json\/wp\/v2\/types\/product"}],"replies":[{"embeddable":true,"href":"https:\/\/marktxxl.de\/markt\/wp-json\/wp\/v2\/comments?post=146829"}],"wp:featuredmedia":[{"embeddable":true,"href":"https:\/\/marktxxl.de\/markt\/wp-json\/wp\/v2\/media\/146830"}],"wp:attachment":[{"href":"https:\/\/marktxxl.de\/markt\/wp-json\/wp\/v2\/media?parent=146829"}],"wp:term":[{"taxonomy":"product_brand","embeddable":true,"href":"https:\/\/marktxxl.de\/markt\/wp-json\/wp\/v2\/product_brand?post=146829"},{"taxonomy":"product_cat","embeddable":true,"href":"https:\/\/marktxxl.de\/markt\/wp-json\/wp\/v2\/product_cat?post=146829"},{"taxonomy":"product_tag","embeddable":true,"href":"https:\/\/marktxxl.de\/markt\/wp-json\/wp\/v2\/product_tag?post=146829"}],"curies":[{"name":"wp","href":"https:\/\/api.w.org\/{rel}","templated":true}]}}