{"id":146664,"date":"2022-09-07T21:16:06","date_gmt":"2022-09-07T19:16:06","guid":{"rendered":"https:\/\/marktxxl.de\/markt\/produkt\/pablosky-baby-maedchen-092600-sandalen\/"},"modified":"2023-04-11T04:25:15","modified_gmt":"2023-04-11T02:25:15","slug":"pablosky-baby-maedchen-092600-sandalen","status":"publish","type":"product","link":"https:\/\/marktxxl.de\/markt\/produkt\/pablosky-baby-maedchen-092600-sandalen\/","title":{"rendered":"Pablosky Baby-M\u00e4dchen 092600 Sandalen"},"content":{"rendered":"<p>Die StepEasy-Schuhe von Pablosky bieten Ihrem Baby das Gef\u00fchl, dass es barfu\u00df l\u00e4uft. Sie wurden designt, um Ihr Baby bei seinen ersten Schritten zu unterst\u00fctzen. Schuhe, welche die F\u00fc\u00dfe in ihrer physiologischen Form unterst\u00fctzen. F\u00fcr die gesunde Entwicklung der F\u00fc\u00dfe.<br \/>\nMit dem exklusiven Pablosky-System:<br \/>\nNaturleder erster G\u00fcte, welches die korrekte Transpiration der F\u00fc\u00dfe gew\u00e4hrleistet.<br \/>\nNahtloses inTech-Innenfutter aus Mikrofasern, die 7-mal mehr Feuchtigkeit als die Haut aufnehmen k\u00f6nnen und neutral sowie abriebfest sind.<br \/>\nD\u00e4mpfende, atmungsaktive sowie gepolsterte Fu\u00dfsohle f\u00fcr echten Komfort.<br \/>\n<div class=\"main-cross-sell\" data-asin=\"B08HK7SVRL\">\n\n\t<div class=\"WooZone-cross-sell-loader\">\n\t\t<div>\n\t\t\t<div id=\"floatingBarsG\">\n\t\t\t\t<div class=\"blockG\" id=\"rotateG_01\"><\/div>\n\t\t\t\t<div class=\"blockG\" id=\"rotateG_02\"><\/div>\n\t\t\t\t<div class=\"blockG\" id=\"rotateG_03\"><\/div>\n\t\t\t\t<div class=\"blockG\" id=\"rotateG_04\"><\/div>\n\t\t\t\t<div class=\"blockG\" id=\"rotateG_05\"><\/div>\n\t\t\t\t<div class=\"blockG\" id=\"rotateG_06\"><\/div>\n\t\t\t\t<div class=\"blockG\" id=\"rotateG_07\"><\/div>\n\t\t\t\t<div class=\"blockG\" id=\"rotateG_08\"><\/div>\n\t\t\t<\/div>\n\t\t\t<div class=\"WooZone-cross-sell-loader-text\"><\/div>\n\t\t<\/div>\n\t<\/div>\n\n\t\t\n<\/div>\n<div style=\"clear:both;\"><\/div><\/p>\n","protected":false},"excerpt":{"rendered":"<p>Die StepEasy-Schuhe von Pablosky bieten Ihrem Baby das Gef\u00fchl, dass es barfu\u00df l\u00e4uft. Sie wurden designt, um Ihr Baby bei seinen ersten Schritten zu unterst\u00fctzen. Schuhe, welche die F\u00fc\u00dfe in ihrer physiologischen Form unterst\u00fctzen. F\u00fcr die gesunde Entwicklung der F\u00fc\u00dfe.<br \/>\nMit dem exklusiven Pablosky-System:<br \/>\nNaturleder erster G\u00fcte, welches die korrekte Transpiration der F\u00fc\u00dfe gew\u00e4hrleistet.<\/p>\n","protected":false},"featured_media":146665,"comment_status":"open","ping_status":"closed","template":"","meta":[],"product_brand":[],"product_cat":[21,9036],"product_tag":[],"class_list":{"0":"post-146664","1":"product","2":"type-product","3":"status-publish","4":"has-post-thumbnail","6":"product_cat-baby","7":"product_cat-babyschuhe-baby","8":"pa_binding-schuhe","9":"pa_brand-pablosky","10":"pa_manufacturer-pablosky","11":"pa_model-40646","13":"first","14":"instock","15":"shipping-taxable","16":"purchasable","17":"product-type-simple","18":"customify-col","19":"product-has-gallery"},"yoast_head":"<!-- This site is optimized with the Yoast SEO plugin v27.4 - https:\/\/yoast.com\/product\/yoast-seo-wordpress\/ -->\n<title>Pablosky Baby-M\u00e4dchen 092600 Sandalen - Markt-XXL<\/title>\n<meta name=\"description\" content=\"Markt-XXL Pablosky Baby-M\u00e4dchen 092600 Sandalen\" \/>\n<meta name=\"robots\" content=\"index, follow, max-snippet:-1, max-image-preview:large, max-video-preview:-1\" \/>\n<link rel=\"canonical\" href=\"https:\/\/marktxxl.de\/markt\/produkt\/pablosky-baby-maedchen-092600-sandalen\/\" \/>\n<meta property=\"og:locale\" content=\"de_DE\" \/>\n<meta property=\"og:type\" content=\"article\" \/>\n<meta property=\"og:title\" content=\"Pablosky Baby-M\u00e4dchen 092600 Sandalen - Markt-XXL\" \/>\n<meta property=\"og:description\" content=\"Markt-XXL Pablosky Baby-M\u00e4dchen 092600 Sandalen\" \/>\n<meta property=\"og:url\" content=\"https:\/\/marktxxl.de\/markt\/produkt\/pablosky-baby-maedchen-092600-sandalen\/\" \/>\n<meta property=\"og:site_name\" content=\"Markt-XXL\" \/>\n<meta property=\"article:modified_time\" content=\"2023-04-11T02:25:15+00:00\" \/>\n<meta property=\"og:image\" content=\"https:\/\/m.media-amazon.com\/images\/I\/31Zkwxd3TpL._SL500_.jpg\" \/>\n\t<meta property=\"og:image:width\" content=\"500\" \/>\n\t<meta property=\"og:image:height\" content=\"293\" \/>\n\t<meta property=\"og:image:type\" content=\"image\/jpeg\" \/>\n<meta name=\"twitter:card\" content=\"summary_large_image\" \/>\n<meta name=\"twitter:label1\" content=\"Gesch\u00e4tzte Lesezeit\" \/>\n\t<meta name=\"twitter:data1\" content=\"1\u00a0Minute\" \/>\n<script type=\"application\/ld+json\" class=\"yoast-schema-graph\">{\"@context\":\"https:\\\/\\\/schema.org\",\"@graph\":[{\"@type\":\"WebPage\",\"@id\":\"https:\\\/\\\/marktxxl.de\\\/markt\\\/produkt\\\/pablosky-baby-maedchen-092600-sandalen\\\/\",\"url\":\"https:\\\/\\\/marktxxl.de\\\/markt\\\/produkt\\\/pablosky-baby-maedchen-092600-sandalen\\\/\",\"name\":\"Pablosky Baby-M\u00e4dchen 092600 Sandalen - Markt-XXL\",\"isPartOf\":{\"@id\":\"https:\\\/\\\/marktxxl.de\\\/markt\\\/#website\"},\"primaryImageOfPage\":{\"@id\":\"https:\\\/\\\/marktxxl.de\\\/markt\\\/produkt\\\/pablosky-baby-maedchen-092600-sandalen\\\/#primaryimage\"},\"image\":{\"@id\":\"https:\\\/\\\/marktxxl.de\\\/markt\\\/produkt\\\/pablosky-baby-maedchen-092600-sandalen\\\/#primaryimage\"},\"thumbnailUrl\":\"https:\\\/\\\/m.media-amazon.com\\\/images\\\/I\\\/31Zkwxd3TpL._SL500_.jpg\",\"datePublished\":\"2022-09-07T19:16:06+00:00\",\"dateModified\":\"2023-04-11T02:25:15+00:00\",\"description\":\"Markt-XXL Pablosky Baby-M\u00e4dchen 092600 Sandalen\",\"breadcrumb\":{\"@id\":\"https:\\\/\\\/marktxxl.de\\\/markt\\\/produkt\\\/pablosky-baby-maedchen-092600-sandalen\\\/#breadcrumb\"},\"inLanguage\":\"de\",\"potentialAction\":[{\"@type\":\"ReadAction\",\"target\":[\"https:\\\/\\\/marktxxl.de\\\/markt\\\/produkt\\\/pablosky-baby-maedchen-092600-sandalen\\\/\"]}]},{\"@type\":\"ImageObject\",\"inLanguage\":\"de\",\"@id\":\"https:\\\/\\\/marktxxl.de\\\/markt\\\/produkt\\\/pablosky-baby-maedchen-092600-sandalen\\\/#primaryimage\",\"url\":\"https:\\\/\\\/m.media-amazon.com\\\/images\\\/I\\\/31Zkwxd3TpL._SL500_.jpg\",\"contentUrl\":\"https:\\\/\\\/m.media-amazon.com\\\/images\\\/I\\\/31Zkwxd3TpL._SL500_.jpg\",\"width\":500,\"height\":293},{\"@type\":\"BreadcrumbList\",\"@id\":\"https:\\\/\\\/marktxxl.de\\\/markt\\\/produkt\\\/pablosky-baby-maedchen-092600-sandalen\\\/#breadcrumb\",\"itemListElement\":[{\"@type\":\"ListItem\",\"position\":1,\"name\":\"Startseite\",\"item\":\"https:\\\/\\\/marktxxl.de\\\/markt\\\/\"},{\"@type\":\"ListItem\",\"position\":2,\"name\":\"Markt\",\"item\":\"https:\\\/\\\/marktxxl.de\\\/markt\\\/\"},{\"@type\":\"ListItem\",\"position\":3,\"name\":\"Pablosky Baby-M\u00e4dchen 092600 Sandalen\"}]},{\"@type\":\"WebSite\",\"@id\":\"https:\\\/\\\/marktxxl.de\\\/markt\\\/#website\",\"url\":\"https:\\\/\\\/marktxxl.de\\\/markt\\\/\",\"name\":\"Markt-XXL\",\"description\":\"Ihr Markt Online\",\"publisher\":{\"@id\":\"https:\\\/\\\/marktxxl.de\\\/markt\\\/#organization\"},\"potentialAction\":[{\"@type\":\"SearchAction\",\"target\":{\"@type\":\"EntryPoint\",\"urlTemplate\":\"https:\\\/\\\/marktxxl.de\\\/markt\\\/?s={search_term_string}\"},\"query-input\":{\"@type\":\"PropertyValueSpecification\",\"valueRequired\":true,\"valueName\":\"search_term_string\"}}],\"inLanguage\":\"de\"},{\"@type\":\"Organization\",\"@id\":\"https:\\\/\\\/marktxxl.de\\\/markt\\\/#organization\",\"name\":\"Markt-XXL\",\"url\":\"https:\\\/\\\/marktxxl.de\\\/markt\\\/\",\"logo\":{\"@type\":\"ImageObject\",\"inLanguage\":\"de\",\"@id\":\"https:\\\/\\\/marktxxl.de\\\/markt\\\/#\\\/schema\\\/logo\\\/image\\\/\",\"url\":\"https:\\\/\\\/marktxxl.de\\\/markt\\\/wp-content\\\/uploads\\\/sites\\\/3\\\/2020\\\/12\\\/logo.png\",\"contentUrl\":\"https:\\\/\\\/marktxxl.de\\\/markt\\\/wp-content\\\/uploads\\\/sites\\\/3\\\/2020\\\/12\\\/logo.png\",\"width\":200,\"height\":70,\"caption\":\"Markt-XXL\"},\"image\":{\"@id\":\"https:\\\/\\\/marktxxl.de\\\/markt\\\/#\\\/schema\\\/logo\\\/image\\\/\"}}]}<\/script>\n<!-- \/ Yoast SEO plugin. -->","yoast_head_json":{"title":"Pablosky Baby-M\u00e4dchen 092600 Sandalen - Markt-XXL","description":"Markt-XXL Pablosky Baby-M\u00e4dchen 092600 Sandalen","robots":{"index":"index","follow":"follow","max-snippet":"max-snippet:-1","max-image-preview":"max-image-preview:large","max-video-preview":"max-video-preview:-1"},"canonical":"https:\/\/marktxxl.de\/markt\/produkt\/pablosky-baby-maedchen-092600-sandalen\/","og_locale":"de_DE","og_type":"article","og_title":"Pablosky Baby-M\u00e4dchen 092600 Sandalen - Markt-XXL","og_description":"Markt-XXL Pablosky Baby-M\u00e4dchen 092600 Sandalen","og_url":"https:\/\/marktxxl.de\/markt\/produkt\/pablosky-baby-maedchen-092600-sandalen\/","og_site_name":"Markt-XXL","article_modified_time":"2023-04-11T02:25:15+00:00","og_image":[{"width":500,"height":293,"url":"https:\/\/m.media-amazon.com\/images\/I\/31Zkwxd3TpL._SL500_.jpg","type":"image\/jpeg"}],"twitter_card":"summary_large_image","twitter_misc":{"Gesch\u00e4tzte Lesezeit":"1\u00a0Minute"},"schema":{"@context":"https:\/\/schema.org","@graph":[{"@type":"WebPage","@id":"https:\/\/marktxxl.de\/markt\/produkt\/pablosky-baby-maedchen-092600-sandalen\/","url":"https:\/\/marktxxl.de\/markt\/produkt\/pablosky-baby-maedchen-092600-sandalen\/","name":"Pablosky Baby-M\u00e4dchen 092600 Sandalen - Markt-XXL","isPartOf":{"@id":"https:\/\/marktxxl.de\/markt\/#website"},"primaryImageOfPage":{"@id":"https:\/\/marktxxl.de\/markt\/produkt\/pablosky-baby-maedchen-092600-sandalen\/#primaryimage"},"image":{"@id":"https:\/\/marktxxl.de\/markt\/produkt\/pablosky-baby-maedchen-092600-sandalen\/#primaryimage"},"thumbnailUrl":"https:\/\/m.media-amazon.com\/images\/I\/31Zkwxd3TpL._SL500_.jpg","datePublished":"2022-09-07T19:16:06+00:00","dateModified":"2023-04-11T02:25:15+00:00","description":"Markt-XXL Pablosky Baby-M\u00e4dchen 092600 Sandalen","breadcrumb":{"@id":"https:\/\/marktxxl.de\/markt\/produkt\/pablosky-baby-maedchen-092600-sandalen\/#breadcrumb"},"inLanguage":"de","potentialAction":[{"@type":"ReadAction","target":["https:\/\/marktxxl.de\/markt\/produkt\/pablosky-baby-maedchen-092600-sandalen\/"]}]},{"@type":"ImageObject","inLanguage":"de","@id":"https:\/\/marktxxl.de\/markt\/produkt\/pablosky-baby-maedchen-092600-sandalen\/#primaryimage","url":"https:\/\/m.media-amazon.com\/images\/I\/31Zkwxd3TpL._SL500_.jpg","contentUrl":"https:\/\/m.media-amazon.com\/images\/I\/31Zkwxd3TpL._SL500_.jpg","width":500,"height":293},{"@type":"BreadcrumbList","@id":"https:\/\/marktxxl.de\/markt\/produkt\/pablosky-baby-maedchen-092600-sandalen\/#breadcrumb","itemListElement":[{"@type":"ListItem","position":1,"name":"Startseite","item":"https:\/\/marktxxl.de\/markt\/"},{"@type":"ListItem","position":2,"name":"Markt","item":"https:\/\/marktxxl.de\/markt\/"},{"@type":"ListItem","position":3,"name":"Pablosky Baby-M\u00e4dchen 092600 Sandalen"}]},{"@type":"WebSite","@id":"https:\/\/marktxxl.de\/markt\/#website","url":"https:\/\/marktxxl.de\/markt\/","name":"Markt-XXL","description":"Ihr Markt Online","publisher":{"@id":"https:\/\/marktxxl.de\/markt\/#organization"},"potentialAction":[{"@type":"SearchAction","target":{"@type":"EntryPoint","urlTemplate":"https:\/\/marktxxl.de\/markt\/?s={search_term_string}"},"query-input":{"@type":"PropertyValueSpecification","valueRequired":true,"valueName":"search_term_string"}}],"inLanguage":"de"},{"@type":"Organization","@id":"https:\/\/marktxxl.de\/markt\/#organization","name":"Markt-XXL","url":"https:\/\/marktxxl.de\/markt\/","logo":{"@type":"ImageObject","inLanguage":"de","@id":"https:\/\/marktxxl.de\/markt\/#\/schema\/logo\/image\/","url":"https:\/\/marktxxl.de\/markt\/wp-content\/uploads\/sites\/3\/2020\/12\/logo.png","contentUrl":"https:\/\/marktxxl.de\/markt\/wp-content\/uploads\/sites\/3\/2020\/12\/logo.png","width":200,"height":70,"caption":"Markt-XXL"},"image":{"@id":"https:\/\/marktxxl.de\/markt\/#\/schema\/logo\/image\/"}}]}},"_links":{"self":[{"href":"https:\/\/marktxxl.de\/markt\/wp-json\/wp\/v2\/product\/146664","targetHints":{"allow":["GET"]}}],"collection":[{"href":"https:\/\/marktxxl.de\/markt\/wp-json\/wp\/v2\/product"}],"about":[{"href":"https:\/\/marktxxl.de\/markt\/wp-json\/wp\/v2\/types\/product"}],"replies":[{"embeddable":true,"href":"https:\/\/marktxxl.de\/markt\/wp-json\/wp\/v2\/comments?post=146664"}],"wp:featuredmedia":[{"embeddable":true,"href":"https:\/\/marktxxl.de\/markt\/wp-json\/wp\/v2\/media\/146665"}],"wp:attachment":[{"href":"https:\/\/marktxxl.de\/markt\/wp-json\/wp\/v2\/media?parent=146664"}],"wp:term":[{"taxonomy":"product_brand","embeddable":true,"href":"https:\/\/marktxxl.de\/markt\/wp-json\/wp\/v2\/product_brand?post=146664"},{"taxonomy":"product_cat","embeddable":true,"href":"https:\/\/marktxxl.de\/markt\/wp-json\/wp\/v2\/product_cat?post=146664"},{"taxonomy":"product_tag","embeddable":true,"href":"https:\/\/marktxxl.de\/markt\/wp-json\/wp\/v2\/product_tag?post=146664"}],"curies":[{"name":"wp","href":"https:\/\/api.w.org\/{rel}","templated":true}]}}