{"id":146539,"date":"2022-08-13T09:35:10","date_gmt":"2022-08-13T07:35:10","guid":{"rendered":"https:\/\/marktxxl.de\/markt\/produkt\/dr-bronner-kastilien-seife-lavendel-1-gallone-fluessigkeit\/"},"modified":"2023-04-11T04:25:13","modified_gmt":"2023-04-11T02:25:13","slug":"dr-bronner-kastilien-seife-lavendel-1-gallone-fluessigkeit","status":"publish","type":"product","link":"https:\/\/marktxxl.de\/markt\/produkt\/dr-bronner-kastilien-seife-lavendel-1-gallone-fluessigkeit\/","title":{"rendered":"Dr. Bronner &#8211; Kastilien Seife Lavendel, 1 Gallone Fl\u00fcssigkeit"},"content":{"rendered":"<p>Haftungsausschluss: Diese Webseite ist nur zu Informationszwecken. Pr\u00fcfen Sie stets das eigentliche Produkt-Label in Ihrem Besitz f\u00fcr die genaueste Zutat Informationen aufgrund von Produkt\u00e4nderungen oder Upgrades, die noch nicht auf unserer Website reflektiert werden kann. Diese Aussagen auf dieser Website wurden nicht von der Food and Drug Administration evaluiert worden. Die angebotenen Produkte sind nicht zur Diagnose, Behandlung<br \/>\n<div class=\"main-cross-sell\" data-asin=\"B002LMBIF6\">\n\n\t<div class=\"WooZone-cross-sell-loader\">\n\t\t<div>\n\t\t\t<div id=\"floatingBarsG\">\n\t\t\t\t<div class=\"blockG\" id=\"rotateG_01\"><\/div>\n\t\t\t\t<div class=\"blockG\" id=\"rotateG_02\"><\/div>\n\t\t\t\t<div class=\"blockG\" id=\"rotateG_03\"><\/div>\n\t\t\t\t<div class=\"blockG\" id=\"rotateG_04\"><\/div>\n\t\t\t\t<div class=\"blockG\" id=\"rotateG_05\"><\/div>\n\t\t\t\t<div class=\"blockG\" id=\"rotateG_06\"><\/div>\n\t\t\t\t<div class=\"blockG\" id=\"rotateG_07\"><\/div>\n\t\t\t\t<div class=\"blockG\" id=\"rotateG_08\"><\/div>\n\t\t\t<\/div>\n\t\t\t<div class=\"WooZone-cross-sell-loader-text\"><\/div>\n\t\t<\/div>\n\t<\/div>\n\n\t\t\n<\/div>\n<div style=\"clear:both;\"><\/div><\/p>\n","protected":false},"excerpt":{"rendered":"<p>Haftungsausschluss: Diese Webseite ist nur zu Informationszwecken. Pr\u00fcfen Sie stets das eigentliche Produkt-Label in Ihrem Besitz f\u00fcr die genaueste Zutat Informationen aufgrund von Produkt\u00e4nderungen oder Upgrades, die noch nicht auf unserer Website reflektiert werden kann. Diese Aussagen auf dieser Website wurden nicht von der Food and Drug Administration evaluiert worden. Die angebotenen Produkte sind nicht zur Diagnose, Behandlung<\/p>\n","protected":false},"featured_media":146540,"comment_status":"open","ping_status":"closed","template":"","meta":[],"product_brand":[],"product_cat":[6565,2858],"product_tag":[],"class_list":{"0":"post-146539","1":"product","2":"type-product","3":"status-publish","4":"has-post-thumbnail","6":"product_cat-baden-koerperpflege-beauty","7":"product_cat-beauty","8":"pa_binding-badartikel","9":"pa_brand-dr-bronner","10":"pa_height-5-99999999388-zoll","11":"pa_languages-unbekannt-englisch","12":"pa_length-4-9999999949-zoll","13":"pa_manufacturer-dr-bronner","14":"pa_model-40622","15":"pa_weight-8-pfund","16":"pa_width-4-9999999949-zoll","18":"first","19":"instock","20":"shipping-taxable","21":"purchasable","22":"product-type-simple","23":"customify-col","24":"product-has-gallery"},"yoast_head":"<!-- This site is optimized with the Yoast SEO plugin v27.3 - https:\/\/yoast.com\/product\/yoast-seo-wordpress\/ -->\n<title>Dr. Bronner - Kastilien Seife Lavendel, 1 Gallone Fl\u00fcssigkeit - Markt-XXL<\/title>\n<meta name=\"description\" content=\"Markt-XXL Dr. Bronner - Kastilien Seife Lavendel, 1 Gallone Fl\u00fcssigkeit\" \/>\n<meta name=\"robots\" content=\"index, follow, max-snippet:-1, max-image-preview:large, max-video-preview:-1\" \/>\n<link rel=\"canonical\" href=\"https:\/\/marktxxl.de\/markt\/produkt\/dr-bronner-kastilien-seife-lavendel-1-gallone-fluessigkeit\/\" \/>\n<meta property=\"og:locale\" content=\"de_DE\" \/>\n<meta property=\"og:type\" content=\"article\" \/>\n<meta property=\"og:title\" content=\"Dr. Bronner - Kastilien Seife Lavendel, 1 Gallone Fl\u00fcssigkeit - Markt-XXL\" \/>\n<meta property=\"og:description\" content=\"Markt-XXL Dr. Bronner - Kastilien Seife Lavendel, 1 Gallone Fl\u00fcssigkeit\" \/>\n<meta property=\"og:url\" content=\"https:\/\/marktxxl.de\/markt\/produkt\/dr-bronner-kastilien-seife-lavendel-1-gallone-fluessigkeit\/\" \/>\n<meta property=\"og:site_name\" content=\"Markt-XXL\" \/>\n<meta property=\"article:modified_time\" content=\"2023-04-11T02:25:13+00:00\" \/>\n<meta property=\"og:image\" content=\"https:\/\/m.media-amazon.com\/images\/I\/41fMNfnglSL._SL500_.jpg\" \/>\n\t<meta property=\"og:image:width\" content=\"500\" \/>\n\t<meta property=\"og:image:height\" content=\"500\" \/>\n\t<meta property=\"og:image:type\" content=\"image\/jpeg\" \/>\n<meta name=\"twitter:card\" content=\"summary_large_image\" \/>\n<script type=\"application\/ld+json\" class=\"yoast-schema-graph\">{\"@context\":\"https:\\\/\\\/schema.org\",\"@graph\":[{\"@type\":\"WebPage\",\"@id\":\"https:\\\/\\\/marktxxl.de\\\/markt\\\/produkt\\\/dr-bronner-kastilien-seife-lavendel-1-gallone-fluessigkeit\\\/\",\"url\":\"https:\\\/\\\/marktxxl.de\\\/markt\\\/produkt\\\/dr-bronner-kastilien-seife-lavendel-1-gallone-fluessigkeit\\\/\",\"name\":\"Dr. Bronner - Kastilien Seife Lavendel, 1 Gallone Fl\u00fcssigkeit - Markt-XXL\",\"isPartOf\":{\"@id\":\"https:\\\/\\\/marktxxl.de\\\/markt\\\/#website\"},\"primaryImageOfPage\":{\"@id\":\"https:\\\/\\\/marktxxl.de\\\/markt\\\/produkt\\\/dr-bronner-kastilien-seife-lavendel-1-gallone-fluessigkeit\\\/#primaryimage\"},\"image\":{\"@id\":\"https:\\\/\\\/marktxxl.de\\\/markt\\\/produkt\\\/dr-bronner-kastilien-seife-lavendel-1-gallone-fluessigkeit\\\/#primaryimage\"},\"thumbnailUrl\":\"https:\\\/\\\/m.media-amazon.com\\\/images\\\/I\\\/41fMNfnglSL._SL500_.jpg\",\"datePublished\":\"2022-08-13T07:35:10+00:00\",\"dateModified\":\"2023-04-11T02:25:13+00:00\",\"description\":\"Markt-XXL Dr. Bronner - Kastilien Seife Lavendel, 1 Gallone Fl\u00fcssigkeit\",\"breadcrumb\":{\"@id\":\"https:\\\/\\\/marktxxl.de\\\/markt\\\/produkt\\\/dr-bronner-kastilien-seife-lavendel-1-gallone-fluessigkeit\\\/#breadcrumb\"},\"inLanguage\":\"de\",\"potentialAction\":[{\"@type\":\"ReadAction\",\"target\":[\"https:\\\/\\\/marktxxl.de\\\/markt\\\/produkt\\\/dr-bronner-kastilien-seife-lavendel-1-gallone-fluessigkeit\\\/\"]}]},{\"@type\":\"ImageObject\",\"inLanguage\":\"de\",\"@id\":\"https:\\\/\\\/marktxxl.de\\\/markt\\\/produkt\\\/dr-bronner-kastilien-seife-lavendel-1-gallone-fluessigkeit\\\/#primaryimage\",\"url\":\"https:\\\/\\\/m.media-amazon.com\\\/images\\\/I\\\/41fMNfnglSL._SL500_.jpg\",\"contentUrl\":\"https:\\\/\\\/m.media-amazon.com\\\/images\\\/I\\\/41fMNfnglSL._SL500_.jpg\",\"width\":500,\"height\":500},{\"@type\":\"BreadcrumbList\",\"@id\":\"https:\\\/\\\/marktxxl.de\\\/markt\\\/produkt\\\/dr-bronner-kastilien-seife-lavendel-1-gallone-fluessigkeit\\\/#breadcrumb\",\"itemListElement\":[{\"@type\":\"ListItem\",\"position\":1,\"name\":\"Startseite\",\"item\":\"https:\\\/\\\/marktxxl.de\\\/markt\\\/\"},{\"@type\":\"ListItem\",\"position\":2,\"name\":\"Markt\",\"item\":\"https:\\\/\\\/marktxxl.de\\\/markt\\\/\"},{\"@type\":\"ListItem\",\"position\":3,\"name\":\"Dr. Bronner &#8211; Kastilien Seife Lavendel, 1 Gallone Fl\u00fcssigkeit\"}]},{\"@type\":\"WebSite\",\"@id\":\"https:\\\/\\\/marktxxl.de\\\/markt\\\/#website\",\"url\":\"https:\\\/\\\/marktxxl.de\\\/markt\\\/\",\"name\":\"Markt-XXL\",\"description\":\"Ihr Markt Online\",\"publisher\":{\"@id\":\"https:\\\/\\\/marktxxl.de\\\/markt\\\/#organization\"},\"potentialAction\":[{\"@type\":\"SearchAction\",\"target\":{\"@type\":\"EntryPoint\",\"urlTemplate\":\"https:\\\/\\\/marktxxl.de\\\/markt\\\/?s={search_term_string}\"},\"query-input\":{\"@type\":\"PropertyValueSpecification\",\"valueRequired\":true,\"valueName\":\"search_term_string\"}}],\"inLanguage\":\"de\"},{\"@type\":\"Organization\",\"@id\":\"https:\\\/\\\/marktxxl.de\\\/markt\\\/#organization\",\"name\":\"Markt-XXL\",\"url\":\"https:\\\/\\\/marktxxl.de\\\/markt\\\/\",\"logo\":{\"@type\":\"ImageObject\",\"inLanguage\":\"de\",\"@id\":\"https:\\\/\\\/marktxxl.de\\\/markt\\\/#\\\/schema\\\/logo\\\/image\\\/\",\"url\":\"https:\\\/\\\/marktxxl.de\\\/markt\\\/wp-content\\\/uploads\\\/sites\\\/3\\\/2020\\\/12\\\/logo.png\",\"contentUrl\":\"https:\\\/\\\/marktxxl.de\\\/markt\\\/wp-content\\\/uploads\\\/sites\\\/3\\\/2020\\\/12\\\/logo.png\",\"width\":200,\"height\":70,\"caption\":\"Markt-XXL\"},\"image\":{\"@id\":\"https:\\\/\\\/marktxxl.de\\\/markt\\\/#\\\/schema\\\/logo\\\/image\\\/\"}}]}<\/script>\n<!-- \/ Yoast SEO plugin. -->","yoast_head_json":{"title":"Dr. Bronner - Kastilien Seife Lavendel, 1 Gallone Fl\u00fcssigkeit - Markt-XXL","description":"Markt-XXL Dr. Bronner - Kastilien Seife Lavendel, 1 Gallone Fl\u00fcssigkeit","robots":{"index":"index","follow":"follow","max-snippet":"max-snippet:-1","max-image-preview":"max-image-preview:large","max-video-preview":"max-video-preview:-1"},"canonical":"https:\/\/marktxxl.de\/markt\/produkt\/dr-bronner-kastilien-seife-lavendel-1-gallone-fluessigkeit\/","og_locale":"de_DE","og_type":"article","og_title":"Dr. Bronner - Kastilien Seife Lavendel, 1 Gallone Fl\u00fcssigkeit - Markt-XXL","og_description":"Markt-XXL Dr. Bronner - Kastilien Seife Lavendel, 1 Gallone Fl\u00fcssigkeit","og_url":"https:\/\/marktxxl.de\/markt\/produkt\/dr-bronner-kastilien-seife-lavendel-1-gallone-fluessigkeit\/","og_site_name":"Markt-XXL","article_modified_time":"2023-04-11T02:25:13+00:00","og_image":[{"width":500,"height":500,"url":"https:\/\/m.media-amazon.com\/images\/I\/41fMNfnglSL._SL500_.jpg","type":"image\/jpeg"}],"twitter_card":"summary_large_image","schema":{"@context":"https:\/\/schema.org","@graph":[{"@type":"WebPage","@id":"https:\/\/marktxxl.de\/markt\/produkt\/dr-bronner-kastilien-seife-lavendel-1-gallone-fluessigkeit\/","url":"https:\/\/marktxxl.de\/markt\/produkt\/dr-bronner-kastilien-seife-lavendel-1-gallone-fluessigkeit\/","name":"Dr. Bronner - Kastilien Seife Lavendel, 1 Gallone Fl\u00fcssigkeit - Markt-XXL","isPartOf":{"@id":"https:\/\/marktxxl.de\/markt\/#website"},"primaryImageOfPage":{"@id":"https:\/\/marktxxl.de\/markt\/produkt\/dr-bronner-kastilien-seife-lavendel-1-gallone-fluessigkeit\/#primaryimage"},"image":{"@id":"https:\/\/marktxxl.de\/markt\/produkt\/dr-bronner-kastilien-seife-lavendel-1-gallone-fluessigkeit\/#primaryimage"},"thumbnailUrl":"https:\/\/m.media-amazon.com\/images\/I\/41fMNfnglSL._SL500_.jpg","datePublished":"2022-08-13T07:35:10+00:00","dateModified":"2023-04-11T02:25:13+00:00","description":"Markt-XXL Dr. Bronner - Kastilien Seife Lavendel, 1 Gallone Fl\u00fcssigkeit","breadcrumb":{"@id":"https:\/\/marktxxl.de\/markt\/produkt\/dr-bronner-kastilien-seife-lavendel-1-gallone-fluessigkeit\/#breadcrumb"},"inLanguage":"de","potentialAction":[{"@type":"ReadAction","target":["https:\/\/marktxxl.de\/markt\/produkt\/dr-bronner-kastilien-seife-lavendel-1-gallone-fluessigkeit\/"]}]},{"@type":"ImageObject","inLanguage":"de","@id":"https:\/\/marktxxl.de\/markt\/produkt\/dr-bronner-kastilien-seife-lavendel-1-gallone-fluessigkeit\/#primaryimage","url":"https:\/\/m.media-amazon.com\/images\/I\/41fMNfnglSL._SL500_.jpg","contentUrl":"https:\/\/m.media-amazon.com\/images\/I\/41fMNfnglSL._SL500_.jpg","width":500,"height":500},{"@type":"BreadcrumbList","@id":"https:\/\/marktxxl.de\/markt\/produkt\/dr-bronner-kastilien-seife-lavendel-1-gallone-fluessigkeit\/#breadcrumb","itemListElement":[{"@type":"ListItem","position":1,"name":"Startseite","item":"https:\/\/marktxxl.de\/markt\/"},{"@type":"ListItem","position":2,"name":"Markt","item":"https:\/\/marktxxl.de\/markt\/"},{"@type":"ListItem","position":3,"name":"Dr. Bronner &#8211; Kastilien Seife Lavendel, 1 Gallone Fl\u00fcssigkeit"}]},{"@type":"WebSite","@id":"https:\/\/marktxxl.de\/markt\/#website","url":"https:\/\/marktxxl.de\/markt\/","name":"Markt-XXL","description":"Ihr Markt Online","publisher":{"@id":"https:\/\/marktxxl.de\/markt\/#organization"},"potentialAction":[{"@type":"SearchAction","target":{"@type":"EntryPoint","urlTemplate":"https:\/\/marktxxl.de\/markt\/?s={search_term_string}"},"query-input":{"@type":"PropertyValueSpecification","valueRequired":true,"valueName":"search_term_string"}}],"inLanguage":"de"},{"@type":"Organization","@id":"https:\/\/marktxxl.de\/markt\/#organization","name":"Markt-XXL","url":"https:\/\/marktxxl.de\/markt\/","logo":{"@type":"ImageObject","inLanguage":"de","@id":"https:\/\/marktxxl.de\/markt\/#\/schema\/logo\/image\/","url":"https:\/\/marktxxl.de\/markt\/wp-content\/uploads\/sites\/3\/2020\/12\/logo.png","contentUrl":"https:\/\/marktxxl.de\/markt\/wp-content\/uploads\/sites\/3\/2020\/12\/logo.png","width":200,"height":70,"caption":"Markt-XXL"},"image":{"@id":"https:\/\/marktxxl.de\/markt\/#\/schema\/logo\/image\/"}}]}},"_links":{"self":[{"href":"https:\/\/marktxxl.de\/markt\/wp-json\/wp\/v2\/product\/146539","targetHints":{"allow":["GET"]}}],"collection":[{"href":"https:\/\/marktxxl.de\/markt\/wp-json\/wp\/v2\/product"}],"about":[{"href":"https:\/\/marktxxl.de\/markt\/wp-json\/wp\/v2\/types\/product"}],"replies":[{"embeddable":true,"href":"https:\/\/marktxxl.de\/markt\/wp-json\/wp\/v2\/comments?post=146539"}],"wp:featuredmedia":[{"embeddable":true,"href":"https:\/\/marktxxl.de\/markt\/wp-json\/wp\/v2\/media\/146540"}],"wp:attachment":[{"href":"https:\/\/marktxxl.de\/markt\/wp-json\/wp\/v2\/media?parent=146539"}],"wp:term":[{"taxonomy":"product_brand","embeddable":true,"href":"https:\/\/marktxxl.de\/markt\/wp-json\/wp\/v2\/product_brand?post=146539"},{"taxonomy":"product_cat","embeddable":true,"href":"https:\/\/marktxxl.de\/markt\/wp-json\/wp\/v2\/product_cat?post=146539"},{"taxonomy":"product_tag","embeddable":true,"href":"https:\/\/marktxxl.de\/markt\/wp-json\/wp\/v2\/product_tag?post=146539"}],"curies":[{"name":"wp","href":"https:\/\/api.w.org\/{rel}","templated":true}]}}