{"id":146467,"date":"2022-08-13T09:31:10","date_gmt":"2022-08-13T07:31:10","guid":{"rendered":"https:\/\/marktxxl.de\/markt\/produkt\/forplay-damen-keep-it-cruel-sexy-movie-villain-costume-kostueme-fuer-erwachsene\/"},"modified":"2023-04-11T04:25:12","modified_gmt":"2023-04-11T02:25:12","slug":"forplay-damen-keep-it-cruel-sexy-movie-villain-costume-kostueme-fuer-erwachsene","status":"publish","type":"product","link":"https:\/\/marktxxl.de\/markt\/produkt\/forplay-damen-keep-it-cruel-sexy-movie-villain-costume-kostueme-fuer-erwachsene\/","title":{"rendered":"Forplay Damen Keep It Cruel Sexy Movie Villain Costume Kost\u00fcme f\u00fcr Erwachsene"},"content":{"rendered":"<p>Keep It Cruel Sexy Film Villlain Kost\u00fcm: Werden Sie zum B\u00f6sewicht, der von Punkten besessen war mit dem Forplay Keep It Cruel Sexy Film B\u00f6sewicht Kost\u00fcm. In diesem frechen Kost\u00fcm werden Sie definitiv die K\u00f6nigin der Dalmatiner sein.<br \/>\nHochleistungsstoff: Unser sexy B\u00f6sewicht Kost\u00fcm f\u00fcr Frauen ist aus der perfekten Mischung aus 90% Polyester und 10% Elastan gefertigt. Polyester bietet Haltbarkeit und Spandex bietet Dehnbarkeit. Es kann bei Bedarf bequem von Hand gewaschen werden.<br \/>\nKomplettes Kost\u00fcm-Set: Das B\u00f6sewichts-Kost\u00fcm beinhaltet einen zweifarbigen Rollkragen-Body mit gezackten Kanten, durchscheinendes Netz-Mittelteil, gepunktete Kunstfell-Schultern, angebrachtes O-Ring-Halsband, Strumpfband, passende Handschuhe in Opernl\u00e4nge und Zigarettenhalter. Das Model ist 1,72 m gro\u00df und tr\u00e4gt Gr\u00f6\u00dfe S\/M.<br \/>\nKomfortables Design: Unser Cartoon-Schurken-Kost\u00fcm verf\u00fcgt \u00fcber einen Rei\u00dfverschlussverschluss, sodass es in einem Rei\u00dfverschluss getragen und abgenommen werden kann. Der Body selbst ist bequem. Trotz der figurbetonten Passform ist es dehnbar genug, um Bewegung zu erm\u00f6glichen.<br \/>\nSeien Sie selbstbewusst und zeigen Sie diese Kurven: Forplay-Kost\u00fcme sind f\u00fcr Frauen gemacht, die die treibende Kraft in Selbstliebe und Selbstvertrauen sind, die keine Angst haben, sich vorzustellen was ihre Mutter ihnen gegeben hat und die Sch\u00f6nheit anderer Frauen loben k\u00f6nnen, die es t\u00f6ten, genau wie sie es tun!<br \/>\n<div class=\"main-cross-sell\" data-asin=\"B08GD47K7G\">\n\n\t<div class=\"WooZone-cross-sell-loader\">\n\t\t<div>\n\t\t\t<div id=\"floatingBarsG\">\n\t\t\t\t<div class=\"blockG\" id=\"rotateG_01\"><\/div>\n\t\t\t\t<div class=\"blockG\" id=\"rotateG_02\"><\/div>\n\t\t\t\t<div class=\"blockG\" id=\"rotateG_03\"><\/div>\n\t\t\t\t<div class=\"blockG\" id=\"rotateG_04\"><\/div>\n\t\t\t\t<div class=\"blockG\" id=\"rotateG_05\"><\/div>\n\t\t\t\t<div class=\"blockG\" id=\"rotateG_06\"><\/div>\n\t\t\t\t<div class=\"blockG\" id=\"rotateG_07\"><\/div>\n\t\t\t\t<div class=\"blockG\" id=\"rotateG_08\"><\/div>\n\t\t\t<\/div>\n\t\t\t<div class=\"WooZone-cross-sell-loader-text\"><\/div>\n\t\t<\/div>\n\t<\/div>\n\n\t\t\n<\/div>\n<div style=\"clear:both;\"><\/div><\/p>\n","protected":false},"excerpt":{"rendered":"<p>Keep It Cruel Sexy Film Villlain Kost\u00fcm: Werden Sie zum B\u00f6sewicht, der von Punkten besessen war mit dem Forplay Keep It Cruel Sexy Film B\u00f6sewicht Kost\u00fcm. In diesem frechen Kost\u00fcm werden Sie definitiv die K\u00f6nigin der Dalmatiner sein.<br \/>\nHochleistungsstoff: Unser sexy B\u00f6sewicht Kost\u00fcm f\u00fcr Frauen ist aus der perfekten Mischung aus 90% Polyester und 10% Elastan gefertigt. Polyester bietet Haltbarkeit und Spandex bietet Dehnbarkeit. Es kann bei Bedarf bequem von Hand gewaschen werden.<br \/>\nKomplettes Kost\u00fcm-Set: Das B\u00f6sewichts-Kost\u00fcm beinhaltet einen zweifarbigen Rollkragen-Body mit gezackten Kanten, durchscheinendes Netz-Mittelteil, gepunktete Kunstfell-Schultern, angebrachtes O-Ring-Halsband, Strumpfband, passende Handschuhe in Opernl\u00e4nge und Zigarettenhalter. Das Model ist 1,72 m gro\u00df und tr\u00e4gt Gr\u00f6\u00dfe S\/M.<\/p>\n","protected":false},"featured_media":146468,"comment_status":"open","ping_status":"closed","template":"","meta":[],"product_brand":[],"product_cat":[652],"product_tag":[],"class_list":{"0":"post-146467","1":"product","2":"type-product","3":"status-publish","4":"has-post-thumbnail","6":"product_cat-erotik-markt-xxl","7":"pa_binding-textilien","8":"pa_brand-forplay","9":"pa_brand-thames-hudson","10":"pa_manufacturer-forplay","11":"pa_model-40603","13":"first","14":"instock","15":"shipping-taxable","16":"purchasable","17":"product-type-simple","18":"customify-col","19":"product-has-gallery"},"yoast_head":"<!-- This site is optimized with the Yoast SEO plugin v27.4 - https:\/\/yoast.com\/product\/yoast-seo-wordpress\/ -->\n<title>Forplay Damen Keep It Cruel Sexy Movie Villain Costume Kost\u00fcme f\u00fcr Erwachsene - Markt-XXL<\/title>\n<meta name=\"description\" content=\"Markt-XXL Forplay Damen Keep It Cruel Sexy Movie Villain Costume Kost\u00fcme f\u00fcr Erwachsene\" \/>\n<meta name=\"robots\" content=\"index, follow, max-snippet:-1, max-image-preview:large, max-video-preview:-1\" \/>\n<link rel=\"canonical\" href=\"https:\/\/marktxxl.de\/markt\/produkt\/forplay-damen-keep-it-cruel-sexy-movie-villain-costume-kostueme-fuer-erwachsene\/\" \/>\n<meta property=\"og:locale\" content=\"de_DE\" \/>\n<meta property=\"og:type\" content=\"article\" \/>\n<meta property=\"og:title\" content=\"Forplay Damen Keep It Cruel Sexy Movie Villain Costume Kost\u00fcme f\u00fcr Erwachsene - Markt-XXL\" \/>\n<meta property=\"og:description\" content=\"Markt-XXL Forplay Damen Keep It Cruel Sexy Movie Villain Costume Kost\u00fcme f\u00fcr Erwachsene\" \/>\n<meta property=\"og:url\" content=\"https:\/\/marktxxl.de\/markt\/produkt\/forplay-damen-keep-it-cruel-sexy-movie-villain-costume-kostueme-fuer-erwachsene\/\" \/>\n<meta property=\"og:site_name\" content=\"Markt-XXL\" \/>\n<meta property=\"article:modified_time\" content=\"2023-04-11T02:25:12+00:00\" \/>\n<meta property=\"og:image\" content=\"https:\/\/m.media-amazon.com\/images\/I\/415v663MAkL._SL500_.jpg\" \/>\n\t<meta property=\"og:image:width\" content=\"300\" \/>\n\t<meta property=\"og:image:height\" content=\"500\" \/>\n\t<meta property=\"og:image:type\" content=\"image\/jpeg\" \/>\n<meta name=\"twitter:card\" content=\"summary_large_image\" \/>\n<meta name=\"twitter:label1\" content=\"Gesch\u00e4tzte Lesezeit\" \/>\n\t<meta name=\"twitter:data1\" content=\"1\u00a0Minute\" \/>\n<script type=\"application\/ld+json\" class=\"yoast-schema-graph\">{\"@context\":\"https:\\\/\\\/schema.org\",\"@graph\":[{\"@type\":\"WebPage\",\"@id\":\"https:\\\/\\\/marktxxl.de\\\/markt\\\/produkt\\\/forplay-damen-keep-it-cruel-sexy-movie-villain-costume-kostueme-fuer-erwachsene\\\/\",\"url\":\"https:\\\/\\\/marktxxl.de\\\/markt\\\/produkt\\\/forplay-damen-keep-it-cruel-sexy-movie-villain-costume-kostueme-fuer-erwachsene\\\/\",\"name\":\"Forplay Damen Keep It Cruel Sexy Movie Villain Costume Kost\u00fcme f\u00fcr Erwachsene - Markt-XXL\",\"isPartOf\":{\"@id\":\"https:\\\/\\\/marktxxl.de\\\/markt\\\/#website\"},\"primaryImageOfPage\":{\"@id\":\"https:\\\/\\\/marktxxl.de\\\/markt\\\/produkt\\\/forplay-damen-keep-it-cruel-sexy-movie-villain-costume-kostueme-fuer-erwachsene\\\/#primaryimage\"},\"image\":{\"@id\":\"https:\\\/\\\/marktxxl.de\\\/markt\\\/produkt\\\/forplay-damen-keep-it-cruel-sexy-movie-villain-costume-kostueme-fuer-erwachsene\\\/#primaryimage\"},\"thumbnailUrl\":\"https:\\\/\\\/m.media-amazon.com\\\/images\\\/I\\\/415v663MAkL._SL500_.jpg\",\"datePublished\":\"2022-08-13T07:31:10+00:00\",\"dateModified\":\"2023-04-11T02:25:12+00:00\",\"description\":\"Markt-XXL Forplay Damen Keep It Cruel Sexy Movie Villain Costume Kost\u00fcme f\u00fcr Erwachsene\",\"breadcrumb\":{\"@id\":\"https:\\\/\\\/marktxxl.de\\\/markt\\\/produkt\\\/forplay-damen-keep-it-cruel-sexy-movie-villain-costume-kostueme-fuer-erwachsene\\\/#breadcrumb\"},\"inLanguage\":\"de\",\"potentialAction\":[{\"@type\":\"ReadAction\",\"target\":[\"https:\\\/\\\/marktxxl.de\\\/markt\\\/produkt\\\/forplay-damen-keep-it-cruel-sexy-movie-villain-costume-kostueme-fuer-erwachsene\\\/\"]}]},{\"@type\":\"ImageObject\",\"inLanguage\":\"de\",\"@id\":\"https:\\\/\\\/marktxxl.de\\\/markt\\\/produkt\\\/forplay-damen-keep-it-cruel-sexy-movie-villain-costume-kostueme-fuer-erwachsene\\\/#primaryimage\",\"url\":\"https:\\\/\\\/m.media-amazon.com\\\/images\\\/I\\\/415v663MAkL._SL500_.jpg\",\"contentUrl\":\"https:\\\/\\\/m.media-amazon.com\\\/images\\\/I\\\/415v663MAkL._SL500_.jpg\",\"width\":300,\"height\":500},{\"@type\":\"BreadcrumbList\",\"@id\":\"https:\\\/\\\/marktxxl.de\\\/markt\\\/produkt\\\/forplay-damen-keep-it-cruel-sexy-movie-villain-costume-kostueme-fuer-erwachsene\\\/#breadcrumb\",\"itemListElement\":[{\"@type\":\"ListItem\",\"position\":1,\"name\":\"Startseite\",\"item\":\"https:\\\/\\\/marktxxl.de\\\/markt\\\/\"},{\"@type\":\"ListItem\",\"position\":2,\"name\":\"Markt\",\"item\":\"https:\\\/\\\/marktxxl.de\\\/markt\\\/\"},{\"@type\":\"ListItem\",\"position\":3,\"name\":\"Forplay Damen Keep It Cruel Sexy Movie Villain Costume Kost\u00fcme f\u00fcr Erwachsene\"}]},{\"@type\":\"WebSite\",\"@id\":\"https:\\\/\\\/marktxxl.de\\\/markt\\\/#website\",\"url\":\"https:\\\/\\\/marktxxl.de\\\/markt\\\/\",\"name\":\"Markt-XXL\",\"description\":\"Ihr Markt Online\",\"publisher\":{\"@id\":\"https:\\\/\\\/marktxxl.de\\\/markt\\\/#organization\"},\"potentialAction\":[{\"@type\":\"SearchAction\",\"target\":{\"@type\":\"EntryPoint\",\"urlTemplate\":\"https:\\\/\\\/marktxxl.de\\\/markt\\\/?s={search_term_string}\"},\"query-input\":{\"@type\":\"PropertyValueSpecification\",\"valueRequired\":true,\"valueName\":\"search_term_string\"}}],\"inLanguage\":\"de\"},{\"@type\":\"Organization\",\"@id\":\"https:\\\/\\\/marktxxl.de\\\/markt\\\/#organization\",\"name\":\"Markt-XXL\",\"url\":\"https:\\\/\\\/marktxxl.de\\\/markt\\\/\",\"logo\":{\"@type\":\"ImageObject\",\"inLanguage\":\"de\",\"@id\":\"https:\\\/\\\/marktxxl.de\\\/markt\\\/#\\\/schema\\\/logo\\\/image\\\/\",\"url\":\"https:\\\/\\\/marktxxl.de\\\/markt\\\/wp-content\\\/uploads\\\/sites\\\/3\\\/2020\\\/12\\\/logo.png\",\"contentUrl\":\"https:\\\/\\\/marktxxl.de\\\/markt\\\/wp-content\\\/uploads\\\/sites\\\/3\\\/2020\\\/12\\\/logo.png\",\"width\":200,\"height\":70,\"caption\":\"Markt-XXL\"},\"image\":{\"@id\":\"https:\\\/\\\/marktxxl.de\\\/markt\\\/#\\\/schema\\\/logo\\\/image\\\/\"}}]}<\/script>\n<!-- \/ Yoast SEO plugin. -->","yoast_head_json":{"title":"Forplay Damen Keep It Cruel Sexy Movie Villain Costume Kost\u00fcme f\u00fcr Erwachsene - Markt-XXL","description":"Markt-XXL Forplay Damen Keep It Cruel Sexy Movie Villain Costume Kost\u00fcme f\u00fcr Erwachsene","robots":{"index":"index","follow":"follow","max-snippet":"max-snippet:-1","max-image-preview":"max-image-preview:large","max-video-preview":"max-video-preview:-1"},"canonical":"https:\/\/marktxxl.de\/markt\/produkt\/forplay-damen-keep-it-cruel-sexy-movie-villain-costume-kostueme-fuer-erwachsene\/","og_locale":"de_DE","og_type":"article","og_title":"Forplay Damen Keep It Cruel Sexy Movie Villain Costume Kost\u00fcme f\u00fcr Erwachsene - Markt-XXL","og_description":"Markt-XXL Forplay Damen Keep It Cruel Sexy Movie Villain Costume Kost\u00fcme f\u00fcr Erwachsene","og_url":"https:\/\/marktxxl.de\/markt\/produkt\/forplay-damen-keep-it-cruel-sexy-movie-villain-costume-kostueme-fuer-erwachsene\/","og_site_name":"Markt-XXL","article_modified_time":"2023-04-11T02:25:12+00:00","og_image":[{"width":300,"height":500,"url":"https:\/\/m.media-amazon.com\/images\/I\/415v663MAkL._SL500_.jpg","type":"image\/jpeg"}],"twitter_card":"summary_large_image","twitter_misc":{"Gesch\u00e4tzte Lesezeit":"1\u00a0Minute"},"schema":{"@context":"https:\/\/schema.org","@graph":[{"@type":"WebPage","@id":"https:\/\/marktxxl.de\/markt\/produkt\/forplay-damen-keep-it-cruel-sexy-movie-villain-costume-kostueme-fuer-erwachsene\/","url":"https:\/\/marktxxl.de\/markt\/produkt\/forplay-damen-keep-it-cruel-sexy-movie-villain-costume-kostueme-fuer-erwachsene\/","name":"Forplay Damen Keep It Cruel Sexy Movie Villain Costume Kost\u00fcme f\u00fcr Erwachsene - Markt-XXL","isPartOf":{"@id":"https:\/\/marktxxl.de\/markt\/#website"},"primaryImageOfPage":{"@id":"https:\/\/marktxxl.de\/markt\/produkt\/forplay-damen-keep-it-cruel-sexy-movie-villain-costume-kostueme-fuer-erwachsene\/#primaryimage"},"image":{"@id":"https:\/\/marktxxl.de\/markt\/produkt\/forplay-damen-keep-it-cruel-sexy-movie-villain-costume-kostueme-fuer-erwachsene\/#primaryimage"},"thumbnailUrl":"https:\/\/m.media-amazon.com\/images\/I\/415v663MAkL._SL500_.jpg","datePublished":"2022-08-13T07:31:10+00:00","dateModified":"2023-04-11T02:25:12+00:00","description":"Markt-XXL Forplay Damen Keep It Cruel Sexy Movie Villain Costume Kost\u00fcme f\u00fcr Erwachsene","breadcrumb":{"@id":"https:\/\/marktxxl.de\/markt\/produkt\/forplay-damen-keep-it-cruel-sexy-movie-villain-costume-kostueme-fuer-erwachsene\/#breadcrumb"},"inLanguage":"de","potentialAction":[{"@type":"ReadAction","target":["https:\/\/marktxxl.de\/markt\/produkt\/forplay-damen-keep-it-cruel-sexy-movie-villain-costume-kostueme-fuer-erwachsene\/"]}]},{"@type":"ImageObject","inLanguage":"de","@id":"https:\/\/marktxxl.de\/markt\/produkt\/forplay-damen-keep-it-cruel-sexy-movie-villain-costume-kostueme-fuer-erwachsene\/#primaryimage","url":"https:\/\/m.media-amazon.com\/images\/I\/415v663MAkL._SL500_.jpg","contentUrl":"https:\/\/m.media-amazon.com\/images\/I\/415v663MAkL._SL500_.jpg","width":300,"height":500},{"@type":"BreadcrumbList","@id":"https:\/\/marktxxl.de\/markt\/produkt\/forplay-damen-keep-it-cruel-sexy-movie-villain-costume-kostueme-fuer-erwachsene\/#breadcrumb","itemListElement":[{"@type":"ListItem","position":1,"name":"Startseite","item":"https:\/\/marktxxl.de\/markt\/"},{"@type":"ListItem","position":2,"name":"Markt","item":"https:\/\/marktxxl.de\/markt\/"},{"@type":"ListItem","position":3,"name":"Forplay Damen Keep It Cruel Sexy Movie Villain Costume Kost\u00fcme f\u00fcr Erwachsene"}]},{"@type":"WebSite","@id":"https:\/\/marktxxl.de\/markt\/#website","url":"https:\/\/marktxxl.de\/markt\/","name":"Markt-XXL","description":"Ihr Markt Online","publisher":{"@id":"https:\/\/marktxxl.de\/markt\/#organization"},"potentialAction":[{"@type":"SearchAction","target":{"@type":"EntryPoint","urlTemplate":"https:\/\/marktxxl.de\/markt\/?s={search_term_string}"},"query-input":{"@type":"PropertyValueSpecification","valueRequired":true,"valueName":"search_term_string"}}],"inLanguage":"de"},{"@type":"Organization","@id":"https:\/\/marktxxl.de\/markt\/#organization","name":"Markt-XXL","url":"https:\/\/marktxxl.de\/markt\/","logo":{"@type":"ImageObject","inLanguage":"de","@id":"https:\/\/marktxxl.de\/markt\/#\/schema\/logo\/image\/","url":"https:\/\/marktxxl.de\/markt\/wp-content\/uploads\/sites\/3\/2020\/12\/logo.png","contentUrl":"https:\/\/marktxxl.de\/markt\/wp-content\/uploads\/sites\/3\/2020\/12\/logo.png","width":200,"height":70,"caption":"Markt-XXL"},"image":{"@id":"https:\/\/marktxxl.de\/markt\/#\/schema\/logo\/image\/"}}]}},"_links":{"self":[{"href":"https:\/\/marktxxl.de\/markt\/wp-json\/wp\/v2\/product\/146467","targetHints":{"allow":["GET"]}}],"collection":[{"href":"https:\/\/marktxxl.de\/markt\/wp-json\/wp\/v2\/product"}],"about":[{"href":"https:\/\/marktxxl.de\/markt\/wp-json\/wp\/v2\/types\/product"}],"replies":[{"embeddable":true,"href":"https:\/\/marktxxl.de\/markt\/wp-json\/wp\/v2\/comments?post=146467"}],"wp:featuredmedia":[{"embeddable":true,"href":"https:\/\/marktxxl.de\/markt\/wp-json\/wp\/v2\/media\/146468"}],"wp:attachment":[{"href":"https:\/\/marktxxl.de\/markt\/wp-json\/wp\/v2\/media?parent=146467"}],"wp:term":[{"taxonomy":"product_brand","embeddable":true,"href":"https:\/\/marktxxl.de\/markt\/wp-json\/wp\/v2\/product_brand?post=146467"},{"taxonomy":"product_cat","embeddable":true,"href":"https:\/\/marktxxl.de\/markt\/wp-json\/wp\/v2\/product_cat?post=146467"},{"taxonomy":"product_tag","embeddable":true,"href":"https:\/\/marktxxl.de\/markt\/wp-json\/wp\/v2\/product_tag?post=146467"}],"curies":[{"name":"wp","href":"https:\/\/api.w.org\/{rel}","templated":true}]}}