{"id":146424,"date":"2022-08-13T09:28:34","date_gmt":"2022-08-13T07:28:34","guid":{"rendered":"https:\/\/marktxxl.de\/markt\/produkt\/melonboy-magnetisch-ladekabel-3-in-1-magnetisches-ladekabel-4-stueck1m1m2m2m-360-drehbares-und-180-drehbares-magnet-usb-kabel-nylon-kompatibel-mit-micro-usb-typ-c\/"},"modified":"2023-04-11T04:25:12","modified_gmt":"2023-04-11T02:25:12","slug":"melonboy-magnetisch-ladekabel-3-in-1-magnetisches-ladekabel-4-stueck1m1m2m2m-360-drehbares-und-180-drehbares-magnet-usb-kabel-nylon-kompatibel-mit-micro-usb-typ-c","status":"publish","type":"product","link":"https:\/\/marktxxl.de\/markt\/produkt\/melonboy-magnetisch-ladekabel-3-in-1-magnetisches-ladekabel-4-stueck1m1m2m2m-360-drehbares-und-180-drehbares-magnet-usb-kabel-nylon-kompatibel-mit-micro-usb-typ-c\/","title":{"rendered":"Melonboy Ladekabel Magnetisch Typ C, 3 in 1 Magnetisches Ladekabel [1m+1m+2m+2m], 360\u00b0 und 180\u00b0 Drehbares Magnet\u2026"},"content":{"rendered":"<p>\ud83c\udf3bErinnerung\ud83c\udf3b Nur zum Aufladen, unterst\u00fctzt kein schnelles Aufladen! unterst\u00fctzt keine Daten\u00fcbertragung!<br \/>\n\ud83c\udf3b 360 \u00b0 -Drehung und 180 \u00b0 L-Formdesign\ud83c\udf3b 360 \u00b0 -Drehmagnetisches Design macht das Laden bequemer und vervollst\u00e4ndigt pr\u00e4zise die magnetische Verbindung, wodurch die Ladeeffizienz verbessert wird. Das um 180 \u00b0 drehbare Magnetkopfdesign erleichtert das Aufladen beim Spielen von Telefonspielen. Die LED-Anzeigelampe kann Ihnen helfen, das Kabel im Dunkeln leichter zu finden. Die weichen Lichter beeintr\u00e4chtigen Ihren Schlaf nicht.<br \/>\n\ud83c\udf3bStrong Magnetic und 3 in 1 Design\ud83c\udf3b Das magnetische Ladekabel hat einen starken Magnetismus, der ausreicht, um das Gewicht eines Smartphones zu tragen und zu verhindern, dass das Ger\u00e4t herunterf\u00e4llt und Verluste verursacht. Das magnetische Ladekabel wird mit Micro-USB-, Typ C-Adaptern geliefert, um Ihren t\u00e4glichen Ladebedarf zu decken!<br \/>\n\ud83c\udf3b Einhandbetrieb und staubdichtes Interface \ud83c\udf3b Mit dem Magnetkabel k\u00f6nnen Sie das Ladekabel zum Ein- und Ausschalten mit einer Hand bedienen. Das Einsetzen der Magnetspitze an der Ladeschnittstelle des Telefons kann das Anhaften von Staub verhindern und den Abrieb beim Einf\u00fchren oder Herausziehen des Kabels verringern, wodurch die Lebensdauer Ihres Ger\u00e4ts verl\u00e4ngert wird.<br \/>\n\ud83c\udf3b HeDas Paket enth\u00e4lt ein magnetisches 4-Pack-Ladekabel, das f\u00fcr Telefone, Powerbanks, Kindle und andere Ger\u00e4te geeignet ist. Das Paket enth\u00e4lt: 2 x 1m magnetisches Ladekabel, 2 x 2m magnetisches Ladekabel, 3 x magnetisch Micro-USB-Spitze, 3 x magnetisch Typ-C-Spitze, 1 x Steckerentfernungswerkzeug.<br \/>\n<div class=\"main-cross-sell\" data-asin=\"B096883KFD\">\n\n\t<div class=\"WooZone-cross-sell-loader\">\n\t\t<div>\n\t\t\t<div id=\"floatingBarsG\">\n\t\t\t\t<div class=\"blockG\" id=\"rotateG_01\"><\/div>\n\t\t\t\t<div class=\"blockG\" id=\"rotateG_02\"><\/div>\n\t\t\t\t<div class=\"blockG\" id=\"rotateG_03\"><\/div>\n\t\t\t\t<div class=\"blockG\" id=\"rotateG_04\"><\/div>\n\t\t\t\t<div class=\"blockG\" id=\"rotateG_05\"><\/div>\n\t\t\t\t<div class=\"blockG\" id=\"rotateG_06\"><\/div>\n\t\t\t\t<div class=\"blockG\" id=\"rotateG_07\"><\/div>\n\t\t\t\t<div class=\"blockG\" id=\"rotateG_08\"><\/div>\n\t\t\t<\/div>\n\t\t\t<div class=\"WooZone-cross-sell-loader-text\"><\/div>\n\t\t<\/div>\n\t<\/div>\n\n\t\t\n<\/div>\n<div style=\"clear:both;\"><\/div><\/p>\n","protected":false},"excerpt":{"rendered":"<p>\ud83c\udf3bErinnerung\ud83c\udf3b Nur zum Aufladen, unterst\u00fctzt kein schnelles Aufladen! unterst\u00fctzt keine Daten\u00fcbertragung!<br \/>\n\ud83c\udf3b 360 \u00b0 -Drehung und 180 \u00b0 L-Formdesign\ud83c\udf3b 360 \u00b0 -Drehmagnetisches Design macht das Laden bequemer und vervollst\u00e4ndigt pr\u00e4zise die magnetische Verbindung, wodurch die Ladeeffizienz verbessert wird. Das um 180 \u00b0 drehbare Magnetkopfdesign erleichtert das Aufladen beim Spielen von Telefonspielen. Die LED-Anzeigelampe kann Ihnen helfen, das Kabel im Dunkeln leichter zu finden. Die weichen Lichter beeintr\u00e4chtigen Ihren Schlaf nicht.<br \/>\n\ud83c\udf3bStrong Magnetic und 3 in 1 Design\ud83c\udf3b Das magnetische Ladekabel hat einen starken Magnetismus, der ausreicht, um das Gewicht eines Smartphones zu tragen und zu verhindern, dass das Ger\u00e4t herunterf\u00e4llt und Verluste verursacht. Das magnetische Ladekabel wird mit Micro-USB-, Typ C-Adaptern geliefert, um Ihren t\u00e4glichen Ladebedarf zu decken!<\/p>\n","protected":false},"featured_media":146425,"comment_status":"open","ping_status":"closed","template":"","meta":[],"product_brand":[],"product_cat":[863],"product_tag":[],"class_list":{"0":"post-146424","1":"product","2":"type-product","3":"status-publish","4":"has-post-thumbnail","6":"product_cat-computer-zubehoer","7":"pa_brand-melonboy","8":"pa_manufacturer-melonboy-tech","10":"first","11":"instock","12":"shipping-taxable","13":"purchasable","14":"product-type-simple","15":"customify-col","16":"product-has-gallery"},"yoast_head":"<!-- This site is optimized with the Yoast SEO plugin v27.4 - https:\/\/yoast.com\/product\/yoast-seo-wordpress\/ -->\n<title>Melonboy Ladekabel Magnetisch Typ C, 3 in 1 Magnetisches Ladekabel [1m+1m+2m+2m], 360\u00b0 und 180\u00b0 Drehbares Magnet\u2026 - Markt-XXL<\/title>\n<meta name=\"description\" content=\"Markt-XXL Melonboy Ladekabel Magnetisch Typ C, 3 in 1 Magnetisches Ladekabel [1m+1m+2m+2m], 360\u00b0 und 180\u00b0 Drehbares Magnet\u2026\" \/>\n<meta name=\"robots\" content=\"index, follow, max-snippet:-1, max-image-preview:large, max-video-preview:-1\" \/>\n<link rel=\"canonical\" href=\"https:\/\/marktxxl.de\/markt\/produkt\/melonboy-magnetisch-ladekabel-3-in-1-magnetisches-ladekabel-4-stueck1m1m2m2m-360-drehbares-und-180-drehbares-magnet-usb-kabel-nylon-kompatibel-mit-micro-usb-typ-c\/\" \/>\n<meta property=\"og:locale\" content=\"de_DE\" \/>\n<meta property=\"og:type\" content=\"article\" \/>\n<meta property=\"og:title\" content=\"Melonboy Ladekabel Magnetisch Typ C, 3 in 1 Magnetisches Ladekabel [1m+1m+2m+2m], 360\u00b0 und 180\u00b0 Drehbares Magnet\u2026 - Markt-XXL\" \/>\n<meta property=\"og:description\" content=\"Markt-XXL Melonboy Ladekabel Magnetisch Typ C, 3 in 1 Magnetisches Ladekabel [1m+1m+2m+2m], 360\u00b0 und 180\u00b0 Drehbares Magnet\u2026\" \/>\n<meta property=\"og:url\" content=\"https:\/\/marktxxl.de\/markt\/produkt\/melonboy-magnetisch-ladekabel-3-in-1-magnetisches-ladekabel-4-stueck1m1m2m2m-360-drehbares-und-180-drehbares-magnet-usb-kabel-nylon-kompatibel-mit-micro-usb-typ-c\/\" \/>\n<meta property=\"og:site_name\" content=\"Markt-XXL\" \/>\n<meta property=\"article:modified_time\" content=\"2023-04-11T02:25:12+00:00\" \/>\n<meta property=\"og:image\" content=\"https:\/\/m.media-amazon.com\/images\/I\/51qHvkRxxCL._SL500_.jpg\" \/>\n\t<meta property=\"og:image:width\" content=\"500\" \/>\n\t<meta property=\"og:image:height\" content=\"500\" \/>\n\t<meta property=\"og:image:type\" content=\"image\/jpeg\" \/>\n<meta name=\"twitter:card\" content=\"summary_large_image\" \/>\n<meta name=\"twitter:label1\" content=\"Gesch\u00e4tzte Lesezeit\" \/>\n\t<meta name=\"twitter:data1\" content=\"1\u00a0Minute\" \/>\n<script type=\"application\/ld+json\" class=\"yoast-schema-graph\">{\"@context\":\"https:\\\/\\\/schema.org\",\"@graph\":[{\"@type\":\"WebPage\",\"@id\":\"https:\\\/\\\/marktxxl.de\\\/markt\\\/produkt\\\/melonboy-magnetisch-ladekabel-3-in-1-magnetisches-ladekabel-4-stueck1m1m2m2m-360-drehbares-und-180-drehbares-magnet-usb-kabel-nylon-kompatibel-mit-micro-usb-typ-c\\\/\",\"url\":\"https:\\\/\\\/marktxxl.de\\\/markt\\\/produkt\\\/melonboy-magnetisch-ladekabel-3-in-1-magnetisches-ladekabel-4-stueck1m1m2m2m-360-drehbares-und-180-drehbares-magnet-usb-kabel-nylon-kompatibel-mit-micro-usb-typ-c\\\/\",\"name\":\"Melonboy Ladekabel Magnetisch Typ C, 3 in 1 Magnetisches Ladekabel [1m+1m+2m+2m], 360\u00b0 und 180\u00b0 Drehbares Magnet\u2026 - Markt-XXL\",\"isPartOf\":{\"@id\":\"https:\\\/\\\/marktxxl.de\\\/markt\\\/#website\"},\"primaryImageOfPage\":{\"@id\":\"https:\\\/\\\/marktxxl.de\\\/markt\\\/produkt\\\/melonboy-magnetisch-ladekabel-3-in-1-magnetisches-ladekabel-4-stueck1m1m2m2m-360-drehbares-und-180-drehbares-magnet-usb-kabel-nylon-kompatibel-mit-micro-usb-typ-c\\\/#primaryimage\"},\"image\":{\"@id\":\"https:\\\/\\\/marktxxl.de\\\/markt\\\/produkt\\\/melonboy-magnetisch-ladekabel-3-in-1-magnetisches-ladekabel-4-stueck1m1m2m2m-360-drehbares-und-180-drehbares-magnet-usb-kabel-nylon-kompatibel-mit-micro-usb-typ-c\\\/#primaryimage\"},\"thumbnailUrl\":\"https:\\\/\\\/m.media-amazon.com\\\/images\\\/I\\\/51qHvkRxxCL._SL500_.jpg\",\"datePublished\":\"2022-08-13T07:28:34+00:00\",\"dateModified\":\"2023-04-11T02:25:12+00:00\",\"description\":\"Markt-XXL Melonboy Ladekabel Magnetisch Typ C, 3 in 1 Magnetisches Ladekabel [1m+1m+2m+2m], 360\u00b0 und 180\u00b0 Drehbares Magnet\u2026\",\"breadcrumb\":{\"@id\":\"https:\\\/\\\/marktxxl.de\\\/markt\\\/produkt\\\/melonboy-magnetisch-ladekabel-3-in-1-magnetisches-ladekabel-4-stueck1m1m2m2m-360-drehbares-und-180-drehbares-magnet-usb-kabel-nylon-kompatibel-mit-micro-usb-typ-c\\\/#breadcrumb\"},\"inLanguage\":\"de\",\"potentialAction\":[{\"@type\":\"ReadAction\",\"target\":[\"https:\\\/\\\/marktxxl.de\\\/markt\\\/produkt\\\/melonboy-magnetisch-ladekabel-3-in-1-magnetisches-ladekabel-4-stueck1m1m2m2m-360-drehbares-und-180-drehbares-magnet-usb-kabel-nylon-kompatibel-mit-micro-usb-typ-c\\\/\"]}]},{\"@type\":\"ImageObject\",\"inLanguage\":\"de\",\"@id\":\"https:\\\/\\\/marktxxl.de\\\/markt\\\/produkt\\\/melonboy-magnetisch-ladekabel-3-in-1-magnetisches-ladekabel-4-stueck1m1m2m2m-360-drehbares-und-180-drehbares-magnet-usb-kabel-nylon-kompatibel-mit-micro-usb-typ-c\\\/#primaryimage\",\"url\":\"https:\\\/\\\/m.media-amazon.com\\\/images\\\/I\\\/51qHvkRxxCL._SL500_.jpg\",\"contentUrl\":\"https:\\\/\\\/m.media-amazon.com\\\/images\\\/I\\\/51qHvkRxxCL._SL500_.jpg\",\"width\":500,\"height\":500},{\"@type\":\"BreadcrumbList\",\"@id\":\"https:\\\/\\\/marktxxl.de\\\/markt\\\/produkt\\\/melonboy-magnetisch-ladekabel-3-in-1-magnetisches-ladekabel-4-stueck1m1m2m2m-360-drehbares-und-180-drehbares-magnet-usb-kabel-nylon-kompatibel-mit-micro-usb-typ-c\\\/#breadcrumb\",\"itemListElement\":[{\"@type\":\"ListItem\",\"position\":1,\"name\":\"Startseite\",\"item\":\"https:\\\/\\\/marktxxl.de\\\/markt\\\/\"},{\"@type\":\"ListItem\",\"position\":2,\"name\":\"Markt\",\"item\":\"https:\\\/\\\/marktxxl.de\\\/markt\\\/\"},{\"@type\":\"ListItem\",\"position\":3,\"name\":\"Melonboy Ladekabel Magnetisch Typ C, 3 in 1 Magnetisches Ladekabel [1m+1m+2m+2m], 360\u00b0 und 180\u00b0 Drehbares Magnet\u2026\"}]},{\"@type\":\"WebSite\",\"@id\":\"https:\\\/\\\/marktxxl.de\\\/markt\\\/#website\",\"url\":\"https:\\\/\\\/marktxxl.de\\\/markt\\\/\",\"name\":\"Markt-XXL\",\"description\":\"Ihr Markt Online\",\"publisher\":{\"@id\":\"https:\\\/\\\/marktxxl.de\\\/markt\\\/#organization\"},\"potentialAction\":[{\"@type\":\"SearchAction\",\"target\":{\"@type\":\"EntryPoint\",\"urlTemplate\":\"https:\\\/\\\/marktxxl.de\\\/markt\\\/?s={search_term_string}\"},\"query-input\":{\"@type\":\"PropertyValueSpecification\",\"valueRequired\":true,\"valueName\":\"search_term_string\"}}],\"inLanguage\":\"de\"},{\"@type\":\"Organization\",\"@id\":\"https:\\\/\\\/marktxxl.de\\\/markt\\\/#organization\",\"name\":\"Markt-XXL\",\"url\":\"https:\\\/\\\/marktxxl.de\\\/markt\\\/\",\"logo\":{\"@type\":\"ImageObject\",\"inLanguage\":\"de\",\"@id\":\"https:\\\/\\\/marktxxl.de\\\/markt\\\/#\\\/schema\\\/logo\\\/image\\\/\",\"url\":\"https:\\\/\\\/marktxxl.de\\\/markt\\\/wp-content\\\/uploads\\\/sites\\\/3\\\/2020\\\/12\\\/logo.png\",\"contentUrl\":\"https:\\\/\\\/marktxxl.de\\\/markt\\\/wp-content\\\/uploads\\\/sites\\\/3\\\/2020\\\/12\\\/logo.png\",\"width\":200,\"height\":70,\"caption\":\"Markt-XXL\"},\"image\":{\"@id\":\"https:\\\/\\\/marktxxl.de\\\/markt\\\/#\\\/schema\\\/logo\\\/image\\\/\"}}]}<\/script>\n<!-- \/ Yoast SEO plugin. -->","yoast_head_json":{"title":"Melonboy Ladekabel Magnetisch Typ C, 3 in 1 Magnetisches Ladekabel [1m+1m+2m+2m], 360\u00b0 und 180\u00b0 Drehbares Magnet\u2026 - Markt-XXL","description":"Markt-XXL Melonboy Ladekabel Magnetisch Typ C, 3 in 1 Magnetisches Ladekabel [1m+1m+2m+2m], 360\u00b0 und 180\u00b0 Drehbares Magnet\u2026","robots":{"index":"index","follow":"follow","max-snippet":"max-snippet:-1","max-image-preview":"max-image-preview:large","max-video-preview":"max-video-preview:-1"},"canonical":"https:\/\/marktxxl.de\/markt\/produkt\/melonboy-magnetisch-ladekabel-3-in-1-magnetisches-ladekabel-4-stueck1m1m2m2m-360-drehbares-und-180-drehbares-magnet-usb-kabel-nylon-kompatibel-mit-micro-usb-typ-c\/","og_locale":"de_DE","og_type":"article","og_title":"Melonboy Ladekabel Magnetisch Typ C, 3 in 1 Magnetisches Ladekabel [1m+1m+2m+2m], 360\u00b0 und 180\u00b0 Drehbares Magnet\u2026 - Markt-XXL","og_description":"Markt-XXL Melonboy Ladekabel Magnetisch Typ C, 3 in 1 Magnetisches Ladekabel [1m+1m+2m+2m], 360\u00b0 und 180\u00b0 Drehbares Magnet\u2026","og_url":"https:\/\/marktxxl.de\/markt\/produkt\/melonboy-magnetisch-ladekabel-3-in-1-magnetisches-ladekabel-4-stueck1m1m2m2m-360-drehbares-und-180-drehbares-magnet-usb-kabel-nylon-kompatibel-mit-micro-usb-typ-c\/","og_site_name":"Markt-XXL","article_modified_time":"2023-04-11T02:25:12+00:00","og_image":[{"width":500,"height":500,"url":"https:\/\/m.media-amazon.com\/images\/I\/51qHvkRxxCL._SL500_.jpg","type":"image\/jpeg"}],"twitter_card":"summary_large_image","twitter_misc":{"Gesch\u00e4tzte Lesezeit":"1\u00a0Minute"},"schema":{"@context":"https:\/\/schema.org","@graph":[{"@type":"WebPage","@id":"https:\/\/marktxxl.de\/markt\/produkt\/melonboy-magnetisch-ladekabel-3-in-1-magnetisches-ladekabel-4-stueck1m1m2m2m-360-drehbares-und-180-drehbares-magnet-usb-kabel-nylon-kompatibel-mit-micro-usb-typ-c\/","url":"https:\/\/marktxxl.de\/markt\/produkt\/melonboy-magnetisch-ladekabel-3-in-1-magnetisches-ladekabel-4-stueck1m1m2m2m-360-drehbares-und-180-drehbares-magnet-usb-kabel-nylon-kompatibel-mit-micro-usb-typ-c\/","name":"Melonboy Ladekabel Magnetisch Typ C, 3 in 1 Magnetisches Ladekabel [1m+1m+2m+2m], 360\u00b0 und 180\u00b0 Drehbares Magnet\u2026 - Markt-XXL","isPartOf":{"@id":"https:\/\/marktxxl.de\/markt\/#website"},"primaryImageOfPage":{"@id":"https:\/\/marktxxl.de\/markt\/produkt\/melonboy-magnetisch-ladekabel-3-in-1-magnetisches-ladekabel-4-stueck1m1m2m2m-360-drehbares-und-180-drehbares-magnet-usb-kabel-nylon-kompatibel-mit-micro-usb-typ-c\/#primaryimage"},"image":{"@id":"https:\/\/marktxxl.de\/markt\/produkt\/melonboy-magnetisch-ladekabel-3-in-1-magnetisches-ladekabel-4-stueck1m1m2m2m-360-drehbares-und-180-drehbares-magnet-usb-kabel-nylon-kompatibel-mit-micro-usb-typ-c\/#primaryimage"},"thumbnailUrl":"https:\/\/m.media-amazon.com\/images\/I\/51qHvkRxxCL._SL500_.jpg","datePublished":"2022-08-13T07:28:34+00:00","dateModified":"2023-04-11T02:25:12+00:00","description":"Markt-XXL Melonboy Ladekabel Magnetisch Typ C, 3 in 1 Magnetisches Ladekabel [1m+1m+2m+2m], 360\u00b0 und 180\u00b0 Drehbares Magnet\u2026","breadcrumb":{"@id":"https:\/\/marktxxl.de\/markt\/produkt\/melonboy-magnetisch-ladekabel-3-in-1-magnetisches-ladekabel-4-stueck1m1m2m2m-360-drehbares-und-180-drehbares-magnet-usb-kabel-nylon-kompatibel-mit-micro-usb-typ-c\/#breadcrumb"},"inLanguage":"de","potentialAction":[{"@type":"ReadAction","target":["https:\/\/marktxxl.de\/markt\/produkt\/melonboy-magnetisch-ladekabel-3-in-1-magnetisches-ladekabel-4-stueck1m1m2m2m-360-drehbares-und-180-drehbares-magnet-usb-kabel-nylon-kompatibel-mit-micro-usb-typ-c\/"]}]},{"@type":"ImageObject","inLanguage":"de","@id":"https:\/\/marktxxl.de\/markt\/produkt\/melonboy-magnetisch-ladekabel-3-in-1-magnetisches-ladekabel-4-stueck1m1m2m2m-360-drehbares-und-180-drehbares-magnet-usb-kabel-nylon-kompatibel-mit-micro-usb-typ-c\/#primaryimage","url":"https:\/\/m.media-amazon.com\/images\/I\/51qHvkRxxCL._SL500_.jpg","contentUrl":"https:\/\/m.media-amazon.com\/images\/I\/51qHvkRxxCL._SL500_.jpg","width":500,"height":500},{"@type":"BreadcrumbList","@id":"https:\/\/marktxxl.de\/markt\/produkt\/melonboy-magnetisch-ladekabel-3-in-1-magnetisches-ladekabel-4-stueck1m1m2m2m-360-drehbares-und-180-drehbares-magnet-usb-kabel-nylon-kompatibel-mit-micro-usb-typ-c\/#breadcrumb","itemListElement":[{"@type":"ListItem","position":1,"name":"Startseite","item":"https:\/\/marktxxl.de\/markt\/"},{"@type":"ListItem","position":2,"name":"Markt","item":"https:\/\/marktxxl.de\/markt\/"},{"@type":"ListItem","position":3,"name":"Melonboy Ladekabel Magnetisch Typ C, 3 in 1 Magnetisches Ladekabel [1m+1m+2m+2m], 360\u00b0 und 180\u00b0 Drehbares Magnet\u2026"}]},{"@type":"WebSite","@id":"https:\/\/marktxxl.de\/markt\/#website","url":"https:\/\/marktxxl.de\/markt\/","name":"Markt-XXL","description":"Ihr Markt Online","publisher":{"@id":"https:\/\/marktxxl.de\/markt\/#organization"},"potentialAction":[{"@type":"SearchAction","target":{"@type":"EntryPoint","urlTemplate":"https:\/\/marktxxl.de\/markt\/?s={search_term_string}"},"query-input":{"@type":"PropertyValueSpecification","valueRequired":true,"valueName":"search_term_string"}}],"inLanguage":"de"},{"@type":"Organization","@id":"https:\/\/marktxxl.de\/markt\/#organization","name":"Markt-XXL","url":"https:\/\/marktxxl.de\/markt\/","logo":{"@type":"ImageObject","inLanguage":"de","@id":"https:\/\/marktxxl.de\/markt\/#\/schema\/logo\/image\/","url":"https:\/\/marktxxl.de\/markt\/wp-content\/uploads\/sites\/3\/2020\/12\/logo.png","contentUrl":"https:\/\/marktxxl.de\/markt\/wp-content\/uploads\/sites\/3\/2020\/12\/logo.png","width":200,"height":70,"caption":"Markt-XXL"},"image":{"@id":"https:\/\/marktxxl.de\/markt\/#\/schema\/logo\/image\/"}}]}},"_links":{"self":[{"href":"https:\/\/marktxxl.de\/markt\/wp-json\/wp\/v2\/product\/146424","targetHints":{"allow":["GET"]}}],"collection":[{"href":"https:\/\/marktxxl.de\/markt\/wp-json\/wp\/v2\/product"}],"about":[{"href":"https:\/\/marktxxl.de\/markt\/wp-json\/wp\/v2\/types\/product"}],"replies":[{"embeddable":true,"href":"https:\/\/marktxxl.de\/markt\/wp-json\/wp\/v2\/comments?post=146424"}],"wp:featuredmedia":[{"embeddable":true,"href":"https:\/\/marktxxl.de\/markt\/wp-json\/wp\/v2\/media\/146425"}],"wp:attachment":[{"href":"https:\/\/marktxxl.de\/markt\/wp-json\/wp\/v2\/media?parent=146424"}],"wp:term":[{"taxonomy":"product_brand","embeddable":true,"href":"https:\/\/marktxxl.de\/markt\/wp-json\/wp\/v2\/product_brand?post=146424"},{"taxonomy":"product_cat","embeddable":true,"href":"https:\/\/marktxxl.de\/markt\/wp-json\/wp\/v2\/product_cat?post=146424"},{"taxonomy":"product_tag","embeddable":true,"href":"https:\/\/marktxxl.de\/markt\/wp-json\/wp\/v2\/product_tag?post=146424"}],"curies":[{"name":"wp","href":"https:\/\/api.w.org\/{rel}","templated":true}]}}