{"id":146391,"date":"2022-08-13T09:27:59","date_gmt":"2022-08-13T07:27:59","guid":{"rendered":"https:\/\/marktxxl.de\/markt\/produkt\/usb-switch-rshtech-usb-switch-3-0-aluminium-2-in-5-out-usb-umschalter-fuer-2-pc-teilen-5-usb-geraete-mit-4-usb-3-0-port-3-5mm-audio-jack-und-2-usb-kabel-fuer-drucker-scanner-headset-rsh-a201\/"},"modified":"2023-04-11T04:25:11","modified_gmt":"2023-04-11T02:25:11","slug":"usb-switch-rshtech-usb-switch-3-0-aluminium-2-in-5-out-usb-umschalter-fuer-2-pc-teilen-5-usb-geraete-mit-4-usb-3-0-port-3-5mm-audio-jack-und-2-usb-kabel-fuer-drucker-scanner-headset-rsh-a201","status":"publish","type":"product","link":"https:\/\/marktxxl.de\/markt\/produkt\/usb-switch-rshtech-usb-switch-3-0-aluminium-2-in-5-out-usb-umschalter-fuer-2-pc-teilen-5-usb-geraete-mit-4-usb-3-0-port-3-5mm-audio-jack-und-2-usb-kabel-fuer-drucker-scanner-headset-rsh-a201\/","title":{"rendered":"USB Switch, RSHTECH USB Switch 3.0 Aluminium 2 In 5 Out USB Umschalter f\u00fcr 2-PC Teilen 5 USB-Ger\u00e4te, mit 4 USB 3.0-Port\u2026"},"content":{"rendered":"<p>\u30104 USB 3.0 Ports Sharing Switch\u3011RSHTECH USB 3.0 Switch erm\u00f6glicht zwei Computern die gemeinsame Nutzung von 4 USB-Ger\u00e4ten wie Drucker, Scanner, Maus, Tastatur, USB-Laufwerk, kabelgebundenes Headset, Kopfh\u00f6rer oder Lautsprecher usw. USB 3.0 Ports unterst\u00fctzen Daten\u00fcbertragungsgeschwindigkeiten von bis zu 5 Gbps, 10-mal schneller als USB 2.0, so dass Sie nicht lange auf die Daten\u00fcbertragung warten m\u00fcssen.<br \/>\n\u3010Audio-Buchse &amp; Typ-C Strombuchse\u3011Die Audiobuchse erleichtert den Anschluss von Kopfh\u00f6rern und Lautsprechern und die Ausgabe an den Computer. USB switch ist mit einer 5V Typ-C Strombuchse vorprogrammiert, so dass kein zus\u00e4tzliches Mico B Kabel erforderlich ist und die Strom \u00fcber das Typ-C Netzteil des Tablets\/Telefons erfolgen kann. Bei der Verwendung von USB Ger\u00e4ten mit hoher Leistung, wie z. B. Festplatten, digitalen Camcordern usw., kann einen stabileren Strom f\u00fcr das Ger\u00e4t bereitstellen.<br \/>\n\u3010Ein Knopf Schaltung\u3011Schalten Sie gemeinsam genutzte USB-Ger\u00e4te zwischen zwei Computern mit einer einzigen Taste um, so dass das l\u00e4stige An- und Abstecken von USB-Ger\u00e4ten entf\u00e4llt. Blaue und rote LEDs zeigen leicht an, welcher Computer gerade benutzt wird. Plug and Play, keine Treiber erforderlich.<br \/>\n\u3010Ausgezeichnetes Design\u3011Der USB 3.0 Umschalter ist aus Aluminium gefertigt, kompakt und tragbar und bietet eine gute W\u00e4rmeableitung und Haltbarkeit. Zwei 1.2m lange USB 3.0-Kabel verl\u00e4ngern den USB-Anschluss des Hauptger\u00e4ts auf den Desktop und machen die USB-Verbindung noch bequemer. Dieser USB-Switch ist ideal f\u00fcr viele Bereiche, wie z. B. Wohnungen, B\u00fcros, wissenschaftliche Labors, Konferenzen, Spielzimmer und vieles mehr.<br \/>\n\u3010Breite Kompatibilit\u00e4t\u3011RSHTECH USB Umschalter funktionieren perfekt unter Windows XP\/ Vista\/ 7\/ 8\/ 8.1\/ 10\/11, Linux und Chrome, Mac OS 8\/9\/10 und mehr.<br \/>\n\u3010Garantie und Verpackung\u30111 x USB 3.0 Sharing Switcher, 2 x 1.2m USB Kabel, 1 x Benutzerhandbuch, freundlicher Kundenservice und 18 Monate Garantie. Die Marke RSHTECH ist ein professioneller Elektronikhersteller mit einer langj\u00e4hrigen Vertriebsgeschichte. Wenn Sie w\u00e4hrend der Nutzung Fragen haben, k\u00f6nnen Sie uns gerne kontaktieren!<br \/>\n<div class=\"main-cross-sell\" data-asin=\"B0B45F8D66\">\n\n\t<div class=\"WooZone-cross-sell-loader\">\n\t\t<div>\n\t\t\t<div id=\"floatingBarsG\">\n\t\t\t\t<div class=\"blockG\" id=\"rotateG_01\"><\/div>\n\t\t\t\t<div class=\"blockG\" id=\"rotateG_02\"><\/div>\n\t\t\t\t<div class=\"blockG\" id=\"rotateG_03\"><\/div>\n\t\t\t\t<div class=\"blockG\" id=\"rotateG_04\"><\/div>\n\t\t\t\t<div class=\"blockG\" id=\"rotateG_05\"><\/div>\n\t\t\t\t<div class=\"blockG\" id=\"rotateG_06\"><\/div>\n\t\t\t\t<div class=\"blockG\" id=\"rotateG_07\"><\/div>\n\t\t\t\t<div class=\"blockG\" id=\"rotateG_08\"><\/div>\n\t\t\t<\/div>\n\t\t\t<div class=\"WooZone-cross-sell-loader-text\"><\/div>\n\t\t<\/div>\n\t<\/div>\n\n\t\t\n<\/div>\n<div style=\"clear:both;\"><\/div><\/p>\n","protected":false},"excerpt":{"rendered":"<p>\u30104 USB 3.0 Ports Sharing Switch\u3011RSHTECH USB 3.0 Switch erm\u00f6glicht zwei Computern die gemeinsame Nutzung von 4 USB-Ger\u00e4ten wie Drucker, Scanner, Maus, Tastatur, USB-Laufwerk, kabelgebundenes Headset, Kopfh\u00f6rer oder Lautsprecher usw. USB 3.0 Ports unterst\u00fctzen Daten\u00fcbertragungsgeschwindigkeiten von bis zu 5 Gbps, 10-mal schneller als USB 2.0, so dass Sie nicht lange auf die Daten\u00fcbertragung warten m\u00fcssen.<br \/>\n\u3010Audio-Buchse &amp; Typ-C Strombuchse\u3011Die Audiobuchse erleichtert den Anschluss von Kopfh\u00f6rern und Lautsprechern und die Ausgabe an den Computer. USB switch ist mit einer 5V Typ-C Strombuchse vorprogrammiert, so dass kein zus\u00e4tzliches Mico B Kabel erforderlich ist und die Strom \u00fcber das Typ-C Netzteil des Tablets\/Telefons erfolgen kann. Bei der Verwendung von USB Ger\u00e4ten mit hoher Leistung, wie z. B. Festplatten, digitalen Camcordern usw., kann einen stabileren Strom f\u00fcr das Ger\u00e4t bereitstellen.<br \/>\n\u3010Ein Knopf Schaltung\u3011Schalten Sie gemeinsam genutzte USB-Ger\u00e4te zwischen zwei Computern mit einer einzigen Taste um, so dass das l\u00e4stige An- und Abstecken von USB-Ger\u00e4ten entf\u00e4llt. Blaue und rote LEDs zeigen leicht an, welcher Computer gerade benutzt wird. Plug and Play, keine Treiber erforderlich.<\/p>\n","protected":false},"featured_media":146392,"comment_status":"open","ping_status":"closed","template":"","meta":[],"product_brand":[],"product_cat":[863],"product_tag":[],"class_list":{"0":"post-146391","1":"product","2":"type-product","3":"status-publish","4":"has-post-thumbnail","6":"product_cat-computer-zubehoer","7":"pa_brand-rshtech","8":"pa_color-schwarz","9":"pa_height-0-59842519624-zoll","10":"pa_length-3-99999999592-zoll","11":"pa_manufacturer-shenzhen-rong-sheng-hui-electronics-co-ltd","12":"pa_model-rsh-a201","13":"pa_size-10-16-cm-x-5-08-cm-x-1-52-cm","14":"pa_warranty-18-monate","15":"pa_weight-0-440924524-pfund","16":"pa_width-1-99999999796-zoll","18":"first","19":"instock","20":"shipping-taxable","21":"purchasable","22":"product-type-simple","23":"customify-col","24":"product-has-gallery"},"yoast_head":"<!-- This site is optimized with the Yoast SEO plugin v27.4 - https:\/\/yoast.com\/product\/yoast-seo-wordpress\/ -->\n<title>USB Switch, RSHTECH USB Switch 3.0 Aluminium 2 In 5 Out USB Umschalter f\u00fcr 2-PC Teilen 5 USB-Ger\u00e4te, mit 4 USB 3.0-Port\u2026 - Markt-XXL<\/title>\n<meta name=\"description\" content=\"Markt-XXL USB Switch, RSHTECH USB Switch 3.0 Aluminium 2 In 5 Out USB Umschalter f\u00fcr 2-PC Teilen 5 USB-Ger\u00e4te, mit 4 USB 3.0-Port\u2026\" \/>\n<meta name=\"robots\" content=\"index, follow, max-snippet:-1, max-image-preview:large, max-video-preview:-1\" \/>\n<link rel=\"canonical\" href=\"https:\/\/marktxxl.de\/markt\/produkt\/usb-switch-rshtech-usb-switch-3-0-aluminium-2-in-5-out-usb-umschalter-fuer-2-pc-teilen-5-usb-geraete-mit-4-usb-3-0-port-3-5mm-audio-jack-und-2-usb-kabel-fuer-drucker-scanner-headset-rsh-a201\/\" \/>\n<meta property=\"og:locale\" content=\"de_DE\" \/>\n<meta property=\"og:type\" content=\"article\" \/>\n<meta property=\"og:title\" content=\"USB Switch, RSHTECH USB Switch 3.0 Aluminium 2 In 5 Out USB Umschalter f\u00fcr 2-PC Teilen 5 USB-Ger\u00e4te, mit 4 USB 3.0-Port\u2026 - Markt-XXL\" \/>\n<meta property=\"og:description\" content=\"Markt-XXL USB Switch, RSHTECH USB Switch 3.0 Aluminium 2 In 5 Out USB Umschalter f\u00fcr 2-PC Teilen 5 USB-Ger\u00e4te, mit 4 USB 3.0-Port\u2026\" \/>\n<meta property=\"og:url\" content=\"https:\/\/marktxxl.de\/markt\/produkt\/usb-switch-rshtech-usb-switch-3-0-aluminium-2-in-5-out-usb-umschalter-fuer-2-pc-teilen-5-usb-geraete-mit-4-usb-3-0-port-3-5mm-audio-jack-und-2-usb-kabel-fuer-drucker-scanner-headset-rsh-a201\/\" \/>\n<meta property=\"og:site_name\" content=\"Markt-XXL\" \/>\n<meta property=\"article:modified_time\" content=\"2023-04-11T02:25:11+00:00\" \/>\n<meta property=\"og:image\" content=\"https:\/\/m.media-amazon.com\/images\/I\/41O2VnGIuXL._SL500_.jpg\" \/>\n\t<meta property=\"og:image:width\" content=\"500\" \/>\n\t<meta property=\"og:image:height\" content=\"500\" \/>\n\t<meta property=\"og:image:type\" content=\"image\/jpeg\" \/>\n<meta name=\"twitter:card\" content=\"summary_large_image\" \/>\n<meta name=\"twitter:label1\" content=\"Gesch\u00e4tzte Lesezeit\" \/>\n\t<meta name=\"twitter:data1\" content=\"2\u00a0Minuten\" \/>\n<script type=\"application\/ld+json\" class=\"yoast-schema-graph\">{\"@context\":\"https:\\\/\\\/schema.org\",\"@graph\":[{\"@type\":\"WebPage\",\"@id\":\"https:\\\/\\\/marktxxl.de\\\/markt\\\/produkt\\\/usb-switch-rshtech-usb-switch-3-0-aluminium-2-in-5-out-usb-umschalter-fuer-2-pc-teilen-5-usb-geraete-mit-4-usb-3-0-port-3-5mm-audio-jack-und-2-usb-kabel-fuer-drucker-scanner-headset-rsh-a201\\\/\",\"url\":\"https:\\\/\\\/marktxxl.de\\\/markt\\\/produkt\\\/usb-switch-rshtech-usb-switch-3-0-aluminium-2-in-5-out-usb-umschalter-fuer-2-pc-teilen-5-usb-geraete-mit-4-usb-3-0-port-3-5mm-audio-jack-und-2-usb-kabel-fuer-drucker-scanner-headset-rsh-a201\\\/\",\"name\":\"USB Switch, RSHTECH USB Switch 3.0 Aluminium 2 In 5 Out USB Umschalter f\u00fcr 2-PC Teilen 5 USB-Ger\u00e4te, mit 4 USB 3.0-Port\u2026 - Markt-XXL\",\"isPartOf\":{\"@id\":\"https:\\\/\\\/marktxxl.de\\\/markt\\\/#website\"},\"primaryImageOfPage\":{\"@id\":\"https:\\\/\\\/marktxxl.de\\\/markt\\\/produkt\\\/usb-switch-rshtech-usb-switch-3-0-aluminium-2-in-5-out-usb-umschalter-fuer-2-pc-teilen-5-usb-geraete-mit-4-usb-3-0-port-3-5mm-audio-jack-und-2-usb-kabel-fuer-drucker-scanner-headset-rsh-a201\\\/#primaryimage\"},\"image\":{\"@id\":\"https:\\\/\\\/marktxxl.de\\\/markt\\\/produkt\\\/usb-switch-rshtech-usb-switch-3-0-aluminium-2-in-5-out-usb-umschalter-fuer-2-pc-teilen-5-usb-geraete-mit-4-usb-3-0-port-3-5mm-audio-jack-und-2-usb-kabel-fuer-drucker-scanner-headset-rsh-a201\\\/#primaryimage\"},\"thumbnailUrl\":\"https:\\\/\\\/m.media-amazon.com\\\/images\\\/I\\\/41O2VnGIuXL._SL500_.jpg\",\"datePublished\":\"2022-08-13T07:27:59+00:00\",\"dateModified\":\"2023-04-11T02:25:11+00:00\",\"description\":\"Markt-XXL USB Switch, RSHTECH USB Switch 3.0 Aluminium 2 In 5 Out USB Umschalter f\u00fcr 2-PC Teilen 5 USB-Ger\u00e4te, mit 4 USB 3.0-Port\u2026\",\"breadcrumb\":{\"@id\":\"https:\\\/\\\/marktxxl.de\\\/markt\\\/produkt\\\/usb-switch-rshtech-usb-switch-3-0-aluminium-2-in-5-out-usb-umschalter-fuer-2-pc-teilen-5-usb-geraete-mit-4-usb-3-0-port-3-5mm-audio-jack-und-2-usb-kabel-fuer-drucker-scanner-headset-rsh-a201\\\/#breadcrumb\"},\"inLanguage\":\"de\",\"potentialAction\":[{\"@type\":\"ReadAction\",\"target\":[\"https:\\\/\\\/marktxxl.de\\\/markt\\\/produkt\\\/usb-switch-rshtech-usb-switch-3-0-aluminium-2-in-5-out-usb-umschalter-fuer-2-pc-teilen-5-usb-geraete-mit-4-usb-3-0-port-3-5mm-audio-jack-und-2-usb-kabel-fuer-drucker-scanner-headset-rsh-a201\\\/\"]}]},{\"@type\":\"ImageObject\",\"inLanguage\":\"de\",\"@id\":\"https:\\\/\\\/marktxxl.de\\\/markt\\\/produkt\\\/usb-switch-rshtech-usb-switch-3-0-aluminium-2-in-5-out-usb-umschalter-fuer-2-pc-teilen-5-usb-geraete-mit-4-usb-3-0-port-3-5mm-audio-jack-und-2-usb-kabel-fuer-drucker-scanner-headset-rsh-a201\\\/#primaryimage\",\"url\":\"https:\\\/\\\/m.media-amazon.com\\\/images\\\/I\\\/41O2VnGIuXL._SL500_.jpg\",\"contentUrl\":\"https:\\\/\\\/m.media-amazon.com\\\/images\\\/I\\\/41O2VnGIuXL._SL500_.jpg\",\"width\":500,\"height\":500},{\"@type\":\"BreadcrumbList\",\"@id\":\"https:\\\/\\\/marktxxl.de\\\/markt\\\/produkt\\\/usb-switch-rshtech-usb-switch-3-0-aluminium-2-in-5-out-usb-umschalter-fuer-2-pc-teilen-5-usb-geraete-mit-4-usb-3-0-port-3-5mm-audio-jack-und-2-usb-kabel-fuer-drucker-scanner-headset-rsh-a201\\\/#breadcrumb\",\"itemListElement\":[{\"@type\":\"ListItem\",\"position\":1,\"name\":\"Startseite\",\"item\":\"https:\\\/\\\/marktxxl.de\\\/markt\\\/\"},{\"@type\":\"ListItem\",\"position\":2,\"name\":\"Markt\",\"item\":\"https:\\\/\\\/marktxxl.de\\\/markt\\\/\"},{\"@type\":\"ListItem\",\"position\":3,\"name\":\"USB Switch, RSHTECH USB Switch 3.0 Aluminium 2 In 5 Out USB Umschalter f\u00fcr 2-PC Teilen 5 USB-Ger\u00e4te, mit 4 USB 3.0-Port\u2026\"}]},{\"@type\":\"WebSite\",\"@id\":\"https:\\\/\\\/marktxxl.de\\\/markt\\\/#website\",\"url\":\"https:\\\/\\\/marktxxl.de\\\/markt\\\/\",\"name\":\"Markt-XXL\",\"description\":\"Ihr Markt Online\",\"publisher\":{\"@id\":\"https:\\\/\\\/marktxxl.de\\\/markt\\\/#organization\"},\"potentialAction\":[{\"@type\":\"SearchAction\",\"target\":{\"@type\":\"EntryPoint\",\"urlTemplate\":\"https:\\\/\\\/marktxxl.de\\\/markt\\\/?s={search_term_string}\"},\"query-input\":{\"@type\":\"PropertyValueSpecification\",\"valueRequired\":true,\"valueName\":\"search_term_string\"}}],\"inLanguage\":\"de\"},{\"@type\":\"Organization\",\"@id\":\"https:\\\/\\\/marktxxl.de\\\/markt\\\/#organization\",\"name\":\"Markt-XXL\",\"url\":\"https:\\\/\\\/marktxxl.de\\\/markt\\\/\",\"logo\":{\"@type\":\"ImageObject\",\"inLanguage\":\"de\",\"@id\":\"https:\\\/\\\/marktxxl.de\\\/markt\\\/#\\\/schema\\\/logo\\\/image\\\/\",\"url\":\"https:\\\/\\\/marktxxl.de\\\/markt\\\/wp-content\\\/uploads\\\/sites\\\/3\\\/2020\\\/12\\\/logo.png\",\"contentUrl\":\"https:\\\/\\\/marktxxl.de\\\/markt\\\/wp-content\\\/uploads\\\/sites\\\/3\\\/2020\\\/12\\\/logo.png\",\"width\":200,\"height\":70,\"caption\":\"Markt-XXL\"},\"image\":{\"@id\":\"https:\\\/\\\/marktxxl.de\\\/markt\\\/#\\\/schema\\\/logo\\\/image\\\/\"}}]}<\/script>\n<!-- \/ Yoast SEO plugin. -->","yoast_head_json":{"title":"USB Switch, RSHTECH USB Switch 3.0 Aluminium 2 In 5 Out USB Umschalter f\u00fcr 2-PC Teilen 5 USB-Ger\u00e4te, mit 4 USB 3.0-Port\u2026 - Markt-XXL","description":"Markt-XXL USB Switch, RSHTECH USB Switch 3.0 Aluminium 2 In 5 Out USB Umschalter f\u00fcr 2-PC Teilen 5 USB-Ger\u00e4te, mit 4 USB 3.0-Port\u2026","robots":{"index":"index","follow":"follow","max-snippet":"max-snippet:-1","max-image-preview":"max-image-preview:large","max-video-preview":"max-video-preview:-1"},"canonical":"https:\/\/marktxxl.de\/markt\/produkt\/usb-switch-rshtech-usb-switch-3-0-aluminium-2-in-5-out-usb-umschalter-fuer-2-pc-teilen-5-usb-geraete-mit-4-usb-3-0-port-3-5mm-audio-jack-und-2-usb-kabel-fuer-drucker-scanner-headset-rsh-a201\/","og_locale":"de_DE","og_type":"article","og_title":"USB Switch, RSHTECH USB Switch 3.0 Aluminium 2 In 5 Out USB Umschalter f\u00fcr 2-PC Teilen 5 USB-Ger\u00e4te, mit 4 USB 3.0-Port\u2026 - Markt-XXL","og_description":"Markt-XXL USB Switch, RSHTECH USB Switch 3.0 Aluminium 2 In 5 Out USB Umschalter f\u00fcr 2-PC Teilen 5 USB-Ger\u00e4te, mit 4 USB 3.0-Port\u2026","og_url":"https:\/\/marktxxl.de\/markt\/produkt\/usb-switch-rshtech-usb-switch-3-0-aluminium-2-in-5-out-usb-umschalter-fuer-2-pc-teilen-5-usb-geraete-mit-4-usb-3-0-port-3-5mm-audio-jack-und-2-usb-kabel-fuer-drucker-scanner-headset-rsh-a201\/","og_site_name":"Markt-XXL","article_modified_time":"2023-04-11T02:25:11+00:00","og_image":[{"width":500,"height":500,"url":"https:\/\/m.media-amazon.com\/images\/I\/41O2VnGIuXL._SL500_.jpg","type":"image\/jpeg"}],"twitter_card":"summary_large_image","twitter_misc":{"Gesch\u00e4tzte Lesezeit":"2\u00a0Minuten"},"schema":{"@context":"https:\/\/schema.org","@graph":[{"@type":"WebPage","@id":"https:\/\/marktxxl.de\/markt\/produkt\/usb-switch-rshtech-usb-switch-3-0-aluminium-2-in-5-out-usb-umschalter-fuer-2-pc-teilen-5-usb-geraete-mit-4-usb-3-0-port-3-5mm-audio-jack-und-2-usb-kabel-fuer-drucker-scanner-headset-rsh-a201\/","url":"https:\/\/marktxxl.de\/markt\/produkt\/usb-switch-rshtech-usb-switch-3-0-aluminium-2-in-5-out-usb-umschalter-fuer-2-pc-teilen-5-usb-geraete-mit-4-usb-3-0-port-3-5mm-audio-jack-und-2-usb-kabel-fuer-drucker-scanner-headset-rsh-a201\/","name":"USB Switch, RSHTECH USB Switch 3.0 Aluminium 2 In 5 Out USB Umschalter f\u00fcr 2-PC Teilen 5 USB-Ger\u00e4te, mit 4 USB 3.0-Port\u2026 - Markt-XXL","isPartOf":{"@id":"https:\/\/marktxxl.de\/markt\/#website"},"primaryImageOfPage":{"@id":"https:\/\/marktxxl.de\/markt\/produkt\/usb-switch-rshtech-usb-switch-3-0-aluminium-2-in-5-out-usb-umschalter-fuer-2-pc-teilen-5-usb-geraete-mit-4-usb-3-0-port-3-5mm-audio-jack-und-2-usb-kabel-fuer-drucker-scanner-headset-rsh-a201\/#primaryimage"},"image":{"@id":"https:\/\/marktxxl.de\/markt\/produkt\/usb-switch-rshtech-usb-switch-3-0-aluminium-2-in-5-out-usb-umschalter-fuer-2-pc-teilen-5-usb-geraete-mit-4-usb-3-0-port-3-5mm-audio-jack-und-2-usb-kabel-fuer-drucker-scanner-headset-rsh-a201\/#primaryimage"},"thumbnailUrl":"https:\/\/m.media-amazon.com\/images\/I\/41O2VnGIuXL._SL500_.jpg","datePublished":"2022-08-13T07:27:59+00:00","dateModified":"2023-04-11T02:25:11+00:00","description":"Markt-XXL USB Switch, RSHTECH USB Switch 3.0 Aluminium 2 In 5 Out USB Umschalter f\u00fcr 2-PC Teilen 5 USB-Ger\u00e4te, mit 4 USB 3.0-Port\u2026","breadcrumb":{"@id":"https:\/\/marktxxl.de\/markt\/produkt\/usb-switch-rshtech-usb-switch-3-0-aluminium-2-in-5-out-usb-umschalter-fuer-2-pc-teilen-5-usb-geraete-mit-4-usb-3-0-port-3-5mm-audio-jack-und-2-usb-kabel-fuer-drucker-scanner-headset-rsh-a201\/#breadcrumb"},"inLanguage":"de","potentialAction":[{"@type":"ReadAction","target":["https:\/\/marktxxl.de\/markt\/produkt\/usb-switch-rshtech-usb-switch-3-0-aluminium-2-in-5-out-usb-umschalter-fuer-2-pc-teilen-5-usb-geraete-mit-4-usb-3-0-port-3-5mm-audio-jack-und-2-usb-kabel-fuer-drucker-scanner-headset-rsh-a201\/"]}]},{"@type":"ImageObject","inLanguage":"de","@id":"https:\/\/marktxxl.de\/markt\/produkt\/usb-switch-rshtech-usb-switch-3-0-aluminium-2-in-5-out-usb-umschalter-fuer-2-pc-teilen-5-usb-geraete-mit-4-usb-3-0-port-3-5mm-audio-jack-und-2-usb-kabel-fuer-drucker-scanner-headset-rsh-a201\/#primaryimage","url":"https:\/\/m.media-amazon.com\/images\/I\/41O2VnGIuXL._SL500_.jpg","contentUrl":"https:\/\/m.media-amazon.com\/images\/I\/41O2VnGIuXL._SL500_.jpg","width":500,"height":500},{"@type":"BreadcrumbList","@id":"https:\/\/marktxxl.de\/markt\/produkt\/usb-switch-rshtech-usb-switch-3-0-aluminium-2-in-5-out-usb-umschalter-fuer-2-pc-teilen-5-usb-geraete-mit-4-usb-3-0-port-3-5mm-audio-jack-und-2-usb-kabel-fuer-drucker-scanner-headset-rsh-a201\/#breadcrumb","itemListElement":[{"@type":"ListItem","position":1,"name":"Startseite","item":"https:\/\/marktxxl.de\/markt\/"},{"@type":"ListItem","position":2,"name":"Markt","item":"https:\/\/marktxxl.de\/markt\/"},{"@type":"ListItem","position":3,"name":"USB Switch, RSHTECH USB Switch 3.0 Aluminium 2 In 5 Out USB Umschalter f\u00fcr 2-PC Teilen 5 USB-Ger\u00e4te, mit 4 USB 3.0-Port\u2026"}]},{"@type":"WebSite","@id":"https:\/\/marktxxl.de\/markt\/#website","url":"https:\/\/marktxxl.de\/markt\/","name":"Markt-XXL","description":"Ihr Markt Online","publisher":{"@id":"https:\/\/marktxxl.de\/markt\/#organization"},"potentialAction":[{"@type":"SearchAction","target":{"@type":"EntryPoint","urlTemplate":"https:\/\/marktxxl.de\/markt\/?s={search_term_string}"},"query-input":{"@type":"PropertyValueSpecification","valueRequired":true,"valueName":"search_term_string"}}],"inLanguage":"de"},{"@type":"Organization","@id":"https:\/\/marktxxl.de\/markt\/#organization","name":"Markt-XXL","url":"https:\/\/marktxxl.de\/markt\/","logo":{"@type":"ImageObject","inLanguage":"de","@id":"https:\/\/marktxxl.de\/markt\/#\/schema\/logo\/image\/","url":"https:\/\/marktxxl.de\/markt\/wp-content\/uploads\/sites\/3\/2020\/12\/logo.png","contentUrl":"https:\/\/marktxxl.de\/markt\/wp-content\/uploads\/sites\/3\/2020\/12\/logo.png","width":200,"height":70,"caption":"Markt-XXL"},"image":{"@id":"https:\/\/marktxxl.de\/markt\/#\/schema\/logo\/image\/"}}]}},"_links":{"self":[{"href":"https:\/\/marktxxl.de\/markt\/wp-json\/wp\/v2\/product\/146391","targetHints":{"allow":["GET"]}}],"collection":[{"href":"https:\/\/marktxxl.de\/markt\/wp-json\/wp\/v2\/product"}],"about":[{"href":"https:\/\/marktxxl.de\/markt\/wp-json\/wp\/v2\/types\/product"}],"replies":[{"embeddable":true,"href":"https:\/\/marktxxl.de\/markt\/wp-json\/wp\/v2\/comments?post=146391"}],"wp:featuredmedia":[{"embeddable":true,"href":"https:\/\/marktxxl.de\/markt\/wp-json\/wp\/v2\/media\/146392"}],"wp:attachment":[{"href":"https:\/\/marktxxl.de\/markt\/wp-json\/wp\/v2\/media?parent=146391"}],"wp:term":[{"taxonomy":"product_brand","embeddable":true,"href":"https:\/\/marktxxl.de\/markt\/wp-json\/wp\/v2\/product_brand?post=146391"},{"taxonomy":"product_cat","embeddable":true,"href":"https:\/\/marktxxl.de\/markt\/wp-json\/wp\/v2\/product_cat?post=146391"},{"taxonomy":"product_tag","embeddable":true,"href":"https:\/\/marktxxl.de\/markt\/wp-json\/wp\/v2\/product_tag?post=146391"}],"curies":[{"name":"wp","href":"https:\/\/api.w.org\/{rel}","templated":true}]}}