{"id":146271,"date":"2022-08-13T08:58:56","date_gmt":"2022-08-13T06:58:56","guid":{"rendered":"https:\/\/marktxxl.de\/markt\/produkt\/ldnio-usb-c-ladegeraet-65w-usb-c-netzteil-3-port-gan-schnellladegeraet-pd2-0-3-0-charger-kompatibel-mit-macbook-pro-air-lenovo-surface-pro-ipad-pro-iphone-samsung-airpods-usw\/"},"modified":"2023-04-10T04:31:13","modified_gmt":"2023-04-10T02:31:13","slug":"ldnio-usb-c-ladegeraet-65w-usb-c-netzteil-3-port-gan-schnellladegeraet-pd2-0-3-0-charger-kompatibel-mit-macbook-pro-air-lenovo-surface-pro-ipad-pro-iphone-samsung-airpods-usw","status":"publish","type":"product","link":"https:\/\/marktxxl.de\/markt\/produkt\/ldnio-usb-c-ladegeraet-65w-usb-c-netzteil-3-port-gan-schnellladegeraet-pd2-0-3-0-charger-kompatibel-mit-macbook-pro-air-lenovo-surface-pro-ipad-pro-iphone-samsung-airpods-usw\/","title":{"rendered":"LDNIO USB C Ladeger\u00e4t, 65W USB C Netzteil 3-Port GaN Schnellladeger\u00e4t PD2.0\/3.0 Charger, kompatibel mit MacBook Pro\/Air\u2026"},"content":{"rendered":"<p>\u301065W GaN USB C Netzteil\u3011Schnellladeger\u00e4t usb c nutzt GaN-Technologie, um das MacBook Pro 13&#8243; in 2 Stunden bei maximaler Geschwindigkeit von 0-100 % aufzuladen.(Wenn man das MacBook l\u00e4dt am besten die anderen Kabel ausstecken. Dann l\u00e4dt es schneller.)<br \/>\n\u3010USB ladeger\u00e4t mehrfach\u3011LDNIO 18W QC3.0 ladeger\u00e4t Single Port kann kompatible Ger\u00e4te aufladen. Das Aufladen Ihres Telefons dauert nur etwa 35 Minuten und erh\u00f6ht die Leistung um 60%. (Bitte beachten Sie: Das iPhone unterst\u00fctzt QC 3.0 nicht, beim Aufladen des iPhone bietet es eine Ladegeschwindigkeit von bis zu 2,4A.)<br \/>\n\u3010Sichere und zuverl\u00e4ssig Ladetechnologie\u3011Die gan charger-Technologie hilft dem Ladeger\u00e4t, den Strom und die Leistung dynamisch an die Ladeanforderungen der verschiedenen intelligenten Ger\u00e4te anpassen, um die Batterie besser zu sch\u00fctzen.<br \/>\n\u3010Kompakt und Tragbar Design\u3011LDNIO usb c ladeger\u00e4t mit 3ft usb c to usb c Kabel, Gewicht 160g. Au\u00dferdem gibt es eine integrierte Statusanzeige, damit Sie sehen k\u00f6nnen, ob das Netzteil in Betrieb ist. Durch das geringe Ma\u00df und den Weitbereichseingang ist es auch sehr gut f\u00fcr internationale Reisen geeignet.<br \/>\n\u3010Universelle Kompatibilit\u00e4t\u3011USB C PD ladeger\u00e4t Eurostecker gut mit den meisten Ger\u00e4ten, Kompatibel mit MacBook Pro 13&#8243;, MacBook Pro M1 16&#8243;\/14&#8243; und 13&#8243;, MacBook Air 13&#8243;, HP Spectre, Huawei MateBook, Chromebook, iPad Pro und Tablets; Samsung galaxy a33\/s7\/s8\/s10\/a13\/s22 ultra usw.<br \/>\n<div class=\"main-cross-sell\" data-asin=\"B0B6ZKVHLW\">\n\n\t<div class=\"WooZone-cross-sell-loader\">\n\t\t<div>\n\t\t\t<div id=\"floatingBarsG\">\n\t\t\t\t<div class=\"blockG\" id=\"rotateG_01\"><\/div>\n\t\t\t\t<div class=\"blockG\" id=\"rotateG_02\"><\/div>\n\t\t\t\t<div class=\"blockG\" id=\"rotateG_03\"><\/div>\n\t\t\t\t<div class=\"blockG\" id=\"rotateG_04\"><\/div>\n\t\t\t\t<div class=\"blockG\" id=\"rotateG_05\"><\/div>\n\t\t\t\t<div class=\"blockG\" id=\"rotateG_06\"><\/div>\n\t\t\t\t<div class=\"blockG\" id=\"rotateG_07\"><\/div>\n\t\t\t\t<div class=\"blockG\" id=\"rotateG_08\"><\/div>\n\t\t\t<\/div>\n\t\t\t<div class=\"WooZone-cross-sell-loader-text\"><\/div>\n\t\t<\/div>\n\t<\/div>\n\n\t\t\n<\/div>\n<div style=\"clear:both;\"><\/div><\/p>\n","protected":false},"excerpt":{"rendered":"<p>\u301065W GaN USB C Netzteil\u3011Schnellladeger\u00e4t usb c nutzt GaN-Technologie, um das MacBook Pro 13&#8243; in 2 Stunden bei maximaler Geschwindigkeit von 0-100 % aufzuladen.(Wenn man das MacBook l\u00e4dt am besten die anderen Kabel ausstecken. Dann l\u00e4dt es schneller.)<br \/>\n\u3010USB ladeger\u00e4t mehrfach\u3011LDNIO 18W QC3.0 ladeger\u00e4t Single Port kann kompatible Ger\u00e4te aufladen. Das Aufladen Ihres Telefons dauert nur etwa 35 Minuten und erh\u00f6ht die Leistung um 60%. (Bitte beachten Sie: Das iPhone unterst\u00fctzt QC 3.0 nicht, beim Aufladen des iPhone bietet es eine Ladegeschwindigkeit von bis zu 2,4A.)<br \/>\n\u3010Sichere und zuverl\u00e4ssig Ladetechnologie\u3011Die gan charger-Technologie hilft dem Ladeger\u00e4t, den Strom und die Leistung dynamisch an die Ladeanforderungen der verschiedenen intelligenten Ger\u00e4te anpassen, um die Batterie besser zu sch\u00fctzen.<\/p>\n","protected":false},"featured_media":146272,"comment_status":"open","ping_status":"closed","template":"","meta":[],"product_brand":[],"product_cat":[863],"product_tag":[],"class_list":{"0":"post-146271","1":"product","2":"type-product","3":"status-publish","4":"has-post-thumbnail","6":"product_cat-computer-zubehoer","7":"pa_brand-ldnio","8":"pa_manufacturer-guangdong-ldnio-electronic-technology-co-ltd","9":"pa_model-a3511q","10":"pa_size-small","12":"first","13":"instock","14":"shipping-taxable","15":"purchasable","16":"product-type-simple","17":"customify-col","18":"product-has-gallery"},"yoast_head":"<!-- This site is optimized with the Yoast SEO plugin v27.4 - https:\/\/yoast.com\/product\/yoast-seo-wordpress\/ -->\n<title>LDNIO USB C Ladeger\u00e4t, 65W USB C Netzteil 3-Port GaN Schnellladeger\u00e4t PD2.0\/3.0 Charger, kompatibel mit MacBook Pro\/Air\u2026 - Markt-XXL<\/title>\n<meta name=\"description\" content=\"Markt-XXL LDNIO USB C Ladeger\u00e4t, 65W USB C Netzteil 3-Port GaN Schnellladeger\u00e4t PD2.0\/3.0 Charger, kompatibel mit MacBook Pro\/Air\u2026\" \/>\n<meta name=\"robots\" content=\"index, follow, max-snippet:-1, max-image-preview:large, max-video-preview:-1\" \/>\n<link rel=\"canonical\" href=\"https:\/\/marktxxl.de\/markt\/produkt\/ldnio-usb-c-ladegeraet-65w-usb-c-netzteil-3-port-gan-schnellladegeraet-pd2-0-3-0-charger-kompatibel-mit-macbook-pro-air-lenovo-surface-pro-ipad-pro-iphone-samsung-airpods-usw\/\" \/>\n<meta property=\"og:locale\" content=\"de_DE\" \/>\n<meta property=\"og:type\" content=\"article\" \/>\n<meta property=\"og:title\" content=\"LDNIO USB C Ladeger\u00e4t, 65W USB C Netzteil 3-Port GaN Schnellladeger\u00e4t PD2.0\/3.0 Charger, kompatibel mit MacBook Pro\/Air\u2026 - Markt-XXL\" \/>\n<meta property=\"og:description\" content=\"Markt-XXL LDNIO USB C Ladeger\u00e4t, 65W USB C Netzteil 3-Port GaN Schnellladeger\u00e4t PD2.0\/3.0 Charger, kompatibel mit MacBook Pro\/Air\u2026\" \/>\n<meta property=\"og:url\" content=\"https:\/\/marktxxl.de\/markt\/produkt\/ldnio-usb-c-ladegeraet-65w-usb-c-netzteil-3-port-gan-schnellladegeraet-pd2-0-3-0-charger-kompatibel-mit-macbook-pro-air-lenovo-surface-pro-ipad-pro-iphone-samsung-airpods-usw\/\" \/>\n<meta property=\"og:site_name\" content=\"Markt-XXL\" \/>\n<meta property=\"article:modified_time\" content=\"2023-04-10T02:31:13+00:00\" \/>\n<meta property=\"og:image\" content=\"https:\/\/m.media-amazon.com\/images\/I\/31e2hodWi9L._SL500_.jpg\" \/>\n\t<meta property=\"og:image:width\" content=\"500\" \/>\n\t<meta property=\"og:image:height\" content=\"500\" \/>\n\t<meta property=\"og:image:type\" content=\"image\/jpeg\" \/>\n<meta name=\"twitter:card\" content=\"summary_large_image\" \/>\n<meta name=\"twitter:label1\" content=\"Gesch\u00e4tzte Lesezeit\" \/>\n\t<meta name=\"twitter:data1\" content=\"1\u00a0Minute\" \/>\n<script type=\"application\/ld+json\" class=\"yoast-schema-graph\">{\"@context\":\"https:\\\/\\\/schema.org\",\"@graph\":[{\"@type\":\"WebPage\",\"@id\":\"https:\\\/\\\/marktxxl.de\\\/markt\\\/produkt\\\/ldnio-usb-c-ladegeraet-65w-usb-c-netzteil-3-port-gan-schnellladegeraet-pd2-0-3-0-charger-kompatibel-mit-macbook-pro-air-lenovo-surface-pro-ipad-pro-iphone-samsung-airpods-usw\\\/\",\"url\":\"https:\\\/\\\/marktxxl.de\\\/markt\\\/produkt\\\/ldnio-usb-c-ladegeraet-65w-usb-c-netzteil-3-port-gan-schnellladegeraet-pd2-0-3-0-charger-kompatibel-mit-macbook-pro-air-lenovo-surface-pro-ipad-pro-iphone-samsung-airpods-usw\\\/\",\"name\":\"LDNIO USB C Ladeger\u00e4t, 65W USB C Netzteil 3-Port GaN Schnellladeger\u00e4t PD2.0\\\/3.0 Charger, kompatibel mit MacBook Pro\\\/Air\u2026 - Markt-XXL\",\"isPartOf\":{\"@id\":\"https:\\\/\\\/marktxxl.de\\\/markt\\\/#website\"},\"primaryImageOfPage\":{\"@id\":\"https:\\\/\\\/marktxxl.de\\\/markt\\\/produkt\\\/ldnio-usb-c-ladegeraet-65w-usb-c-netzteil-3-port-gan-schnellladegeraet-pd2-0-3-0-charger-kompatibel-mit-macbook-pro-air-lenovo-surface-pro-ipad-pro-iphone-samsung-airpods-usw\\\/#primaryimage\"},\"image\":{\"@id\":\"https:\\\/\\\/marktxxl.de\\\/markt\\\/produkt\\\/ldnio-usb-c-ladegeraet-65w-usb-c-netzteil-3-port-gan-schnellladegeraet-pd2-0-3-0-charger-kompatibel-mit-macbook-pro-air-lenovo-surface-pro-ipad-pro-iphone-samsung-airpods-usw\\\/#primaryimage\"},\"thumbnailUrl\":\"https:\\\/\\\/m.media-amazon.com\\\/images\\\/I\\\/31e2hodWi9L._SL500_.jpg\",\"datePublished\":\"2022-08-13T06:58:56+00:00\",\"dateModified\":\"2023-04-10T02:31:13+00:00\",\"description\":\"Markt-XXL LDNIO USB C Ladeger\u00e4t, 65W USB C Netzteil 3-Port GaN Schnellladeger\u00e4t PD2.0\\\/3.0 Charger, kompatibel mit MacBook Pro\\\/Air\u2026\",\"breadcrumb\":{\"@id\":\"https:\\\/\\\/marktxxl.de\\\/markt\\\/produkt\\\/ldnio-usb-c-ladegeraet-65w-usb-c-netzteil-3-port-gan-schnellladegeraet-pd2-0-3-0-charger-kompatibel-mit-macbook-pro-air-lenovo-surface-pro-ipad-pro-iphone-samsung-airpods-usw\\\/#breadcrumb\"},\"inLanguage\":\"de\",\"potentialAction\":[{\"@type\":\"ReadAction\",\"target\":[\"https:\\\/\\\/marktxxl.de\\\/markt\\\/produkt\\\/ldnio-usb-c-ladegeraet-65w-usb-c-netzteil-3-port-gan-schnellladegeraet-pd2-0-3-0-charger-kompatibel-mit-macbook-pro-air-lenovo-surface-pro-ipad-pro-iphone-samsung-airpods-usw\\\/\"]}]},{\"@type\":\"ImageObject\",\"inLanguage\":\"de\",\"@id\":\"https:\\\/\\\/marktxxl.de\\\/markt\\\/produkt\\\/ldnio-usb-c-ladegeraet-65w-usb-c-netzteil-3-port-gan-schnellladegeraet-pd2-0-3-0-charger-kompatibel-mit-macbook-pro-air-lenovo-surface-pro-ipad-pro-iphone-samsung-airpods-usw\\\/#primaryimage\",\"url\":\"https:\\\/\\\/m.media-amazon.com\\\/images\\\/I\\\/31e2hodWi9L._SL500_.jpg\",\"contentUrl\":\"https:\\\/\\\/m.media-amazon.com\\\/images\\\/I\\\/31e2hodWi9L._SL500_.jpg\",\"width\":500,\"height\":500},{\"@type\":\"BreadcrumbList\",\"@id\":\"https:\\\/\\\/marktxxl.de\\\/markt\\\/produkt\\\/ldnio-usb-c-ladegeraet-65w-usb-c-netzteil-3-port-gan-schnellladegeraet-pd2-0-3-0-charger-kompatibel-mit-macbook-pro-air-lenovo-surface-pro-ipad-pro-iphone-samsung-airpods-usw\\\/#breadcrumb\",\"itemListElement\":[{\"@type\":\"ListItem\",\"position\":1,\"name\":\"Startseite\",\"item\":\"https:\\\/\\\/marktxxl.de\\\/markt\\\/\"},{\"@type\":\"ListItem\",\"position\":2,\"name\":\"Markt\",\"item\":\"https:\\\/\\\/marktxxl.de\\\/markt\\\/\"},{\"@type\":\"ListItem\",\"position\":3,\"name\":\"LDNIO USB C Ladeger\u00e4t, 65W USB C Netzteil 3-Port GaN Schnellladeger\u00e4t PD2.0\\\/3.0 Charger, kompatibel mit MacBook Pro\\\/Air\u2026\"}]},{\"@type\":\"WebSite\",\"@id\":\"https:\\\/\\\/marktxxl.de\\\/markt\\\/#website\",\"url\":\"https:\\\/\\\/marktxxl.de\\\/markt\\\/\",\"name\":\"Markt-XXL\",\"description\":\"Ihr Markt Online\",\"publisher\":{\"@id\":\"https:\\\/\\\/marktxxl.de\\\/markt\\\/#organization\"},\"potentialAction\":[{\"@type\":\"SearchAction\",\"target\":{\"@type\":\"EntryPoint\",\"urlTemplate\":\"https:\\\/\\\/marktxxl.de\\\/markt\\\/?s={search_term_string}\"},\"query-input\":{\"@type\":\"PropertyValueSpecification\",\"valueRequired\":true,\"valueName\":\"search_term_string\"}}],\"inLanguage\":\"de\"},{\"@type\":\"Organization\",\"@id\":\"https:\\\/\\\/marktxxl.de\\\/markt\\\/#organization\",\"name\":\"Markt-XXL\",\"url\":\"https:\\\/\\\/marktxxl.de\\\/markt\\\/\",\"logo\":{\"@type\":\"ImageObject\",\"inLanguage\":\"de\",\"@id\":\"https:\\\/\\\/marktxxl.de\\\/markt\\\/#\\\/schema\\\/logo\\\/image\\\/\",\"url\":\"https:\\\/\\\/marktxxl.de\\\/markt\\\/wp-content\\\/uploads\\\/sites\\\/3\\\/2020\\\/12\\\/logo.png\",\"contentUrl\":\"https:\\\/\\\/marktxxl.de\\\/markt\\\/wp-content\\\/uploads\\\/sites\\\/3\\\/2020\\\/12\\\/logo.png\",\"width\":200,\"height\":70,\"caption\":\"Markt-XXL\"},\"image\":{\"@id\":\"https:\\\/\\\/marktxxl.de\\\/markt\\\/#\\\/schema\\\/logo\\\/image\\\/\"}}]}<\/script>\n<!-- \/ Yoast SEO plugin. -->","yoast_head_json":{"title":"LDNIO USB C Ladeger\u00e4t, 65W USB C Netzteil 3-Port GaN Schnellladeger\u00e4t PD2.0\/3.0 Charger, kompatibel mit MacBook Pro\/Air\u2026 - Markt-XXL","description":"Markt-XXL LDNIO USB C Ladeger\u00e4t, 65W USB C Netzteil 3-Port GaN Schnellladeger\u00e4t PD2.0\/3.0 Charger, kompatibel mit MacBook Pro\/Air\u2026","robots":{"index":"index","follow":"follow","max-snippet":"max-snippet:-1","max-image-preview":"max-image-preview:large","max-video-preview":"max-video-preview:-1"},"canonical":"https:\/\/marktxxl.de\/markt\/produkt\/ldnio-usb-c-ladegeraet-65w-usb-c-netzteil-3-port-gan-schnellladegeraet-pd2-0-3-0-charger-kompatibel-mit-macbook-pro-air-lenovo-surface-pro-ipad-pro-iphone-samsung-airpods-usw\/","og_locale":"de_DE","og_type":"article","og_title":"LDNIO USB C Ladeger\u00e4t, 65W USB C Netzteil 3-Port GaN Schnellladeger\u00e4t PD2.0\/3.0 Charger, kompatibel mit MacBook Pro\/Air\u2026 - Markt-XXL","og_description":"Markt-XXL LDNIO USB C Ladeger\u00e4t, 65W USB C Netzteil 3-Port GaN Schnellladeger\u00e4t PD2.0\/3.0 Charger, kompatibel mit MacBook Pro\/Air\u2026","og_url":"https:\/\/marktxxl.de\/markt\/produkt\/ldnio-usb-c-ladegeraet-65w-usb-c-netzteil-3-port-gan-schnellladegeraet-pd2-0-3-0-charger-kompatibel-mit-macbook-pro-air-lenovo-surface-pro-ipad-pro-iphone-samsung-airpods-usw\/","og_site_name":"Markt-XXL","article_modified_time":"2023-04-10T02:31:13+00:00","og_image":[{"width":500,"height":500,"url":"https:\/\/m.media-amazon.com\/images\/I\/31e2hodWi9L._SL500_.jpg","type":"image\/jpeg"}],"twitter_card":"summary_large_image","twitter_misc":{"Gesch\u00e4tzte Lesezeit":"1\u00a0Minute"},"schema":{"@context":"https:\/\/schema.org","@graph":[{"@type":"WebPage","@id":"https:\/\/marktxxl.de\/markt\/produkt\/ldnio-usb-c-ladegeraet-65w-usb-c-netzteil-3-port-gan-schnellladegeraet-pd2-0-3-0-charger-kompatibel-mit-macbook-pro-air-lenovo-surface-pro-ipad-pro-iphone-samsung-airpods-usw\/","url":"https:\/\/marktxxl.de\/markt\/produkt\/ldnio-usb-c-ladegeraet-65w-usb-c-netzteil-3-port-gan-schnellladegeraet-pd2-0-3-0-charger-kompatibel-mit-macbook-pro-air-lenovo-surface-pro-ipad-pro-iphone-samsung-airpods-usw\/","name":"LDNIO USB C Ladeger\u00e4t, 65W USB C Netzteil 3-Port GaN Schnellladeger\u00e4t PD2.0\/3.0 Charger, kompatibel mit MacBook Pro\/Air\u2026 - Markt-XXL","isPartOf":{"@id":"https:\/\/marktxxl.de\/markt\/#website"},"primaryImageOfPage":{"@id":"https:\/\/marktxxl.de\/markt\/produkt\/ldnio-usb-c-ladegeraet-65w-usb-c-netzteil-3-port-gan-schnellladegeraet-pd2-0-3-0-charger-kompatibel-mit-macbook-pro-air-lenovo-surface-pro-ipad-pro-iphone-samsung-airpods-usw\/#primaryimage"},"image":{"@id":"https:\/\/marktxxl.de\/markt\/produkt\/ldnio-usb-c-ladegeraet-65w-usb-c-netzteil-3-port-gan-schnellladegeraet-pd2-0-3-0-charger-kompatibel-mit-macbook-pro-air-lenovo-surface-pro-ipad-pro-iphone-samsung-airpods-usw\/#primaryimage"},"thumbnailUrl":"https:\/\/m.media-amazon.com\/images\/I\/31e2hodWi9L._SL500_.jpg","datePublished":"2022-08-13T06:58:56+00:00","dateModified":"2023-04-10T02:31:13+00:00","description":"Markt-XXL LDNIO USB C Ladeger\u00e4t, 65W USB C Netzteil 3-Port GaN Schnellladeger\u00e4t PD2.0\/3.0 Charger, kompatibel mit MacBook Pro\/Air\u2026","breadcrumb":{"@id":"https:\/\/marktxxl.de\/markt\/produkt\/ldnio-usb-c-ladegeraet-65w-usb-c-netzteil-3-port-gan-schnellladegeraet-pd2-0-3-0-charger-kompatibel-mit-macbook-pro-air-lenovo-surface-pro-ipad-pro-iphone-samsung-airpods-usw\/#breadcrumb"},"inLanguage":"de","potentialAction":[{"@type":"ReadAction","target":["https:\/\/marktxxl.de\/markt\/produkt\/ldnio-usb-c-ladegeraet-65w-usb-c-netzteil-3-port-gan-schnellladegeraet-pd2-0-3-0-charger-kompatibel-mit-macbook-pro-air-lenovo-surface-pro-ipad-pro-iphone-samsung-airpods-usw\/"]}]},{"@type":"ImageObject","inLanguage":"de","@id":"https:\/\/marktxxl.de\/markt\/produkt\/ldnio-usb-c-ladegeraet-65w-usb-c-netzteil-3-port-gan-schnellladegeraet-pd2-0-3-0-charger-kompatibel-mit-macbook-pro-air-lenovo-surface-pro-ipad-pro-iphone-samsung-airpods-usw\/#primaryimage","url":"https:\/\/m.media-amazon.com\/images\/I\/31e2hodWi9L._SL500_.jpg","contentUrl":"https:\/\/m.media-amazon.com\/images\/I\/31e2hodWi9L._SL500_.jpg","width":500,"height":500},{"@type":"BreadcrumbList","@id":"https:\/\/marktxxl.de\/markt\/produkt\/ldnio-usb-c-ladegeraet-65w-usb-c-netzteil-3-port-gan-schnellladegeraet-pd2-0-3-0-charger-kompatibel-mit-macbook-pro-air-lenovo-surface-pro-ipad-pro-iphone-samsung-airpods-usw\/#breadcrumb","itemListElement":[{"@type":"ListItem","position":1,"name":"Startseite","item":"https:\/\/marktxxl.de\/markt\/"},{"@type":"ListItem","position":2,"name":"Markt","item":"https:\/\/marktxxl.de\/markt\/"},{"@type":"ListItem","position":3,"name":"LDNIO USB C Ladeger\u00e4t, 65W USB C Netzteil 3-Port GaN Schnellladeger\u00e4t PD2.0\/3.0 Charger, kompatibel mit MacBook Pro\/Air\u2026"}]},{"@type":"WebSite","@id":"https:\/\/marktxxl.de\/markt\/#website","url":"https:\/\/marktxxl.de\/markt\/","name":"Markt-XXL","description":"Ihr Markt Online","publisher":{"@id":"https:\/\/marktxxl.de\/markt\/#organization"},"potentialAction":[{"@type":"SearchAction","target":{"@type":"EntryPoint","urlTemplate":"https:\/\/marktxxl.de\/markt\/?s={search_term_string}"},"query-input":{"@type":"PropertyValueSpecification","valueRequired":true,"valueName":"search_term_string"}}],"inLanguage":"de"},{"@type":"Organization","@id":"https:\/\/marktxxl.de\/markt\/#organization","name":"Markt-XXL","url":"https:\/\/marktxxl.de\/markt\/","logo":{"@type":"ImageObject","inLanguage":"de","@id":"https:\/\/marktxxl.de\/markt\/#\/schema\/logo\/image\/","url":"https:\/\/marktxxl.de\/markt\/wp-content\/uploads\/sites\/3\/2020\/12\/logo.png","contentUrl":"https:\/\/marktxxl.de\/markt\/wp-content\/uploads\/sites\/3\/2020\/12\/logo.png","width":200,"height":70,"caption":"Markt-XXL"},"image":{"@id":"https:\/\/marktxxl.de\/markt\/#\/schema\/logo\/image\/"}}]}},"_links":{"self":[{"href":"https:\/\/marktxxl.de\/markt\/wp-json\/wp\/v2\/product\/146271","targetHints":{"allow":["GET"]}}],"collection":[{"href":"https:\/\/marktxxl.de\/markt\/wp-json\/wp\/v2\/product"}],"about":[{"href":"https:\/\/marktxxl.de\/markt\/wp-json\/wp\/v2\/types\/product"}],"replies":[{"embeddable":true,"href":"https:\/\/marktxxl.de\/markt\/wp-json\/wp\/v2\/comments?post=146271"}],"wp:featuredmedia":[{"embeddable":true,"href":"https:\/\/marktxxl.de\/markt\/wp-json\/wp\/v2\/media\/146272"}],"wp:attachment":[{"href":"https:\/\/marktxxl.de\/markt\/wp-json\/wp\/v2\/media?parent=146271"}],"wp:term":[{"taxonomy":"product_brand","embeddable":true,"href":"https:\/\/marktxxl.de\/markt\/wp-json\/wp\/v2\/product_brand?post=146271"},{"taxonomy":"product_cat","embeddable":true,"href":"https:\/\/marktxxl.de\/markt\/wp-json\/wp\/v2\/product_cat?post=146271"},{"taxonomy":"product_tag","embeddable":true,"href":"https:\/\/marktxxl.de\/markt\/wp-json\/wp\/v2\/product_tag?post=146271"}],"curies":[{"name":"wp","href":"https:\/\/api.w.org\/{rel}","templated":true}]}}