{"id":146240,"date":"2022-08-13T08:58:20","date_gmt":"2022-08-13T06:58:20","guid":{"rendered":"https:\/\/marktxxl.de\/markt\/produkt\/teawake-micro-sd-karte-512-gb-hohe-geschwindigkeit-micro-sd-videoaufnahmen-sd-karte-wasserdicht-speicherkarte-tragbar-memory-card-fuer-smartphones-pcs-dashcams-drohne-und-actionkameras-512gb\/"},"modified":"2023-04-10T04:31:12","modified_gmt":"2023-04-10T02:31:12","slug":"teawake-micro-sd-karte-512-gb-hohe-geschwindigkeit-micro-sd-videoaufnahmen-sd-karte-wasserdicht-speicherkarte-tragbar-memory-card-fuer-smartphones-pcs-dashcams-drohne-und-actionkameras-512gb","status":"publish","type":"product","link":"https:\/\/marktxxl.de\/markt\/produkt\/teawake-micro-sd-karte-512-gb-hohe-geschwindigkeit-micro-sd-videoaufnahmen-sd-karte-wasserdicht-speicherkarte-tragbar-memory-card-fuer-smartphones-pcs-dashcams-drohne-und-actionkameras-512gb\/","title":{"rendered":"Teawake Micro SD Karte 512 GB Hohe Geschwindigkeit Micro SD Videoaufnahmen SD Karte Wasserdicht Speicherkarte Tragbar\u2026"},"content":{"rendered":"<p>[512 GB gro\u00dfe Kapazit\u00e4t]: Bis zu 512 GB Micro-SD-Karte zur Erweiterung Ihrer Speicherkapazit\u00e4t und die perfekte Speichererweiterung f\u00fcr Smartphones und Tablets, um all Ihre unvergesslichen Fotos und Videos zu speichern.<br \/>\n[Leistungsstarke Kompatibilit\u00e4t]: Die breite Kompatibilit\u00e4t von Micro SD erf\u00fcllt fast alle Ihre Bed\u00fcrfnisse im Leben. Es ist kompatibel mit Smartphones, Laptops, Tablets, Kameras, Dashcams, Drohnen, \u00dcberwachungskameras usw.<br \/>\n[Hohe Leistung]: Die Micro-SD-Karte bietet ein stabileres und schnelleres Betriebssystem bei \u00dcbertragung und Speicherung. Und es unterst\u00fctzt hochaufl\u00f6sende Fotos, Full HD- und UHD-Videoaufzeichnung und -anzeige.<br \/>\n[Robust und langlebig]: Die SD-Karte hat eine hervorragende Leistung in Bezug auf Wasser, Staub, Druck, Temperatur, Magnete und R\u00f6ntgenstrahlen.Daher stellt sie sicher, dass Ihre Daten gut gesch\u00fctzt sind und Sie sie unter extremen Bedingungen mitnehmen k\u00f6nnen .<br \/>\n[Leicht zu tragen]: Plug-and-Play, diese 512-GB-Speicherkarte ist klein, leicht und nimmt keinen Platz ein. Die kleine Gr\u00f6\u00dfe hat eine gro\u00dfe Kapazit\u00e4t von 512 GB, was sie ideal f\u00fcr den t\u00e4glichen Gebrauch macht, und sie ist sehr praktisch f\u00fcr Fotoshootings oder Au\u00dfenaufnahmen.<br \/>\n<div class=\"main-cross-sell\" data-asin=\"B0B76QD71H\">\n\n\t<div class=\"WooZone-cross-sell-loader\">\n\t\t<div>\n\t\t\t<div id=\"floatingBarsG\">\n\t\t\t\t<div class=\"blockG\" id=\"rotateG_01\"><\/div>\n\t\t\t\t<div class=\"blockG\" id=\"rotateG_02\"><\/div>\n\t\t\t\t<div class=\"blockG\" id=\"rotateG_03\"><\/div>\n\t\t\t\t<div class=\"blockG\" id=\"rotateG_04\"><\/div>\n\t\t\t\t<div class=\"blockG\" id=\"rotateG_05\"><\/div>\n\t\t\t\t<div class=\"blockG\" id=\"rotateG_06\"><\/div>\n\t\t\t\t<div class=\"blockG\" id=\"rotateG_07\"><\/div>\n\t\t\t\t<div class=\"blockG\" id=\"rotateG_08\"><\/div>\n\t\t\t<\/div>\n\t\t\t<div class=\"WooZone-cross-sell-loader-text\"><\/div>\n\t\t<\/div>\n\t<\/div>\n\n\t\t\n<\/div>\n<div style=\"clear:both;\"><\/div><\/p>\n","protected":false},"excerpt":{"rendered":"<p>[512 GB gro\u00dfe Kapazit\u00e4t]: Bis zu 512 GB Micro-SD-Karte zur Erweiterung Ihrer Speicherkapazit\u00e4t und die perfekte Speichererweiterung f\u00fcr Smartphones und Tablets, um all Ihre unvergesslichen Fotos und Videos zu speichern.<br \/>\n[Leistungsstarke Kompatibilit\u00e4t]: Die breite Kompatibilit\u00e4t von Micro SD erf\u00fcllt fast alle Ihre Bed\u00fcrfnisse im Leben. Es ist kompatibel mit Smartphones, Laptops, Tablets, Kameras, Dashcams, Drohnen, \u00dcberwachungskameras usw.<br \/>\n[Hohe Leistung]: Die Micro-SD-Karte bietet ein stabileres und schnelleres Betriebssystem bei \u00dcbertragung und Speicherung. Und es unterst\u00fctzt hochaufl\u00f6sende Fotos, Full HD- und UHD-Videoaufzeichnung und -anzeige.<\/p>\n","protected":false},"featured_media":146241,"comment_status":"open","ping_status":"closed","template":"","meta":[],"product_brand":[],"product_cat":[863],"product_tag":[],"class_list":{"0":"post-146240","1":"product","2":"type-product","3":"status-publish","4":"has-post-thumbnail","6":"product_cat-computer-zubehoer","7":"pa_brand-teawake","8":"pa_color-red","9":"pa_height-0-00047244-zoll","10":"pa_length-0-00047244-zoll","11":"pa_manufacturer-teawake","12":"pa_warranty-90-days","13":"pa_weight-0-0220462262-pfund","14":"pa_width-0-00019685-zoll","16":"first","17":"instock","18":"shipping-taxable","19":"purchasable","20":"product-type-simple","21":"customify-col","22":"product-has-gallery"},"yoast_head":"<!-- This site is optimized with the Yoast SEO plugin v27.4 - https:\/\/yoast.com\/product\/yoast-seo-wordpress\/ -->\n<title>Teawake Micro SD Karte 512 GB Hohe Geschwindigkeit Micro SD Videoaufnahmen SD Karte Wasserdicht Speicherkarte Tragbar\u2026 - Markt-XXL<\/title>\n<meta name=\"description\" content=\"Markt-XXL Teawake Micro SD Karte 512 GB Hohe Geschwindigkeit Micro SD Videoaufnahmen SD Karte Wasserdicht Speicherkarte Tragbar\u2026\" \/>\n<meta name=\"robots\" content=\"index, follow, max-snippet:-1, max-image-preview:large, max-video-preview:-1\" \/>\n<link rel=\"canonical\" href=\"https:\/\/marktxxl.de\/markt\/produkt\/teawake-micro-sd-karte-512-gb-hohe-geschwindigkeit-micro-sd-videoaufnahmen-sd-karte-wasserdicht-speicherkarte-tragbar-memory-card-fuer-smartphones-pcs-dashcams-drohne-und-actionkameras-512gb\/\" \/>\n<meta property=\"og:locale\" content=\"de_DE\" \/>\n<meta property=\"og:type\" content=\"article\" \/>\n<meta property=\"og:title\" content=\"Teawake Micro SD Karte 512 GB Hohe Geschwindigkeit Micro SD Videoaufnahmen SD Karte Wasserdicht Speicherkarte Tragbar\u2026 - Markt-XXL\" \/>\n<meta property=\"og:description\" content=\"Markt-XXL Teawake Micro SD Karte 512 GB Hohe Geschwindigkeit Micro SD Videoaufnahmen SD Karte Wasserdicht Speicherkarte Tragbar\u2026\" \/>\n<meta property=\"og:url\" content=\"https:\/\/marktxxl.de\/markt\/produkt\/teawake-micro-sd-karte-512-gb-hohe-geschwindigkeit-micro-sd-videoaufnahmen-sd-karte-wasserdicht-speicherkarte-tragbar-memory-card-fuer-smartphones-pcs-dashcams-drohne-und-actionkameras-512gb\/\" \/>\n<meta property=\"og:site_name\" content=\"Markt-XXL\" \/>\n<meta property=\"article:modified_time\" content=\"2023-04-10T02:31:12+00:00\" \/>\n<meta property=\"og:image\" content=\"https:\/\/m.media-amazon.com\/images\/I\/41nr4gQX3UL._SL500_.jpg\" \/>\n\t<meta property=\"og:image:width\" content=\"500\" \/>\n\t<meta property=\"og:image:height\" content=\"500\" \/>\n\t<meta property=\"og:image:type\" content=\"image\/jpeg\" \/>\n<meta name=\"twitter:card\" content=\"summary_large_image\" \/>\n<meta name=\"twitter:label1\" content=\"Gesch\u00e4tzte Lesezeit\" \/>\n\t<meta name=\"twitter:data1\" content=\"1\u00a0Minute\" \/>\n<script type=\"application\/ld+json\" class=\"yoast-schema-graph\">{\"@context\":\"https:\\\/\\\/schema.org\",\"@graph\":[{\"@type\":\"WebPage\",\"@id\":\"https:\\\/\\\/marktxxl.de\\\/markt\\\/produkt\\\/teawake-micro-sd-karte-512-gb-hohe-geschwindigkeit-micro-sd-videoaufnahmen-sd-karte-wasserdicht-speicherkarte-tragbar-memory-card-fuer-smartphones-pcs-dashcams-drohne-und-actionkameras-512gb\\\/\",\"url\":\"https:\\\/\\\/marktxxl.de\\\/markt\\\/produkt\\\/teawake-micro-sd-karte-512-gb-hohe-geschwindigkeit-micro-sd-videoaufnahmen-sd-karte-wasserdicht-speicherkarte-tragbar-memory-card-fuer-smartphones-pcs-dashcams-drohne-und-actionkameras-512gb\\\/\",\"name\":\"Teawake Micro SD Karte 512 GB Hohe Geschwindigkeit Micro SD Videoaufnahmen SD Karte Wasserdicht Speicherkarte Tragbar\u2026 - Markt-XXL\",\"isPartOf\":{\"@id\":\"https:\\\/\\\/marktxxl.de\\\/markt\\\/#website\"},\"primaryImageOfPage\":{\"@id\":\"https:\\\/\\\/marktxxl.de\\\/markt\\\/produkt\\\/teawake-micro-sd-karte-512-gb-hohe-geschwindigkeit-micro-sd-videoaufnahmen-sd-karte-wasserdicht-speicherkarte-tragbar-memory-card-fuer-smartphones-pcs-dashcams-drohne-und-actionkameras-512gb\\\/#primaryimage\"},\"image\":{\"@id\":\"https:\\\/\\\/marktxxl.de\\\/markt\\\/produkt\\\/teawake-micro-sd-karte-512-gb-hohe-geschwindigkeit-micro-sd-videoaufnahmen-sd-karte-wasserdicht-speicherkarte-tragbar-memory-card-fuer-smartphones-pcs-dashcams-drohne-und-actionkameras-512gb\\\/#primaryimage\"},\"thumbnailUrl\":\"https:\\\/\\\/m.media-amazon.com\\\/images\\\/I\\\/41nr4gQX3UL._SL500_.jpg\",\"datePublished\":\"2022-08-13T06:58:20+00:00\",\"dateModified\":\"2023-04-10T02:31:12+00:00\",\"description\":\"Markt-XXL Teawake Micro SD Karte 512 GB Hohe Geschwindigkeit Micro SD Videoaufnahmen SD Karte Wasserdicht Speicherkarte Tragbar\u2026\",\"breadcrumb\":{\"@id\":\"https:\\\/\\\/marktxxl.de\\\/markt\\\/produkt\\\/teawake-micro-sd-karte-512-gb-hohe-geschwindigkeit-micro-sd-videoaufnahmen-sd-karte-wasserdicht-speicherkarte-tragbar-memory-card-fuer-smartphones-pcs-dashcams-drohne-und-actionkameras-512gb\\\/#breadcrumb\"},\"inLanguage\":\"de\",\"potentialAction\":[{\"@type\":\"ReadAction\",\"target\":[\"https:\\\/\\\/marktxxl.de\\\/markt\\\/produkt\\\/teawake-micro-sd-karte-512-gb-hohe-geschwindigkeit-micro-sd-videoaufnahmen-sd-karte-wasserdicht-speicherkarte-tragbar-memory-card-fuer-smartphones-pcs-dashcams-drohne-und-actionkameras-512gb\\\/\"]}]},{\"@type\":\"ImageObject\",\"inLanguage\":\"de\",\"@id\":\"https:\\\/\\\/marktxxl.de\\\/markt\\\/produkt\\\/teawake-micro-sd-karte-512-gb-hohe-geschwindigkeit-micro-sd-videoaufnahmen-sd-karte-wasserdicht-speicherkarte-tragbar-memory-card-fuer-smartphones-pcs-dashcams-drohne-und-actionkameras-512gb\\\/#primaryimage\",\"url\":\"https:\\\/\\\/m.media-amazon.com\\\/images\\\/I\\\/41nr4gQX3UL._SL500_.jpg\",\"contentUrl\":\"https:\\\/\\\/m.media-amazon.com\\\/images\\\/I\\\/41nr4gQX3UL._SL500_.jpg\",\"width\":500,\"height\":500},{\"@type\":\"BreadcrumbList\",\"@id\":\"https:\\\/\\\/marktxxl.de\\\/markt\\\/produkt\\\/teawake-micro-sd-karte-512-gb-hohe-geschwindigkeit-micro-sd-videoaufnahmen-sd-karte-wasserdicht-speicherkarte-tragbar-memory-card-fuer-smartphones-pcs-dashcams-drohne-und-actionkameras-512gb\\\/#breadcrumb\",\"itemListElement\":[{\"@type\":\"ListItem\",\"position\":1,\"name\":\"Startseite\",\"item\":\"https:\\\/\\\/marktxxl.de\\\/markt\\\/\"},{\"@type\":\"ListItem\",\"position\":2,\"name\":\"Markt\",\"item\":\"https:\\\/\\\/marktxxl.de\\\/markt\\\/\"},{\"@type\":\"ListItem\",\"position\":3,\"name\":\"Teawake Micro SD Karte 512 GB Hohe Geschwindigkeit Micro SD Videoaufnahmen SD Karte Wasserdicht Speicherkarte Tragbar\u2026\"}]},{\"@type\":\"WebSite\",\"@id\":\"https:\\\/\\\/marktxxl.de\\\/markt\\\/#website\",\"url\":\"https:\\\/\\\/marktxxl.de\\\/markt\\\/\",\"name\":\"Markt-XXL\",\"description\":\"Ihr Markt Online\",\"publisher\":{\"@id\":\"https:\\\/\\\/marktxxl.de\\\/markt\\\/#organization\"},\"potentialAction\":[{\"@type\":\"SearchAction\",\"target\":{\"@type\":\"EntryPoint\",\"urlTemplate\":\"https:\\\/\\\/marktxxl.de\\\/markt\\\/?s={search_term_string}\"},\"query-input\":{\"@type\":\"PropertyValueSpecification\",\"valueRequired\":true,\"valueName\":\"search_term_string\"}}],\"inLanguage\":\"de\"},{\"@type\":\"Organization\",\"@id\":\"https:\\\/\\\/marktxxl.de\\\/markt\\\/#organization\",\"name\":\"Markt-XXL\",\"url\":\"https:\\\/\\\/marktxxl.de\\\/markt\\\/\",\"logo\":{\"@type\":\"ImageObject\",\"inLanguage\":\"de\",\"@id\":\"https:\\\/\\\/marktxxl.de\\\/markt\\\/#\\\/schema\\\/logo\\\/image\\\/\",\"url\":\"https:\\\/\\\/marktxxl.de\\\/markt\\\/wp-content\\\/uploads\\\/sites\\\/3\\\/2020\\\/12\\\/logo.png\",\"contentUrl\":\"https:\\\/\\\/marktxxl.de\\\/markt\\\/wp-content\\\/uploads\\\/sites\\\/3\\\/2020\\\/12\\\/logo.png\",\"width\":200,\"height\":70,\"caption\":\"Markt-XXL\"},\"image\":{\"@id\":\"https:\\\/\\\/marktxxl.de\\\/markt\\\/#\\\/schema\\\/logo\\\/image\\\/\"}}]}<\/script>\n<!-- \/ Yoast SEO plugin. -->","yoast_head_json":{"title":"Teawake Micro SD Karte 512 GB Hohe Geschwindigkeit Micro SD Videoaufnahmen SD Karte Wasserdicht Speicherkarte Tragbar\u2026 - Markt-XXL","description":"Markt-XXL Teawake Micro SD Karte 512 GB Hohe Geschwindigkeit Micro SD Videoaufnahmen SD Karte Wasserdicht Speicherkarte Tragbar\u2026","robots":{"index":"index","follow":"follow","max-snippet":"max-snippet:-1","max-image-preview":"max-image-preview:large","max-video-preview":"max-video-preview:-1"},"canonical":"https:\/\/marktxxl.de\/markt\/produkt\/teawake-micro-sd-karte-512-gb-hohe-geschwindigkeit-micro-sd-videoaufnahmen-sd-karte-wasserdicht-speicherkarte-tragbar-memory-card-fuer-smartphones-pcs-dashcams-drohne-und-actionkameras-512gb\/","og_locale":"de_DE","og_type":"article","og_title":"Teawake Micro SD Karte 512 GB Hohe Geschwindigkeit Micro SD Videoaufnahmen SD Karte Wasserdicht Speicherkarte Tragbar\u2026 - Markt-XXL","og_description":"Markt-XXL Teawake Micro SD Karte 512 GB Hohe Geschwindigkeit Micro SD Videoaufnahmen SD Karte Wasserdicht Speicherkarte Tragbar\u2026","og_url":"https:\/\/marktxxl.de\/markt\/produkt\/teawake-micro-sd-karte-512-gb-hohe-geschwindigkeit-micro-sd-videoaufnahmen-sd-karte-wasserdicht-speicherkarte-tragbar-memory-card-fuer-smartphones-pcs-dashcams-drohne-und-actionkameras-512gb\/","og_site_name":"Markt-XXL","article_modified_time":"2023-04-10T02:31:12+00:00","og_image":[{"width":500,"height":500,"url":"https:\/\/m.media-amazon.com\/images\/I\/41nr4gQX3UL._SL500_.jpg","type":"image\/jpeg"}],"twitter_card":"summary_large_image","twitter_misc":{"Gesch\u00e4tzte Lesezeit":"1\u00a0Minute"},"schema":{"@context":"https:\/\/schema.org","@graph":[{"@type":"WebPage","@id":"https:\/\/marktxxl.de\/markt\/produkt\/teawake-micro-sd-karte-512-gb-hohe-geschwindigkeit-micro-sd-videoaufnahmen-sd-karte-wasserdicht-speicherkarte-tragbar-memory-card-fuer-smartphones-pcs-dashcams-drohne-und-actionkameras-512gb\/","url":"https:\/\/marktxxl.de\/markt\/produkt\/teawake-micro-sd-karte-512-gb-hohe-geschwindigkeit-micro-sd-videoaufnahmen-sd-karte-wasserdicht-speicherkarte-tragbar-memory-card-fuer-smartphones-pcs-dashcams-drohne-und-actionkameras-512gb\/","name":"Teawake Micro SD Karte 512 GB Hohe Geschwindigkeit Micro SD Videoaufnahmen SD Karte Wasserdicht Speicherkarte Tragbar\u2026 - Markt-XXL","isPartOf":{"@id":"https:\/\/marktxxl.de\/markt\/#website"},"primaryImageOfPage":{"@id":"https:\/\/marktxxl.de\/markt\/produkt\/teawake-micro-sd-karte-512-gb-hohe-geschwindigkeit-micro-sd-videoaufnahmen-sd-karte-wasserdicht-speicherkarte-tragbar-memory-card-fuer-smartphones-pcs-dashcams-drohne-und-actionkameras-512gb\/#primaryimage"},"image":{"@id":"https:\/\/marktxxl.de\/markt\/produkt\/teawake-micro-sd-karte-512-gb-hohe-geschwindigkeit-micro-sd-videoaufnahmen-sd-karte-wasserdicht-speicherkarte-tragbar-memory-card-fuer-smartphones-pcs-dashcams-drohne-und-actionkameras-512gb\/#primaryimage"},"thumbnailUrl":"https:\/\/m.media-amazon.com\/images\/I\/41nr4gQX3UL._SL500_.jpg","datePublished":"2022-08-13T06:58:20+00:00","dateModified":"2023-04-10T02:31:12+00:00","description":"Markt-XXL Teawake Micro SD Karte 512 GB Hohe Geschwindigkeit Micro SD Videoaufnahmen SD Karte Wasserdicht Speicherkarte Tragbar\u2026","breadcrumb":{"@id":"https:\/\/marktxxl.de\/markt\/produkt\/teawake-micro-sd-karte-512-gb-hohe-geschwindigkeit-micro-sd-videoaufnahmen-sd-karte-wasserdicht-speicherkarte-tragbar-memory-card-fuer-smartphones-pcs-dashcams-drohne-und-actionkameras-512gb\/#breadcrumb"},"inLanguage":"de","potentialAction":[{"@type":"ReadAction","target":["https:\/\/marktxxl.de\/markt\/produkt\/teawake-micro-sd-karte-512-gb-hohe-geschwindigkeit-micro-sd-videoaufnahmen-sd-karte-wasserdicht-speicherkarte-tragbar-memory-card-fuer-smartphones-pcs-dashcams-drohne-und-actionkameras-512gb\/"]}]},{"@type":"ImageObject","inLanguage":"de","@id":"https:\/\/marktxxl.de\/markt\/produkt\/teawake-micro-sd-karte-512-gb-hohe-geschwindigkeit-micro-sd-videoaufnahmen-sd-karte-wasserdicht-speicherkarte-tragbar-memory-card-fuer-smartphones-pcs-dashcams-drohne-und-actionkameras-512gb\/#primaryimage","url":"https:\/\/m.media-amazon.com\/images\/I\/41nr4gQX3UL._SL500_.jpg","contentUrl":"https:\/\/m.media-amazon.com\/images\/I\/41nr4gQX3UL._SL500_.jpg","width":500,"height":500},{"@type":"BreadcrumbList","@id":"https:\/\/marktxxl.de\/markt\/produkt\/teawake-micro-sd-karte-512-gb-hohe-geschwindigkeit-micro-sd-videoaufnahmen-sd-karte-wasserdicht-speicherkarte-tragbar-memory-card-fuer-smartphones-pcs-dashcams-drohne-und-actionkameras-512gb\/#breadcrumb","itemListElement":[{"@type":"ListItem","position":1,"name":"Startseite","item":"https:\/\/marktxxl.de\/markt\/"},{"@type":"ListItem","position":2,"name":"Markt","item":"https:\/\/marktxxl.de\/markt\/"},{"@type":"ListItem","position":3,"name":"Teawake Micro SD Karte 512 GB Hohe Geschwindigkeit Micro SD Videoaufnahmen SD Karte Wasserdicht Speicherkarte Tragbar\u2026"}]},{"@type":"WebSite","@id":"https:\/\/marktxxl.de\/markt\/#website","url":"https:\/\/marktxxl.de\/markt\/","name":"Markt-XXL","description":"Ihr Markt Online","publisher":{"@id":"https:\/\/marktxxl.de\/markt\/#organization"},"potentialAction":[{"@type":"SearchAction","target":{"@type":"EntryPoint","urlTemplate":"https:\/\/marktxxl.de\/markt\/?s={search_term_string}"},"query-input":{"@type":"PropertyValueSpecification","valueRequired":true,"valueName":"search_term_string"}}],"inLanguage":"de"},{"@type":"Organization","@id":"https:\/\/marktxxl.de\/markt\/#organization","name":"Markt-XXL","url":"https:\/\/marktxxl.de\/markt\/","logo":{"@type":"ImageObject","inLanguage":"de","@id":"https:\/\/marktxxl.de\/markt\/#\/schema\/logo\/image\/","url":"https:\/\/marktxxl.de\/markt\/wp-content\/uploads\/sites\/3\/2020\/12\/logo.png","contentUrl":"https:\/\/marktxxl.de\/markt\/wp-content\/uploads\/sites\/3\/2020\/12\/logo.png","width":200,"height":70,"caption":"Markt-XXL"},"image":{"@id":"https:\/\/marktxxl.de\/markt\/#\/schema\/logo\/image\/"}}]}},"_links":{"self":[{"href":"https:\/\/marktxxl.de\/markt\/wp-json\/wp\/v2\/product\/146240","targetHints":{"allow":["GET"]}}],"collection":[{"href":"https:\/\/marktxxl.de\/markt\/wp-json\/wp\/v2\/product"}],"about":[{"href":"https:\/\/marktxxl.de\/markt\/wp-json\/wp\/v2\/types\/product"}],"replies":[{"embeddable":true,"href":"https:\/\/marktxxl.de\/markt\/wp-json\/wp\/v2\/comments?post=146240"}],"wp:featuredmedia":[{"embeddable":true,"href":"https:\/\/marktxxl.de\/markt\/wp-json\/wp\/v2\/media\/146241"}],"wp:attachment":[{"href":"https:\/\/marktxxl.de\/markt\/wp-json\/wp\/v2\/media?parent=146240"}],"wp:term":[{"taxonomy":"product_brand","embeddable":true,"href":"https:\/\/marktxxl.de\/markt\/wp-json\/wp\/v2\/product_brand?post=146240"},{"taxonomy":"product_cat","embeddable":true,"href":"https:\/\/marktxxl.de\/markt\/wp-json\/wp\/v2\/product_cat?post=146240"},{"taxonomy":"product_tag","embeddable":true,"href":"https:\/\/marktxxl.de\/markt\/wp-json\/wp\/v2\/product_tag?post=146240"}],"curies":[{"name":"wp","href":"https:\/\/api.w.org\/{rel}","templated":true}]}}