{"id":146183,"date":"2022-08-13T08:56:01","date_gmt":"2022-08-13T06:56:01","guid":{"rendered":"https:\/\/marktxxl.de\/markt\/produkt\/tv-docking-station-fuer-steam-deck-dobewingdelou-5-in-1-hub-stand-dock-mit-4k-hdmi-3-usb-3-0-data-port-usb-c-pd-charging-fuer-valve-steam-deck-zubehoer\/"},"modified":"2023-04-10T04:30:34","modified_gmt":"2023-04-10T02:30:34","slug":"tv-docking-station-fuer-steam-deck-dobewingdelou-5-in-1-hub-stand-dock-mit-4k-hdmi-3-usb-3-0-data-port-usb-c-pd-charging-fuer-valve-steam-deck-zubehoer","status":"publish","type":"product","link":"https:\/\/marktxxl.de\/markt\/produkt\/tv-docking-station-fuer-steam-deck-dobewingdelou-5-in-1-hub-stand-dock-mit-4k-hdmi-3-usb-3-0-data-port-usb-c-pd-charging-fuer-valve-steam-deck-zubehoer\/","title":{"rendered":"TV Docking Station f\u00fcr Steam Deck DOBEWINGDELOU 5 in 1 Hub Stand Dock mit 4K HDMI 3 USB 3.0 Data Port USB-C PD Charging\u2026"},"content":{"rendered":"<p>5-in-1 TV-Docking-St\u00e4nder: Das TV-Dock wurde f\u00fcr Steam Deck entwickelt und ist mit einem 4K-HDMI-Ausgang, einem USB Typ-C PD-Schnellladeanschluss und 3 USB 3.0-Datenanschl\u00fcssen ausgestattet. Sie k\u00f6nnen Videospiele auf dem Fernseher spielen, w\u00e4hrend Ihr Ger\u00e4t aufgeladen wird, 3 USB 3.0 erm\u00f6glicht Ihnen den Zugriff auf Tastaturen und M\u00e4use, usw., Sie k\u00f6nnen im Internet surfen und tun, was Sie im Desktop-Modus wollen.<br \/>\n4K@30Hz HDMI-Ausgang: Die Dockingstation f\u00fcr Steam Deck verf\u00fcgt \u00fcber einen 4K@30Hz HDMI 1.4 Ausgang. Wenn Sie einen externen 4K-Monitor anschlie\u00dfen, kann es Sie sch\u00e4rfer und glatter visuelle Erfahrung bieten, so dass Sie das visuelle Fest auf Ihre Spiele genie\u00dfen k\u00f6nnen.<br \/>\nSchnelle Ladegeschwindigkeit: Die Dockingstation f\u00fcr das Steam Deck unterst\u00fctzt maximal 65W, was ausreicht, um Ihr Steam Deck aufzuladen. Wir empfehlen die Verwendung des Originalnetzteils, die maximale Ladegeschwindigkeit des Steam Decks betr\u00e4gt 45W.<br \/>\nEine perfekte Kombination: Die 5-in-1-Dockingstation f\u00fcr Steam Deck vereint Hub und St\u00e4nder perfekt. Sie m\u00fcssen nicht einen normalen Hub und einen Standfu\u00df f\u00fcr Ihr Steam Deck kaufen, was nicht nur einfacher f\u00fcr Sie ist, sondern auch Ihren Schreibtisch ordentlich und organisiert h\u00e4lt.<br \/>\nWeitgehende Kompatibilit\u00e4t: Die Ladestation f\u00fcr Steam Deck ist nicht nur f\u00fcr Steam Deck, sondern auch f\u00fcr Nintendo Switch (umgedreht), Tablets, Smartphones, etc. mit USB-C-Ports. Es ist ein gutes Geschenk Wahl, die ein perfektes Geschenk f\u00fcr Ihre Freunde ist, die Spiele lieben und es kann ihnen helfen, das Spiel zu genie\u00dfen. (jedes Ger\u00e4t \/ Konsole ist nicht enthalten)<br \/>\n<div class=\"main-cross-sell\" data-asin=\"B0B722P35Z\">\n\n\t<div class=\"WooZone-cross-sell-loader\">\n\t\t<div>\n\t\t\t<div id=\"floatingBarsG\">\n\t\t\t\t<div class=\"blockG\" id=\"rotateG_01\"><\/div>\n\t\t\t\t<div class=\"blockG\" id=\"rotateG_02\"><\/div>\n\t\t\t\t<div class=\"blockG\" id=\"rotateG_03\"><\/div>\n\t\t\t\t<div class=\"blockG\" id=\"rotateG_04\"><\/div>\n\t\t\t\t<div class=\"blockG\" id=\"rotateG_05\"><\/div>\n\t\t\t\t<div class=\"blockG\" id=\"rotateG_06\"><\/div>\n\t\t\t\t<div class=\"blockG\" id=\"rotateG_07\"><\/div>\n\t\t\t\t<div class=\"blockG\" id=\"rotateG_08\"><\/div>\n\t\t\t<\/div>\n\t\t\t<div class=\"WooZone-cross-sell-loader-text\"><\/div>\n\t\t<\/div>\n\t<\/div>\n\n\t\t\n<\/div>\n<div style=\"clear:both;\"><\/div><\/p>\n","protected":false},"excerpt":{"rendered":"<p>5-in-1 TV-Docking-St\u00e4nder: Das TV-Dock wurde f\u00fcr Steam Deck entwickelt und ist mit einem 4K-HDMI-Ausgang, einem USB Typ-C PD-Schnellladeanschluss und 3 USB 3.0-Datenanschl\u00fcssen ausgestattet. Sie k\u00f6nnen Videospiele auf dem Fernseher spielen, w\u00e4hrend Ihr Ger\u00e4t aufgeladen wird, 3 USB 3.0 erm\u00f6glicht Ihnen den Zugriff auf Tastaturen und M\u00e4use, usw., Sie k\u00f6nnen im Internet surfen und tun, was Sie im Desktop-Modus wollen.<br \/>\n4K@30Hz HDMI-Ausgang: Die Dockingstation f\u00fcr Steam Deck verf\u00fcgt \u00fcber einen 4K@30Hz HDMI 1.4 Ausgang. Wenn Sie einen externen 4K-Monitor anschlie\u00dfen, kann es Sie sch\u00e4rfer und glatter visuelle Erfahrung bieten, so dass Sie das visuelle Fest auf Ihre Spiele genie\u00dfen k\u00f6nnen.<br \/>\nSchnelle Ladegeschwindigkeit: Die Dockingstation f\u00fcr das Steam Deck unterst\u00fctzt maximal 65W, was ausreicht, um Ihr Steam Deck aufzuladen. Wir empfehlen die Verwendung des Originalnetzteils, die maximale Ladegeschwindigkeit des Steam Decks betr\u00e4gt 45W.<\/p>\n","protected":false},"featured_media":146184,"comment_status":"open","ping_status":"closed","template":"","meta":[],"product_brand":[],"product_cat":[863],"product_tag":[],"class_list":{"0":"post-146183","1":"product","2":"type-product","3":"status-publish","4":"has-post-thumbnail","6":"product_cat-computer-zubehoer","7":"pa_binding-videospiel","8":"pa_brand-dobewingdelou","9":"pa_color-schwarz","10":"pa_height-1-574803148-zoll","11":"pa_languages-unbekannt-armenisch","12":"pa_length-5-7874015689-zoll","13":"pa_manufacturer-dobewingdelou","14":"pa_model-db-s2-002-eu","15":"pa_width-2-9527559025-zoll","17":"first","18":"instock","19":"shipping-taxable","20":"purchasable","21":"product-type-simple","22":"customify-col","23":"product-has-gallery"},"yoast_head":"<!-- This site is optimized with the Yoast SEO plugin v27.4 - https:\/\/yoast.com\/product\/yoast-seo-wordpress\/ -->\n<title>TV Docking Station f\u00fcr Steam Deck DOBEWINGDELOU 5 in 1 Hub Stand Dock mit 4K HDMI 3 USB 3.0 Data Port USB-C PD Charging\u2026 - Markt-XXL<\/title>\n<meta name=\"description\" content=\"Markt-XXL TV Docking Station f\u00fcr Steam Deck DOBEWINGDELOU 5 in 1 Hub Stand Dock mit 4K HDMI 3 USB 3.0 Data Port USB-C PD Charging\u2026\" \/>\n<meta name=\"robots\" content=\"index, follow, max-snippet:-1, max-image-preview:large, max-video-preview:-1\" \/>\n<link rel=\"canonical\" href=\"https:\/\/marktxxl.de\/markt\/produkt\/tv-docking-station-fuer-steam-deck-dobewingdelou-5-in-1-hub-stand-dock-mit-4k-hdmi-3-usb-3-0-data-port-usb-c-pd-charging-fuer-valve-steam-deck-zubehoer\/\" \/>\n<meta property=\"og:locale\" content=\"de_DE\" \/>\n<meta property=\"og:type\" content=\"article\" \/>\n<meta property=\"og:title\" content=\"TV Docking Station f\u00fcr Steam Deck DOBEWINGDELOU 5 in 1 Hub Stand Dock mit 4K HDMI 3 USB 3.0 Data Port USB-C PD Charging\u2026 - Markt-XXL\" \/>\n<meta property=\"og:description\" content=\"Markt-XXL TV Docking Station f\u00fcr Steam Deck DOBEWINGDELOU 5 in 1 Hub Stand Dock mit 4K HDMI 3 USB 3.0 Data Port USB-C PD Charging\u2026\" \/>\n<meta property=\"og:url\" content=\"https:\/\/marktxxl.de\/markt\/produkt\/tv-docking-station-fuer-steam-deck-dobewingdelou-5-in-1-hub-stand-dock-mit-4k-hdmi-3-usb-3-0-data-port-usb-c-pd-charging-fuer-valve-steam-deck-zubehoer\/\" \/>\n<meta property=\"og:site_name\" content=\"Markt-XXL\" \/>\n<meta property=\"article:modified_time\" content=\"2023-04-10T02:30:34+00:00\" \/>\n<meta property=\"og:image\" content=\"https:\/\/m.media-amazon.com\/images\/I\/41VsPT84dnL._SL500_.jpg\" \/>\n\t<meta property=\"og:image:width\" content=\"500\" \/>\n\t<meta property=\"og:image:height\" content=\"500\" \/>\n\t<meta property=\"og:image:type\" content=\"image\/jpeg\" \/>\n<meta name=\"twitter:card\" content=\"summary_large_image\" \/>\n<meta name=\"twitter:label1\" content=\"Gesch\u00e4tzte Lesezeit\" \/>\n\t<meta name=\"twitter:data1\" content=\"1\u00a0Minute\" \/>\n<script type=\"application\/ld+json\" class=\"yoast-schema-graph\">{\"@context\":\"https:\\\/\\\/schema.org\",\"@graph\":[{\"@type\":\"WebPage\",\"@id\":\"https:\\\/\\\/marktxxl.de\\\/markt\\\/produkt\\\/tv-docking-station-fuer-steam-deck-dobewingdelou-5-in-1-hub-stand-dock-mit-4k-hdmi-3-usb-3-0-data-port-usb-c-pd-charging-fuer-valve-steam-deck-zubehoer\\\/\",\"url\":\"https:\\\/\\\/marktxxl.de\\\/markt\\\/produkt\\\/tv-docking-station-fuer-steam-deck-dobewingdelou-5-in-1-hub-stand-dock-mit-4k-hdmi-3-usb-3-0-data-port-usb-c-pd-charging-fuer-valve-steam-deck-zubehoer\\\/\",\"name\":\"TV Docking Station f\u00fcr Steam Deck DOBEWINGDELOU 5 in 1 Hub Stand Dock mit 4K HDMI 3 USB 3.0 Data Port USB-C PD Charging\u2026 - Markt-XXL\",\"isPartOf\":{\"@id\":\"https:\\\/\\\/marktxxl.de\\\/markt\\\/#website\"},\"primaryImageOfPage\":{\"@id\":\"https:\\\/\\\/marktxxl.de\\\/markt\\\/produkt\\\/tv-docking-station-fuer-steam-deck-dobewingdelou-5-in-1-hub-stand-dock-mit-4k-hdmi-3-usb-3-0-data-port-usb-c-pd-charging-fuer-valve-steam-deck-zubehoer\\\/#primaryimage\"},\"image\":{\"@id\":\"https:\\\/\\\/marktxxl.de\\\/markt\\\/produkt\\\/tv-docking-station-fuer-steam-deck-dobewingdelou-5-in-1-hub-stand-dock-mit-4k-hdmi-3-usb-3-0-data-port-usb-c-pd-charging-fuer-valve-steam-deck-zubehoer\\\/#primaryimage\"},\"thumbnailUrl\":\"https:\\\/\\\/m.media-amazon.com\\\/images\\\/I\\\/41VsPT84dnL._SL500_.jpg\",\"datePublished\":\"2022-08-13T06:56:01+00:00\",\"dateModified\":\"2023-04-10T02:30:34+00:00\",\"description\":\"Markt-XXL TV Docking Station f\u00fcr Steam Deck DOBEWINGDELOU 5 in 1 Hub Stand Dock mit 4K HDMI 3 USB 3.0 Data Port USB-C PD Charging\u2026\",\"breadcrumb\":{\"@id\":\"https:\\\/\\\/marktxxl.de\\\/markt\\\/produkt\\\/tv-docking-station-fuer-steam-deck-dobewingdelou-5-in-1-hub-stand-dock-mit-4k-hdmi-3-usb-3-0-data-port-usb-c-pd-charging-fuer-valve-steam-deck-zubehoer\\\/#breadcrumb\"},\"inLanguage\":\"de\",\"potentialAction\":[{\"@type\":\"ReadAction\",\"target\":[\"https:\\\/\\\/marktxxl.de\\\/markt\\\/produkt\\\/tv-docking-station-fuer-steam-deck-dobewingdelou-5-in-1-hub-stand-dock-mit-4k-hdmi-3-usb-3-0-data-port-usb-c-pd-charging-fuer-valve-steam-deck-zubehoer\\\/\"]}]},{\"@type\":\"ImageObject\",\"inLanguage\":\"de\",\"@id\":\"https:\\\/\\\/marktxxl.de\\\/markt\\\/produkt\\\/tv-docking-station-fuer-steam-deck-dobewingdelou-5-in-1-hub-stand-dock-mit-4k-hdmi-3-usb-3-0-data-port-usb-c-pd-charging-fuer-valve-steam-deck-zubehoer\\\/#primaryimage\",\"url\":\"https:\\\/\\\/m.media-amazon.com\\\/images\\\/I\\\/41VsPT84dnL._SL500_.jpg\",\"contentUrl\":\"https:\\\/\\\/m.media-amazon.com\\\/images\\\/I\\\/41VsPT84dnL._SL500_.jpg\",\"width\":500,\"height\":500},{\"@type\":\"BreadcrumbList\",\"@id\":\"https:\\\/\\\/marktxxl.de\\\/markt\\\/produkt\\\/tv-docking-station-fuer-steam-deck-dobewingdelou-5-in-1-hub-stand-dock-mit-4k-hdmi-3-usb-3-0-data-port-usb-c-pd-charging-fuer-valve-steam-deck-zubehoer\\\/#breadcrumb\",\"itemListElement\":[{\"@type\":\"ListItem\",\"position\":1,\"name\":\"Startseite\",\"item\":\"https:\\\/\\\/marktxxl.de\\\/markt\\\/\"},{\"@type\":\"ListItem\",\"position\":2,\"name\":\"Markt\",\"item\":\"https:\\\/\\\/marktxxl.de\\\/markt\\\/\"},{\"@type\":\"ListItem\",\"position\":3,\"name\":\"TV Docking Station f\u00fcr Steam Deck DOBEWINGDELOU 5 in 1 Hub Stand Dock mit 4K HDMI 3 USB 3.0 Data Port USB-C PD Charging\u2026\"}]},{\"@type\":\"WebSite\",\"@id\":\"https:\\\/\\\/marktxxl.de\\\/markt\\\/#website\",\"url\":\"https:\\\/\\\/marktxxl.de\\\/markt\\\/\",\"name\":\"Markt-XXL\",\"description\":\"Ihr Markt Online\",\"publisher\":{\"@id\":\"https:\\\/\\\/marktxxl.de\\\/markt\\\/#organization\"},\"potentialAction\":[{\"@type\":\"SearchAction\",\"target\":{\"@type\":\"EntryPoint\",\"urlTemplate\":\"https:\\\/\\\/marktxxl.de\\\/markt\\\/?s={search_term_string}\"},\"query-input\":{\"@type\":\"PropertyValueSpecification\",\"valueRequired\":true,\"valueName\":\"search_term_string\"}}],\"inLanguage\":\"de\"},{\"@type\":\"Organization\",\"@id\":\"https:\\\/\\\/marktxxl.de\\\/markt\\\/#organization\",\"name\":\"Markt-XXL\",\"url\":\"https:\\\/\\\/marktxxl.de\\\/markt\\\/\",\"logo\":{\"@type\":\"ImageObject\",\"inLanguage\":\"de\",\"@id\":\"https:\\\/\\\/marktxxl.de\\\/markt\\\/#\\\/schema\\\/logo\\\/image\\\/\",\"url\":\"https:\\\/\\\/marktxxl.de\\\/markt\\\/wp-content\\\/uploads\\\/sites\\\/3\\\/2020\\\/12\\\/logo.png\",\"contentUrl\":\"https:\\\/\\\/marktxxl.de\\\/markt\\\/wp-content\\\/uploads\\\/sites\\\/3\\\/2020\\\/12\\\/logo.png\",\"width\":200,\"height\":70,\"caption\":\"Markt-XXL\"},\"image\":{\"@id\":\"https:\\\/\\\/marktxxl.de\\\/markt\\\/#\\\/schema\\\/logo\\\/image\\\/\"}}]}<\/script>\n<!-- \/ Yoast SEO plugin. -->","yoast_head_json":{"title":"TV Docking Station f\u00fcr Steam Deck DOBEWINGDELOU 5 in 1 Hub Stand Dock mit 4K HDMI 3 USB 3.0 Data Port USB-C PD Charging\u2026 - Markt-XXL","description":"Markt-XXL TV Docking Station f\u00fcr Steam Deck DOBEWINGDELOU 5 in 1 Hub Stand Dock mit 4K HDMI 3 USB 3.0 Data Port USB-C PD Charging\u2026","robots":{"index":"index","follow":"follow","max-snippet":"max-snippet:-1","max-image-preview":"max-image-preview:large","max-video-preview":"max-video-preview:-1"},"canonical":"https:\/\/marktxxl.de\/markt\/produkt\/tv-docking-station-fuer-steam-deck-dobewingdelou-5-in-1-hub-stand-dock-mit-4k-hdmi-3-usb-3-0-data-port-usb-c-pd-charging-fuer-valve-steam-deck-zubehoer\/","og_locale":"de_DE","og_type":"article","og_title":"TV Docking Station f\u00fcr Steam Deck DOBEWINGDELOU 5 in 1 Hub Stand Dock mit 4K HDMI 3 USB 3.0 Data Port USB-C PD Charging\u2026 - Markt-XXL","og_description":"Markt-XXL TV Docking Station f\u00fcr Steam Deck DOBEWINGDELOU 5 in 1 Hub Stand Dock mit 4K HDMI 3 USB 3.0 Data Port USB-C PD Charging\u2026","og_url":"https:\/\/marktxxl.de\/markt\/produkt\/tv-docking-station-fuer-steam-deck-dobewingdelou-5-in-1-hub-stand-dock-mit-4k-hdmi-3-usb-3-0-data-port-usb-c-pd-charging-fuer-valve-steam-deck-zubehoer\/","og_site_name":"Markt-XXL","article_modified_time":"2023-04-10T02:30:34+00:00","og_image":[{"width":500,"height":500,"url":"https:\/\/m.media-amazon.com\/images\/I\/41VsPT84dnL._SL500_.jpg","type":"image\/jpeg"}],"twitter_card":"summary_large_image","twitter_misc":{"Gesch\u00e4tzte Lesezeit":"1\u00a0Minute"},"schema":{"@context":"https:\/\/schema.org","@graph":[{"@type":"WebPage","@id":"https:\/\/marktxxl.de\/markt\/produkt\/tv-docking-station-fuer-steam-deck-dobewingdelou-5-in-1-hub-stand-dock-mit-4k-hdmi-3-usb-3-0-data-port-usb-c-pd-charging-fuer-valve-steam-deck-zubehoer\/","url":"https:\/\/marktxxl.de\/markt\/produkt\/tv-docking-station-fuer-steam-deck-dobewingdelou-5-in-1-hub-stand-dock-mit-4k-hdmi-3-usb-3-0-data-port-usb-c-pd-charging-fuer-valve-steam-deck-zubehoer\/","name":"TV Docking Station f\u00fcr Steam Deck DOBEWINGDELOU 5 in 1 Hub Stand Dock mit 4K HDMI 3 USB 3.0 Data Port USB-C PD Charging\u2026 - Markt-XXL","isPartOf":{"@id":"https:\/\/marktxxl.de\/markt\/#website"},"primaryImageOfPage":{"@id":"https:\/\/marktxxl.de\/markt\/produkt\/tv-docking-station-fuer-steam-deck-dobewingdelou-5-in-1-hub-stand-dock-mit-4k-hdmi-3-usb-3-0-data-port-usb-c-pd-charging-fuer-valve-steam-deck-zubehoer\/#primaryimage"},"image":{"@id":"https:\/\/marktxxl.de\/markt\/produkt\/tv-docking-station-fuer-steam-deck-dobewingdelou-5-in-1-hub-stand-dock-mit-4k-hdmi-3-usb-3-0-data-port-usb-c-pd-charging-fuer-valve-steam-deck-zubehoer\/#primaryimage"},"thumbnailUrl":"https:\/\/m.media-amazon.com\/images\/I\/41VsPT84dnL._SL500_.jpg","datePublished":"2022-08-13T06:56:01+00:00","dateModified":"2023-04-10T02:30:34+00:00","description":"Markt-XXL TV Docking Station f\u00fcr Steam Deck DOBEWINGDELOU 5 in 1 Hub Stand Dock mit 4K HDMI 3 USB 3.0 Data Port USB-C PD Charging\u2026","breadcrumb":{"@id":"https:\/\/marktxxl.de\/markt\/produkt\/tv-docking-station-fuer-steam-deck-dobewingdelou-5-in-1-hub-stand-dock-mit-4k-hdmi-3-usb-3-0-data-port-usb-c-pd-charging-fuer-valve-steam-deck-zubehoer\/#breadcrumb"},"inLanguage":"de","potentialAction":[{"@type":"ReadAction","target":["https:\/\/marktxxl.de\/markt\/produkt\/tv-docking-station-fuer-steam-deck-dobewingdelou-5-in-1-hub-stand-dock-mit-4k-hdmi-3-usb-3-0-data-port-usb-c-pd-charging-fuer-valve-steam-deck-zubehoer\/"]}]},{"@type":"ImageObject","inLanguage":"de","@id":"https:\/\/marktxxl.de\/markt\/produkt\/tv-docking-station-fuer-steam-deck-dobewingdelou-5-in-1-hub-stand-dock-mit-4k-hdmi-3-usb-3-0-data-port-usb-c-pd-charging-fuer-valve-steam-deck-zubehoer\/#primaryimage","url":"https:\/\/m.media-amazon.com\/images\/I\/41VsPT84dnL._SL500_.jpg","contentUrl":"https:\/\/m.media-amazon.com\/images\/I\/41VsPT84dnL._SL500_.jpg","width":500,"height":500},{"@type":"BreadcrumbList","@id":"https:\/\/marktxxl.de\/markt\/produkt\/tv-docking-station-fuer-steam-deck-dobewingdelou-5-in-1-hub-stand-dock-mit-4k-hdmi-3-usb-3-0-data-port-usb-c-pd-charging-fuer-valve-steam-deck-zubehoer\/#breadcrumb","itemListElement":[{"@type":"ListItem","position":1,"name":"Startseite","item":"https:\/\/marktxxl.de\/markt\/"},{"@type":"ListItem","position":2,"name":"Markt","item":"https:\/\/marktxxl.de\/markt\/"},{"@type":"ListItem","position":3,"name":"TV Docking Station f\u00fcr Steam Deck DOBEWINGDELOU 5 in 1 Hub Stand Dock mit 4K HDMI 3 USB 3.0 Data Port USB-C PD Charging\u2026"}]},{"@type":"WebSite","@id":"https:\/\/marktxxl.de\/markt\/#website","url":"https:\/\/marktxxl.de\/markt\/","name":"Markt-XXL","description":"Ihr Markt Online","publisher":{"@id":"https:\/\/marktxxl.de\/markt\/#organization"},"potentialAction":[{"@type":"SearchAction","target":{"@type":"EntryPoint","urlTemplate":"https:\/\/marktxxl.de\/markt\/?s={search_term_string}"},"query-input":{"@type":"PropertyValueSpecification","valueRequired":true,"valueName":"search_term_string"}}],"inLanguage":"de"},{"@type":"Organization","@id":"https:\/\/marktxxl.de\/markt\/#organization","name":"Markt-XXL","url":"https:\/\/marktxxl.de\/markt\/","logo":{"@type":"ImageObject","inLanguage":"de","@id":"https:\/\/marktxxl.de\/markt\/#\/schema\/logo\/image\/","url":"https:\/\/marktxxl.de\/markt\/wp-content\/uploads\/sites\/3\/2020\/12\/logo.png","contentUrl":"https:\/\/marktxxl.de\/markt\/wp-content\/uploads\/sites\/3\/2020\/12\/logo.png","width":200,"height":70,"caption":"Markt-XXL"},"image":{"@id":"https:\/\/marktxxl.de\/markt\/#\/schema\/logo\/image\/"}}]}},"_links":{"self":[{"href":"https:\/\/marktxxl.de\/markt\/wp-json\/wp\/v2\/product\/146183","targetHints":{"allow":["GET"]}}],"collection":[{"href":"https:\/\/marktxxl.de\/markt\/wp-json\/wp\/v2\/product"}],"about":[{"href":"https:\/\/marktxxl.de\/markt\/wp-json\/wp\/v2\/types\/product"}],"replies":[{"embeddable":true,"href":"https:\/\/marktxxl.de\/markt\/wp-json\/wp\/v2\/comments?post=146183"}],"wp:featuredmedia":[{"embeddable":true,"href":"https:\/\/marktxxl.de\/markt\/wp-json\/wp\/v2\/media\/146184"}],"wp:attachment":[{"href":"https:\/\/marktxxl.de\/markt\/wp-json\/wp\/v2\/media?parent=146183"}],"wp:term":[{"taxonomy":"product_brand","embeddable":true,"href":"https:\/\/marktxxl.de\/markt\/wp-json\/wp\/v2\/product_brand?post=146183"},{"taxonomy":"product_cat","embeddable":true,"href":"https:\/\/marktxxl.de\/markt\/wp-json\/wp\/v2\/product_cat?post=146183"},{"taxonomy":"product_tag","embeddable":true,"href":"https:\/\/marktxxl.de\/markt\/wp-json\/wp\/v2\/product_tag?post=146183"}],"curies":[{"name":"wp","href":"https:\/\/api.w.org\/{rel}","templated":true}]}}