{"id":146030,"date":"2022-08-13T08:50:03","date_gmt":"2022-08-13T06:50:03","guid":{"rendered":"https:\/\/marktxxl.de\/markt\/produkt\/grillinator-ultimativer-kaminholztraeger-robuste-und-langlebige-tragetasche-fuer-holz-selbststehendes-design-mit-gepolsterten-griffen-fassungsvermoegen-40-l-fuer-kamin\/"},"modified":"2023-04-10T04:30:32","modified_gmt":"2023-04-10T02:30:32","slug":"grillinator-ultimativer-kaminholztraeger-robuste-und-langlebige-tragetasche-fuer-holz-selbststehendes-design-mit-gepolsterten-griffen-fassungsvermoegen-40-l-fuer-kamin","status":"publish","type":"product","link":"https:\/\/marktxxl.de\/markt\/produkt\/grillinator-ultimativer-kaminholztraeger-robuste-und-langlebige-tragetasche-fuer-holz-selbststehendes-design-mit-gepolsterten-griffen-fassungsvermoegen-40-l-fuer-kamin\/","title":{"rendered":"Grillinator Ultimativer Kaminholz-Tasche, schwarz, strapazierf\u00e4hig, Tragetasche f\u00fcr Holz, selbststehendes Design mit\u2026"},"content":{"rendered":"<p>EZ-LOAD Design: W\u00e4hrend minderwertiger, fadenscheinigen Tragetaschen m\u00fcssen Sie sie beim Laden offen halten und dann zusammenklappen, wenn Sie wegsteigen, um mehr Holz zu bekommen. Der selbststehende Grillinator Kaminholztr\u00e4ger erm\u00f6glicht es Ihnen, ihn zu laden, ohne ihn offen halten zu m\u00fcssen. Geschlossenes Design h\u00e4lt alle Holzabf\u00e4lle und Splitter im Inneren des Beutels, so dass Sie den Staubsauger nicht ausbrechen m\u00fcssen, nachdem Sie alles entladen haben. Erledigen Sie die Arbeit in der H\u00e4lfte der Zeit mit der H\u00e4lfte der Aufwand<br \/>\nFingerfreundliche Griffe: Gepolsterte Griffe schonen Ihre Finger, auch wenn Sie eine riesige Menge Brennholz tragen. Keine Griffe mehr, die sich unter dem Gewicht des Holzes wie Rasierklingen anf\u00fchlen. Keine Notwendigkeit, eine Trage \u00fcber den R\u00fccken zu tragen, um die Arbeit zu erledigen<br \/>\nRobustes Material: Hergestellt aus hochwertigem Oxford-Canvas. Doppelt gen\u00e4hter High-Denier-Faden und PVC-R\u00fcckseite sorgen f\u00fcr jahrelangen Einsatz ohne zu rei\u00dfen \u2013 selbst in den k\u00e4ltesten und h\u00e4rtesten Wintern. Das wasserdichte Material \u00fcbertrifft und \u00fcberdauert die Konkurrenz. L\u00e4sst sich zum einfachen Verstauen flach zusammenklappen<br \/>\nSuper gro\u00dfe Aufbewahrung: f\u00fcr gro\u00dfe Holzscheite mit einem ger\u00e4umigen 6,4 Kubikmeter Platz. Perfekt f\u00fcr den Transport gro\u00dfer St\u00fccke aus Eiche und Ahornholz von Ihrem Holzstapel zu Ihrem Kamin. H\u00e4lt alles von Strandausr\u00fcstung bis hin zu Lebensmitteln oder Kinderspielzeug<br \/>\nLebenslange Garantie: Wir sind so zuversichtlich, dass Sie Ihre Kaminholztasche genauso lieben werden wie wir. Wenn Sie aus irgendeinem Grund nicht zufrieden sind, ersetzen wir jederzeit Ihre Tasche oder erstatten Sie Ihr Geld zur\u00fcck, so einfach ist es<br \/>\n<div class=\"main-cross-sell\" data-asin=\"B09R92GBNG\">\n\n\t<div class=\"WooZone-cross-sell-loader\">\n\t\t<div>\n\t\t\t<div id=\"floatingBarsG\">\n\t\t\t\t<div class=\"blockG\" id=\"rotateG_01\"><\/div>\n\t\t\t\t<div class=\"blockG\" id=\"rotateG_02\"><\/div>\n\t\t\t\t<div class=\"blockG\" id=\"rotateG_03\"><\/div>\n\t\t\t\t<div class=\"blockG\" id=\"rotateG_04\"><\/div>\n\t\t\t\t<div class=\"blockG\" id=\"rotateG_05\"><\/div>\n\t\t\t\t<div class=\"blockG\" id=\"rotateG_06\"><\/div>\n\t\t\t\t<div class=\"blockG\" id=\"rotateG_07\"><\/div>\n\t\t\t\t<div class=\"blockG\" id=\"rotateG_08\"><\/div>\n\t\t\t<\/div>\n\t\t\t<div class=\"WooZone-cross-sell-loader-text\"><\/div>\n\t\t<\/div>\n\t<\/div>\n\n\t\t\n<\/div>\n<div style=\"clear:both;\"><\/div><\/p>\n","protected":false},"excerpt":{"rendered":"<p>EZ-LOAD Design: W\u00e4hrend minderwertiger, fadenscheinigen Tragetaschen m\u00fcssen Sie sie beim Laden offen halten und dann zusammenklappen, wenn Sie wegsteigen, um mehr Holz zu bekommen. Der selbststehende Grillinator Kaminholztr\u00e4ger erm\u00f6glicht es Ihnen, ihn zu laden, ohne ihn offen halten zu m\u00fcssen. Geschlossenes Design h\u00e4lt alle Holzabf\u00e4lle und Splitter im Inneren des Beutels, so dass Sie den Staubsauger nicht ausbrechen m\u00fcssen, nachdem Sie alles entladen haben. Erledigen Sie die Arbeit in der H\u00e4lfte der Zeit mit der H\u00e4lfte der Aufwand<br \/>\nFingerfreundliche Griffe: Gepolsterte Griffe schonen Ihre Finger, auch wenn Sie eine riesige Menge Brennholz tragen. Keine Griffe mehr, die sich unter dem Gewicht des Holzes wie Rasierklingen anf\u00fchlen. Keine Notwendigkeit, eine Trage \u00fcber den R\u00fccken zu tragen, um die Arbeit zu erledigen<br \/>\nRobustes Material: Hergestellt aus hochwertigem Oxford-Canvas. Doppelt gen\u00e4hter High-Denier-Faden und PVC-R\u00fcckseite sorgen f\u00fcr jahrelangen Einsatz ohne zu rei\u00dfen \u2013 selbst in den k\u00e4ltesten und h\u00e4rtesten Wintern. Das wasserdichte Material \u00fcbertrifft und \u00fcberdauert die Konkurrenz. L\u00e4sst sich zum einfachen Verstauen flach zusammenklappen<\/p>\n","protected":false},"featured_media":146031,"comment_status":"open","ping_status":"closed","template":"","meta":[],"product_brand":[],"product_cat":[1983,11036],"product_tag":[],"class_list":{"0":"post-146030","1":"product","2":"type-product","3":"status-publish","4":"has-post-thumbnail","6":"product_cat-baumarkt","7":"product_cat-kamine","8":"pa_brand-grillinator","9":"pa_height-10-zoll","10":"pa_length-26-zoll","11":"pa_manufacturer-grillinator","12":"pa_width-12-5-zoll","14":"first","15":"instock","16":"shipping-taxable","17":"purchasable","18":"product-type-simple","19":"customify-col","20":"product-has-gallery"},"yoast_head":"<!-- This site is optimized with the Yoast SEO plugin v27.4 - https:\/\/yoast.com\/product\/yoast-seo-wordpress\/ -->\n<title>Grillinator Ultimativer Kaminholz-Tasche, schwarz, strapazierf\u00e4hig, Tragetasche f\u00fcr Holz, selbststehendes Design mit\u2026 - Markt-XXL<\/title>\n<meta name=\"description\" content=\"Markt-XXL Grillinator Ultimativer Kaminholz-Tasche, schwarz, strapazierf\u00e4hig, Tragetasche f\u00fcr Holz, selbststehendes Design mit\u2026\" \/>\n<meta name=\"robots\" content=\"index, follow, max-snippet:-1, max-image-preview:large, max-video-preview:-1\" \/>\n<link rel=\"canonical\" href=\"https:\/\/marktxxl.de\/markt\/produkt\/grillinator-ultimativer-kaminholztraeger-robuste-und-langlebige-tragetasche-fuer-holz-selbststehendes-design-mit-gepolsterten-griffen-fassungsvermoegen-40-l-fuer-kamin\/\" \/>\n<meta property=\"og:locale\" content=\"de_DE\" \/>\n<meta property=\"og:type\" content=\"article\" \/>\n<meta property=\"og:title\" content=\"Grillinator Ultimativer Kaminholz-Tasche, schwarz, strapazierf\u00e4hig, Tragetasche f\u00fcr Holz, selbststehendes Design mit\u2026 - Markt-XXL\" \/>\n<meta property=\"og:description\" content=\"Markt-XXL Grillinator Ultimativer Kaminholz-Tasche, schwarz, strapazierf\u00e4hig, Tragetasche f\u00fcr Holz, selbststehendes Design mit\u2026\" \/>\n<meta property=\"og:url\" content=\"https:\/\/marktxxl.de\/markt\/produkt\/grillinator-ultimativer-kaminholztraeger-robuste-und-langlebige-tragetasche-fuer-holz-selbststehendes-design-mit-gepolsterten-griffen-fassungsvermoegen-40-l-fuer-kamin\/\" \/>\n<meta property=\"og:site_name\" content=\"Markt-XXL\" \/>\n<meta property=\"article:modified_time\" content=\"2023-04-10T02:30:32+00:00\" \/>\n<meta property=\"og:image\" content=\"https:\/\/m.media-amazon.com\/images\/I\/41HFJkEIopL._SL500_.jpg\" \/>\n\t<meta property=\"og:image:width\" content=\"500\" \/>\n\t<meta property=\"og:image:height\" content=\"500\" \/>\n\t<meta property=\"og:image:type\" content=\"image\/jpeg\" \/>\n<meta name=\"twitter:card\" content=\"summary_large_image\" \/>\n<meta name=\"twitter:label1\" content=\"Gesch\u00e4tzte Lesezeit\" \/>\n\t<meta name=\"twitter:data1\" content=\"1\u00a0Minute\" \/>\n<script type=\"application\/ld+json\" class=\"yoast-schema-graph\">{\"@context\":\"https:\\\/\\\/schema.org\",\"@graph\":[{\"@type\":\"WebPage\",\"@id\":\"https:\\\/\\\/marktxxl.de\\\/markt\\\/produkt\\\/grillinator-ultimativer-kaminholztraeger-robuste-und-langlebige-tragetasche-fuer-holz-selbststehendes-design-mit-gepolsterten-griffen-fassungsvermoegen-40-l-fuer-kamin\\\/\",\"url\":\"https:\\\/\\\/marktxxl.de\\\/markt\\\/produkt\\\/grillinator-ultimativer-kaminholztraeger-robuste-und-langlebige-tragetasche-fuer-holz-selbststehendes-design-mit-gepolsterten-griffen-fassungsvermoegen-40-l-fuer-kamin\\\/\",\"name\":\"Grillinator Ultimativer Kaminholz-Tasche, schwarz, strapazierf\u00e4hig, Tragetasche f\u00fcr Holz, selbststehendes Design mit\u2026 - Markt-XXL\",\"isPartOf\":{\"@id\":\"https:\\\/\\\/marktxxl.de\\\/markt\\\/#website\"},\"primaryImageOfPage\":{\"@id\":\"https:\\\/\\\/marktxxl.de\\\/markt\\\/produkt\\\/grillinator-ultimativer-kaminholztraeger-robuste-und-langlebige-tragetasche-fuer-holz-selbststehendes-design-mit-gepolsterten-griffen-fassungsvermoegen-40-l-fuer-kamin\\\/#primaryimage\"},\"image\":{\"@id\":\"https:\\\/\\\/marktxxl.de\\\/markt\\\/produkt\\\/grillinator-ultimativer-kaminholztraeger-robuste-und-langlebige-tragetasche-fuer-holz-selbststehendes-design-mit-gepolsterten-griffen-fassungsvermoegen-40-l-fuer-kamin\\\/#primaryimage\"},\"thumbnailUrl\":\"https:\\\/\\\/m.media-amazon.com\\\/images\\\/I\\\/41HFJkEIopL._SL500_.jpg\",\"datePublished\":\"2022-08-13T06:50:03+00:00\",\"dateModified\":\"2023-04-10T02:30:32+00:00\",\"description\":\"Markt-XXL Grillinator Ultimativer Kaminholz-Tasche, schwarz, strapazierf\u00e4hig, Tragetasche f\u00fcr Holz, selbststehendes Design mit\u2026\",\"breadcrumb\":{\"@id\":\"https:\\\/\\\/marktxxl.de\\\/markt\\\/produkt\\\/grillinator-ultimativer-kaminholztraeger-robuste-und-langlebige-tragetasche-fuer-holz-selbststehendes-design-mit-gepolsterten-griffen-fassungsvermoegen-40-l-fuer-kamin\\\/#breadcrumb\"},\"inLanguage\":\"de\",\"potentialAction\":[{\"@type\":\"ReadAction\",\"target\":[\"https:\\\/\\\/marktxxl.de\\\/markt\\\/produkt\\\/grillinator-ultimativer-kaminholztraeger-robuste-und-langlebige-tragetasche-fuer-holz-selbststehendes-design-mit-gepolsterten-griffen-fassungsvermoegen-40-l-fuer-kamin\\\/\"]}]},{\"@type\":\"ImageObject\",\"inLanguage\":\"de\",\"@id\":\"https:\\\/\\\/marktxxl.de\\\/markt\\\/produkt\\\/grillinator-ultimativer-kaminholztraeger-robuste-und-langlebige-tragetasche-fuer-holz-selbststehendes-design-mit-gepolsterten-griffen-fassungsvermoegen-40-l-fuer-kamin\\\/#primaryimage\",\"url\":\"https:\\\/\\\/m.media-amazon.com\\\/images\\\/I\\\/41HFJkEIopL._SL500_.jpg\",\"contentUrl\":\"https:\\\/\\\/m.media-amazon.com\\\/images\\\/I\\\/41HFJkEIopL._SL500_.jpg\",\"width\":500,\"height\":500},{\"@type\":\"BreadcrumbList\",\"@id\":\"https:\\\/\\\/marktxxl.de\\\/markt\\\/produkt\\\/grillinator-ultimativer-kaminholztraeger-robuste-und-langlebige-tragetasche-fuer-holz-selbststehendes-design-mit-gepolsterten-griffen-fassungsvermoegen-40-l-fuer-kamin\\\/#breadcrumb\",\"itemListElement\":[{\"@type\":\"ListItem\",\"position\":1,\"name\":\"Startseite\",\"item\":\"https:\\\/\\\/marktxxl.de\\\/markt\\\/\"},{\"@type\":\"ListItem\",\"position\":2,\"name\":\"Markt\",\"item\":\"https:\\\/\\\/marktxxl.de\\\/markt\\\/\"},{\"@type\":\"ListItem\",\"position\":3,\"name\":\"Grillinator Ultimativer Kaminholz-Tasche, schwarz, strapazierf\u00e4hig, Tragetasche f\u00fcr Holz, selbststehendes Design mit\u2026\"}]},{\"@type\":\"WebSite\",\"@id\":\"https:\\\/\\\/marktxxl.de\\\/markt\\\/#website\",\"url\":\"https:\\\/\\\/marktxxl.de\\\/markt\\\/\",\"name\":\"Markt-XXL\",\"description\":\"Ihr Markt Online\",\"publisher\":{\"@id\":\"https:\\\/\\\/marktxxl.de\\\/markt\\\/#organization\"},\"potentialAction\":[{\"@type\":\"SearchAction\",\"target\":{\"@type\":\"EntryPoint\",\"urlTemplate\":\"https:\\\/\\\/marktxxl.de\\\/markt\\\/?s={search_term_string}\"},\"query-input\":{\"@type\":\"PropertyValueSpecification\",\"valueRequired\":true,\"valueName\":\"search_term_string\"}}],\"inLanguage\":\"de\"},{\"@type\":\"Organization\",\"@id\":\"https:\\\/\\\/marktxxl.de\\\/markt\\\/#organization\",\"name\":\"Markt-XXL\",\"url\":\"https:\\\/\\\/marktxxl.de\\\/markt\\\/\",\"logo\":{\"@type\":\"ImageObject\",\"inLanguage\":\"de\",\"@id\":\"https:\\\/\\\/marktxxl.de\\\/markt\\\/#\\\/schema\\\/logo\\\/image\\\/\",\"url\":\"https:\\\/\\\/marktxxl.de\\\/markt\\\/wp-content\\\/uploads\\\/sites\\\/3\\\/2020\\\/12\\\/logo.png\",\"contentUrl\":\"https:\\\/\\\/marktxxl.de\\\/markt\\\/wp-content\\\/uploads\\\/sites\\\/3\\\/2020\\\/12\\\/logo.png\",\"width\":200,\"height\":70,\"caption\":\"Markt-XXL\"},\"image\":{\"@id\":\"https:\\\/\\\/marktxxl.de\\\/markt\\\/#\\\/schema\\\/logo\\\/image\\\/\"}}]}<\/script>\n<!-- \/ Yoast SEO plugin. -->","yoast_head_json":{"title":"Grillinator Ultimativer Kaminholz-Tasche, schwarz, strapazierf\u00e4hig, Tragetasche f\u00fcr Holz, selbststehendes Design mit\u2026 - Markt-XXL","description":"Markt-XXL Grillinator Ultimativer Kaminholz-Tasche, schwarz, strapazierf\u00e4hig, Tragetasche f\u00fcr Holz, selbststehendes Design mit\u2026","robots":{"index":"index","follow":"follow","max-snippet":"max-snippet:-1","max-image-preview":"max-image-preview:large","max-video-preview":"max-video-preview:-1"},"canonical":"https:\/\/marktxxl.de\/markt\/produkt\/grillinator-ultimativer-kaminholztraeger-robuste-und-langlebige-tragetasche-fuer-holz-selbststehendes-design-mit-gepolsterten-griffen-fassungsvermoegen-40-l-fuer-kamin\/","og_locale":"de_DE","og_type":"article","og_title":"Grillinator Ultimativer Kaminholz-Tasche, schwarz, strapazierf\u00e4hig, Tragetasche f\u00fcr Holz, selbststehendes Design mit\u2026 - Markt-XXL","og_description":"Markt-XXL Grillinator Ultimativer Kaminholz-Tasche, schwarz, strapazierf\u00e4hig, Tragetasche f\u00fcr Holz, selbststehendes Design mit\u2026","og_url":"https:\/\/marktxxl.de\/markt\/produkt\/grillinator-ultimativer-kaminholztraeger-robuste-und-langlebige-tragetasche-fuer-holz-selbststehendes-design-mit-gepolsterten-griffen-fassungsvermoegen-40-l-fuer-kamin\/","og_site_name":"Markt-XXL","article_modified_time":"2023-04-10T02:30:32+00:00","og_image":[{"width":500,"height":500,"url":"https:\/\/m.media-amazon.com\/images\/I\/41HFJkEIopL._SL500_.jpg","type":"image\/jpeg"}],"twitter_card":"summary_large_image","twitter_misc":{"Gesch\u00e4tzte Lesezeit":"1\u00a0Minute"},"schema":{"@context":"https:\/\/schema.org","@graph":[{"@type":"WebPage","@id":"https:\/\/marktxxl.de\/markt\/produkt\/grillinator-ultimativer-kaminholztraeger-robuste-und-langlebige-tragetasche-fuer-holz-selbststehendes-design-mit-gepolsterten-griffen-fassungsvermoegen-40-l-fuer-kamin\/","url":"https:\/\/marktxxl.de\/markt\/produkt\/grillinator-ultimativer-kaminholztraeger-robuste-und-langlebige-tragetasche-fuer-holz-selbststehendes-design-mit-gepolsterten-griffen-fassungsvermoegen-40-l-fuer-kamin\/","name":"Grillinator Ultimativer Kaminholz-Tasche, schwarz, strapazierf\u00e4hig, Tragetasche f\u00fcr Holz, selbststehendes Design mit\u2026 - Markt-XXL","isPartOf":{"@id":"https:\/\/marktxxl.de\/markt\/#website"},"primaryImageOfPage":{"@id":"https:\/\/marktxxl.de\/markt\/produkt\/grillinator-ultimativer-kaminholztraeger-robuste-und-langlebige-tragetasche-fuer-holz-selbststehendes-design-mit-gepolsterten-griffen-fassungsvermoegen-40-l-fuer-kamin\/#primaryimage"},"image":{"@id":"https:\/\/marktxxl.de\/markt\/produkt\/grillinator-ultimativer-kaminholztraeger-robuste-und-langlebige-tragetasche-fuer-holz-selbststehendes-design-mit-gepolsterten-griffen-fassungsvermoegen-40-l-fuer-kamin\/#primaryimage"},"thumbnailUrl":"https:\/\/m.media-amazon.com\/images\/I\/41HFJkEIopL._SL500_.jpg","datePublished":"2022-08-13T06:50:03+00:00","dateModified":"2023-04-10T02:30:32+00:00","description":"Markt-XXL Grillinator Ultimativer Kaminholz-Tasche, schwarz, strapazierf\u00e4hig, Tragetasche f\u00fcr Holz, selbststehendes Design mit\u2026","breadcrumb":{"@id":"https:\/\/marktxxl.de\/markt\/produkt\/grillinator-ultimativer-kaminholztraeger-robuste-und-langlebige-tragetasche-fuer-holz-selbststehendes-design-mit-gepolsterten-griffen-fassungsvermoegen-40-l-fuer-kamin\/#breadcrumb"},"inLanguage":"de","potentialAction":[{"@type":"ReadAction","target":["https:\/\/marktxxl.de\/markt\/produkt\/grillinator-ultimativer-kaminholztraeger-robuste-und-langlebige-tragetasche-fuer-holz-selbststehendes-design-mit-gepolsterten-griffen-fassungsvermoegen-40-l-fuer-kamin\/"]}]},{"@type":"ImageObject","inLanguage":"de","@id":"https:\/\/marktxxl.de\/markt\/produkt\/grillinator-ultimativer-kaminholztraeger-robuste-und-langlebige-tragetasche-fuer-holz-selbststehendes-design-mit-gepolsterten-griffen-fassungsvermoegen-40-l-fuer-kamin\/#primaryimage","url":"https:\/\/m.media-amazon.com\/images\/I\/41HFJkEIopL._SL500_.jpg","contentUrl":"https:\/\/m.media-amazon.com\/images\/I\/41HFJkEIopL._SL500_.jpg","width":500,"height":500},{"@type":"BreadcrumbList","@id":"https:\/\/marktxxl.de\/markt\/produkt\/grillinator-ultimativer-kaminholztraeger-robuste-und-langlebige-tragetasche-fuer-holz-selbststehendes-design-mit-gepolsterten-griffen-fassungsvermoegen-40-l-fuer-kamin\/#breadcrumb","itemListElement":[{"@type":"ListItem","position":1,"name":"Startseite","item":"https:\/\/marktxxl.de\/markt\/"},{"@type":"ListItem","position":2,"name":"Markt","item":"https:\/\/marktxxl.de\/markt\/"},{"@type":"ListItem","position":3,"name":"Grillinator Ultimativer Kaminholz-Tasche, schwarz, strapazierf\u00e4hig, Tragetasche f\u00fcr Holz, selbststehendes Design mit\u2026"}]},{"@type":"WebSite","@id":"https:\/\/marktxxl.de\/markt\/#website","url":"https:\/\/marktxxl.de\/markt\/","name":"Markt-XXL","description":"Ihr Markt Online","publisher":{"@id":"https:\/\/marktxxl.de\/markt\/#organization"},"potentialAction":[{"@type":"SearchAction","target":{"@type":"EntryPoint","urlTemplate":"https:\/\/marktxxl.de\/markt\/?s={search_term_string}"},"query-input":{"@type":"PropertyValueSpecification","valueRequired":true,"valueName":"search_term_string"}}],"inLanguage":"de"},{"@type":"Organization","@id":"https:\/\/marktxxl.de\/markt\/#organization","name":"Markt-XXL","url":"https:\/\/marktxxl.de\/markt\/","logo":{"@type":"ImageObject","inLanguage":"de","@id":"https:\/\/marktxxl.de\/markt\/#\/schema\/logo\/image\/","url":"https:\/\/marktxxl.de\/markt\/wp-content\/uploads\/sites\/3\/2020\/12\/logo.png","contentUrl":"https:\/\/marktxxl.de\/markt\/wp-content\/uploads\/sites\/3\/2020\/12\/logo.png","width":200,"height":70,"caption":"Markt-XXL"},"image":{"@id":"https:\/\/marktxxl.de\/markt\/#\/schema\/logo\/image\/"}}]}},"_links":{"self":[{"href":"https:\/\/marktxxl.de\/markt\/wp-json\/wp\/v2\/product\/146030","targetHints":{"allow":["GET"]}}],"collection":[{"href":"https:\/\/marktxxl.de\/markt\/wp-json\/wp\/v2\/product"}],"about":[{"href":"https:\/\/marktxxl.de\/markt\/wp-json\/wp\/v2\/types\/product"}],"replies":[{"embeddable":true,"href":"https:\/\/marktxxl.de\/markt\/wp-json\/wp\/v2\/comments?post=146030"}],"wp:featuredmedia":[{"embeddable":true,"href":"https:\/\/marktxxl.de\/markt\/wp-json\/wp\/v2\/media\/146031"}],"wp:attachment":[{"href":"https:\/\/marktxxl.de\/markt\/wp-json\/wp\/v2\/media?parent=146030"}],"wp:term":[{"taxonomy":"product_brand","embeddable":true,"href":"https:\/\/marktxxl.de\/markt\/wp-json\/wp\/v2\/product_brand?post=146030"},{"taxonomy":"product_cat","embeddable":true,"href":"https:\/\/marktxxl.de\/markt\/wp-json\/wp\/v2\/product_cat?post=146030"},{"taxonomy":"product_tag","embeddable":true,"href":"https:\/\/marktxxl.de\/markt\/wp-json\/wp\/v2\/product_tag?post=146030"}],"curies":[{"name":"wp","href":"https:\/\/api.w.org\/{rel}","templated":true}]}}