{"id":145998,"date":"2022-08-13T08:49:18","date_gmt":"2022-08-13T06:49:18","guid":{"rendered":"https:\/\/marktxxl.de\/markt\/produkt\/cozy-infant-auto-carrier-cover-schwarz\/"},"modified":"2023-04-10T04:30:31","modified_gmt":"2023-04-10T02:30:31","slug":"cozy-infant-auto-carrier-cover-schwarz","status":"publish","type":"product","link":"https:\/\/marktxxl.de\/markt\/produkt\/cozy-infant-auto-carrier-cover-schwarz\/","title":{"rendered":"Cozy Infant Auto Carrier Cover (schwarz)"},"content":{"rendered":"<p>H\u00e4lt das Baby gesch\u00fctzt, warm und gem\u00fctlich: Die originale Cozy Abdeckung ist wetterbest\u00e4ndig und isoliert Ihr Kind vor Wind, Schnee, Eis und Regen. Geeignet ab der Geburt bis 12 Monate.<br \/>\nPassend f\u00fcr alle Standard-Babytragetaschen: Der einzigartige Duschhauben-Stil mit seinem elastischen Rand macht das Anbringen Ihres Cozy Covers zu einem Kinderspiel. Ziehen Sie einfach den Cozy Cover sanft \u00fcber den Babysitz wie eine Duschhaube. Ein wesentlicher Aspekt ist, dass unser Cozy Cover keine Kindersicherheitsgurte st\u00f6rt, wie viele andere.<br \/>\nSpart Mutter und Papa Zeit &amp; HASSLE: Eltern(n) sind besch\u00e4ftigt! M\u00f6chten Sie sich schnell bewegen k\u00f6nnen, w\u00e4hrend Sie Ihr Baby sicher zwischen Haus, Auto und allem, was Sie brauchen, um in Ihrem Tag zu erledigen? Der Cozy Cover h\u00e4lt Ihr Baby warm und gem\u00fctlich, w\u00e4hrend Sie unterwegs sind, ohne Ihr Kind in mehreren Schichten zeitaufwendiger sperriger Winterkleidung oder einem Schneeanzug anzuziehen. Der Cozy Bezug ist maschinenwaschbar.<br \/>\nSchneller und einfacher Zugriff auf das Baby: Unser einzigartiger Doppelrei\u00dfverschluss erm\u00f6glicht einfachen Zugang zum Ein- und Aussteigen Ihres Babys. Die atmungsaktive \u00dcberziehklappe sch\u00fctzt das Gesicht des Babys f\u00fcr zus\u00e4tzliche Abdeckung, wenn es bei ung\u00fcnstigen Wetterbedingungen ben\u00f6tigt wird.<br \/>\nVon \u00fcber 6 Millionen M\u00fcttern vertrauen: Das Original und die Besten \u2013 wir sind stolz darauf, seit \u00fcber 25 Jahren Cozy Covers an Familien wie Ihre herzustellen und zu verkaufen. Eine zweite Generation von M\u00fcttern, V\u00e4tern, Omas und Opas in der N\u00e4he!<br \/>\n<div class=\"main-cross-sell\" data-asin=\"B00GFYPXP2\">\n\n\t<div class=\"WooZone-cross-sell-loader\">\n\t\t<div>\n\t\t\t<div id=\"floatingBarsG\">\n\t\t\t\t<div class=\"blockG\" id=\"rotateG_01\"><\/div>\n\t\t\t\t<div class=\"blockG\" id=\"rotateG_02\"><\/div>\n\t\t\t\t<div class=\"blockG\" id=\"rotateG_03\"><\/div>\n\t\t\t\t<div class=\"blockG\" id=\"rotateG_04\"><\/div>\n\t\t\t\t<div class=\"blockG\" id=\"rotateG_05\"><\/div>\n\t\t\t\t<div class=\"blockG\" id=\"rotateG_06\"><\/div>\n\t\t\t\t<div class=\"blockG\" id=\"rotateG_07\"><\/div>\n\t\t\t\t<div class=\"blockG\" id=\"rotateG_08\"><\/div>\n\t\t\t<\/div>\n\t\t\t<div class=\"WooZone-cross-sell-loader-text\"><\/div>\n\t\t<\/div>\n\t<\/div>\n\n\t\t\n<\/div>\n<div style=\"clear:both;\"><\/div><\/p>\n","protected":false},"excerpt":{"rendered":"<p>H\u00e4lt das Baby gesch\u00fctzt, warm und gem\u00fctlich: Die originale Cozy Abdeckung ist wetterbest\u00e4ndig und isoliert Ihr Kind vor Wind, Schnee, Eis und Regen. Geeignet ab der Geburt bis 12 Monate.<br \/>\nPassend f\u00fcr alle Standard-Babytragetaschen: Der einzigartige Duschhauben-Stil mit seinem elastischen Rand macht das Anbringen Ihres Cozy Covers zu einem Kinderspiel. Ziehen Sie einfach den Cozy Cover sanft \u00fcber den Babysitz wie eine Duschhaube. Ein wesentlicher Aspekt ist, dass unser Cozy Cover keine Kindersicherheitsgurte st\u00f6rt, wie viele andere.<br \/>\nSpart Mutter und Papa Zeit &amp; HASSLE: Eltern(n) sind besch\u00e4ftigt! M\u00f6chten Sie sich schnell bewegen k\u00f6nnen, w\u00e4hrend Sie Ihr Baby sicher zwischen Haus, Auto und allem, was Sie brauchen, um in Ihrem Tag zu erledigen? Der Cozy Cover h\u00e4lt Ihr Baby warm und gem\u00fctlich, w\u00e4hrend Sie unterwegs sind, ohne Ihr Kind in mehreren Schichten zeitaufwendiger sperriger Winterkleidung oder einem Schneeanzug anzuziehen. Der Cozy Bezug ist maschinenwaschbar.<\/p>\n","protected":false},"featured_media":145999,"comment_status":"open","ping_status":"closed","template":"","meta":[],"product_brand":[],"product_cat":[21,9074],"product_tag":[],"class_list":{"0":"post-145998","1":"product","2":"type-product","3":"status-publish","4":"has-post-thumbnail","6":"product_cat-baby","7":"product_cat-babytragen-baby","8":"pa_binding-babyartikel","9":"pa_brand-cozy-cover","10":"pa_color-black-quilted","11":"pa_height-4-2913385783-zoll","12":"pa_length-9-00393699869-zoll","13":"pa_manufacturer-cozy-cover","14":"pa_model-40501","15":"pa_weight-0-7125-pfund","16":"pa_width-8-3858267631-zoll","18":"first","19":"instock","20":"shipping-taxable","21":"purchasable","22":"product-type-simple","23":"customify-col","24":"product-has-gallery"},"yoast_head":"<!-- This site is optimized with the Yoast SEO plugin v27.3 - https:\/\/yoast.com\/product\/yoast-seo-wordpress\/ -->\n<title>Cozy Infant Auto Carrier Cover (schwarz) - Markt-XXL<\/title>\n<meta name=\"description\" content=\"Markt-XXL Cozy Infant Auto Carrier Cover (schwarz)\" \/>\n<meta name=\"robots\" content=\"index, follow, max-snippet:-1, max-image-preview:large, max-video-preview:-1\" \/>\n<link rel=\"canonical\" href=\"https:\/\/marktxxl.de\/markt\/produkt\/cozy-infant-auto-carrier-cover-schwarz\/\" \/>\n<meta property=\"og:locale\" content=\"de_DE\" \/>\n<meta property=\"og:type\" content=\"article\" \/>\n<meta property=\"og:title\" content=\"Cozy Infant Auto Carrier Cover (schwarz) - Markt-XXL\" \/>\n<meta property=\"og:description\" content=\"Markt-XXL Cozy Infant Auto Carrier Cover (schwarz)\" \/>\n<meta property=\"og:url\" content=\"https:\/\/marktxxl.de\/markt\/produkt\/cozy-infant-auto-carrier-cover-schwarz\/\" \/>\n<meta property=\"og:site_name\" content=\"Markt-XXL\" \/>\n<meta property=\"article:modified_time\" content=\"2023-04-10T02:30:31+00:00\" \/>\n<meta property=\"og:image\" content=\"https:\/\/m.media-amazon.com\/images\/I\/416xJwn5aUL._SL500_.jpg\" \/>\n\t<meta property=\"og:image:width\" content=\"500\" \/>\n\t<meta property=\"og:image:height\" content=\"500\" \/>\n\t<meta property=\"og:image:type\" content=\"image\/jpeg\" \/>\n<meta name=\"twitter:card\" content=\"summary_large_image\" \/>\n<meta name=\"twitter:label1\" content=\"Gesch\u00e4tzte Lesezeit\" \/>\n\t<meta name=\"twitter:data1\" content=\"1\u00a0Minute\" \/>\n<script type=\"application\/ld+json\" class=\"yoast-schema-graph\">{\"@context\":\"https:\\\/\\\/schema.org\",\"@graph\":[{\"@type\":\"WebPage\",\"@id\":\"https:\\\/\\\/marktxxl.de\\\/markt\\\/produkt\\\/cozy-infant-auto-carrier-cover-schwarz\\\/\",\"url\":\"https:\\\/\\\/marktxxl.de\\\/markt\\\/produkt\\\/cozy-infant-auto-carrier-cover-schwarz\\\/\",\"name\":\"Cozy Infant Auto Carrier Cover (schwarz) - Markt-XXL\",\"isPartOf\":{\"@id\":\"https:\\\/\\\/marktxxl.de\\\/markt\\\/#website\"},\"primaryImageOfPage\":{\"@id\":\"https:\\\/\\\/marktxxl.de\\\/markt\\\/produkt\\\/cozy-infant-auto-carrier-cover-schwarz\\\/#primaryimage\"},\"image\":{\"@id\":\"https:\\\/\\\/marktxxl.de\\\/markt\\\/produkt\\\/cozy-infant-auto-carrier-cover-schwarz\\\/#primaryimage\"},\"thumbnailUrl\":\"https:\\\/\\\/m.media-amazon.com\\\/images\\\/I\\\/416xJwn5aUL._SL500_.jpg\",\"datePublished\":\"2022-08-13T06:49:18+00:00\",\"dateModified\":\"2023-04-10T02:30:31+00:00\",\"description\":\"Markt-XXL Cozy Infant Auto Carrier Cover (schwarz)\",\"breadcrumb\":{\"@id\":\"https:\\\/\\\/marktxxl.de\\\/markt\\\/produkt\\\/cozy-infant-auto-carrier-cover-schwarz\\\/#breadcrumb\"},\"inLanguage\":\"de\",\"potentialAction\":[{\"@type\":\"ReadAction\",\"target\":[\"https:\\\/\\\/marktxxl.de\\\/markt\\\/produkt\\\/cozy-infant-auto-carrier-cover-schwarz\\\/\"]}]},{\"@type\":\"ImageObject\",\"inLanguage\":\"de\",\"@id\":\"https:\\\/\\\/marktxxl.de\\\/markt\\\/produkt\\\/cozy-infant-auto-carrier-cover-schwarz\\\/#primaryimage\",\"url\":\"https:\\\/\\\/m.media-amazon.com\\\/images\\\/I\\\/416xJwn5aUL._SL500_.jpg\",\"contentUrl\":\"https:\\\/\\\/m.media-amazon.com\\\/images\\\/I\\\/416xJwn5aUL._SL500_.jpg\",\"width\":500,\"height\":500},{\"@type\":\"BreadcrumbList\",\"@id\":\"https:\\\/\\\/marktxxl.de\\\/markt\\\/produkt\\\/cozy-infant-auto-carrier-cover-schwarz\\\/#breadcrumb\",\"itemListElement\":[{\"@type\":\"ListItem\",\"position\":1,\"name\":\"Startseite\",\"item\":\"https:\\\/\\\/marktxxl.de\\\/markt\\\/\"},{\"@type\":\"ListItem\",\"position\":2,\"name\":\"Markt\",\"item\":\"https:\\\/\\\/marktxxl.de\\\/markt\\\/\"},{\"@type\":\"ListItem\",\"position\":3,\"name\":\"Cozy Infant Auto Carrier Cover (schwarz)\"}]},{\"@type\":\"WebSite\",\"@id\":\"https:\\\/\\\/marktxxl.de\\\/markt\\\/#website\",\"url\":\"https:\\\/\\\/marktxxl.de\\\/markt\\\/\",\"name\":\"Markt-XXL\",\"description\":\"Ihr Markt Online\",\"publisher\":{\"@id\":\"https:\\\/\\\/marktxxl.de\\\/markt\\\/#organization\"},\"potentialAction\":[{\"@type\":\"SearchAction\",\"target\":{\"@type\":\"EntryPoint\",\"urlTemplate\":\"https:\\\/\\\/marktxxl.de\\\/markt\\\/?s={search_term_string}\"},\"query-input\":{\"@type\":\"PropertyValueSpecification\",\"valueRequired\":true,\"valueName\":\"search_term_string\"}}],\"inLanguage\":\"de\"},{\"@type\":\"Organization\",\"@id\":\"https:\\\/\\\/marktxxl.de\\\/markt\\\/#organization\",\"name\":\"Markt-XXL\",\"url\":\"https:\\\/\\\/marktxxl.de\\\/markt\\\/\",\"logo\":{\"@type\":\"ImageObject\",\"inLanguage\":\"de\",\"@id\":\"https:\\\/\\\/marktxxl.de\\\/markt\\\/#\\\/schema\\\/logo\\\/image\\\/\",\"url\":\"https:\\\/\\\/marktxxl.de\\\/markt\\\/wp-content\\\/uploads\\\/sites\\\/3\\\/2020\\\/12\\\/logo.png\",\"contentUrl\":\"https:\\\/\\\/marktxxl.de\\\/markt\\\/wp-content\\\/uploads\\\/sites\\\/3\\\/2020\\\/12\\\/logo.png\",\"width\":200,\"height\":70,\"caption\":\"Markt-XXL\"},\"image\":{\"@id\":\"https:\\\/\\\/marktxxl.de\\\/markt\\\/#\\\/schema\\\/logo\\\/image\\\/\"}}]}<\/script>\n<!-- \/ Yoast SEO plugin. -->","yoast_head_json":{"title":"Cozy Infant Auto Carrier Cover (schwarz) - Markt-XXL","description":"Markt-XXL Cozy Infant Auto Carrier Cover (schwarz)","robots":{"index":"index","follow":"follow","max-snippet":"max-snippet:-1","max-image-preview":"max-image-preview:large","max-video-preview":"max-video-preview:-1"},"canonical":"https:\/\/marktxxl.de\/markt\/produkt\/cozy-infant-auto-carrier-cover-schwarz\/","og_locale":"de_DE","og_type":"article","og_title":"Cozy Infant Auto Carrier Cover (schwarz) - Markt-XXL","og_description":"Markt-XXL Cozy Infant Auto Carrier Cover (schwarz)","og_url":"https:\/\/marktxxl.de\/markt\/produkt\/cozy-infant-auto-carrier-cover-schwarz\/","og_site_name":"Markt-XXL","article_modified_time":"2023-04-10T02:30:31+00:00","og_image":[{"width":500,"height":500,"url":"https:\/\/m.media-amazon.com\/images\/I\/416xJwn5aUL._SL500_.jpg","type":"image\/jpeg"}],"twitter_card":"summary_large_image","twitter_misc":{"Gesch\u00e4tzte Lesezeit":"1\u00a0Minute"},"schema":{"@context":"https:\/\/schema.org","@graph":[{"@type":"WebPage","@id":"https:\/\/marktxxl.de\/markt\/produkt\/cozy-infant-auto-carrier-cover-schwarz\/","url":"https:\/\/marktxxl.de\/markt\/produkt\/cozy-infant-auto-carrier-cover-schwarz\/","name":"Cozy Infant Auto Carrier Cover (schwarz) - Markt-XXL","isPartOf":{"@id":"https:\/\/marktxxl.de\/markt\/#website"},"primaryImageOfPage":{"@id":"https:\/\/marktxxl.de\/markt\/produkt\/cozy-infant-auto-carrier-cover-schwarz\/#primaryimage"},"image":{"@id":"https:\/\/marktxxl.de\/markt\/produkt\/cozy-infant-auto-carrier-cover-schwarz\/#primaryimage"},"thumbnailUrl":"https:\/\/m.media-amazon.com\/images\/I\/416xJwn5aUL._SL500_.jpg","datePublished":"2022-08-13T06:49:18+00:00","dateModified":"2023-04-10T02:30:31+00:00","description":"Markt-XXL Cozy Infant Auto Carrier Cover (schwarz)","breadcrumb":{"@id":"https:\/\/marktxxl.de\/markt\/produkt\/cozy-infant-auto-carrier-cover-schwarz\/#breadcrumb"},"inLanguage":"de","potentialAction":[{"@type":"ReadAction","target":["https:\/\/marktxxl.de\/markt\/produkt\/cozy-infant-auto-carrier-cover-schwarz\/"]}]},{"@type":"ImageObject","inLanguage":"de","@id":"https:\/\/marktxxl.de\/markt\/produkt\/cozy-infant-auto-carrier-cover-schwarz\/#primaryimage","url":"https:\/\/m.media-amazon.com\/images\/I\/416xJwn5aUL._SL500_.jpg","contentUrl":"https:\/\/m.media-amazon.com\/images\/I\/416xJwn5aUL._SL500_.jpg","width":500,"height":500},{"@type":"BreadcrumbList","@id":"https:\/\/marktxxl.de\/markt\/produkt\/cozy-infant-auto-carrier-cover-schwarz\/#breadcrumb","itemListElement":[{"@type":"ListItem","position":1,"name":"Startseite","item":"https:\/\/marktxxl.de\/markt\/"},{"@type":"ListItem","position":2,"name":"Markt","item":"https:\/\/marktxxl.de\/markt\/"},{"@type":"ListItem","position":3,"name":"Cozy Infant Auto Carrier Cover (schwarz)"}]},{"@type":"WebSite","@id":"https:\/\/marktxxl.de\/markt\/#website","url":"https:\/\/marktxxl.de\/markt\/","name":"Markt-XXL","description":"Ihr Markt Online","publisher":{"@id":"https:\/\/marktxxl.de\/markt\/#organization"},"potentialAction":[{"@type":"SearchAction","target":{"@type":"EntryPoint","urlTemplate":"https:\/\/marktxxl.de\/markt\/?s={search_term_string}"},"query-input":{"@type":"PropertyValueSpecification","valueRequired":true,"valueName":"search_term_string"}}],"inLanguage":"de"},{"@type":"Organization","@id":"https:\/\/marktxxl.de\/markt\/#organization","name":"Markt-XXL","url":"https:\/\/marktxxl.de\/markt\/","logo":{"@type":"ImageObject","inLanguage":"de","@id":"https:\/\/marktxxl.de\/markt\/#\/schema\/logo\/image\/","url":"https:\/\/marktxxl.de\/markt\/wp-content\/uploads\/sites\/3\/2020\/12\/logo.png","contentUrl":"https:\/\/marktxxl.de\/markt\/wp-content\/uploads\/sites\/3\/2020\/12\/logo.png","width":200,"height":70,"caption":"Markt-XXL"},"image":{"@id":"https:\/\/marktxxl.de\/markt\/#\/schema\/logo\/image\/"}}]}},"_links":{"self":[{"href":"https:\/\/marktxxl.de\/markt\/wp-json\/wp\/v2\/product\/145998","targetHints":{"allow":["GET"]}}],"collection":[{"href":"https:\/\/marktxxl.de\/markt\/wp-json\/wp\/v2\/product"}],"about":[{"href":"https:\/\/marktxxl.de\/markt\/wp-json\/wp\/v2\/types\/product"}],"replies":[{"embeddable":true,"href":"https:\/\/marktxxl.de\/markt\/wp-json\/wp\/v2\/comments?post=145998"}],"wp:featuredmedia":[{"embeddable":true,"href":"https:\/\/marktxxl.de\/markt\/wp-json\/wp\/v2\/media\/145999"}],"wp:attachment":[{"href":"https:\/\/marktxxl.de\/markt\/wp-json\/wp\/v2\/media?parent=145998"}],"wp:term":[{"taxonomy":"product_brand","embeddable":true,"href":"https:\/\/marktxxl.de\/markt\/wp-json\/wp\/v2\/product_brand?post=145998"},{"taxonomy":"product_cat","embeddable":true,"href":"https:\/\/marktxxl.de\/markt\/wp-json\/wp\/v2\/product_cat?post=145998"},{"taxonomy":"product_tag","embeddable":true,"href":"https:\/\/marktxxl.de\/markt\/wp-json\/wp\/v2\/product_tag?post=145998"}],"curies":[{"name":"wp","href":"https:\/\/api.w.org\/{rel}","templated":true}]}}