{"id":145915,"date":"2022-08-13T08:46:13","date_gmt":"2022-08-13T06:46:13","guid":{"rendered":"https:\/\/marktxxl.de\/markt\/produkt\/milliard-bettkantenschutz-fuer-kinderbett-bed-bumper-schaumstroff-bettgitter-mit-rutschfeste-und-waschbarer-bezug-sicherheitsgelaender-fuer-kleinkinder-erwachsene-und-senioren\/"},"modified":"2023-04-10T04:30:30","modified_gmt":"2023-04-10T02:30:30","slug":"milliard-bettkantenschutz-fuer-kinderbett-bed-bumper-schaumstroff-bettgitter-mit-rutschfeste-und-waschbarer-bezug-sicherheitsgelaender-fuer-kleinkinder-erwachsene-und-senioren","status":"publish","type":"product","link":"https:\/\/marktxxl.de\/markt\/produkt\/milliard-bettkantenschutz-fuer-kinderbett-bed-bumper-schaumstroff-bettgitter-mit-rutschfeste-und-waschbarer-bezug-sicherheitsgelaender-fuer-kleinkinder-erwachsene-und-senioren\/","title":{"rendered":"Milliard Bettkantenschutz f\u00fcr Kinderbett, Bed Bumper\/Schaumstroff Bettgitter mit rutschfeste und Waschbarer Bezug\u2026"},"content":{"rendered":"<p>Perfekt f\u00fcr den \u00dcbergang vom Gitterbett zum gro\u00dfen Bett geeignet; mit jeder Bettgr\u00f6\u00dfe kompatibel \u2013 vom Kleinkind- bis hin zum Doppelbett<br \/>\nMit rutschfester Unterseite, sodass Sie sicher sein k\u00f6nnen, dass Ihr Kind wohlbehalten und geborgen ist<br \/>\nUnser extraweicher Bambus-\u00dcberzug ist nat\u00fcrlich und waschbar, jedoch trotzdem wasserabweisend, sodass das Bett Sto\u00dfstange viele Jahre halten wird<br \/>\nSo einfach anzubringen und auf Reisen ultraleicht<br \/>\nUnser Bett Sto\u00dfstange entspricht allen staalichen Sicherheitsvorschriften, einschlie\u00dflich der Sicherheitsspezifikation ASTM F2085-12 f\u00fcr tragbare Bettgitter \u2013 Es besteht die M\u00f6glickeit, dass das Kind \u00fcber das Bett Sto\u00dfstange rollt oder es beiseite st\u00f6\u00dft und der Artikel ist nicht dazu geeignet, das Herausfallen aus dem Bett zu verhindern<br \/>\n<div class=\"main-cross-sell\" data-asin=\"B0748XPZHR\">\n\n\t<div class=\"WooZone-cross-sell-loader\">\n\t\t<div>\n\t\t\t<div id=\"floatingBarsG\">\n\t\t\t\t<div class=\"blockG\" id=\"rotateG_01\"><\/div>\n\t\t\t\t<div class=\"blockG\" id=\"rotateG_02\"><\/div>\n\t\t\t\t<div class=\"blockG\" id=\"rotateG_03\"><\/div>\n\t\t\t\t<div class=\"blockG\" id=\"rotateG_04\"><\/div>\n\t\t\t\t<div class=\"blockG\" id=\"rotateG_05\"><\/div>\n\t\t\t\t<div class=\"blockG\" id=\"rotateG_06\"><\/div>\n\t\t\t\t<div class=\"blockG\" id=\"rotateG_07\"><\/div>\n\t\t\t\t<div class=\"blockG\" id=\"rotateG_08\"><\/div>\n\t\t\t<\/div>\n\t\t\t<div class=\"WooZone-cross-sell-loader-text\"><\/div>\n\t\t<\/div>\n\t<\/div>\n\n\t\t\n<\/div>\n<div style=\"clear:both;\"><\/div><\/p>\n","protected":false},"excerpt":{"rendered":"<p>Perfekt f\u00fcr den \u00dcbergang vom Gitterbett zum gro\u00dfen Bett geeignet; mit jeder Bettgr\u00f6\u00dfe kompatibel \u2013 vom Kleinkind- bis hin zum Doppelbett<br \/>\nMit rutschfester Unterseite, sodass Sie sicher sein k\u00f6nnen, dass Ihr Kind wohlbehalten und geborgen ist<br \/>\nUnser extraweicher Bambus-\u00dcberzug ist nat\u00fcrlich und waschbar, jedoch trotzdem wasserabweisend, sodass das Bett Sto\u00dfstange viele Jahre halten wird<\/p>\n","protected":false},"featured_media":145916,"comment_status":"open","ping_status":"closed","template":"","meta":[],"product_brand":[],"product_cat":[21,9378],"product_tag":[],"class_list":{"0":"post-145915","1":"product","2":"type-product","3":"status-publish","4":"has-post-thumbnail","6":"product_cat-baby","7":"product_cat-sicherheit-baby","8":"pa_binding-babyartikel","9":"pa_brand-milliard","10":"pa_color-weiss","11":"pa_height-4-5-zoll","12":"pa_length-52-zoll","13":"pa_manufacturer-milliard","14":"pa_model-tbb-a","15":"pa_size-1-stueck-1er-pack","16":"pa_width-7-zoll","18":"first","19":"instock","20":"shipping-taxable","21":"purchasable","22":"product-type-simple","23":"customify-col","24":"product-has-gallery"},"yoast_head":"<!-- This site is optimized with the Yoast SEO plugin v27.4 - https:\/\/yoast.com\/product\/yoast-seo-wordpress\/ -->\n<title>Milliard Bettkantenschutz f\u00fcr Kinderbett, Bed Bumper\/Schaumstroff Bettgitter mit rutschfeste und Waschbarer Bezug\u2026 - Markt-XXL<\/title>\n<meta name=\"description\" content=\"Markt-XXL Milliard Bettkantenschutz f\u00fcr Kinderbett, Bed Bumper\/Schaumstroff Bettgitter mit rutschfeste und Waschbarer Bezug\u2026\" \/>\n<meta name=\"robots\" content=\"index, follow, max-snippet:-1, max-image-preview:large, max-video-preview:-1\" \/>\n<link rel=\"canonical\" href=\"https:\/\/marktxxl.de\/markt\/produkt\/milliard-bettkantenschutz-fuer-kinderbett-bed-bumper-schaumstroff-bettgitter-mit-rutschfeste-und-waschbarer-bezug-sicherheitsgelaender-fuer-kleinkinder-erwachsene-und-senioren\/\" \/>\n<meta property=\"og:locale\" content=\"de_DE\" \/>\n<meta property=\"og:type\" content=\"article\" \/>\n<meta property=\"og:title\" content=\"Milliard Bettkantenschutz f\u00fcr Kinderbett, Bed Bumper\/Schaumstroff Bettgitter mit rutschfeste und Waschbarer Bezug\u2026 - Markt-XXL\" \/>\n<meta property=\"og:description\" content=\"Markt-XXL Milliard Bettkantenschutz f\u00fcr Kinderbett, Bed Bumper\/Schaumstroff Bettgitter mit rutschfeste und Waschbarer Bezug\u2026\" \/>\n<meta property=\"og:url\" content=\"https:\/\/marktxxl.de\/markt\/produkt\/milliard-bettkantenschutz-fuer-kinderbett-bed-bumper-schaumstroff-bettgitter-mit-rutschfeste-und-waschbarer-bezug-sicherheitsgelaender-fuer-kleinkinder-erwachsene-und-senioren\/\" \/>\n<meta property=\"og:site_name\" content=\"Markt-XXL\" \/>\n<meta property=\"article:modified_time\" content=\"2023-04-10T02:30:30+00:00\" \/>\n<meta property=\"og:image\" content=\"https:\/\/m.media-amazon.com\/images\/I\/21Y387fo3ZL._SL500_.jpg\" \/>\n\t<meta property=\"og:image:width\" content=\"470\" \/>\n\t<meta property=\"og:image:height\" content=\"500\" \/>\n\t<meta property=\"og:image:type\" content=\"image\/jpeg\" \/>\n<meta name=\"twitter:card\" content=\"summary_large_image\" \/>\n<meta name=\"twitter:label1\" content=\"Gesch\u00e4tzte Lesezeit\" \/>\n\t<meta name=\"twitter:data1\" content=\"1\u00a0Minute\" \/>\n<script type=\"application\/ld+json\" class=\"yoast-schema-graph\">{\"@context\":\"https:\\\/\\\/schema.org\",\"@graph\":[{\"@type\":\"WebPage\",\"@id\":\"https:\\\/\\\/marktxxl.de\\\/markt\\\/produkt\\\/milliard-bettkantenschutz-fuer-kinderbett-bed-bumper-schaumstroff-bettgitter-mit-rutschfeste-und-waschbarer-bezug-sicherheitsgelaender-fuer-kleinkinder-erwachsene-und-senioren\\\/\",\"url\":\"https:\\\/\\\/marktxxl.de\\\/markt\\\/produkt\\\/milliard-bettkantenschutz-fuer-kinderbett-bed-bumper-schaumstroff-bettgitter-mit-rutschfeste-und-waschbarer-bezug-sicherheitsgelaender-fuer-kleinkinder-erwachsene-und-senioren\\\/\",\"name\":\"Milliard Bettkantenschutz f\u00fcr Kinderbett, Bed Bumper\\\/Schaumstroff Bettgitter mit rutschfeste und Waschbarer Bezug\u2026 - Markt-XXL\",\"isPartOf\":{\"@id\":\"https:\\\/\\\/marktxxl.de\\\/markt\\\/#website\"},\"primaryImageOfPage\":{\"@id\":\"https:\\\/\\\/marktxxl.de\\\/markt\\\/produkt\\\/milliard-bettkantenschutz-fuer-kinderbett-bed-bumper-schaumstroff-bettgitter-mit-rutschfeste-und-waschbarer-bezug-sicherheitsgelaender-fuer-kleinkinder-erwachsene-und-senioren\\\/#primaryimage\"},\"image\":{\"@id\":\"https:\\\/\\\/marktxxl.de\\\/markt\\\/produkt\\\/milliard-bettkantenschutz-fuer-kinderbett-bed-bumper-schaumstroff-bettgitter-mit-rutschfeste-und-waschbarer-bezug-sicherheitsgelaender-fuer-kleinkinder-erwachsene-und-senioren\\\/#primaryimage\"},\"thumbnailUrl\":\"https:\\\/\\\/m.media-amazon.com\\\/images\\\/I\\\/21Y387fo3ZL._SL500_.jpg\",\"datePublished\":\"2022-08-13T06:46:13+00:00\",\"dateModified\":\"2023-04-10T02:30:30+00:00\",\"description\":\"Markt-XXL Milliard Bettkantenschutz f\u00fcr Kinderbett, Bed Bumper\\\/Schaumstroff Bettgitter mit rutschfeste und Waschbarer Bezug\u2026\",\"breadcrumb\":{\"@id\":\"https:\\\/\\\/marktxxl.de\\\/markt\\\/produkt\\\/milliard-bettkantenschutz-fuer-kinderbett-bed-bumper-schaumstroff-bettgitter-mit-rutschfeste-und-waschbarer-bezug-sicherheitsgelaender-fuer-kleinkinder-erwachsene-und-senioren\\\/#breadcrumb\"},\"inLanguage\":\"de\",\"potentialAction\":[{\"@type\":\"ReadAction\",\"target\":[\"https:\\\/\\\/marktxxl.de\\\/markt\\\/produkt\\\/milliard-bettkantenschutz-fuer-kinderbett-bed-bumper-schaumstroff-bettgitter-mit-rutschfeste-und-waschbarer-bezug-sicherheitsgelaender-fuer-kleinkinder-erwachsene-und-senioren\\\/\"]}]},{\"@type\":\"ImageObject\",\"inLanguage\":\"de\",\"@id\":\"https:\\\/\\\/marktxxl.de\\\/markt\\\/produkt\\\/milliard-bettkantenschutz-fuer-kinderbett-bed-bumper-schaumstroff-bettgitter-mit-rutschfeste-und-waschbarer-bezug-sicherheitsgelaender-fuer-kleinkinder-erwachsene-und-senioren\\\/#primaryimage\",\"url\":\"https:\\\/\\\/m.media-amazon.com\\\/images\\\/I\\\/21Y387fo3ZL._SL500_.jpg\",\"contentUrl\":\"https:\\\/\\\/m.media-amazon.com\\\/images\\\/I\\\/21Y387fo3ZL._SL500_.jpg\",\"width\":470,\"height\":500},{\"@type\":\"BreadcrumbList\",\"@id\":\"https:\\\/\\\/marktxxl.de\\\/markt\\\/produkt\\\/milliard-bettkantenschutz-fuer-kinderbett-bed-bumper-schaumstroff-bettgitter-mit-rutschfeste-und-waschbarer-bezug-sicherheitsgelaender-fuer-kleinkinder-erwachsene-und-senioren\\\/#breadcrumb\",\"itemListElement\":[{\"@type\":\"ListItem\",\"position\":1,\"name\":\"Startseite\",\"item\":\"https:\\\/\\\/marktxxl.de\\\/markt\\\/\"},{\"@type\":\"ListItem\",\"position\":2,\"name\":\"Markt\",\"item\":\"https:\\\/\\\/marktxxl.de\\\/markt\\\/\"},{\"@type\":\"ListItem\",\"position\":3,\"name\":\"Milliard Bettkantenschutz f\u00fcr Kinderbett, Bed Bumper\\\/Schaumstroff Bettgitter mit rutschfeste und Waschbarer Bezug\u2026\"}]},{\"@type\":\"WebSite\",\"@id\":\"https:\\\/\\\/marktxxl.de\\\/markt\\\/#website\",\"url\":\"https:\\\/\\\/marktxxl.de\\\/markt\\\/\",\"name\":\"Markt-XXL\",\"description\":\"Ihr Markt Online\",\"publisher\":{\"@id\":\"https:\\\/\\\/marktxxl.de\\\/markt\\\/#organization\"},\"potentialAction\":[{\"@type\":\"SearchAction\",\"target\":{\"@type\":\"EntryPoint\",\"urlTemplate\":\"https:\\\/\\\/marktxxl.de\\\/markt\\\/?s={search_term_string}\"},\"query-input\":{\"@type\":\"PropertyValueSpecification\",\"valueRequired\":true,\"valueName\":\"search_term_string\"}}],\"inLanguage\":\"de\"},{\"@type\":\"Organization\",\"@id\":\"https:\\\/\\\/marktxxl.de\\\/markt\\\/#organization\",\"name\":\"Markt-XXL\",\"url\":\"https:\\\/\\\/marktxxl.de\\\/markt\\\/\",\"logo\":{\"@type\":\"ImageObject\",\"inLanguage\":\"de\",\"@id\":\"https:\\\/\\\/marktxxl.de\\\/markt\\\/#\\\/schema\\\/logo\\\/image\\\/\",\"url\":\"https:\\\/\\\/marktxxl.de\\\/markt\\\/wp-content\\\/uploads\\\/sites\\\/3\\\/2020\\\/12\\\/logo.png\",\"contentUrl\":\"https:\\\/\\\/marktxxl.de\\\/markt\\\/wp-content\\\/uploads\\\/sites\\\/3\\\/2020\\\/12\\\/logo.png\",\"width\":200,\"height\":70,\"caption\":\"Markt-XXL\"},\"image\":{\"@id\":\"https:\\\/\\\/marktxxl.de\\\/markt\\\/#\\\/schema\\\/logo\\\/image\\\/\"}}]}<\/script>\n<!-- \/ Yoast SEO plugin. -->","yoast_head_json":{"title":"Milliard Bettkantenschutz f\u00fcr Kinderbett, Bed Bumper\/Schaumstroff Bettgitter mit rutschfeste und Waschbarer Bezug\u2026 - Markt-XXL","description":"Markt-XXL Milliard Bettkantenschutz f\u00fcr Kinderbett, Bed Bumper\/Schaumstroff Bettgitter mit rutschfeste und Waschbarer Bezug\u2026","robots":{"index":"index","follow":"follow","max-snippet":"max-snippet:-1","max-image-preview":"max-image-preview:large","max-video-preview":"max-video-preview:-1"},"canonical":"https:\/\/marktxxl.de\/markt\/produkt\/milliard-bettkantenschutz-fuer-kinderbett-bed-bumper-schaumstroff-bettgitter-mit-rutschfeste-und-waschbarer-bezug-sicherheitsgelaender-fuer-kleinkinder-erwachsene-und-senioren\/","og_locale":"de_DE","og_type":"article","og_title":"Milliard Bettkantenschutz f\u00fcr Kinderbett, Bed Bumper\/Schaumstroff Bettgitter mit rutschfeste und Waschbarer Bezug\u2026 - Markt-XXL","og_description":"Markt-XXL Milliard Bettkantenschutz f\u00fcr Kinderbett, Bed Bumper\/Schaumstroff Bettgitter mit rutschfeste und Waschbarer Bezug\u2026","og_url":"https:\/\/marktxxl.de\/markt\/produkt\/milliard-bettkantenschutz-fuer-kinderbett-bed-bumper-schaumstroff-bettgitter-mit-rutschfeste-und-waschbarer-bezug-sicherheitsgelaender-fuer-kleinkinder-erwachsene-und-senioren\/","og_site_name":"Markt-XXL","article_modified_time":"2023-04-10T02:30:30+00:00","og_image":[{"width":470,"height":500,"url":"https:\/\/m.media-amazon.com\/images\/I\/21Y387fo3ZL._SL500_.jpg","type":"image\/jpeg"}],"twitter_card":"summary_large_image","twitter_misc":{"Gesch\u00e4tzte Lesezeit":"1\u00a0Minute"},"schema":{"@context":"https:\/\/schema.org","@graph":[{"@type":"WebPage","@id":"https:\/\/marktxxl.de\/markt\/produkt\/milliard-bettkantenschutz-fuer-kinderbett-bed-bumper-schaumstroff-bettgitter-mit-rutschfeste-und-waschbarer-bezug-sicherheitsgelaender-fuer-kleinkinder-erwachsene-und-senioren\/","url":"https:\/\/marktxxl.de\/markt\/produkt\/milliard-bettkantenschutz-fuer-kinderbett-bed-bumper-schaumstroff-bettgitter-mit-rutschfeste-und-waschbarer-bezug-sicherheitsgelaender-fuer-kleinkinder-erwachsene-und-senioren\/","name":"Milliard Bettkantenschutz f\u00fcr Kinderbett, Bed Bumper\/Schaumstroff Bettgitter mit rutschfeste und Waschbarer Bezug\u2026 - Markt-XXL","isPartOf":{"@id":"https:\/\/marktxxl.de\/markt\/#website"},"primaryImageOfPage":{"@id":"https:\/\/marktxxl.de\/markt\/produkt\/milliard-bettkantenschutz-fuer-kinderbett-bed-bumper-schaumstroff-bettgitter-mit-rutschfeste-und-waschbarer-bezug-sicherheitsgelaender-fuer-kleinkinder-erwachsene-und-senioren\/#primaryimage"},"image":{"@id":"https:\/\/marktxxl.de\/markt\/produkt\/milliard-bettkantenschutz-fuer-kinderbett-bed-bumper-schaumstroff-bettgitter-mit-rutschfeste-und-waschbarer-bezug-sicherheitsgelaender-fuer-kleinkinder-erwachsene-und-senioren\/#primaryimage"},"thumbnailUrl":"https:\/\/m.media-amazon.com\/images\/I\/21Y387fo3ZL._SL500_.jpg","datePublished":"2022-08-13T06:46:13+00:00","dateModified":"2023-04-10T02:30:30+00:00","description":"Markt-XXL Milliard Bettkantenschutz f\u00fcr Kinderbett, Bed Bumper\/Schaumstroff Bettgitter mit rutschfeste und Waschbarer Bezug\u2026","breadcrumb":{"@id":"https:\/\/marktxxl.de\/markt\/produkt\/milliard-bettkantenschutz-fuer-kinderbett-bed-bumper-schaumstroff-bettgitter-mit-rutschfeste-und-waschbarer-bezug-sicherheitsgelaender-fuer-kleinkinder-erwachsene-und-senioren\/#breadcrumb"},"inLanguage":"de","potentialAction":[{"@type":"ReadAction","target":["https:\/\/marktxxl.de\/markt\/produkt\/milliard-bettkantenschutz-fuer-kinderbett-bed-bumper-schaumstroff-bettgitter-mit-rutschfeste-und-waschbarer-bezug-sicherheitsgelaender-fuer-kleinkinder-erwachsene-und-senioren\/"]}]},{"@type":"ImageObject","inLanguage":"de","@id":"https:\/\/marktxxl.de\/markt\/produkt\/milliard-bettkantenschutz-fuer-kinderbett-bed-bumper-schaumstroff-bettgitter-mit-rutschfeste-und-waschbarer-bezug-sicherheitsgelaender-fuer-kleinkinder-erwachsene-und-senioren\/#primaryimage","url":"https:\/\/m.media-amazon.com\/images\/I\/21Y387fo3ZL._SL500_.jpg","contentUrl":"https:\/\/m.media-amazon.com\/images\/I\/21Y387fo3ZL._SL500_.jpg","width":470,"height":500},{"@type":"BreadcrumbList","@id":"https:\/\/marktxxl.de\/markt\/produkt\/milliard-bettkantenschutz-fuer-kinderbett-bed-bumper-schaumstroff-bettgitter-mit-rutschfeste-und-waschbarer-bezug-sicherheitsgelaender-fuer-kleinkinder-erwachsene-und-senioren\/#breadcrumb","itemListElement":[{"@type":"ListItem","position":1,"name":"Startseite","item":"https:\/\/marktxxl.de\/markt\/"},{"@type":"ListItem","position":2,"name":"Markt","item":"https:\/\/marktxxl.de\/markt\/"},{"@type":"ListItem","position":3,"name":"Milliard Bettkantenschutz f\u00fcr Kinderbett, Bed Bumper\/Schaumstroff Bettgitter mit rutschfeste und Waschbarer Bezug\u2026"}]},{"@type":"WebSite","@id":"https:\/\/marktxxl.de\/markt\/#website","url":"https:\/\/marktxxl.de\/markt\/","name":"Markt-XXL","description":"Ihr Markt Online","publisher":{"@id":"https:\/\/marktxxl.de\/markt\/#organization"},"potentialAction":[{"@type":"SearchAction","target":{"@type":"EntryPoint","urlTemplate":"https:\/\/marktxxl.de\/markt\/?s={search_term_string}"},"query-input":{"@type":"PropertyValueSpecification","valueRequired":true,"valueName":"search_term_string"}}],"inLanguage":"de"},{"@type":"Organization","@id":"https:\/\/marktxxl.de\/markt\/#organization","name":"Markt-XXL","url":"https:\/\/marktxxl.de\/markt\/","logo":{"@type":"ImageObject","inLanguage":"de","@id":"https:\/\/marktxxl.de\/markt\/#\/schema\/logo\/image\/","url":"https:\/\/marktxxl.de\/markt\/wp-content\/uploads\/sites\/3\/2020\/12\/logo.png","contentUrl":"https:\/\/marktxxl.de\/markt\/wp-content\/uploads\/sites\/3\/2020\/12\/logo.png","width":200,"height":70,"caption":"Markt-XXL"},"image":{"@id":"https:\/\/marktxxl.de\/markt\/#\/schema\/logo\/image\/"}}]}},"_links":{"self":[{"href":"https:\/\/marktxxl.de\/markt\/wp-json\/wp\/v2\/product\/145915","targetHints":{"allow":["GET"]}}],"collection":[{"href":"https:\/\/marktxxl.de\/markt\/wp-json\/wp\/v2\/product"}],"about":[{"href":"https:\/\/marktxxl.de\/markt\/wp-json\/wp\/v2\/types\/product"}],"replies":[{"embeddable":true,"href":"https:\/\/marktxxl.de\/markt\/wp-json\/wp\/v2\/comments?post=145915"}],"wp:featuredmedia":[{"embeddable":true,"href":"https:\/\/marktxxl.de\/markt\/wp-json\/wp\/v2\/media\/145916"}],"wp:attachment":[{"href":"https:\/\/marktxxl.de\/markt\/wp-json\/wp\/v2\/media?parent=145915"}],"wp:term":[{"taxonomy":"product_brand","embeddable":true,"href":"https:\/\/marktxxl.de\/markt\/wp-json\/wp\/v2\/product_brand?post=145915"},{"taxonomy":"product_cat","embeddable":true,"href":"https:\/\/marktxxl.de\/markt\/wp-json\/wp\/v2\/product_cat?post=145915"},{"taxonomy":"product_tag","embeddable":true,"href":"https:\/\/marktxxl.de\/markt\/wp-json\/wp\/v2\/product_tag?post=145915"}],"curies":[{"name":"wp","href":"https:\/\/api.w.org\/{rel}","templated":true}]}}