{"id":145869,"date":"2022-08-13T08:28:34","date_gmt":"2022-08-13T06:28:34","guid":{"rendered":"https:\/\/marktxxl.de\/markt\/produkt\/ovulationstest-kinderwunsch-fruchtbarkeitstest-fuer-frauen-easyhome-40-empfindlich-eisprung-teststreifen-25-miu-ml-einfachste-ovulation-und-perioden-tracking-app-premom-40-lh-test\/"},"modified":"2023-04-10T04:30:29","modified_gmt":"2023-04-10T02:30:29","slug":"ovulationstest-kinderwunsch-fruchtbarkeitstest-fuer-frauen-easyhome-40-empfindlich-eisprung-teststreifen-25-miu-ml-einfachste-ovulation-und-perioden-tracking-app-premom-40-lh-test","status":"publish","type":"product","link":"https:\/\/marktxxl.de\/markt\/produkt\/ovulationstest-kinderwunsch-fruchtbarkeitstest-fuer-frauen-easyhome-40-empfindlich-eisprung-teststreifen-25-miu-ml-einfachste-ovulation-und-perioden-tracking-app-premom-40-lh-test\/","title":{"rendered":"Ovulationstest Kinderwunsch Fruchtbarkeitstest f\u00fcr Frauen: Easy@Home 40 Empfindlich Eisprung Teststreifen 25 miu\/ml\u2026"},"content":{"rendered":"<p>Kinderwunsch Ovulationstest: Speziell entwickelt f\u00fcr Frauen, die versuchen, nat\u00fcrlich schwanger zu werden. Easy@Home Ovulationstests k\u00f6nnen die fruchtbarsten Tage von Frauen genau und schnell vorhersagen, auch wenn ihre Zyklusl\u00e4ngen variabel sind.<br \/>\nEinfach zu Bedienen Ovulationstest: Tauchen Sie den Eisprungtest ein, \u00fcberpr\u00fcfen Sie das Ergebnis und machen Sie ein Bild. Premom werden Ihre g\u00fcltigen Testergebnisse automatisch f\u00fcr eine sichtbare Verlaufsverfolgung abgleichen. Sie k\u00f6nnen die Vorhersage Ihres Zyklus und Ihres Fruchtbarkeitsfensters jederzeit verfolgen und anzeigen. Sie m\u00fcssen nicht mehr am alten Urintest festhalten!<br \/>\nSchnell und Zuverl\u00e4ssig Ovulationstest: LH-Werte von nur 25 mIU\/ml k\u00f6nnen innerhalb von 3-5 Minuten nachgewiesen werden Die Ergebnisse sind zu 99,8 % genau. SCHNELLTEST: Tauchen Sie den Stick einfach einige Sekunden in Ihren Urin, bis der Farbstoff im Ergebnisfenster aufsteigt.<br \/>\nMaximieren Sie Ihre Schwangerschaftschancen: Ihre Fruchtbarkeitszeichen k\u00f6nnen von Zyklus zu Zyklus variieren und k\u00f6nnen leicht \u00fcbersehen werden. Premom minimiert die Wahrscheinlichkeit, dass Sie Ihren LH-Peak verpassen oder das LH-Ergebnis falsch interpretieren, und maximiert die Vorhersagegenauigkeit der Ergebnisse.<br \/>\nLeicht Abzulesen Ovulationstests: 5 mm breite Ovulationsteststreifen machen das Ergebnis deutlich. Leichte Erfassung Ihrer fruchtbarsten Tage. Die Testlinie, dunkel oder dunkel im Vergleich zur Kontrolllinie, zeigt ein positives Ergebnis an, Ihre fruchtbaren Tage stehen bevor.<br \/>\n<div class=\"main-cross-sell\" data-asin=\"B09TD8J3B2\">\n\n\t<div class=\"WooZone-cross-sell-loader\">\n\t\t<div>\n\t\t\t<div id=\"floatingBarsG\">\n\t\t\t\t<div class=\"blockG\" id=\"rotateG_01\"><\/div>\n\t\t\t\t<div class=\"blockG\" id=\"rotateG_02\"><\/div>\n\t\t\t\t<div class=\"blockG\" id=\"rotateG_03\"><\/div>\n\t\t\t\t<div class=\"blockG\" id=\"rotateG_04\"><\/div>\n\t\t\t\t<div class=\"blockG\" id=\"rotateG_05\"><\/div>\n\t\t\t\t<div class=\"blockG\" id=\"rotateG_06\"><\/div>\n\t\t\t\t<div class=\"blockG\" id=\"rotateG_07\"><\/div>\n\t\t\t\t<div class=\"blockG\" id=\"rotateG_08\"><\/div>\n\t\t\t<\/div>\n\t\t\t<div class=\"WooZone-cross-sell-loader-text\"><\/div>\n\t\t<\/div>\n\t<\/div>\n\n\t\t\n<\/div>\n<div style=\"clear:both;\"><\/div><\/p>\n","protected":false},"excerpt":{"rendered":"<p>Kinderwunsch Ovulationstest: Speziell entwickelt f\u00fcr Frauen, die versuchen, nat\u00fcrlich schwanger zu werden. Easy@Home Ovulationstests k\u00f6nnen die fruchtbarsten Tage von Frauen genau und schnell vorhersagen, auch wenn ihre Zyklusl\u00e4ngen variabel sind.<br \/>\nEinfach zu Bedienen Ovulationstest: Tauchen Sie den Eisprungtest ein, \u00fcberpr\u00fcfen Sie das Ergebnis und machen Sie ein Bild. Premom werden Ihre g\u00fcltigen Testergebnisse automatisch f\u00fcr eine sichtbare Verlaufsverfolgung abgleichen. Sie k\u00f6nnen die Vorhersage Ihres Zyklus und Ihres Fruchtbarkeitsfensters jederzeit verfolgen und anzeigen. Sie m\u00fcssen nicht mehr am alten Urintest festhalten!<br \/>\nSchnell und Zuverl\u00e4ssig Ovulationstest: LH-Werte von nur 25 mIU\/ml k\u00f6nnen innerhalb von 3-5 Minuten nachgewiesen werden Die Ergebnisse sind zu 99,8 % genau. SCHNELLTEST: Tauchen Sie den Stick einfach einige Sekunden in Ihren Urin, bis der Farbstoff im Ergebnisfenster aufsteigt.<\/p>\n","protected":false},"featured_media":145870,"comment_status":"open","ping_status":"closed","template":"","meta":[],"product_brand":[],"product_cat":[566,6291],"product_tag":[],"class_list":{"0":"post-145869","1":"product","2":"type-product","3":"status-publish","4":"has-post-thumbnail","6":"product_cat-drogerie-koerperpflege","7":"product_cat-schwangerschaft","8":"pa_brand-easyhome","9":"pa_manufacturer-easyhome","11":"first","12":"instock","13":"shipping-taxable","14":"purchasable","15":"product-type-simple","16":"customify-col","17":"product-has-gallery"},"yoast_head":"<!-- This site is optimized with the Yoast SEO plugin v27.4 - https:\/\/yoast.com\/product\/yoast-seo-wordpress\/ -->\n<title>Ovulationstest Kinderwunsch Fruchtbarkeitstest f\u00fcr Frauen: Easy@Home 40 Empfindlich Eisprung Teststreifen 25 miu\/ml\u2026 - Markt-XXL<\/title>\n<meta name=\"description\" content=\"Markt-XXL Ovulationstest Kinderwunsch Fruchtbarkeitstest f\u00fcr Frauen: Easy@Home 40 Empfindlich Eisprung Teststreifen 25 miu\/ml\u2026\" \/>\n<meta name=\"robots\" content=\"index, follow, max-snippet:-1, max-image-preview:large, max-video-preview:-1\" \/>\n<link rel=\"canonical\" href=\"https:\/\/marktxxl.de\/markt\/produkt\/ovulationstest-kinderwunsch-fruchtbarkeitstest-fuer-frauen-easyhome-40-empfindlich-eisprung-teststreifen-25-miu-ml-einfachste-ovulation-und-perioden-tracking-app-premom-40-lh-test\/\" \/>\n<meta property=\"og:locale\" content=\"de_DE\" \/>\n<meta property=\"og:type\" content=\"article\" \/>\n<meta property=\"og:title\" content=\"Ovulationstest Kinderwunsch Fruchtbarkeitstest f\u00fcr Frauen: Easy@Home 40 Empfindlich Eisprung Teststreifen 25 miu\/ml\u2026 - Markt-XXL\" \/>\n<meta property=\"og:description\" content=\"Markt-XXL Ovulationstest Kinderwunsch Fruchtbarkeitstest f\u00fcr Frauen: Easy@Home 40 Empfindlich Eisprung Teststreifen 25 miu\/ml\u2026\" \/>\n<meta property=\"og:url\" content=\"https:\/\/marktxxl.de\/markt\/produkt\/ovulationstest-kinderwunsch-fruchtbarkeitstest-fuer-frauen-easyhome-40-empfindlich-eisprung-teststreifen-25-miu-ml-einfachste-ovulation-und-perioden-tracking-app-premom-40-lh-test\/\" \/>\n<meta property=\"og:site_name\" content=\"Markt-XXL\" \/>\n<meta property=\"article:modified_time\" content=\"2023-04-10T02:30:29+00:00\" \/>\n<meta property=\"og:image\" content=\"https:\/\/m.media-amazon.com\/images\/I\/51sGqkzyZpL._SL500_.jpg\" \/>\n\t<meta property=\"og:image:width\" content=\"500\" \/>\n\t<meta property=\"og:image:height\" content=\"500\" \/>\n\t<meta property=\"og:image:type\" content=\"image\/jpeg\" \/>\n<meta name=\"twitter:card\" content=\"summary_large_image\" \/>\n<meta name=\"twitter:label1\" content=\"Gesch\u00e4tzte Lesezeit\" \/>\n\t<meta name=\"twitter:data1\" content=\"1\u00a0Minute\" \/>\n<script type=\"application\/ld+json\" class=\"yoast-schema-graph\">{\"@context\":\"https:\\\/\\\/schema.org\",\"@graph\":[{\"@type\":\"WebPage\",\"@id\":\"https:\\\/\\\/marktxxl.de\\\/markt\\\/produkt\\\/ovulationstest-kinderwunsch-fruchtbarkeitstest-fuer-frauen-easyhome-40-empfindlich-eisprung-teststreifen-25-miu-ml-einfachste-ovulation-und-perioden-tracking-app-premom-40-lh-test\\\/\",\"url\":\"https:\\\/\\\/marktxxl.de\\\/markt\\\/produkt\\\/ovulationstest-kinderwunsch-fruchtbarkeitstest-fuer-frauen-easyhome-40-empfindlich-eisprung-teststreifen-25-miu-ml-einfachste-ovulation-und-perioden-tracking-app-premom-40-lh-test\\\/\",\"name\":\"Ovulationstest Kinderwunsch Fruchtbarkeitstest f\u00fcr Frauen: Easy@Home 40 Empfindlich Eisprung Teststreifen 25 miu\\\/ml\u2026 - Markt-XXL\",\"isPartOf\":{\"@id\":\"https:\\\/\\\/marktxxl.de\\\/markt\\\/#website\"},\"primaryImageOfPage\":{\"@id\":\"https:\\\/\\\/marktxxl.de\\\/markt\\\/produkt\\\/ovulationstest-kinderwunsch-fruchtbarkeitstest-fuer-frauen-easyhome-40-empfindlich-eisprung-teststreifen-25-miu-ml-einfachste-ovulation-und-perioden-tracking-app-premom-40-lh-test\\\/#primaryimage\"},\"image\":{\"@id\":\"https:\\\/\\\/marktxxl.de\\\/markt\\\/produkt\\\/ovulationstest-kinderwunsch-fruchtbarkeitstest-fuer-frauen-easyhome-40-empfindlich-eisprung-teststreifen-25-miu-ml-einfachste-ovulation-und-perioden-tracking-app-premom-40-lh-test\\\/#primaryimage\"},\"thumbnailUrl\":\"https:\\\/\\\/m.media-amazon.com\\\/images\\\/I\\\/51sGqkzyZpL._SL500_.jpg\",\"datePublished\":\"2022-08-13T06:28:34+00:00\",\"dateModified\":\"2023-04-10T02:30:29+00:00\",\"description\":\"Markt-XXL Ovulationstest Kinderwunsch Fruchtbarkeitstest f\u00fcr Frauen: Easy@Home 40 Empfindlich Eisprung Teststreifen 25 miu\\\/ml\u2026\",\"breadcrumb\":{\"@id\":\"https:\\\/\\\/marktxxl.de\\\/markt\\\/produkt\\\/ovulationstest-kinderwunsch-fruchtbarkeitstest-fuer-frauen-easyhome-40-empfindlich-eisprung-teststreifen-25-miu-ml-einfachste-ovulation-und-perioden-tracking-app-premom-40-lh-test\\\/#breadcrumb\"},\"inLanguage\":\"de\",\"potentialAction\":[{\"@type\":\"ReadAction\",\"target\":[\"https:\\\/\\\/marktxxl.de\\\/markt\\\/produkt\\\/ovulationstest-kinderwunsch-fruchtbarkeitstest-fuer-frauen-easyhome-40-empfindlich-eisprung-teststreifen-25-miu-ml-einfachste-ovulation-und-perioden-tracking-app-premom-40-lh-test\\\/\"]}]},{\"@type\":\"ImageObject\",\"inLanguage\":\"de\",\"@id\":\"https:\\\/\\\/marktxxl.de\\\/markt\\\/produkt\\\/ovulationstest-kinderwunsch-fruchtbarkeitstest-fuer-frauen-easyhome-40-empfindlich-eisprung-teststreifen-25-miu-ml-einfachste-ovulation-und-perioden-tracking-app-premom-40-lh-test\\\/#primaryimage\",\"url\":\"https:\\\/\\\/m.media-amazon.com\\\/images\\\/I\\\/51sGqkzyZpL._SL500_.jpg\",\"contentUrl\":\"https:\\\/\\\/m.media-amazon.com\\\/images\\\/I\\\/51sGqkzyZpL._SL500_.jpg\",\"width\":500,\"height\":500},{\"@type\":\"BreadcrumbList\",\"@id\":\"https:\\\/\\\/marktxxl.de\\\/markt\\\/produkt\\\/ovulationstest-kinderwunsch-fruchtbarkeitstest-fuer-frauen-easyhome-40-empfindlich-eisprung-teststreifen-25-miu-ml-einfachste-ovulation-und-perioden-tracking-app-premom-40-lh-test\\\/#breadcrumb\",\"itemListElement\":[{\"@type\":\"ListItem\",\"position\":1,\"name\":\"Startseite\",\"item\":\"https:\\\/\\\/marktxxl.de\\\/markt\\\/\"},{\"@type\":\"ListItem\",\"position\":2,\"name\":\"Markt\",\"item\":\"https:\\\/\\\/marktxxl.de\\\/markt\\\/\"},{\"@type\":\"ListItem\",\"position\":3,\"name\":\"Ovulationstest Kinderwunsch Fruchtbarkeitstest f\u00fcr Frauen: Easy@Home 40 Empfindlich Eisprung Teststreifen 25 miu\\\/ml\u2026\"}]},{\"@type\":\"WebSite\",\"@id\":\"https:\\\/\\\/marktxxl.de\\\/markt\\\/#website\",\"url\":\"https:\\\/\\\/marktxxl.de\\\/markt\\\/\",\"name\":\"Markt-XXL\",\"description\":\"Ihr Markt Online\",\"publisher\":{\"@id\":\"https:\\\/\\\/marktxxl.de\\\/markt\\\/#organization\"},\"potentialAction\":[{\"@type\":\"SearchAction\",\"target\":{\"@type\":\"EntryPoint\",\"urlTemplate\":\"https:\\\/\\\/marktxxl.de\\\/markt\\\/?s={search_term_string}\"},\"query-input\":{\"@type\":\"PropertyValueSpecification\",\"valueRequired\":true,\"valueName\":\"search_term_string\"}}],\"inLanguage\":\"de\"},{\"@type\":\"Organization\",\"@id\":\"https:\\\/\\\/marktxxl.de\\\/markt\\\/#organization\",\"name\":\"Markt-XXL\",\"url\":\"https:\\\/\\\/marktxxl.de\\\/markt\\\/\",\"logo\":{\"@type\":\"ImageObject\",\"inLanguage\":\"de\",\"@id\":\"https:\\\/\\\/marktxxl.de\\\/markt\\\/#\\\/schema\\\/logo\\\/image\\\/\",\"url\":\"https:\\\/\\\/marktxxl.de\\\/markt\\\/wp-content\\\/uploads\\\/sites\\\/3\\\/2020\\\/12\\\/logo.png\",\"contentUrl\":\"https:\\\/\\\/marktxxl.de\\\/markt\\\/wp-content\\\/uploads\\\/sites\\\/3\\\/2020\\\/12\\\/logo.png\",\"width\":200,\"height\":70,\"caption\":\"Markt-XXL\"},\"image\":{\"@id\":\"https:\\\/\\\/marktxxl.de\\\/markt\\\/#\\\/schema\\\/logo\\\/image\\\/\"}}]}<\/script>\n<!-- \/ Yoast SEO plugin. -->","yoast_head_json":{"title":"Ovulationstest Kinderwunsch Fruchtbarkeitstest f\u00fcr Frauen: Easy@Home 40 Empfindlich Eisprung Teststreifen 25 miu\/ml\u2026 - Markt-XXL","description":"Markt-XXL Ovulationstest Kinderwunsch Fruchtbarkeitstest f\u00fcr Frauen: Easy@Home 40 Empfindlich Eisprung Teststreifen 25 miu\/ml\u2026","robots":{"index":"index","follow":"follow","max-snippet":"max-snippet:-1","max-image-preview":"max-image-preview:large","max-video-preview":"max-video-preview:-1"},"canonical":"https:\/\/marktxxl.de\/markt\/produkt\/ovulationstest-kinderwunsch-fruchtbarkeitstest-fuer-frauen-easyhome-40-empfindlich-eisprung-teststreifen-25-miu-ml-einfachste-ovulation-und-perioden-tracking-app-premom-40-lh-test\/","og_locale":"de_DE","og_type":"article","og_title":"Ovulationstest Kinderwunsch Fruchtbarkeitstest f\u00fcr Frauen: Easy@Home 40 Empfindlich Eisprung Teststreifen 25 miu\/ml\u2026 - Markt-XXL","og_description":"Markt-XXL Ovulationstest Kinderwunsch Fruchtbarkeitstest f\u00fcr Frauen: Easy@Home 40 Empfindlich Eisprung Teststreifen 25 miu\/ml\u2026","og_url":"https:\/\/marktxxl.de\/markt\/produkt\/ovulationstest-kinderwunsch-fruchtbarkeitstest-fuer-frauen-easyhome-40-empfindlich-eisprung-teststreifen-25-miu-ml-einfachste-ovulation-und-perioden-tracking-app-premom-40-lh-test\/","og_site_name":"Markt-XXL","article_modified_time":"2023-04-10T02:30:29+00:00","og_image":[{"width":500,"height":500,"url":"https:\/\/m.media-amazon.com\/images\/I\/51sGqkzyZpL._SL500_.jpg","type":"image\/jpeg"}],"twitter_card":"summary_large_image","twitter_misc":{"Gesch\u00e4tzte Lesezeit":"1\u00a0Minute"},"schema":{"@context":"https:\/\/schema.org","@graph":[{"@type":"WebPage","@id":"https:\/\/marktxxl.de\/markt\/produkt\/ovulationstest-kinderwunsch-fruchtbarkeitstest-fuer-frauen-easyhome-40-empfindlich-eisprung-teststreifen-25-miu-ml-einfachste-ovulation-und-perioden-tracking-app-premom-40-lh-test\/","url":"https:\/\/marktxxl.de\/markt\/produkt\/ovulationstest-kinderwunsch-fruchtbarkeitstest-fuer-frauen-easyhome-40-empfindlich-eisprung-teststreifen-25-miu-ml-einfachste-ovulation-und-perioden-tracking-app-premom-40-lh-test\/","name":"Ovulationstest Kinderwunsch Fruchtbarkeitstest f\u00fcr Frauen: Easy@Home 40 Empfindlich Eisprung Teststreifen 25 miu\/ml\u2026 - Markt-XXL","isPartOf":{"@id":"https:\/\/marktxxl.de\/markt\/#website"},"primaryImageOfPage":{"@id":"https:\/\/marktxxl.de\/markt\/produkt\/ovulationstest-kinderwunsch-fruchtbarkeitstest-fuer-frauen-easyhome-40-empfindlich-eisprung-teststreifen-25-miu-ml-einfachste-ovulation-und-perioden-tracking-app-premom-40-lh-test\/#primaryimage"},"image":{"@id":"https:\/\/marktxxl.de\/markt\/produkt\/ovulationstest-kinderwunsch-fruchtbarkeitstest-fuer-frauen-easyhome-40-empfindlich-eisprung-teststreifen-25-miu-ml-einfachste-ovulation-und-perioden-tracking-app-premom-40-lh-test\/#primaryimage"},"thumbnailUrl":"https:\/\/m.media-amazon.com\/images\/I\/51sGqkzyZpL._SL500_.jpg","datePublished":"2022-08-13T06:28:34+00:00","dateModified":"2023-04-10T02:30:29+00:00","description":"Markt-XXL Ovulationstest Kinderwunsch Fruchtbarkeitstest f\u00fcr Frauen: Easy@Home 40 Empfindlich Eisprung Teststreifen 25 miu\/ml\u2026","breadcrumb":{"@id":"https:\/\/marktxxl.de\/markt\/produkt\/ovulationstest-kinderwunsch-fruchtbarkeitstest-fuer-frauen-easyhome-40-empfindlich-eisprung-teststreifen-25-miu-ml-einfachste-ovulation-und-perioden-tracking-app-premom-40-lh-test\/#breadcrumb"},"inLanguage":"de","potentialAction":[{"@type":"ReadAction","target":["https:\/\/marktxxl.de\/markt\/produkt\/ovulationstest-kinderwunsch-fruchtbarkeitstest-fuer-frauen-easyhome-40-empfindlich-eisprung-teststreifen-25-miu-ml-einfachste-ovulation-und-perioden-tracking-app-premom-40-lh-test\/"]}]},{"@type":"ImageObject","inLanguage":"de","@id":"https:\/\/marktxxl.de\/markt\/produkt\/ovulationstest-kinderwunsch-fruchtbarkeitstest-fuer-frauen-easyhome-40-empfindlich-eisprung-teststreifen-25-miu-ml-einfachste-ovulation-und-perioden-tracking-app-premom-40-lh-test\/#primaryimage","url":"https:\/\/m.media-amazon.com\/images\/I\/51sGqkzyZpL._SL500_.jpg","contentUrl":"https:\/\/m.media-amazon.com\/images\/I\/51sGqkzyZpL._SL500_.jpg","width":500,"height":500},{"@type":"BreadcrumbList","@id":"https:\/\/marktxxl.de\/markt\/produkt\/ovulationstest-kinderwunsch-fruchtbarkeitstest-fuer-frauen-easyhome-40-empfindlich-eisprung-teststreifen-25-miu-ml-einfachste-ovulation-und-perioden-tracking-app-premom-40-lh-test\/#breadcrumb","itemListElement":[{"@type":"ListItem","position":1,"name":"Startseite","item":"https:\/\/marktxxl.de\/markt\/"},{"@type":"ListItem","position":2,"name":"Markt","item":"https:\/\/marktxxl.de\/markt\/"},{"@type":"ListItem","position":3,"name":"Ovulationstest Kinderwunsch Fruchtbarkeitstest f\u00fcr Frauen: Easy@Home 40 Empfindlich Eisprung Teststreifen 25 miu\/ml\u2026"}]},{"@type":"WebSite","@id":"https:\/\/marktxxl.de\/markt\/#website","url":"https:\/\/marktxxl.de\/markt\/","name":"Markt-XXL","description":"Ihr Markt Online","publisher":{"@id":"https:\/\/marktxxl.de\/markt\/#organization"},"potentialAction":[{"@type":"SearchAction","target":{"@type":"EntryPoint","urlTemplate":"https:\/\/marktxxl.de\/markt\/?s={search_term_string}"},"query-input":{"@type":"PropertyValueSpecification","valueRequired":true,"valueName":"search_term_string"}}],"inLanguage":"de"},{"@type":"Organization","@id":"https:\/\/marktxxl.de\/markt\/#organization","name":"Markt-XXL","url":"https:\/\/marktxxl.de\/markt\/","logo":{"@type":"ImageObject","inLanguage":"de","@id":"https:\/\/marktxxl.de\/markt\/#\/schema\/logo\/image\/","url":"https:\/\/marktxxl.de\/markt\/wp-content\/uploads\/sites\/3\/2020\/12\/logo.png","contentUrl":"https:\/\/marktxxl.de\/markt\/wp-content\/uploads\/sites\/3\/2020\/12\/logo.png","width":200,"height":70,"caption":"Markt-XXL"},"image":{"@id":"https:\/\/marktxxl.de\/markt\/#\/schema\/logo\/image\/"}}]}},"_links":{"self":[{"href":"https:\/\/marktxxl.de\/markt\/wp-json\/wp\/v2\/product\/145869","targetHints":{"allow":["GET"]}}],"collection":[{"href":"https:\/\/marktxxl.de\/markt\/wp-json\/wp\/v2\/product"}],"about":[{"href":"https:\/\/marktxxl.de\/markt\/wp-json\/wp\/v2\/types\/product"}],"replies":[{"embeddable":true,"href":"https:\/\/marktxxl.de\/markt\/wp-json\/wp\/v2\/comments?post=145869"}],"wp:featuredmedia":[{"embeddable":true,"href":"https:\/\/marktxxl.de\/markt\/wp-json\/wp\/v2\/media\/145870"}],"wp:attachment":[{"href":"https:\/\/marktxxl.de\/markt\/wp-json\/wp\/v2\/media?parent=145869"}],"wp:term":[{"taxonomy":"product_brand","embeddable":true,"href":"https:\/\/marktxxl.de\/markt\/wp-json\/wp\/v2\/product_brand?post=145869"},{"taxonomy":"product_cat","embeddable":true,"href":"https:\/\/marktxxl.de\/markt\/wp-json\/wp\/v2\/product_cat?post=145869"},{"taxonomy":"product_tag","embeddable":true,"href":"https:\/\/marktxxl.de\/markt\/wp-json\/wp\/v2\/product_tag?post=145869"}],"curies":[{"name":"wp","href":"https:\/\/api.w.org\/{rel}","templated":true}]}}