{"id":145775,"date":"2022-08-13T08:02:16","date_gmt":"2022-08-13T06:02:16","guid":{"rendered":"https:\/\/marktxxl.de\/markt\/produkt\/tailwind-nutrition-isotonisches-sportgetraenk-50-portionen-packung-beeren-geschmack\/"},"modified":"2023-04-10T04:30:27","modified_gmt":"2023-04-10T02:30:27","slug":"tailwind-nutrition-isotonisches-sportgetraenk-50-portionen-packung-beeren-geschmack","status":"publish","type":"product","link":"https:\/\/marktxxl.de\/markt\/produkt\/tailwind-nutrition-isotonisches-sportgetraenk-50-portionen-packung-beeren-geschmack\/","title":{"rendered":"Tailwind Nutrition Isotonisches Sportgetr\u00e4nk 50-Portionen Packung Beeren-Geschmack"},"content":{"rendered":"<p>Tailwind versorgt dich komplett mit Energie, sorgt f\u00fcr deine Fl\u00fcssigkeitszufuhr und die richtige Zufuhrt an Elektrolyten. All das kombiniert in einem mild, sauber schmeckendem Getr\u00e4nk, das deinen Magen nicht belastet oder dich w\u00e4hrend deines Laufs, Triathlons oder Radfahrens dazu zwingt ein klebriges Gel oder \u00c4hnliches herunter zu w\u00fcrgen.<br \/>\nDie Zusammensetzung von Tailwind stimmt genau damit \u00fcberein, was dein Darm in einer bestimmten Zeit imstande ist zu absorbieren. Tailwind wirkt schnell in deinem System, ohne den Verdauungstrakt unn\u00f6tig zu strapazieren. Es ist keine \u00dcberraschung, dass es vegan ist und nur nat\u00fcrliche Zutaten und Aromen enth\u00e4lt.<br \/>\nTailwind mischt sich zu einer transparenten L\u00f6sung ohne k\u00fcnstliche Inhaltsstoffe und ist auch ideal in Trinkblasen zu benutzen, da keine Reste oder Verklebungen h\u00e4ngen bleiben.<br \/>\nTailwind wurde als Isotonisches Sportgetr\u00e4nk f\u00fcr Ausdauersportler von Ausdauerathleten entwickelt, um s\u00e4mtliche Probleme im Zusammenhang mit Ern\u00e4hrung zu beseitigen. Gib\u00b4 einfach einen Einzelbeutel in eine Wasserflasche oder Trinkblase, um 200 Kalorien dieses genialen Treibstoffs zu bekommen. Ohne viel Aufhebens und Getue.<br \/>\nFalls du Tailwind noch nicht probiert hast, solltest du das tun! Du wirst danach Gels und Riegeln den R\u00fccken kehren.<br \/>\n<div class=\"main-cross-sell\" data-asin=\"B017GDDLV8\">\n\n\t<div class=\"WooZone-cross-sell-loader\">\n\t\t<div>\n\t\t\t<div id=\"floatingBarsG\">\n\t\t\t\t<div class=\"blockG\" id=\"rotateG_01\"><\/div>\n\t\t\t\t<div class=\"blockG\" id=\"rotateG_02\"><\/div>\n\t\t\t\t<div class=\"blockG\" id=\"rotateG_03\"><\/div>\n\t\t\t\t<div class=\"blockG\" id=\"rotateG_04\"><\/div>\n\t\t\t\t<div class=\"blockG\" id=\"rotateG_05\"><\/div>\n\t\t\t\t<div class=\"blockG\" id=\"rotateG_06\"><\/div>\n\t\t\t\t<div class=\"blockG\" id=\"rotateG_07\"><\/div>\n\t\t\t\t<div class=\"blockG\" id=\"rotateG_08\"><\/div>\n\t\t\t<\/div>\n\t\t\t<div class=\"WooZone-cross-sell-loader-text\"><\/div>\n\t\t<\/div>\n\t<\/div>\n\n\t\t\n<\/div>\n<div style=\"clear:both;\"><\/div><\/p>\n","protected":false},"excerpt":{"rendered":"<p>Tailwind versorgt dich komplett mit Energie, sorgt f\u00fcr deine Fl\u00fcssigkeitszufuhr und die richtige Zufuhrt an Elektrolyten. All das kombiniert in einem mild, sauber schmeckendem Getr\u00e4nk, das deinen Magen nicht belastet oder dich w\u00e4hrend deines Laufs, Triathlons oder Radfahrens dazu zwingt ein klebriges Gel oder \u00c4hnliches herunter zu w\u00fcrgen.<br \/>\nDie Zusammensetzung von Tailwind stimmt genau damit \u00fcberein, was dein Darm in einer bestimmten Zeit imstande ist zu absorbieren. Tailwind wirkt schnell in deinem System, ohne den Verdauungstrakt unn\u00f6tig zu strapazieren. Es ist keine \u00dcberraschung, dass es vegan ist und nur nat\u00fcrliche Zutaten und Aromen enth\u00e4lt.<br \/>\nTailwind mischt sich zu einer transparenten L\u00f6sung ohne k\u00fcnstliche Inhaltsstoffe und ist auch ideal in Trinkblasen zu benutzen, da keine Reste oder Verklebungen h\u00e4ngen bleiben.<\/p>\n","protected":false},"featured_media":145776,"comment_status":"open","ping_status":"closed","template":"","meta":[],"product_brand":[],"product_cat":[566,6104],"product_tag":[],"class_list":{"0":"post-145775","1":"product","2":"type-product","3":"status-publish","4":"has-post-thumbnail","6":"product_cat-drogerie-koerperpflege","7":"product_cat-nahrungsergaenzung","8":"pa_binding-badartikel","9":"pa_brand-tailwind-nutrition","10":"pa_height-3-5-zoll","11":"pa_length-11-5-zoll","12":"pa_manufacturer-tailwind-nutrition","13":"pa_model-tailwind-nutrition","14":"pa_weight-3-pounds","15":"pa_width-8-zoll","17":"first","18":"instock","19":"shipping-taxable","20":"purchasable","21":"product-type-simple","22":"customify-col","23":"product-has-gallery"},"yoast_head":"<!-- This site is optimized with the Yoast SEO plugin v27.4 - https:\/\/yoast.com\/product\/yoast-seo-wordpress\/ -->\n<title>Tailwind Nutrition Isotonisches Sportgetr\u00e4nk 50-Portionen Packung Beeren-Geschmack - Markt-XXL<\/title>\n<meta name=\"description\" content=\"Markt-XXL Tailwind Nutrition Isotonisches Sportgetr\u00e4nk 50-Portionen Packung Beeren-Geschmack\" \/>\n<meta name=\"robots\" content=\"index, follow, max-snippet:-1, max-image-preview:large, max-video-preview:-1\" \/>\n<link rel=\"canonical\" href=\"https:\/\/marktxxl.de\/markt\/produkt\/tailwind-nutrition-isotonisches-sportgetraenk-50-portionen-packung-beeren-geschmack\/\" \/>\n<meta property=\"og:locale\" content=\"de_DE\" \/>\n<meta property=\"og:type\" content=\"article\" \/>\n<meta property=\"og:title\" content=\"Tailwind Nutrition Isotonisches Sportgetr\u00e4nk 50-Portionen Packung Beeren-Geschmack - Markt-XXL\" \/>\n<meta property=\"og:description\" content=\"Markt-XXL Tailwind Nutrition Isotonisches Sportgetr\u00e4nk 50-Portionen Packung Beeren-Geschmack\" \/>\n<meta property=\"og:url\" content=\"https:\/\/marktxxl.de\/markt\/produkt\/tailwind-nutrition-isotonisches-sportgetraenk-50-portionen-packung-beeren-geschmack\/\" \/>\n<meta property=\"og:site_name\" content=\"Markt-XXL\" \/>\n<meta property=\"article:modified_time\" content=\"2023-04-10T02:30:27+00:00\" \/>\n<meta property=\"og:image\" content=\"https:\/\/m.media-amazon.com\/images\/I\/315lj4xhnHL._SL500_.jpg\" \/>\n\t<meta property=\"og:image:width\" content=\"500\" \/>\n\t<meta property=\"og:image:height\" content=\"500\" \/>\n\t<meta property=\"og:image:type\" content=\"image\/jpeg\" \/>\n<meta name=\"twitter:card\" content=\"summary_large_image\" \/>\n<meta name=\"twitter:label1\" content=\"Gesch\u00e4tzte Lesezeit\" \/>\n\t<meta name=\"twitter:data1\" content=\"1\u00a0Minute\" \/>\n<script type=\"application\/ld+json\" class=\"yoast-schema-graph\">{\"@context\":\"https:\\\/\\\/schema.org\",\"@graph\":[{\"@type\":\"WebPage\",\"@id\":\"https:\\\/\\\/marktxxl.de\\\/markt\\\/produkt\\\/tailwind-nutrition-isotonisches-sportgetraenk-50-portionen-packung-beeren-geschmack\\\/\",\"url\":\"https:\\\/\\\/marktxxl.de\\\/markt\\\/produkt\\\/tailwind-nutrition-isotonisches-sportgetraenk-50-portionen-packung-beeren-geschmack\\\/\",\"name\":\"Tailwind Nutrition Isotonisches Sportgetr\u00e4nk 50-Portionen Packung Beeren-Geschmack - Markt-XXL\",\"isPartOf\":{\"@id\":\"https:\\\/\\\/marktxxl.de\\\/markt\\\/#website\"},\"primaryImageOfPage\":{\"@id\":\"https:\\\/\\\/marktxxl.de\\\/markt\\\/produkt\\\/tailwind-nutrition-isotonisches-sportgetraenk-50-portionen-packung-beeren-geschmack\\\/#primaryimage\"},\"image\":{\"@id\":\"https:\\\/\\\/marktxxl.de\\\/markt\\\/produkt\\\/tailwind-nutrition-isotonisches-sportgetraenk-50-portionen-packung-beeren-geschmack\\\/#primaryimage\"},\"thumbnailUrl\":\"https:\\\/\\\/m.media-amazon.com\\\/images\\\/I\\\/315lj4xhnHL._SL500_.jpg\",\"datePublished\":\"2022-08-13T06:02:16+00:00\",\"dateModified\":\"2023-04-10T02:30:27+00:00\",\"description\":\"Markt-XXL Tailwind Nutrition Isotonisches Sportgetr\u00e4nk 50-Portionen Packung Beeren-Geschmack\",\"breadcrumb\":{\"@id\":\"https:\\\/\\\/marktxxl.de\\\/markt\\\/produkt\\\/tailwind-nutrition-isotonisches-sportgetraenk-50-portionen-packung-beeren-geschmack\\\/#breadcrumb\"},\"inLanguage\":\"de\",\"potentialAction\":[{\"@type\":\"ReadAction\",\"target\":[\"https:\\\/\\\/marktxxl.de\\\/markt\\\/produkt\\\/tailwind-nutrition-isotonisches-sportgetraenk-50-portionen-packung-beeren-geschmack\\\/\"]}]},{\"@type\":\"ImageObject\",\"inLanguage\":\"de\",\"@id\":\"https:\\\/\\\/marktxxl.de\\\/markt\\\/produkt\\\/tailwind-nutrition-isotonisches-sportgetraenk-50-portionen-packung-beeren-geschmack\\\/#primaryimage\",\"url\":\"https:\\\/\\\/m.media-amazon.com\\\/images\\\/I\\\/315lj4xhnHL._SL500_.jpg\",\"contentUrl\":\"https:\\\/\\\/m.media-amazon.com\\\/images\\\/I\\\/315lj4xhnHL._SL500_.jpg\",\"width\":500,\"height\":500},{\"@type\":\"BreadcrumbList\",\"@id\":\"https:\\\/\\\/marktxxl.de\\\/markt\\\/produkt\\\/tailwind-nutrition-isotonisches-sportgetraenk-50-portionen-packung-beeren-geschmack\\\/#breadcrumb\",\"itemListElement\":[{\"@type\":\"ListItem\",\"position\":1,\"name\":\"Startseite\",\"item\":\"https:\\\/\\\/marktxxl.de\\\/markt\\\/\"},{\"@type\":\"ListItem\",\"position\":2,\"name\":\"Markt\",\"item\":\"https:\\\/\\\/marktxxl.de\\\/markt\\\/\"},{\"@type\":\"ListItem\",\"position\":3,\"name\":\"Tailwind Nutrition Isotonisches Sportgetr\u00e4nk 50-Portionen Packung Beeren-Geschmack\"}]},{\"@type\":\"WebSite\",\"@id\":\"https:\\\/\\\/marktxxl.de\\\/markt\\\/#website\",\"url\":\"https:\\\/\\\/marktxxl.de\\\/markt\\\/\",\"name\":\"Markt-XXL\",\"description\":\"Ihr Markt Online\",\"publisher\":{\"@id\":\"https:\\\/\\\/marktxxl.de\\\/markt\\\/#organization\"},\"potentialAction\":[{\"@type\":\"SearchAction\",\"target\":{\"@type\":\"EntryPoint\",\"urlTemplate\":\"https:\\\/\\\/marktxxl.de\\\/markt\\\/?s={search_term_string}\"},\"query-input\":{\"@type\":\"PropertyValueSpecification\",\"valueRequired\":true,\"valueName\":\"search_term_string\"}}],\"inLanguage\":\"de\"},{\"@type\":\"Organization\",\"@id\":\"https:\\\/\\\/marktxxl.de\\\/markt\\\/#organization\",\"name\":\"Markt-XXL\",\"url\":\"https:\\\/\\\/marktxxl.de\\\/markt\\\/\",\"logo\":{\"@type\":\"ImageObject\",\"inLanguage\":\"de\",\"@id\":\"https:\\\/\\\/marktxxl.de\\\/markt\\\/#\\\/schema\\\/logo\\\/image\\\/\",\"url\":\"https:\\\/\\\/marktxxl.de\\\/markt\\\/wp-content\\\/uploads\\\/sites\\\/3\\\/2020\\\/12\\\/logo.png\",\"contentUrl\":\"https:\\\/\\\/marktxxl.de\\\/markt\\\/wp-content\\\/uploads\\\/sites\\\/3\\\/2020\\\/12\\\/logo.png\",\"width\":200,\"height\":70,\"caption\":\"Markt-XXL\"},\"image\":{\"@id\":\"https:\\\/\\\/marktxxl.de\\\/markt\\\/#\\\/schema\\\/logo\\\/image\\\/\"}}]}<\/script>\n<!-- \/ Yoast SEO plugin. -->","yoast_head_json":{"title":"Tailwind Nutrition Isotonisches Sportgetr\u00e4nk 50-Portionen Packung Beeren-Geschmack - Markt-XXL","description":"Markt-XXL Tailwind Nutrition Isotonisches Sportgetr\u00e4nk 50-Portionen Packung Beeren-Geschmack","robots":{"index":"index","follow":"follow","max-snippet":"max-snippet:-1","max-image-preview":"max-image-preview:large","max-video-preview":"max-video-preview:-1"},"canonical":"https:\/\/marktxxl.de\/markt\/produkt\/tailwind-nutrition-isotonisches-sportgetraenk-50-portionen-packung-beeren-geschmack\/","og_locale":"de_DE","og_type":"article","og_title":"Tailwind Nutrition Isotonisches Sportgetr\u00e4nk 50-Portionen Packung Beeren-Geschmack - Markt-XXL","og_description":"Markt-XXL Tailwind Nutrition Isotonisches Sportgetr\u00e4nk 50-Portionen Packung Beeren-Geschmack","og_url":"https:\/\/marktxxl.de\/markt\/produkt\/tailwind-nutrition-isotonisches-sportgetraenk-50-portionen-packung-beeren-geschmack\/","og_site_name":"Markt-XXL","article_modified_time":"2023-04-10T02:30:27+00:00","og_image":[{"width":500,"height":500,"url":"https:\/\/m.media-amazon.com\/images\/I\/315lj4xhnHL._SL500_.jpg","type":"image\/jpeg"}],"twitter_card":"summary_large_image","twitter_misc":{"Gesch\u00e4tzte Lesezeit":"1\u00a0Minute"},"schema":{"@context":"https:\/\/schema.org","@graph":[{"@type":"WebPage","@id":"https:\/\/marktxxl.de\/markt\/produkt\/tailwind-nutrition-isotonisches-sportgetraenk-50-portionen-packung-beeren-geschmack\/","url":"https:\/\/marktxxl.de\/markt\/produkt\/tailwind-nutrition-isotonisches-sportgetraenk-50-portionen-packung-beeren-geschmack\/","name":"Tailwind Nutrition Isotonisches Sportgetr\u00e4nk 50-Portionen Packung Beeren-Geschmack - Markt-XXL","isPartOf":{"@id":"https:\/\/marktxxl.de\/markt\/#website"},"primaryImageOfPage":{"@id":"https:\/\/marktxxl.de\/markt\/produkt\/tailwind-nutrition-isotonisches-sportgetraenk-50-portionen-packung-beeren-geschmack\/#primaryimage"},"image":{"@id":"https:\/\/marktxxl.de\/markt\/produkt\/tailwind-nutrition-isotonisches-sportgetraenk-50-portionen-packung-beeren-geschmack\/#primaryimage"},"thumbnailUrl":"https:\/\/m.media-amazon.com\/images\/I\/315lj4xhnHL._SL500_.jpg","datePublished":"2022-08-13T06:02:16+00:00","dateModified":"2023-04-10T02:30:27+00:00","description":"Markt-XXL Tailwind Nutrition Isotonisches Sportgetr\u00e4nk 50-Portionen Packung Beeren-Geschmack","breadcrumb":{"@id":"https:\/\/marktxxl.de\/markt\/produkt\/tailwind-nutrition-isotonisches-sportgetraenk-50-portionen-packung-beeren-geschmack\/#breadcrumb"},"inLanguage":"de","potentialAction":[{"@type":"ReadAction","target":["https:\/\/marktxxl.de\/markt\/produkt\/tailwind-nutrition-isotonisches-sportgetraenk-50-portionen-packung-beeren-geschmack\/"]}]},{"@type":"ImageObject","inLanguage":"de","@id":"https:\/\/marktxxl.de\/markt\/produkt\/tailwind-nutrition-isotonisches-sportgetraenk-50-portionen-packung-beeren-geschmack\/#primaryimage","url":"https:\/\/m.media-amazon.com\/images\/I\/315lj4xhnHL._SL500_.jpg","contentUrl":"https:\/\/m.media-amazon.com\/images\/I\/315lj4xhnHL._SL500_.jpg","width":500,"height":500},{"@type":"BreadcrumbList","@id":"https:\/\/marktxxl.de\/markt\/produkt\/tailwind-nutrition-isotonisches-sportgetraenk-50-portionen-packung-beeren-geschmack\/#breadcrumb","itemListElement":[{"@type":"ListItem","position":1,"name":"Startseite","item":"https:\/\/marktxxl.de\/markt\/"},{"@type":"ListItem","position":2,"name":"Markt","item":"https:\/\/marktxxl.de\/markt\/"},{"@type":"ListItem","position":3,"name":"Tailwind Nutrition Isotonisches Sportgetr\u00e4nk 50-Portionen Packung Beeren-Geschmack"}]},{"@type":"WebSite","@id":"https:\/\/marktxxl.de\/markt\/#website","url":"https:\/\/marktxxl.de\/markt\/","name":"Markt-XXL","description":"Ihr Markt Online","publisher":{"@id":"https:\/\/marktxxl.de\/markt\/#organization"},"potentialAction":[{"@type":"SearchAction","target":{"@type":"EntryPoint","urlTemplate":"https:\/\/marktxxl.de\/markt\/?s={search_term_string}"},"query-input":{"@type":"PropertyValueSpecification","valueRequired":true,"valueName":"search_term_string"}}],"inLanguage":"de"},{"@type":"Organization","@id":"https:\/\/marktxxl.de\/markt\/#organization","name":"Markt-XXL","url":"https:\/\/marktxxl.de\/markt\/","logo":{"@type":"ImageObject","inLanguage":"de","@id":"https:\/\/marktxxl.de\/markt\/#\/schema\/logo\/image\/","url":"https:\/\/marktxxl.de\/markt\/wp-content\/uploads\/sites\/3\/2020\/12\/logo.png","contentUrl":"https:\/\/marktxxl.de\/markt\/wp-content\/uploads\/sites\/3\/2020\/12\/logo.png","width":200,"height":70,"caption":"Markt-XXL"},"image":{"@id":"https:\/\/marktxxl.de\/markt\/#\/schema\/logo\/image\/"}}]}},"_links":{"self":[{"href":"https:\/\/marktxxl.de\/markt\/wp-json\/wp\/v2\/product\/145775","targetHints":{"allow":["GET"]}}],"collection":[{"href":"https:\/\/marktxxl.de\/markt\/wp-json\/wp\/v2\/product"}],"about":[{"href":"https:\/\/marktxxl.de\/markt\/wp-json\/wp\/v2\/types\/product"}],"replies":[{"embeddable":true,"href":"https:\/\/marktxxl.de\/markt\/wp-json\/wp\/v2\/comments?post=145775"}],"wp:featuredmedia":[{"embeddable":true,"href":"https:\/\/marktxxl.de\/markt\/wp-json\/wp\/v2\/media\/145776"}],"wp:attachment":[{"href":"https:\/\/marktxxl.de\/markt\/wp-json\/wp\/v2\/media?parent=145775"}],"wp:term":[{"taxonomy":"product_brand","embeddable":true,"href":"https:\/\/marktxxl.de\/markt\/wp-json\/wp\/v2\/product_brand?post=145775"},{"taxonomy":"product_cat","embeddable":true,"href":"https:\/\/marktxxl.de\/markt\/wp-json\/wp\/v2\/product_cat?post=145775"},{"taxonomy":"product_tag","embeddable":true,"href":"https:\/\/marktxxl.de\/markt\/wp-json\/wp\/v2\/product_tag?post=145775"}],"curies":[{"name":"wp","href":"https:\/\/api.w.org\/{rel}","templated":true}]}}