{"id":145655,"date":"2022-08-13T07:56:15","date_gmt":"2022-08-13T05:56:15","guid":{"rendered":"https:\/\/marktxxl.de\/markt\/produkt\/tablett-mit-zaehlfunktion-fuer-die-rechte-hand-mit-spatel-violett\/"},"modified":"2023-04-10T04:30:25","modified_gmt":"2023-04-10T02:30:25","slug":"tablett-mit-zaehlfunktion-fuer-die-rechte-hand-mit-spatel-violett","status":"publish","type":"product","link":"https:\/\/marktxxl.de\/markt\/produkt\/tablett-mit-zaehlfunktion-fuer-die-rechte-hand-mit-spatel-violett\/","title":{"rendered":"Tablett mit Z\u00e4hlfunktion f\u00fcr die rechte Hand, mit Spatel, Violett"},"content":{"rendered":"<p> \u2705<\/p>\n<p>Dual Channel Design: Channel in lower left corner is for pouring the pills\/tablets into daily pill box. Channel in top right corner is for pouring the rest pill back into original pill vial. Hands will not touch pills in whole counting process, making pill counting work more sanitary &amp; efficient.<\/p>\n<p> \u2705<\/p>\n<p>Ergonomic in L shape Spatula: Help counting pills more comfortable, especially for elder, hand disease patient &amp; longtime working people.<\/p>\n<p> \u2705<\/p>\n<p>FOOD GRADE WITH TUV CERTIFIED &amp; BPA FREE PLASTIC: Non-smell, Non-toxic, robust, heavy-duty hinges with metal pins for durability, long life.<\/p>\n<p> \u2705<\/p>\n<p>Various color options to choose from: Classical Blue, Clear, Green, Light Green, Purple, White, and Black. Different color counting tray will be applied on different color pills counting.<\/p>\n<p> \u2705<\/p>\n<p>\u3010Customer Satisfaction Guarantee\u3011If you are not 100% satisfy with the purchase for any reason, don&#8217;t hesitate to contact us to request a refund or replacement.<br \/>\n<div class=\"main-cross-sell\" data-asin=\"B07C5WM4RW\">\n\n\t<div class=\"WooZone-cross-sell-loader\">\n\t\t<div>\n\t\t\t<div id=\"floatingBarsG\">\n\t\t\t\t<div class=\"blockG\" id=\"rotateG_01\"><\/div>\n\t\t\t\t<div class=\"blockG\" id=\"rotateG_02\"><\/div>\n\t\t\t\t<div class=\"blockG\" id=\"rotateG_03\"><\/div>\n\t\t\t\t<div class=\"blockG\" id=\"rotateG_04\"><\/div>\n\t\t\t\t<div class=\"blockG\" id=\"rotateG_05\"><\/div>\n\t\t\t\t<div class=\"blockG\" id=\"rotateG_06\"><\/div>\n\t\t\t\t<div class=\"blockG\" id=\"rotateG_07\"><\/div>\n\t\t\t\t<div class=\"blockG\" id=\"rotateG_08\"><\/div>\n\t\t\t<\/div>\n\t\t\t<div class=\"WooZone-cross-sell-loader-text\"><\/div>\n\t\t<\/div>\n\t<\/div>\n\n\t\t\n<\/div>\n<div style=\"clear:both;\"><\/div><\/p>\n","protected":false},"excerpt":{"rendered":"<p> \u2705Dual Channel Design: Channel in lower left corner is for pouring the pills\/tablets into daily pill box. Channel in top right corner is for pouring the rest pill back into original pill vial. Hands will not touch pills in whole counting process, making pill counting work more sanitary &amp; efficient.<br \/>\n \u2705Ergonomic in L shape Spatula: Help counting pills more comfortable, especially for elder, hand disease patient &amp; longtime working people.<br \/>\n \u2705FOOD GRADE WITH TUV CERTIFIED &amp; BPA FREE PLASTIC: Non-smell, Non-toxic, robust, heavy-duty hinges with metal pins for durability, long life.<\/p>\n","protected":false},"featured_media":145656,"comment_status":"open","ping_status":"closed","template":"","meta":[],"product_brand":[],"product_cat":[566,5932],"product_tag":[],"class_list":{"0":"post-145655","1":"product","2":"type-product","3":"status-publish","4":"has-post-thumbnail","6":"product_cat-drogerie-koerperpflege","7":"product_cat-mobilitaetshilfen-zubehoer","8":"pa_binding-badartikel","9":"pa_brand-medarchitect","10":"pa_manufacturer-med-source-direct","11":"pa_weight-0-22487150724-pfund","13":"first","14":"instock","15":"shipping-taxable","16":"purchasable","17":"product-type-simple","18":"customify-col","19":"product-has-gallery"},"yoast_head":"<!-- This site is optimized with the Yoast SEO plugin v27.4 - https:\/\/yoast.com\/product\/yoast-seo-wordpress\/ -->\n<title>Tablett mit Z\u00e4hlfunktion f\u00fcr die rechte Hand, mit Spatel, Violett - Markt-XXL<\/title>\n<meta name=\"description\" content=\"Markt-XXL Tablett mit Z\u00e4hlfunktion f\u00fcr die rechte Hand, mit Spatel, Violett\" \/>\n<meta name=\"robots\" content=\"index, follow, max-snippet:-1, max-image-preview:large, max-video-preview:-1\" \/>\n<link rel=\"canonical\" href=\"https:\/\/marktxxl.de\/markt\/produkt\/tablett-mit-zaehlfunktion-fuer-die-rechte-hand-mit-spatel-violett\/\" \/>\n<meta property=\"og:locale\" content=\"de_DE\" \/>\n<meta property=\"og:type\" content=\"article\" \/>\n<meta property=\"og:title\" content=\"Tablett mit Z\u00e4hlfunktion f\u00fcr die rechte Hand, mit Spatel, Violett - Markt-XXL\" \/>\n<meta property=\"og:description\" content=\"Markt-XXL Tablett mit Z\u00e4hlfunktion f\u00fcr die rechte Hand, mit Spatel, Violett\" \/>\n<meta property=\"og:url\" content=\"https:\/\/marktxxl.de\/markt\/produkt\/tablett-mit-zaehlfunktion-fuer-die-rechte-hand-mit-spatel-violett\/\" \/>\n<meta property=\"og:site_name\" content=\"Markt-XXL\" \/>\n<meta property=\"article:modified_time\" content=\"2023-04-10T02:30:25+00:00\" \/>\n<meta property=\"og:image\" content=\"https:\/\/m.media-amazon.com\/images\/I\/415xxe1GbML._SL500_.jpg\" \/>\n\t<meta property=\"og:image:width\" content=\"500\" \/>\n\t<meta property=\"og:image:height\" content=\"500\" \/>\n\t<meta property=\"og:image:type\" content=\"image\/jpeg\" \/>\n<meta name=\"twitter:card\" content=\"summary_large_image\" \/>\n<meta name=\"twitter:label1\" content=\"Gesch\u00e4tzte Lesezeit\" \/>\n\t<meta name=\"twitter:data1\" content=\"1\u00a0Minute\" \/>\n<script type=\"application\/ld+json\" class=\"yoast-schema-graph\">{\"@context\":\"https:\\\/\\\/schema.org\",\"@graph\":[{\"@type\":\"WebPage\",\"@id\":\"https:\\\/\\\/marktxxl.de\\\/markt\\\/produkt\\\/tablett-mit-zaehlfunktion-fuer-die-rechte-hand-mit-spatel-violett\\\/\",\"url\":\"https:\\\/\\\/marktxxl.de\\\/markt\\\/produkt\\\/tablett-mit-zaehlfunktion-fuer-die-rechte-hand-mit-spatel-violett\\\/\",\"name\":\"Tablett mit Z\u00e4hlfunktion f\u00fcr die rechte Hand, mit Spatel, Violett - Markt-XXL\",\"isPartOf\":{\"@id\":\"https:\\\/\\\/marktxxl.de\\\/markt\\\/#website\"},\"primaryImageOfPage\":{\"@id\":\"https:\\\/\\\/marktxxl.de\\\/markt\\\/produkt\\\/tablett-mit-zaehlfunktion-fuer-die-rechte-hand-mit-spatel-violett\\\/#primaryimage\"},\"image\":{\"@id\":\"https:\\\/\\\/marktxxl.de\\\/markt\\\/produkt\\\/tablett-mit-zaehlfunktion-fuer-die-rechte-hand-mit-spatel-violett\\\/#primaryimage\"},\"thumbnailUrl\":\"https:\\\/\\\/m.media-amazon.com\\\/images\\\/I\\\/415xxe1GbML._SL500_.jpg\",\"datePublished\":\"2022-08-13T05:56:15+00:00\",\"dateModified\":\"2023-04-10T02:30:25+00:00\",\"description\":\"Markt-XXL Tablett mit Z\u00e4hlfunktion f\u00fcr die rechte Hand, mit Spatel, Violett\",\"breadcrumb\":{\"@id\":\"https:\\\/\\\/marktxxl.de\\\/markt\\\/produkt\\\/tablett-mit-zaehlfunktion-fuer-die-rechte-hand-mit-spatel-violett\\\/#breadcrumb\"},\"inLanguage\":\"de\",\"potentialAction\":[{\"@type\":\"ReadAction\",\"target\":[\"https:\\\/\\\/marktxxl.de\\\/markt\\\/produkt\\\/tablett-mit-zaehlfunktion-fuer-die-rechte-hand-mit-spatel-violett\\\/\"]}]},{\"@type\":\"ImageObject\",\"inLanguage\":\"de\",\"@id\":\"https:\\\/\\\/marktxxl.de\\\/markt\\\/produkt\\\/tablett-mit-zaehlfunktion-fuer-die-rechte-hand-mit-spatel-violett\\\/#primaryimage\",\"url\":\"https:\\\/\\\/m.media-amazon.com\\\/images\\\/I\\\/415xxe1GbML._SL500_.jpg\",\"contentUrl\":\"https:\\\/\\\/m.media-amazon.com\\\/images\\\/I\\\/415xxe1GbML._SL500_.jpg\",\"width\":500,\"height\":500},{\"@type\":\"BreadcrumbList\",\"@id\":\"https:\\\/\\\/marktxxl.de\\\/markt\\\/produkt\\\/tablett-mit-zaehlfunktion-fuer-die-rechte-hand-mit-spatel-violett\\\/#breadcrumb\",\"itemListElement\":[{\"@type\":\"ListItem\",\"position\":1,\"name\":\"Startseite\",\"item\":\"https:\\\/\\\/marktxxl.de\\\/markt\\\/\"},{\"@type\":\"ListItem\",\"position\":2,\"name\":\"Markt\",\"item\":\"https:\\\/\\\/marktxxl.de\\\/markt\\\/\"},{\"@type\":\"ListItem\",\"position\":3,\"name\":\"Tablett mit Z\u00e4hlfunktion f\u00fcr die rechte Hand, mit Spatel, Violett\"}]},{\"@type\":\"WebSite\",\"@id\":\"https:\\\/\\\/marktxxl.de\\\/markt\\\/#website\",\"url\":\"https:\\\/\\\/marktxxl.de\\\/markt\\\/\",\"name\":\"Markt-XXL\",\"description\":\"Ihr Markt Online\",\"publisher\":{\"@id\":\"https:\\\/\\\/marktxxl.de\\\/markt\\\/#organization\"},\"potentialAction\":[{\"@type\":\"SearchAction\",\"target\":{\"@type\":\"EntryPoint\",\"urlTemplate\":\"https:\\\/\\\/marktxxl.de\\\/markt\\\/?s={search_term_string}\"},\"query-input\":{\"@type\":\"PropertyValueSpecification\",\"valueRequired\":true,\"valueName\":\"search_term_string\"}}],\"inLanguage\":\"de\"},{\"@type\":\"Organization\",\"@id\":\"https:\\\/\\\/marktxxl.de\\\/markt\\\/#organization\",\"name\":\"Markt-XXL\",\"url\":\"https:\\\/\\\/marktxxl.de\\\/markt\\\/\",\"logo\":{\"@type\":\"ImageObject\",\"inLanguage\":\"de\",\"@id\":\"https:\\\/\\\/marktxxl.de\\\/markt\\\/#\\\/schema\\\/logo\\\/image\\\/\",\"url\":\"https:\\\/\\\/marktxxl.de\\\/markt\\\/wp-content\\\/uploads\\\/sites\\\/3\\\/2020\\\/12\\\/logo.png\",\"contentUrl\":\"https:\\\/\\\/marktxxl.de\\\/markt\\\/wp-content\\\/uploads\\\/sites\\\/3\\\/2020\\\/12\\\/logo.png\",\"width\":200,\"height\":70,\"caption\":\"Markt-XXL\"},\"image\":{\"@id\":\"https:\\\/\\\/marktxxl.de\\\/markt\\\/#\\\/schema\\\/logo\\\/image\\\/\"}}]}<\/script>\n<!-- \/ Yoast SEO plugin. -->","yoast_head_json":{"title":"Tablett mit Z\u00e4hlfunktion f\u00fcr die rechte Hand, mit Spatel, Violett - Markt-XXL","description":"Markt-XXL Tablett mit Z\u00e4hlfunktion f\u00fcr die rechte Hand, mit Spatel, Violett","robots":{"index":"index","follow":"follow","max-snippet":"max-snippet:-1","max-image-preview":"max-image-preview:large","max-video-preview":"max-video-preview:-1"},"canonical":"https:\/\/marktxxl.de\/markt\/produkt\/tablett-mit-zaehlfunktion-fuer-die-rechte-hand-mit-spatel-violett\/","og_locale":"de_DE","og_type":"article","og_title":"Tablett mit Z\u00e4hlfunktion f\u00fcr die rechte Hand, mit Spatel, Violett - Markt-XXL","og_description":"Markt-XXL Tablett mit Z\u00e4hlfunktion f\u00fcr die rechte Hand, mit Spatel, Violett","og_url":"https:\/\/marktxxl.de\/markt\/produkt\/tablett-mit-zaehlfunktion-fuer-die-rechte-hand-mit-spatel-violett\/","og_site_name":"Markt-XXL","article_modified_time":"2023-04-10T02:30:25+00:00","og_image":[{"width":500,"height":500,"url":"https:\/\/m.media-amazon.com\/images\/I\/415xxe1GbML._SL500_.jpg","type":"image\/jpeg"}],"twitter_card":"summary_large_image","twitter_misc":{"Gesch\u00e4tzte Lesezeit":"1\u00a0Minute"},"schema":{"@context":"https:\/\/schema.org","@graph":[{"@type":"WebPage","@id":"https:\/\/marktxxl.de\/markt\/produkt\/tablett-mit-zaehlfunktion-fuer-die-rechte-hand-mit-spatel-violett\/","url":"https:\/\/marktxxl.de\/markt\/produkt\/tablett-mit-zaehlfunktion-fuer-die-rechte-hand-mit-spatel-violett\/","name":"Tablett mit Z\u00e4hlfunktion f\u00fcr die rechte Hand, mit Spatel, Violett - Markt-XXL","isPartOf":{"@id":"https:\/\/marktxxl.de\/markt\/#website"},"primaryImageOfPage":{"@id":"https:\/\/marktxxl.de\/markt\/produkt\/tablett-mit-zaehlfunktion-fuer-die-rechte-hand-mit-spatel-violett\/#primaryimage"},"image":{"@id":"https:\/\/marktxxl.de\/markt\/produkt\/tablett-mit-zaehlfunktion-fuer-die-rechte-hand-mit-spatel-violett\/#primaryimage"},"thumbnailUrl":"https:\/\/m.media-amazon.com\/images\/I\/415xxe1GbML._SL500_.jpg","datePublished":"2022-08-13T05:56:15+00:00","dateModified":"2023-04-10T02:30:25+00:00","description":"Markt-XXL Tablett mit Z\u00e4hlfunktion f\u00fcr die rechte Hand, mit Spatel, Violett","breadcrumb":{"@id":"https:\/\/marktxxl.de\/markt\/produkt\/tablett-mit-zaehlfunktion-fuer-die-rechte-hand-mit-spatel-violett\/#breadcrumb"},"inLanguage":"de","potentialAction":[{"@type":"ReadAction","target":["https:\/\/marktxxl.de\/markt\/produkt\/tablett-mit-zaehlfunktion-fuer-die-rechte-hand-mit-spatel-violett\/"]}]},{"@type":"ImageObject","inLanguage":"de","@id":"https:\/\/marktxxl.de\/markt\/produkt\/tablett-mit-zaehlfunktion-fuer-die-rechte-hand-mit-spatel-violett\/#primaryimage","url":"https:\/\/m.media-amazon.com\/images\/I\/415xxe1GbML._SL500_.jpg","contentUrl":"https:\/\/m.media-amazon.com\/images\/I\/415xxe1GbML._SL500_.jpg","width":500,"height":500},{"@type":"BreadcrumbList","@id":"https:\/\/marktxxl.de\/markt\/produkt\/tablett-mit-zaehlfunktion-fuer-die-rechte-hand-mit-spatel-violett\/#breadcrumb","itemListElement":[{"@type":"ListItem","position":1,"name":"Startseite","item":"https:\/\/marktxxl.de\/markt\/"},{"@type":"ListItem","position":2,"name":"Markt","item":"https:\/\/marktxxl.de\/markt\/"},{"@type":"ListItem","position":3,"name":"Tablett mit Z\u00e4hlfunktion f\u00fcr die rechte Hand, mit Spatel, Violett"}]},{"@type":"WebSite","@id":"https:\/\/marktxxl.de\/markt\/#website","url":"https:\/\/marktxxl.de\/markt\/","name":"Markt-XXL","description":"Ihr Markt Online","publisher":{"@id":"https:\/\/marktxxl.de\/markt\/#organization"},"potentialAction":[{"@type":"SearchAction","target":{"@type":"EntryPoint","urlTemplate":"https:\/\/marktxxl.de\/markt\/?s={search_term_string}"},"query-input":{"@type":"PropertyValueSpecification","valueRequired":true,"valueName":"search_term_string"}}],"inLanguage":"de"},{"@type":"Organization","@id":"https:\/\/marktxxl.de\/markt\/#organization","name":"Markt-XXL","url":"https:\/\/marktxxl.de\/markt\/","logo":{"@type":"ImageObject","inLanguage":"de","@id":"https:\/\/marktxxl.de\/markt\/#\/schema\/logo\/image\/","url":"https:\/\/marktxxl.de\/markt\/wp-content\/uploads\/sites\/3\/2020\/12\/logo.png","contentUrl":"https:\/\/marktxxl.de\/markt\/wp-content\/uploads\/sites\/3\/2020\/12\/logo.png","width":200,"height":70,"caption":"Markt-XXL"},"image":{"@id":"https:\/\/marktxxl.de\/markt\/#\/schema\/logo\/image\/"}}]}},"_links":{"self":[{"href":"https:\/\/marktxxl.de\/markt\/wp-json\/wp\/v2\/product\/145655","targetHints":{"allow":["GET"]}}],"collection":[{"href":"https:\/\/marktxxl.de\/markt\/wp-json\/wp\/v2\/product"}],"about":[{"href":"https:\/\/marktxxl.de\/markt\/wp-json\/wp\/v2\/types\/product"}],"replies":[{"embeddable":true,"href":"https:\/\/marktxxl.de\/markt\/wp-json\/wp\/v2\/comments?post=145655"}],"wp:featuredmedia":[{"embeddable":true,"href":"https:\/\/marktxxl.de\/markt\/wp-json\/wp\/v2\/media\/145656"}],"wp:attachment":[{"href":"https:\/\/marktxxl.de\/markt\/wp-json\/wp\/v2\/media?parent=145655"}],"wp:term":[{"taxonomy":"product_brand","embeddable":true,"href":"https:\/\/marktxxl.de\/markt\/wp-json\/wp\/v2\/product_brand?post=145655"},{"taxonomy":"product_cat","embeddable":true,"href":"https:\/\/marktxxl.de\/markt\/wp-json\/wp\/v2\/product_cat?post=145655"},{"taxonomy":"product_tag","embeddable":true,"href":"https:\/\/marktxxl.de\/markt\/wp-json\/wp\/v2\/product_tag?post=145655"}],"curies":[{"name":"wp","href":"https:\/\/api.w.org\/{rel}","templated":true}]}}