{"id":145603,"date":"2022-08-13T07:55:02","date_gmt":"2022-08-13T05:55:02","guid":{"rendered":"https:\/\/marktxxl.de\/markt\/produkt\/360-drehbarer-fernbedienungshalter-aus-pu-leder-schreibtisch-organizer-fuer-buerobedarf-drehbare-aufbewahrungsbox-fuer-stift-e-mail-telefon-dvd-blu-ray-media-player-tv-controller\/"},"modified":"2023-04-10T04:30:24","modified_gmt":"2023-04-10T02:30:24","slug":"360-drehbarer-fernbedienungshalter-aus-pu-leder-schreibtisch-organizer-fuer-buerobedarf-drehbare-aufbewahrungsbox-fuer-stift-e-mail-telefon-dvd-blu-ray-media-player-tv-controller","status":"publish","type":"product","link":"https:\/\/marktxxl.de\/markt\/produkt\/360-drehbarer-fernbedienungshalter-aus-pu-leder-schreibtisch-organizer-fuer-buerobedarf-drehbare-aufbewahrungsbox-fuer-stift-e-mail-telefon-dvd-blu-ray-media-player-tv-controller\/","title":{"rendered":"PUSU 360\u00b0 Drehbarer Fernbedienungshalter,TV-Fernbedienung aus PU Leder Schreibtisch-Organizer mit 5 F\u00e4chern f\u00fcr TV,DVD\u2026"},"content":{"rendered":"<p>PERFEKTE GR\u00d6SSE: Mit einer Breite von 7,4 Zoll, einer H\u00f6he von 7,4 Zoll und einer Tiefe von 5,3 Zoll ist dies eine sehr geeignete Gr\u00f6\u00dfe. Sie k\u00f6nnen es auf jede Arbeitsplatte stellen, ohne sich aufgebl\u00e4ht zu f\u00fchlen, genau wie ein B\u00fcro oder eine Wohnkultur<br \/>\nUM 360\u00b0 DREHBARER FERNBEDIENUNGS-CADDY: Unser ferngesteuerter Aufbewahrungsbeh\u00e4lter verf\u00fcgt \u00fcber eine leicht zu drehende, um 360\u00b0 drehbare Basis, die Ihnen einfachen Zugang zum Ablegen oder Mitnehmen von Gegenst\u00e4nden bietet, egal ob Sie ihn auf der Couch, dem Sessel, dem Tisch oder irgendwo in Ihrem Haus platzieren oder Wohnung<br \/>\nALLES IN EINEM SCHREIBTISCH-ORGANIZER: 5 F\u00e4cher, perfekte L\u00f6sung zur Aufbewahrung verschiedener Fernbedienungen f\u00fcr Kabelboxen, TV-Zubeh\u00f6r, Roku-Streaming-Stick, Apple TV, Amazon Fire TV, Soundbars usw. Auch eine gute Aufbewahrungsbox f\u00fcr B\u00fcrobedarf und Schreibwaren wie z Stifte, Schere, Handy etc.<br \/>\nSTARKE UND STABILE HALTERUNG: Hergestellt aus hochwertigem PU-Leder.Robuste MDF-Konstruktion, hervorragende Handarbeit.Rutschfest und wasserdicht,Leicht zu reinigen,\u00f6ffnen Sie einfach die Box und legen Sie sie auf Ihre Arbeitsplatte;<br \/>\nGROSSARTIG F\u00dcR JEDEN SCHREIBTISCH: Weit verbreitet f\u00fcr Tisch, Toilette, Esszimmer, Wohnzimmer, Arbeitszimmer, Schlafzimmer, Nachttisch und B\u00fcro Desktop-Organisation;<br \/>\n<div class=\"main-cross-sell\" data-asin=\"B07F41QNPM\">\n\n\t<div class=\"WooZone-cross-sell-loader\">\n\t\t<div>\n\t\t\t<div id=\"floatingBarsG\">\n\t\t\t\t<div class=\"blockG\" id=\"rotateG_01\"><\/div>\n\t\t\t\t<div class=\"blockG\" id=\"rotateG_02\"><\/div>\n\t\t\t\t<div class=\"blockG\" id=\"rotateG_03\"><\/div>\n\t\t\t\t<div class=\"blockG\" id=\"rotateG_04\"><\/div>\n\t\t\t\t<div class=\"blockG\" id=\"rotateG_05\"><\/div>\n\t\t\t\t<div class=\"blockG\" id=\"rotateG_06\"><\/div>\n\t\t\t\t<div class=\"blockG\" id=\"rotateG_07\"><\/div>\n\t\t\t\t<div class=\"blockG\" id=\"rotateG_08\"><\/div>\n\t\t\t<\/div>\n\t\t\t<div class=\"WooZone-cross-sell-loader-text\"><\/div>\n\t\t<\/div>\n\t<\/div>\n\n\t\t\n<\/div>\n<div style=\"clear:both;\"><\/div><\/p>\n","protected":false},"excerpt":{"rendered":"<p>PERFEKTE GR\u00d6SSE: Mit einer Breite von 7,4 Zoll, einer H\u00f6he von 7,4 Zoll und einer Tiefe von 5,3 Zoll ist dies eine sehr geeignete Gr\u00f6\u00dfe. Sie k\u00f6nnen es auf jede Arbeitsplatte stellen, ohne sich aufgebl\u00e4ht zu f\u00fchlen, genau wie ein B\u00fcro oder eine Wohnkultur<br \/>\nUM 360\u00b0 DREHBARER FERNBEDIENUNGS-CADDY: Unser ferngesteuerter Aufbewahrungsbeh\u00e4lter verf\u00fcgt \u00fcber eine leicht zu drehende, um 360\u00b0 drehbare Basis, die Ihnen einfachen Zugang zum Ablegen oder Mitnehmen von Gegenst\u00e4nden bietet, egal ob Sie ihn auf der Couch, dem Sessel, dem Tisch oder irgendwo in Ihrem Haus platzieren oder Wohnung<br \/>\nALLES IN EINEM SCHREIBTISCH-ORGANIZER: 5 F\u00e4cher, perfekte L\u00f6sung zur Aufbewahrung verschiedener Fernbedienungen f\u00fcr Kabelboxen, TV-Zubeh\u00f6r, Roku-Streaming-Stick, Apple TV, Amazon Fire TV, Soundbars usw. Auch eine gute Aufbewahrungsbox f\u00fcr B\u00fcrobedarf und Schreibwaren wie z Stifte, Schere, Handy etc.<\/p>\n","protected":false},"featured_media":145604,"comment_status":"open","ping_status":"closed","template":"","meta":[],"product_brand":[],"product_cat":[504,8284],"product_tag":[],"class_list":{"0":"post-145603","1":"product","2":"type-product","3":"status-publish","4":"has-post-thumbnail","6":"product_cat-buerobedarf-schreibwaren","7":"product_cat-bueromaterial","8":"pa_binding-buerobedarf-schreibwaren","9":"pa_brand-pusu","10":"pa_manufacturer-pusu","12":"first","13":"instock","14":"shipping-taxable","15":"purchasable","16":"product-type-simple","17":"customify-col","18":"product-has-gallery"},"yoast_head":"<!-- This site is optimized with the Yoast SEO plugin v27.4 - https:\/\/yoast.com\/product\/yoast-seo-wordpress\/ -->\n<title>PUSU 360\u00b0 Drehbarer Fernbedienungshalter,TV-Fernbedienung aus PU Leder Schreibtisch-Organizer mit 5 F\u00e4chern f\u00fcr TV,DVD\u2026 - Markt-XXL<\/title>\n<meta name=\"description\" content=\"Markt-XXL PUSU 360\u00b0 Drehbarer Fernbedienungshalter,TV-Fernbedienung aus PU Leder Schreibtisch-Organizer mit 5 F\u00e4chern f\u00fcr TV,DVD\u2026\" \/>\n<meta name=\"robots\" content=\"index, follow, max-snippet:-1, max-image-preview:large, max-video-preview:-1\" \/>\n<link rel=\"canonical\" href=\"https:\/\/marktxxl.de\/markt\/produkt\/360-drehbarer-fernbedienungshalter-aus-pu-leder-schreibtisch-organizer-fuer-buerobedarf-drehbare-aufbewahrungsbox-fuer-stift-e-mail-telefon-dvd-blu-ray-media-player-tv-controller\/\" \/>\n<meta property=\"og:locale\" content=\"de_DE\" \/>\n<meta property=\"og:type\" content=\"article\" \/>\n<meta property=\"og:title\" content=\"PUSU 360\u00b0 Drehbarer Fernbedienungshalter,TV-Fernbedienung aus PU Leder Schreibtisch-Organizer mit 5 F\u00e4chern f\u00fcr TV,DVD\u2026 - Markt-XXL\" \/>\n<meta property=\"og:description\" content=\"Markt-XXL PUSU 360\u00b0 Drehbarer Fernbedienungshalter,TV-Fernbedienung aus PU Leder Schreibtisch-Organizer mit 5 F\u00e4chern f\u00fcr TV,DVD\u2026\" \/>\n<meta property=\"og:url\" content=\"https:\/\/marktxxl.de\/markt\/produkt\/360-drehbarer-fernbedienungshalter-aus-pu-leder-schreibtisch-organizer-fuer-buerobedarf-drehbare-aufbewahrungsbox-fuer-stift-e-mail-telefon-dvd-blu-ray-media-player-tv-controller\/\" \/>\n<meta property=\"og:site_name\" content=\"Markt-XXL\" \/>\n<meta property=\"article:modified_time\" content=\"2023-04-10T02:30:24+00:00\" \/>\n<meta property=\"og:image\" content=\"https:\/\/m.media-amazon.com\/images\/I\/51Z-6djBl7L._SL500_.jpg\" \/>\n\t<meta property=\"og:image:width\" content=\"500\" \/>\n\t<meta property=\"og:image:height\" content=\"500\" \/>\n\t<meta property=\"og:image:type\" content=\"image\/jpeg\" \/>\n<meta name=\"twitter:card\" content=\"summary_large_image\" \/>\n<meta name=\"twitter:label1\" content=\"Gesch\u00e4tzte Lesezeit\" \/>\n\t<meta name=\"twitter:data1\" content=\"1\u00a0Minute\" \/>\n<script type=\"application\/ld+json\" class=\"yoast-schema-graph\">{\"@context\":\"https:\\\/\\\/schema.org\",\"@graph\":[{\"@type\":\"WebPage\",\"@id\":\"https:\\\/\\\/marktxxl.de\\\/markt\\\/produkt\\\/360-drehbarer-fernbedienungshalter-aus-pu-leder-schreibtisch-organizer-fuer-buerobedarf-drehbare-aufbewahrungsbox-fuer-stift-e-mail-telefon-dvd-blu-ray-media-player-tv-controller\\\/\",\"url\":\"https:\\\/\\\/marktxxl.de\\\/markt\\\/produkt\\\/360-drehbarer-fernbedienungshalter-aus-pu-leder-schreibtisch-organizer-fuer-buerobedarf-drehbare-aufbewahrungsbox-fuer-stift-e-mail-telefon-dvd-blu-ray-media-player-tv-controller\\\/\",\"name\":\"PUSU 360\u00b0 Drehbarer Fernbedienungshalter,TV-Fernbedienung aus PU Leder Schreibtisch-Organizer mit 5 F\u00e4chern f\u00fcr TV,DVD\u2026 - Markt-XXL\",\"isPartOf\":{\"@id\":\"https:\\\/\\\/marktxxl.de\\\/markt\\\/#website\"},\"primaryImageOfPage\":{\"@id\":\"https:\\\/\\\/marktxxl.de\\\/markt\\\/produkt\\\/360-drehbarer-fernbedienungshalter-aus-pu-leder-schreibtisch-organizer-fuer-buerobedarf-drehbare-aufbewahrungsbox-fuer-stift-e-mail-telefon-dvd-blu-ray-media-player-tv-controller\\\/#primaryimage\"},\"image\":{\"@id\":\"https:\\\/\\\/marktxxl.de\\\/markt\\\/produkt\\\/360-drehbarer-fernbedienungshalter-aus-pu-leder-schreibtisch-organizer-fuer-buerobedarf-drehbare-aufbewahrungsbox-fuer-stift-e-mail-telefon-dvd-blu-ray-media-player-tv-controller\\\/#primaryimage\"},\"thumbnailUrl\":\"https:\\\/\\\/m.media-amazon.com\\\/images\\\/I\\\/51Z-6djBl7L._SL500_.jpg\",\"datePublished\":\"2022-08-13T05:55:02+00:00\",\"dateModified\":\"2023-04-10T02:30:24+00:00\",\"description\":\"Markt-XXL PUSU 360\u00b0 Drehbarer Fernbedienungshalter,TV-Fernbedienung aus PU Leder Schreibtisch-Organizer mit 5 F\u00e4chern f\u00fcr TV,DVD\u2026\",\"breadcrumb\":{\"@id\":\"https:\\\/\\\/marktxxl.de\\\/markt\\\/produkt\\\/360-drehbarer-fernbedienungshalter-aus-pu-leder-schreibtisch-organizer-fuer-buerobedarf-drehbare-aufbewahrungsbox-fuer-stift-e-mail-telefon-dvd-blu-ray-media-player-tv-controller\\\/#breadcrumb\"},\"inLanguage\":\"de\",\"potentialAction\":[{\"@type\":\"ReadAction\",\"target\":[\"https:\\\/\\\/marktxxl.de\\\/markt\\\/produkt\\\/360-drehbarer-fernbedienungshalter-aus-pu-leder-schreibtisch-organizer-fuer-buerobedarf-drehbare-aufbewahrungsbox-fuer-stift-e-mail-telefon-dvd-blu-ray-media-player-tv-controller\\\/\"]}]},{\"@type\":\"ImageObject\",\"inLanguage\":\"de\",\"@id\":\"https:\\\/\\\/marktxxl.de\\\/markt\\\/produkt\\\/360-drehbarer-fernbedienungshalter-aus-pu-leder-schreibtisch-organizer-fuer-buerobedarf-drehbare-aufbewahrungsbox-fuer-stift-e-mail-telefon-dvd-blu-ray-media-player-tv-controller\\\/#primaryimage\",\"url\":\"https:\\\/\\\/m.media-amazon.com\\\/images\\\/I\\\/51Z-6djBl7L._SL500_.jpg\",\"contentUrl\":\"https:\\\/\\\/m.media-amazon.com\\\/images\\\/I\\\/51Z-6djBl7L._SL500_.jpg\",\"width\":500,\"height\":500},{\"@type\":\"BreadcrumbList\",\"@id\":\"https:\\\/\\\/marktxxl.de\\\/markt\\\/produkt\\\/360-drehbarer-fernbedienungshalter-aus-pu-leder-schreibtisch-organizer-fuer-buerobedarf-drehbare-aufbewahrungsbox-fuer-stift-e-mail-telefon-dvd-blu-ray-media-player-tv-controller\\\/#breadcrumb\",\"itemListElement\":[{\"@type\":\"ListItem\",\"position\":1,\"name\":\"Startseite\",\"item\":\"https:\\\/\\\/marktxxl.de\\\/markt\\\/\"},{\"@type\":\"ListItem\",\"position\":2,\"name\":\"Markt\",\"item\":\"https:\\\/\\\/marktxxl.de\\\/markt\\\/\"},{\"@type\":\"ListItem\",\"position\":3,\"name\":\"PUSU 360\u00b0 Drehbarer Fernbedienungshalter,TV-Fernbedienung aus PU Leder Schreibtisch-Organizer mit 5 F\u00e4chern f\u00fcr TV,DVD\u2026\"}]},{\"@type\":\"WebSite\",\"@id\":\"https:\\\/\\\/marktxxl.de\\\/markt\\\/#website\",\"url\":\"https:\\\/\\\/marktxxl.de\\\/markt\\\/\",\"name\":\"Markt-XXL\",\"description\":\"Ihr Markt Online\",\"publisher\":{\"@id\":\"https:\\\/\\\/marktxxl.de\\\/markt\\\/#organization\"},\"potentialAction\":[{\"@type\":\"SearchAction\",\"target\":{\"@type\":\"EntryPoint\",\"urlTemplate\":\"https:\\\/\\\/marktxxl.de\\\/markt\\\/?s={search_term_string}\"},\"query-input\":{\"@type\":\"PropertyValueSpecification\",\"valueRequired\":true,\"valueName\":\"search_term_string\"}}],\"inLanguage\":\"de\"},{\"@type\":\"Organization\",\"@id\":\"https:\\\/\\\/marktxxl.de\\\/markt\\\/#organization\",\"name\":\"Markt-XXL\",\"url\":\"https:\\\/\\\/marktxxl.de\\\/markt\\\/\",\"logo\":{\"@type\":\"ImageObject\",\"inLanguage\":\"de\",\"@id\":\"https:\\\/\\\/marktxxl.de\\\/markt\\\/#\\\/schema\\\/logo\\\/image\\\/\",\"url\":\"https:\\\/\\\/marktxxl.de\\\/markt\\\/wp-content\\\/uploads\\\/sites\\\/3\\\/2020\\\/12\\\/logo.png\",\"contentUrl\":\"https:\\\/\\\/marktxxl.de\\\/markt\\\/wp-content\\\/uploads\\\/sites\\\/3\\\/2020\\\/12\\\/logo.png\",\"width\":200,\"height\":70,\"caption\":\"Markt-XXL\"},\"image\":{\"@id\":\"https:\\\/\\\/marktxxl.de\\\/markt\\\/#\\\/schema\\\/logo\\\/image\\\/\"}}]}<\/script>\n<!-- \/ Yoast SEO plugin. -->","yoast_head_json":{"title":"PUSU 360\u00b0 Drehbarer Fernbedienungshalter,TV-Fernbedienung aus PU Leder Schreibtisch-Organizer mit 5 F\u00e4chern f\u00fcr TV,DVD\u2026 - Markt-XXL","description":"Markt-XXL PUSU 360\u00b0 Drehbarer Fernbedienungshalter,TV-Fernbedienung aus PU Leder Schreibtisch-Organizer mit 5 F\u00e4chern f\u00fcr TV,DVD\u2026","robots":{"index":"index","follow":"follow","max-snippet":"max-snippet:-1","max-image-preview":"max-image-preview:large","max-video-preview":"max-video-preview:-1"},"canonical":"https:\/\/marktxxl.de\/markt\/produkt\/360-drehbarer-fernbedienungshalter-aus-pu-leder-schreibtisch-organizer-fuer-buerobedarf-drehbare-aufbewahrungsbox-fuer-stift-e-mail-telefon-dvd-blu-ray-media-player-tv-controller\/","og_locale":"de_DE","og_type":"article","og_title":"PUSU 360\u00b0 Drehbarer Fernbedienungshalter,TV-Fernbedienung aus PU Leder Schreibtisch-Organizer mit 5 F\u00e4chern f\u00fcr TV,DVD\u2026 - Markt-XXL","og_description":"Markt-XXL PUSU 360\u00b0 Drehbarer Fernbedienungshalter,TV-Fernbedienung aus PU Leder Schreibtisch-Organizer mit 5 F\u00e4chern f\u00fcr TV,DVD\u2026","og_url":"https:\/\/marktxxl.de\/markt\/produkt\/360-drehbarer-fernbedienungshalter-aus-pu-leder-schreibtisch-organizer-fuer-buerobedarf-drehbare-aufbewahrungsbox-fuer-stift-e-mail-telefon-dvd-blu-ray-media-player-tv-controller\/","og_site_name":"Markt-XXL","article_modified_time":"2023-04-10T02:30:24+00:00","og_image":[{"width":500,"height":500,"url":"https:\/\/m.media-amazon.com\/images\/I\/51Z-6djBl7L._SL500_.jpg","type":"image\/jpeg"}],"twitter_card":"summary_large_image","twitter_misc":{"Gesch\u00e4tzte Lesezeit":"1\u00a0Minute"},"schema":{"@context":"https:\/\/schema.org","@graph":[{"@type":"WebPage","@id":"https:\/\/marktxxl.de\/markt\/produkt\/360-drehbarer-fernbedienungshalter-aus-pu-leder-schreibtisch-organizer-fuer-buerobedarf-drehbare-aufbewahrungsbox-fuer-stift-e-mail-telefon-dvd-blu-ray-media-player-tv-controller\/","url":"https:\/\/marktxxl.de\/markt\/produkt\/360-drehbarer-fernbedienungshalter-aus-pu-leder-schreibtisch-organizer-fuer-buerobedarf-drehbare-aufbewahrungsbox-fuer-stift-e-mail-telefon-dvd-blu-ray-media-player-tv-controller\/","name":"PUSU 360\u00b0 Drehbarer Fernbedienungshalter,TV-Fernbedienung aus PU Leder Schreibtisch-Organizer mit 5 F\u00e4chern f\u00fcr TV,DVD\u2026 - Markt-XXL","isPartOf":{"@id":"https:\/\/marktxxl.de\/markt\/#website"},"primaryImageOfPage":{"@id":"https:\/\/marktxxl.de\/markt\/produkt\/360-drehbarer-fernbedienungshalter-aus-pu-leder-schreibtisch-organizer-fuer-buerobedarf-drehbare-aufbewahrungsbox-fuer-stift-e-mail-telefon-dvd-blu-ray-media-player-tv-controller\/#primaryimage"},"image":{"@id":"https:\/\/marktxxl.de\/markt\/produkt\/360-drehbarer-fernbedienungshalter-aus-pu-leder-schreibtisch-organizer-fuer-buerobedarf-drehbare-aufbewahrungsbox-fuer-stift-e-mail-telefon-dvd-blu-ray-media-player-tv-controller\/#primaryimage"},"thumbnailUrl":"https:\/\/m.media-amazon.com\/images\/I\/51Z-6djBl7L._SL500_.jpg","datePublished":"2022-08-13T05:55:02+00:00","dateModified":"2023-04-10T02:30:24+00:00","description":"Markt-XXL PUSU 360\u00b0 Drehbarer Fernbedienungshalter,TV-Fernbedienung aus PU Leder Schreibtisch-Organizer mit 5 F\u00e4chern f\u00fcr TV,DVD\u2026","breadcrumb":{"@id":"https:\/\/marktxxl.de\/markt\/produkt\/360-drehbarer-fernbedienungshalter-aus-pu-leder-schreibtisch-organizer-fuer-buerobedarf-drehbare-aufbewahrungsbox-fuer-stift-e-mail-telefon-dvd-blu-ray-media-player-tv-controller\/#breadcrumb"},"inLanguage":"de","potentialAction":[{"@type":"ReadAction","target":["https:\/\/marktxxl.de\/markt\/produkt\/360-drehbarer-fernbedienungshalter-aus-pu-leder-schreibtisch-organizer-fuer-buerobedarf-drehbare-aufbewahrungsbox-fuer-stift-e-mail-telefon-dvd-blu-ray-media-player-tv-controller\/"]}]},{"@type":"ImageObject","inLanguage":"de","@id":"https:\/\/marktxxl.de\/markt\/produkt\/360-drehbarer-fernbedienungshalter-aus-pu-leder-schreibtisch-organizer-fuer-buerobedarf-drehbare-aufbewahrungsbox-fuer-stift-e-mail-telefon-dvd-blu-ray-media-player-tv-controller\/#primaryimage","url":"https:\/\/m.media-amazon.com\/images\/I\/51Z-6djBl7L._SL500_.jpg","contentUrl":"https:\/\/m.media-amazon.com\/images\/I\/51Z-6djBl7L._SL500_.jpg","width":500,"height":500},{"@type":"BreadcrumbList","@id":"https:\/\/marktxxl.de\/markt\/produkt\/360-drehbarer-fernbedienungshalter-aus-pu-leder-schreibtisch-organizer-fuer-buerobedarf-drehbare-aufbewahrungsbox-fuer-stift-e-mail-telefon-dvd-blu-ray-media-player-tv-controller\/#breadcrumb","itemListElement":[{"@type":"ListItem","position":1,"name":"Startseite","item":"https:\/\/marktxxl.de\/markt\/"},{"@type":"ListItem","position":2,"name":"Markt","item":"https:\/\/marktxxl.de\/markt\/"},{"@type":"ListItem","position":3,"name":"PUSU 360\u00b0 Drehbarer Fernbedienungshalter,TV-Fernbedienung aus PU Leder Schreibtisch-Organizer mit 5 F\u00e4chern f\u00fcr TV,DVD\u2026"}]},{"@type":"WebSite","@id":"https:\/\/marktxxl.de\/markt\/#website","url":"https:\/\/marktxxl.de\/markt\/","name":"Markt-XXL","description":"Ihr Markt Online","publisher":{"@id":"https:\/\/marktxxl.de\/markt\/#organization"},"potentialAction":[{"@type":"SearchAction","target":{"@type":"EntryPoint","urlTemplate":"https:\/\/marktxxl.de\/markt\/?s={search_term_string}"},"query-input":{"@type":"PropertyValueSpecification","valueRequired":true,"valueName":"search_term_string"}}],"inLanguage":"de"},{"@type":"Organization","@id":"https:\/\/marktxxl.de\/markt\/#organization","name":"Markt-XXL","url":"https:\/\/marktxxl.de\/markt\/","logo":{"@type":"ImageObject","inLanguage":"de","@id":"https:\/\/marktxxl.de\/markt\/#\/schema\/logo\/image\/","url":"https:\/\/marktxxl.de\/markt\/wp-content\/uploads\/sites\/3\/2020\/12\/logo.png","contentUrl":"https:\/\/marktxxl.de\/markt\/wp-content\/uploads\/sites\/3\/2020\/12\/logo.png","width":200,"height":70,"caption":"Markt-XXL"},"image":{"@id":"https:\/\/marktxxl.de\/markt\/#\/schema\/logo\/image\/"}}]}},"_links":{"self":[{"href":"https:\/\/marktxxl.de\/markt\/wp-json\/wp\/v2\/product\/145603","targetHints":{"allow":["GET"]}}],"collection":[{"href":"https:\/\/marktxxl.de\/markt\/wp-json\/wp\/v2\/product"}],"about":[{"href":"https:\/\/marktxxl.de\/markt\/wp-json\/wp\/v2\/types\/product"}],"replies":[{"embeddable":true,"href":"https:\/\/marktxxl.de\/markt\/wp-json\/wp\/v2\/comments?post=145603"}],"wp:featuredmedia":[{"embeddable":true,"href":"https:\/\/marktxxl.de\/markt\/wp-json\/wp\/v2\/media\/145604"}],"wp:attachment":[{"href":"https:\/\/marktxxl.de\/markt\/wp-json\/wp\/v2\/media?parent=145603"}],"wp:term":[{"taxonomy":"product_brand","embeddable":true,"href":"https:\/\/marktxxl.de\/markt\/wp-json\/wp\/v2\/product_brand?post=145603"},{"taxonomy":"product_cat","embeddable":true,"href":"https:\/\/marktxxl.de\/markt\/wp-json\/wp\/v2\/product_cat?post=145603"},{"taxonomy":"product_tag","embeddable":true,"href":"https:\/\/marktxxl.de\/markt\/wp-json\/wp\/v2\/product_tag?post=145603"}],"curies":[{"name":"wp","href":"https:\/\/api.w.org\/{rel}","templated":true}]}}