{"id":145561,"date":"2022-08-13T07:28:37","date_gmt":"2022-08-13T05:28:37","guid":{"rendered":"https:\/\/marktxxl.de\/markt\/produkt\/eyekepper-4er-pack-damen-lasermuster-lesebrille-blumenmuster-lesebrille-mit-kristallen-fuer-damen\/"},"modified":"2023-04-10T04:30:24","modified_gmt":"2023-04-10T02:30:24","slug":"eyekepper-4er-pack-damen-lasermuster-lesebrille-blumenmuster-lesebrille-mit-kristallen-fuer-damen","status":"publish","type":"product","link":"https:\/\/marktxxl.de\/markt\/produkt\/eyekepper-4er-pack-damen-lasermuster-lesebrille-blumenmuster-lesebrille-mit-kristallen-fuer-damen\/","title":{"rendered":"Eyekepper 4er Pack Damen-Lasermuster-Lesebrille -Blumenmuster Lesebrille mit Kristallen f\u00fcr Damen +0.75"},"content":{"rendered":"<p>ABMESSUNG DER LESEBRILLE &#8211; Rahmenmaterial ist Kunststoff, Glasbreite ca.(52 mm), Rahmenbreite ca.(136 mm), Glash\u00f6he ca.(27 mm), Rahmenh\u00f6he ca.(30 mm), Br\u00fccke (DBL) ca.(15 mm), B\u00fcgell\u00e4nge ca. (140 mm), mit Federscharnier<br \/>\nEYEKEPPER LESEBRILLE OPTISCHE LEISTUNG &#8211; Der Pupillenabstand (PD) betr\u00e4gt 59-63 mm, die Abweichung f\u00fcr den Pupillenabstand (PD) weniger als 2 mm, die Abweichung f\u00fcr die St\u00e4rke weniger als 0,02 und die Abweichung f\u00fcr die horizontale Linie der Gl\u00e4ser weniger als 1 mm<br \/>\nEYEKEPPER DAMEN LESEBRILLE -4 er Pack zu 1 g\u00fcnstigem Preis. Jeder Set ist nur in eine Sehst\u00e4rke Ihrer Wahl , nicht in verschiedene Sehst\u00e4rken verf\u00fcgbar. Stilvolle Rahmen die auf jedem Gesicht gut aussehen. B\u00fcgel mit Federscharnieren, damit die Brille in Ihr Gesicht an gut anpasst.<br \/>\nQUALITY READERS-FDA registrierte Lesebrillen und Brillen, gem\u00e4\u00df ANSI Z80.3-2010, gem\u00e4\u00df BS EN ISO 12312-1: 2013 und EN14139: 2010, gem\u00e4\u00df AS \/ NZS 1067: 2009<br \/>\nLesen Optisch korrekte und federbelastete Scharniere<br \/>\n<div class=\"main-cross-sell\" data-asin=\"B08P481P3H\">\n\n\t<div class=\"WooZone-cross-sell-loader\">\n\t\t<div>\n\t\t\t<div id=\"floatingBarsG\">\n\t\t\t\t<div class=\"blockG\" id=\"rotateG_01\"><\/div>\n\t\t\t\t<div class=\"blockG\" id=\"rotateG_02\"><\/div>\n\t\t\t\t<div class=\"blockG\" id=\"rotateG_03\"><\/div>\n\t\t\t\t<div class=\"blockG\" id=\"rotateG_04\"><\/div>\n\t\t\t\t<div class=\"blockG\" id=\"rotateG_05\"><\/div>\n\t\t\t\t<div class=\"blockG\" id=\"rotateG_06\"><\/div>\n\t\t\t\t<div class=\"blockG\" id=\"rotateG_07\"><\/div>\n\t\t\t\t<div class=\"blockG\" id=\"rotateG_08\"><\/div>\n\t\t\t<\/div>\n\t\t\t<div class=\"WooZone-cross-sell-loader-text\"><\/div>\n\t\t<\/div>\n\t<\/div>\n\n\t\t\n<\/div>\n<div style=\"clear:both;\"><\/div><\/p>\n","protected":false},"excerpt":{"rendered":"<p>ABMESSUNG DER LESEBRILLE &#8211; Rahmenmaterial ist Kunststoff, Glasbreite ca.(52 mm), Rahmenbreite ca.(136 mm), Glash\u00f6he ca.(27 mm), Rahmenh\u00f6he ca.(30 mm), Br\u00fccke (DBL) ca.(15 mm), B\u00fcgell\u00e4nge ca. (140 mm), mit Federscharnier<br \/>\nEYEKEPPER LESEBRILLE OPTISCHE LEISTUNG &#8211; Der Pupillenabstand (PD) betr\u00e4gt 59-63 mm, die Abweichung f\u00fcr den Pupillenabstand (PD) weniger als 2 mm, die Abweichung f\u00fcr die St\u00e4rke weniger als 0,02 und die Abweichung f\u00fcr die horizontale Linie der Gl\u00e4ser weniger als 1 mm<br \/>\nEYEKEPPER DAMEN LESEBRILLE -4 er Pack zu 1 g\u00fcnstigem Preis. Jeder Set ist nur in eine Sehst\u00e4rke Ihrer Wahl , nicht in verschiedene Sehst\u00e4rken verf\u00fcgbar. Stilvolle Rahmen die auf jedem Gesicht gut aussehen. B\u00fcgel mit Federscharnieren, damit die Brille in Ihr Gesicht an gut anpasst.<\/p>\n","protected":false},"featured_media":145562,"comment_status":"open","ping_status":"closed","template":"","meta":[],"product_brand":[],"product_cat":[566,5775],"product_tag":[],"class_list":{"0":"post-145561","1":"product","2":"type-product","3":"status-publish","4":"has-post-thumbnail","6":"product_cat-drogerie-koerperpflege","7":"product_cat-kontaktlinsen-brillen","8":"pa_brand-eyekepper","9":"pa_manufacturer-eyekepper","11":"first","12":"instock","13":"shipping-taxable","14":"purchasable","15":"product-type-simple","16":"customify-col","17":"product-has-gallery"},"yoast_head":"<!-- This site is optimized with the Yoast SEO plugin v27.4 - https:\/\/yoast.com\/product\/yoast-seo-wordpress\/ -->\n<title>Eyekepper 4er Pack Damen-Lasermuster-Lesebrille -Blumenmuster Lesebrille mit Kristallen f\u00fcr Damen +0.75 - Markt-XXL<\/title>\n<meta name=\"description\" content=\"Markt-XXL Eyekepper 4er Pack Damen-Lasermuster-Lesebrille -Blumenmuster Lesebrille mit Kristallen f\u00fcr Damen +0.75\" \/>\n<meta name=\"robots\" content=\"index, follow, max-snippet:-1, max-image-preview:large, max-video-preview:-1\" \/>\n<link rel=\"canonical\" href=\"https:\/\/marktxxl.de\/markt\/produkt\/eyekepper-4er-pack-damen-lasermuster-lesebrille-blumenmuster-lesebrille-mit-kristallen-fuer-damen\/\" \/>\n<meta property=\"og:locale\" content=\"de_DE\" \/>\n<meta property=\"og:type\" content=\"article\" \/>\n<meta property=\"og:title\" content=\"Eyekepper 4er Pack Damen-Lasermuster-Lesebrille -Blumenmuster Lesebrille mit Kristallen f\u00fcr Damen +0.75 - Markt-XXL\" \/>\n<meta property=\"og:description\" content=\"Markt-XXL Eyekepper 4er Pack Damen-Lasermuster-Lesebrille -Blumenmuster Lesebrille mit Kristallen f\u00fcr Damen +0.75\" \/>\n<meta property=\"og:url\" content=\"https:\/\/marktxxl.de\/markt\/produkt\/eyekepper-4er-pack-damen-lasermuster-lesebrille-blumenmuster-lesebrille-mit-kristallen-fuer-damen\/\" \/>\n<meta property=\"og:site_name\" content=\"Markt-XXL\" \/>\n<meta property=\"article:modified_time\" content=\"2023-04-10T02:30:24+00:00\" \/>\n<meta property=\"og:image\" content=\"https:\/\/m.media-amazon.com\/images\/I\/51LdhkSV5TL._SL500_.jpg\" \/>\n\t<meta property=\"og:image:width\" content=\"444\" \/>\n\t<meta property=\"og:image:height\" content=\"500\" \/>\n\t<meta property=\"og:image:type\" content=\"image\/jpeg\" \/>\n<meta name=\"twitter:card\" content=\"summary_large_image\" \/>\n<meta name=\"twitter:label1\" content=\"Gesch\u00e4tzte Lesezeit\" \/>\n\t<meta name=\"twitter:data1\" content=\"1\u00a0Minute\" \/>\n<script type=\"application\/ld+json\" class=\"yoast-schema-graph\">{\"@context\":\"https:\\\/\\\/schema.org\",\"@graph\":[{\"@type\":\"WebPage\",\"@id\":\"https:\\\/\\\/marktxxl.de\\\/markt\\\/produkt\\\/eyekepper-4er-pack-damen-lasermuster-lesebrille-blumenmuster-lesebrille-mit-kristallen-fuer-damen\\\/\",\"url\":\"https:\\\/\\\/marktxxl.de\\\/markt\\\/produkt\\\/eyekepper-4er-pack-damen-lasermuster-lesebrille-blumenmuster-lesebrille-mit-kristallen-fuer-damen\\\/\",\"name\":\"Eyekepper 4er Pack Damen-Lasermuster-Lesebrille -Blumenmuster Lesebrille mit Kristallen f\u00fcr Damen +0.75 - Markt-XXL\",\"isPartOf\":{\"@id\":\"https:\\\/\\\/marktxxl.de\\\/markt\\\/#website\"},\"primaryImageOfPage\":{\"@id\":\"https:\\\/\\\/marktxxl.de\\\/markt\\\/produkt\\\/eyekepper-4er-pack-damen-lasermuster-lesebrille-blumenmuster-lesebrille-mit-kristallen-fuer-damen\\\/#primaryimage\"},\"image\":{\"@id\":\"https:\\\/\\\/marktxxl.de\\\/markt\\\/produkt\\\/eyekepper-4er-pack-damen-lasermuster-lesebrille-blumenmuster-lesebrille-mit-kristallen-fuer-damen\\\/#primaryimage\"},\"thumbnailUrl\":\"https:\\\/\\\/m.media-amazon.com\\\/images\\\/I\\\/51LdhkSV5TL._SL500_.jpg\",\"datePublished\":\"2022-08-13T05:28:37+00:00\",\"dateModified\":\"2023-04-10T02:30:24+00:00\",\"description\":\"Markt-XXL Eyekepper 4er Pack Damen-Lasermuster-Lesebrille -Blumenmuster Lesebrille mit Kristallen f\u00fcr Damen +0.75\",\"breadcrumb\":{\"@id\":\"https:\\\/\\\/marktxxl.de\\\/markt\\\/produkt\\\/eyekepper-4er-pack-damen-lasermuster-lesebrille-blumenmuster-lesebrille-mit-kristallen-fuer-damen\\\/#breadcrumb\"},\"inLanguage\":\"de\",\"potentialAction\":[{\"@type\":\"ReadAction\",\"target\":[\"https:\\\/\\\/marktxxl.de\\\/markt\\\/produkt\\\/eyekepper-4er-pack-damen-lasermuster-lesebrille-blumenmuster-lesebrille-mit-kristallen-fuer-damen\\\/\"]}]},{\"@type\":\"ImageObject\",\"inLanguage\":\"de\",\"@id\":\"https:\\\/\\\/marktxxl.de\\\/markt\\\/produkt\\\/eyekepper-4er-pack-damen-lasermuster-lesebrille-blumenmuster-lesebrille-mit-kristallen-fuer-damen\\\/#primaryimage\",\"url\":\"https:\\\/\\\/m.media-amazon.com\\\/images\\\/I\\\/51LdhkSV5TL._SL500_.jpg\",\"contentUrl\":\"https:\\\/\\\/m.media-amazon.com\\\/images\\\/I\\\/51LdhkSV5TL._SL500_.jpg\",\"width\":444,\"height\":500},{\"@type\":\"BreadcrumbList\",\"@id\":\"https:\\\/\\\/marktxxl.de\\\/markt\\\/produkt\\\/eyekepper-4er-pack-damen-lasermuster-lesebrille-blumenmuster-lesebrille-mit-kristallen-fuer-damen\\\/#breadcrumb\",\"itemListElement\":[{\"@type\":\"ListItem\",\"position\":1,\"name\":\"Startseite\",\"item\":\"https:\\\/\\\/marktxxl.de\\\/markt\\\/\"},{\"@type\":\"ListItem\",\"position\":2,\"name\":\"Markt\",\"item\":\"https:\\\/\\\/marktxxl.de\\\/markt\\\/\"},{\"@type\":\"ListItem\",\"position\":3,\"name\":\"Eyekepper 4er Pack Damen-Lasermuster-Lesebrille -Blumenmuster Lesebrille mit Kristallen f\u00fcr Damen +0.75\"}]},{\"@type\":\"WebSite\",\"@id\":\"https:\\\/\\\/marktxxl.de\\\/markt\\\/#website\",\"url\":\"https:\\\/\\\/marktxxl.de\\\/markt\\\/\",\"name\":\"Markt-XXL\",\"description\":\"Ihr Markt Online\",\"publisher\":{\"@id\":\"https:\\\/\\\/marktxxl.de\\\/markt\\\/#organization\"},\"potentialAction\":[{\"@type\":\"SearchAction\",\"target\":{\"@type\":\"EntryPoint\",\"urlTemplate\":\"https:\\\/\\\/marktxxl.de\\\/markt\\\/?s={search_term_string}\"},\"query-input\":{\"@type\":\"PropertyValueSpecification\",\"valueRequired\":true,\"valueName\":\"search_term_string\"}}],\"inLanguage\":\"de\"},{\"@type\":\"Organization\",\"@id\":\"https:\\\/\\\/marktxxl.de\\\/markt\\\/#organization\",\"name\":\"Markt-XXL\",\"url\":\"https:\\\/\\\/marktxxl.de\\\/markt\\\/\",\"logo\":{\"@type\":\"ImageObject\",\"inLanguage\":\"de\",\"@id\":\"https:\\\/\\\/marktxxl.de\\\/markt\\\/#\\\/schema\\\/logo\\\/image\\\/\",\"url\":\"https:\\\/\\\/marktxxl.de\\\/markt\\\/wp-content\\\/uploads\\\/sites\\\/3\\\/2020\\\/12\\\/logo.png\",\"contentUrl\":\"https:\\\/\\\/marktxxl.de\\\/markt\\\/wp-content\\\/uploads\\\/sites\\\/3\\\/2020\\\/12\\\/logo.png\",\"width\":200,\"height\":70,\"caption\":\"Markt-XXL\"},\"image\":{\"@id\":\"https:\\\/\\\/marktxxl.de\\\/markt\\\/#\\\/schema\\\/logo\\\/image\\\/\"}}]}<\/script>\n<!-- \/ Yoast SEO plugin. -->","yoast_head_json":{"title":"Eyekepper 4er Pack Damen-Lasermuster-Lesebrille -Blumenmuster Lesebrille mit Kristallen f\u00fcr Damen +0.75 - Markt-XXL","description":"Markt-XXL Eyekepper 4er Pack Damen-Lasermuster-Lesebrille -Blumenmuster Lesebrille mit Kristallen f\u00fcr Damen +0.75","robots":{"index":"index","follow":"follow","max-snippet":"max-snippet:-1","max-image-preview":"max-image-preview:large","max-video-preview":"max-video-preview:-1"},"canonical":"https:\/\/marktxxl.de\/markt\/produkt\/eyekepper-4er-pack-damen-lasermuster-lesebrille-blumenmuster-lesebrille-mit-kristallen-fuer-damen\/","og_locale":"de_DE","og_type":"article","og_title":"Eyekepper 4er Pack Damen-Lasermuster-Lesebrille -Blumenmuster Lesebrille mit Kristallen f\u00fcr Damen +0.75 - Markt-XXL","og_description":"Markt-XXL Eyekepper 4er Pack Damen-Lasermuster-Lesebrille -Blumenmuster Lesebrille mit Kristallen f\u00fcr Damen +0.75","og_url":"https:\/\/marktxxl.de\/markt\/produkt\/eyekepper-4er-pack-damen-lasermuster-lesebrille-blumenmuster-lesebrille-mit-kristallen-fuer-damen\/","og_site_name":"Markt-XXL","article_modified_time":"2023-04-10T02:30:24+00:00","og_image":[{"width":444,"height":500,"url":"https:\/\/m.media-amazon.com\/images\/I\/51LdhkSV5TL._SL500_.jpg","type":"image\/jpeg"}],"twitter_card":"summary_large_image","twitter_misc":{"Gesch\u00e4tzte Lesezeit":"1\u00a0Minute"},"schema":{"@context":"https:\/\/schema.org","@graph":[{"@type":"WebPage","@id":"https:\/\/marktxxl.de\/markt\/produkt\/eyekepper-4er-pack-damen-lasermuster-lesebrille-blumenmuster-lesebrille-mit-kristallen-fuer-damen\/","url":"https:\/\/marktxxl.de\/markt\/produkt\/eyekepper-4er-pack-damen-lasermuster-lesebrille-blumenmuster-lesebrille-mit-kristallen-fuer-damen\/","name":"Eyekepper 4er Pack Damen-Lasermuster-Lesebrille -Blumenmuster Lesebrille mit Kristallen f\u00fcr Damen +0.75 - Markt-XXL","isPartOf":{"@id":"https:\/\/marktxxl.de\/markt\/#website"},"primaryImageOfPage":{"@id":"https:\/\/marktxxl.de\/markt\/produkt\/eyekepper-4er-pack-damen-lasermuster-lesebrille-blumenmuster-lesebrille-mit-kristallen-fuer-damen\/#primaryimage"},"image":{"@id":"https:\/\/marktxxl.de\/markt\/produkt\/eyekepper-4er-pack-damen-lasermuster-lesebrille-blumenmuster-lesebrille-mit-kristallen-fuer-damen\/#primaryimage"},"thumbnailUrl":"https:\/\/m.media-amazon.com\/images\/I\/51LdhkSV5TL._SL500_.jpg","datePublished":"2022-08-13T05:28:37+00:00","dateModified":"2023-04-10T02:30:24+00:00","description":"Markt-XXL Eyekepper 4er Pack Damen-Lasermuster-Lesebrille -Blumenmuster Lesebrille mit Kristallen f\u00fcr Damen +0.75","breadcrumb":{"@id":"https:\/\/marktxxl.de\/markt\/produkt\/eyekepper-4er-pack-damen-lasermuster-lesebrille-blumenmuster-lesebrille-mit-kristallen-fuer-damen\/#breadcrumb"},"inLanguage":"de","potentialAction":[{"@type":"ReadAction","target":["https:\/\/marktxxl.de\/markt\/produkt\/eyekepper-4er-pack-damen-lasermuster-lesebrille-blumenmuster-lesebrille-mit-kristallen-fuer-damen\/"]}]},{"@type":"ImageObject","inLanguage":"de","@id":"https:\/\/marktxxl.de\/markt\/produkt\/eyekepper-4er-pack-damen-lasermuster-lesebrille-blumenmuster-lesebrille-mit-kristallen-fuer-damen\/#primaryimage","url":"https:\/\/m.media-amazon.com\/images\/I\/51LdhkSV5TL._SL500_.jpg","contentUrl":"https:\/\/m.media-amazon.com\/images\/I\/51LdhkSV5TL._SL500_.jpg","width":444,"height":500},{"@type":"BreadcrumbList","@id":"https:\/\/marktxxl.de\/markt\/produkt\/eyekepper-4er-pack-damen-lasermuster-lesebrille-blumenmuster-lesebrille-mit-kristallen-fuer-damen\/#breadcrumb","itemListElement":[{"@type":"ListItem","position":1,"name":"Startseite","item":"https:\/\/marktxxl.de\/markt\/"},{"@type":"ListItem","position":2,"name":"Markt","item":"https:\/\/marktxxl.de\/markt\/"},{"@type":"ListItem","position":3,"name":"Eyekepper 4er Pack Damen-Lasermuster-Lesebrille -Blumenmuster Lesebrille mit Kristallen f\u00fcr Damen +0.75"}]},{"@type":"WebSite","@id":"https:\/\/marktxxl.de\/markt\/#website","url":"https:\/\/marktxxl.de\/markt\/","name":"Markt-XXL","description":"Ihr Markt Online","publisher":{"@id":"https:\/\/marktxxl.de\/markt\/#organization"},"potentialAction":[{"@type":"SearchAction","target":{"@type":"EntryPoint","urlTemplate":"https:\/\/marktxxl.de\/markt\/?s={search_term_string}"},"query-input":{"@type":"PropertyValueSpecification","valueRequired":true,"valueName":"search_term_string"}}],"inLanguage":"de"},{"@type":"Organization","@id":"https:\/\/marktxxl.de\/markt\/#organization","name":"Markt-XXL","url":"https:\/\/marktxxl.de\/markt\/","logo":{"@type":"ImageObject","inLanguage":"de","@id":"https:\/\/marktxxl.de\/markt\/#\/schema\/logo\/image\/","url":"https:\/\/marktxxl.de\/markt\/wp-content\/uploads\/sites\/3\/2020\/12\/logo.png","contentUrl":"https:\/\/marktxxl.de\/markt\/wp-content\/uploads\/sites\/3\/2020\/12\/logo.png","width":200,"height":70,"caption":"Markt-XXL"},"image":{"@id":"https:\/\/marktxxl.de\/markt\/#\/schema\/logo\/image\/"}}]}},"_links":{"self":[{"href":"https:\/\/marktxxl.de\/markt\/wp-json\/wp\/v2\/product\/145561","targetHints":{"allow":["GET"]}}],"collection":[{"href":"https:\/\/marktxxl.de\/markt\/wp-json\/wp\/v2\/product"}],"about":[{"href":"https:\/\/marktxxl.de\/markt\/wp-json\/wp\/v2\/types\/product"}],"replies":[{"embeddable":true,"href":"https:\/\/marktxxl.de\/markt\/wp-json\/wp\/v2\/comments?post=145561"}],"wp:featuredmedia":[{"embeddable":true,"href":"https:\/\/marktxxl.de\/markt\/wp-json\/wp\/v2\/media\/145562"}],"wp:attachment":[{"href":"https:\/\/marktxxl.de\/markt\/wp-json\/wp\/v2\/media?parent=145561"}],"wp:term":[{"taxonomy":"product_brand","embeddable":true,"href":"https:\/\/marktxxl.de\/markt\/wp-json\/wp\/v2\/product_brand?post=145561"},{"taxonomy":"product_cat","embeddable":true,"href":"https:\/\/marktxxl.de\/markt\/wp-json\/wp\/v2\/product_cat?post=145561"},{"taxonomy":"product_tag","embeddable":true,"href":"https:\/\/marktxxl.de\/markt\/wp-json\/wp\/v2\/product_tag?post=145561"}],"curies":[{"name":"wp","href":"https:\/\/api.w.org\/{rel}","templated":true}]}}