{"id":145526,"date":"2022-08-13T07:26:13","date_gmt":"2022-08-13T05:26:13","guid":{"rendered":"https:\/\/marktxxl.de\/markt\/produkt\/trauerlicht-fuer-immer-in-unseren-herzen-schwarz-gold-gravur-namen-und-datum-gedenklicht-erinnerungslicht-grablicht-trauergeschenk\/"},"modified":"2023-04-10T04:30:23","modified_gmt":"2023-04-10T02:30:23","slug":"trauerlicht-fuer-immer-in-unseren-herzen-schwarz-gold-gravur-namen-und-datum-gedenklicht-erinnerungslicht-grablicht-trauergeschenk","status":"publish","type":"product","link":"https:\/\/marktxxl.de\/markt\/produkt\/trauerlicht-fuer-immer-in-unseren-herzen-schwarz-gold-gravur-namen-und-datum-gedenklicht-erinnerungslicht-grablicht-trauergeschenk\/","title":{"rendered":"Trauerlicht &#8211; F\u00fcr Immer in unseren Herzen &#8211; schwarz\/Gold &#8211; Gravur Namen und Datum &#8211; Gedenklicht Erinnerungslicht\u2026"},"content":{"rendered":"<p>Dieses Trauerlicht besticht durch seine au\u00dfergew\u00f6hnliche Optik. Der Teelichthalter besteht aus Glas mit einer leicht mattierten Oberfl\u00e4che. Das flackernde Licht einer Kerze zaubert einen besonders sch\u00f6nen Effekt, welcher durch die gravierte Fl\u00e4che des Trauerlichts schimmert.<br \/>\nMit diesem Trauerspruch k\u00f6nnen Sie Ihrem pers\u00f6nlichen Verlust Ausdruck verleihen. Den Hinterbliebenen schenkt diese Erinnerung in schweren Stunden der Trauer ein trostspendendes Licht. Es eignet sich somit zur Trauerbew\u00e4ltigung oder als Kondulenzgeschenk f\u00fcr die Hinterbliebenen. In jedem Fall eine sch\u00f6ne Erinnerung an einen geliebten Menschen, welche Trost und Hoffnung spendet.<br \/>\nPersonalisiert nach Ihren W\u00fcnschen, gravieren wir dieses stilvolle Andenklicht mit dem Namen und den Lebedaten des Verstorbenen. Hierbei k\u00f6nnen Sie auch die Daten durch Jahreszahlen ersetzten. Unter &#8220;Jetzt anpassen&#8221; gestalten Sie Ihr Windlicht ganz einfach und schnell und erhalten direkt eine Vorschau.<br \/>\nDieses einzigartige Erinnerungsst\u00fcck eignet sich besonders zur Platzierung neben der Urne, neben dem Bild des Verstorbenen w\u00e4hrend der Trauerfeier oder als Tischlicht w\u00e4hrend der Gedenkfeier. Die Hinterbliebenen haben auf Grund der Langlebigkeit des Trauerlichts ein individuell gestaltetes Erinnerungsst\u00fcck f\u00fcr die Ewigkeit und ist somit eine gute Alternative zu Blumen oder einer Trauerkarte.<br \/>\nNach Ihrer Bestellung wird jedes Trauerlicht\/Gedenklicht in Handarbeit individuell nach Ihren W\u00fcnschen angepasst und gefertigt. Ihr Unikat wird liebevoll hergestellt und verpackt und ist somit binnen weniger Tage bei Ihnen. Wir w\u00fcnschen Ihnen und den Hinterbliebenen sehr viel Freunde mit Ihrem pers\u00f6nlich gestalteten Erinnerungsst\u00fcck.<br \/>\n<div class=\"main-cross-sell\" data-asin=\"B09RPXJNS1\">\n\n\t<div class=\"WooZone-cross-sell-loader\">\n\t\t<div>\n\t\t\t<div id=\"floatingBarsG\">\n\t\t\t\t<div class=\"blockG\" id=\"rotateG_01\"><\/div>\n\t\t\t\t<div class=\"blockG\" id=\"rotateG_02\"><\/div>\n\t\t\t\t<div class=\"blockG\" id=\"rotateG_03\"><\/div>\n\t\t\t\t<div class=\"blockG\" id=\"rotateG_04\"><\/div>\n\t\t\t\t<div class=\"blockG\" id=\"rotateG_05\"><\/div>\n\t\t\t\t<div class=\"blockG\" id=\"rotateG_06\"><\/div>\n\t\t\t\t<div class=\"blockG\" id=\"rotateG_07\"><\/div>\n\t\t\t\t<div class=\"blockG\" id=\"rotateG_08\"><\/div>\n\t\t\t<\/div>\n\t\t\t<div class=\"WooZone-cross-sell-loader-text\"><\/div>\n\t\t<\/div>\n\t<\/div>\n\n\t\t\n<\/div>\n<div style=\"clear:both;\"><\/div><\/p>\n","protected":false},"excerpt":{"rendered":"<p>Dieses Trauerlicht besticht durch seine au\u00dfergew\u00f6hnliche Optik. Der Teelichthalter besteht aus Glas mit einer leicht mattierten Oberfl\u00e4che. Das flackernde Licht einer Kerze zaubert einen besonders sch\u00f6nen Effekt, welcher durch die gravierte Fl\u00e4che des Trauerlichts schimmert.<br \/>\nMit diesem Trauerspruch k\u00f6nnen Sie Ihrem pers\u00f6nlichen Verlust Ausdruck verleihen. Den Hinterbliebenen schenkt diese Erinnerung in schweren Stunden der Trauer ein trostspendendes Licht. Es eignet sich somit zur Trauerbew\u00e4ltigung oder als Kondulenzgeschenk f\u00fcr die Hinterbliebenen. In jedem Fall eine sch\u00f6ne Erinnerung an einen geliebten Menschen, welche Trost und Hoffnung spendet.<br \/>\nPersonalisiert nach Ihren W\u00fcnschen, gravieren wir dieses stilvolle Andenklicht mit dem Namen und den Lebedaten des Verstorbenen. Hierbei k\u00f6nnen Sie auch die Daten durch Jahreszahlen ersetzten. Unter &#8220;Jetzt anpassen&#8221; gestalten Sie Ihr Windlicht ganz einfach und schnell und erhalten direkt eine Vorschau.<\/p>\n","protected":false},"featured_media":145527,"comment_status":"open","ping_status":"closed","template":"","meta":[],"product_brand":[],"product_cat":[566,5467],"product_tag":[],"class_list":{"0":"post-145526","1":"product","2":"type-product","3":"status-publish","4":"has-post-thumbnail","6":"product_cat-drogerie-koerperpflege","7":"product_cat-haushaltswaren-reinigungsmittel","8":"pa_brand-laserfy","9":"pa_color-schwarz","10":"pa_height-4-724409444-zoll","11":"pa_length-3-149606296-zoll","12":"pa_manufacturer-laserfy","13":"pa_size-12-centimeters","14":"pa_weight-0-440924524-pfund","15":"pa_width-3-149606296-zoll","17":"first","18":"instock","19":"shipping-taxable","20":"purchasable","21":"product-type-simple","22":"customify-col","23":"product-has-gallery"},"yoast_head":"<!-- This site is optimized with the Yoast SEO plugin v27.4 - https:\/\/yoast.com\/product\/yoast-seo-wordpress\/ -->\n<title>Trauerlicht - F\u00fcr Immer in unseren Herzen - schwarz\/Gold - Gravur Namen und Datum - Gedenklicht Erinnerungslicht\u2026 - Markt-XXL<\/title>\n<meta name=\"description\" content=\"Markt-XXL Trauerlicht - F\u00fcr Immer in unseren Herzen - schwarz\/Gold - Gravur Namen und Datum - Gedenklicht Erinnerungslicht\u2026\" \/>\n<meta name=\"robots\" content=\"index, follow, max-snippet:-1, max-image-preview:large, max-video-preview:-1\" \/>\n<link rel=\"canonical\" href=\"https:\/\/marktxxl.de\/markt\/produkt\/trauerlicht-fuer-immer-in-unseren-herzen-schwarz-gold-gravur-namen-und-datum-gedenklicht-erinnerungslicht-grablicht-trauergeschenk\/\" \/>\n<meta property=\"og:locale\" content=\"de_DE\" \/>\n<meta property=\"og:type\" content=\"article\" \/>\n<meta property=\"og:title\" content=\"Trauerlicht - F\u00fcr Immer in unseren Herzen - schwarz\/Gold - Gravur Namen und Datum - Gedenklicht Erinnerungslicht\u2026 - Markt-XXL\" \/>\n<meta property=\"og:description\" content=\"Markt-XXL Trauerlicht - F\u00fcr Immer in unseren Herzen - schwarz\/Gold - Gravur Namen und Datum - Gedenklicht Erinnerungslicht\u2026\" \/>\n<meta property=\"og:url\" content=\"https:\/\/marktxxl.de\/markt\/produkt\/trauerlicht-fuer-immer-in-unseren-herzen-schwarz-gold-gravur-namen-und-datum-gedenklicht-erinnerungslicht-grablicht-trauergeschenk\/\" \/>\n<meta property=\"og:site_name\" content=\"Markt-XXL\" \/>\n<meta property=\"article:modified_time\" content=\"2023-04-10T02:30:23+00:00\" \/>\n<meta property=\"og:image\" content=\"https:\/\/m.media-amazon.com\/images\/I\/41aKEegG9ZL._SL500_.jpg\" \/>\n\t<meta property=\"og:image:width\" content=\"500\" \/>\n\t<meta property=\"og:image:height\" content=\"500\" \/>\n\t<meta property=\"og:image:type\" content=\"image\/jpeg\" \/>\n<meta name=\"twitter:card\" content=\"summary_large_image\" \/>\n<meta name=\"twitter:label1\" content=\"Gesch\u00e4tzte Lesezeit\" \/>\n\t<meta name=\"twitter:data1\" content=\"1\u00a0Minute\" \/>\n<script type=\"application\/ld+json\" class=\"yoast-schema-graph\">{\"@context\":\"https:\\\/\\\/schema.org\",\"@graph\":[{\"@type\":\"WebPage\",\"@id\":\"https:\\\/\\\/marktxxl.de\\\/markt\\\/produkt\\\/trauerlicht-fuer-immer-in-unseren-herzen-schwarz-gold-gravur-namen-und-datum-gedenklicht-erinnerungslicht-grablicht-trauergeschenk\\\/\",\"url\":\"https:\\\/\\\/marktxxl.de\\\/markt\\\/produkt\\\/trauerlicht-fuer-immer-in-unseren-herzen-schwarz-gold-gravur-namen-und-datum-gedenklicht-erinnerungslicht-grablicht-trauergeschenk\\\/\",\"name\":\"Trauerlicht - F\u00fcr Immer in unseren Herzen - schwarz\\\/Gold - Gravur Namen und Datum - Gedenklicht Erinnerungslicht\u2026 - Markt-XXL\",\"isPartOf\":{\"@id\":\"https:\\\/\\\/marktxxl.de\\\/markt\\\/#website\"},\"primaryImageOfPage\":{\"@id\":\"https:\\\/\\\/marktxxl.de\\\/markt\\\/produkt\\\/trauerlicht-fuer-immer-in-unseren-herzen-schwarz-gold-gravur-namen-und-datum-gedenklicht-erinnerungslicht-grablicht-trauergeschenk\\\/#primaryimage\"},\"image\":{\"@id\":\"https:\\\/\\\/marktxxl.de\\\/markt\\\/produkt\\\/trauerlicht-fuer-immer-in-unseren-herzen-schwarz-gold-gravur-namen-und-datum-gedenklicht-erinnerungslicht-grablicht-trauergeschenk\\\/#primaryimage\"},\"thumbnailUrl\":\"https:\\\/\\\/m.media-amazon.com\\\/images\\\/I\\\/41aKEegG9ZL._SL500_.jpg\",\"datePublished\":\"2022-08-13T05:26:13+00:00\",\"dateModified\":\"2023-04-10T02:30:23+00:00\",\"description\":\"Markt-XXL Trauerlicht - F\u00fcr Immer in unseren Herzen - schwarz\\\/Gold - Gravur Namen und Datum - Gedenklicht Erinnerungslicht\u2026\",\"breadcrumb\":{\"@id\":\"https:\\\/\\\/marktxxl.de\\\/markt\\\/produkt\\\/trauerlicht-fuer-immer-in-unseren-herzen-schwarz-gold-gravur-namen-und-datum-gedenklicht-erinnerungslicht-grablicht-trauergeschenk\\\/#breadcrumb\"},\"inLanguage\":\"de\",\"potentialAction\":[{\"@type\":\"ReadAction\",\"target\":[\"https:\\\/\\\/marktxxl.de\\\/markt\\\/produkt\\\/trauerlicht-fuer-immer-in-unseren-herzen-schwarz-gold-gravur-namen-und-datum-gedenklicht-erinnerungslicht-grablicht-trauergeschenk\\\/\"]}]},{\"@type\":\"ImageObject\",\"inLanguage\":\"de\",\"@id\":\"https:\\\/\\\/marktxxl.de\\\/markt\\\/produkt\\\/trauerlicht-fuer-immer-in-unseren-herzen-schwarz-gold-gravur-namen-und-datum-gedenklicht-erinnerungslicht-grablicht-trauergeschenk\\\/#primaryimage\",\"url\":\"https:\\\/\\\/m.media-amazon.com\\\/images\\\/I\\\/41aKEegG9ZL._SL500_.jpg\",\"contentUrl\":\"https:\\\/\\\/m.media-amazon.com\\\/images\\\/I\\\/41aKEegG9ZL._SL500_.jpg\",\"width\":500,\"height\":500},{\"@type\":\"BreadcrumbList\",\"@id\":\"https:\\\/\\\/marktxxl.de\\\/markt\\\/produkt\\\/trauerlicht-fuer-immer-in-unseren-herzen-schwarz-gold-gravur-namen-und-datum-gedenklicht-erinnerungslicht-grablicht-trauergeschenk\\\/#breadcrumb\",\"itemListElement\":[{\"@type\":\"ListItem\",\"position\":1,\"name\":\"Startseite\",\"item\":\"https:\\\/\\\/marktxxl.de\\\/markt\\\/\"},{\"@type\":\"ListItem\",\"position\":2,\"name\":\"Markt\",\"item\":\"https:\\\/\\\/marktxxl.de\\\/markt\\\/\"},{\"@type\":\"ListItem\",\"position\":3,\"name\":\"Trauerlicht &#8211; F\u00fcr Immer in unseren Herzen &#8211; schwarz\\\/Gold &#8211; Gravur Namen und Datum &#8211; Gedenklicht Erinnerungslicht\u2026\"}]},{\"@type\":\"WebSite\",\"@id\":\"https:\\\/\\\/marktxxl.de\\\/markt\\\/#website\",\"url\":\"https:\\\/\\\/marktxxl.de\\\/markt\\\/\",\"name\":\"Markt-XXL\",\"description\":\"Ihr Markt Online\",\"publisher\":{\"@id\":\"https:\\\/\\\/marktxxl.de\\\/markt\\\/#organization\"},\"potentialAction\":[{\"@type\":\"SearchAction\",\"target\":{\"@type\":\"EntryPoint\",\"urlTemplate\":\"https:\\\/\\\/marktxxl.de\\\/markt\\\/?s={search_term_string}\"},\"query-input\":{\"@type\":\"PropertyValueSpecification\",\"valueRequired\":true,\"valueName\":\"search_term_string\"}}],\"inLanguage\":\"de\"},{\"@type\":\"Organization\",\"@id\":\"https:\\\/\\\/marktxxl.de\\\/markt\\\/#organization\",\"name\":\"Markt-XXL\",\"url\":\"https:\\\/\\\/marktxxl.de\\\/markt\\\/\",\"logo\":{\"@type\":\"ImageObject\",\"inLanguage\":\"de\",\"@id\":\"https:\\\/\\\/marktxxl.de\\\/markt\\\/#\\\/schema\\\/logo\\\/image\\\/\",\"url\":\"https:\\\/\\\/marktxxl.de\\\/markt\\\/wp-content\\\/uploads\\\/sites\\\/3\\\/2020\\\/12\\\/logo.png\",\"contentUrl\":\"https:\\\/\\\/marktxxl.de\\\/markt\\\/wp-content\\\/uploads\\\/sites\\\/3\\\/2020\\\/12\\\/logo.png\",\"width\":200,\"height\":70,\"caption\":\"Markt-XXL\"},\"image\":{\"@id\":\"https:\\\/\\\/marktxxl.de\\\/markt\\\/#\\\/schema\\\/logo\\\/image\\\/\"}}]}<\/script>\n<!-- \/ Yoast SEO plugin. -->","yoast_head_json":{"title":"Trauerlicht - F\u00fcr Immer in unseren Herzen - schwarz\/Gold - Gravur Namen und Datum - Gedenklicht Erinnerungslicht\u2026 - Markt-XXL","description":"Markt-XXL Trauerlicht - F\u00fcr Immer in unseren Herzen - schwarz\/Gold - Gravur Namen und Datum - Gedenklicht Erinnerungslicht\u2026","robots":{"index":"index","follow":"follow","max-snippet":"max-snippet:-1","max-image-preview":"max-image-preview:large","max-video-preview":"max-video-preview:-1"},"canonical":"https:\/\/marktxxl.de\/markt\/produkt\/trauerlicht-fuer-immer-in-unseren-herzen-schwarz-gold-gravur-namen-und-datum-gedenklicht-erinnerungslicht-grablicht-trauergeschenk\/","og_locale":"de_DE","og_type":"article","og_title":"Trauerlicht - F\u00fcr Immer in unseren Herzen - schwarz\/Gold - Gravur Namen und Datum - Gedenklicht Erinnerungslicht\u2026 - Markt-XXL","og_description":"Markt-XXL Trauerlicht - F\u00fcr Immer in unseren Herzen - schwarz\/Gold - Gravur Namen und Datum - Gedenklicht Erinnerungslicht\u2026","og_url":"https:\/\/marktxxl.de\/markt\/produkt\/trauerlicht-fuer-immer-in-unseren-herzen-schwarz-gold-gravur-namen-und-datum-gedenklicht-erinnerungslicht-grablicht-trauergeschenk\/","og_site_name":"Markt-XXL","article_modified_time":"2023-04-10T02:30:23+00:00","og_image":[{"width":500,"height":500,"url":"https:\/\/m.media-amazon.com\/images\/I\/41aKEegG9ZL._SL500_.jpg","type":"image\/jpeg"}],"twitter_card":"summary_large_image","twitter_misc":{"Gesch\u00e4tzte Lesezeit":"1\u00a0Minute"},"schema":{"@context":"https:\/\/schema.org","@graph":[{"@type":"WebPage","@id":"https:\/\/marktxxl.de\/markt\/produkt\/trauerlicht-fuer-immer-in-unseren-herzen-schwarz-gold-gravur-namen-und-datum-gedenklicht-erinnerungslicht-grablicht-trauergeschenk\/","url":"https:\/\/marktxxl.de\/markt\/produkt\/trauerlicht-fuer-immer-in-unseren-herzen-schwarz-gold-gravur-namen-und-datum-gedenklicht-erinnerungslicht-grablicht-trauergeschenk\/","name":"Trauerlicht - F\u00fcr Immer in unseren Herzen - schwarz\/Gold - Gravur Namen und Datum - Gedenklicht Erinnerungslicht\u2026 - Markt-XXL","isPartOf":{"@id":"https:\/\/marktxxl.de\/markt\/#website"},"primaryImageOfPage":{"@id":"https:\/\/marktxxl.de\/markt\/produkt\/trauerlicht-fuer-immer-in-unseren-herzen-schwarz-gold-gravur-namen-und-datum-gedenklicht-erinnerungslicht-grablicht-trauergeschenk\/#primaryimage"},"image":{"@id":"https:\/\/marktxxl.de\/markt\/produkt\/trauerlicht-fuer-immer-in-unseren-herzen-schwarz-gold-gravur-namen-und-datum-gedenklicht-erinnerungslicht-grablicht-trauergeschenk\/#primaryimage"},"thumbnailUrl":"https:\/\/m.media-amazon.com\/images\/I\/41aKEegG9ZL._SL500_.jpg","datePublished":"2022-08-13T05:26:13+00:00","dateModified":"2023-04-10T02:30:23+00:00","description":"Markt-XXL Trauerlicht - F\u00fcr Immer in unseren Herzen - schwarz\/Gold - Gravur Namen und Datum - Gedenklicht Erinnerungslicht\u2026","breadcrumb":{"@id":"https:\/\/marktxxl.de\/markt\/produkt\/trauerlicht-fuer-immer-in-unseren-herzen-schwarz-gold-gravur-namen-und-datum-gedenklicht-erinnerungslicht-grablicht-trauergeschenk\/#breadcrumb"},"inLanguage":"de","potentialAction":[{"@type":"ReadAction","target":["https:\/\/marktxxl.de\/markt\/produkt\/trauerlicht-fuer-immer-in-unseren-herzen-schwarz-gold-gravur-namen-und-datum-gedenklicht-erinnerungslicht-grablicht-trauergeschenk\/"]}]},{"@type":"ImageObject","inLanguage":"de","@id":"https:\/\/marktxxl.de\/markt\/produkt\/trauerlicht-fuer-immer-in-unseren-herzen-schwarz-gold-gravur-namen-und-datum-gedenklicht-erinnerungslicht-grablicht-trauergeschenk\/#primaryimage","url":"https:\/\/m.media-amazon.com\/images\/I\/41aKEegG9ZL._SL500_.jpg","contentUrl":"https:\/\/m.media-amazon.com\/images\/I\/41aKEegG9ZL._SL500_.jpg","width":500,"height":500},{"@type":"BreadcrumbList","@id":"https:\/\/marktxxl.de\/markt\/produkt\/trauerlicht-fuer-immer-in-unseren-herzen-schwarz-gold-gravur-namen-und-datum-gedenklicht-erinnerungslicht-grablicht-trauergeschenk\/#breadcrumb","itemListElement":[{"@type":"ListItem","position":1,"name":"Startseite","item":"https:\/\/marktxxl.de\/markt\/"},{"@type":"ListItem","position":2,"name":"Markt","item":"https:\/\/marktxxl.de\/markt\/"},{"@type":"ListItem","position":3,"name":"Trauerlicht &#8211; F\u00fcr Immer in unseren Herzen &#8211; schwarz\/Gold &#8211; Gravur Namen und Datum &#8211; Gedenklicht Erinnerungslicht\u2026"}]},{"@type":"WebSite","@id":"https:\/\/marktxxl.de\/markt\/#website","url":"https:\/\/marktxxl.de\/markt\/","name":"Markt-XXL","description":"Ihr Markt Online","publisher":{"@id":"https:\/\/marktxxl.de\/markt\/#organization"},"potentialAction":[{"@type":"SearchAction","target":{"@type":"EntryPoint","urlTemplate":"https:\/\/marktxxl.de\/markt\/?s={search_term_string}"},"query-input":{"@type":"PropertyValueSpecification","valueRequired":true,"valueName":"search_term_string"}}],"inLanguage":"de"},{"@type":"Organization","@id":"https:\/\/marktxxl.de\/markt\/#organization","name":"Markt-XXL","url":"https:\/\/marktxxl.de\/markt\/","logo":{"@type":"ImageObject","inLanguage":"de","@id":"https:\/\/marktxxl.de\/markt\/#\/schema\/logo\/image\/","url":"https:\/\/marktxxl.de\/markt\/wp-content\/uploads\/sites\/3\/2020\/12\/logo.png","contentUrl":"https:\/\/marktxxl.de\/markt\/wp-content\/uploads\/sites\/3\/2020\/12\/logo.png","width":200,"height":70,"caption":"Markt-XXL"},"image":{"@id":"https:\/\/marktxxl.de\/markt\/#\/schema\/logo\/image\/"}}]}},"_links":{"self":[{"href":"https:\/\/marktxxl.de\/markt\/wp-json\/wp\/v2\/product\/145526","targetHints":{"allow":["GET"]}}],"collection":[{"href":"https:\/\/marktxxl.de\/markt\/wp-json\/wp\/v2\/product"}],"about":[{"href":"https:\/\/marktxxl.de\/markt\/wp-json\/wp\/v2\/types\/product"}],"replies":[{"embeddable":true,"href":"https:\/\/marktxxl.de\/markt\/wp-json\/wp\/v2\/comments?post=145526"}],"wp:featuredmedia":[{"embeddable":true,"href":"https:\/\/marktxxl.de\/markt\/wp-json\/wp\/v2\/media\/145527"}],"wp:attachment":[{"href":"https:\/\/marktxxl.de\/markt\/wp-json\/wp\/v2\/media?parent=145526"}],"wp:term":[{"taxonomy":"product_brand","embeddable":true,"href":"https:\/\/marktxxl.de\/markt\/wp-json\/wp\/v2\/product_brand?post=145526"},{"taxonomy":"product_cat","embeddable":true,"href":"https:\/\/marktxxl.de\/markt\/wp-json\/wp\/v2\/product_cat?post=145526"},{"taxonomy":"product_tag","embeddable":true,"href":"https:\/\/marktxxl.de\/markt\/wp-json\/wp\/v2\/product_tag?post=145526"}],"curies":[{"name":"wp","href":"https:\/\/api.w.org\/{rel}","templated":true}]}}