{"id":145516,"date":"2022-08-13T07:25:37","date_gmt":"2022-08-13T05:25:37","guid":{"rendered":"https:\/\/marktxxl.de\/markt\/produkt\/jemako-sanitaerreiniger-eco-plus-2-liter-kanister-inkl-auslaufhahn\/"},"modified":"2023-04-10T04:30:22","modified_gmt":"2023-04-10T02:30:22","slug":"jemako-sanitaerreiniger-eco-plus-2-liter-kanister-inkl-auslaufhahn","status":"publish","type":"product","link":"https:\/\/marktxxl.de\/markt\/produkt\/jemako-sanitaerreiniger-eco-plus-2-liter-kanister-inkl-auslaufhahn\/","title":{"rendered":"Jemako Sanit\u00e4rreiniger ECO Plus, 2 Liter Kanister inkl. Auslaufhahn"},"content":{"rendered":"<p>Der Jemako Sanit\u00e4rreiniger ist ein sehr effektives und naturvertr\u00e4gliches Reinigungsmittel f\u00fcr alle wasserbest\u00e4ndigen Oberfl\u00e4chen im Bad- und Sanit\u00e4rbereich<br \/>\nentfernt Wasserflecken, Kalk, Rostverfarbungen, Urinstein usw.<br \/>\nsch\u00fctzt die Oberfl\u00e4che vor schneller Wiederanschmutzung<br \/>\noptimal geeignet f\u00fcr alle Kunststoff-, Chrom-, Keramik-, Fliesen-, und Marmoroberfl\u00e4chen<br \/>\ninkl. Jemako Auslaufhahn f\u00fcr alle Jemako Kanister<br \/>\n<div class=\"main-cross-sell\" data-asin=\"B0782MZSCC\">\n\n\t<div class=\"WooZone-cross-sell-loader\">\n\t\t<div>\n\t\t\t<div id=\"floatingBarsG\">\n\t\t\t\t<div class=\"blockG\" id=\"rotateG_01\"><\/div>\n\t\t\t\t<div class=\"blockG\" id=\"rotateG_02\"><\/div>\n\t\t\t\t<div class=\"blockG\" id=\"rotateG_03\"><\/div>\n\t\t\t\t<div class=\"blockG\" id=\"rotateG_04\"><\/div>\n\t\t\t\t<div class=\"blockG\" id=\"rotateG_05\"><\/div>\n\t\t\t\t<div class=\"blockG\" id=\"rotateG_06\"><\/div>\n\t\t\t\t<div class=\"blockG\" id=\"rotateG_07\"><\/div>\n\t\t\t\t<div class=\"blockG\" id=\"rotateG_08\"><\/div>\n\t\t\t<\/div>\n\t\t\t<div class=\"WooZone-cross-sell-loader-text\"><\/div>\n\t\t<\/div>\n\t<\/div>\n\n\t\t\n<\/div>\n<div style=\"clear:both;\"><\/div><\/p>\n","protected":false},"excerpt":{"rendered":"<p>Der Jemako Sanit\u00e4rreiniger ist ein sehr effektives und naturvertr\u00e4gliches Reinigungsmittel f\u00fcr alle wasserbest\u00e4ndigen Oberfl\u00e4chen im Bad- und Sanit\u00e4rbereich<br \/>\nentfernt Wasserflecken, Kalk, Rostverfarbungen, Urinstein usw.<br \/>\nsch\u00fctzt die Oberfl\u00e4che vor schneller Wiederanschmutzung<\/p>\n","protected":false},"featured_media":145517,"comment_status":"open","ping_status":"closed","template":"","meta":[],"product_brand":[],"product_cat":[566,5467],"product_tag":[],"class_list":{"0":"post-145516","1":"product","2":"type-product","3":"status-publish","4":"has-post-thumbnail","6":"product_cat-drogerie-koerperpflege","7":"product_cat-haushaltswaren-reinigungsmittel","8":"pa_binding-badartikel","9":"pa_brand-jemako","10":"pa_manufacturer-jemako","11":"pa_size-2-l-1er-pack","12":"pa_weight-2-kilogramm","14":"first","15":"instock","16":"shipping-taxable","17":"purchasable","18":"product-type-simple","19":"customify-col","20":"product-has-gallery"},"yoast_head":"<!-- This site is optimized with the Yoast SEO plugin v27.4 - https:\/\/yoast.com\/product\/yoast-seo-wordpress\/ -->\n<title>Jemako Sanit\u00e4rreiniger ECO Plus, 2 Liter Kanister inkl. Auslaufhahn - Markt-XXL<\/title>\n<meta name=\"description\" content=\"Markt-XXL Jemako Sanit\u00e4rreiniger ECO Plus, 2 Liter Kanister inkl. Auslaufhahn\" \/>\n<meta name=\"robots\" content=\"index, follow, max-snippet:-1, max-image-preview:large, max-video-preview:-1\" \/>\n<link rel=\"canonical\" href=\"https:\/\/marktxxl.de\/markt\/produkt\/jemako-sanitaerreiniger-eco-plus-2-liter-kanister-inkl-auslaufhahn\/\" \/>\n<meta property=\"og:locale\" content=\"de_DE\" \/>\n<meta property=\"og:type\" content=\"article\" \/>\n<meta property=\"og:title\" content=\"Jemako Sanit\u00e4rreiniger ECO Plus, 2 Liter Kanister inkl. Auslaufhahn - Markt-XXL\" \/>\n<meta property=\"og:description\" content=\"Markt-XXL Jemako Sanit\u00e4rreiniger ECO Plus, 2 Liter Kanister inkl. Auslaufhahn\" \/>\n<meta property=\"og:url\" content=\"https:\/\/marktxxl.de\/markt\/produkt\/jemako-sanitaerreiniger-eco-plus-2-liter-kanister-inkl-auslaufhahn\/\" \/>\n<meta property=\"og:site_name\" content=\"Markt-XXL\" \/>\n<meta property=\"article:modified_time\" content=\"2023-04-10T02:30:22+00:00\" \/>\n<meta property=\"og:image\" content=\"https:\/\/m.media-amazon.com\/images\/I\/51LItzjgg-L._SL500_.jpg\" \/>\n\t<meta property=\"og:image:width\" content=\"454\" \/>\n\t<meta property=\"og:image:height\" content=\"500\" \/>\n\t<meta property=\"og:image:type\" content=\"image\/jpeg\" \/>\n<meta name=\"twitter:card\" content=\"summary_large_image\" \/>\n<script type=\"application\/ld+json\" class=\"yoast-schema-graph\">{\"@context\":\"https:\\\/\\\/schema.org\",\"@graph\":[{\"@type\":\"WebPage\",\"@id\":\"https:\\\/\\\/marktxxl.de\\\/markt\\\/produkt\\\/jemako-sanitaerreiniger-eco-plus-2-liter-kanister-inkl-auslaufhahn\\\/\",\"url\":\"https:\\\/\\\/marktxxl.de\\\/markt\\\/produkt\\\/jemako-sanitaerreiniger-eco-plus-2-liter-kanister-inkl-auslaufhahn\\\/\",\"name\":\"Jemako Sanit\u00e4rreiniger ECO Plus, 2 Liter Kanister inkl. Auslaufhahn - Markt-XXL\",\"isPartOf\":{\"@id\":\"https:\\\/\\\/marktxxl.de\\\/markt\\\/#website\"},\"primaryImageOfPage\":{\"@id\":\"https:\\\/\\\/marktxxl.de\\\/markt\\\/produkt\\\/jemako-sanitaerreiniger-eco-plus-2-liter-kanister-inkl-auslaufhahn\\\/#primaryimage\"},\"image\":{\"@id\":\"https:\\\/\\\/marktxxl.de\\\/markt\\\/produkt\\\/jemako-sanitaerreiniger-eco-plus-2-liter-kanister-inkl-auslaufhahn\\\/#primaryimage\"},\"thumbnailUrl\":\"https:\\\/\\\/m.media-amazon.com\\\/images\\\/I\\\/51LItzjgg-L._SL500_.jpg\",\"datePublished\":\"2022-08-13T05:25:37+00:00\",\"dateModified\":\"2023-04-10T02:30:22+00:00\",\"description\":\"Markt-XXL Jemako Sanit\u00e4rreiniger ECO Plus, 2 Liter Kanister inkl. Auslaufhahn\",\"breadcrumb\":{\"@id\":\"https:\\\/\\\/marktxxl.de\\\/markt\\\/produkt\\\/jemako-sanitaerreiniger-eco-plus-2-liter-kanister-inkl-auslaufhahn\\\/#breadcrumb\"},\"inLanguage\":\"de\",\"potentialAction\":[{\"@type\":\"ReadAction\",\"target\":[\"https:\\\/\\\/marktxxl.de\\\/markt\\\/produkt\\\/jemako-sanitaerreiniger-eco-plus-2-liter-kanister-inkl-auslaufhahn\\\/\"]}]},{\"@type\":\"ImageObject\",\"inLanguage\":\"de\",\"@id\":\"https:\\\/\\\/marktxxl.de\\\/markt\\\/produkt\\\/jemako-sanitaerreiniger-eco-plus-2-liter-kanister-inkl-auslaufhahn\\\/#primaryimage\",\"url\":\"https:\\\/\\\/m.media-amazon.com\\\/images\\\/I\\\/51LItzjgg-L._SL500_.jpg\",\"contentUrl\":\"https:\\\/\\\/m.media-amazon.com\\\/images\\\/I\\\/51LItzjgg-L._SL500_.jpg\",\"width\":454,\"height\":500},{\"@type\":\"BreadcrumbList\",\"@id\":\"https:\\\/\\\/marktxxl.de\\\/markt\\\/produkt\\\/jemako-sanitaerreiniger-eco-plus-2-liter-kanister-inkl-auslaufhahn\\\/#breadcrumb\",\"itemListElement\":[{\"@type\":\"ListItem\",\"position\":1,\"name\":\"Startseite\",\"item\":\"https:\\\/\\\/marktxxl.de\\\/markt\\\/\"},{\"@type\":\"ListItem\",\"position\":2,\"name\":\"Markt\",\"item\":\"https:\\\/\\\/marktxxl.de\\\/markt\\\/\"},{\"@type\":\"ListItem\",\"position\":3,\"name\":\"Jemako Sanit\u00e4rreiniger ECO Plus, 2 Liter Kanister inkl. Auslaufhahn\"}]},{\"@type\":\"WebSite\",\"@id\":\"https:\\\/\\\/marktxxl.de\\\/markt\\\/#website\",\"url\":\"https:\\\/\\\/marktxxl.de\\\/markt\\\/\",\"name\":\"Markt-XXL\",\"description\":\"Ihr Markt Online\",\"publisher\":{\"@id\":\"https:\\\/\\\/marktxxl.de\\\/markt\\\/#organization\"},\"potentialAction\":[{\"@type\":\"SearchAction\",\"target\":{\"@type\":\"EntryPoint\",\"urlTemplate\":\"https:\\\/\\\/marktxxl.de\\\/markt\\\/?s={search_term_string}\"},\"query-input\":{\"@type\":\"PropertyValueSpecification\",\"valueRequired\":true,\"valueName\":\"search_term_string\"}}],\"inLanguage\":\"de\"},{\"@type\":\"Organization\",\"@id\":\"https:\\\/\\\/marktxxl.de\\\/markt\\\/#organization\",\"name\":\"Markt-XXL\",\"url\":\"https:\\\/\\\/marktxxl.de\\\/markt\\\/\",\"logo\":{\"@type\":\"ImageObject\",\"inLanguage\":\"de\",\"@id\":\"https:\\\/\\\/marktxxl.de\\\/markt\\\/#\\\/schema\\\/logo\\\/image\\\/\",\"url\":\"https:\\\/\\\/marktxxl.de\\\/markt\\\/wp-content\\\/uploads\\\/sites\\\/3\\\/2020\\\/12\\\/logo.png\",\"contentUrl\":\"https:\\\/\\\/marktxxl.de\\\/markt\\\/wp-content\\\/uploads\\\/sites\\\/3\\\/2020\\\/12\\\/logo.png\",\"width\":200,\"height\":70,\"caption\":\"Markt-XXL\"},\"image\":{\"@id\":\"https:\\\/\\\/marktxxl.de\\\/markt\\\/#\\\/schema\\\/logo\\\/image\\\/\"}}]}<\/script>\n<!-- \/ Yoast SEO plugin. -->","yoast_head_json":{"title":"Jemako Sanit\u00e4rreiniger ECO Plus, 2 Liter Kanister inkl. Auslaufhahn - Markt-XXL","description":"Markt-XXL Jemako Sanit\u00e4rreiniger ECO Plus, 2 Liter Kanister inkl. Auslaufhahn","robots":{"index":"index","follow":"follow","max-snippet":"max-snippet:-1","max-image-preview":"max-image-preview:large","max-video-preview":"max-video-preview:-1"},"canonical":"https:\/\/marktxxl.de\/markt\/produkt\/jemako-sanitaerreiniger-eco-plus-2-liter-kanister-inkl-auslaufhahn\/","og_locale":"de_DE","og_type":"article","og_title":"Jemako Sanit\u00e4rreiniger ECO Plus, 2 Liter Kanister inkl. Auslaufhahn - Markt-XXL","og_description":"Markt-XXL Jemako Sanit\u00e4rreiniger ECO Plus, 2 Liter Kanister inkl. Auslaufhahn","og_url":"https:\/\/marktxxl.de\/markt\/produkt\/jemako-sanitaerreiniger-eco-plus-2-liter-kanister-inkl-auslaufhahn\/","og_site_name":"Markt-XXL","article_modified_time":"2023-04-10T02:30:22+00:00","og_image":[{"width":454,"height":500,"url":"https:\/\/m.media-amazon.com\/images\/I\/51LItzjgg-L._SL500_.jpg","type":"image\/jpeg"}],"twitter_card":"summary_large_image","schema":{"@context":"https:\/\/schema.org","@graph":[{"@type":"WebPage","@id":"https:\/\/marktxxl.de\/markt\/produkt\/jemako-sanitaerreiniger-eco-plus-2-liter-kanister-inkl-auslaufhahn\/","url":"https:\/\/marktxxl.de\/markt\/produkt\/jemako-sanitaerreiniger-eco-plus-2-liter-kanister-inkl-auslaufhahn\/","name":"Jemako Sanit\u00e4rreiniger ECO Plus, 2 Liter Kanister inkl. Auslaufhahn - Markt-XXL","isPartOf":{"@id":"https:\/\/marktxxl.de\/markt\/#website"},"primaryImageOfPage":{"@id":"https:\/\/marktxxl.de\/markt\/produkt\/jemako-sanitaerreiniger-eco-plus-2-liter-kanister-inkl-auslaufhahn\/#primaryimage"},"image":{"@id":"https:\/\/marktxxl.de\/markt\/produkt\/jemako-sanitaerreiniger-eco-plus-2-liter-kanister-inkl-auslaufhahn\/#primaryimage"},"thumbnailUrl":"https:\/\/m.media-amazon.com\/images\/I\/51LItzjgg-L._SL500_.jpg","datePublished":"2022-08-13T05:25:37+00:00","dateModified":"2023-04-10T02:30:22+00:00","description":"Markt-XXL Jemako Sanit\u00e4rreiniger ECO Plus, 2 Liter Kanister inkl. Auslaufhahn","breadcrumb":{"@id":"https:\/\/marktxxl.de\/markt\/produkt\/jemako-sanitaerreiniger-eco-plus-2-liter-kanister-inkl-auslaufhahn\/#breadcrumb"},"inLanguage":"de","potentialAction":[{"@type":"ReadAction","target":["https:\/\/marktxxl.de\/markt\/produkt\/jemako-sanitaerreiniger-eco-plus-2-liter-kanister-inkl-auslaufhahn\/"]}]},{"@type":"ImageObject","inLanguage":"de","@id":"https:\/\/marktxxl.de\/markt\/produkt\/jemako-sanitaerreiniger-eco-plus-2-liter-kanister-inkl-auslaufhahn\/#primaryimage","url":"https:\/\/m.media-amazon.com\/images\/I\/51LItzjgg-L._SL500_.jpg","contentUrl":"https:\/\/m.media-amazon.com\/images\/I\/51LItzjgg-L._SL500_.jpg","width":454,"height":500},{"@type":"BreadcrumbList","@id":"https:\/\/marktxxl.de\/markt\/produkt\/jemako-sanitaerreiniger-eco-plus-2-liter-kanister-inkl-auslaufhahn\/#breadcrumb","itemListElement":[{"@type":"ListItem","position":1,"name":"Startseite","item":"https:\/\/marktxxl.de\/markt\/"},{"@type":"ListItem","position":2,"name":"Markt","item":"https:\/\/marktxxl.de\/markt\/"},{"@type":"ListItem","position":3,"name":"Jemako Sanit\u00e4rreiniger ECO Plus, 2 Liter Kanister inkl. Auslaufhahn"}]},{"@type":"WebSite","@id":"https:\/\/marktxxl.de\/markt\/#website","url":"https:\/\/marktxxl.de\/markt\/","name":"Markt-XXL","description":"Ihr Markt Online","publisher":{"@id":"https:\/\/marktxxl.de\/markt\/#organization"},"potentialAction":[{"@type":"SearchAction","target":{"@type":"EntryPoint","urlTemplate":"https:\/\/marktxxl.de\/markt\/?s={search_term_string}"},"query-input":{"@type":"PropertyValueSpecification","valueRequired":true,"valueName":"search_term_string"}}],"inLanguage":"de"},{"@type":"Organization","@id":"https:\/\/marktxxl.de\/markt\/#organization","name":"Markt-XXL","url":"https:\/\/marktxxl.de\/markt\/","logo":{"@type":"ImageObject","inLanguage":"de","@id":"https:\/\/marktxxl.de\/markt\/#\/schema\/logo\/image\/","url":"https:\/\/marktxxl.de\/markt\/wp-content\/uploads\/sites\/3\/2020\/12\/logo.png","contentUrl":"https:\/\/marktxxl.de\/markt\/wp-content\/uploads\/sites\/3\/2020\/12\/logo.png","width":200,"height":70,"caption":"Markt-XXL"},"image":{"@id":"https:\/\/marktxxl.de\/markt\/#\/schema\/logo\/image\/"}}]}},"_links":{"self":[{"href":"https:\/\/marktxxl.de\/markt\/wp-json\/wp\/v2\/product\/145516","targetHints":{"allow":["GET"]}}],"collection":[{"href":"https:\/\/marktxxl.de\/markt\/wp-json\/wp\/v2\/product"}],"about":[{"href":"https:\/\/marktxxl.de\/markt\/wp-json\/wp\/v2\/types\/product"}],"replies":[{"embeddable":true,"href":"https:\/\/marktxxl.de\/markt\/wp-json\/wp\/v2\/comments?post=145516"}],"wp:featuredmedia":[{"embeddable":true,"href":"https:\/\/marktxxl.de\/markt\/wp-json\/wp\/v2\/media\/145517"}],"wp:attachment":[{"href":"https:\/\/marktxxl.de\/markt\/wp-json\/wp\/v2\/media?parent=145516"}],"wp:term":[{"taxonomy":"product_brand","embeddable":true,"href":"https:\/\/marktxxl.de\/markt\/wp-json\/wp\/v2\/product_brand?post=145516"},{"taxonomy":"product_cat","embeddable":true,"href":"https:\/\/marktxxl.de\/markt\/wp-json\/wp\/v2\/product_cat?post=145516"},{"taxonomy":"product_tag","embeddable":true,"href":"https:\/\/marktxxl.de\/markt\/wp-json\/wp\/v2\/product_tag?post=145516"}],"curies":[{"name":"wp","href":"https:\/\/api.w.org\/{rel}","templated":true}]}}