{"id":145457,"date":"2022-08-13T07:07:25","date_gmt":"2022-08-13T05:07:25","guid":{"rendered":"https:\/\/marktxxl.de\/markt\/produkt\/always\/"},"modified":"2023-04-06T03:37:39","modified_gmt":"2023-04-06T01:37:39","slug":"always","status":"publish","type":"product","link":"https:\/\/marktxxl.de\/markt\/produkt\/always\/","title":{"rendered":"Always"},"content":{"rendered":"<p>Beinhaltet: (2) 27-count Paket von Always Maxi Gr\u00f6\u00dfe 5\u00a0extra schwere \u00fcber Nacht Pads mit flexiblen Fl\u00fcgeln, duftneutral. (inklusive (2) 27-count Pakete, so dass Sie bekommen 54\u00a0Pads insgesamt.) Jumbo-Pack. \u00dcber 4\u00a0Monate Versorgung.<br \/>\nsind sie sicher, dass Sie nicht die richtige Passform&#8230; Die falsche Passform zu Lecks f\u00fchren kann. Step Up in der Gr\u00f6\u00dfe zu einen auslaufsicheren werden. F\u00fcr \u00fcber Nacht Schutz, Always Maxi Gr\u00f6\u00dfe 5\u00a0extra schwere \u00fcber Nacht Pads mit flexiblen Fl\u00fcgeln haben eine 2\u00a0x gr\u00f6\u00dfere to Back to Help Stop Leckagen am Abend, plus eine LeakGuard Core, in Sekunden absorbiert und gibt Ihnen bis zu 10\u00a0Stunden Schutz.<br \/>\n2\u00a0x gr\u00f6\u00dfere zur\u00fcck zum bieten bessere Deckung f\u00fcr unsere besten \u00fcber Nacht Schutz. (VS. ALWAYS Maxi Regular mit Fl\u00fcgeln.)<br \/>\nLeakGuard Core absorbiert in Sekunden f\u00fcr bis zu 10\u00a0Stunden Schutz.<br \/>\nflexiblen Fl\u00fcgeln flexible Design. ALWAYS Maxi, Gr\u00f6\u00dfe 5, extra schwere \u00fcber Nacht Pads mit flexiblen Fl\u00fcgeln haben eine flexible Design f\u00fcr unsere besten Schutz im Dunkeln.<br \/>\n<div class=\"main-cross-sell\" data-asin=\"B071HRZ431\">\n\n\t<div class=\"WooZone-cross-sell-loader\">\n\t\t<div>\n\t\t\t<div id=\"floatingBarsG\">\n\t\t\t\t<div class=\"blockG\" id=\"rotateG_01\"><\/div>\n\t\t\t\t<div class=\"blockG\" id=\"rotateG_02\"><\/div>\n\t\t\t\t<div class=\"blockG\" id=\"rotateG_03\"><\/div>\n\t\t\t\t<div class=\"blockG\" id=\"rotateG_04\"><\/div>\n\t\t\t\t<div class=\"blockG\" id=\"rotateG_05\"><\/div>\n\t\t\t\t<div class=\"blockG\" id=\"rotateG_06\"><\/div>\n\t\t\t\t<div class=\"blockG\" id=\"rotateG_07\"><\/div>\n\t\t\t\t<div class=\"blockG\" id=\"rotateG_08\"><\/div>\n\t\t\t<\/div>\n\t\t\t<div class=\"WooZone-cross-sell-loader-text\"><\/div>\n\t\t<\/div>\n\t<\/div>\n\n\t\t\n<\/div>\n<div style=\"clear:both;\"><\/div><\/p>\n","protected":false},"excerpt":{"rendered":"<p>Beinhaltet: (2) 27-count Paket von Always Maxi Gr\u00f6\u00dfe 5\u00a0extra schwere \u00fcber Nacht Pads mit flexiblen Fl\u00fcgeln, duftneutral. (inklusive (2) 27-count Pakete, so dass Sie bekommen 54\u00a0Pads insgesamt.) Jumbo-Pack. \u00dcber 4\u00a0Monate Versorgung.<br \/>\nsind sie sicher, dass Sie nicht die richtige Passform&#8230; Die falsche Passform zu Lecks f\u00fchren kann. Step Up in der Gr\u00f6\u00dfe zu einen auslaufsicheren werden. F\u00fcr \u00fcber Nacht Schutz, Always Maxi Gr\u00f6\u00dfe 5\u00a0extra schwere \u00fcber Nacht Pads mit flexiblen Fl\u00fcgeln haben eine 2\u00a0x gr\u00f6\u00dfere to Back to Help Stop Leckagen am Abend, plus eine LeakGuard Core, in Sekunden absorbiert und gibt Ihnen bis zu 10\u00a0Stunden Schutz.<br \/>\n2\u00a0x gr\u00f6\u00dfere zur\u00fcck zum bieten bessere Deckung f\u00fcr unsere besten \u00fcber Nacht Schutz. (VS. ALWAYS Maxi Regular mit Fl\u00fcgeln.)<\/p>\n","protected":false},"featured_media":145458,"comment_status":"open","ping_status":"closed","template":"","meta":[],"product_brand":[],"product_cat":[566,5680],"product_tag":[],"class_list":{"0":"post-145457","1":"product","2":"type-product","3":"status-publish","4":"has-post-thumbnail","6":"product_cat-drogerie-koerperpflege","7":"product_cat-intime-pflege-hygiene","8":"pa_binding-badartikel","9":"pa_brand-always","10":"pa_height-7-6-zoll","11":"pa_length-11-4-zoll","12":"pa_manufacturer-always-maxi","13":"pa_model-6690","14":"pa_width-8-zoll","16":"first","17":"instock","18":"shipping-taxable","19":"purchasable","20":"product-type-simple","21":"customify-col","22":"product-has-gallery"},"yoast_head":"<!-- This site is optimized with the Yoast SEO plugin v27.3 - https:\/\/yoast.com\/product\/yoast-seo-wordpress\/ -->\n<title>Always - Markt-XXL<\/title>\n<meta name=\"description\" content=\"Markt-XXL Always\" \/>\n<meta name=\"robots\" content=\"index, follow, max-snippet:-1, max-image-preview:large, max-video-preview:-1\" \/>\n<link rel=\"canonical\" href=\"https:\/\/marktxxl.de\/markt\/produkt\/always\/\" \/>\n<meta property=\"og:locale\" content=\"de_DE\" \/>\n<meta property=\"og:type\" content=\"article\" \/>\n<meta property=\"og:title\" content=\"Always - Markt-XXL\" \/>\n<meta property=\"og:description\" content=\"Markt-XXL Always\" \/>\n<meta property=\"og:url\" content=\"https:\/\/marktxxl.de\/markt\/produkt\/always\/\" \/>\n<meta property=\"og:site_name\" content=\"Markt-XXL\" \/>\n<meta property=\"article:modified_time\" content=\"2023-04-06T01:37:39+00:00\" \/>\n<meta property=\"og:image\" content=\"https:\/\/m.media-amazon.com\/images\/I\/51EozXDQP0L._SL500_.jpg\" \/>\n\t<meta property=\"og:image:width\" content=\"500\" \/>\n\t<meta property=\"og:image:height\" content=\"342\" \/>\n\t<meta property=\"og:image:type\" content=\"image\/jpeg\" \/>\n<meta name=\"twitter:card\" content=\"summary_large_image\" \/>\n<meta name=\"twitter:label1\" content=\"Gesch\u00e4tzte Lesezeit\" \/>\n\t<meta name=\"twitter:data1\" content=\"1\u00a0Minute\" \/>\n<script type=\"application\/ld+json\" class=\"yoast-schema-graph\">{\"@context\":\"https:\\\/\\\/schema.org\",\"@graph\":[{\"@type\":\"WebPage\",\"@id\":\"https:\\\/\\\/marktxxl.de\\\/markt\\\/produkt\\\/always\\\/\",\"url\":\"https:\\\/\\\/marktxxl.de\\\/markt\\\/produkt\\\/always\\\/\",\"name\":\"Always - Markt-XXL\",\"isPartOf\":{\"@id\":\"https:\\\/\\\/marktxxl.de\\\/markt\\\/#website\"},\"primaryImageOfPage\":{\"@id\":\"https:\\\/\\\/marktxxl.de\\\/markt\\\/produkt\\\/always\\\/#primaryimage\"},\"image\":{\"@id\":\"https:\\\/\\\/marktxxl.de\\\/markt\\\/produkt\\\/always\\\/#primaryimage\"},\"thumbnailUrl\":\"https:\\\/\\\/m.media-amazon.com\\\/images\\\/I\\\/51EozXDQP0L._SL500_.jpg\",\"datePublished\":\"2022-08-13T05:07:25+00:00\",\"dateModified\":\"2023-04-06T01:37:39+00:00\",\"description\":\"Markt-XXL Always\",\"breadcrumb\":{\"@id\":\"https:\\\/\\\/marktxxl.de\\\/markt\\\/produkt\\\/always\\\/#breadcrumb\"},\"inLanguage\":\"de\",\"potentialAction\":[{\"@type\":\"ReadAction\",\"target\":[\"https:\\\/\\\/marktxxl.de\\\/markt\\\/produkt\\\/always\\\/\"]}]},{\"@type\":\"ImageObject\",\"inLanguage\":\"de\",\"@id\":\"https:\\\/\\\/marktxxl.de\\\/markt\\\/produkt\\\/always\\\/#primaryimage\",\"url\":\"https:\\\/\\\/m.media-amazon.com\\\/images\\\/I\\\/51EozXDQP0L._SL500_.jpg\",\"contentUrl\":\"https:\\\/\\\/m.media-amazon.com\\\/images\\\/I\\\/51EozXDQP0L._SL500_.jpg\",\"width\":500,\"height\":342},{\"@type\":\"BreadcrumbList\",\"@id\":\"https:\\\/\\\/marktxxl.de\\\/markt\\\/produkt\\\/always\\\/#breadcrumb\",\"itemListElement\":[{\"@type\":\"ListItem\",\"position\":1,\"name\":\"Startseite\",\"item\":\"https:\\\/\\\/marktxxl.de\\\/markt\\\/\"},{\"@type\":\"ListItem\",\"position\":2,\"name\":\"Markt\",\"item\":\"https:\\\/\\\/marktxxl.de\\\/markt\\\/\"},{\"@type\":\"ListItem\",\"position\":3,\"name\":\"Always\"}]},{\"@type\":\"WebSite\",\"@id\":\"https:\\\/\\\/marktxxl.de\\\/markt\\\/#website\",\"url\":\"https:\\\/\\\/marktxxl.de\\\/markt\\\/\",\"name\":\"Markt-XXL\",\"description\":\"Ihr Markt Online\",\"publisher\":{\"@id\":\"https:\\\/\\\/marktxxl.de\\\/markt\\\/#organization\"},\"potentialAction\":[{\"@type\":\"SearchAction\",\"target\":{\"@type\":\"EntryPoint\",\"urlTemplate\":\"https:\\\/\\\/marktxxl.de\\\/markt\\\/?s={search_term_string}\"},\"query-input\":{\"@type\":\"PropertyValueSpecification\",\"valueRequired\":true,\"valueName\":\"search_term_string\"}}],\"inLanguage\":\"de\"},{\"@type\":\"Organization\",\"@id\":\"https:\\\/\\\/marktxxl.de\\\/markt\\\/#organization\",\"name\":\"Markt-XXL\",\"url\":\"https:\\\/\\\/marktxxl.de\\\/markt\\\/\",\"logo\":{\"@type\":\"ImageObject\",\"inLanguage\":\"de\",\"@id\":\"https:\\\/\\\/marktxxl.de\\\/markt\\\/#\\\/schema\\\/logo\\\/image\\\/\",\"url\":\"https:\\\/\\\/marktxxl.de\\\/markt\\\/wp-content\\\/uploads\\\/sites\\\/3\\\/2020\\\/12\\\/logo.png\",\"contentUrl\":\"https:\\\/\\\/marktxxl.de\\\/markt\\\/wp-content\\\/uploads\\\/sites\\\/3\\\/2020\\\/12\\\/logo.png\",\"width\":200,\"height\":70,\"caption\":\"Markt-XXL\"},\"image\":{\"@id\":\"https:\\\/\\\/marktxxl.de\\\/markt\\\/#\\\/schema\\\/logo\\\/image\\\/\"}}]}<\/script>\n<!-- \/ Yoast SEO plugin. -->","yoast_head_json":{"title":"Always - Markt-XXL","description":"Markt-XXL Always","robots":{"index":"index","follow":"follow","max-snippet":"max-snippet:-1","max-image-preview":"max-image-preview:large","max-video-preview":"max-video-preview:-1"},"canonical":"https:\/\/marktxxl.de\/markt\/produkt\/always\/","og_locale":"de_DE","og_type":"article","og_title":"Always - Markt-XXL","og_description":"Markt-XXL Always","og_url":"https:\/\/marktxxl.de\/markt\/produkt\/always\/","og_site_name":"Markt-XXL","article_modified_time":"2023-04-06T01:37:39+00:00","og_image":[{"width":500,"height":342,"url":"https:\/\/m.media-amazon.com\/images\/I\/51EozXDQP0L._SL500_.jpg","type":"image\/jpeg"}],"twitter_card":"summary_large_image","twitter_misc":{"Gesch\u00e4tzte Lesezeit":"1\u00a0Minute"},"schema":{"@context":"https:\/\/schema.org","@graph":[{"@type":"WebPage","@id":"https:\/\/marktxxl.de\/markt\/produkt\/always\/","url":"https:\/\/marktxxl.de\/markt\/produkt\/always\/","name":"Always - Markt-XXL","isPartOf":{"@id":"https:\/\/marktxxl.de\/markt\/#website"},"primaryImageOfPage":{"@id":"https:\/\/marktxxl.de\/markt\/produkt\/always\/#primaryimage"},"image":{"@id":"https:\/\/marktxxl.de\/markt\/produkt\/always\/#primaryimage"},"thumbnailUrl":"https:\/\/m.media-amazon.com\/images\/I\/51EozXDQP0L._SL500_.jpg","datePublished":"2022-08-13T05:07:25+00:00","dateModified":"2023-04-06T01:37:39+00:00","description":"Markt-XXL Always","breadcrumb":{"@id":"https:\/\/marktxxl.de\/markt\/produkt\/always\/#breadcrumb"},"inLanguage":"de","potentialAction":[{"@type":"ReadAction","target":["https:\/\/marktxxl.de\/markt\/produkt\/always\/"]}]},{"@type":"ImageObject","inLanguage":"de","@id":"https:\/\/marktxxl.de\/markt\/produkt\/always\/#primaryimage","url":"https:\/\/m.media-amazon.com\/images\/I\/51EozXDQP0L._SL500_.jpg","contentUrl":"https:\/\/m.media-amazon.com\/images\/I\/51EozXDQP0L._SL500_.jpg","width":500,"height":342},{"@type":"BreadcrumbList","@id":"https:\/\/marktxxl.de\/markt\/produkt\/always\/#breadcrumb","itemListElement":[{"@type":"ListItem","position":1,"name":"Startseite","item":"https:\/\/marktxxl.de\/markt\/"},{"@type":"ListItem","position":2,"name":"Markt","item":"https:\/\/marktxxl.de\/markt\/"},{"@type":"ListItem","position":3,"name":"Always"}]},{"@type":"WebSite","@id":"https:\/\/marktxxl.de\/markt\/#website","url":"https:\/\/marktxxl.de\/markt\/","name":"Markt-XXL","description":"Ihr Markt Online","publisher":{"@id":"https:\/\/marktxxl.de\/markt\/#organization"},"potentialAction":[{"@type":"SearchAction","target":{"@type":"EntryPoint","urlTemplate":"https:\/\/marktxxl.de\/markt\/?s={search_term_string}"},"query-input":{"@type":"PropertyValueSpecification","valueRequired":true,"valueName":"search_term_string"}}],"inLanguage":"de"},{"@type":"Organization","@id":"https:\/\/marktxxl.de\/markt\/#organization","name":"Markt-XXL","url":"https:\/\/marktxxl.de\/markt\/","logo":{"@type":"ImageObject","inLanguage":"de","@id":"https:\/\/marktxxl.de\/markt\/#\/schema\/logo\/image\/","url":"https:\/\/marktxxl.de\/markt\/wp-content\/uploads\/sites\/3\/2020\/12\/logo.png","contentUrl":"https:\/\/marktxxl.de\/markt\/wp-content\/uploads\/sites\/3\/2020\/12\/logo.png","width":200,"height":70,"caption":"Markt-XXL"},"image":{"@id":"https:\/\/marktxxl.de\/markt\/#\/schema\/logo\/image\/"}}]}},"_links":{"self":[{"href":"https:\/\/marktxxl.de\/markt\/wp-json\/wp\/v2\/product\/145457","targetHints":{"allow":["GET"]}}],"collection":[{"href":"https:\/\/marktxxl.de\/markt\/wp-json\/wp\/v2\/product"}],"about":[{"href":"https:\/\/marktxxl.de\/markt\/wp-json\/wp\/v2\/types\/product"}],"replies":[{"embeddable":true,"href":"https:\/\/marktxxl.de\/markt\/wp-json\/wp\/v2\/comments?post=145457"}],"wp:featuredmedia":[{"embeddable":true,"href":"https:\/\/marktxxl.de\/markt\/wp-json\/wp\/v2\/media\/145458"}],"wp:attachment":[{"href":"https:\/\/marktxxl.de\/markt\/wp-json\/wp\/v2\/media?parent=145457"}],"wp:term":[{"taxonomy":"product_brand","embeddable":true,"href":"https:\/\/marktxxl.de\/markt\/wp-json\/wp\/v2\/product_brand?post=145457"},{"taxonomy":"product_cat","embeddable":true,"href":"https:\/\/marktxxl.de\/markt\/wp-json\/wp\/v2\/product_cat?post=145457"},{"taxonomy":"product_tag","embeddable":true,"href":"https:\/\/marktxxl.de\/markt\/wp-json\/wp\/v2\/product_tag?post=145457"}],"curies":[{"name":"wp","href":"https:\/\/api.w.org\/{rel}","templated":true}]}}