{"id":145267,"date":"2022-08-13T06:37:18","date_gmt":"2022-08-13T04:37:18","guid":{"rendered":"https:\/\/marktxxl.de\/markt\/produkt\/solar-lichtschlauch-schnur-lichter-aussenkingcoo-wasserdichte-72ft-200led-8-modi-kupfer-draht-seil-rohr-funkelnden-solar-lichterketten-fuer-garten-hochzeit-party-weihnachts-dekorationen\/"},"modified":"2023-04-09T04:03:32","modified_gmt":"2023-04-09T02:03:32","slug":"solar-lichtschlauch-schnur-lichter-aussenkingcoo-wasserdichte-72ft-200led-8-modi-kupfer-draht-seil-rohr-funkelnden-solar-lichterketten-fuer-garten-hochzeit-party-weihnachts-dekorationen","status":"publish","type":"product","link":"https:\/\/marktxxl.de\/markt\/produkt\/solar-lichtschlauch-schnur-lichter-aussenkingcoo-wasserdichte-72ft-200led-8-modi-kupfer-draht-seil-rohr-funkelnden-solar-lichterketten-fuer-garten-hochzeit-party-weihnachts-dekorationen\/","title":{"rendered":"Solar Lichtschlauch Schnur Lichter Au\u00dfen,KINGCOO Wasserdichte 72FT 200LED 8 Modi Kupfer Draht Seil Rohr Funkelnden Solar\u2026"},"content":{"rendered":"<p>\u3010Solarbetriebene Lichterkette mit Lichterkette\u3011 Jede Lichterkette ist mit 72-Fu\u00df-Kupferdraht und 200 leuchtenden Micro-LEDs ausgestattet. Sie haben einen st\u00e4ndigen 360-Grad-Betrachtungswinkel, den sie in alle Richtungen ausleuchten. Ideal f\u00fcr die Dekoration Ihrer G\u00e4rten, Terrasse, Tor, Hof, Hochzeit, Party usw.<br \/>\n\u3010Formbar &amp; langlebig\u3011 Diese Seillampen zeichnen sich durch biegbare PVC-Rohre aus, die es Ihnen erm\u00f6glichen, die Leuchten nach Ihren W\u00fcnschen zu gestalten, dabei aber ein Durcheinander zu vermeiden. Keine Sorge, sie im Regen zu benutzen<br \/>\n\u3010EINFACH ZU INSTALLIEREN\u3011 Eingebauter 1800-mA-AA-Akku NI-MH (kann durch einen Akku ersetzt werden). Keine Verkabelung erforderlich, KEINE BATTERIE. An die Wand, Fenster, T\u00fcr, Boden, Decke, Gras, Weihnachtsbaum oder Geb\u00e4ude setzen. F\u00fcgen Sie Ihrem Zuhause, Terrasse, Rasen, Garten, Baumhaus, Pavillon, Pergola, Balkon, Bars die perfekte Atmosph\u00e4re hinzu.<br \/>\n\u30108 BELEUCHTUNGSMODI f\u00fcr viel Spa\u00df\u3011 Eingebauter 1800-mA-AA-Ni-MH-Akku (kann durch wiederaufladbaren Akku ersetzt werden). Wundersch\u00f6ne Beleuchtungsmodi einschlie\u00dflich Kombination, Gl\u00fchw\u00fcrmchen blinken, Wellen, Fading, Jagen \/ Blinken, langsames Flackern \/ blinkt und leuchtet konstant, wodurch verschiedene Atmosph\u00e4ren f\u00fcr Ihr Leben geschaffen werden k\u00f6nnen. Flexible Kupferverkabelung kann leicht die gew\u00fcnschten Formen erzeugen. Baumst\u00e4mme oder Pavillons umwickeln<br \/>\n\u3010Gro\u00dfe Anl\u00e4sse bei Feiern\u3011 Sie k\u00f6nnen von ihrem leichten Feeneffekt im Urlaub, bei Feiern und Hochzeiten profitieren, um Blumenstr\u00e4u\u00dfe, Tische und Decken hervorzuheben. Die solarbetriebene Gartenlaterne eignet sich ideal zum Dekorieren von Weihnachtsb\u00e4umen, Durchg\u00e4ngen, Garten, Terrasse, Hochzeit, Party usw.<br \/>\n<div class=\"main-cross-sell\" data-asin=\"B07R47NKDQ\">\n\n\t<div class=\"WooZone-cross-sell-loader\">\n\t\t<div>\n\t\t\t<div id=\"floatingBarsG\">\n\t\t\t\t<div class=\"blockG\" id=\"rotateG_01\"><\/div>\n\t\t\t\t<div class=\"blockG\" id=\"rotateG_02\"><\/div>\n\t\t\t\t<div class=\"blockG\" id=\"rotateG_03\"><\/div>\n\t\t\t\t<div class=\"blockG\" id=\"rotateG_04\"><\/div>\n\t\t\t\t<div class=\"blockG\" id=\"rotateG_05\"><\/div>\n\t\t\t\t<div class=\"blockG\" id=\"rotateG_06\"><\/div>\n\t\t\t\t<div class=\"blockG\" id=\"rotateG_07\"><\/div>\n\t\t\t\t<div class=\"blockG\" id=\"rotateG_08\"><\/div>\n\t\t\t<\/div>\n\t\t\t<div class=\"WooZone-cross-sell-loader-text\"><\/div>\n\t\t<\/div>\n\t<\/div>\n\n\t\t\n<\/div>\n<div style=\"clear:both;\"><\/div><\/p>\n","protected":false},"excerpt":{"rendered":"<p>\u3010Solarbetriebene Lichterkette mit Lichterkette\u3011 Jede Lichterkette ist mit 72-Fu\u00df-Kupferdraht und 200 leuchtenden Micro-LEDs ausgestattet. Sie haben einen st\u00e4ndigen 360-Grad-Betrachtungswinkel, den sie in alle Richtungen ausleuchten. Ideal f\u00fcr die Dekoration Ihrer G\u00e4rten, Terrasse, Tor, Hof, Hochzeit, Party usw.<br \/>\n\u3010Formbar &amp; langlebig\u3011 Diese Seillampen zeichnen sich durch biegbare PVC-Rohre aus, die es Ihnen erm\u00f6glichen, die Leuchten nach Ihren W\u00fcnschen zu gestalten, dabei aber ein Durcheinander zu vermeiden. Keine Sorge, sie im Regen zu benutzen<br \/>\n\u3010EINFACH ZU INSTALLIEREN\u3011 Eingebauter 1800-mA-AA-Akku NI-MH (kann durch einen Akku ersetzt werden). Keine Verkabelung erforderlich, KEINE BATTERIE. An die Wand, Fenster, T\u00fcr, Boden, Decke, Gras, Weihnachtsbaum oder Geb\u00e4ude setzen. F\u00fcgen Sie Ihrem Zuhause, Terrasse, Rasen, Garten, Baumhaus, Pavillon, Pergola, Balkon, Bars die perfekte Atmosph\u00e4re hinzu.<\/p>\n","protected":false},"featured_media":145268,"comment_status":"open","ping_status":"closed","template":"","meta":[],"product_brand":[],"product_cat":[2108,15623],"product_tag":[],"class_list":{"0":"post-145267","1":"product","2":"type-product","3":"status-publish","4":"has-post-thumbnail","6":"product_cat-beleuchtung","7":"product_cat-lichtschlaeuche","8":"pa_brand-kingcoo","9":"pa_manufacturer-kingcoo","11":"first","12":"instock","13":"shipping-taxable","14":"purchasable","15":"product-type-simple","16":"customify-col","17":"product-has-gallery"},"yoast_head":"<!-- This site is optimized with the Yoast SEO plugin v27.4 - https:\/\/yoast.com\/product\/yoast-seo-wordpress\/ -->\n<title>Solar Lichtschlauch Schnur Lichter Au\u00dfen,KINGCOO Wasserdichte 72FT 200LED 8 Modi Kupfer Draht Seil Rohr Funkelnden Solar\u2026 - Markt-XXL<\/title>\n<meta name=\"description\" content=\"Markt-XXL Solar Lichtschlauch Schnur Lichter Au\u00dfen,KINGCOO Wasserdichte 72FT 200LED 8 Modi Kupfer Draht Seil Rohr Funkelnden Solar\u2026\" \/>\n<meta name=\"robots\" content=\"index, follow, max-snippet:-1, max-image-preview:large, max-video-preview:-1\" \/>\n<link rel=\"canonical\" href=\"https:\/\/marktxxl.de\/markt\/produkt\/solar-lichtschlauch-schnur-lichter-aussenkingcoo-wasserdichte-72ft-200led-8-modi-kupfer-draht-seil-rohr-funkelnden-solar-lichterketten-fuer-garten-hochzeit-party-weihnachts-dekorationen\/\" \/>\n<meta property=\"og:locale\" content=\"de_DE\" \/>\n<meta property=\"og:type\" content=\"article\" \/>\n<meta property=\"og:title\" content=\"Solar Lichtschlauch Schnur Lichter Au\u00dfen,KINGCOO Wasserdichte 72FT 200LED 8 Modi Kupfer Draht Seil Rohr Funkelnden Solar\u2026 - Markt-XXL\" \/>\n<meta property=\"og:description\" content=\"Markt-XXL Solar Lichtschlauch Schnur Lichter Au\u00dfen,KINGCOO Wasserdichte 72FT 200LED 8 Modi Kupfer Draht Seil Rohr Funkelnden Solar\u2026\" \/>\n<meta property=\"og:url\" content=\"https:\/\/marktxxl.de\/markt\/produkt\/solar-lichtschlauch-schnur-lichter-aussenkingcoo-wasserdichte-72ft-200led-8-modi-kupfer-draht-seil-rohr-funkelnden-solar-lichterketten-fuer-garten-hochzeit-party-weihnachts-dekorationen\/\" \/>\n<meta property=\"og:site_name\" content=\"Markt-XXL\" \/>\n<meta property=\"article:modified_time\" content=\"2023-04-09T02:03:32+00:00\" \/>\n<meta property=\"og:image\" content=\"https:\/\/m.media-amazon.com\/images\/I\/51EowWw3qeL._SL500_.jpg\" \/>\n\t<meta property=\"og:image:width\" content=\"500\" \/>\n\t<meta property=\"og:image:height\" content=\"478\" \/>\n\t<meta property=\"og:image:type\" content=\"image\/jpeg\" \/>\n<meta name=\"twitter:card\" content=\"summary_large_image\" \/>\n<meta name=\"twitter:label1\" content=\"Gesch\u00e4tzte Lesezeit\" \/>\n\t<meta name=\"twitter:data1\" content=\"1\u00a0Minute\" \/>\n<script type=\"application\/ld+json\" class=\"yoast-schema-graph\">{\"@context\":\"https:\\\/\\\/schema.org\",\"@graph\":[{\"@type\":\"WebPage\",\"@id\":\"https:\\\/\\\/marktxxl.de\\\/markt\\\/produkt\\\/solar-lichtschlauch-schnur-lichter-aussenkingcoo-wasserdichte-72ft-200led-8-modi-kupfer-draht-seil-rohr-funkelnden-solar-lichterketten-fuer-garten-hochzeit-party-weihnachts-dekorationen\\\/\",\"url\":\"https:\\\/\\\/marktxxl.de\\\/markt\\\/produkt\\\/solar-lichtschlauch-schnur-lichter-aussenkingcoo-wasserdichte-72ft-200led-8-modi-kupfer-draht-seil-rohr-funkelnden-solar-lichterketten-fuer-garten-hochzeit-party-weihnachts-dekorationen\\\/\",\"name\":\"Solar Lichtschlauch Schnur Lichter Au\u00dfen,KINGCOO Wasserdichte 72FT 200LED 8 Modi Kupfer Draht Seil Rohr Funkelnden Solar\u2026 - Markt-XXL\",\"isPartOf\":{\"@id\":\"https:\\\/\\\/marktxxl.de\\\/markt\\\/#website\"},\"primaryImageOfPage\":{\"@id\":\"https:\\\/\\\/marktxxl.de\\\/markt\\\/produkt\\\/solar-lichtschlauch-schnur-lichter-aussenkingcoo-wasserdichte-72ft-200led-8-modi-kupfer-draht-seil-rohr-funkelnden-solar-lichterketten-fuer-garten-hochzeit-party-weihnachts-dekorationen\\\/#primaryimage\"},\"image\":{\"@id\":\"https:\\\/\\\/marktxxl.de\\\/markt\\\/produkt\\\/solar-lichtschlauch-schnur-lichter-aussenkingcoo-wasserdichte-72ft-200led-8-modi-kupfer-draht-seil-rohr-funkelnden-solar-lichterketten-fuer-garten-hochzeit-party-weihnachts-dekorationen\\\/#primaryimage\"},\"thumbnailUrl\":\"https:\\\/\\\/m.media-amazon.com\\\/images\\\/I\\\/51EowWw3qeL._SL500_.jpg\",\"datePublished\":\"2022-08-13T04:37:18+00:00\",\"dateModified\":\"2023-04-09T02:03:32+00:00\",\"description\":\"Markt-XXL Solar Lichtschlauch Schnur Lichter Au\u00dfen,KINGCOO Wasserdichte 72FT 200LED 8 Modi Kupfer Draht Seil Rohr Funkelnden Solar\u2026\",\"breadcrumb\":{\"@id\":\"https:\\\/\\\/marktxxl.de\\\/markt\\\/produkt\\\/solar-lichtschlauch-schnur-lichter-aussenkingcoo-wasserdichte-72ft-200led-8-modi-kupfer-draht-seil-rohr-funkelnden-solar-lichterketten-fuer-garten-hochzeit-party-weihnachts-dekorationen\\\/#breadcrumb\"},\"inLanguage\":\"de\",\"potentialAction\":[{\"@type\":\"ReadAction\",\"target\":[\"https:\\\/\\\/marktxxl.de\\\/markt\\\/produkt\\\/solar-lichtschlauch-schnur-lichter-aussenkingcoo-wasserdichte-72ft-200led-8-modi-kupfer-draht-seil-rohr-funkelnden-solar-lichterketten-fuer-garten-hochzeit-party-weihnachts-dekorationen\\\/\"]}]},{\"@type\":\"ImageObject\",\"inLanguage\":\"de\",\"@id\":\"https:\\\/\\\/marktxxl.de\\\/markt\\\/produkt\\\/solar-lichtschlauch-schnur-lichter-aussenkingcoo-wasserdichte-72ft-200led-8-modi-kupfer-draht-seil-rohr-funkelnden-solar-lichterketten-fuer-garten-hochzeit-party-weihnachts-dekorationen\\\/#primaryimage\",\"url\":\"https:\\\/\\\/m.media-amazon.com\\\/images\\\/I\\\/51EowWw3qeL._SL500_.jpg\",\"contentUrl\":\"https:\\\/\\\/m.media-amazon.com\\\/images\\\/I\\\/51EowWw3qeL._SL500_.jpg\",\"width\":500,\"height\":478},{\"@type\":\"BreadcrumbList\",\"@id\":\"https:\\\/\\\/marktxxl.de\\\/markt\\\/produkt\\\/solar-lichtschlauch-schnur-lichter-aussenkingcoo-wasserdichte-72ft-200led-8-modi-kupfer-draht-seil-rohr-funkelnden-solar-lichterketten-fuer-garten-hochzeit-party-weihnachts-dekorationen\\\/#breadcrumb\",\"itemListElement\":[{\"@type\":\"ListItem\",\"position\":1,\"name\":\"Startseite\",\"item\":\"https:\\\/\\\/marktxxl.de\\\/markt\\\/\"},{\"@type\":\"ListItem\",\"position\":2,\"name\":\"Markt\",\"item\":\"https:\\\/\\\/marktxxl.de\\\/markt\\\/\"},{\"@type\":\"ListItem\",\"position\":3,\"name\":\"Solar Lichtschlauch Schnur Lichter Au\u00dfen,KINGCOO Wasserdichte 72FT 200LED 8 Modi Kupfer Draht Seil Rohr Funkelnden Solar\u2026\"}]},{\"@type\":\"WebSite\",\"@id\":\"https:\\\/\\\/marktxxl.de\\\/markt\\\/#website\",\"url\":\"https:\\\/\\\/marktxxl.de\\\/markt\\\/\",\"name\":\"Markt-XXL\",\"description\":\"Ihr Markt Online\",\"publisher\":{\"@id\":\"https:\\\/\\\/marktxxl.de\\\/markt\\\/#organization\"},\"potentialAction\":[{\"@type\":\"SearchAction\",\"target\":{\"@type\":\"EntryPoint\",\"urlTemplate\":\"https:\\\/\\\/marktxxl.de\\\/markt\\\/?s={search_term_string}\"},\"query-input\":{\"@type\":\"PropertyValueSpecification\",\"valueRequired\":true,\"valueName\":\"search_term_string\"}}],\"inLanguage\":\"de\"},{\"@type\":\"Organization\",\"@id\":\"https:\\\/\\\/marktxxl.de\\\/markt\\\/#organization\",\"name\":\"Markt-XXL\",\"url\":\"https:\\\/\\\/marktxxl.de\\\/markt\\\/\",\"logo\":{\"@type\":\"ImageObject\",\"inLanguage\":\"de\",\"@id\":\"https:\\\/\\\/marktxxl.de\\\/markt\\\/#\\\/schema\\\/logo\\\/image\\\/\",\"url\":\"https:\\\/\\\/marktxxl.de\\\/markt\\\/wp-content\\\/uploads\\\/sites\\\/3\\\/2020\\\/12\\\/logo.png\",\"contentUrl\":\"https:\\\/\\\/marktxxl.de\\\/markt\\\/wp-content\\\/uploads\\\/sites\\\/3\\\/2020\\\/12\\\/logo.png\",\"width\":200,\"height\":70,\"caption\":\"Markt-XXL\"},\"image\":{\"@id\":\"https:\\\/\\\/marktxxl.de\\\/markt\\\/#\\\/schema\\\/logo\\\/image\\\/\"}}]}<\/script>\n<!-- \/ Yoast SEO plugin. -->","yoast_head_json":{"title":"Solar Lichtschlauch Schnur Lichter Au\u00dfen,KINGCOO Wasserdichte 72FT 200LED 8 Modi Kupfer Draht Seil Rohr Funkelnden Solar\u2026 - Markt-XXL","description":"Markt-XXL Solar Lichtschlauch Schnur Lichter Au\u00dfen,KINGCOO Wasserdichte 72FT 200LED 8 Modi Kupfer Draht Seil Rohr Funkelnden Solar\u2026","robots":{"index":"index","follow":"follow","max-snippet":"max-snippet:-1","max-image-preview":"max-image-preview:large","max-video-preview":"max-video-preview:-1"},"canonical":"https:\/\/marktxxl.de\/markt\/produkt\/solar-lichtschlauch-schnur-lichter-aussenkingcoo-wasserdichte-72ft-200led-8-modi-kupfer-draht-seil-rohr-funkelnden-solar-lichterketten-fuer-garten-hochzeit-party-weihnachts-dekorationen\/","og_locale":"de_DE","og_type":"article","og_title":"Solar Lichtschlauch Schnur Lichter Au\u00dfen,KINGCOO Wasserdichte 72FT 200LED 8 Modi Kupfer Draht Seil Rohr Funkelnden Solar\u2026 - Markt-XXL","og_description":"Markt-XXL Solar Lichtschlauch Schnur Lichter Au\u00dfen,KINGCOO Wasserdichte 72FT 200LED 8 Modi Kupfer Draht Seil Rohr Funkelnden Solar\u2026","og_url":"https:\/\/marktxxl.de\/markt\/produkt\/solar-lichtschlauch-schnur-lichter-aussenkingcoo-wasserdichte-72ft-200led-8-modi-kupfer-draht-seil-rohr-funkelnden-solar-lichterketten-fuer-garten-hochzeit-party-weihnachts-dekorationen\/","og_site_name":"Markt-XXL","article_modified_time":"2023-04-09T02:03:32+00:00","og_image":[{"width":500,"height":478,"url":"https:\/\/m.media-amazon.com\/images\/I\/51EowWw3qeL._SL500_.jpg","type":"image\/jpeg"}],"twitter_card":"summary_large_image","twitter_misc":{"Gesch\u00e4tzte Lesezeit":"1\u00a0Minute"},"schema":{"@context":"https:\/\/schema.org","@graph":[{"@type":"WebPage","@id":"https:\/\/marktxxl.de\/markt\/produkt\/solar-lichtschlauch-schnur-lichter-aussenkingcoo-wasserdichte-72ft-200led-8-modi-kupfer-draht-seil-rohr-funkelnden-solar-lichterketten-fuer-garten-hochzeit-party-weihnachts-dekorationen\/","url":"https:\/\/marktxxl.de\/markt\/produkt\/solar-lichtschlauch-schnur-lichter-aussenkingcoo-wasserdichte-72ft-200led-8-modi-kupfer-draht-seil-rohr-funkelnden-solar-lichterketten-fuer-garten-hochzeit-party-weihnachts-dekorationen\/","name":"Solar Lichtschlauch Schnur Lichter Au\u00dfen,KINGCOO Wasserdichte 72FT 200LED 8 Modi Kupfer Draht Seil Rohr Funkelnden Solar\u2026 - Markt-XXL","isPartOf":{"@id":"https:\/\/marktxxl.de\/markt\/#website"},"primaryImageOfPage":{"@id":"https:\/\/marktxxl.de\/markt\/produkt\/solar-lichtschlauch-schnur-lichter-aussenkingcoo-wasserdichte-72ft-200led-8-modi-kupfer-draht-seil-rohr-funkelnden-solar-lichterketten-fuer-garten-hochzeit-party-weihnachts-dekorationen\/#primaryimage"},"image":{"@id":"https:\/\/marktxxl.de\/markt\/produkt\/solar-lichtschlauch-schnur-lichter-aussenkingcoo-wasserdichte-72ft-200led-8-modi-kupfer-draht-seil-rohr-funkelnden-solar-lichterketten-fuer-garten-hochzeit-party-weihnachts-dekorationen\/#primaryimage"},"thumbnailUrl":"https:\/\/m.media-amazon.com\/images\/I\/51EowWw3qeL._SL500_.jpg","datePublished":"2022-08-13T04:37:18+00:00","dateModified":"2023-04-09T02:03:32+00:00","description":"Markt-XXL Solar Lichtschlauch Schnur Lichter Au\u00dfen,KINGCOO Wasserdichte 72FT 200LED 8 Modi Kupfer Draht Seil Rohr Funkelnden Solar\u2026","breadcrumb":{"@id":"https:\/\/marktxxl.de\/markt\/produkt\/solar-lichtschlauch-schnur-lichter-aussenkingcoo-wasserdichte-72ft-200led-8-modi-kupfer-draht-seil-rohr-funkelnden-solar-lichterketten-fuer-garten-hochzeit-party-weihnachts-dekorationen\/#breadcrumb"},"inLanguage":"de","potentialAction":[{"@type":"ReadAction","target":["https:\/\/marktxxl.de\/markt\/produkt\/solar-lichtschlauch-schnur-lichter-aussenkingcoo-wasserdichte-72ft-200led-8-modi-kupfer-draht-seil-rohr-funkelnden-solar-lichterketten-fuer-garten-hochzeit-party-weihnachts-dekorationen\/"]}]},{"@type":"ImageObject","inLanguage":"de","@id":"https:\/\/marktxxl.de\/markt\/produkt\/solar-lichtschlauch-schnur-lichter-aussenkingcoo-wasserdichte-72ft-200led-8-modi-kupfer-draht-seil-rohr-funkelnden-solar-lichterketten-fuer-garten-hochzeit-party-weihnachts-dekorationen\/#primaryimage","url":"https:\/\/m.media-amazon.com\/images\/I\/51EowWw3qeL._SL500_.jpg","contentUrl":"https:\/\/m.media-amazon.com\/images\/I\/51EowWw3qeL._SL500_.jpg","width":500,"height":478},{"@type":"BreadcrumbList","@id":"https:\/\/marktxxl.de\/markt\/produkt\/solar-lichtschlauch-schnur-lichter-aussenkingcoo-wasserdichte-72ft-200led-8-modi-kupfer-draht-seil-rohr-funkelnden-solar-lichterketten-fuer-garten-hochzeit-party-weihnachts-dekorationen\/#breadcrumb","itemListElement":[{"@type":"ListItem","position":1,"name":"Startseite","item":"https:\/\/marktxxl.de\/markt\/"},{"@type":"ListItem","position":2,"name":"Markt","item":"https:\/\/marktxxl.de\/markt\/"},{"@type":"ListItem","position":3,"name":"Solar Lichtschlauch Schnur Lichter Au\u00dfen,KINGCOO Wasserdichte 72FT 200LED 8 Modi Kupfer Draht Seil Rohr Funkelnden Solar\u2026"}]},{"@type":"WebSite","@id":"https:\/\/marktxxl.de\/markt\/#website","url":"https:\/\/marktxxl.de\/markt\/","name":"Markt-XXL","description":"Ihr Markt Online","publisher":{"@id":"https:\/\/marktxxl.de\/markt\/#organization"},"potentialAction":[{"@type":"SearchAction","target":{"@type":"EntryPoint","urlTemplate":"https:\/\/marktxxl.de\/markt\/?s={search_term_string}"},"query-input":{"@type":"PropertyValueSpecification","valueRequired":true,"valueName":"search_term_string"}}],"inLanguage":"de"},{"@type":"Organization","@id":"https:\/\/marktxxl.de\/markt\/#organization","name":"Markt-XXL","url":"https:\/\/marktxxl.de\/markt\/","logo":{"@type":"ImageObject","inLanguage":"de","@id":"https:\/\/marktxxl.de\/markt\/#\/schema\/logo\/image\/","url":"https:\/\/marktxxl.de\/markt\/wp-content\/uploads\/sites\/3\/2020\/12\/logo.png","contentUrl":"https:\/\/marktxxl.de\/markt\/wp-content\/uploads\/sites\/3\/2020\/12\/logo.png","width":200,"height":70,"caption":"Markt-XXL"},"image":{"@id":"https:\/\/marktxxl.de\/markt\/#\/schema\/logo\/image\/"}}]}},"_links":{"self":[{"href":"https:\/\/marktxxl.de\/markt\/wp-json\/wp\/v2\/product\/145267","targetHints":{"allow":["GET"]}}],"collection":[{"href":"https:\/\/marktxxl.de\/markt\/wp-json\/wp\/v2\/product"}],"about":[{"href":"https:\/\/marktxxl.de\/markt\/wp-json\/wp\/v2\/types\/product"}],"replies":[{"embeddable":true,"href":"https:\/\/marktxxl.de\/markt\/wp-json\/wp\/v2\/comments?post=145267"}],"wp:featuredmedia":[{"embeddable":true,"href":"https:\/\/marktxxl.de\/markt\/wp-json\/wp\/v2\/media\/145268"}],"wp:attachment":[{"href":"https:\/\/marktxxl.de\/markt\/wp-json\/wp\/v2\/media?parent=145267"}],"wp:term":[{"taxonomy":"product_brand","embeddable":true,"href":"https:\/\/marktxxl.de\/markt\/wp-json\/wp\/v2\/product_brand?post=145267"},{"taxonomy":"product_cat","embeddable":true,"href":"https:\/\/marktxxl.de\/markt\/wp-json\/wp\/v2\/product_cat?post=145267"},{"taxonomy":"product_tag","embeddable":true,"href":"https:\/\/marktxxl.de\/markt\/wp-json\/wp\/v2\/product_tag?post=145267"}],"curies":[{"name":"wp","href":"https:\/\/api.w.org\/{rel}","templated":true}]}}