{"id":145204,"date":"2022-08-13T06:14:24","date_gmt":"2022-08-13T04:14:24","guid":{"rendered":"https:\/\/marktxxl.de\/markt\/produkt\/my-first-ticonderoga-primary-groesse\/"},"modified":"2023-04-09T04:03:30","modified_gmt":"2023-04-09T02:03:30","slug":"my-first-ticonderoga-primary-groesse","status":"publish","type":"product","link":"https:\/\/marktxxl.de\/markt\/produkt\/my-first-ticonderoga-primary-groesse\/","title":{"rendered":"Bleistifte, holzgefasste #2 HB weich, vorgespitzt mit Radiergummi, inklusive Bonusspitzer, gelb, 4er-Pack Limited\u2026"},"content":{"rendered":"<p>Die perfekte \u00fcbergro\u00dfen Anf\u00e4nger Bleistift<br \/>\nGr\u00f6\u00dferer Runde und glatte \u00e4u\u00dfere Geh\u00e4use machen es einfacher f\u00fcr kleine H\u00e4nde zu halten<br \/>\nUnterst\u00fctzt Kinder in fr\u00fchen Stadien des Schreibens Entwicklung<br \/>\nClassic Barrel, schwarz Core Schreiben mit extra large, latexfrei, gelb Radierer<br \/>\nVerdienen Free Supplies\u00a0\u2013\u00a0Besuchen Sie das amphoe Prang Power Website f\u00fcr das Programm Informationen<br \/>\n<div class=\"main-cross-sell\" data-asin=\"B013GH0O3Q\">\n\n\t<div class=\"WooZone-cross-sell-loader\">\n\t\t<div>\n\t\t\t<div id=\"floatingBarsG\">\n\t\t\t\t<div class=\"blockG\" id=\"rotateG_01\"><\/div>\n\t\t\t\t<div class=\"blockG\" id=\"rotateG_02\"><\/div>\n\t\t\t\t<div class=\"blockG\" id=\"rotateG_03\"><\/div>\n\t\t\t\t<div class=\"blockG\" id=\"rotateG_04\"><\/div>\n\t\t\t\t<div class=\"blockG\" id=\"rotateG_05\"><\/div>\n\t\t\t\t<div class=\"blockG\" id=\"rotateG_06\"><\/div>\n\t\t\t\t<div class=\"blockG\" id=\"rotateG_07\"><\/div>\n\t\t\t\t<div class=\"blockG\" id=\"rotateG_08\"><\/div>\n\t\t\t<\/div>\n\t\t\t<div class=\"WooZone-cross-sell-loader-text\"><\/div>\n\t\t<\/div>\n\t<\/div>\n\n\t\t\n<\/div>\n<div style=\"clear:both;\"><\/div><\/p>\n","protected":false},"excerpt":{"rendered":"<p>Die perfekte \u00fcbergro\u00dfen Anf\u00e4nger Bleistift<br \/>\nGr\u00f6\u00dferer Runde und glatte \u00e4u\u00dfere Geh\u00e4use machen es einfacher f\u00fcr kleine H\u00e4nde zu halten<br \/>\nUnterst\u00fctzt Kinder in fr\u00fchen Stadien des Schreibens Entwicklung<\/p>\n","protected":false},"featured_media":145205,"comment_status":"open","ping_status":"closed","template":"","meta":[],"product_brand":[],"product_cat":[504,8597],"product_tag":[],"class_list":{"0":"post-145204","1":"product","2":"type-product","3":"status-publish","4":"has-post-thumbnail","6":"product_cat-buerobedarf-schreibwaren","7":"product_cat-schreibwaren","8":"pa_binding-buerobedarf-schreibwaren","9":"pa_brand-dixon-ticonderoga","10":"pa_manufacturer-dixpo","11":"pa_size-packung-mit-12","13":"first","14":"instock","15":"shipping-taxable","16":"purchasable","17":"product-type-simple","18":"customify-col","19":"product-has-gallery"},"yoast_head":"<!-- This site is optimized with the Yoast SEO plugin v27.4 - https:\/\/yoast.com\/product\/yoast-seo-wordpress\/ -->\n<title>Bleistifte, holzgefasste #2 HB weich, vorgespitzt mit Radiergummi, inklusive Bonusspitzer, gelb, 4er-Pack Limited\u2026 - Markt-XXL<\/title>\n<meta name=\"description\" content=\"Markt-XXL Bleistifte, holzgefasste #2 HB weich, vorgespitzt mit Radiergummi, inklusive Bonusspitzer, gelb, 4er-Pack Limited\u2026\" \/>\n<meta name=\"robots\" content=\"index, follow, max-snippet:-1, max-image-preview:large, max-video-preview:-1\" \/>\n<link rel=\"canonical\" href=\"https:\/\/marktxxl.de\/markt\/produkt\/my-first-ticonderoga-primary-groesse\/\" \/>\n<meta property=\"og:locale\" content=\"de_DE\" \/>\n<meta property=\"og:type\" content=\"article\" \/>\n<meta property=\"og:title\" content=\"Bleistifte, holzgefasste #2 HB weich, vorgespitzt mit Radiergummi, inklusive Bonusspitzer, gelb, 4er-Pack Limited\u2026 - Markt-XXL\" \/>\n<meta property=\"og:description\" content=\"Markt-XXL Bleistifte, holzgefasste #2 HB weich, vorgespitzt mit Radiergummi, inklusive Bonusspitzer, gelb, 4er-Pack Limited\u2026\" \/>\n<meta property=\"og:url\" content=\"https:\/\/marktxxl.de\/markt\/produkt\/my-first-ticonderoga-primary-groesse\/\" \/>\n<meta property=\"og:site_name\" content=\"Markt-XXL\" \/>\n<meta property=\"article:modified_time\" content=\"2023-04-09T02:03:30+00:00\" \/>\n<meta property=\"og:image\" content=\"https:\/\/m.media-amazon.com\/images\/I\/41d4+BuBV0L._SL500_.jpg\" \/>\n\t<meta property=\"og:image:width\" content=\"500\" \/>\n\t<meta property=\"og:image:height\" content=\"500\" \/>\n\t<meta property=\"og:image:type\" content=\"image\/jpeg\" \/>\n<meta name=\"twitter:card\" content=\"summary_large_image\" \/>\n<script type=\"application\/ld+json\" class=\"yoast-schema-graph\">{\"@context\":\"https:\\\/\\\/schema.org\",\"@graph\":[{\"@type\":\"WebPage\",\"@id\":\"https:\\\/\\\/marktxxl.de\\\/markt\\\/produkt\\\/my-first-ticonderoga-primary-groesse\\\/\",\"url\":\"https:\\\/\\\/marktxxl.de\\\/markt\\\/produkt\\\/my-first-ticonderoga-primary-groesse\\\/\",\"name\":\"Bleistifte, holzgefasste #2 HB weich, vorgespitzt mit Radiergummi, inklusive Bonusspitzer, gelb, 4er-Pack Limited\u2026 - Markt-XXL\",\"isPartOf\":{\"@id\":\"https:\\\/\\\/marktxxl.de\\\/markt\\\/#website\"},\"primaryImageOfPage\":{\"@id\":\"https:\\\/\\\/marktxxl.de\\\/markt\\\/produkt\\\/my-first-ticonderoga-primary-groesse\\\/#primaryimage\"},\"image\":{\"@id\":\"https:\\\/\\\/marktxxl.de\\\/markt\\\/produkt\\\/my-first-ticonderoga-primary-groesse\\\/#primaryimage\"},\"thumbnailUrl\":\"https:\\\/\\\/m.media-amazon.com\\\/images\\\/I\\\/41d4+BuBV0L._SL500_.jpg\",\"datePublished\":\"2022-08-13T04:14:24+00:00\",\"dateModified\":\"2023-04-09T02:03:30+00:00\",\"description\":\"Markt-XXL Bleistifte, holzgefasste #2 HB weich, vorgespitzt mit Radiergummi, inklusive Bonusspitzer, gelb, 4er-Pack Limited\u2026\",\"breadcrumb\":{\"@id\":\"https:\\\/\\\/marktxxl.de\\\/markt\\\/produkt\\\/my-first-ticonderoga-primary-groesse\\\/#breadcrumb\"},\"inLanguage\":\"de\",\"potentialAction\":[{\"@type\":\"ReadAction\",\"target\":[\"https:\\\/\\\/marktxxl.de\\\/markt\\\/produkt\\\/my-first-ticonderoga-primary-groesse\\\/\"]}]},{\"@type\":\"ImageObject\",\"inLanguage\":\"de\",\"@id\":\"https:\\\/\\\/marktxxl.de\\\/markt\\\/produkt\\\/my-first-ticonderoga-primary-groesse\\\/#primaryimage\",\"url\":\"https:\\\/\\\/m.media-amazon.com\\\/images\\\/I\\\/41d4+BuBV0L._SL500_.jpg\",\"contentUrl\":\"https:\\\/\\\/m.media-amazon.com\\\/images\\\/I\\\/41d4+BuBV0L._SL500_.jpg\",\"width\":500,\"height\":500},{\"@type\":\"BreadcrumbList\",\"@id\":\"https:\\\/\\\/marktxxl.de\\\/markt\\\/produkt\\\/my-first-ticonderoga-primary-groesse\\\/#breadcrumb\",\"itemListElement\":[{\"@type\":\"ListItem\",\"position\":1,\"name\":\"Startseite\",\"item\":\"https:\\\/\\\/marktxxl.de\\\/markt\\\/\"},{\"@type\":\"ListItem\",\"position\":2,\"name\":\"Markt\",\"item\":\"https:\\\/\\\/marktxxl.de\\\/markt\\\/\"},{\"@type\":\"ListItem\",\"position\":3,\"name\":\"Bleistifte, holzgefasste #2 HB weich, vorgespitzt mit Radiergummi, inklusive Bonusspitzer, gelb, 4er-Pack Limited\u2026\"}]},{\"@type\":\"WebSite\",\"@id\":\"https:\\\/\\\/marktxxl.de\\\/markt\\\/#website\",\"url\":\"https:\\\/\\\/marktxxl.de\\\/markt\\\/\",\"name\":\"Markt-XXL\",\"description\":\"Ihr Markt Online\",\"publisher\":{\"@id\":\"https:\\\/\\\/marktxxl.de\\\/markt\\\/#organization\"},\"potentialAction\":[{\"@type\":\"SearchAction\",\"target\":{\"@type\":\"EntryPoint\",\"urlTemplate\":\"https:\\\/\\\/marktxxl.de\\\/markt\\\/?s={search_term_string}\"},\"query-input\":{\"@type\":\"PropertyValueSpecification\",\"valueRequired\":true,\"valueName\":\"search_term_string\"}}],\"inLanguage\":\"de\"},{\"@type\":\"Organization\",\"@id\":\"https:\\\/\\\/marktxxl.de\\\/markt\\\/#organization\",\"name\":\"Markt-XXL\",\"url\":\"https:\\\/\\\/marktxxl.de\\\/markt\\\/\",\"logo\":{\"@type\":\"ImageObject\",\"inLanguage\":\"de\",\"@id\":\"https:\\\/\\\/marktxxl.de\\\/markt\\\/#\\\/schema\\\/logo\\\/image\\\/\",\"url\":\"https:\\\/\\\/marktxxl.de\\\/markt\\\/wp-content\\\/uploads\\\/sites\\\/3\\\/2020\\\/12\\\/logo.png\",\"contentUrl\":\"https:\\\/\\\/marktxxl.de\\\/markt\\\/wp-content\\\/uploads\\\/sites\\\/3\\\/2020\\\/12\\\/logo.png\",\"width\":200,\"height\":70,\"caption\":\"Markt-XXL\"},\"image\":{\"@id\":\"https:\\\/\\\/marktxxl.de\\\/markt\\\/#\\\/schema\\\/logo\\\/image\\\/\"}}]}<\/script>\n<!-- \/ Yoast SEO plugin. -->","yoast_head_json":{"title":"Bleistifte, holzgefasste #2 HB weich, vorgespitzt mit Radiergummi, inklusive Bonusspitzer, gelb, 4er-Pack Limited\u2026 - Markt-XXL","description":"Markt-XXL Bleistifte, holzgefasste #2 HB weich, vorgespitzt mit Radiergummi, inklusive Bonusspitzer, gelb, 4er-Pack Limited\u2026","robots":{"index":"index","follow":"follow","max-snippet":"max-snippet:-1","max-image-preview":"max-image-preview:large","max-video-preview":"max-video-preview:-1"},"canonical":"https:\/\/marktxxl.de\/markt\/produkt\/my-first-ticonderoga-primary-groesse\/","og_locale":"de_DE","og_type":"article","og_title":"Bleistifte, holzgefasste #2 HB weich, vorgespitzt mit Radiergummi, inklusive Bonusspitzer, gelb, 4er-Pack Limited\u2026 - Markt-XXL","og_description":"Markt-XXL Bleistifte, holzgefasste #2 HB weich, vorgespitzt mit Radiergummi, inklusive Bonusspitzer, gelb, 4er-Pack Limited\u2026","og_url":"https:\/\/marktxxl.de\/markt\/produkt\/my-first-ticonderoga-primary-groesse\/","og_site_name":"Markt-XXL","article_modified_time":"2023-04-09T02:03:30+00:00","og_image":[{"width":500,"height":500,"url":"https:\/\/m.media-amazon.com\/images\/I\/41d4+BuBV0L._SL500_.jpg","type":"image\/jpeg"}],"twitter_card":"summary_large_image","schema":{"@context":"https:\/\/schema.org","@graph":[{"@type":"WebPage","@id":"https:\/\/marktxxl.de\/markt\/produkt\/my-first-ticonderoga-primary-groesse\/","url":"https:\/\/marktxxl.de\/markt\/produkt\/my-first-ticonderoga-primary-groesse\/","name":"Bleistifte, holzgefasste #2 HB weich, vorgespitzt mit Radiergummi, inklusive Bonusspitzer, gelb, 4er-Pack Limited\u2026 - Markt-XXL","isPartOf":{"@id":"https:\/\/marktxxl.de\/markt\/#website"},"primaryImageOfPage":{"@id":"https:\/\/marktxxl.de\/markt\/produkt\/my-first-ticonderoga-primary-groesse\/#primaryimage"},"image":{"@id":"https:\/\/marktxxl.de\/markt\/produkt\/my-first-ticonderoga-primary-groesse\/#primaryimage"},"thumbnailUrl":"https:\/\/m.media-amazon.com\/images\/I\/41d4+BuBV0L._SL500_.jpg","datePublished":"2022-08-13T04:14:24+00:00","dateModified":"2023-04-09T02:03:30+00:00","description":"Markt-XXL Bleistifte, holzgefasste #2 HB weich, vorgespitzt mit Radiergummi, inklusive Bonusspitzer, gelb, 4er-Pack Limited\u2026","breadcrumb":{"@id":"https:\/\/marktxxl.de\/markt\/produkt\/my-first-ticonderoga-primary-groesse\/#breadcrumb"},"inLanguage":"de","potentialAction":[{"@type":"ReadAction","target":["https:\/\/marktxxl.de\/markt\/produkt\/my-first-ticonderoga-primary-groesse\/"]}]},{"@type":"ImageObject","inLanguage":"de","@id":"https:\/\/marktxxl.de\/markt\/produkt\/my-first-ticonderoga-primary-groesse\/#primaryimage","url":"https:\/\/m.media-amazon.com\/images\/I\/41d4+BuBV0L._SL500_.jpg","contentUrl":"https:\/\/m.media-amazon.com\/images\/I\/41d4+BuBV0L._SL500_.jpg","width":500,"height":500},{"@type":"BreadcrumbList","@id":"https:\/\/marktxxl.de\/markt\/produkt\/my-first-ticonderoga-primary-groesse\/#breadcrumb","itemListElement":[{"@type":"ListItem","position":1,"name":"Startseite","item":"https:\/\/marktxxl.de\/markt\/"},{"@type":"ListItem","position":2,"name":"Markt","item":"https:\/\/marktxxl.de\/markt\/"},{"@type":"ListItem","position":3,"name":"Bleistifte, holzgefasste #2 HB weich, vorgespitzt mit Radiergummi, inklusive Bonusspitzer, gelb, 4er-Pack Limited\u2026"}]},{"@type":"WebSite","@id":"https:\/\/marktxxl.de\/markt\/#website","url":"https:\/\/marktxxl.de\/markt\/","name":"Markt-XXL","description":"Ihr Markt Online","publisher":{"@id":"https:\/\/marktxxl.de\/markt\/#organization"},"potentialAction":[{"@type":"SearchAction","target":{"@type":"EntryPoint","urlTemplate":"https:\/\/marktxxl.de\/markt\/?s={search_term_string}"},"query-input":{"@type":"PropertyValueSpecification","valueRequired":true,"valueName":"search_term_string"}}],"inLanguage":"de"},{"@type":"Organization","@id":"https:\/\/marktxxl.de\/markt\/#organization","name":"Markt-XXL","url":"https:\/\/marktxxl.de\/markt\/","logo":{"@type":"ImageObject","inLanguage":"de","@id":"https:\/\/marktxxl.de\/markt\/#\/schema\/logo\/image\/","url":"https:\/\/marktxxl.de\/markt\/wp-content\/uploads\/sites\/3\/2020\/12\/logo.png","contentUrl":"https:\/\/marktxxl.de\/markt\/wp-content\/uploads\/sites\/3\/2020\/12\/logo.png","width":200,"height":70,"caption":"Markt-XXL"},"image":{"@id":"https:\/\/marktxxl.de\/markt\/#\/schema\/logo\/image\/"}}]}},"_links":{"self":[{"href":"https:\/\/marktxxl.de\/markt\/wp-json\/wp\/v2\/product\/145204","targetHints":{"allow":["GET"]}}],"collection":[{"href":"https:\/\/marktxxl.de\/markt\/wp-json\/wp\/v2\/product"}],"about":[{"href":"https:\/\/marktxxl.de\/markt\/wp-json\/wp\/v2\/types\/product"}],"replies":[{"embeddable":true,"href":"https:\/\/marktxxl.de\/markt\/wp-json\/wp\/v2\/comments?post=145204"}],"wp:featuredmedia":[{"embeddable":true,"href":"https:\/\/marktxxl.de\/markt\/wp-json\/wp\/v2\/media\/145205"}],"wp:attachment":[{"href":"https:\/\/marktxxl.de\/markt\/wp-json\/wp\/v2\/media?parent=145204"}],"wp:term":[{"taxonomy":"product_brand","embeddable":true,"href":"https:\/\/marktxxl.de\/markt\/wp-json\/wp\/v2\/product_brand?post=145204"},{"taxonomy":"product_cat","embeddable":true,"href":"https:\/\/marktxxl.de\/markt\/wp-json\/wp\/v2\/product_cat?post=145204"},{"taxonomy":"product_tag","embeddable":true,"href":"https:\/\/marktxxl.de\/markt\/wp-json\/wp\/v2\/product_tag?post=145204"}],"curies":[{"name":"wp","href":"https:\/\/api.w.org\/{rel}","templated":true}]}}