{"id":145134,"date":"2022-08-13T06:10:47","date_gmt":"2022-08-13T04:10:47","guid":{"rendered":"https:\/\/marktxxl.de\/markt\/produkt\/glueckwunschkarte-zum-hausbau-richtfest-karte-geschenkidee-oder-geschenk-zum-einzug-oder-umzug-einladung-gutschein-zu-richtfest-einweihungsfeier-t22\/"},"modified":"2023-04-09T04:03:28","modified_gmt":"2023-04-09T02:03:28","slug":"glueckwunschkarte-zum-hausbau-richtfest-karte-geschenkidee-oder-geschenk-zum-einzug-oder-umzug-einladung-gutschein-zu-richtfest-einweihungsfeier-t22","status":"publish","type":"product","link":"https:\/\/marktxxl.de\/markt\/produkt\/glueckwunschkarte-zum-hausbau-richtfest-karte-geschenkidee-oder-geschenk-zum-einzug-oder-umzug-einladung-gutschein-zu-richtfest-einweihungsfeier-t22\/","title":{"rendered":"Diese-Klappkarten Gl\u00fcckwunschkarte zum Hausbau, Richtfest | Karte, Geschenkidee oder Geschenk zum Einzug oder Umzug\u2026"},"content":{"rendered":"<p>BESONDERES GESCHENK: Unsere 3D Pop-up Karte zum Richtfest zaubert garantiert ein L\u00e4cheln auf das Gesicht des Bauherrn \/ der Bauherrin. Fantastisch auch als Geschenkgutschein oder Geldgeschenke Verpackung.<br \/>\nEIN L\u00c4CHELN VERSCHENKEN: Diese Gru\u00dfkarte eignet sich f\u00fcr Gl\u00fcckw\u00fcnsche, zum Verschicken oder Verschenken sowie als Beigabe f\u00fcr Geschenke zum Richtfest. Prima Einladungskarten f\u00fcr Umzugsfeierlichkeiten.<br \/>\nFAIR TRADE &amp; QUALIT\u00c4T: Die Karten haben ein anspruchsvolles Design und werden in Handarbeit unter fairen Bedingungen in einem Familienbetrieb gefertigt, lasergeschnitten und von Hand zusammengesetzt.<br \/>\nDETAILS: Abmessungen geschlossen 15x21cm, Lieferung mit passendem Umschlag und in sch\u00fctzender Zellophan-H\u00fclle. Mit blanko Innenseiten und ausreichend Platz f\u00fcr eine pers\u00f6nliche Botschaft.<br \/>\nLIEFERUNG &amp; ZUFRIEDENHEIT: Schnelle Lieferung direkt aus dem Amazon Lager. Werden Sie Teil unserer bereits \u00fcber 20.000 zufriedenen Kunden. Noch Fragen? Melden Sie sich gerne bei uns!<br \/>\n<div class=\"main-cross-sell\" data-asin=\"B08R77KMZ7\">\n\n\t<div class=\"WooZone-cross-sell-loader\">\n\t\t<div>\n\t\t\t<div id=\"floatingBarsG\">\n\t\t\t\t<div class=\"blockG\" id=\"rotateG_01\"><\/div>\n\t\t\t\t<div class=\"blockG\" id=\"rotateG_02\"><\/div>\n\t\t\t\t<div class=\"blockG\" id=\"rotateG_03\"><\/div>\n\t\t\t\t<div class=\"blockG\" id=\"rotateG_04\"><\/div>\n\t\t\t\t<div class=\"blockG\" id=\"rotateG_05\"><\/div>\n\t\t\t\t<div class=\"blockG\" id=\"rotateG_06\"><\/div>\n\t\t\t\t<div class=\"blockG\" id=\"rotateG_07\"><\/div>\n\t\t\t\t<div class=\"blockG\" id=\"rotateG_08\"><\/div>\n\t\t\t<\/div>\n\t\t\t<div class=\"WooZone-cross-sell-loader-text\"><\/div>\n\t\t<\/div>\n\t<\/div>\n\n\t\t\n<\/div>\n<div style=\"clear:both;\"><\/div><\/p>\n","protected":false},"excerpt":{"rendered":"<p>BESONDERES GESCHENK: Unsere 3D Pop-up Karte zum Richtfest zaubert garantiert ein L\u00e4cheln auf das Gesicht des Bauherrn \/ der Bauherrin. Fantastisch auch als Geschenkgutschein oder Geldgeschenke Verpackung.<br \/>\nEIN L\u00c4CHELN VERSCHENKEN: Diese Gru\u00dfkarte eignet sich f\u00fcr Gl\u00fcckw\u00fcnsche, zum Verschicken oder Verschenken sowie als Beigabe f\u00fcr Geschenke zum Richtfest. Prima Einladungskarten f\u00fcr Umzugsfeierlichkeiten.<br \/>\nFAIR TRADE &amp; QUALIT\u00c4T: Die Karten haben ein anspruchsvolles Design und werden in Handarbeit unter fairen Bedingungen in einem Familienbetrieb gefertigt, lasergeschnitten und von Hand zusammengesetzt.<\/p>\n","protected":false},"featured_media":145135,"comment_status":"open","ping_status":"closed","template":"","meta":[],"product_brand":[],"product_cat":[504,8527],"product_tag":[],"class_list":{"0":"post-145134","1":"product","2":"type-product","3":"status-publish","4":"has-post-thumbnail","6":"product_cat-buerobedarf-schreibwaren","7":"product_cat-papierprodukte","8":"pa_brand-diese-klappkarten","9":"pa_manufacturer-diese-klappkarten","11":"first","12":"instock","13":"shipping-taxable","14":"purchasable","15":"product-type-simple","16":"customify-col","17":"product-has-gallery"},"yoast_head":"<!-- This site is optimized with the Yoast SEO plugin v27.3 - https:\/\/yoast.com\/product\/yoast-seo-wordpress\/ -->\n<title>Diese-Klappkarten Gl\u00fcckwunschkarte zum Hausbau, Richtfest | Karte, Geschenkidee oder Geschenk zum Einzug oder Umzug\u2026 - Markt-XXL<\/title>\n<meta name=\"description\" content=\"Markt-XXL Diese-Klappkarten Gl\u00fcckwunschkarte zum Hausbau, Richtfest | Karte, Geschenkidee oder Geschenk zum Einzug oder Umzug\u2026\" \/>\n<meta name=\"robots\" content=\"index, follow, max-snippet:-1, max-image-preview:large, max-video-preview:-1\" \/>\n<link rel=\"canonical\" href=\"https:\/\/marktxxl.de\/markt\/produkt\/glueckwunschkarte-zum-hausbau-richtfest-karte-geschenkidee-oder-geschenk-zum-einzug-oder-umzug-einladung-gutschein-zu-richtfest-einweihungsfeier-t22\/\" \/>\n<meta property=\"og:locale\" content=\"de_DE\" \/>\n<meta property=\"og:type\" content=\"article\" \/>\n<meta property=\"og:title\" content=\"Diese-Klappkarten Gl\u00fcckwunschkarte zum Hausbau, Richtfest | Karte, Geschenkidee oder Geschenk zum Einzug oder Umzug\u2026 - Markt-XXL\" \/>\n<meta property=\"og:description\" content=\"Markt-XXL Diese-Klappkarten Gl\u00fcckwunschkarte zum Hausbau, Richtfest | Karte, Geschenkidee oder Geschenk zum Einzug oder Umzug\u2026\" \/>\n<meta property=\"og:url\" content=\"https:\/\/marktxxl.de\/markt\/produkt\/glueckwunschkarte-zum-hausbau-richtfest-karte-geschenkidee-oder-geschenk-zum-einzug-oder-umzug-einladung-gutschein-zu-richtfest-einweihungsfeier-t22\/\" \/>\n<meta property=\"og:site_name\" content=\"Markt-XXL\" \/>\n<meta property=\"article:modified_time\" content=\"2023-04-09T02:03:28+00:00\" \/>\n<meta property=\"og:image\" content=\"https:\/\/m.media-amazon.com\/images\/I\/41DjvIwhJTL._SL500_.jpg\" \/>\n\t<meta property=\"og:image:width\" content=\"500\" \/>\n\t<meta property=\"og:image:height\" content=\"500\" \/>\n\t<meta property=\"og:image:type\" content=\"image\/jpeg\" \/>\n<meta name=\"twitter:card\" content=\"summary_large_image\" \/>\n<meta name=\"twitter:label1\" content=\"Gesch\u00e4tzte Lesezeit\" \/>\n\t<meta name=\"twitter:data1\" content=\"1\u00a0Minute\" \/>\n<script type=\"application\/ld+json\" class=\"yoast-schema-graph\">{\"@context\":\"https:\\\/\\\/schema.org\",\"@graph\":[{\"@type\":\"WebPage\",\"@id\":\"https:\\\/\\\/marktxxl.de\\\/markt\\\/produkt\\\/glueckwunschkarte-zum-hausbau-richtfest-karte-geschenkidee-oder-geschenk-zum-einzug-oder-umzug-einladung-gutschein-zu-richtfest-einweihungsfeier-t22\\\/\",\"url\":\"https:\\\/\\\/marktxxl.de\\\/markt\\\/produkt\\\/glueckwunschkarte-zum-hausbau-richtfest-karte-geschenkidee-oder-geschenk-zum-einzug-oder-umzug-einladung-gutschein-zu-richtfest-einweihungsfeier-t22\\\/\",\"name\":\"Diese-Klappkarten Gl\u00fcckwunschkarte zum Hausbau, Richtfest | Karte, Geschenkidee oder Geschenk zum Einzug oder Umzug\u2026 - Markt-XXL\",\"isPartOf\":{\"@id\":\"https:\\\/\\\/marktxxl.de\\\/markt\\\/#website\"},\"primaryImageOfPage\":{\"@id\":\"https:\\\/\\\/marktxxl.de\\\/markt\\\/produkt\\\/glueckwunschkarte-zum-hausbau-richtfest-karte-geschenkidee-oder-geschenk-zum-einzug-oder-umzug-einladung-gutschein-zu-richtfest-einweihungsfeier-t22\\\/#primaryimage\"},\"image\":{\"@id\":\"https:\\\/\\\/marktxxl.de\\\/markt\\\/produkt\\\/glueckwunschkarte-zum-hausbau-richtfest-karte-geschenkidee-oder-geschenk-zum-einzug-oder-umzug-einladung-gutschein-zu-richtfest-einweihungsfeier-t22\\\/#primaryimage\"},\"thumbnailUrl\":\"https:\\\/\\\/m.media-amazon.com\\\/images\\\/I\\\/41DjvIwhJTL._SL500_.jpg\",\"datePublished\":\"2022-08-13T04:10:47+00:00\",\"dateModified\":\"2023-04-09T02:03:28+00:00\",\"description\":\"Markt-XXL Diese-Klappkarten Gl\u00fcckwunschkarte zum Hausbau, Richtfest | Karte, Geschenkidee oder Geschenk zum Einzug oder Umzug\u2026\",\"breadcrumb\":{\"@id\":\"https:\\\/\\\/marktxxl.de\\\/markt\\\/produkt\\\/glueckwunschkarte-zum-hausbau-richtfest-karte-geschenkidee-oder-geschenk-zum-einzug-oder-umzug-einladung-gutschein-zu-richtfest-einweihungsfeier-t22\\\/#breadcrumb\"},\"inLanguage\":\"de\",\"potentialAction\":[{\"@type\":\"ReadAction\",\"target\":[\"https:\\\/\\\/marktxxl.de\\\/markt\\\/produkt\\\/glueckwunschkarte-zum-hausbau-richtfest-karte-geschenkidee-oder-geschenk-zum-einzug-oder-umzug-einladung-gutschein-zu-richtfest-einweihungsfeier-t22\\\/\"]}]},{\"@type\":\"ImageObject\",\"inLanguage\":\"de\",\"@id\":\"https:\\\/\\\/marktxxl.de\\\/markt\\\/produkt\\\/glueckwunschkarte-zum-hausbau-richtfest-karte-geschenkidee-oder-geschenk-zum-einzug-oder-umzug-einladung-gutschein-zu-richtfest-einweihungsfeier-t22\\\/#primaryimage\",\"url\":\"https:\\\/\\\/m.media-amazon.com\\\/images\\\/I\\\/41DjvIwhJTL._SL500_.jpg\",\"contentUrl\":\"https:\\\/\\\/m.media-amazon.com\\\/images\\\/I\\\/41DjvIwhJTL._SL500_.jpg\",\"width\":500,\"height\":500},{\"@type\":\"BreadcrumbList\",\"@id\":\"https:\\\/\\\/marktxxl.de\\\/markt\\\/produkt\\\/glueckwunschkarte-zum-hausbau-richtfest-karte-geschenkidee-oder-geschenk-zum-einzug-oder-umzug-einladung-gutschein-zu-richtfest-einweihungsfeier-t22\\\/#breadcrumb\",\"itemListElement\":[{\"@type\":\"ListItem\",\"position\":1,\"name\":\"Startseite\",\"item\":\"https:\\\/\\\/marktxxl.de\\\/markt\\\/\"},{\"@type\":\"ListItem\",\"position\":2,\"name\":\"Markt\",\"item\":\"https:\\\/\\\/marktxxl.de\\\/markt\\\/\"},{\"@type\":\"ListItem\",\"position\":3,\"name\":\"Diese-Klappkarten Gl\u00fcckwunschkarte zum Hausbau, Richtfest | Karte, Geschenkidee oder Geschenk zum Einzug oder Umzug\u2026\"}]},{\"@type\":\"WebSite\",\"@id\":\"https:\\\/\\\/marktxxl.de\\\/markt\\\/#website\",\"url\":\"https:\\\/\\\/marktxxl.de\\\/markt\\\/\",\"name\":\"Markt-XXL\",\"description\":\"Ihr Markt Online\",\"publisher\":{\"@id\":\"https:\\\/\\\/marktxxl.de\\\/markt\\\/#organization\"},\"potentialAction\":[{\"@type\":\"SearchAction\",\"target\":{\"@type\":\"EntryPoint\",\"urlTemplate\":\"https:\\\/\\\/marktxxl.de\\\/markt\\\/?s={search_term_string}\"},\"query-input\":{\"@type\":\"PropertyValueSpecification\",\"valueRequired\":true,\"valueName\":\"search_term_string\"}}],\"inLanguage\":\"de\"},{\"@type\":\"Organization\",\"@id\":\"https:\\\/\\\/marktxxl.de\\\/markt\\\/#organization\",\"name\":\"Markt-XXL\",\"url\":\"https:\\\/\\\/marktxxl.de\\\/markt\\\/\",\"logo\":{\"@type\":\"ImageObject\",\"inLanguage\":\"de\",\"@id\":\"https:\\\/\\\/marktxxl.de\\\/markt\\\/#\\\/schema\\\/logo\\\/image\\\/\",\"url\":\"https:\\\/\\\/marktxxl.de\\\/markt\\\/wp-content\\\/uploads\\\/sites\\\/3\\\/2020\\\/12\\\/logo.png\",\"contentUrl\":\"https:\\\/\\\/marktxxl.de\\\/markt\\\/wp-content\\\/uploads\\\/sites\\\/3\\\/2020\\\/12\\\/logo.png\",\"width\":200,\"height\":70,\"caption\":\"Markt-XXL\"},\"image\":{\"@id\":\"https:\\\/\\\/marktxxl.de\\\/markt\\\/#\\\/schema\\\/logo\\\/image\\\/\"}}]}<\/script>\n<!-- \/ Yoast SEO plugin. -->","yoast_head_json":{"title":"Diese-Klappkarten Gl\u00fcckwunschkarte zum Hausbau, Richtfest | Karte, Geschenkidee oder Geschenk zum Einzug oder Umzug\u2026 - Markt-XXL","description":"Markt-XXL Diese-Klappkarten Gl\u00fcckwunschkarte zum Hausbau, Richtfest | Karte, Geschenkidee oder Geschenk zum Einzug oder Umzug\u2026","robots":{"index":"index","follow":"follow","max-snippet":"max-snippet:-1","max-image-preview":"max-image-preview:large","max-video-preview":"max-video-preview:-1"},"canonical":"https:\/\/marktxxl.de\/markt\/produkt\/glueckwunschkarte-zum-hausbau-richtfest-karte-geschenkidee-oder-geschenk-zum-einzug-oder-umzug-einladung-gutschein-zu-richtfest-einweihungsfeier-t22\/","og_locale":"de_DE","og_type":"article","og_title":"Diese-Klappkarten Gl\u00fcckwunschkarte zum Hausbau, Richtfest | Karte, Geschenkidee oder Geschenk zum Einzug oder Umzug\u2026 - Markt-XXL","og_description":"Markt-XXL Diese-Klappkarten Gl\u00fcckwunschkarte zum Hausbau, Richtfest | Karte, Geschenkidee oder Geschenk zum Einzug oder Umzug\u2026","og_url":"https:\/\/marktxxl.de\/markt\/produkt\/glueckwunschkarte-zum-hausbau-richtfest-karte-geschenkidee-oder-geschenk-zum-einzug-oder-umzug-einladung-gutschein-zu-richtfest-einweihungsfeier-t22\/","og_site_name":"Markt-XXL","article_modified_time":"2023-04-09T02:03:28+00:00","og_image":[{"width":500,"height":500,"url":"https:\/\/m.media-amazon.com\/images\/I\/41DjvIwhJTL._SL500_.jpg","type":"image\/jpeg"}],"twitter_card":"summary_large_image","twitter_misc":{"Gesch\u00e4tzte Lesezeit":"1\u00a0Minute"},"schema":{"@context":"https:\/\/schema.org","@graph":[{"@type":"WebPage","@id":"https:\/\/marktxxl.de\/markt\/produkt\/glueckwunschkarte-zum-hausbau-richtfest-karte-geschenkidee-oder-geschenk-zum-einzug-oder-umzug-einladung-gutschein-zu-richtfest-einweihungsfeier-t22\/","url":"https:\/\/marktxxl.de\/markt\/produkt\/glueckwunschkarte-zum-hausbau-richtfest-karte-geschenkidee-oder-geschenk-zum-einzug-oder-umzug-einladung-gutschein-zu-richtfest-einweihungsfeier-t22\/","name":"Diese-Klappkarten Gl\u00fcckwunschkarte zum Hausbau, Richtfest | Karte, Geschenkidee oder Geschenk zum Einzug oder Umzug\u2026 - Markt-XXL","isPartOf":{"@id":"https:\/\/marktxxl.de\/markt\/#website"},"primaryImageOfPage":{"@id":"https:\/\/marktxxl.de\/markt\/produkt\/glueckwunschkarte-zum-hausbau-richtfest-karte-geschenkidee-oder-geschenk-zum-einzug-oder-umzug-einladung-gutschein-zu-richtfest-einweihungsfeier-t22\/#primaryimage"},"image":{"@id":"https:\/\/marktxxl.de\/markt\/produkt\/glueckwunschkarte-zum-hausbau-richtfest-karte-geschenkidee-oder-geschenk-zum-einzug-oder-umzug-einladung-gutschein-zu-richtfest-einweihungsfeier-t22\/#primaryimage"},"thumbnailUrl":"https:\/\/m.media-amazon.com\/images\/I\/41DjvIwhJTL._SL500_.jpg","datePublished":"2022-08-13T04:10:47+00:00","dateModified":"2023-04-09T02:03:28+00:00","description":"Markt-XXL Diese-Klappkarten Gl\u00fcckwunschkarte zum Hausbau, Richtfest | Karte, Geschenkidee oder Geschenk zum Einzug oder Umzug\u2026","breadcrumb":{"@id":"https:\/\/marktxxl.de\/markt\/produkt\/glueckwunschkarte-zum-hausbau-richtfest-karte-geschenkidee-oder-geschenk-zum-einzug-oder-umzug-einladung-gutschein-zu-richtfest-einweihungsfeier-t22\/#breadcrumb"},"inLanguage":"de","potentialAction":[{"@type":"ReadAction","target":["https:\/\/marktxxl.de\/markt\/produkt\/glueckwunschkarte-zum-hausbau-richtfest-karte-geschenkidee-oder-geschenk-zum-einzug-oder-umzug-einladung-gutschein-zu-richtfest-einweihungsfeier-t22\/"]}]},{"@type":"ImageObject","inLanguage":"de","@id":"https:\/\/marktxxl.de\/markt\/produkt\/glueckwunschkarte-zum-hausbau-richtfest-karte-geschenkidee-oder-geschenk-zum-einzug-oder-umzug-einladung-gutschein-zu-richtfest-einweihungsfeier-t22\/#primaryimage","url":"https:\/\/m.media-amazon.com\/images\/I\/41DjvIwhJTL._SL500_.jpg","contentUrl":"https:\/\/m.media-amazon.com\/images\/I\/41DjvIwhJTL._SL500_.jpg","width":500,"height":500},{"@type":"BreadcrumbList","@id":"https:\/\/marktxxl.de\/markt\/produkt\/glueckwunschkarte-zum-hausbau-richtfest-karte-geschenkidee-oder-geschenk-zum-einzug-oder-umzug-einladung-gutschein-zu-richtfest-einweihungsfeier-t22\/#breadcrumb","itemListElement":[{"@type":"ListItem","position":1,"name":"Startseite","item":"https:\/\/marktxxl.de\/markt\/"},{"@type":"ListItem","position":2,"name":"Markt","item":"https:\/\/marktxxl.de\/markt\/"},{"@type":"ListItem","position":3,"name":"Diese-Klappkarten Gl\u00fcckwunschkarte zum Hausbau, Richtfest | Karte, Geschenkidee oder Geschenk zum Einzug oder Umzug\u2026"}]},{"@type":"WebSite","@id":"https:\/\/marktxxl.de\/markt\/#website","url":"https:\/\/marktxxl.de\/markt\/","name":"Markt-XXL","description":"Ihr Markt Online","publisher":{"@id":"https:\/\/marktxxl.de\/markt\/#organization"},"potentialAction":[{"@type":"SearchAction","target":{"@type":"EntryPoint","urlTemplate":"https:\/\/marktxxl.de\/markt\/?s={search_term_string}"},"query-input":{"@type":"PropertyValueSpecification","valueRequired":true,"valueName":"search_term_string"}}],"inLanguage":"de"},{"@type":"Organization","@id":"https:\/\/marktxxl.de\/markt\/#organization","name":"Markt-XXL","url":"https:\/\/marktxxl.de\/markt\/","logo":{"@type":"ImageObject","inLanguage":"de","@id":"https:\/\/marktxxl.de\/markt\/#\/schema\/logo\/image\/","url":"https:\/\/marktxxl.de\/markt\/wp-content\/uploads\/sites\/3\/2020\/12\/logo.png","contentUrl":"https:\/\/marktxxl.de\/markt\/wp-content\/uploads\/sites\/3\/2020\/12\/logo.png","width":200,"height":70,"caption":"Markt-XXL"},"image":{"@id":"https:\/\/marktxxl.de\/markt\/#\/schema\/logo\/image\/"}}]}},"_links":{"self":[{"href":"https:\/\/marktxxl.de\/markt\/wp-json\/wp\/v2\/product\/145134","targetHints":{"allow":["GET"]}}],"collection":[{"href":"https:\/\/marktxxl.de\/markt\/wp-json\/wp\/v2\/product"}],"about":[{"href":"https:\/\/marktxxl.de\/markt\/wp-json\/wp\/v2\/types\/product"}],"replies":[{"embeddable":true,"href":"https:\/\/marktxxl.de\/markt\/wp-json\/wp\/v2\/comments?post=145134"}],"wp:featuredmedia":[{"embeddable":true,"href":"https:\/\/marktxxl.de\/markt\/wp-json\/wp\/v2\/media\/145135"}],"wp:attachment":[{"href":"https:\/\/marktxxl.de\/markt\/wp-json\/wp\/v2\/media?parent=145134"}],"wp:term":[{"taxonomy":"product_brand","embeddable":true,"href":"https:\/\/marktxxl.de\/markt\/wp-json\/wp\/v2\/product_brand?post=145134"},{"taxonomy":"product_cat","embeddable":true,"href":"https:\/\/marktxxl.de\/markt\/wp-json\/wp\/v2\/product_cat?post=145134"},{"taxonomy":"product_tag","embeddable":true,"href":"https:\/\/marktxxl.de\/markt\/wp-json\/wp\/v2\/product_tag?post=145134"}],"curies":[{"name":"wp","href":"https:\/\/api.w.org\/{rel}","templated":true}]}}