{"id":144917,"date":"2022-08-13T05:41:18","date_gmt":"2022-08-13T03:41:18","guid":{"rendered":"https:\/\/marktxxl.de\/markt\/produkt\/foh-buerostuhl-rollen-aus-gummi-strapazierfaehige-rollen-und-sichere-passform-fuer-alle-boeden-76-cm-universal-rad-zum-schutz-von-hartholzboeden-und-teppichen\/"},"modified":"2023-04-09T04:03:24","modified_gmt":"2023-04-09T02:03:24","slug":"foh-buerostuhl-rollen-aus-gummi-strapazierfaehige-rollen-und-sichere-passform-fuer-alle-boeden-76-cm-universal-rad-zum-schutz-von-hartholzboeden-und-teppichen","status":"publish","type":"product","link":"https:\/\/marktxxl.de\/markt\/produkt\/foh-buerostuhl-rollen-aus-gummi-strapazierfaehige-rollen-und-sichere-passform-fuer-alle-boeden-76-cm-universal-rad-zum-schutz-von-hartholzboeden-und-teppichen\/","title":{"rendered":"FOH B\u00fcrostuhl-Rollen aus Gummi, strapazierf\u00e4hige Rollen und sichere Passform f\u00fcr alle B\u00f6den, 7,6 cm Universal-Rad zum\u2026"},"content":{"rendered":"<p>\u9286\ufffd Sch\u7709tzt alle B\u679aden \u9286\ufffd Diese hochwertigen Rollen sind speziell zum Schutz von Teppichen, Hartholzb\u679aden, Schiefer, Fliesen und anderen weichen B\u679aden konzipiert. Hergestellt aus hochwertigem Polyurethan und Stahl, um eine hervorragende Leistung im Laufe der Zeit zu gew\u76f2hrleisten.<br \/>\n\u9286\ufffd Robust \u9286\ufffd B\u7709ro-Schreibtischstuhlrollen, maximale Tragkraft: 130 kg pro Rad und 650 lbs als 5er-Set.<br \/>\nLeichtg\u76f2ngiges und leises Rollen: Gleiten und gleiten Sie mit unseren Rollerblade Lenkrollen statt quietschendes B\u7709rostuhlrad.<br \/>\n\u9286\u6033niversell\u9286\ufffd Diese Rollen passen zu 99 % B\u7709rostuhl-Modellen \u9225\ufffd Standard-Durchmesser: 11 mm, Schaftl\u76f2nge: 22 mm. Kein Werkzeug erforderlich, einfach Ihre alten R\u76f2der herausziehen und diese neuen Rollen einsetzen.<br \/>\nInternational products have separate terms, are sold from abroad and may differ from local products, including fit, age ratings, and language of product, labeling or instructions.<br \/>\n<div class=\"main-cross-sell\" data-asin=\"B0816F6TN3\">\n\n\t<div class=\"WooZone-cross-sell-loader\">\n\t\t<div>\n\t\t\t<div id=\"floatingBarsG\">\n\t\t\t\t<div class=\"blockG\" id=\"rotateG_01\"><\/div>\n\t\t\t\t<div class=\"blockG\" id=\"rotateG_02\"><\/div>\n\t\t\t\t<div class=\"blockG\" id=\"rotateG_03\"><\/div>\n\t\t\t\t<div class=\"blockG\" id=\"rotateG_04\"><\/div>\n\t\t\t\t<div class=\"blockG\" id=\"rotateG_05\"><\/div>\n\t\t\t\t<div class=\"blockG\" id=\"rotateG_06\"><\/div>\n\t\t\t\t<div class=\"blockG\" id=\"rotateG_07\"><\/div>\n\t\t\t\t<div class=\"blockG\" id=\"rotateG_08\"><\/div>\n\t\t\t<\/div>\n\t\t\t<div class=\"WooZone-cross-sell-loader-text\"><\/div>\n\t\t<\/div>\n\t<\/div>\n\n\t\t\n<\/div>\n<div style=\"clear:both;\"><\/div><\/p>\n","protected":false},"excerpt":{"rendered":"<p>\u9286\ufffd Sch\u7709tzt alle B\u679aden \u9286\ufffd Diese hochwertigen Rollen sind speziell zum Schutz von Teppichen, Hartholzb\u679aden, Schiefer, Fliesen und anderen weichen B\u679aden konzipiert. Hergestellt aus hochwertigem Polyurethan und Stahl, um eine hervorragende Leistung im Laufe der Zeit zu gew\u76f2hrleisten.<br \/>\n\u9286\ufffd Robust \u9286\ufffd B\u7709ro-Schreibtischstuhlrollen, maximale Tragkraft: 130 kg pro Rad und 650 lbs als 5er-Set.<br \/>\nLeichtg\u76f2ngiges und leises Rollen: Gleiten und gleiten Sie mit unseren Rollerblade Lenkrollen statt quietschendes B\u7709rostuhlrad.<\/p>\n","protected":false},"featured_media":144918,"comment_status":"open","ping_status":"closed","template":"","meta":[],"product_brand":[],"product_cat":[504,8312],"product_tag":[],"class_list":{"0":"post-144917","1":"product","2":"type-product","3":"status-publish","4":"has-post-thumbnail","6":"product_cat-buerobedarf-schreibwaren","7":"product_cat-bueromoebel-beleuchtung","8":"pa_binding-buerobedarf-schreibwaren","9":"pa_brand-foh","10":"pa_manufacturer-foh","11":"pa_weight-0-56-pfund","13":"first","14":"instock","15":"shipping-taxable","16":"purchasable","17":"product-type-simple","18":"customify-col","19":"product-has-gallery"},"yoast_head":"<!-- This site is optimized with the Yoast SEO plugin v27.4 - https:\/\/yoast.com\/product\/yoast-seo-wordpress\/ -->\n<title>FOH B\u00fcrostuhl-Rollen aus Gummi, strapazierf\u00e4hige Rollen und sichere Passform f\u00fcr alle B\u00f6den, 7,6 cm Universal-Rad zum\u2026 - Markt-XXL<\/title>\n<meta name=\"description\" content=\"Markt-XXL FOH B\u00fcrostuhl-Rollen aus Gummi, strapazierf\u00e4hige Rollen und sichere Passform f\u00fcr alle B\u00f6den, 7,6 cm Universal-Rad zum\u2026\" \/>\n<meta name=\"robots\" content=\"index, follow, max-snippet:-1, max-image-preview:large, max-video-preview:-1\" \/>\n<link rel=\"canonical\" href=\"https:\/\/marktxxl.de\/markt\/produkt\/foh-buerostuhl-rollen-aus-gummi-strapazierfaehige-rollen-und-sichere-passform-fuer-alle-boeden-76-cm-universal-rad-zum-schutz-von-hartholzboeden-und-teppichen\/\" \/>\n<meta property=\"og:locale\" content=\"de_DE\" \/>\n<meta property=\"og:type\" content=\"article\" \/>\n<meta property=\"og:title\" content=\"FOH B\u00fcrostuhl-Rollen aus Gummi, strapazierf\u00e4hige Rollen und sichere Passform f\u00fcr alle B\u00f6den, 7,6 cm Universal-Rad zum\u2026 - Markt-XXL\" \/>\n<meta property=\"og:description\" content=\"Markt-XXL FOH B\u00fcrostuhl-Rollen aus Gummi, strapazierf\u00e4hige Rollen und sichere Passform f\u00fcr alle B\u00f6den, 7,6 cm Universal-Rad zum\u2026\" \/>\n<meta property=\"og:url\" content=\"https:\/\/marktxxl.de\/markt\/produkt\/foh-buerostuhl-rollen-aus-gummi-strapazierfaehige-rollen-und-sichere-passform-fuer-alle-boeden-76-cm-universal-rad-zum-schutz-von-hartholzboeden-und-teppichen\/\" \/>\n<meta property=\"og:site_name\" content=\"Markt-XXL\" \/>\n<meta property=\"article:modified_time\" content=\"2023-04-09T02:03:24+00:00\" \/>\n<meta property=\"og:image\" content=\"https:\/\/m.media-amazon.com\/images\/I\/41lT7FbrFxS._SL500_.jpg\" \/>\n\t<meta property=\"og:image:width\" content=\"500\" \/>\n\t<meta property=\"og:image:height\" content=\"500\" \/>\n\t<meta property=\"og:image:type\" content=\"image\/jpeg\" \/>\n<meta name=\"twitter:card\" content=\"summary_large_image\" \/>\n<meta name=\"twitter:label1\" content=\"Gesch\u00e4tzte Lesezeit\" \/>\n\t<meta name=\"twitter:data1\" content=\"1\u00a0Minute\" \/>\n<script type=\"application\/ld+json\" class=\"yoast-schema-graph\">{\"@context\":\"https:\\\/\\\/schema.org\",\"@graph\":[{\"@type\":\"WebPage\",\"@id\":\"https:\\\/\\\/marktxxl.de\\\/markt\\\/produkt\\\/foh-buerostuhl-rollen-aus-gummi-strapazierfaehige-rollen-und-sichere-passform-fuer-alle-boeden-76-cm-universal-rad-zum-schutz-von-hartholzboeden-und-teppichen\\\/\",\"url\":\"https:\\\/\\\/marktxxl.de\\\/markt\\\/produkt\\\/foh-buerostuhl-rollen-aus-gummi-strapazierfaehige-rollen-und-sichere-passform-fuer-alle-boeden-76-cm-universal-rad-zum-schutz-von-hartholzboeden-und-teppichen\\\/\",\"name\":\"FOH B\u00fcrostuhl-Rollen aus Gummi, strapazierf\u00e4hige Rollen und sichere Passform f\u00fcr alle B\u00f6den, 7,6 cm Universal-Rad zum\u2026 - Markt-XXL\",\"isPartOf\":{\"@id\":\"https:\\\/\\\/marktxxl.de\\\/markt\\\/#website\"},\"primaryImageOfPage\":{\"@id\":\"https:\\\/\\\/marktxxl.de\\\/markt\\\/produkt\\\/foh-buerostuhl-rollen-aus-gummi-strapazierfaehige-rollen-und-sichere-passform-fuer-alle-boeden-76-cm-universal-rad-zum-schutz-von-hartholzboeden-und-teppichen\\\/#primaryimage\"},\"image\":{\"@id\":\"https:\\\/\\\/marktxxl.de\\\/markt\\\/produkt\\\/foh-buerostuhl-rollen-aus-gummi-strapazierfaehige-rollen-und-sichere-passform-fuer-alle-boeden-76-cm-universal-rad-zum-schutz-von-hartholzboeden-und-teppichen\\\/#primaryimage\"},\"thumbnailUrl\":\"https:\\\/\\\/m.media-amazon.com\\\/images\\\/I\\\/41lT7FbrFxS._SL500_.jpg\",\"datePublished\":\"2022-08-13T03:41:18+00:00\",\"dateModified\":\"2023-04-09T02:03:24+00:00\",\"description\":\"Markt-XXL FOH B\u00fcrostuhl-Rollen aus Gummi, strapazierf\u00e4hige Rollen und sichere Passform f\u00fcr alle B\u00f6den, 7,6 cm Universal-Rad zum\u2026\",\"breadcrumb\":{\"@id\":\"https:\\\/\\\/marktxxl.de\\\/markt\\\/produkt\\\/foh-buerostuhl-rollen-aus-gummi-strapazierfaehige-rollen-und-sichere-passform-fuer-alle-boeden-76-cm-universal-rad-zum-schutz-von-hartholzboeden-und-teppichen\\\/#breadcrumb\"},\"inLanguage\":\"de\",\"potentialAction\":[{\"@type\":\"ReadAction\",\"target\":[\"https:\\\/\\\/marktxxl.de\\\/markt\\\/produkt\\\/foh-buerostuhl-rollen-aus-gummi-strapazierfaehige-rollen-und-sichere-passform-fuer-alle-boeden-76-cm-universal-rad-zum-schutz-von-hartholzboeden-und-teppichen\\\/\"]}]},{\"@type\":\"ImageObject\",\"inLanguage\":\"de\",\"@id\":\"https:\\\/\\\/marktxxl.de\\\/markt\\\/produkt\\\/foh-buerostuhl-rollen-aus-gummi-strapazierfaehige-rollen-und-sichere-passform-fuer-alle-boeden-76-cm-universal-rad-zum-schutz-von-hartholzboeden-und-teppichen\\\/#primaryimage\",\"url\":\"https:\\\/\\\/m.media-amazon.com\\\/images\\\/I\\\/41lT7FbrFxS._SL500_.jpg\",\"contentUrl\":\"https:\\\/\\\/m.media-amazon.com\\\/images\\\/I\\\/41lT7FbrFxS._SL500_.jpg\",\"width\":500,\"height\":500},{\"@type\":\"BreadcrumbList\",\"@id\":\"https:\\\/\\\/marktxxl.de\\\/markt\\\/produkt\\\/foh-buerostuhl-rollen-aus-gummi-strapazierfaehige-rollen-und-sichere-passform-fuer-alle-boeden-76-cm-universal-rad-zum-schutz-von-hartholzboeden-und-teppichen\\\/#breadcrumb\",\"itemListElement\":[{\"@type\":\"ListItem\",\"position\":1,\"name\":\"Startseite\",\"item\":\"https:\\\/\\\/marktxxl.de\\\/markt\\\/\"},{\"@type\":\"ListItem\",\"position\":2,\"name\":\"Markt\",\"item\":\"https:\\\/\\\/marktxxl.de\\\/markt\\\/\"},{\"@type\":\"ListItem\",\"position\":3,\"name\":\"FOH B\u00fcrostuhl-Rollen aus Gummi, strapazierf\u00e4hige Rollen und sichere Passform f\u00fcr alle B\u00f6den, 7,6 cm Universal-Rad zum\u2026\"}]},{\"@type\":\"WebSite\",\"@id\":\"https:\\\/\\\/marktxxl.de\\\/markt\\\/#website\",\"url\":\"https:\\\/\\\/marktxxl.de\\\/markt\\\/\",\"name\":\"Markt-XXL\",\"description\":\"Ihr Markt Online\",\"publisher\":{\"@id\":\"https:\\\/\\\/marktxxl.de\\\/markt\\\/#organization\"},\"potentialAction\":[{\"@type\":\"SearchAction\",\"target\":{\"@type\":\"EntryPoint\",\"urlTemplate\":\"https:\\\/\\\/marktxxl.de\\\/markt\\\/?s={search_term_string}\"},\"query-input\":{\"@type\":\"PropertyValueSpecification\",\"valueRequired\":true,\"valueName\":\"search_term_string\"}}],\"inLanguage\":\"de\"},{\"@type\":\"Organization\",\"@id\":\"https:\\\/\\\/marktxxl.de\\\/markt\\\/#organization\",\"name\":\"Markt-XXL\",\"url\":\"https:\\\/\\\/marktxxl.de\\\/markt\\\/\",\"logo\":{\"@type\":\"ImageObject\",\"inLanguage\":\"de\",\"@id\":\"https:\\\/\\\/marktxxl.de\\\/markt\\\/#\\\/schema\\\/logo\\\/image\\\/\",\"url\":\"https:\\\/\\\/marktxxl.de\\\/markt\\\/wp-content\\\/uploads\\\/sites\\\/3\\\/2020\\\/12\\\/logo.png\",\"contentUrl\":\"https:\\\/\\\/marktxxl.de\\\/markt\\\/wp-content\\\/uploads\\\/sites\\\/3\\\/2020\\\/12\\\/logo.png\",\"width\":200,\"height\":70,\"caption\":\"Markt-XXL\"},\"image\":{\"@id\":\"https:\\\/\\\/marktxxl.de\\\/markt\\\/#\\\/schema\\\/logo\\\/image\\\/\"}}]}<\/script>\n<!-- \/ Yoast SEO plugin. -->","yoast_head_json":{"title":"FOH B\u00fcrostuhl-Rollen aus Gummi, strapazierf\u00e4hige Rollen und sichere Passform f\u00fcr alle B\u00f6den, 7,6 cm Universal-Rad zum\u2026 - Markt-XXL","description":"Markt-XXL FOH B\u00fcrostuhl-Rollen aus Gummi, strapazierf\u00e4hige Rollen und sichere Passform f\u00fcr alle B\u00f6den, 7,6 cm Universal-Rad zum\u2026","robots":{"index":"index","follow":"follow","max-snippet":"max-snippet:-1","max-image-preview":"max-image-preview:large","max-video-preview":"max-video-preview:-1"},"canonical":"https:\/\/marktxxl.de\/markt\/produkt\/foh-buerostuhl-rollen-aus-gummi-strapazierfaehige-rollen-und-sichere-passform-fuer-alle-boeden-76-cm-universal-rad-zum-schutz-von-hartholzboeden-und-teppichen\/","og_locale":"de_DE","og_type":"article","og_title":"FOH B\u00fcrostuhl-Rollen aus Gummi, strapazierf\u00e4hige Rollen und sichere Passform f\u00fcr alle B\u00f6den, 7,6 cm Universal-Rad zum\u2026 - Markt-XXL","og_description":"Markt-XXL FOH B\u00fcrostuhl-Rollen aus Gummi, strapazierf\u00e4hige Rollen und sichere Passform f\u00fcr alle B\u00f6den, 7,6 cm Universal-Rad zum\u2026","og_url":"https:\/\/marktxxl.de\/markt\/produkt\/foh-buerostuhl-rollen-aus-gummi-strapazierfaehige-rollen-und-sichere-passform-fuer-alle-boeden-76-cm-universal-rad-zum-schutz-von-hartholzboeden-und-teppichen\/","og_site_name":"Markt-XXL","article_modified_time":"2023-04-09T02:03:24+00:00","og_image":[{"width":500,"height":500,"url":"https:\/\/m.media-amazon.com\/images\/I\/41lT7FbrFxS._SL500_.jpg","type":"image\/jpeg"}],"twitter_card":"summary_large_image","twitter_misc":{"Gesch\u00e4tzte Lesezeit":"1\u00a0Minute"},"schema":{"@context":"https:\/\/schema.org","@graph":[{"@type":"WebPage","@id":"https:\/\/marktxxl.de\/markt\/produkt\/foh-buerostuhl-rollen-aus-gummi-strapazierfaehige-rollen-und-sichere-passform-fuer-alle-boeden-76-cm-universal-rad-zum-schutz-von-hartholzboeden-und-teppichen\/","url":"https:\/\/marktxxl.de\/markt\/produkt\/foh-buerostuhl-rollen-aus-gummi-strapazierfaehige-rollen-und-sichere-passform-fuer-alle-boeden-76-cm-universal-rad-zum-schutz-von-hartholzboeden-und-teppichen\/","name":"FOH B\u00fcrostuhl-Rollen aus Gummi, strapazierf\u00e4hige Rollen und sichere Passform f\u00fcr alle B\u00f6den, 7,6 cm Universal-Rad zum\u2026 - Markt-XXL","isPartOf":{"@id":"https:\/\/marktxxl.de\/markt\/#website"},"primaryImageOfPage":{"@id":"https:\/\/marktxxl.de\/markt\/produkt\/foh-buerostuhl-rollen-aus-gummi-strapazierfaehige-rollen-und-sichere-passform-fuer-alle-boeden-76-cm-universal-rad-zum-schutz-von-hartholzboeden-und-teppichen\/#primaryimage"},"image":{"@id":"https:\/\/marktxxl.de\/markt\/produkt\/foh-buerostuhl-rollen-aus-gummi-strapazierfaehige-rollen-und-sichere-passform-fuer-alle-boeden-76-cm-universal-rad-zum-schutz-von-hartholzboeden-und-teppichen\/#primaryimage"},"thumbnailUrl":"https:\/\/m.media-amazon.com\/images\/I\/41lT7FbrFxS._SL500_.jpg","datePublished":"2022-08-13T03:41:18+00:00","dateModified":"2023-04-09T02:03:24+00:00","description":"Markt-XXL FOH B\u00fcrostuhl-Rollen aus Gummi, strapazierf\u00e4hige Rollen und sichere Passform f\u00fcr alle B\u00f6den, 7,6 cm Universal-Rad zum\u2026","breadcrumb":{"@id":"https:\/\/marktxxl.de\/markt\/produkt\/foh-buerostuhl-rollen-aus-gummi-strapazierfaehige-rollen-und-sichere-passform-fuer-alle-boeden-76-cm-universal-rad-zum-schutz-von-hartholzboeden-und-teppichen\/#breadcrumb"},"inLanguage":"de","potentialAction":[{"@type":"ReadAction","target":["https:\/\/marktxxl.de\/markt\/produkt\/foh-buerostuhl-rollen-aus-gummi-strapazierfaehige-rollen-und-sichere-passform-fuer-alle-boeden-76-cm-universal-rad-zum-schutz-von-hartholzboeden-und-teppichen\/"]}]},{"@type":"ImageObject","inLanguage":"de","@id":"https:\/\/marktxxl.de\/markt\/produkt\/foh-buerostuhl-rollen-aus-gummi-strapazierfaehige-rollen-und-sichere-passform-fuer-alle-boeden-76-cm-universal-rad-zum-schutz-von-hartholzboeden-und-teppichen\/#primaryimage","url":"https:\/\/m.media-amazon.com\/images\/I\/41lT7FbrFxS._SL500_.jpg","contentUrl":"https:\/\/m.media-amazon.com\/images\/I\/41lT7FbrFxS._SL500_.jpg","width":500,"height":500},{"@type":"BreadcrumbList","@id":"https:\/\/marktxxl.de\/markt\/produkt\/foh-buerostuhl-rollen-aus-gummi-strapazierfaehige-rollen-und-sichere-passform-fuer-alle-boeden-76-cm-universal-rad-zum-schutz-von-hartholzboeden-und-teppichen\/#breadcrumb","itemListElement":[{"@type":"ListItem","position":1,"name":"Startseite","item":"https:\/\/marktxxl.de\/markt\/"},{"@type":"ListItem","position":2,"name":"Markt","item":"https:\/\/marktxxl.de\/markt\/"},{"@type":"ListItem","position":3,"name":"FOH B\u00fcrostuhl-Rollen aus Gummi, strapazierf\u00e4hige Rollen und sichere Passform f\u00fcr alle B\u00f6den, 7,6 cm Universal-Rad zum\u2026"}]},{"@type":"WebSite","@id":"https:\/\/marktxxl.de\/markt\/#website","url":"https:\/\/marktxxl.de\/markt\/","name":"Markt-XXL","description":"Ihr Markt Online","publisher":{"@id":"https:\/\/marktxxl.de\/markt\/#organization"},"potentialAction":[{"@type":"SearchAction","target":{"@type":"EntryPoint","urlTemplate":"https:\/\/marktxxl.de\/markt\/?s={search_term_string}"},"query-input":{"@type":"PropertyValueSpecification","valueRequired":true,"valueName":"search_term_string"}}],"inLanguage":"de"},{"@type":"Organization","@id":"https:\/\/marktxxl.de\/markt\/#organization","name":"Markt-XXL","url":"https:\/\/marktxxl.de\/markt\/","logo":{"@type":"ImageObject","inLanguage":"de","@id":"https:\/\/marktxxl.de\/markt\/#\/schema\/logo\/image\/","url":"https:\/\/marktxxl.de\/markt\/wp-content\/uploads\/sites\/3\/2020\/12\/logo.png","contentUrl":"https:\/\/marktxxl.de\/markt\/wp-content\/uploads\/sites\/3\/2020\/12\/logo.png","width":200,"height":70,"caption":"Markt-XXL"},"image":{"@id":"https:\/\/marktxxl.de\/markt\/#\/schema\/logo\/image\/"}}]}},"_links":{"self":[{"href":"https:\/\/marktxxl.de\/markt\/wp-json\/wp\/v2\/product\/144917","targetHints":{"allow":["GET"]}}],"collection":[{"href":"https:\/\/marktxxl.de\/markt\/wp-json\/wp\/v2\/product"}],"about":[{"href":"https:\/\/marktxxl.de\/markt\/wp-json\/wp\/v2\/types\/product"}],"replies":[{"embeddable":true,"href":"https:\/\/marktxxl.de\/markt\/wp-json\/wp\/v2\/comments?post=144917"}],"wp:featuredmedia":[{"embeddable":true,"href":"https:\/\/marktxxl.de\/markt\/wp-json\/wp\/v2\/media\/144918"}],"wp:attachment":[{"href":"https:\/\/marktxxl.de\/markt\/wp-json\/wp\/v2\/media?parent=144917"}],"wp:term":[{"taxonomy":"product_brand","embeddable":true,"href":"https:\/\/marktxxl.de\/markt\/wp-json\/wp\/v2\/product_brand?post=144917"},{"taxonomy":"product_cat","embeddable":true,"href":"https:\/\/marktxxl.de\/markt\/wp-json\/wp\/v2\/product_cat?post=144917"},{"taxonomy":"product_tag","embeddable":true,"href":"https:\/\/marktxxl.de\/markt\/wp-json\/wp\/v2\/product_tag?post=144917"}],"curies":[{"name":"wp","href":"https:\/\/api.w.org\/{rel}","templated":true}]}}