{"id":144883,"date":"2022-08-13T05:40:22","date_gmt":"2022-08-13T03:40:22","guid":{"rendered":"https:\/\/marktxxl.de\/markt\/produkt\/newertech-adaptadrive-2-5bis-3-5-antriebswandlerhalterung\/"},"modified":"2023-04-09T04:03:23","modified_gmt":"2023-04-09T02:03:23","slug":"newertech-adaptadrive-2-5bis-3-5-antriebswandlerhalterung","status":"publish","type":"product","link":"https:\/\/marktxxl.de\/markt\/produkt\/newertech-adaptadrive-2-5bis-3-5-antriebswandlerhalterung\/","title":{"rendered":"NewerTech AdaptaDrive 2.5&#8243;bis 3.5&#8243; Antriebswandlerhalterung"},"content":{"rendered":"<p>Kompatibel mit jeder 2,5-Zoll-SATA-Festplatte oder Solid State Drive (SSD).\u00a0Passend f\u00fcr alle 3,5-Zoll-SATA-Laufwerkssch\u00e4chte<br \/>\nKompatibel mit Backplane-Trays in Apple Mac Pro-Modellen<br \/>\nVollst\u00e4ndig kompatibel mit SATA 3.0 Revision (6 Gbit \/ s) und abw\u00e4rtskompatibel mit Laufwerken mit SATA 2.0 Revision (3 Gbit \/ s) und 1.0 Revision (1,5 Gbit \/ s)<br \/>\nZur Verwendung mit OWC-, Samsung-, Kingston-, SanDisk-, Intel-, Crucial-, ADATA PNY- und anderen Solid-State-Laufwerken<br \/>\nDas offene Design erm\u00f6glicht einen vollen Luftstrom f\u00fcr eine ordnungsgem\u00e4\u00dfe K\u00fchlung des Antriebs.\u00a0Inklusive Befestigungsschrauben.\u00a05 Jahre Garantie auf neuere Technologie<br \/>\n<div class=\"main-cross-sell\" data-asin=\"B005PZDVF6\">\n\n\t<div class=\"WooZone-cross-sell-loader\">\n\t\t<div>\n\t\t\t<div id=\"floatingBarsG\">\n\t\t\t\t<div class=\"blockG\" id=\"rotateG_01\"><\/div>\n\t\t\t\t<div class=\"blockG\" id=\"rotateG_02\"><\/div>\n\t\t\t\t<div class=\"blockG\" id=\"rotateG_03\"><\/div>\n\t\t\t\t<div class=\"blockG\" id=\"rotateG_04\"><\/div>\n\t\t\t\t<div class=\"blockG\" id=\"rotateG_05\"><\/div>\n\t\t\t\t<div class=\"blockG\" id=\"rotateG_06\"><\/div>\n\t\t\t\t<div class=\"blockG\" id=\"rotateG_07\"><\/div>\n\t\t\t\t<div class=\"blockG\" id=\"rotateG_08\"><\/div>\n\t\t\t<\/div>\n\t\t\t<div class=\"WooZone-cross-sell-loader-text\"><\/div>\n\t\t<\/div>\n\t<\/div>\n\n\t\t\n<\/div>\n<div style=\"clear:both;\"><\/div><\/p>\n","protected":false},"excerpt":{"rendered":"<p>Kompatibel mit jeder 2,5-Zoll-SATA-Festplatte oder Solid State Drive (SSD).\u00a0Passend f\u00fcr alle 3,5-Zoll-SATA-Laufwerkssch\u00e4chte<br \/>\nKompatibel mit Backplane-Trays in Apple Mac Pro-Modellen<br \/>\nVollst\u00e4ndig kompatibel mit SATA 3.0 Revision (6 Gbit \/ s) und abw\u00e4rtskompatibel mit Laufwerken mit SATA 2.0 Revision (3 Gbit \/ s) und 1.0 Revision (1,5 Gbit \/ s)<\/p>\n","protected":false},"featured_media":144884,"comment_status":"open","ping_status":"closed","template":"","meta":[],"product_brand":[],"product_cat":[504,8208],"product_tag":[],"class_list":{"0":"post-144883","1":"product","2":"type-product","3":"status-publish","4":"has-post-thumbnail","6":"product_cat-buerobedarf-schreibwaren","7":"product_cat-bueroelektronik","8":"pa_binding-zubehoer","9":"pa_brand-newertech","10":"pa_color-schwarz","11":"pa_height-0-35433-zoll","12":"pa_languages-unbekannt-englisch","13":"pa_length-3-984244-zoll","14":"pa_manufacturer-owc","15":"pa_model-nwtadptadrv","16":"pa_size-nur-0-gb-halterung","17":"pa_warranty-12-monate","18":"pa_weight-0-2187426563564-pfund","19":"pa_width-5-775579-zoll","21":"first","22":"instock","23":"shipping-taxable","24":"purchasable","25":"product-type-simple","26":"customify-col","27":"product-has-gallery"},"yoast_head":"<!-- This site is optimized with the Yoast SEO plugin v27.3 - https:\/\/yoast.com\/product\/yoast-seo-wordpress\/ -->\n<title>NewerTech AdaptaDrive 2.5&quot;bis 3.5&quot; Antriebswandlerhalterung - Markt-XXL<\/title>\n<meta name=\"description\" content=\"Markt-XXL NewerTech AdaptaDrive 2.5&quot;bis 3.5&quot; Antriebswandlerhalterung\" \/>\n<meta name=\"robots\" content=\"index, follow, max-snippet:-1, max-image-preview:large, max-video-preview:-1\" \/>\n<link rel=\"canonical\" href=\"https:\/\/marktxxl.de\/markt\/produkt\/newertech-adaptadrive-2-5bis-3-5-antriebswandlerhalterung\/\" \/>\n<meta property=\"og:locale\" content=\"de_DE\" \/>\n<meta property=\"og:type\" content=\"article\" \/>\n<meta property=\"og:title\" content=\"NewerTech AdaptaDrive 2.5&quot;bis 3.5&quot; Antriebswandlerhalterung - Markt-XXL\" \/>\n<meta property=\"og:description\" content=\"Markt-XXL NewerTech AdaptaDrive 2.5&quot;bis 3.5&quot; Antriebswandlerhalterung\" \/>\n<meta property=\"og:url\" content=\"https:\/\/marktxxl.de\/markt\/produkt\/newertech-adaptadrive-2-5bis-3-5-antriebswandlerhalterung\/\" \/>\n<meta property=\"og:site_name\" content=\"Markt-XXL\" \/>\n<meta property=\"article:modified_time\" content=\"2023-04-09T02:03:23+00:00\" \/>\n<meta property=\"og:image\" content=\"https:\/\/m.media-amazon.com\/images\/I\/41HHm09yfNL._SL500_.jpg\" \/>\n\t<meta property=\"og:image:width\" content=\"500\" \/>\n\t<meta property=\"og:image:height\" content=\"348\" \/>\n\t<meta property=\"og:image:type\" content=\"image\/jpeg\" \/>\n<meta name=\"twitter:card\" content=\"summary_large_image\" \/>\n<script type=\"application\/ld+json\" class=\"yoast-schema-graph\">{\"@context\":\"https:\\\/\\\/schema.org\",\"@graph\":[{\"@type\":\"WebPage\",\"@id\":\"https:\\\/\\\/marktxxl.de\\\/markt\\\/produkt\\\/newertech-adaptadrive-2-5bis-3-5-antriebswandlerhalterung\\\/\",\"url\":\"https:\\\/\\\/marktxxl.de\\\/markt\\\/produkt\\\/newertech-adaptadrive-2-5bis-3-5-antriebswandlerhalterung\\\/\",\"name\":\"NewerTech AdaptaDrive 2.5\\\"bis 3.5\\\" Antriebswandlerhalterung - Markt-XXL\",\"isPartOf\":{\"@id\":\"https:\\\/\\\/marktxxl.de\\\/markt\\\/#website\"},\"primaryImageOfPage\":{\"@id\":\"https:\\\/\\\/marktxxl.de\\\/markt\\\/produkt\\\/newertech-adaptadrive-2-5bis-3-5-antriebswandlerhalterung\\\/#primaryimage\"},\"image\":{\"@id\":\"https:\\\/\\\/marktxxl.de\\\/markt\\\/produkt\\\/newertech-adaptadrive-2-5bis-3-5-antriebswandlerhalterung\\\/#primaryimage\"},\"thumbnailUrl\":\"https:\\\/\\\/m.media-amazon.com\\\/images\\\/I\\\/41HHm09yfNL._SL500_.jpg\",\"datePublished\":\"2022-08-13T03:40:22+00:00\",\"dateModified\":\"2023-04-09T02:03:23+00:00\",\"description\":\"Markt-XXL NewerTech AdaptaDrive 2.5\\\"bis 3.5\\\" Antriebswandlerhalterung\",\"breadcrumb\":{\"@id\":\"https:\\\/\\\/marktxxl.de\\\/markt\\\/produkt\\\/newertech-adaptadrive-2-5bis-3-5-antriebswandlerhalterung\\\/#breadcrumb\"},\"inLanguage\":\"de\",\"potentialAction\":[{\"@type\":\"ReadAction\",\"target\":[\"https:\\\/\\\/marktxxl.de\\\/markt\\\/produkt\\\/newertech-adaptadrive-2-5bis-3-5-antriebswandlerhalterung\\\/\"]}]},{\"@type\":\"ImageObject\",\"inLanguage\":\"de\",\"@id\":\"https:\\\/\\\/marktxxl.de\\\/markt\\\/produkt\\\/newertech-adaptadrive-2-5bis-3-5-antriebswandlerhalterung\\\/#primaryimage\",\"url\":\"https:\\\/\\\/m.media-amazon.com\\\/images\\\/I\\\/41HHm09yfNL._SL500_.jpg\",\"contentUrl\":\"https:\\\/\\\/m.media-amazon.com\\\/images\\\/I\\\/41HHm09yfNL._SL500_.jpg\",\"width\":500,\"height\":348},{\"@type\":\"BreadcrumbList\",\"@id\":\"https:\\\/\\\/marktxxl.de\\\/markt\\\/produkt\\\/newertech-adaptadrive-2-5bis-3-5-antriebswandlerhalterung\\\/#breadcrumb\",\"itemListElement\":[{\"@type\":\"ListItem\",\"position\":1,\"name\":\"Startseite\",\"item\":\"https:\\\/\\\/marktxxl.de\\\/markt\\\/\"},{\"@type\":\"ListItem\",\"position\":2,\"name\":\"Markt\",\"item\":\"https:\\\/\\\/marktxxl.de\\\/markt\\\/\"},{\"@type\":\"ListItem\",\"position\":3,\"name\":\"NewerTech AdaptaDrive 2.5&#8243;bis 3.5&#8243; Antriebswandlerhalterung\"}]},{\"@type\":\"WebSite\",\"@id\":\"https:\\\/\\\/marktxxl.de\\\/markt\\\/#website\",\"url\":\"https:\\\/\\\/marktxxl.de\\\/markt\\\/\",\"name\":\"Markt-XXL\",\"description\":\"Ihr Markt Online\",\"publisher\":{\"@id\":\"https:\\\/\\\/marktxxl.de\\\/markt\\\/#organization\"},\"potentialAction\":[{\"@type\":\"SearchAction\",\"target\":{\"@type\":\"EntryPoint\",\"urlTemplate\":\"https:\\\/\\\/marktxxl.de\\\/markt\\\/?s={search_term_string}\"},\"query-input\":{\"@type\":\"PropertyValueSpecification\",\"valueRequired\":true,\"valueName\":\"search_term_string\"}}],\"inLanguage\":\"de\"},{\"@type\":\"Organization\",\"@id\":\"https:\\\/\\\/marktxxl.de\\\/markt\\\/#organization\",\"name\":\"Markt-XXL\",\"url\":\"https:\\\/\\\/marktxxl.de\\\/markt\\\/\",\"logo\":{\"@type\":\"ImageObject\",\"inLanguage\":\"de\",\"@id\":\"https:\\\/\\\/marktxxl.de\\\/markt\\\/#\\\/schema\\\/logo\\\/image\\\/\",\"url\":\"https:\\\/\\\/marktxxl.de\\\/markt\\\/wp-content\\\/uploads\\\/sites\\\/3\\\/2020\\\/12\\\/logo.png\",\"contentUrl\":\"https:\\\/\\\/marktxxl.de\\\/markt\\\/wp-content\\\/uploads\\\/sites\\\/3\\\/2020\\\/12\\\/logo.png\",\"width\":200,\"height\":70,\"caption\":\"Markt-XXL\"},\"image\":{\"@id\":\"https:\\\/\\\/marktxxl.de\\\/markt\\\/#\\\/schema\\\/logo\\\/image\\\/\"}}]}<\/script>\n<!-- \/ Yoast SEO plugin. -->","yoast_head_json":{"title":"NewerTech AdaptaDrive 2.5\"bis 3.5\" Antriebswandlerhalterung - Markt-XXL","description":"Markt-XXL NewerTech AdaptaDrive 2.5\"bis 3.5\" Antriebswandlerhalterung","robots":{"index":"index","follow":"follow","max-snippet":"max-snippet:-1","max-image-preview":"max-image-preview:large","max-video-preview":"max-video-preview:-1"},"canonical":"https:\/\/marktxxl.de\/markt\/produkt\/newertech-adaptadrive-2-5bis-3-5-antriebswandlerhalterung\/","og_locale":"de_DE","og_type":"article","og_title":"NewerTech AdaptaDrive 2.5\"bis 3.5\" Antriebswandlerhalterung - Markt-XXL","og_description":"Markt-XXL NewerTech AdaptaDrive 2.5\"bis 3.5\" Antriebswandlerhalterung","og_url":"https:\/\/marktxxl.de\/markt\/produkt\/newertech-adaptadrive-2-5bis-3-5-antriebswandlerhalterung\/","og_site_name":"Markt-XXL","article_modified_time":"2023-04-09T02:03:23+00:00","og_image":[{"width":500,"height":348,"url":"https:\/\/m.media-amazon.com\/images\/I\/41HHm09yfNL._SL500_.jpg","type":"image\/jpeg"}],"twitter_card":"summary_large_image","schema":{"@context":"https:\/\/schema.org","@graph":[{"@type":"WebPage","@id":"https:\/\/marktxxl.de\/markt\/produkt\/newertech-adaptadrive-2-5bis-3-5-antriebswandlerhalterung\/","url":"https:\/\/marktxxl.de\/markt\/produkt\/newertech-adaptadrive-2-5bis-3-5-antriebswandlerhalterung\/","name":"NewerTech AdaptaDrive 2.5\"bis 3.5\" Antriebswandlerhalterung - Markt-XXL","isPartOf":{"@id":"https:\/\/marktxxl.de\/markt\/#website"},"primaryImageOfPage":{"@id":"https:\/\/marktxxl.de\/markt\/produkt\/newertech-adaptadrive-2-5bis-3-5-antriebswandlerhalterung\/#primaryimage"},"image":{"@id":"https:\/\/marktxxl.de\/markt\/produkt\/newertech-adaptadrive-2-5bis-3-5-antriebswandlerhalterung\/#primaryimage"},"thumbnailUrl":"https:\/\/m.media-amazon.com\/images\/I\/41HHm09yfNL._SL500_.jpg","datePublished":"2022-08-13T03:40:22+00:00","dateModified":"2023-04-09T02:03:23+00:00","description":"Markt-XXL NewerTech AdaptaDrive 2.5\"bis 3.5\" Antriebswandlerhalterung","breadcrumb":{"@id":"https:\/\/marktxxl.de\/markt\/produkt\/newertech-adaptadrive-2-5bis-3-5-antriebswandlerhalterung\/#breadcrumb"},"inLanguage":"de","potentialAction":[{"@type":"ReadAction","target":["https:\/\/marktxxl.de\/markt\/produkt\/newertech-adaptadrive-2-5bis-3-5-antriebswandlerhalterung\/"]}]},{"@type":"ImageObject","inLanguage":"de","@id":"https:\/\/marktxxl.de\/markt\/produkt\/newertech-adaptadrive-2-5bis-3-5-antriebswandlerhalterung\/#primaryimage","url":"https:\/\/m.media-amazon.com\/images\/I\/41HHm09yfNL._SL500_.jpg","contentUrl":"https:\/\/m.media-amazon.com\/images\/I\/41HHm09yfNL._SL500_.jpg","width":500,"height":348},{"@type":"BreadcrumbList","@id":"https:\/\/marktxxl.de\/markt\/produkt\/newertech-adaptadrive-2-5bis-3-5-antriebswandlerhalterung\/#breadcrumb","itemListElement":[{"@type":"ListItem","position":1,"name":"Startseite","item":"https:\/\/marktxxl.de\/markt\/"},{"@type":"ListItem","position":2,"name":"Markt","item":"https:\/\/marktxxl.de\/markt\/"},{"@type":"ListItem","position":3,"name":"NewerTech AdaptaDrive 2.5&#8243;bis 3.5&#8243; Antriebswandlerhalterung"}]},{"@type":"WebSite","@id":"https:\/\/marktxxl.de\/markt\/#website","url":"https:\/\/marktxxl.de\/markt\/","name":"Markt-XXL","description":"Ihr Markt Online","publisher":{"@id":"https:\/\/marktxxl.de\/markt\/#organization"},"potentialAction":[{"@type":"SearchAction","target":{"@type":"EntryPoint","urlTemplate":"https:\/\/marktxxl.de\/markt\/?s={search_term_string}"},"query-input":{"@type":"PropertyValueSpecification","valueRequired":true,"valueName":"search_term_string"}}],"inLanguage":"de"},{"@type":"Organization","@id":"https:\/\/marktxxl.de\/markt\/#organization","name":"Markt-XXL","url":"https:\/\/marktxxl.de\/markt\/","logo":{"@type":"ImageObject","inLanguage":"de","@id":"https:\/\/marktxxl.de\/markt\/#\/schema\/logo\/image\/","url":"https:\/\/marktxxl.de\/markt\/wp-content\/uploads\/sites\/3\/2020\/12\/logo.png","contentUrl":"https:\/\/marktxxl.de\/markt\/wp-content\/uploads\/sites\/3\/2020\/12\/logo.png","width":200,"height":70,"caption":"Markt-XXL"},"image":{"@id":"https:\/\/marktxxl.de\/markt\/#\/schema\/logo\/image\/"}}]}},"_links":{"self":[{"href":"https:\/\/marktxxl.de\/markt\/wp-json\/wp\/v2\/product\/144883","targetHints":{"allow":["GET"]}}],"collection":[{"href":"https:\/\/marktxxl.de\/markt\/wp-json\/wp\/v2\/product"}],"about":[{"href":"https:\/\/marktxxl.de\/markt\/wp-json\/wp\/v2\/types\/product"}],"replies":[{"embeddable":true,"href":"https:\/\/marktxxl.de\/markt\/wp-json\/wp\/v2\/comments?post=144883"}],"wp:featuredmedia":[{"embeddable":true,"href":"https:\/\/marktxxl.de\/markt\/wp-json\/wp\/v2\/media\/144884"}],"wp:attachment":[{"href":"https:\/\/marktxxl.de\/markt\/wp-json\/wp\/v2\/media?parent=144883"}],"wp:term":[{"taxonomy":"product_brand","embeddable":true,"href":"https:\/\/marktxxl.de\/markt\/wp-json\/wp\/v2\/product_brand?post=144883"},{"taxonomy":"product_cat","embeddable":true,"href":"https:\/\/marktxxl.de\/markt\/wp-json\/wp\/v2\/product_cat?post=144883"},{"taxonomy":"product_tag","embeddable":true,"href":"https:\/\/marktxxl.de\/markt\/wp-json\/wp\/v2\/product_tag?post=144883"}],"curies":[{"name":"wp","href":"https:\/\/api.w.org\/{rel}","templated":true}]}}