{"id":144680,"date":"2022-08-13T05:28:36","date_gmt":"2022-08-13T03:28:36","guid":{"rendered":"https:\/\/marktxxl.de\/markt\/produkt\/lichterkette-mit-60-batterien-batteriebetrieben-20-leds-kurze-lichterketten-wasserdicht-fuer-handwerk-schlafzimmer-party-hochzeit-innenbereich-weihnachten-warmweiss-30-stueck\/"},"modified":"2023-04-10T04:28:54","modified_gmt":"2023-04-10T02:28:54","slug":"lichterkette-mit-60-batterien-batteriebetrieben-20-leds-kurze-lichterketten-wasserdicht-fuer-handwerk-schlafzimmer-party-hochzeit-innenbereich-weihnachten-warmweiss-30-stueck","status":"publish","type":"product","link":"https:\/\/marktxxl.de\/markt\/produkt\/lichterkette-mit-60-batterien-batteriebetrieben-20-leds-kurze-lichterketten-wasserdicht-fuer-handwerk-schlafzimmer-party-hochzeit-innenbereich-weihnachten-warmweiss-30-stueck\/","title":{"rendered":"30 St\u00fcck LED-Lichterkette, batteriebetrieben, Mini-Lichterkette, 2.1 m, Silberdraht, 20 LEDs, kleine Gl\u00fchw\u00fcrmchen\u2026"},"content":{"rendered":"<p>Flexibler Silberdraht: Die Lichterkette ist batteriebetrieben mit einem feinen biegbaren Silberdraht. Gl\u7709hw\u7709rmchenlichter k\u679annen leicht gebogen und flexibel in jede gew\u7709nschte Form geformt werden. Der Draht der Gl\u7709hw\u7709rmchen-Lichter macht es einfach, Dinge zu formen und zu binden. Sie k\u679annen den Draht nach Ihren W\u7709nschen biegen, was Sie beleuchten. Die LED-Lichterkette hat keine riesigen LEDs, die Mini-Batteriebox (5,1 x 2,2 cm) l\u76f2sst sich leicht in Ihre Designarbeiten verstecken<br \/>\nSicher zu ber\u7709hren: Diese Lichterkette wird mit Niederspannungsbatterien betrieben und hat einen w\u76f2rmeisolierten Silberdraht, der nicht \u7709berhitzt, was einen leichten Feeneffekt erzeugt. Lichterkette wird auch nach stundenlangem Gebrauch nicht hei\u813d, absolut sicher zu ber\u7709hren, ohne Verbrennungsrisiko. Die Lichterkette besteht aus einem feinen, biegsamen Kupferdraht, der sich jeder Form anpasst, um einen sch\u679anen dekorativen Akzent zu setzen<br \/>\nIP65 wasserdicht: Die Mini-Leuchten sind wasserdicht, geeignet f\u7709r Innen- und Au\u813denbeleuchtungsdekorationen, aber die Batteriebox ist nicht wasserdicht, bitte halten Sie sie von Wasser fern. Versuchen Sie, die Lichterkette batteriebetrieben f\u7709r eine Hochzeit im Freien zu verwenden, um die Bar zu beleuchten. Die Helligkeit ist hoch und dennoch gem\u7709tlich. Unsere Mini-Lichterketten setzen wirklich die Stimmung f\u7709r meine Party. Unsere Draht-Lichterkette ist individuell entlang der Schnur montie<br \/>\nBreiter Anwendungsbereich: Unsere Lichterketten in Warmwei\u813d sorgen f\u7709r eine sch\u679ane warme Beleuchtung, die jedem Projekt den perfekten Touch verleiht. Weit verbreitet f\u7709r Weihnachtsb\u76f2ume, Hochzeitsdekorationen, Schrankvorh\u76f2nge, Weihnachtskr\u76f2nze, Kamindekor, dekorative Gl\u76f2ser. Die kleine Lichterkette ist auch ein tolles Urlaubsgeschenk f\u7709r Familien und Freunde. Wenn sie LED-Lichterketten wollen, um ihr Haus oder Wohnzimmer zu dekorieren. Schaffen Sie Urlaubsatmosph\u76f2re an wichtige Mensche<br \/>\nInternational products have separate terms, are sold from abroad and may differ from local products, including fit, age ratings, and language of product, labeling or instructions.<br \/>\n<div class=\"main-cross-sell\" data-asin=\"B09FKWNR3B\">\n\n\t<div class=\"WooZone-cross-sell-loader\">\n\t\t<div>\n\t\t\t<div id=\"floatingBarsG\">\n\t\t\t\t<div class=\"blockG\" id=\"rotateG_01\"><\/div>\n\t\t\t\t<div class=\"blockG\" id=\"rotateG_02\"><\/div>\n\t\t\t\t<div class=\"blockG\" id=\"rotateG_03\"><\/div>\n\t\t\t\t<div class=\"blockG\" id=\"rotateG_04\"><\/div>\n\t\t\t\t<div class=\"blockG\" id=\"rotateG_05\"><\/div>\n\t\t\t\t<div class=\"blockG\" id=\"rotateG_06\"><\/div>\n\t\t\t\t<div class=\"blockG\" id=\"rotateG_07\"><\/div>\n\t\t\t\t<div class=\"blockG\" id=\"rotateG_08\"><\/div>\n\t\t\t<\/div>\n\t\t\t<div class=\"WooZone-cross-sell-loader-text\"><\/div>\n\t\t<\/div>\n\t<\/div>\n\n\t\t\n<\/div>\n<div style=\"clear:both;\"><\/div><\/p>\n","protected":false},"excerpt":{"rendered":"<p>Flexibler Silberdraht: Die Lichterkette ist batteriebetrieben mit einem feinen biegbaren Silberdraht. Gl\u7709hw\u7709rmchenlichter k\u679annen leicht gebogen und flexibel in jede gew\u7709nschte Form geformt werden. Der Draht der Gl\u7709hw\u7709rmchen-Lichter macht es einfach, Dinge zu formen und zu binden. Sie k\u679annen den Draht nach Ihren W\u7709nschen biegen, was Sie beleuchten. Die LED-Lichterkette hat keine riesigen LEDs, die Mini-Batteriebox (5,1 x 2,2 cm) l\u76f2sst sich leicht in Ihre Designarbeiten verstecken<br \/>\nSicher zu ber\u7709hren: Diese Lichterkette wird mit Niederspannungsbatterien betrieben und hat einen w\u76f2rmeisolierten Silberdraht, der nicht \u7709berhitzt, was einen leichten Feeneffekt erzeugt. Lichterkette wird auch nach stundenlangem Gebrauch nicht hei\u813d, absolut sicher zu ber\u7709hren, ohne Verbrennungsrisiko. Die Lichterkette besteht aus einem feinen, biegsamen Kupferdraht, der sich jeder Form anpasst, um einen sch\u679anen dekorativen Akzent zu setzen<br \/>\nIP65 wasserdicht: Die Mini-Leuchten sind wasserdicht, geeignet f\u7709r Innen- und Au\u813denbeleuchtungsdekorationen, aber die Batteriebox ist nicht wasserdicht, bitte halten Sie sie von Wasser fern. Versuchen Sie, die Lichterkette batteriebetrieben f\u7709r eine Hochzeit im Freien zu verwenden, um die Bar zu beleuchten. Die Helligkeit ist hoch und dennoch gem\u7709tlich. Unsere Mini-Lichterketten setzen wirklich die Stimmung f\u7709r meine Party. Unsere Draht-Lichterkette ist individuell entlang der Schnur montie<\/p>\n","protected":false},"featured_media":144681,"comment_status":"open","ping_status":"closed","template":"","meta":[],"product_brand":[],"product_cat":[2108,15622],"product_tag":[],"class_list":{"0":"post-144680","1":"product","2":"type-product","3":"status-publish","4":"has-post-thumbnail","6":"product_cat-beleuchtung","7":"product_cat-lichterketten","8":"pa_brand-fensty","9":"pa_height-2-5590551155-zoll","10":"pa_length-5-905511805-zoll","11":"pa_manufacturer-fensty","12":"pa_model-25199","13":"pa_width-5-7086614115-zoll","15":"first","16":"instock","17":"shipping-taxable","18":"purchasable","19":"product-type-simple","20":"customify-col","21":"product-has-gallery"},"yoast_head":"<!-- This site is optimized with the Yoast SEO plugin v27.4 - https:\/\/yoast.com\/product\/yoast-seo-wordpress\/ -->\n<title>30 St\u00fcck LED-Lichterkette, batteriebetrieben, Mini-Lichterkette, 2.1 m, Silberdraht, 20 LEDs, kleine Gl\u00fchw\u00fcrmchen\u2026 - Markt-XXL<\/title>\n<meta name=\"description\" content=\"Markt-XXL 30 St\u00fcck LED-Lichterkette, batteriebetrieben, Mini-Lichterkette, 2.1 m, Silberdraht, 20 LEDs, kleine Gl\u00fchw\u00fcrmchen\u2026\" \/>\n<meta name=\"robots\" content=\"index, follow, max-snippet:-1, max-image-preview:large, max-video-preview:-1\" \/>\n<link rel=\"canonical\" href=\"https:\/\/marktxxl.de\/markt\/produkt\/lichterkette-mit-60-batterien-batteriebetrieben-20-leds-kurze-lichterketten-wasserdicht-fuer-handwerk-schlafzimmer-party-hochzeit-innenbereich-weihnachten-warmweiss-30-stueck\/\" \/>\n<meta property=\"og:locale\" content=\"de_DE\" \/>\n<meta property=\"og:type\" content=\"article\" \/>\n<meta property=\"og:title\" content=\"30 St\u00fcck LED-Lichterkette, batteriebetrieben, Mini-Lichterkette, 2.1 m, Silberdraht, 20 LEDs, kleine Gl\u00fchw\u00fcrmchen\u2026 - Markt-XXL\" \/>\n<meta property=\"og:description\" content=\"Markt-XXL 30 St\u00fcck LED-Lichterkette, batteriebetrieben, Mini-Lichterkette, 2.1 m, Silberdraht, 20 LEDs, kleine Gl\u00fchw\u00fcrmchen\u2026\" \/>\n<meta property=\"og:url\" content=\"https:\/\/marktxxl.de\/markt\/produkt\/lichterkette-mit-60-batterien-batteriebetrieben-20-leds-kurze-lichterketten-wasserdicht-fuer-handwerk-schlafzimmer-party-hochzeit-innenbereich-weihnachten-warmweiss-30-stueck\/\" \/>\n<meta property=\"og:site_name\" content=\"Markt-XXL\" \/>\n<meta property=\"article:modified_time\" content=\"2023-04-10T02:28:54+00:00\" \/>\n<meta property=\"og:image\" content=\"https:\/\/m.media-amazon.com\/images\/I\/51k8uWCp16L._SL500_.jpg\" \/>\n\t<meta property=\"og:image:width\" content=\"500\" \/>\n\t<meta property=\"og:image:height\" content=\"500\" \/>\n\t<meta property=\"og:image:type\" content=\"image\/jpeg\" \/>\n<meta name=\"twitter:card\" content=\"summary_large_image\" \/>\n<meta name=\"twitter:label1\" content=\"Gesch\u00e4tzte Lesezeit\" \/>\n\t<meta name=\"twitter:data1\" content=\"2\u00a0Minuten\" \/>\n<script type=\"application\/ld+json\" class=\"yoast-schema-graph\">{\"@context\":\"https:\\\/\\\/schema.org\",\"@graph\":[{\"@type\":\"WebPage\",\"@id\":\"https:\\\/\\\/marktxxl.de\\\/markt\\\/produkt\\\/lichterkette-mit-60-batterien-batteriebetrieben-20-leds-kurze-lichterketten-wasserdicht-fuer-handwerk-schlafzimmer-party-hochzeit-innenbereich-weihnachten-warmweiss-30-stueck\\\/\",\"url\":\"https:\\\/\\\/marktxxl.de\\\/markt\\\/produkt\\\/lichterkette-mit-60-batterien-batteriebetrieben-20-leds-kurze-lichterketten-wasserdicht-fuer-handwerk-schlafzimmer-party-hochzeit-innenbereich-weihnachten-warmweiss-30-stueck\\\/\",\"name\":\"30 St\u00fcck LED-Lichterkette, batteriebetrieben, Mini-Lichterkette, 2.1 m, Silberdraht, 20 LEDs, kleine Gl\u00fchw\u00fcrmchen\u2026 - Markt-XXL\",\"isPartOf\":{\"@id\":\"https:\\\/\\\/marktxxl.de\\\/markt\\\/#website\"},\"primaryImageOfPage\":{\"@id\":\"https:\\\/\\\/marktxxl.de\\\/markt\\\/produkt\\\/lichterkette-mit-60-batterien-batteriebetrieben-20-leds-kurze-lichterketten-wasserdicht-fuer-handwerk-schlafzimmer-party-hochzeit-innenbereich-weihnachten-warmweiss-30-stueck\\\/#primaryimage\"},\"image\":{\"@id\":\"https:\\\/\\\/marktxxl.de\\\/markt\\\/produkt\\\/lichterkette-mit-60-batterien-batteriebetrieben-20-leds-kurze-lichterketten-wasserdicht-fuer-handwerk-schlafzimmer-party-hochzeit-innenbereich-weihnachten-warmweiss-30-stueck\\\/#primaryimage\"},\"thumbnailUrl\":\"https:\\\/\\\/m.media-amazon.com\\\/images\\\/I\\\/51k8uWCp16L._SL500_.jpg\",\"datePublished\":\"2022-08-13T03:28:36+00:00\",\"dateModified\":\"2023-04-10T02:28:54+00:00\",\"description\":\"Markt-XXL 30 St\u00fcck LED-Lichterkette, batteriebetrieben, Mini-Lichterkette, 2.1 m, Silberdraht, 20 LEDs, kleine Gl\u00fchw\u00fcrmchen\u2026\",\"breadcrumb\":{\"@id\":\"https:\\\/\\\/marktxxl.de\\\/markt\\\/produkt\\\/lichterkette-mit-60-batterien-batteriebetrieben-20-leds-kurze-lichterketten-wasserdicht-fuer-handwerk-schlafzimmer-party-hochzeit-innenbereich-weihnachten-warmweiss-30-stueck\\\/#breadcrumb\"},\"inLanguage\":\"de\",\"potentialAction\":[{\"@type\":\"ReadAction\",\"target\":[\"https:\\\/\\\/marktxxl.de\\\/markt\\\/produkt\\\/lichterkette-mit-60-batterien-batteriebetrieben-20-leds-kurze-lichterketten-wasserdicht-fuer-handwerk-schlafzimmer-party-hochzeit-innenbereich-weihnachten-warmweiss-30-stueck\\\/\"]}]},{\"@type\":\"ImageObject\",\"inLanguage\":\"de\",\"@id\":\"https:\\\/\\\/marktxxl.de\\\/markt\\\/produkt\\\/lichterkette-mit-60-batterien-batteriebetrieben-20-leds-kurze-lichterketten-wasserdicht-fuer-handwerk-schlafzimmer-party-hochzeit-innenbereich-weihnachten-warmweiss-30-stueck\\\/#primaryimage\",\"url\":\"https:\\\/\\\/m.media-amazon.com\\\/images\\\/I\\\/51k8uWCp16L._SL500_.jpg\",\"contentUrl\":\"https:\\\/\\\/m.media-amazon.com\\\/images\\\/I\\\/51k8uWCp16L._SL500_.jpg\",\"width\":500,\"height\":500},{\"@type\":\"BreadcrumbList\",\"@id\":\"https:\\\/\\\/marktxxl.de\\\/markt\\\/produkt\\\/lichterkette-mit-60-batterien-batteriebetrieben-20-leds-kurze-lichterketten-wasserdicht-fuer-handwerk-schlafzimmer-party-hochzeit-innenbereich-weihnachten-warmweiss-30-stueck\\\/#breadcrumb\",\"itemListElement\":[{\"@type\":\"ListItem\",\"position\":1,\"name\":\"Startseite\",\"item\":\"https:\\\/\\\/marktxxl.de\\\/markt\\\/\"},{\"@type\":\"ListItem\",\"position\":2,\"name\":\"Markt\",\"item\":\"https:\\\/\\\/marktxxl.de\\\/markt\\\/\"},{\"@type\":\"ListItem\",\"position\":3,\"name\":\"30 St\u00fcck LED-Lichterkette, batteriebetrieben, Mini-Lichterkette, 2.1 m, Silberdraht, 20 LEDs, kleine Gl\u00fchw\u00fcrmchen\u2026\"}]},{\"@type\":\"WebSite\",\"@id\":\"https:\\\/\\\/marktxxl.de\\\/markt\\\/#website\",\"url\":\"https:\\\/\\\/marktxxl.de\\\/markt\\\/\",\"name\":\"Markt-XXL\",\"description\":\"Ihr Markt Online\",\"publisher\":{\"@id\":\"https:\\\/\\\/marktxxl.de\\\/markt\\\/#organization\"},\"potentialAction\":[{\"@type\":\"SearchAction\",\"target\":{\"@type\":\"EntryPoint\",\"urlTemplate\":\"https:\\\/\\\/marktxxl.de\\\/markt\\\/?s={search_term_string}\"},\"query-input\":{\"@type\":\"PropertyValueSpecification\",\"valueRequired\":true,\"valueName\":\"search_term_string\"}}],\"inLanguage\":\"de\"},{\"@type\":\"Organization\",\"@id\":\"https:\\\/\\\/marktxxl.de\\\/markt\\\/#organization\",\"name\":\"Markt-XXL\",\"url\":\"https:\\\/\\\/marktxxl.de\\\/markt\\\/\",\"logo\":{\"@type\":\"ImageObject\",\"inLanguage\":\"de\",\"@id\":\"https:\\\/\\\/marktxxl.de\\\/markt\\\/#\\\/schema\\\/logo\\\/image\\\/\",\"url\":\"https:\\\/\\\/marktxxl.de\\\/markt\\\/wp-content\\\/uploads\\\/sites\\\/3\\\/2020\\\/12\\\/logo.png\",\"contentUrl\":\"https:\\\/\\\/marktxxl.de\\\/markt\\\/wp-content\\\/uploads\\\/sites\\\/3\\\/2020\\\/12\\\/logo.png\",\"width\":200,\"height\":70,\"caption\":\"Markt-XXL\"},\"image\":{\"@id\":\"https:\\\/\\\/marktxxl.de\\\/markt\\\/#\\\/schema\\\/logo\\\/image\\\/\"}}]}<\/script>\n<!-- \/ Yoast SEO plugin. -->","yoast_head_json":{"title":"30 St\u00fcck LED-Lichterkette, batteriebetrieben, Mini-Lichterkette, 2.1 m, Silberdraht, 20 LEDs, kleine Gl\u00fchw\u00fcrmchen\u2026 - Markt-XXL","description":"Markt-XXL 30 St\u00fcck LED-Lichterkette, batteriebetrieben, Mini-Lichterkette, 2.1 m, Silberdraht, 20 LEDs, kleine Gl\u00fchw\u00fcrmchen\u2026","robots":{"index":"index","follow":"follow","max-snippet":"max-snippet:-1","max-image-preview":"max-image-preview:large","max-video-preview":"max-video-preview:-1"},"canonical":"https:\/\/marktxxl.de\/markt\/produkt\/lichterkette-mit-60-batterien-batteriebetrieben-20-leds-kurze-lichterketten-wasserdicht-fuer-handwerk-schlafzimmer-party-hochzeit-innenbereich-weihnachten-warmweiss-30-stueck\/","og_locale":"de_DE","og_type":"article","og_title":"30 St\u00fcck LED-Lichterkette, batteriebetrieben, Mini-Lichterkette, 2.1 m, Silberdraht, 20 LEDs, kleine Gl\u00fchw\u00fcrmchen\u2026 - Markt-XXL","og_description":"Markt-XXL 30 St\u00fcck LED-Lichterkette, batteriebetrieben, Mini-Lichterkette, 2.1 m, Silberdraht, 20 LEDs, kleine Gl\u00fchw\u00fcrmchen\u2026","og_url":"https:\/\/marktxxl.de\/markt\/produkt\/lichterkette-mit-60-batterien-batteriebetrieben-20-leds-kurze-lichterketten-wasserdicht-fuer-handwerk-schlafzimmer-party-hochzeit-innenbereich-weihnachten-warmweiss-30-stueck\/","og_site_name":"Markt-XXL","article_modified_time":"2023-04-10T02:28:54+00:00","og_image":[{"width":500,"height":500,"url":"https:\/\/m.media-amazon.com\/images\/I\/51k8uWCp16L._SL500_.jpg","type":"image\/jpeg"}],"twitter_card":"summary_large_image","twitter_misc":{"Gesch\u00e4tzte Lesezeit":"2\u00a0Minuten"},"schema":{"@context":"https:\/\/schema.org","@graph":[{"@type":"WebPage","@id":"https:\/\/marktxxl.de\/markt\/produkt\/lichterkette-mit-60-batterien-batteriebetrieben-20-leds-kurze-lichterketten-wasserdicht-fuer-handwerk-schlafzimmer-party-hochzeit-innenbereich-weihnachten-warmweiss-30-stueck\/","url":"https:\/\/marktxxl.de\/markt\/produkt\/lichterkette-mit-60-batterien-batteriebetrieben-20-leds-kurze-lichterketten-wasserdicht-fuer-handwerk-schlafzimmer-party-hochzeit-innenbereich-weihnachten-warmweiss-30-stueck\/","name":"30 St\u00fcck LED-Lichterkette, batteriebetrieben, Mini-Lichterkette, 2.1 m, Silberdraht, 20 LEDs, kleine Gl\u00fchw\u00fcrmchen\u2026 - Markt-XXL","isPartOf":{"@id":"https:\/\/marktxxl.de\/markt\/#website"},"primaryImageOfPage":{"@id":"https:\/\/marktxxl.de\/markt\/produkt\/lichterkette-mit-60-batterien-batteriebetrieben-20-leds-kurze-lichterketten-wasserdicht-fuer-handwerk-schlafzimmer-party-hochzeit-innenbereich-weihnachten-warmweiss-30-stueck\/#primaryimage"},"image":{"@id":"https:\/\/marktxxl.de\/markt\/produkt\/lichterkette-mit-60-batterien-batteriebetrieben-20-leds-kurze-lichterketten-wasserdicht-fuer-handwerk-schlafzimmer-party-hochzeit-innenbereich-weihnachten-warmweiss-30-stueck\/#primaryimage"},"thumbnailUrl":"https:\/\/m.media-amazon.com\/images\/I\/51k8uWCp16L._SL500_.jpg","datePublished":"2022-08-13T03:28:36+00:00","dateModified":"2023-04-10T02:28:54+00:00","description":"Markt-XXL 30 St\u00fcck LED-Lichterkette, batteriebetrieben, Mini-Lichterkette, 2.1 m, Silberdraht, 20 LEDs, kleine Gl\u00fchw\u00fcrmchen\u2026","breadcrumb":{"@id":"https:\/\/marktxxl.de\/markt\/produkt\/lichterkette-mit-60-batterien-batteriebetrieben-20-leds-kurze-lichterketten-wasserdicht-fuer-handwerk-schlafzimmer-party-hochzeit-innenbereich-weihnachten-warmweiss-30-stueck\/#breadcrumb"},"inLanguage":"de","potentialAction":[{"@type":"ReadAction","target":["https:\/\/marktxxl.de\/markt\/produkt\/lichterkette-mit-60-batterien-batteriebetrieben-20-leds-kurze-lichterketten-wasserdicht-fuer-handwerk-schlafzimmer-party-hochzeit-innenbereich-weihnachten-warmweiss-30-stueck\/"]}]},{"@type":"ImageObject","inLanguage":"de","@id":"https:\/\/marktxxl.de\/markt\/produkt\/lichterkette-mit-60-batterien-batteriebetrieben-20-leds-kurze-lichterketten-wasserdicht-fuer-handwerk-schlafzimmer-party-hochzeit-innenbereich-weihnachten-warmweiss-30-stueck\/#primaryimage","url":"https:\/\/m.media-amazon.com\/images\/I\/51k8uWCp16L._SL500_.jpg","contentUrl":"https:\/\/m.media-amazon.com\/images\/I\/51k8uWCp16L._SL500_.jpg","width":500,"height":500},{"@type":"BreadcrumbList","@id":"https:\/\/marktxxl.de\/markt\/produkt\/lichterkette-mit-60-batterien-batteriebetrieben-20-leds-kurze-lichterketten-wasserdicht-fuer-handwerk-schlafzimmer-party-hochzeit-innenbereich-weihnachten-warmweiss-30-stueck\/#breadcrumb","itemListElement":[{"@type":"ListItem","position":1,"name":"Startseite","item":"https:\/\/marktxxl.de\/markt\/"},{"@type":"ListItem","position":2,"name":"Markt","item":"https:\/\/marktxxl.de\/markt\/"},{"@type":"ListItem","position":3,"name":"30 St\u00fcck LED-Lichterkette, batteriebetrieben, Mini-Lichterkette, 2.1 m, Silberdraht, 20 LEDs, kleine Gl\u00fchw\u00fcrmchen\u2026"}]},{"@type":"WebSite","@id":"https:\/\/marktxxl.de\/markt\/#website","url":"https:\/\/marktxxl.de\/markt\/","name":"Markt-XXL","description":"Ihr Markt Online","publisher":{"@id":"https:\/\/marktxxl.de\/markt\/#organization"},"potentialAction":[{"@type":"SearchAction","target":{"@type":"EntryPoint","urlTemplate":"https:\/\/marktxxl.de\/markt\/?s={search_term_string}"},"query-input":{"@type":"PropertyValueSpecification","valueRequired":true,"valueName":"search_term_string"}}],"inLanguage":"de"},{"@type":"Organization","@id":"https:\/\/marktxxl.de\/markt\/#organization","name":"Markt-XXL","url":"https:\/\/marktxxl.de\/markt\/","logo":{"@type":"ImageObject","inLanguage":"de","@id":"https:\/\/marktxxl.de\/markt\/#\/schema\/logo\/image\/","url":"https:\/\/marktxxl.de\/markt\/wp-content\/uploads\/sites\/3\/2020\/12\/logo.png","contentUrl":"https:\/\/marktxxl.de\/markt\/wp-content\/uploads\/sites\/3\/2020\/12\/logo.png","width":200,"height":70,"caption":"Markt-XXL"},"image":{"@id":"https:\/\/marktxxl.de\/markt\/#\/schema\/logo\/image\/"}}]}},"_links":{"self":[{"href":"https:\/\/marktxxl.de\/markt\/wp-json\/wp\/v2\/product\/144680","targetHints":{"allow":["GET"]}}],"collection":[{"href":"https:\/\/marktxxl.de\/markt\/wp-json\/wp\/v2\/product"}],"about":[{"href":"https:\/\/marktxxl.de\/markt\/wp-json\/wp\/v2\/types\/product"}],"replies":[{"embeddable":true,"href":"https:\/\/marktxxl.de\/markt\/wp-json\/wp\/v2\/comments?post=144680"}],"wp:featuredmedia":[{"embeddable":true,"href":"https:\/\/marktxxl.de\/markt\/wp-json\/wp\/v2\/media\/144681"}],"wp:attachment":[{"href":"https:\/\/marktxxl.de\/markt\/wp-json\/wp\/v2\/media?parent=144680"}],"wp:term":[{"taxonomy":"product_brand","embeddable":true,"href":"https:\/\/marktxxl.de\/markt\/wp-json\/wp\/v2\/product_brand?post=144680"},{"taxonomy":"product_cat","embeddable":true,"href":"https:\/\/marktxxl.de\/markt\/wp-json\/wp\/v2\/product_cat?post=144680"},{"taxonomy":"product_tag","embeddable":true,"href":"https:\/\/marktxxl.de\/markt\/wp-json\/wp\/v2\/product_tag?post=144680"}],"curies":[{"name":"wp","href":"https:\/\/api.w.org\/{rel}","templated":true}]}}