{"id":144595,"date":"2022-08-13T05:08:41","date_gmt":"2022-08-13T03:08:41","guid":{"rendered":"https:\/\/marktxxl.de\/markt\/produkt\/3-x-flugzeug-beutel-fluessigkeiten-kosmetiktasche-transparent-1-l-weltweit-zugelassener-fluessigkeiten-beutel-handgepaeck-100-auslaufsicherer-zip-beutel-flugzeug-fluessigkeiten-zipper-beutel-ogat\/"},"modified":"2023-04-10T04:28:53","modified_gmt":"2023-04-10T02:28:53","slug":"3-x-flugzeug-beutel-fluessigkeiten-kosmetiktasche-transparent-1-l-weltweit-zugelassener-fluessigkeiten-beutel-handgepaeck-100-auslaufsicherer-zip-beutel-flugzeug-fluessigkeiten-zipper-beutel-ogat","status":"publish","type":"product","link":"https:\/\/marktxxl.de\/markt\/produkt\/3-x-flugzeug-beutel-fluessigkeiten-kosmetiktasche-transparent-1-l-weltweit-zugelassener-fluessigkeiten-beutel-handgepaeck-100-auslaufsicherer-zip-beutel-flugzeug-fluessigkeiten-zipper-beutel-ogat\/","title":{"rendered":"3 x Flugzeug Beutel Fl\u00fcssigkeiten Kosmetiktasche Transparent &#8211; 1 L Weltweit Zugelassener Fl\u00fcssigkeiten Beutel Handgep\u00e4ck\u2026"},"content":{"rendered":"<p>CAA, EU &amp; TSA ZUGELASSENE 1 LITER BEUTEL FLUGZEUG &#8211; Anders als andere durchsichtige Kulturtaschen f\u00fcr Fl\u00fcge, die angeblich sicherheitskonform sein sollen, erf\u00fcllen die Handgep\u00e4ck Fl\u00fcssigkeiten Reisebeutel von Ogato die genauen Spezifikationen f\u00fcr ALLE Flugbeutel Bestimmungen der Fluggesellschaften. Zudem sind unsere Kulturbeutel durchsichtig und haben mit 1 Liter Volumen die perfekte Gr\u00f6\u00dfe, damit Sie schnell und ohne Probleme durch die Sicherheitskontrolle kommen<br \/>\nAUSLAUFSICHERE &amp; WIEDERVERWENDBARE ZIPPER BEUTEL FLUGZEUG, 3ER-PACK: Schluss mit Handgep\u00e4ck Fl\u00fcssigkeiten Beutel mit undichten Metallrei\u00dfverschl\u00fcssen! Jeder TSA-zugelassene durchsichtige Handgep\u00e4ck Beutel f\u00fcr Fl\u00fcssigkeiten von Ogato hat dreifach versiegelte N\u00e4hte und einen komplett wasserdichten Zipp-Verschluss, der verhindert, dass Ihr Handgep\u00e4ck Fl\u00fcssigkeiten Set mit Shampoos, Cremes und anderen Fl\u00fcssigkeiten ausl\u00e4uft.<br \/>\nEINE NACHHALTIGE WAHL: Unsere 1l Beutel Handgep\u00e4ck Schminktaschen bestehen aus 100% recycelbarem PEVA (eine bessere Option als PVC- Handgep\u00e4ck Kulturbeutel) und sind au\u00dferdem biologisch abbaubar. Dar\u00fcber hinaus sind die Ogato Kosmetikbeutel sehr langlebig, im Gegensatz zu billig hergestellten Fl\u00fcssigkeitsbeuteln mit schwachen N\u00e4hten, die schon nach wenigen Anwendungen aufplatzen k\u00f6nnen.<br \/>\nFLUGBEUTEL FL\u00dcSSIGKEITEN HANDGEP\u00c4CK UND MEHR! Die TSA-zugelassenen Fl\u00fcssigkeitsbeutel sind nicht nur f\u00fcr Flugreisen geeignet. Verwenden Sie sie als Reise Kosmetik Beutel, um Ihre Zahnb\u00fcrste und Pflegeprodukte zu verstauen, oder als Kosmetik Organizer Tasche. Dank der gro\u00dfen Zipp-\u00d6ffnung k\u00f6nnen Sie diese durchsichtige Kosmetiktasche schnell mit Make-up, Toilettenartikeln und anderen Fl\u00fcssigkeiten bef\u00fcllen und diese auch ganz einfach wieder auspacken.<br \/>\n100% ZUFRIEDENHEITSGARANTIE: Wir sind sicher, dass Sie unsere transparente Kosmetiktasche lieben werden und sie schnell zu einem Ihrer unverzichtbaren Urlaubsutensilien werden wird. Unsere Kunden gl\u00fccklich zu machen, hat f\u00fcr uns oberste Priorit\u00e4t. Entdecken Sie alle unsere Produkte auf Amazon!<br \/>\n<div class=\"main-cross-sell\" data-asin=\"B09DL6GN7J\">\n\n\t<div class=\"WooZone-cross-sell-loader\">\n\t\t<div>\n\t\t\t<div id=\"floatingBarsG\">\n\t\t\t\t<div class=\"blockG\" id=\"rotateG_01\"><\/div>\n\t\t\t\t<div class=\"blockG\" id=\"rotateG_02\"><\/div>\n\t\t\t\t<div class=\"blockG\" id=\"rotateG_03\"><\/div>\n\t\t\t\t<div class=\"blockG\" id=\"rotateG_04\"><\/div>\n\t\t\t\t<div class=\"blockG\" id=\"rotateG_05\"><\/div>\n\t\t\t\t<div class=\"blockG\" id=\"rotateG_06\"><\/div>\n\t\t\t\t<div class=\"blockG\" id=\"rotateG_07\"><\/div>\n\t\t\t\t<div class=\"blockG\" id=\"rotateG_08\"><\/div>\n\t\t\t<\/div>\n\t\t\t<div class=\"WooZone-cross-sell-loader-text\"><\/div>\n\t\t<\/div>\n\t<\/div>\n\n\t\t\n<\/div>\n<div style=\"clear:both;\"><\/div><\/p>\n","protected":false},"excerpt":{"rendered":"<p>CAA, EU &amp; TSA ZUGELASSENE 1 LITER BEUTEL FLUGZEUG &#8211; Anders als andere durchsichtige Kulturtaschen f\u00fcr Fl\u00fcge, die angeblich sicherheitskonform sein sollen, erf\u00fcllen die Handgep\u00e4ck Fl\u00fcssigkeiten Reisebeutel von Ogato die genauen Spezifikationen f\u00fcr ALLE Flugbeutel Bestimmungen der Fluggesellschaften. Zudem sind unsere Kulturbeutel durchsichtig und haben mit 1 Liter Volumen die perfekte Gr\u00f6\u00dfe, damit Sie schnell und ohne Probleme durch die Sicherheitskontrolle kommen<br \/>\nAUSLAUFSICHERE &amp; WIEDERVERWENDBARE ZIPPER BEUTEL FLUGZEUG, 3ER-PACK: Schluss mit Handgep\u00e4ck Fl\u00fcssigkeiten Beutel mit undichten Metallrei\u00dfverschl\u00fcssen! Jeder TSA-zugelassene durchsichtige Handgep\u00e4ck Beutel f\u00fcr Fl\u00fcssigkeiten von Ogato hat dreifach versiegelte N\u00e4hte und einen komplett wasserdichten Zipp-Verschluss, der verhindert, dass Ihr Handgep\u00e4ck Fl\u00fcssigkeiten Set mit Shampoos, Cremes und anderen Fl\u00fcssigkeiten ausl\u00e4uft.<br \/>\nEINE NACHHALTIGE WAHL: Unsere 1l Beutel Handgep\u00e4ck Schminktaschen bestehen aus 100% recycelbarem PEVA (eine bessere Option als PVC- Handgep\u00e4ck Kulturbeutel) und sind au\u00dferdem biologisch abbaubar. Dar\u00fcber hinaus sind die Ogato Kosmetikbeutel sehr langlebig, im Gegensatz zu billig hergestellten Fl\u00fcssigkeitsbeuteln mit schwachen N\u00e4hten, die schon nach wenigen Anwendungen aufplatzen k\u00f6nnen.<\/p>\n","protected":false},"featured_media":144596,"comment_status":"open","ping_status":"closed","template":"","meta":[],"product_brand":[],"product_cat":[2858,7726],"product_tag":[],"class_list":{"0":"post-144595","1":"product","2":"type-product","3":"status-publish","4":"has-post-thumbnail","6":"product_cat-beauty","7":"product_cat-zubehoer-beauty","8":"pa_brand-ogato","9":"pa_color-transparent","10":"pa_height-0-29921259812-zoll","11":"pa_length-8-79921258945-zoll","12":"pa_manufacturer-first-option-products","13":"pa_model-es-liqd-bags","14":"pa_width-9-20078739219-zoll","16":"first","17":"instock","18":"shipping-taxable","19":"purchasable","20":"product-type-simple","21":"customify-col","22":"product-has-gallery"},"yoast_head":"<!-- This site is optimized with the Yoast SEO plugin v27.4 - https:\/\/yoast.com\/product\/yoast-seo-wordpress\/ -->\n<title>3 x Flugzeug Beutel Fl\u00fcssigkeiten Kosmetiktasche Transparent - 1 L Weltweit Zugelassener Fl\u00fcssigkeiten Beutel Handgep\u00e4ck\u2026 - Markt-XXL<\/title>\n<meta name=\"description\" content=\"Markt-XXL 3 x Flugzeug Beutel Fl\u00fcssigkeiten Kosmetiktasche Transparent - 1 L Weltweit Zugelassener Fl\u00fcssigkeiten Beutel Handgep\u00e4ck\u2026\" \/>\n<meta name=\"robots\" content=\"index, follow, max-snippet:-1, max-image-preview:large, max-video-preview:-1\" \/>\n<link rel=\"canonical\" href=\"https:\/\/marktxxl.de\/markt\/produkt\/3-x-flugzeug-beutel-fluessigkeiten-kosmetiktasche-transparent-1-l-weltweit-zugelassener-fluessigkeiten-beutel-handgepaeck-100-auslaufsicherer-zip-beutel-flugzeug-fluessigkeiten-zipper-beutel-ogat\/\" \/>\n<meta property=\"og:locale\" content=\"de_DE\" \/>\n<meta property=\"og:type\" content=\"article\" \/>\n<meta property=\"og:title\" content=\"3 x Flugzeug Beutel Fl\u00fcssigkeiten Kosmetiktasche Transparent - 1 L Weltweit Zugelassener Fl\u00fcssigkeiten Beutel Handgep\u00e4ck\u2026 - Markt-XXL\" \/>\n<meta property=\"og:description\" content=\"Markt-XXL 3 x Flugzeug Beutel Fl\u00fcssigkeiten Kosmetiktasche Transparent - 1 L Weltweit Zugelassener Fl\u00fcssigkeiten Beutel Handgep\u00e4ck\u2026\" \/>\n<meta property=\"og:url\" content=\"https:\/\/marktxxl.de\/markt\/produkt\/3-x-flugzeug-beutel-fluessigkeiten-kosmetiktasche-transparent-1-l-weltweit-zugelassener-fluessigkeiten-beutel-handgepaeck-100-auslaufsicherer-zip-beutel-flugzeug-fluessigkeiten-zipper-beutel-ogat\/\" \/>\n<meta property=\"og:site_name\" content=\"Markt-XXL\" \/>\n<meta property=\"article:modified_time\" content=\"2023-04-10T02:28:53+00:00\" \/>\n<meta property=\"og:image\" content=\"https:\/\/m.media-amazon.com\/images\/I\/41+yKh-AsFL._SL500_.jpg\" \/>\n\t<meta property=\"og:image:width\" content=\"375\" \/>\n\t<meta property=\"og:image:height\" content=\"500\" \/>\n\t<meta property=\"og:image:type\" content=\"image\/jpeg\" \/>\n<meta name=\"twitter:card\" content=\"summary_large_image\" \/>\n<meta name=\"twitter:label1\" content=\"Gesch\u00e4tzte Lesezeit\" \/>\n\t<meta name=\"twitter:data1\" content=\"1\u00a0Minute\" \/>\n<script type=\"application\/ld+json\" class=\"yoast-schema-graph\">{\"@context\":\"https:\\\/\\\/schema.org\",\"@graph\":[{\"@type\":\"WebPage\",\"@id\":\"https:\\\/\\\/marktxxl.de\\\/markt\\\/produkt\\\/3-x-flugzeug-beutel-fluessigkeiten-kosmetiktasche-transparent-1-l-weltweit-zugelassener-fluessigkeiten-beutel-handgepaeck-100-auslaufsicherer-zip-beutel-flugzeug-fluessigkeiten-zipper-beutel-ogat\\\/\",\"url\":\"https:\\\/\\\/marktxxl.de\\\/markt\\\/produkt\\\/3-x-flugzeug-beutel-fluessigkeiten-kosmetiktasche-transparent-1-l-weltweit-zugelassener-fluessigkeiten-beutel-handgepaeck-100-auslaufsicherer-zip-beutel-flugzeug-fluessigkeiten-zipper-beutel-ogat\\\/\",\"name\":\"3 x Flugzeug Beutel Fl\u00fcssigkeiten Kosmetiktasche Transparent - 1 L Weltweit Zugelassener Fl\u00fcssigkeiten Beutel Handgep\u00e4ck\u2026 - Markt-XXL\",\"isPartOf\":{\"@id\":\"https:\\\/\\\/marktxxl.de\\\/markt\\\/#website\"},\"primaryImageOfPage\":{\"@id\":\"https:\\\/\\\/marktxxl.de\\\/markt\\\/produkt\\\/3-x-flugzeug-beutel-fluessigkeiten-kosmetiktasche-transparent-1-l-weltweit-zugelassener-fluessigkeiten-beutel-handgepaeck-100-auslaufsicherer-zip-beutel-flugzeug-fluessigkeiten-zipper-beutel-ogat\\\/#primaryimage\"},\"image\":{\"@id\":\"https:\\\/\\\/marktxxl.de\\\/markt\\\/produkt\\\/3-x-flugzeug-beutel-fluessigkeiten-kosmetiktasche-transparent-1-l-weltweit-zugelassener-fluessigkeiten-beutel-handgepaeck-100-auslaufsicherer-zip-beutel-flugzeug-fluessigkeiten-zipper-beutel-ogat\\\/#primaryimage\"},\"thumbnailUrl\":\"https:\\\/\\\/m.media-amazon.com\\\/images\\\/I\\\/41+yKh-AsFL._SL500_.jpg\",\"datePublished\":\"2022-08-13T03:08:41+00:00\",\"dateModified\":\"2023-04-10T02:28:53+00:00\",\"description\":\"Markt-XXL 3 x Flugzeug Beutel Fl\u00fcssigkeiten Kosmetiktasche Transparent - 1 L Weltweit Zugelassener Fl\u00fcssigkeiten Beutel Handgep\u00e4ck\u2026\",\"breadcrumb\":{\"@id\":\"https:\\\/\\\/marktxxl.de\\\/markt\\\/produkt\\\/3-x-flugzeug-beutel-fluessigkeiten-kosmetiktasche-transparent-1-l-weltweit-zugelassener-fluessigkeiten-beutel-handgepaeck-100-auslaufsicherer-zip-beutel-flugzeug-fluessigkeiten-zipper-beutel-ogat\\\/#breadcrumb\"},\"inLanguage\":\"de\",\"potentialAction\":[{\"@type\":\"ReadAction\",\"target\":[\"https:\\\/\\\/marktxxl.de\\\/markt\\\/produkt\\\/3-x-flugzeug-beutel-fluessigkeiten-kosmetiktasche-transparent-1-l-weltweit-zugelassener-fluessigkeiten-beutel-handgepaeck-100-auslaufsicherer-zip-beutel-flugzeug-fluessigkeiten-zipper-beutel-ogat\\\/\"]}]},{\"@type\":\"ImageObject\",\"inLanguage\":\"de\",\"@id\":\"https:\\\/\\\/marktxxl.de\\\/markt\\\/produkt\\\/3-x-flugzeug-beutel-fluessigkeiten-kosmetiktasche-transparent-1-l-weltweit-zugelassener-fluessigkeiten-beutel-handgepaeck-100-auslaufsicherer-zip-beutel-flugzeug-fluessigkeiten-zipper-beutel-ogat\\\/#primaryimage\",\"url\":\"https:\\\/\\\/m.media-amazon.com\\\/images\\\/I\\\/41+yKh-AsFL._SL500_.jpg\",\"contentUrl\":\"https:\\\/\\\/m.media-amazon.com\\\/images\\\/I\\\/41+yKh-AsFL._SL500_.jpg\",\"width\":375,\"height\":500},{\"@type\":\"BreadcrumbList\",\"@id\":\"https:\\\/\\\/marktxxl.de\\\/markt\\\/produkt\\\/3-x-flugzeug-beutel-fluessigkeiten-kosmetiktasche-transparent-1-l-weltweit-zugelassener-fluessigkeiten-beutel-handgepaeck-100-auslaufsicherer-zip-beutel-flugzeug-fluessigkeiten-zipper-beutel-ogat\\\/#breadcrumb\",\"itemListElement\":[{\"@type\":\"ListItem\",\"position\":1,\"name\":\"Startseite\",\"item\":\"https:\\\/\\\/marktxxl.de\\\/markt\\\/\"},{\"@type\":\"ListItem\",\"position\":2,\"name\":\"Markt\",\"item\":\"https:\\\/\\\/marktxxl.de\\\/markt\\\/\"},{\"@type\":\"ListItem\",\"position\":3,\"name\":\"3 x Flugzeug Beutel Fl\u00fcssigkeiten Kosmetiktasche Transparent &#8211; 1 L Weltweit Zugelassener Fl\u00fcssigkeiten Beutel Handgep\u00e4ck\u2026\"}]},{\"@type\":\"WebSite\",\"@id\":\"https:\\\/\\\/marktxxl.de\\\/markt\\\/#website\",\"url\":\"https:\\\/\\\/marktxxl.de\\\/markt\\\/\",\"name\":\"Markt-XXL\",\"description\":\"Ihr Markt Online\",\"publisher\":{\"@id\":\"https:\\\/\\\/marktxxl.de\\\/markt\\\/#organization\"},\"potentialAction\":[{\"@type\":\"SearchAction\",\"target\":{\"@type\":\"EntryPoint\",\"urlTemplate\":\"https:\\\/\\\/marktxxl.de\\\/markt\\\/?s={search_term_string}\"},\"query-input\":{\"@type\":\"PropertyValueSpecification\",\"valueRequired\":true,\"valueName\":\"search_term_string\"}}],\"inLanguage\":\"de\"},{\"@type\":\"Organization\",\"@id\":\"https:\\\/\\\/marktxxl.de\\\/markt\\\/#organization\",\"name\":\"Markt-XXL\",\"url\":\"https:\\\/\\\/marktxxl.de\\\/markt\\\/\",\"logo\":{\"@type\":\"ImageObject\",\"inLanguage\":\"de\",\"@id\":\"https:\\\/\\\/marktxxl.de\\\/markt\\\/#\\\/schema\\\/logo\\\/image\\\/\",\"url\":\"https:\\\/\\\/marktxxl.de\\\/markt\\\/wp-content\\\/uploads\\\/sites\\\/3\\\/2020\\\/12\\\/logo.png\",\"contentUrl\":\"https:\\\/\\\/marktxxl.de\\\/markt\\\/wp-content\\\/uploads\\\/sites\\\/3\\\/2020\\\/12\\\/logo.png\",\"width\":200,\"height\":70,\"caption\":\"Markt-XXL\"},\"image\":{\"@id\":\"https:\\\/\\\/marktxxl.de\\\/markt\\\/#\\\/schema\\\/logo\\\/image\\\/\"}}]}<\/script>\n<!-- \/ Yoast SEO plugin. -->","yoast_head_json":{"title":"3 x Flugzeug Beutel Fl\u00fcssigkeiten Kosmetiktasche Transparent - 1 L Weltweit Zugelassener Fl\u00fcssigkeiten Beutel Handgep\u00e4ck\u2026 - Markt-XXL","description":"Markt-XXL 3 x Flugzeug Beutel Fl\u00fcssigkeiten Kosmetiktasche Transparent - 1 L Weltweit Zugelassener Fl\u00fcssigkeiten Beutel Handgep\u00e4ck\u2026","robots":{"index":"index","follow":"follow","max-snippet":"max-snippet:-1","max-image-preview":"max-image-preview:large","max-video-preview":"max-video-preview:-1"},"canonical":"https:\/\/marktxxl.de\/markt\/produkt\/3-x-flugzeug-beutel-fluessigkeiten-kosmetiktasche-transparent-1-l-weltweit-zugelassener-fluessigkeiten-beutel-handgepaeck-100-auslaufsicherer-zip-beutel-flugzeug-fluessigkeiten-zipper-beutel-ogat\/","og_locale":"de_DE","og_type":"article","og_title":"3 x Flugzeug Beutel Fl\u00fcssigkeiten Kosmetiktasche Transparent - 1 L Weltweit Zugelassener Fl\u00fcssigkeiten Beutel Handgep\u00e4ck\u2026 - Markt-XXL","og_description":"Markt-XXL 3 x Flugzeug Beutel Fl\u00fcssigkeiten Kosmetiktasche Transparent - 1 L Weltweit Zugelassener Fl\u00fcssigkeiten Beutel Handgep\u00e4ck\u2026","og_url":"https:\/\/marktxxl.de\/markt\/produkt\/3-x-flugzeug-beutel-fluessigkeiten-kosmetiktasche-transparent-1-l-weltweit-zugelassener-fluessigkeiten-beutel-handgepaeck-100-auslaufsicherer-zip-beutel-flugzeug-fluessigkeiten-zipper-beutel-ogat\/","og_site_name":"Markt-XXL","article_modified_time":"2023-04-10T02:28:53+00:00","og_image":[{"width":375,"height":500,"url":"https:\/\/m.media-amazon.com\/images\/I\/41+yKh-AsFL._SL500_.jpg","type":"image\/jpeg"}],"twitter_card":"summary_large_image","twitter_misc":{"Gesch\u00e4tzte Lesezeit":"1\u00a0Minute"},"schema":{"@context":"https:\/\/schema.org","@graph":[{"@type":"WebPage","@id":"https:\/\/marktxxl.de\/markt\/produkt\/3-x-flugzeug-beutel-fluessigkeiten-kosmetiktasche-transparent-1-l-weltweit-zugelassener-fluessigkeiten-beutel-handgepaeck-100-auslaufsicherer-zip-beutel-flugzeug-fluessigkeiten-zipper-beutel-ogat\/","url":"https:\/\/marktxxl.de\/markt\/produkt\/3-x-flugzeug-beutel-fluessigkeiten-kosmetiktasche-transparent-1-l-weltweit-zugelassener-fluessigkeiten-beutel-handgepaeck-100-auslaufsicherer-zip-beutel-flugzeug-fluessigkeiten-zipper-beutel-ogat\/","name":"3 x Flugzeug Beutel Fl\u00fcssigkeiten Kosmetiktasche Transparent - 1 L Weltweit Zugelassener Fl\u00fcssigkeiten Beutel Handgep\u00e4ck\u2026 - Markt-XXL","isPartOf":{"@id":"https:\/\/marktxxl.de\/markt\/#website"},"primaryImageOfPage":{"@id":"https:\/\/marktxxl.de\/markt\/produkt\/3-x-flugzeug-beutel-fluessigkeiten-kosmetiktasche-transparent-1-l-weltweit-zugelassener-fluessigkeiten-beutel-handgepaeck-100-auslaufsicherer-zip-beutel-flugzeug-fluessigkeiten-zipper-beutel-ogat\/#primaryimage"},"image":{"@id":"https:\/\/marktxxl.de\/markt\/produkt\/3-x-flugzeug-beutel-fluessigkeiten-kosmetiktasche-transparent-1-l-weltweit-zugelassener-fluessigkeiten-beutel-handgepaeck-100-auslaufsicherer-zip-beutel-flugzeug-fluessigkeiten-zipper-beutel-ogat\/#primaryimage"},"thumbnailUrl":"https:\/\/m.media-amazon.com\/images\/I\/41+yKh-AsFL._SL500_.jpg","datePublished":"2022-08-13T03:08:41+00:00","dateModified":"2023-04-10T02:28:53+00:00","description":"Markt-XXL 3 x Flugzeug Beutel Fl\u00fcssigkeiten Kosmetiktasche Transparent - 1 L Weltweit Zugelassener Fl\u00fcssigkeiten Beutel Handgep\u00e4ck\u2026","breadcrumb":{"@id":"https:\/\/marktxxl.de\/markt\/produkt\/3-x-flugzeug-beutel-fluessigkeiten-kosmetiktasche-transparent-1-l-weltweit-zugelassener-fluessigkeiten-beutel-handgepaeck-100-auslaufsicherer-zip-beutel-flugzeug-fluessigkeiten-zipper-beutel-ogat\/#breadcrumb"},"inLanguage":"de","potentialAction":[{"@type":"ReadAction","target":["https:\/\/marktxxl.de\/markt\/produkt\/3-x-flugzeug-beutel-fluessigkeiten-kosmetiktasche-transparent-1-l-weltweit-zugelassener-fluessigkeiten-beutel-handgepaeck-100-auslaufsicherer-zip-beutel-flugzeug-fluessigkeiten-zipper-beutel-ogat\/"]}]},{"@type":"ImageObject","inLanguage":"de","@id":"https:\/\/marktxxl.de\/markt\/produkt\/3-x-flugzeug-beutel-fluessigkeiten-kosmetiktasche-transparent-1-l-weltweit-zugelassener-fluessigkeiten-beutel-handgepaeck-100-auslaufsicherer-zip-beutel-flugzeug-fluessigkeiten-zipper-beutel-ogat\/#primaryimage","url":"https:\/\/m.media-amazon.com\/images\/I\/41+yKh-AsFL._SL500_.jpg","contentUrl":"https:\/\/m.media-amazon.com\/images\/I\/41+yKh-AsFL._SL500_.jpg","width":375,"height":500},{"@type":"BreadcrumbList","@id":"https:\/\/marktxxl.de\/markt\/produkt\/3-x-flugzeug-beutel-fluessigkeiten-kosmetiktasche-transparent-1-l-weltweit-zugelassener-fluessigkeiten-beutel-handgepaeck-100-auslaufsicherer-zip-beutel-flugzeug-fluessigkeiten-zipper-beutel-ogat\/#breadcrumb","itemListElement":[{"@type":"ListItem","position":1,"name":"Startseite","item":"https:\/\/marktxxl.de\/markt\/"},{"@type":"ListItem","position":2,"name":"Markt","item":"https:\/\/marktxxl.de\/markt\/"},{"@type":"ListItem","position":3,"name":"3 x Flugzeug Beutel Fl\u00fcssigkeiten Kosmetiktasche Transparent &#8211; 1 L Weltweit Zugelassener Fl\u00fcssigkeiten Beutel Handgep\u00e4ck\u2026"}]},{"@type":"WebSite","@id":"https:\/\/marktxxl.de\/markt\/#website","url":"https:\/\/marktxxl.de\/markt\/","name":"Markt-XXL","description":"Ihr Markt Online","publisher":{"@id":"https:\/\/marktxxl.de\/markt\/#organization"},"potentialAction":[{"@type":"SearchAction","target":{"@type":"EntryPoint","urlTemplate":"https:\/\/marktxxl.de\/markt\/?s={search_term_string}"},"query-input":{"@type":"PropertyValueSpecification","valueRequired":true,"valueName":"search_term_string"}}],"inLanguage":"de"},{"@type":"Organization","@id":"https:\/\/marktxxl.de\/markt\/#organization","name":"Markt-XXL","url":"https:\/\/marktxxl.de\/markt\/","logo":{"@type":"ImageObject","inLanguage":"de","@id":"https:\/\/marktxxl.de\/markt\/#\/schema\/logo\/image\/","url":"https:\/\/marktxxl.de\/markt\/wp-content\/uploads\/sites\/3\/2020\/12\/logo.png","contentUrl":"https:\/\/marktxxl.de\/markt\/wp-content\/uploads\/sites\/3\/2020\/12\/logo.png","width":200,"height":70,"caption":"Markt-XXL"},"image":{"@id":"https:\/\/marktxxl.de\/markt\/#\/schema\/logo\/image\/"}}]}},"_links":{"self":[{"href":"https:\/\/marktxxl.de\/markt\/wp-json\/wp\/v2\/product\/144595","targetHints":{"allow":["GET"]}}],"collection":[{"href":"https:\/\/marktxxl.de\/markt\/wp-json\/wp\/v2\/product"}],"about":[{"href":"https:\/\/marktxxl.de\/markt\/wp-json\/wp\/v2\/types\/product"}],"replies":[{"embeddable":true,"href":"https:\/\/marktxxl.de\/markt\/wp-json\/wp\/v2\/comments?post=144595"}],"wp:featuredmedia":[{"embeddable":true,"href":"https:\/\/marktxxl.de\/markt\/wp-json\/wp\/v2\/media\/144596"}],"wp:attachment":[{"href":"https:\/\/marktxxl.de\/markt\/wp-json\/wp\/v2\/media?parent=144595"}],"wp:term":[{"taxonomy":"product_brand","embeddable":true,"href":"https:\/\/marktxxl.de\/markt\/wp-json\/wp\/v2\/product_brand?post=144595"},{"taxonomy":"product_cat","embeddable":true,"href":"https:\/\/marktxxl.de\/markt\/wp-json\/wp\/v2\/product_cat?post=144595"},{"taxonomy":"product_tag","embeddable":true,"href":"https:\/\/marktxxl.de\/markt\/wp-json\/wp\/v2\/product_tag?post=144595"}],"curies":[{"name":"wp","href":"https:\/\/api.w.org\/{rel}","templated":true}]}}