{"id":144539,"date":"2022-08-13T05:07:36","date_gmt":"2022-08-13T03:07:36","guid":{"rendered":"https:\/\/marktxxl.de\/markt\/produkt\/hautscheren-mit-nagelhautschieber-set-praezises-nagelhaut-knipser-und-unter-dead-skin-remover-scherenzange-langlebige-manikuere-pedikuere-werkzeuge-fuer-fingernaegel-und-zehennaegel-pink\/"},"modified":"2023-04-10T04:28:52","modified_gmt":"2023-04-10T02:28:52","slug":"hautscheren-mit-nagelhautschieber-set-praezises-nagelhaut-knipser-und-unter-dead-skin-remover-scherenzange-langlebige-manikuere-pedikuere-werkzeuge-fuer-fingernaegel-und-zehennaegel-pink","status":"publish","type":"product","link":"https:\/\/marktxxl.de\/markt\/produkt\/hautscheren-mit-nagelhautschieber-set-praezises-nagelhaut-knipser-und-unter-dead-skin-remover-scherenzange-langlebige-manikuere-pedikuere-werkzeuge-fuer-fingernaegel-und-zehennaegel-pink\/","title":{"rendered":"Hautscheren mit Nagelhautschieber Set &#8211; Pr\u00e4zises Nagelhaut Knipser und Unter &#8211; Dead Skin Remover Scherenzange Langlebige\u2026"},"content":{"rendered":"<p>\u3010Sch\u00e4rfer und effizienter\u3011Es wurde sowohl f\u00fcr den professionellen Gebrauch als auch f\u00fcr den Heimgebrauch entwickelt, schneidet die Nagelhaut mit hoher Pr\u00e4zision und gew\u00e4hrleistet die Sicherheit Ihrer Haut. Hergestellt aus geh\u00e4rtetem Edelstahl, um die Sch\u00e4rfe \u00fcber einen sehr langen Zeitraum zu erhalten.<br \/>\n\u3010SUPER SHARP\u3011 Die Hochleistungsklingen von Cuticle Clipper erm\u00f6glichen jederzeit ein sauberes und pr\u00e4zises Schneiden der Nagelhaut, ohne zu ziehen oder zu ziehen. Seine scharfen Klingen schneiden selbst die kleinsten Nagelhautpartien mit einer sauberen Schere. Verwenden Sie den Bonus-Nagelhautschieber, um die Nagelhaut vor dem Schneiden zu dr\u00fccken.<br \/>\n\u3010Doppelter Nagelhautschieber\u3011 Unregelm\u00e4\u00dfiges spitzes Ende scharf geschnitten oder abgestorbene tote Nagelhaut oder schmutziges, gebogenes flaches Ende schiebt die Haut perfekt nach hinten. Unterschiedliche Formen und Bed\u00fcrfnisse erf\u00fcllen unterschiedliche W\u00fcnsche. Der strukturierte Griff bietet Ihnen auch einen rutschfesten Griff, ein gutes Werkzeug f\u00fcr die perfekte Pflege Ihres Nagels.<br \/>\n\u3010Effektives Backendesign\u3011 Die Backenkopfzange isoliert den Problembereich und schneidet sauber weg. Scharfe Spitzen zum pr\u00e4zisen Schneiden von H\u00e4ngen\u00e4geln und zerlumpten Nagelh\u00e4uten. Es ist ein gro\u00dfartiges kosmetisches Werkzeug f\u00fcr die Manik\u00fcre und Pedik\u00fcre.<br \/>\n\u3010Leicht zu reinigen\u3011 Dieses Nagelhautentferner-Werkzeug ist leicht zu reinigen. Wischen Sie die Klingen nach Gebrauch einfach mit Alkohol ab und schieben Sie die Feder zur Aufbewahrung nach unten. Die Verpackung enth\u00e4lt eine Kunststoffspitze zum Schutz vor versehentlichen Stichen oder Schl\u00e4gen und zus\u00e4tzlich eine PVC-Aufbewahrungstasche, um die Instrumente sicher zu halten, um ihre Lebensdauer zu gew\u00e4hrleisten. 24 Stunden Cutomer Service online.<br \/>\n<div class=\"main-cross-sell\" data-asin=\"B08DHN52NG\">\n\n\t<div class=\"WooZone-cross-sell-loader\">\n\t\t<div>\n\t\t\t<div id=\"floatingBarsG\">\n\t\t\t\t<div class=\"blockG\" id=\"rotateG_01\"><\/div>\n\t\t\t\t<div class=\"blockG\" id=\"rotateG_02\"><\/div>\n\t\t\t\t<div class=\"blockG\" id=\"rotateG_03\"><\/div>\n\t\t\t\t<div class=\"blockG\" id=\"rotateG_04\"><\/div>\n\t\t\t\t<div class=\"blockG\" id=\"rotateG_05\"><\/div>\n\t\t\t\t<div class=\"blockG\" id=\"rotateG_06\"><\/div>\n\t\t\t\t<div class=\"blockG\" id=\"rotateG_07\"><\/div>\n\t\t\t\t<div class=\"blockG\" id=\"rotateG_08\"><\/div>\n\t\t\t<\/div>\n\t\t\t<div class=\"WooZone-cross-sell-loader-text\"><\/div>\n\t\t<\/div>\n\t<\/div>\n\n\t\t\n<\/div>\n<div style=\"clear:both;\"><\/div><\/p>\n","protected":false},"excerpt":{"rendered":"<p>\u3010Sch\u00e4rfer und effizienter\u3011Es wurde sowohl f\u00fcr den professionellen Gebrauch als auch f\u00fcr den Heimgebrauch entwickelt, schneidet die Nagelhaut mit hoher Pr\u00e4zision und gew\u00e4hrleistet die Sicherheit Ihrer Haut. Hergestellt aus geh\u00e4rtetem Edelstahl, um die Sch\u00e4rfe \u00fcber einen sehr langen Zeitraum zu erhalten.<br \/>\n\u3010SUPER SHARP\u3011 Die Hochleistungsklingen von Cuticle Clipper erm\u00f6glichen jederzeit ein sauberes und pr\u00e4zises Schneiden der Nagelhaut, ohne zu ziehen oder zu ziehen. Seine scharfen Klingen schneiden selbst die kleinsten Nagelhautpartien mit einer sauberen Schere. Verwenden Sie den Bonus-Nagelhautschieber, um die Nagelhaut vor dem Schneiden zu dr\u00fccken.<br \/>\n\u3010Doppelter Nagelhautschieber\u3011 Unregelm\u00e4\u00dfiges spitzes Ende scharf geschnitten oder abgestorbene tote Nagelhaut oder schmutziges, gebogenes flaches Ende schiebt die Haut perfekt nach hinten. Unterschiedliche Formen und Bed\u00fcrfnisse erf\u00fcllen unterschiedliche W\u00fcnsche. Der strukturierte Griff bietet Ihnen auch einen rutschfesten Griff, ein gutes Werkzeug f\u00fcr die perfekte Pflege Ihres Nagels.<\/p>\n","protected":false},"featured_media":144540,"comment_status":"open","ping_status":"closed","template":"","meta":[],"product_brand":[],"product_cat":[2858,7659],"product_tag":[],"class_list":{"0":"post-144539","1":"product","2":"type-product","3":"status-publish","4":"has-post-thumbnail","6":"product_cat-beauty","7":"product_cat-manikuere-pedikuere","8":"pa_binding-misc","9":"pa_brand-junhczoy","10":"pa_color-rose","11":"pa_manufacturer-junhczoy","12":"pa_size-3-count-pack-of-1","13":"pa_weight-0-0625-pfund","15":"first","16":"instock","17":"shipping-taxable","18":"purchasable","19":"product-type-simple","20":"customify-col","21":"product-has-gallery"},"yoast_head":"<!-- This site is optimized with the Yoast SEO plugin v27.4 - https:\/\/yoast.com\/product\/yoast-seo-wordpress\/ -->\n<title>Hautscheren mit Nagelhautschieber Set - Pr\u00e4zises Nagelhaut Knipser und Unter - Dead Skin Remover Scherenzange Langlebige\u2026 - Markt-XXL<\/title>\n<meta name=\"description\" content=\"Markt-XXL Hautscheren mit Nagelhautschieber Set - Pr\u00e4zises Nagelhaut Knipser und Unter - Dead Skin Remover Scherenzange Langlebige\u2026\" \/>\n<meta name=\"robots\" content=\"index, follow, max-snippet:-1, max-image-preview:large, max-video-preview:-1\" \/>\n<link rel=\"canonical\" href=\"https:\/\/marktxxl.de\/markt\/produkt\/hautscheren-mit-nagelhautschieber-set-praezises-nagelhaut-knipser-und-unter-dead-skin-remover-scherenzange-langlebige-manikuere-pedikuere-werkzeuge-fuer-fingernaegel-und-zehennaegel-pink\/\" \/>\n<meta property=\"og:locale\" content=\"de_DE\" \/>\n<meta property=\"og:type\" content=\"article\" \/>\n<meta property=\"og:title\" content=\"Hautscheren mit Nagelhautschieber Set - Pr\u00e4zises Nagelhaut Knipser und Unter - Dead Skin Remover Scherenzange Langlebige\u2026 - Markt-XXL\" \/>\n<meta property=\"og:description\" content=\"Markt-XXL Hautscheren mit Nagelhautschieber Set - Pr\u00e4zises Nagelhaut Knipser und Unter - Dead Skin Remover Scherenzange Langlebige\u2026\" \/>\n<meta property=\"og:url\" content=\"https:\/\/marktxxl.de\/markt\/produkt\/hautscheren-mit-nagelhautschieber-set-praezises-nagelhaut-knipser-und-unter-dead-skin-remover-scherenzange-langlebige-manikuere-pedikuere-werkzeuge-fuer-fingernaegel-und-zehennaegel-pink\/\" \/>\n<meta property=\"og:site_name\" content=\"Markt-XXL\" \/>\n<meta property=\"article:modified_time\" content=\"2023-04-10T02:28:52+00:00\" \/>\n<meta property=\"og:image\" content=\"https:\/\/m.media-amazon.com\/images\/I\/41ysSuBtPBS._SL500_.jpg\" \/>\n\t<meta property=\"og:image:width\" content=\"500\" \/>\n\t<meta property=\"og:image:height\" content=\"500\" \/>\n\t<meta property=\"og:image:type\" content=\"image\/jpeg\" \/>\n<meta name=\"twitter:card\" content=\"summary_large_image\" \/>\n<meta name=\"twitter:label1\" content=\"Gesch\u00e4tzte Lesezeit\" \/>\n\t<meta name=\"twitter:data1\" content=\"1\u00a0Minute\" \/>\n<script type=\"application\/ld+json\" class=\"yoast-schema-graph\">{\"@context\":\"https:\\\/\\\/schema.org\",\"@graph\":[{\"@type\":\"WebPage\",\"@id\":\"https:\\\/\\\/marktxxl.de\\\/markt\\\/produkt\\\/hautscheren-mit-nagelhautschieber-set-praezises-nagelhaut-knipser-und-unter-dead-skin-remover-scherenzange-langlebige-manikuere-pedikuere-werkzeuge-fuer-fingernaegel-und-zehennaegel-pink\\\/\",\"url\":\"https:\\\/\\\/marktxxl.de\\\/markt\\\/produkt\\\/hautscheren-mit-nagelhautschieber-set-praezises-nagelhaut-knipser-und-unter-dead-skin-remover-scherenzange-langlebige-manikuere-pedikuere-werkzeuge-fuer-fingernaegel-und-zehennaegel-pink\\\/\",\"name\":\"Hautscheren mit Nagelhautschieber Set - Pr\u00e4zises Nagelhaut Knipser und Unter - Dead Skin Remover Scherenzange Langlebige\u2026 - Markt-XXL\",\"isPartOf\":{\"@id\":\"https:\\\/\\\/marktxxl.de\\\/markt\\\/#website\"},\"primaryImageOfPage\":{\"@id\":\"https:\\\/\\\/marktxxl.de\\\/markt\\\/produkt\\\/hautscheren-mit-nagelhautschieber-set-praezises-nagelhaut-knipser-und-unter-dead-skin-remover-scherenzange-langlebige-manikuere-pedikuere-werkzeuge-fuer-fingernaegel-und-zehennaegel-pink\\\/#primaryimage\"},\"image\":{\"@id\":\"https:\\\/\\\/marktxxl.de\\\/markt\\\/produkt\\\/hautscheren-mit-nagelhautschieber-set-praezises-nagelhaut-knipser-und-unter-dead-skin-remover-scherenzange-langlebige-manikuere-pedikuere-werkzeuge-fuer-fingernaegel-und-zehennaegel-pink\\\/#primaryimage\"},\"thumbnailUrl\":\"https:\\\/\\\/m.media-amazon.com\\\/images\\\/I\\\/41ysSuBtPBS._SL500_.jpg\",\"datePublished\":\"2022-08-13T03:07:36+00:00\",\"dateModified\":\"2023-04-10T02:28:52+00:00\",\"description\":\"Markt-XXL Hautscheren mit Nagelhautschieber Set - Pr\u00e4zises Nagelhaut Knipser und Unter - Dead Skin Remover Scherenzange Langlebige\u2026\",\"breadcrumb\":{\"@id\":\"https:\\\/\\\/marktxxl.de\\\/markt\\\/produkt\\\/hautscheren-mit-nagelhautschieber-set-praezises-nagelhaut-knipser-und-unter-dead-skin-remover-scherenzange-langlebige-manikuere-pedikuere-werkzeuge-fuer-fingernaegel-und-zehennaegel-pink\\\/#breadcrumb\"},\"inLanguage\":\"de\",\"potentialAction\":[{\"@type\":\"ReadAction\",\"target\":[\"https:\\\/\\\/marktxxl.de\\\/markt\\\/produkt\\\/hautscheren-mit-nagelhautschieber-set-praezises-nagelhaut-knipser-und-unter-dead-skin-remover-scherenzange-langlebige-manikuere-pedikuere-werkzeuge-fuer-fingernaegel-und-zehennaegel-pink\\\/\"]}]},{\"@type\":\"ImageObject\",\"inLanguage\":\"de\",\"@id\":\"https:\\\/\\\/marktxxl.de\\\/markt\\\/produkt\\\/hautscheren-mit-nagelhautschieber-set-praezises-nagelhaut-knipser-und-unter-dead-skin-remover-scherenzange-langlebige-manikuere-pedikuere-werkzeuge-fuer-fingernaegel-und-zehennaegel-pink\\\/#primaryimage\",\"url\":\"https:\\\/\\\/m.media-amazon.com\\\/images\\\/I\\\/41ysSuBtPBS._SL500_.jpg\",\"contentUrl\":\"https:\\\/\\\/m.media-amazon.com\\\/images\\\/I\\\/41ysSuBtPBS._SL500_.jpg\",\"width\":500,\"height\":500},{\"@type\":\"BreadcrumbList\",\"@id\":\"https:\\\/\\\/marktxxl.de\\\/markt\\\/produkt\\\/hautscheren-mit-nagelhautschieber-set-praezises-nagelhaut-knipser-und-unter-dead-skin-remover-scherenzange-langlebige-manikuere-pedikuere-werkzeuge-fuer-fingernaegel-und-zehennaegel-pink\\\/#breadcrumb\",\"itemListElement\":[{\"@type\":\"ListItem\",\"position\":1,\"name\":\"Startseite\",\"item\":\"https:\\\/\\\/marktxxl.de\\\/markt\\\/\"},{\"@type\":\"ListItem\",\"position\":2,\"name\":\"Markt\",\"item\":\"https:\\\/\\\/marktxxl.de\\\/markt\\\/\"},{\"@type\":\"ListItem\",\"position\":3,\"name\":\"Hautscheren mit Nagelhautschieber Set &#8211; Pr\u00e4zises Nagelhaut Knipser und Unter &#8211; Dead Skin Remover Scherenzange Langlebige\u2026\"}]},{\"@type\":\"WebSite\",\"@id\":\"https:\\\/\\\/marktxxl.de\\\/markt\\\/#website\",\"url\":\"https:\\\/\\\/marktxxl.de\\\/markt\\\/\",\"name\":\"Markt-XXL\",\"description\":\"Ihr Markt Online\",\"publisher\":{\"@id\":\"https:\\\/\\\/marktxxl.de\\\/markt\\\/#organization\"},\"potentialAction\":[{\"@type\":\"SearchAction\",\"target\":{\"@type\":\"EntryPoint\",\"urlTemplate\":\"https:\\\/\\\/marktxxl.de\\\/markt\\\/?s={search_term_string}\"},\"query-input\":{\"@type\":\"PropertyValueSpecification\",\"valueRequired\":true,\"valueName\":\"search_term_string\"}}],\"inLanguage\":\"de\"},{\"@type\":\"Organization\",\"@id\":\"https:\\\/\\\/marktxxl.de\\\/markt\\\/#organization\",\"name\":\"Markt-XXL\",\"url\":\"https:\\\/\\\/marktxxl.de\\\/markt\\\/\",\"logo\":{\"@type\":\"ImageObject\",\"inLanguage\":\"de\",\"@id\":\"https:\\\/\\\/marktxxl.de\\\/markt\\\/#\\\/schema\\\/logo\\\/image\\\/\",\"url\":\"https:\\\/\\\/marktxxl.de\\\/markt\\\/wp-content\\\/uploads\\\/sites\\\/3\\\/2020\\\/12\\\/logo.png\",\"contentUrl\":\"https:\\\/\\\/marktxxl.de\\\/markt\\\/wp-content\\\/uploads\\\/sites\\\/3\\\/2020\\\/12\\\/logo.png\",\"width\":200,\"height\":70,\"caption\":\"Markt-XXL\"},\"image\":{\"@id\":\"https:\\\/\\\/marktxxl.de\\\/markt\\\/#\\\/schema\\\/logo\\\/image\\\/\"}}]}<\/script>\n<!-- \/ Yoast SEO plugin. -->","yoast_head_json":{"title":"Hautscheren mit Nagelhautschieber Set - Pr\u00e4zises Nagelhaut Knipser und Unter - Dead Skin Remover Scherenzange Langlebige\u2026 - Markt-XXL","description":"Markt-XXL Hautscheren mit Nagelhautschieber Set - Pr\u00e4zises Nagelhaut Knipser und Unter - Dead Skin Remover Scherenzange Langlebige\u2026","robots":{"index":"index","follow":"follow","max-snippet":"max-snippet:-1","max-image-preview":"max-image-preview:large","max-video-preview":"max-video-preview:-1"},"canonical":"https:\/\/marktxxl.de\/markt\/produkt\/hautscheren-mit-nagelhautschieber-set-praezises-nagelhaut-knipser-und-unter-dead-skin-remover-scherenzange-langlebige-manikuere-pedikuere-werkzeuge-fuer-fingernaegel-und-zehennaegel-pink\/","og_locale":"de_DE","og_type":"article","og_title":"Hautscheren mit Nagelhautschieber Set - Pr\u00e4zises Nagelhaut Knipser und Unter - Dead Skin Remover Scherenzange Langlebige\u2026 - Markt-XXL","og_description":"Markt-XXL Hautscheren mit Nagelhautschieber Set - Pr\u00e4zises Nagelhaut Knipser und Unter - Dead Skin Remover Scherenzange Langlebige\u2026","og_url":"https:\/\/marktxxl.de\/markt\/produkt\/hautscheren-mit-nagelhautschieber-set-praezises-nagelhaut-knipser-und-unter-dead-skin-remover-scherenzange-langlebige-manikuere-pedikuere-werkzeuge-fuer-fingernaegel-und-zehennaegel-pink\/","og_site_name":"Markt-XXL","article_modified_time":"2023-04-10T02:28:52+00:00","og_image":[{"width":500,"height":500,"url":"https:\/\/m.media-amazon.com\/images\/I\/41ysSuBtPBS._SL500_.jpg","type":"image\/jpeg"}],"twitter_card":"summary_large_image","twitter_misc":{"Gesch\u00e4tzte Lesezeit":"1\u00a0Minute"},"schema":{"@context":"https:\/\/schema.org","@graph":[{"@type":"WebPage","@id":"https:\/\/marktxxl.de\/markt\/produkt\/hautscheren-mit-nagelhautschieber-set-praezises-nagelhaut-knipser-und-unter-dead-skin-remover-scherenzange-langlebige-manikuere-pedikuere-werkzeuge-fuer-fingernaegel-und-zehennaegel-pink\/","url":"https:\/\/marktxxl.de\/markt\/produkt\/hautscheren-mit-nagelhautschieber-set-praezises-nagelhaut-knipser-und-unter-dead-skin-remover-scherenzange-langlebige-manikuere-pedikuere-werkzeuge-fuer-fingernaegel-und-zehennaegel-pink\/","name":"Hautscheren mit Nagelhautschieber Set - Pr\u00e4zises Nagelhaut Knipser und Unter - Dead Skin Remover Scherenzange Langlebige\u2026 - Markt-XXL","isPartOf":{"@id":"https:\/\/marktxxl.de\/markt\/#website"},"primaryImageOfPage":{"@id":"https:\/\/marktxxl.de\/markt\/produkt\/hautscheren-mit-nagelhautschieber-set-praezises-nagelhaut-knipser-und-unter-dead-skin-remover-scherenzange-langlebige-manikuere-pedikuere-werkzeuge-fuer-fingernaegel-und-zehennaegel-pink\/#primaryimage"},"image":{"@id":"https:\/\/marktxxl.de\/markt\/produkt\/hautscheren-mit-nagelhautschieber-set-praezises-nagelhaut-knipser-und-unter-dead-skin-remover-scherenzange-langlebige-manikuere-pedikuere-werkzeuge-fuer-fingernaegel-und-zehennaegel-pink\/#primaryimage"},"thumbnailUrl":"https:\/\/m.media-amazon.com\/images\/I\/41ysSuBtPBS._SL500_.jpg","datePublished":"2022-08-13T03:07:36+00:00","dateModified":"2023-04-10T02:28:52+00:00","description":"Markt-XXL Hautscheren mit Nagelhautschieber Set - Pr\u00e4zises Nagelhaut Knipser und Unter - Dead Skin Remover Scherenzange Langlebige\u2026","breadcrumb":{"@id":"https:\/\/marktxxl.de\/markt\/produkt\/hautscheren-mit-nagelhautschieber-set-praezises-nagelhaut-knipser-und-unter-dead-skin-remover-scherenzange-langlebige-manikuere-pedikuere-werkzeuge-fuer-fingernaegel-und-zehennaegel-pink\/#breadcrumb"},"inLanguage":"de","potentialAction":[{"@type":"ReadAction","target":["https:\/\/marktxxl.de\/markt\/produkt\/hautscheren-mit-nagelhautschieber-set-praezises-nagelhaut-knipser-und-unter-dead-skin-remover-scherenzange-langlebige-manikuere-pedikuere-werkzeuge-fuer-fingernaegel-und-zehennaegel-pink\/"]}]},{"@type":"ImageObject","inLanguage":"de","@id":"https:\/\/marktxxl.de\/markt\/produkt\/hautscheren-mit-nagelhautschieber-set-praezises-nagelhaut-knipser-und-unter-dead-skin-remover-scherenzange-langlebige-manikuere-pedikuere-werkzeuge-fuer-fingernaegel-und-zehennaegel-pink\/#primaryimage","url":"https:\/\/m.media-amazon.com\/images\/I\/41ysSuBtPBS._SL500_.jpg","contentUrl":"https:\/\/m.media-amazon.com\/images\/I\/41ysSuBtPBS._SL500_.jpg","width":500,"height":500},{"@type":"BreadcrumbList","@id":"https:\/\/marktxxl.de\/markt\/produkt\/hautscheren-mit-nagelhautschieber-set-praezises-nagelhaut-knipser-und-unter-dead-skin-remover-scherenzange-langlebige-manikuere-pedikuere-werkzeuge-fuer-fingernaegel-und-zehennaegel-pink\/#breadcrumb","itemListElement":[{"@type":"ListItem","position":1,"name":"Startseite","item":"https:\/\/marktxxl.de\/markt\/"},{"@type":"ListItem","position":2,"name":"Markt","item":"https:\/\/marktxxl.de\/markt\/"},{"@type":"ListItem","position":3,"name":"Hautscheren mit Nagelhautschieber Set &#8211; Pr\u00e4zises Nagelhaut Knipser und Unter &#8211; Dead Skin Remover Scherenzange Langlebige\u2026"}]},{"@type":"WebSite","@id":"https:\/\/marktxxl.de\/markt\/#website","url":"https:\/\/marktxxl.de\/markt\/","name":"Markt-XXL","description":"Ihr Markt Online","publisher":{"@id":"https:\/\/marktxxl.de\/markt\/#organization"},"potentialAction":[{"@type":"SearchAction","target":{"@type":"EntryPoint","urlTemplate":"https:\/\/marktxxl.de\/markt\/?s={search_term_string}"},"query-input":{"@type":"PropertyValueSpecification","valueRequired":true,"valueName":"search_term_string"}}],"inLanguage":"de"},{"@type":"Organization","@id":"https:\/\/marktxxl.de\/markt\/#organization","name":"Markt-XXL","url":"https:\/\/marktxxl.de\/markt\/","logo":{"@type":"ImageObject","inLanguage":"de","@id":"https:\/\/marktxxl.de\/markt\/#\/schema\/logo\/image\/","url":"https:\/\/marktxxl.de\/markt\/wp-content\/uploads\/sites\/3\/2020\/12\/logo.png","contentUrl":"https:\/\/marktxxl.de\/markt\/wp-content\/uploads\/sites\/3\/2020\/12\/logo.png","width":200,"height":70,"caption":"Markt-XXL"},"image":{"@id":"https:\/\/marktxxl.de\/markt\/#\/schema\/logo\/image\/"}}]}},"_links":{"self":[{"href":"https:\/\/marktxxl.de\/markt\/wp-json\/wp\/v2\/product\/144539","targetHints":{"allow":["GET"]}}],"collection":[{"href":"https:\/\/marktxxl.de\/markt\/wp-json\/wp\/v2\/product"}],"about":[{"href":"https:\/\/marktxxl.de\/markt\/wp-json\/wp\/v2\/types\/product"}],"replies":[{"embeddable":true,"href":"https:\/\/marktxxl.de\/markt\/wp-json\/wp\/v2\/comments?post=144539"}],"wp:featuredmedia":[{"embeddable":true,"href":"https:\/\/marktxxl.de\/markt\/wp-json\/wp\/v2\/media\/144540"}],"wp:attachment":[{"href":"https:\/\/marktxxl.de\/markt\/wp-json\/wp\/v2\/media?parent=144539"}],"wp:term":[{"taxonomy":"product_brand","embeddable":true,"href":"https:\/\/marktxxl.de\/markt\/wp-json\/wp\/v2\/product_brand?post=144539"},{"taxonomy":"product_cat","embeddable":true,"href":"https:\/\/marktxxl.de\/markt\/wp-json\/wp\/v2\/product_cat?post=144539"},{"taxonomy":"product_tag","embeddable":true,"href":"https:\/\/marktxxl.de\/markt\/wp-json\/wp\/v2\/product_tag?post=144539"}],"curies":[{"name":"wp","href":"https:\/\/api.w.org\/{rel}","templated":true}]}}