{"id":144523,"date":"2022-08-13T05:07:18","date_gmt":"2022-08-13T03:07:18","guid":{"rendered":"https:\/\/marktxxl.de\/markt\/produkt\/professioneller-fussschaber-kallusschneider-aus-edelstahl-pedikuere-callus-razor-fussfeile-fuer-die-fusspflege-kallusentferner-fuer-kopfabgestorbene-haut-callus-hobel-mit-20pcs-ersatzklingen-22pc\/"},"modified":"2023-04-10T04:28:52","modified_gmt":"2023-04-10T02:28:52","slug":"professioneller-fussschaber-kallusschneider-aus-edelstahl-pedikuere-callus-razor-fussfeile-fuer-die-fusspflege-kallusentferner-fuer-kopfabgestorbene-haut-callus-hobel-mit-20pcs-ersatzklingen-22pc","status":"publish","type":"product","link":"https:\/\/marktxxl.de\/markt\/produkt\/professioneller-fussschaber-kallusschneider-aus-edelstahl-pedikuere-callus-razor-fussfeile-fuer-die-fusspflege-kallusentferner-fuer-kopfabgestorbene-haut-callus-hobel-mit-20pcs-ersatzklingen-22pc\/","title":{"rendered":"Professioneller Fu\u00dfschaber, Kallusschneider aus Edelstahl, Pedik\u00fcre Callus Razor Fu\u00dffeile f\u00fcr die Fu\u00dfpflege\u2026"},"content":{"rendered":"<p>\ud83d\udc9d \u3010Professionelle Pedik\u00fcre-Werkzeuge\u3011Unser professionelles Set aus Kallusschaber und Kallusraspel besteht aus poliertem Edelstahl, ohne Rost und ohne Verformung. Es ist Ihre beste Wahl Fu\u00dffeile! Machen Sie den harten Hautkallusentferner zu Hause als Profi.<br \/>\n\ud83d\udc9d \u3010Verbesserter Kallusplaner\u3011 Anstelle der stumpfen alten Version hat unser Kallusschneider mit verbesserter Version eine Genauigkeit von 0,5 mm. Er kann Kallus und rissige, harte, tote Haut zu Fu\u00df sicher und einfach entfernen. Abnehmbarer Kopf, sehr bequem zu wechseln, Massivholz Der Griff bietet bequemsten Griff und reibungslose Kontrolle.<br \/>\n\ud83d\udc9d \u3010Sparen Sie Zeit und Geld\u3011 Mit unseren professionellen Pedik\u00fcre-Callus-Rasierer-Fu\u00dffeilen k\u00f6nnen Sie Ihre F\u00fc\u00dfe regelm\u00e4\u00dfig pflegen. Dieses gro\u00dfartige Produkt bietet Ihren F\u00fc\u00dfen eine m\u00f6glichst reibungslose, babyweiche und sch\u00f6ne Fu\u00dfpflege, ohne in Pedik\u00fcre-Salons zu gehen. Sparen Sie Zeit und Geld, du hast es verdient.<br \/>\n\ud83d\udc9d \u3010Einfach zu bedienen und zu lagern\u3011 Unser Maissasierer mit luxuri\u00f6sem und modischem Design. Es ist einfach, zwischen Fu\u00dfschaber und Fu\u00dfraspel hin und her zu wechseln. Dieser Maissasierer ist tragbar und leicht und einfach zu bedienen. Mit einer tragbaren Edelstahlbox, die einfach zu verstauen und zu tragen ist, k\u00f6nnen Sie Ihren Fu\u00df oder Ihre Hand \u00fcberall und jederzeit pflegen.<br \/>\n\ud83d\udc9d \u3010Sorgenfrei\u3011 Unsere professionellen Hornhautentfernungswerkzeuge f\u00fcr harte Haut sind von hoher Qualit\u00e4t. Sie sind ein wunderbares Geschenk f\u00fcr sich selbst, Ihre Familie und Freunde! Kaufe jetzt! Sie erhalten: 1 Packung Callus Shaver aus poliertem Edelstahl, 2 * Fu\u00df-Aktenk\u00f6pfe, 20 * Ersatzklingen, 1 * Exquisites Edelstahlgeh\u00e4use und sorgenfrei, funktioniert nicht gut? Komplette R\u00fcckerstattung! Jeden Cent wert!<br \/>\n<div class=\"main-cross-sell\" data-asin=\"B091PF74YR\">\n\n\t<div class=\"WooZone-cross-sell-loader\">\n\t\t<div>\n\t\t\t<div id=\"floatingBarsG\">\n\t\t\t\t<div class=\"blockG\" id=\"rotateG_01\"><\/div>\n\t\t\t\t<div class=\"blockG\" id=\"rotateG_02\"><\/div>\n\t\t\t\t<div class=\"blockG\" id=\"rotateG_03\"><\/div>\n\t\t\t\t<div class=\"blockG\" id=\"rotateG_04\"><\/div>\n\t\t\t\t<div class=\"blockG\" id=\"rotateG_05\"><\/div>\n\t\t\t\t<div class=\"blockG\" id=\"rotateG_06\"><\/div>\n\t\t\t\t<div class=\"blockG\" id=\"rotateG_07\"><\/div>\n\t\t\t\t<div class=\"blockG\" id=\"rotateG_08\"><\/div>\n\t\t\t<\/div>\n\t\t\t<div class=\"WooZone-cross-sell-loader-text\"><\/div>\n\t\t<\/div>\n\t<\/div>\n\n\t\t\n<\/div>\n<div style=\"clear:both;\"><\/div><\/p>\n","protected":false},"excerpt":{"rendered":"<p>\ud83d\udc9d \u3010Professionelle Pedik\u00fcre-Werkzeuge\u3011Unser professionelles Set aus Kallusschaber und Kallusraspel besteht aus poliertem Edelstahl, ohne Rost und ohne Verformung. Es ist Ihre beste Wahl Fu\u00dffeile! Machen Sie den harten Hautkallusentferner zu Hause als Profi.<br \/>\n\ud83d\udc9d \u3010Verbesserter Kallusplaner\u3011 Anstelle der stumpfen alten Version hat unser Kallusschneider mit verbesserter Version eine Genauigkeit von 0,5 mm. Er kann Kallus und rissige, harte, tote Haut zu Fu\u00df sicher und einfach entfernen. Abnehmbarer Kopf, sehr bequem zu wechseln, Massivholz Der Griff bietet bequemsten Griff und reibungslose Kontrolle.<br \/>\n\ud83d\udc9d \u3010Sparen Sie Zeit und Geld\u3011 Mit unseren professionellen Pedik\u00fcre-Callus-Rasierer-Fu\u00dffeilen k\u00f6nnen Sie Ihre F\u00fc\u00dfe regelm\u00e4\u00dfig pflegen. Dieses gro\u00dfartige Produkt bietet Ihren F\u00fc\u00dfen eine m\u00f6glichst reibungslose, babyweiche und sch\u00f6ne Fu\u00dfpflege, ohne in Pedik\u00fcre-Salons zu gehen. Sparen Sie Zeit und Geld, du hast es verdient.<\/p>\n","protected":false},"featured_media":144524,"comment_status":"open","ping_status":"closed","template":"","meta":[],"product_brand":[],"product_cat":[2858,7659],"product_tag":[],"class_list":{"0":"post-144523","1":"product","2":"type-product","3":"status-publish","4":"has-post-thumbnail","6":"product_cat-beauty","7":"product_cat-manikuere-pedikuere","8":"pa_brand-azltdcow","9":"pa_height-0-1968503935-zoll","10":"pa_length-5-905511805-zoll","11":"pa_manufacturer-azltdcow","12":"pa_width-2-1653543285-zoll","14":"first","15":"instock","16":"shipping-taxable","17":"purchasable","18":"product-type-simple","19":"customify-col","20":"product-has-gallery"},"yoast_head":"<!-- This site is optimized with the Yoast SEO plugin v27.3 - https:\/\/yoast.com\/product\/yoast-seo-wordpress\/ -->\n<title>Professioneller Fu\u00dfschaber, Kallusschneider aus Edelstahl, Pedik\u00fcre Callus Razor Fu\u00dffeile f\u00fcr die Fu\u00dfpflege\u2026 - Markt-XXL<\/title>\n<meta name=\"description\" content=\"Markt-XXL Professioneller Fu\u00dfschaber, Kallusschneider aus Edelstahl, Pedik\u00fcre Callus Razor Fu\u00dffeile f\u00fcr die Fu\u00dfpflege\u2026\" \/>\n<meta name=\"robots\" content=\"index, follow, max-snippet:-1, max-image-preview:large, max-video-preview:-1\" \/>\n<link rel=\"canonical\" href=\"https:\/\/marktxxl.de\/markt\/produkt\/professioneller-fussschaber-kallusschneider-aus-edelstahl-pedikuere-callus-razor-fussfeile-fuer-die-fusspflege-kallusentferner-fuer-kopfabgestorbene-haut-callus-hobel-mit-20pcs-ersatzklingen-22pc\/\" \/>\n<meta property=\"og:locale\" content=\"de_DE\" \/>\n<meta property=\"og:type\" content=\"article\" \/>\n<meta property=\"og:title\" content=\"Professioneller Fu\u00dfschaber, Kallusschneider aus Edelstahl, Pedik\u00fcre Callus Razor Fu\u00dffeile f\u00fcr die Fu\u00dfpflege\u2026 - Markt-XXL\" \/>\n<meta property=\"og:description\" content=\"Markt-XXL Professioneller Fu\u00dfschaber, Kallusschneider aus Edelstahl, Pedik\u00fcre Callus Razor Fu\u00dffeile f\u00fcr die Fu\u00dfpflege\u2026\" \/>\n<meta property=\"og:url\" content=\"https:\/\/marktxxl.de\/markt\/produkt\/professioneller-fussschaber-kallusschneider-aus-edelstahl-pedikuere-callus-razor-fussfeile-fuer-die-fusspflege-kallusentferner-fuer-kopfabgestorbene-haut-callus-hobel-mit-20pcs-ersatzklingen-22pc\/\" \/>\n<meta property=\"og:site_name\" content=\"Markt-XXL\" \/>\n<meta property=\"article:modified_time\" content=\"2023-04-10T02:28:52+00:00\" \/>\n<meta property=\"og:image\" content=\"https:\/\/m.media-amazon.com\/images\/I\/51NUVOkeeaL._SL500_.jpg\" \/>\n\t<meta property=\"og:image:width\" content=\"500\" \/>\n\t<meta property=\"og:image:height\" content=\"500\" \/>\n\t<meta property=\"og:image:type\" content=\"image\/jpeg\" \/>\n<meta name=\"twitter:card\" content=\"summary_large_image\" \/>\n<meta name=\"twitter:label1\" content=\"Gesch\u00e4tzte Lesezeit\" \/>\n\t<meta name=\"twitter:data1\" content=\"1\u00a0Minute\" \/>\n<script type=\"application\/ld+json\" class=\"yoast-schema-graph\">{\"@context\":\"https:\\\/\\\/schema.org\",\"@graph\":[{\"@type\":\"WebPage\",\"@id\":\"https:\\\/\\\/marktxxl.de\\\/markt\\\/produkt\\\/professioneller-fussschaber-kallusschneider-aus-edelstahl-pedikuere-callus-razor-fussfeile-fuer-die-fusspflege-kallusentferner-fuer-kopfabgestorbene-haut-callus-hobel-mit-20pcs-ersatzklingen-22pc\\\/\",\"url\":\"https:\\\/\\\/marktxxl.de\\\/markt\\\/produkt\\\/professioneller-fussschaber-kallusschneider-aus-edelstahl-pedikuere-callus-razor-fussfeile-fuer-die-fusspflege-kallusentferner-fuer-kopfabgestorbene-haut-callus-hobel-mit-20pcs-ersatzklingen-22pc\\\/\",\"name\":\"Professioneller Fu\u00dfschaber, Kallusschneider aus Edelstahl, Pedik\u00fcre Callus Razor Fu\u00dffeile f\u00fcr die Fu\u00dfpflege\u2026 - Markt-XXL\",\"isPartOf\":{\"@id\":\"https:\\\/\\\/marktxxl.de\\\/markt\\\/#website\"},\"primaryImageOfPage\":{\"@id\":\"https:\\\/\\\/marktxxl.de\\\/markt\\\/produkt\\\/professioneller-fussschaber-kallusschneider-aus-edelstahl-pedikuere-callus-razor-fussfeile-fuer-die-fusspflege-kallusentferner-fuer-kopfabgestorbene-haut-callus-hobel-mit-20pcs-ersatzklingen-22pc\\\/#primaryimage\"},\"image\":{\"@id\":\"https:\\\/\\\/marktxxl.de\\\/markt\\\/produkt\\\/professioneller-fussschaber-kallusschneider-aus-edelstahl-pedikuere-callus-razor-fussfeile-fuer-die-fusspflege-kallusentferner-fuer-kopfabgestorbene-haut-callus-hobel-mit-20pcs-ersatzklingen-22pc\\\/#primaryimage\"},\"thumbnailUrl\":\"https:\\\/\\\/m.media-amazon.com\\\/images\\\/I\\\/51NUVOkeeaL._SL500_.jpg\",\"datePublished\":\"2022-08-13T03:07:18+00:00\",\"dateModified\":\"2023-04-10T02:28:52+00:00\",\"description\":\"Markt-XXL Professioneller Fu\u00dfschaber, Kallusschneider aus Edelstahl, Pedik\u00fcre Callus Razor Fu\u00dffeile f\u00fcr die Fu\u00dfpflege\u2026\",\"breadcrumb\":{\"@id\":\"https:\\\/\\\/marktxxl.de\\\/markt\\\/produkt\\\/professioneller-fussschaber-kallusschneider-aus-edelstahl-pedikuere-callus-razor-fussfeile-fuer-die-fusspflege-kallusentferner-fuer-kopfabgestorbene-haut-callus-hobel-mit-20pcs-ersatzklingen-22pc\\\/#breadcrumb\"},\"inLanguage\":\"de\",\"potentialAction\":[{\"@type\":\"ReadAction\",\"target\":[\"https:\\\/\\\/marktxxl.de\\\/markt\\\/produkt\\\/professioneller-fussschaber-kallusschneider-aus-edelstahl-pedikuere-callus-razor-fussfeile-fuer-die-fusspflege-kallusentferner-fuer-kopfabgestorbene-haut-callus-hobel-mit-20pcs-ersatzklingen-22pc\\\/\"]}]},{\"@type\":\"ImageObject\",\"inLanguage\":\"de\",\"@id\":\"https:\\\/\\\/marktxxl.de\\\/markt\\\/produkt\\\/professioneller-fussschaber-kallusschneider-aus-edelstahl-pedikuere-callus-razor-fussfeile-fuer-die-fusspflege-kallusentferner-fuer-kopfabgestorbene-haut-callus-hobel-mit-20pcs-ersatzklingen-22pc\\\/#primaryimage\",\"url\":\"https:\\\/\\\/m.media-amazon.com\\\/images\\\/I\\\/51NUVOkeeaL._SL500_.jpg\",\"contentUrl\":\"https:\\\/\\\/m.media-amazon.com\\\/images\\\/I\\\/51NUVOkeeaL._SL500_.jpg\",\"width\":500,\"height\":500},{\"@type\":\"BreadcrumbList\",\"@id\":\"https:\\\/\\\/marktxxl.de\\\/markt\\\/produkt\\\/professioneller-fussschaber-kallusschneider-aus-edelstahl-pedikuere-callus-razor-fussfeile-fuer-die-fusspflege-kallusentferner-fuer-kopfabgestorbene-haut-callus-hobel-mit-20pcs-ersatzklingen-22pc\\\/#breadcrumb\",\"itemListElement\":[{\"@type\":\"ListItem\",\"position\":1,\"name\":\"Startseite\",\"item\":\"https:\\\/\\\/marktxxl.de\\\/markt\\\/\"},{\"@type\":\"ListItem\",\"position\":2,\"name\":\"Markt\",\"item\":\"https:\\\/\\\/marktxxl.de\\\/markt\\\/\"},{\"@type\":\"ListItem\",\"position\":3,\"name\":\"Professioneller Fu\u00dfschaber, Kallusschneider aus Edelstahl, Pedik\u00fcre Callus Razor Fu\u00dffeile f\u00fcr die Fu\u00dfpflege\u2026\"}]},{\"@type\":\"WebSite\",\"@id\":\"https:\\\/\\\/marktxxl.de\\\/markt\\\/#website\",\"url\":\"https:\\\/\\\/marktxxl.de\\\/markt\\\/\",\"name\":\"Markt-XXL\",\"description\":\"Ihr Markt Online\",\"publisher\":{\"@id\":\"https:\\\/\\\/marktxxl.de\\\/markt\\\/#organization\"},\"potentialAction\":[{\"@type\":\"SearchAction\",\"target\":{\"@type\":\"EntryPoint\",\"urlTemplate\":\"https:\\\/\\\/marktxxl.de\\\/markt\\\/?s={search_term_string}\"},\"query-input\":{\"@type\":\"PropertyValueSpecification\",\"valueRequired\":true,\"valueName\":\"search_term_string\"}}],\"inLanguage\":\"de\"},{\"@type\":\"Organization\",\"@id\":\"https:\\\/\\\/marktxxl.de\\\/markt\\\/#organization\",\"name\":\"Markt-XXL\",\"url\":\"https:\\\/\\\/marktxxl.de\\\/markt\\\/\",\"logo\":{\"@type\":\"ImageObject\",\"inLanguage\":\"de\",\"@id\":\"https:\\\/\\\/marktxxl.de\\\/markt\\\/#\\\/schema\\\/logo\\\/image\\\/\",\"url\":\"https:\\\/\\\/marktxxl.de\\\/markt\\\/wp-content\\\/uploads\\\/sites\\\/3\\\/2020\\\/12\\\/logo.png\",\"contentUrl\":\"https:\\\/\\\/marktxxl.de\\\/markt\\\/wp-content\\\/uploads\\\/sites\\\/3\\\/2020\\\/12\\\/logo.png\",\"width\":200,\"height\":70,\"caption\":\"Markt-XXL\"},\"image\":{\"@id\":\"https:\\\/\\\/marktxxl.de\\\/markt\\\/#\\\/schema\\\/logo\\\/image\\\/\"}}]}<\/script>\n<!-- \/ Yoast SEO plugin. -->","yoast_head_json":{"title":"Professioneller Fu\u00dfschaber, Kallusschneider aus Edelstahl, Pedik\u00fcre Callus Razor Fu\u00dffeile f\u00fcr die Fu\u00dfpflege\u2026 - Markt-XXL","description":"Markt-XXL Professioneller Fu\u00dfschaber, Kallusschneider aus Edelstahl, Pedik\u00fcre Callus Razor Fu\u00dffeile f\u00fcr die Fu\u00dfpflege\u2026","robots":{"index":"index","follow":"follow","max-snippet":"max-snippet:-1","max-image-preview":"max-image-preview:large","max-video-preview":"max-video-preview:-1"},"canonical":"https:\/\/marktxxl.de\/markt\/produkt\/professioneller-fussschaber-kallusschneider-aus-edelstahl-pedikuere-callus-razor-fussfeile-fuer-die-fusspflege-kallusentferner-fuer-kopfabgestorbene-haut-callus-hobel-mit-20pcs-ersatzklingen-22pc\/","og_locale":"de_DE","og_type":"article","og_title":"Professioneller Fu\u00dfschaber, Kallusschneider aus Edelstahl, Pedik\u00fcre Callus Razor Fu\u00dffeile f\u00fcr die Fu\u00dfpflege\u2026 - Markt-XXL","og_description":"Markt-XXL Professioneller Fu\u00dfschaber, Kallusschneider aus Edelstahl, Pedik\u00fcre Callus Razor Fu\u00dffeile f\u00fcr die Fu\u00dfpflege\u2026","og_url":"https:\/\/marktxxl.de\/markt\/produkt\/professioneller-fussschaber-kallusschneider-aus-edelstahl-pedikuere-callus-razor-fussfeile-fuer-die-fusspflege-kallusentferner-fuer-kopfabgestorbene-haut-callus-hobel-mit-20pcs-ersatzklingen-22pc\/","og_site_name":"Markt-XXL","article_modified_time":"2023-04-10T02:28:52+00:00","og_image":[{"width":500,"height":500,"url":"https:\/\/m.media-amazon.com\/images\/I\/51NUVOkeeaL._SL500_.jpg","type":"image\/jpeg"}],"twitter_card":"summary_large_image","twitter_misc":{"Gesch\u00e4tzte Lesezeit":"1\u00a0Minute"},"schema":{"@context":"https:\/\/schema.org","@graph":[{"@type":"WebPage","@id":"https:\/\/marktxxl.de\/markt\/produkt\/professioneller-fussschaber-kallusschneider-aus-edelstahl-pedikuere-callus-razor-fussfeile-fuer-die-fusspflege-kallusentferner-fuer-kopfabgestorbene-haut-callus-hobel-mit-20pcs-ersatzklingen-22pc\/","url":"https:\/\/marktxxl.de\/markt\/produkt\/professioneller-fussschaber-kallusschneider-aus-edelstahl-pedikuere-callus-razor-fussfeile-fuer-die-fusspflege-kallusentferner-fuer-kopfabgestorbene-haut-callus-hobel-mit-20pcs-ersatzklingen-22pc\/","name":"Professioneller Fu\u00dfschaber, Kallusschneider aus Edelstahl, Pedik\u00fcre Callus Razor Fu\u00dffeile f\u00fcr die Fu\u00dfpflege\u2026 - Markt-XXL","isPartOf":{"@id":"https:\/\/marktxxl.de\/markt\/#website"},"primaryImageOfPage":{"@id":"https:\/\/marktxxl.de\/markt\/produkt\/professioneller-fussschaber-kallusschneider-aus-edelstahl-pedikuere-callus-razor-fussfeile-fuer-die-fusspflege-kallusentferner-fuer-kopfabgestorbene-haut-callus-hobel-mit-20pcs-ersatzklingen-22pc\/#primaryimage"},"image":{"@id":"https:\/\/marktxxl.de\/markt\/produkt\/professioneller-fussschaber-kallusschneider-aus-edelstahl-pedikuere-callus-razor-fussfeile-fuer-die-fusspflege-kallusentferner-fuer-kopfabgestorbene-haut-callus-hobel-mit-20pcs-ersatzklingen-22pc\/#primaryimage"},"thumbnailUrl":"https:\/\/m.media-amazon.com\/images\/I\/51NUVOkeeaL._SL500_.jpg","datePublished":"2022-08-13T03:07:18+00:00","dateModified":"2023-04-10T02:28:52+00:00","description":"Markt-XXL Professioneller Fu\u00dfschaber, Kallusschneider aus Edelstahl, Pedik\u00fcre Callus Razor Fu\u00dffeile f\u00fcr die Fu\u00dfpflege\u2026","breadcrumb":{"@id":"https:\/\/marktxxl.de\/markt\/produkt\/professioneller-fussschaber-kallusschneider-aus-edelstahl-pedikuere-callus-razor-fussfeile-fuer-die-fusspflege-kallusentferner-fuer-kopfabgestorbene-haut-callus-hobel-mit-20pcs-ersatzklingen-22pc\/#breadcrumb"},"inLanguage":"de","potentialAction":[{"@type":"ReadAction","target":["https:\/\/marktxxl.de\/markt\/produkt\/professioneller-fussschaber-kallusschneider-aus-edelstahl-pedikuere-callus-razor-fussfeile-fuer-die-fusspflege-kallusentferner-fuer-kopfabgestorbene-haut-callus-hobel-mit-20pcs-ersatzklingen-22pc\/"]}]},{"@type":"ImageObject","inLanguage":"de","@id":"https:\/\/marktxxl.de\/markt\/produkt\/professioneller-fussschaber-kallusschneider-aus-edelstahl-pedikuere-callus-razor-fussfeile-fuer-die-fusspflege-kallusentferner-fuer-kopfabgestorbene-haut-callus-hobel-mit-20pcs-ersatzklingen-22pc\/#primaryimage","url":"https:\/\/m.media-amazon.com\/images\/I\/51NUVOkeeaL._SL500_.jpg","contentUrl":"https:\/\/m.media-amazon.com\/images\/I\/51NUVOkeeaL._SL500_.jpg","width":500,"height":500},{"@type":"BreadcrumbList","@id":"https:\/\/marktxxl.de\/markt\/produkt\/professioneller-fussschaber-kallusschneider-aus-edelstahl-pedikuere-callus-razor-fussfeile-fuer-die-fusspflege-kallusentferner-fuer-kopfabgestorbene-haut-callus-hobel-mit-20pcs-ersatzklingen-22pc\/#breadcrumb","itemListElement":[{"@type":"ListItem","position":1,"name":"Startseite","item":"https:\/\/marktxxl.de\/markt\/"},{"@type":"ListItem","position":2,"name":"Markt","item":"https:\/\/marktxxl.de\/markt\/"},{"@type":"ListItem","position":3,"name":"Professioneller Fu\u00dfschaber, Kallusschneider aus Edelstahl, Pedik\u00fcre Callus Razor Fu\u00dffeile f\u00fcr die Fu\u00dfpflege\u2026"}]},{"@type":"WebSite","@id":"https:\/\/marktxxl.de\/markt\/#website","url":"https:\/\/marktxxl.de\/markt\/","name":"Markt-XXL","description":"Ihr Markt Online","publisher":{"@id":"https:\/\/marktxxl.de\/markt\/#organization"},"potentialAction":[{"@type":"SearchAction","target":{"@type":"EntryPoint","urlTemplate":"https:\/\/marktxxl.de\/markt\/?s={search_term_string}"},"query-input":{"@type":"PropertyValueSpecification","valueRequired":true,"valueName":"search_term_string"}}],"inLanguage":"de"},{"@type":"Organization","@id":"https:\/\/marktxxl.de\/markt\/#organization","name":"Markt-XXL","url":"https:\/\/marktxxl.de\/markt\/","logo":{"@type":"ImageObject","inLanguage":"de","@id":"https:\/\/marktxxl.de\/markt\/#\/schema\/logo\/image\/","url":"https:\/\/marktxxl.de\/markt\/wp-content\/uploads\/sites\/3\/2020\/12\/logo.png","contentUrl":"https:\/\/marktxxl.de\/markt\/wp-content\/uploads\/sites\/3\/2020\/12\/logo.png","width":200,"height":70,"caption":"Markt-XXL"},"image":{"@id":"https:\/\/marktxxl.de\/markt\/#\/schema\/logo\/image\/"}}]}},"_links":{"self":[{"href":"https:\/\/marktxxl.de\/markt\/wp-json\/wp\/v2\/product\/144523","targetHints":{"allow":["GET"]}}],"collection":[{"href":"https:\/\/marktxxl.de\/markt\/wp-json\/wp\/v2\/product"}],"about":[{"href":"https:\/\/marktxxl.de\/markt\/wp-json\/wp\/v2\/types\/product"}],"replies":[{"embeddable":true,"href":"https:\/\/marktxxl.de\/markt\/wp-json\/wp\/v2\/comments?post=144523"}],"wp:featuredmedia":[{"embeddable":true,"href":"https:\/\/marktxxl.de\/markt\/wp-json\/wp\/v2\/media\/144524"}],"wp:attachment":[{"href":"https:\/\/marktxxl.de\/markt\/wp-json\/wp\/v2\/media?parent=144523"}],"wp:term":[{"taxonomy":"product_brand","embeddable":true,"href":"https:\/\/marktxxl.de\/markt\/wp-json\/wp\/v2\/product_brand?post=144523"},{"taxonomy":"product_cat","embeddable":true,"href":"https:\/\/marktxxl.de\/markt\/wp-json\/wp\/v2\/product_cat?post=144523"},{"taxonomy":"product_tag","embeddable":true,"href":"https:\/\/marktxxl.de\/markt\/wp-json\/wp\/v2\/product_tag?post=144523"}],"curies":[{"name":"wp","href":"https:\/\/api.w.org\/{rel}","templated":true}]}}