{"id":144511,"date":"2022-08-13T05:06:22","date_gmt":"2022-08-13T03:06:22","guid":{"rendered":"https:\/\/marktxxl.de\/markt\/produkt\/evolsin-anti-nagelpilz-liquid-i-10ml-i-wissenschaftlich-bestaetigte-wirksamkeit-i-medizinprodukt-i-nagelpilzbehandlung-schnell-intensiv\/"},"modified":"2023-04-10T04:28:51","modified_gmt":"2023-04-10T02:28:51","slug":"evolsin-anti-nagelpilz-liquid-i-10ml-i-wissenschaftlich-bestaetigte-wirksamkeit-i-medizinprodukt-i-nagelpilzbehandlung-schnell-intensiv","status":"publish","type":"product","link":"https:\/\/marktxxl.de\/markt\/produkt\/evolsin-anti-nagelpilz-liquid-i-10ml-i-wissenschaftlich-bestaetigte-wirksamkeit-i-medizinprodukt-i-nagelpilzbehandlung-schnell-intensiv\/","title":{"rendered":"Evolsin\u00ae Anti-Nagelpilz Liquid I Wissenschaftlich best\u00e4tigte Wirkweise I Geeignet f\u00fcr Diabetiker I Medizinprodukt I\u2026"},"content":{"rendered":"<p>SCHNELLE &amp; INTENSIVE BEHANDLUNG: Die einmalige Wirkstoffkombination t\u00f6tet Nagelpilz wirksam innerhalb von 20 Sekunden ab. Au\u00dferdem sch\u00fctzt der Lack vor der Ansteckung anderer N\u00e4gel, verhindert die R\u00fcckkehr der Pilze und enth\u00e4lt essentielle \u00d6le, die den Nagel pflegen<br \/>\nEINFACHE ANWENDUNG: Tragen Sie das Mittel 2x t\u00e4glich auf die betroffenen Stellen auf, bis der Nagel ganz herausgewachsen ist. Die \u00fcberlegene Wirkweise des Evolsin Anti-Nagelpilz Liquids wurde in wissenschaftlichen Studien best\u00e4tigt<br \/>\nGEEIGNET F\u00dcR: Unser Mittel gegen Nagelpilz eignet sich f\u00fcr die Anwendung an Fingern und Zehen. Die 10 ml Gro\u00dfpackung reicht f\u00fcr viele Monate und erm\u00f6glicht die Behandlung an mehreren N\u00e4geln gleichzeitig. Das Mittel ist auch f\u00fcr Diabetiker geeignet<br \/>\nDEUTSCHE MARKENQUALIT\u00c4T: Der Evolsin Nagelpilz Nagellack ist ein in der EU gepr\u00fcftes und zugelassenes Medizinprodukt, welches unter h\u00f6chsten Qualit\u00e4ts- und Sicherheitsstandards ausschlie\u00dflich in Europa produziert wird. Nat\u00fcrlich ist er frei von Parabenen, Silikonen, Mineral\u00f6len, Mikroplastik sowie tierversuchsfrei<br \/>\n100% KLIMANEUTRAL: Evolsin kompensiert den CO2 Abdruck des Anti-Nagelpilz Liquids, sodass es zu 100% klimaneutral ist. Mit jedem gekauften Produkt unterst\u00fctzen Sie weiterhin die Aufforstung heimischer W\u00e4lder \u00fcber das Projekt Waldliebe<br \/>\n<div class=\"main-cross-sell\" data-asin=\"B08TX5VYB3\">\n\n\t<div class=\"WooZone-cross-sell-loader\">\n\t\t<div>\n\t\t\t<div id=\"floatingBarsG\">\n\t\t\t\t<div class=\"blockG\" id=\"rotateG_01\"><\/div>\n\t\t\t\t<div class=\"blockG\" id=\"rotateG_02\"><\/div>\n\t\t\t\t<div class=\"blockG\" id=\"rotateG_03\"><\/div>\n\t\t\t\t<div class=\"blockG\" id=\"rotateG_04\"><\/div>\n\t\t\t\t<div class=\"blockG\" id=\"rotateG_05\"><\/div>\n\t\t\t\t<div class=\"blockG\" id=\"rotateG_06\"><\/div>\n\t\t\t\t<div class=\"blockG\" id=\"rotateG_07\"><\/div>\n\t\t\t\t<div class=\"blockG\" id=\"rotateG_08\"><\/div>\n\t\t\t<\/div>\n\t\t\t<div class=\"WooZone-cross-sell-loader-text\"><\/div>\n\t\t<\/div>\n\t<\/div>\n\n\t\t\n<\/div>\n<div style=\"clear:both;\"><\/div><\/p>\n","protected":false},"excerpt":{"rendered":"<p>SCHNELLE &amp; INTENSIVE BEHANDLUNG: Die einmalige Wirkstoffkombination t\u00f6tet Nagelpilz wirksam innerhalb von 20 Sekunden ab. Au\u00dferdem sch\u00fctzt der Lack vor der Ansteckung anderer N\u00e4gel, verhindert die R\u00fcckkehr der Pilze und enth\u00e4lt essentielle \u00d6le, die den Nagel pflegen<br \/>\nEINFACHE ANWENDUNG: Tragen Sie das Mittel 2x t\u00e4glich auf die betroffenen Stellen auf, bis der Nagel ganz herausgewachsen ist. Die \u00fcberlegene Wirkweise des Evolsin Anti-Nagelpilz Liquids wurde in wissenschaftlichen Studien best\u00e4tigt<br \/>\nGEEIGNET F\u00dcR: Unser Mittel gegen Nagelpilz eignet sich f\u00fcr die Anwendung an Fingern und Zehen. Die 10 ml Gro\u00dfpackung reicht f\u00fcr viele Monate und erm\u00f6glicht die Behandlung an mehreren N\u00e4geln gleichzeitig. Das Mittel ist auch f\u00fcr Diabetiker geeignet<\/p>\n","protected":false},"featured_media":144512,"comment_status":"open","ping_status":"closed","template":"","meta":[],"product_brand":[],"product_cat":[2858,7659],"product_tag":[],"class_list":{"0":"post-144511","1":"product","2":"type-product","3":"status-publish","4":"has-post-thumbnail","6":"product_cat-beauty","7":"product_cat-manikuere-pedikuere","8":"pa_brand-evolsin","9":"pa_manufacturer-evolsin","10":"pa_size-10-ml-1er-pack","12":"first","13":"instock","14":"shipping-taxable","15":"purchasable","16":"product-type-simple","17":"customify-col","18":"product-has-gallery"},"yoast_head":"<!-- This site is optimized with the Yoast SEO plugin v27.4 - https:\/\/yoast.com\/product\/yoast-seo-wordpress\/ -->\n<title>Evolsin\u00ae Anti-Nagelpilz Liquid I Wissenschaftlich best\u00e4tigte Wirkweise I Geeignet f\u00fcr Diabetiker I Medizinprodukt I\u2026 - Markt-XXL<\/title>\n<meta name=\"description\" content=\"Markt-XXL Evolsin\u00ae Anti-Nagelpilz Liquid I Wissenschaftlich best\u00e4tigte Wirkweise I Geeignet f\u00fcr Diabetiker I Medizinprodukt I\u2026\" \/>\n<meta name=\"robots\" content=\"index, follow, max-snippet:-1, max-image-preview:large, max-video-preview:-1\" \/>\n<link rel=\"canonical\" href=\"https:\/\/marktxxl.de\/markt\/produkt\/evolsin-anti-nagelpilz-liquid-i-10ml-i-wissenschaftlich-bestaetigte-wirksamkeit-i-medizinprodukt-i-nagelpilzbehandlung-schnell-intensiv\/\" \/>\n<meta property=\"og:locale\" content=\"de_DE\" \/>\n<meta property=\"og:type\" content=\"article\" \/>\n<meta property=\"og:title\" content=\"Evolsin\u00ae Anti-Nagelpilz Liquid I Wissenschaftlich best\u00e4tigte Wirkweise I Geeignet f\u00fcr Diabetiker I Medizinprodukt I\u2026 - Markt-XXL\" \/>\n<meta property=\"og:description\" content=\"Markt-XXL Evolsin\u00ae Anti-Nagelpilz Liquid I Wissenschaftlich best\u00e4tigte Wirkweise I Geeignet f\u00fcr Diabetiker I Medizinprodukt I\u2026\" \/>\n<meta property=\"og:url\" content=\"https:\/\/marktxxl.de\/markt\/produkt\/evolsin-anti-nagelpilz-liquid-i-10ml-i-wissenschaftlich-bestaetigte-wirksamkeit-i-medizinprodukt-i-nagelpilzbehandlung-schnell-intensiv\/\" \/>\n<meta property=\"og:site_name\" content=\"Markt-XXL\" \/>\n<meta property=\"article:modified_time\" content=\"2023-04-10T02:28:51+00:00\" \/>\n<meta property=\"og:image\" content=\"https:\/\/m.media-amazon.com\/images\/I\/41VlshVWTwL._SL500_.jpg\" \/>\n\t<meta property=\"og:image:width\" content=\"500\" \/>\n\t<meta property=\"og:image:height\" content=\"500\" \/>\n\t<meta property=\"og:image:type\" content=\"image\/jpeg\" \/>\n<meta name=\"twitter:card\" content=\"summary_large_image\" \/>\n<meta name=\"twitter:label1\" content=\"Gesch\u00e4tzte Lesezeit\" \/>\n\t<meta name=\"twitter:data1\" content=\"1\u00a0Minute\" \/>\n<script type=\"application\/ld+json\" class=\"yoast-schema-graph\">{\"@context\":\"https:\\\/\\\/schema.org\",\"@graph\":[{\"@type\":\"WebPage\",\"@id\":\"https:\\\/\\\/marktxxl.de\\\/markt\\\/produkt\\\/evolsin-anti-nagelpilz-liquid-i-10ml-i-wissenschaftlich-bestaetigte-wirksamkeit-i-medizinprodukt-i-nagelpilzbehandlung-schnell-intensiv\\\/\",\"url\":\"https:\\\/\\\/marktxxl.de\\\/markt\\\/produkt\\\/evolsin-anti-nagelpilz-liquid-i-10ml-i-wissenschaftlich-bestaetigte-wirksamkeit-i-medizinprodukt-i-nagelpilzbehandlung-schnell-intensiv\\\/\",\"name\":\"Evolsin\u00ae Anti-Nagelpilz Liquid I Wissenschaftlich best\u00e4tigte Wirkweise I Geeignet f\u00fcr Diabetiker I Medizinprodukt I\u2026 - Markt-XXL\",\"isPartOf\":{\"@id\":\"https:\\\/\\\/marktxxl.de\\\/markt\\\/#website\"},\"primaryImageOfPage\":{\"@id\":\"https:\\\/\\\/marktxxl.de\\\/markt\\\/produkt\\\/evolsin-anti-nagelpilz-liquid-i-10ml-i-wissenschaftlich-bestaetigte-wirksamkeit-i-medizinprodukt-i-nagelpilzbehandlung-schnell-intensiv\\\/#primaryimage\"},\"image\":{\"@id\":\"https:\\\/\\\/marktxxl.de\\\/markt\\\/produkt\\\/evolsin-anti-nagelpilz-liquid-i-10ml-i-wissenschaftlich-bestaetigte-wirksamkeit-i-medizinprodukt-i-nagelpilzbehandlung-schnell-intensiv\\\/#primaryimage\"},\"thumbnailUrl\":\"https:\\\/\\\/m.media-amazon.com\\\/images\\\/I\\\/41VlshVWTwL._SL500_.jpg\",\"datePublished\":\"2022-08-13T03:06:22+00:00\",\"dateModified\":\"2023-04-10T02:28:51+00:00\",\"description\":\"Markt-XXL Evolsin\u00ae Anti-Nagelpilz Liquid I Wissenschaftlich best\u00e4tigte Wirkweise I Geeignet f\u00fcr Diabetiker I Medizinprodukt I\u2026\",\"breadcrumb\":{\"@id\":\"https:\\\/\\\/marktxxl.de\\\/markt\\\/produkt\\\/evolsin-anti-nagelpilz-liquid-i-10ml-i-wissenschaftlich-bestaetigte-wirksamkeit-i-medizinprodukt-i-nagelpilzbehandlung-schnell-intensiv\\\/#breadcrumb\"},\"inLanguage\":\"de\",\"potentialAction\":[{\"@type\":\"ReadAction\",\"target\":[\"https:\\\/\\\/marktxxl.de\\\/markt\\\/produkt\\\/evolsin-anti-nagelpilz-liquid-i-10ml-i-wissenschaftlich-bestaetigte-wirksamkeit-i-medizinprodukt-i-nagelpilzbehandlung-schnell-intensiv\\\/\"]}]},{\"@type\":\"ImageObject\",\"inLanguage\":\"de\",\"@id\":\"https:\\\/\\\/marktxxl.de\\\/markt\\\/produkt\\\/evolsin-anti-nagelpilz-liquid-i-10ml-i-wissenschaftlich-bestaetigte-wirksamkeit-i-medizinprodukt-i-nagelpilzbehandlung-schnell-intensiv\\\/#primaryimage\",\"url\":\"https:\\\/\\\/m.media-amazon.com\\\/images\\\/I\\\/41VlshVWTwL._SL500_.jpg\",\"contentUrl\":\"https:\\\/\\\/m.media-amazon.com\\\/images\\\/I\\\/41VlshVWTwL._SL500_.jpg\",\"width\":500,\"height\":500},{\"@type\":\"BreadcrumbList\",\"@id\":\"https:\\\/\\\/marktxxl.de\\\/markt\\\/produkt\\\/evolsin-anti-nagelpilz-liquid-i-10ml-i-wissenschaftlich-bestaetigte-wirksamkeit-i-medizinprodukt-i-nagelpilzbehandlung-schnell-intensiv\\\/#breadcrumb\",\"itemListElement\":[{\"@type\":\"ListItem\",\"position\":1,\"name\":\"Startseite\",\"item\":\"https:\\\/\\\/marktxxl.de\\\/markt\\\/\"},{\"@type\":\"ListItem\",\"position\":2,\"name\":\"Markt\",\"item\":\"https:\\\/\\\/marktxxl.de\\\/markt\\\/\"},{\"@type\":\"ListItem\",\"position\":3,\"name\":\"Evolsin\u00ae Anti-Nagelpilz Liquid I Wissenschaftlich best\u00e4tigte Wirkweise I Geeignet f\u00fcr Diabetiker I Medizinprodukt I\u2026\"}]},{\"@type\":\"WebSite\",\"@id\":\"https:\\\/\\\/marktxxl.de\\\/markt\\\/#website\",\"url\":\"https:\\\/\\\/marktxxl.de\\\/markt\\\/\",\"name\":\"Markt-XXL\",\"description\":\"Ihr Markt Online\",\"publisher\":{\"@id\":\"https:\\\/\\\/marktxxl.de\\\/markt\\\/#organization\"},\"potentialAction\":[{\"@type\":\"SearchAction\",\"target\":{\"@type\":\"EntryPoint\",\"urlTemplate\":\"https:\\\/\\\/marktxxl.de\\\/markt\\\/?s={search_term_string}\"},\"query-input\":{\"@type\":\"PropertyValueSpecification\",\"valueRequired\":true,\"valueName\":\"search_term_string\"}}],\"inLanguage\":\"de\"},{\"@type\":\"Organization\",\"@id\":\"https:\\\/\\\/marktxxl.de\\\/markt\\\/#organization\",\"name\":\"Markt-XXL\",\"url\":\"https:\\\/\\\/marktxxl.de\\\/markt\\\/\",\"logo\":{\"@type\":\"ImageObject\",\"inLanguage\":\"de\",\"@id\":\"https:\\\/\\\/marktxxl.de\\\/markt\\\/#\\\/schema\\\/logo\\\/image\\\/\",\"url\":\"https:\\\/\\\/marktxxl.de\\\/markt\\\/wp-content\\\/uploads\\\/sites\\\/3\\\/2020\\\/12\\\/logo.png\",\"contentUrl\":\"https:\\\/\\\/marktxxl.de\\\/markt\\\/wp-content\\\/uploads\\\/sites\\\/3\\\/2020\\\/12\\\/logo.png\",\"width\":200,\"height\":70,\"caption\":\"Markt-XXL\"},\"image\":{\"@id\":\"https:\\\/\\\/marktxxl.de\\\/markt\\\/#\\\/schema\\\/logo\\\/image\\\/\"}}]}<\/script>\n<!-- \/ Yoast SEO plugin. -->","yoast_head_json":{"title":"Evolsin\u00ae Anti-Nagelpilz Liquid I Wissenschaftlich best\u00e4tigte Wirkweise I Geeignet f\u00fcr Diabetiker I Medizinprodukt I\u2026 - Markt-XXL","description":"Markt-XXL Evolsin\u00ae Anti-Nagelpilz Liquid I Wissenschaftlich best\u00e4tigte Wirkweise I Geeignet f\u00fcr Diabetiker I Medizinprodukt I\u2026","robots":{"index":"index","follow":"follow","max-snippet":"max-snippet:-1","max-image-preview":"max-image-preview:large","max-video-preview":"max-video-preview:-1"},"canonical":"https:\/\/marktxxl.de\/markt\/produkt\/evolsin-anti-nagelpilz-liquid-i-10ml-i-wissenschaftlich-bestaetigte-wirksamkeit-i-medizinprodukt-i-nagelpilzbehandlung-schnell-intensiv\/","og_locale":"de_DE","og_type":"article","og_title":"Evolsin\u00ae Anti-Nagelpilz Liquid I Wissenschaftlich best\u00e4tigte Wirkweise I Geeignet f\u00fcr Diabetiker I Medizinprodukt I\u2026 - Markt-XXL","og_description":"Markt-XXL Evolsin\u00ae Anti-Nagelpilz Liquid I Wissenschaftlich best\u00e4tigte Wirkweise I Geeignet f\u00fcr Diabetiker I Medizinprodukt I\u2026","og_url":"https:\/\/marktxxl.de\/markt\/produkt\/evolsin-anti-nagelpilz-liquid-i-10ml-i-wissenschaftlich-bestaetigte-wirksamkeit-i-medizinprodukt-i-nagelpilzbehandlung-schnell-intensiv\/","og_site_name":"Markt-XXL","article_modified_time":"2023-04-10T02:28:51+00:00","og_image":[{"width":500,"height":500,"url":"https:\/\/m.media-amazon.com\/images\/I\/41VlshVWTwL._SL500_.jpg","type":"image\/jpeg"}],"twitter_card":"summary_large_image","twitter_misc":{"Gesch\u00e4tzte Lesezeit":"1\u00a0Minute"},"schema":{"@context":"https:\/\/schema.org","@graph":[{"@type":"WebPage","@id":"https:\/\/marktxxl.de\/markt\/produkt\/evolsin-anti-nagelpilz-liquid-i-10ml-i-wissenschaftlich-bestaetigte-wirksamkeit-i-medizinprodukt-i-nagelpilzbehandlung-schnell-intensiv\/","url":"https:\/\/marktxxl.de\/markt\/produkt\/evolsin-anti-nagelpilz-liquid-i-10ml-i-wissenschaftlich-bestaetigte-wirksamkeit-i-medizinprodukt-i-nagelpilzbehandlung-schnell-intensiv\/","name":"Evolsin\u00ae Anti-Nagelpilz Liquid I Wissenschaftlich best\u00e4tigte Wirkweise I Geeignet f\u00fcr Diabetiker I Medizinprodukt I\u2026 - Markt-XXL","isPartOf":{"@id":"https:\/\/marktxxl.de\/markt\/#website"},"primaryImageOfPage":{"@id":"https:\/\/marktxxl.de\/markt\/produkt\/evolsin-anti-nagelpilz-liquid-i-10ml-i-wissenschaftlich-bestaetigte-wirksamkeit-i-medizinprodukt-i-nagelpilzbehandlung-schnell-intensiv\/#primaryimage"},"image":{"@id":"https:\/\/marktxxl.de\/markt\/produkt\/evolsin-anti-nagelpilz-liquid-i-10ml-i-wissenschaftlich-bestaetigte-wirksamkeit-i-medizinprodukt-i-nagelpilzbehandlung-schnell-intensiv\/#primaryimage"},"thumbnailUrl":"https:\/\/m.media-amazon.com\/images\/I\/41VlshVWTwL._SL500_.jpg","datePublished":"2022-08-13T03:06:22+00:00","dateModified":"2023-04-10T02:28:51+00:00","description":"Markt-XXL Evolsin\u00ae Anti-Nagelpilz Liquid I Wissenschaftlich best\u00e4tigte Wirkweise I Geeignet f\u00fcr Diabetiker I Medizinprodukt I\u2026","breadcrumb":{"@id":"https:\/\/marktxxl.de\/markt\/produkt\/evolsin-anti-nagelpilz-liquid-i-10ml-i-wissenschaftlich-bestaetigte-wirksamkeit-i-medizinprodukt-i-nagelpilzbehandlung-schnell-intensiv\/#breadcrumb"},"inLanguage":"de","potentialAction":[{"@type":"ReadAction","target":["https:\/\/marktxxl.de\/markt\/produkt\/evolsin-anti-nagelpilz-liquid-i-10ml-i-wissenschaftlich-bestaetigte-wirksamkeit-i-medizinprodukt-i-nagelpilzbehandlung-schnell-intensiv\/"]}]},{"@type":"ImageObject","inLanguage":"de","@id":"https:\/\/marktxxl.de\/markt\/produkt\/evolsin-anti-nagelpilz-liquid-i-10ml-i-wissenschaftlich-bestaetigte-wirksamkeit-i-medizinprodukt-i-nagelpilzbehandlung-schnell-intensiv\/#primaryimage","url":"https:\/\/m.media-amazon.com\/images\/I\/41VlshVWTwL._SL500_.jpg","contentUrl":"https:\/\/m.media-amazon.com\/images\/I\/41VlshVWTwL._SL500_.jpg","width":500,"height":500},{"@type":"BreadcrumbList","@id":"https:\/\/marktxxl.de\/markt\/produkt\/evolsin-anti-nagelpilz-liquid-i-10ml-i-wissenschaftlich-bestaetigte-wirksamkeit-i-medizinprodukt-i-nagelpilzbehandlung-schnell-intensiv\/#breadcrumb","itemListElement":[{"@type":"ListItem","position":1,"name":"Startseite","item":"https:\/\/marktxxl.de\/markt\/"},{"@type":"ListItem","position":2,"name":"Markt","item":"https:\/\/marktxxl.de\/markt\/"},{"@type":"ListItem","position":3,"name":"Evolsin\u00ae Anti-Nagelpilz Liquid I Wissenschaftlich best\u00e4tigte Wirkweise I Geeignet f\u00fcr Diabetiker I Medizinprodukt I\u2026"}]},{"@type":"WebSite","@id":"https:\/\/marktxxl.de\/markt\/#website","url":"https:\/\/marktxxl.de\/markt\/","name":"Markt-XXL","description":"Ihr Markt Online","publisher":{"@id":"https:\/\/marktxxl.de\/markt\/#organization"},"potentialAction":[{"@type":"SearchAction","target":{"@type":"EntryPoint","urlTemplate":"https:\/\/marktxxl.de\/markt\/?s={search_term_string}"},"query-input":{"@type":"PropertyValueSpecification","valueRequired":true,"valueName":"search_term_string"}}],"inLanguage":"de"},{"@type":"Organization","@id":"https:\/\/marktxxl.de\/markt\/#organization","name":"Markt-XXL","url":"https:\/\/marktxxl.de\/markt\/","logo":{"@type":"ImageObject","inLanguage":"de","@id":"https:\/\/marktxxl.de\/markt\/#\/schema\/logo\/image\/","url":"https:\/\/marktxxl.de\/markt\/wp-content\/uploads\/sites\/3\/2020\/12\/logo.png","contentUrl":"https:\/\/marktxxl.de\/markt\/wp-content\/uploads\/sites\/3\/2020\/12\/logo.png","width":200,"height":70,"caption":"Markt-XXL"},"image":{"@id":"https:\/\/marktxxl.de\/markt\/#\/schema\/logo\/image\/"}}]}},"_links":{"self":[{"href":"https:\/\/marktxxl.de\/markt\/wp-json\/wp\/v2\/product\/144511","targetHints":{"allow":["GET"]}}],"collection":[{"href":"https:\/\/marktxxl.de\/markt\/wp-json\/wp\/v2\/product"}],"about":[{"href":"https:\/\/marktxxl.de\/markt\/wp-json\/wp\/v2\/types\/product"}],"replies":[{"embeddable":true,"href":"https:\/\/marktxxl.de\/markt\/wp-json\/wp\/v2\/comments?post=144511"}],"wp:featuredmedia":[{"embeddable":true,"href":"https:\/\/marktxxl.de\/markt\/wp-json\/wp\/v2\/media\/144512"}],"wp:attachment":[{"href":"https:\/\/marktxxl.de\/markt\/wp-json\/wp\/v2\/media?parent=144511"}],"wp:term":[{"taxonomy":"product_brand","embeddable":true,"href":"https:\/\/marktxxl.de\/markt\/wp-json\/wp\/v2\/product_brand?post=144511"},{"taxonomy":"product_cat","embeddable":true,"href":"https:\/\/marktxxl.de\/markt\/wp-json\/wp\/v2\/product_cat?post=144511"},{"taxonomy":"product_tag","embeddable":true,"href":"https:\/\/marktxxl.de\/markt\/wp-json\/wp\/v2\/product_tag?post=144511"}],"curies":[{"name":"wp","href":"https:\/\/api.w.org\/{rel}","templated":true}]}}