{"id":144500,"date":"2022-08-13T05:06:03","date_gmt":"2022-08-13T03:06:03","guid":{"rendered":"https:\/\/marktxxl.de\/markt\/produkt\/petsy-lustige-2er-socken-box-set-fuer-damen-und-herren-baumwolle-bunt-motivsocken-mit-spruch-perfekt-verrueckte-geschenke\/"},"modified":"2023-04-10T04:28:51","modified_gmt":"2023-04-10T02:28:51","slug":"petsy-lustige-2er-socken-box-set-fuer-damen-und-herren-baumwolle-bunt-motivsocken-mit-spruch-perfekt-verrueckte-geschenke","status":"publish","type":"product","link":"https:\/\/marktxxl.de\/markt\/produkt\/petsy-lustige-2er-socken-box-set-fuer-damen-und-herren-baumwolle-bunt-motivsocken-mit-spruch-perfekt-verrueckte-geschenke\/","title":{"rendered":"Petsy Lustige 2er Socken Box Set f\u00fcr Damen und Herren &#8211; Baumwolle Bunt Motivsocken mit Spruch &#8211; Perfekt Verr\u00fcckte\u2026"},"content":{"rendered":"<p>LUSTIGES DESIGN &#8211; Nun, auf den ersten Blick passen Petsy nicht zusammen, die Kuschelsocke machen den Alltag jedoch bunter. Die Verbindung von Tieren und speziellen W\u00f6rtern garantiert eine positive Stimmung und kommt ausgezeichnet gut bei Freunden an. Hergestellt von Tierliebhabern f\u00fcr Tierliebhaber.<br \/>\nEIN IDEALES GESCHENK &#8211; coole Petsy-Socken f\u00fcr Frauen, M\u00e4nner und Kinder sind das Beste f\u00fcr Weihnachten und Geburtstage! Die verr\u00fcckten Socken k\u00f6nnen Sie als Geschenk f\u00fcr jemanden kaufen, den Sie lieben, f\u00fcr Mama, Papa, Bruder oder Schwester. Ihr Gro\u00dfvater und Ihre Gro\u00dfmutter werden sich auch freuen. Auch als Geschenk an Liebhaber von Meerschweinchen, Hunden, Katzen, M\u00e4usen, Faultieren, Bienen und Flamingos gewidmet.<br \/>\nPERFEKTE QUALIT\u00c4T &#8211; Unsere Baumwollsocken bestehen aus Garn, 87% Baumwolle, 10% Polyamid, 3% Elasthan. Flexibel, komfortabel und leicht. Samt f\u00fcr die Haut und angenehm, damit Sie sich den ganzen Tag gut f\u00fchlen.<br \/>\nANGEPASSTE GR\u00d6SSE &#8211; Unsere farbenfrohen Socken f\u00fcr Frauen, M\u00e4nner und Kinder sind etwa 22,5 bis 26,8 cm lang und passen f\u00fcr Frauen, M\u00e4nner und Kinder mit den Gr\u00f6\u00dfen 35-38 und 39-42. Diese Baumwollsocken sind flexibel und passen perfekt zu Ihren Rechten. Das gleiche Muster, das f\u00fcr verschiedene Anl\u00e4sse ben\u00f6tigt wird.<br \/>\nPflegeleicht &#8211; einfach in der Waschmaschine bei 40\u00b0C waschen. Hergestellt in der Europ\u00e4ischen Union unter Ber\u00fccksichtigung von Verwendungsqualit\u00e4t und Sicherheit.<br \/>\n<div class=\"main-cross-sell\" data-asin=\"B08NYJFJ7P\">\n\n\t<div class=\"WooZone-cross-sell-loader\">\n\t\t<div>\n\t\t\t<div id=\"floatingBarsG\">\n\t\t\t\t<div class=\"blockG\" id=\"rotateG_01\"><\/div>\n\t\t\t\t<div class=\"blockG\" id=\"rotateG_02\"><\/div>\n\t\t\t\t<div class=\"blockG\" id=\"rotateG_03\"><\/div>\n\t\t\t\t<div class=\"blockG\" id=\"rotateG_04\"><\/div>\n\t\t\t\t<div class=\"blockG\" id=\"rotateG_05\"><\/div>\n\t\t\t\t<div class=\"blockG\" id=\"rotateG_06\"><\/div>\n\t\t\t\t<div class=\"blockG\" id=\"rotateG_07\"><\/div>\n\t\t\t\t<div class=\"blockG\" id=\"rotateG_08\"><\/div>\n\t\t\t<\/div>\n\t\t\t<div class=\"WooZone-cross-sell-loader-text\"><\/div>\n\t\t<\/div>\n\t<\/div>\n\n\t\t\n<\/div>\n<div style=\"clear:both;\"><\/div><\/p>\n","protected":false},"excerpt":{"rendered":"<p>LUSTIGES DESIGN &#8211; Nun, auf den ersten Blick passen Petsy nicht zusammen, die Kuschelsocke machen den Alltag jedoch bunter. Die Verbindung von Tieren und speziellen W\u00f6rtern garantiert eine positive Stimmung und kommt ausgezeichnet gut bei Freunden an. Hergestellt von Tierliebhabern f\u00fcr Tierliebhaber.<br \/>\nEIN IDEALES GESCHENK &#8211; coole Petsy-Socken f\u00fcr Frauen, M\u00e4nner und Kinder sind das Beste f\u00fcr Weihnachten und Geburtstage! Die verr\u00fcckten Socken k\u00f6nnen Sie als Geschenk f\u00fcr jemanden kaufen, den Sie lieben, f\u00fcr Mama, Papa, Bruder oder Schwester. Ihr Gro\u00dfvater und Ihre Gro\u00dfmutter werden sich auch freuen. Auch als Geschenk an Liebhaber von Meerschweinchen, Hunden, Katzen, M\u00e4usen, Faultieren, Bienen und Flamingos gewidmet.<br \/>\nPERFEKTE QUALIT\u00c4T &#8211; Unsere Baumwollsocken bestehen aus Garn, 87% Baumwolle, 10% Polyamid, 3% Elasthan. Flexibel, komfortabel und leicht. Samt f\u00fcr die Haut und angenehm, damit Sie sich den ganzen Tag gut f\u00fchlen.<\/p>\n","protected":false},"featured_media":144501,"comment_status":"open","ping_status":"closed","template":"","meta":[],"product_brand":[],"product_cat":[1186,4069],"product_tag":[],"class_list":{"0":"post-144500","1":"product","2":"type-product","3":"status-publish","4":"has-post-thumbnail","6":"product_cat-bekleidung","7":"product_cat-spezielle-anlaesse","8":"pa_brand-petsy","10":"first","11":"instock","12":"shipping-taxable","13":"purchasable","14":"product-type-simple","15":"customify-col","16":"product-has-gallery"},"yoast_head":"<!-- This site is optimized with the Yoast SEO plugin v27.4 - https:\/\/yoast.com\/product\/yoast-seo-wordpress\/ -->\n<title>Petsy Lustige 2er Socken Box Set f\u00fcr Damen und Herren - Baumwolle Bunt Motivsocken mit Spruch - Perfekt Verr\u00fcckte\u2026 - Markt-XXL<\/title>\n<meta name=\"description\" content=\"Markt-XXL Petsy Lustige 2er Socken Box Set f\u00fcr Damen und Herren - Baumwolle Bunt Motivsocken mit Spruch - Perfekt Verr\u00fcckte\u2026\" \/>\n<meta name=\"robots\" content=\"index, follow, max-snippet:-1, max-image-preview:large, max-video-preview:-1\" \/>\n<link rel=\"canonical\" href=\"https:\/\/marktxxl.de\/markt\/produkt\/petsy-lustige-2er-socken-box-set-fuer-damen-und-herren-baumwolle-bunt-motivsocken-mit-spruch-perfekt-verrueckte-geschenke\/\" \/>\n<meta property=\"og:locale\" content=\"de_DE\" \/>\n<meta property=\"og:type\" content=\"article\" \/>\n<meta property=\"og:title\" content=\"Petsy Lustige 2er Socken Box Set f\u00fcr Damen und Herren - Baumwolle Bunt Motivsocken mit Spruch - Perfekt Verr\u00fcckte\u2026 - Markt-XXL\" \/>\n<meta property=\"og:description\" content=\"Markt-XXL Petsy Lustige 2er Socken Box Set f\u00fcr Damen und Herren - Baumwolle Bunt Motivsocken mit Spruch - Perfekt Verr\u00fcckte\u2026\" \/>\n<meta property=\"og:url\" content=\"https:\/\/marktxxl.de\/markt\/produkt\/petsy-lustige-2er-socken-box-set-fuer-damen-und-herren-baumwolle-bunt-motivsocken-mit-spruch-perfekt-verrueckte-geschenke\/\" \/>\n<meta property=\"og:site_name\" content=\"Markt-XXL\" \/>\n<meta property=\"article:modified_time\" content=\"2023-04-10T02:28:51+00:00\" \/>\n<meta property=\"og:image\" content=\"https:\/\/m.media-amazon.com\/images\/I\/51DH-YefkBL._SL500_.jpg\" \/>\n\t<meta property=\"og:image:width\" content=\"500\" \/>\n\t<meta property=\"og:image:height\" content=\"500\" \/>\n\t<meta property=\"og:image:type\" content=\"image\/jpeg\" \/>\n<meta name=\"twitter:card\" content=\"summary_large_image\" \/>\n<meta name=\"twitter:label1\" content=\"Gesch\u00e4tzte Lesezeit\" \/>\n\t<meta name=\"twitter:data1\" content=\"1\u00a0Minute\" \/>\n<script type=\"application\/ld+json\" class=\"yoast-schema-graph\">{\"@context\":\"https:\\\/\\\/schema.org\",\"@graph\":[{\"@type\":\"WebPage\",\"@id\":\"https:\\\/\\\/marktxxl.de\\\/markt\\\/produkt\\\/petsy-lustige-2er-socken-box-set-fuer-damen-und-herren-baumwolle-bunt-motivsocken-mit-spruch-perfekt-verrueckte-geschenke\\\/\",\"url\":\"https:\\\/\\\/marktxxl.de\\\/markt\\\/produkt\\\/petsy-lustige-2er-socken-box-set-fuer-damen-und-herren-baumwolle-bunt-motivsocken-mit-spruch-perfekt-verrueckte-geschenke\\\/\",\"name\":\"Petsy Lustige 2er Socken Box Set f\u00fcr Damen und Herren - Baumwolle Bunt Motivsocken mit Spruch - Perfekt Verr\u00fcckte\u2026 - Markt-XXL\",\"isPartOf\":{\"@id\":\"https:\\\/\\\/marktxxl.de\\\/markt\\\/#website\"},\"primaryImageOfPage\":{\"@id\":\"https:\\\/\\\/marktxxl.de\\\/markt\\\/produkt\\\/petsy-lustige-2er-socken-box-set-fuer-damen-und-herren-baumwolle-bunt-motivsocken-mit-spruch-perfekt-verrueckte-geschenke\\\/#primaryimage\"},\"image\":{\"@id\":\"https:\\\/\\\/marktxxl.de\\\/markt\\\/produkt\\\/petsy-lustige-2er-socken-box-set-fuer-damen-und-herren-baumwolle-bunt-motivsocken-mit-spruch-perfekt-verrueckte-geschenke\\\/#primaryimage\"},\"thumbnailUrl\":\"https:\\\/\\\/m.media-amazon.com\\\/images\\\/I\\\/51DH-YefkBL._SL500_.jpg\",\"datePublished\":\"2022-08-13T03:06:03+00:00\",\"dateModified\":\"2023-04-10T02:28:51+00:00\",\"description\":\"Markt-XXL Petsy Lustige 2er Socken Box Set f\u00fcr Damen und Herren - Baumwolle Bunt Motivsocken mit Spruch - Perfekt Verr\u00fcckte\u2026\",\"breadcrumb\":{\"@id\":\"https:\\\/\\\/marktxxl.de\\\/markt\\\/produkt\\\/petsy-lustige-2er-socken-box-set-fuer-damen-und-herren-baumwolle-bunt-motivsocken-mit-spruch-perfekt-verrueckte-geschenke\\\/#breadcrumb\"},\"inLanguage\":\"de\",\"potentialAction\":[{\"@type\":\"ReadAction\",\"target\":[\"https:\\\/\\\/marktxxl.de\\\/markt\\\/produkt\\\/petsy-lustige-2er-socken-box-set-fuer-damen-und-herren-baumwolle-bunt-motivsocken-mit-spruch-perfekt-verrueckte-geschenke\\\/\"]}]},{\"@type\":\"ImageObject\",\"inLanguage\":\"de\",\"@id\":\"https:\\\/\\\/marktxxl.de\\\/markt\\\/produkt\\\/petsy-lustige-2er-socken-box-set-fuer-damen-und-herren-baumwolle-bunt-motivsocken-mit-spruch-perfekt-verrueckte-geschenke\\\/#primaryimage\",\"url\":\"https:\\\/\\\/m.media-amazon.com\\\/images\\\/I\\\/51DH-YefkBL._SL500_.jpg\",\"contentUrl\":\"https:\\\/\\\/m.media-amazon.com\\\/images\\\/I\\\/51DH-YefkBL._SL500_.jpg\",\"width\":500,\"height\":500},{\"@type\":\"BreadcrumbList\",\"@id\":\"https:\\\/\\\/marktxxl.de\\\/markt\\\/produkt\\\/petsy-lustige-2er-socken-box-set-fuer-damen-und-herren-baumwolle-bunt-motivsocken-mit-spruch-perfekt-verrueckte-geschenke\\\/#breadcrumb\",\"itemListElement\":[{\"@type\":\"ListItem\",\"position\":1,\"name\":\"Startseite\",\"item\":\"https:\\\/\\\/marktxxl.de\\\/markt\\\/\"},{\"@type\":\"ListItem\",\"position\":2,\"name\":\"Markt\",\"item\":\"https:\\\/\\\/marktxxl.de\\\/markt\\\/\"},{\"@type\":\"ListItem\",\"position\":3,\"name\":\"Petsy Lustige 2er Socken Box Set f\u00fcr Damen und Herren &#8211; Baumwolle Bunt Motivsocken mit Spruch &#8211; Perfekt Verr\u00fcckte\u2026\"}]},{\"@type\":\"WebSite\",\"@id\":\"https:\\\/\\\/marktxxl.de\\\/markt\\\/#website\",\"url\":\"https:\\\/\\\/marktxxl.de\\\/markt\\\/\",\"name\":\"Markt-XXL\",\"description\":\"Ihr Markt Online\",\"publisher\":{\"@id\":\"https:\\\/\\\/marktxxl.de\\\/markt\\\/#organization\"},\"potentialAction\":[{\"@type\":\"SearchAction\",\"target\":{\"@type\":\"EntryPoint\",\"urlTemplate\":\"https:\\\/\\\/marktxxl.de\\\/markt\\\/?s={search_term_string}\"},\"query-input\":{\"@type\":\"PropertyValueSpecification\",\"valueRequired\":true,\"valueName\":\"search_term_string\"}}],\"inLanguage\":\"de\"},{\"@type\":\"Organization\",\"@id\":\"https:\\\/\\\/marktxxl.de\\\/markt\\\/#organization\",\"name\":\"Markt-XXL\",\"url\":\"https:\\\/\\\/marktxxl.de\\\/markt\\\/\",\"logo\":{\"@type\":\"ImageObject\",\"inLanguage\":\"de\",\"@id\":\"https:\\\/\\\/marktxxl.de\\\/markt\\\/#\\\/schema\\\/logo\\\/image\\\/\",\"url\":\"https:\\\/\\\/marktxxl.de\\\/markt\\\/wp-content\\\/uploads\\\/sites\\\/3\\\/2020\\\/12\\\/logo.png\",\"contentUrl\":\"https:\\\/\\\/marktxxl.de\\\/markt\\\/wp-content\\\/uploads\\\/sites\\\/3\\\/2020\\\/12\\\/logo.png\",\"width\":200,\"height\":70,\"caption\":\"Markt-XXL\"},\"image\":{\"@id\":\"https:\\\/\\\/marktxxl.de\\\/markt\\\/#\\\/schema\\\/logo\\\/image\\\/\"}}]}<\/script>\n<!-- \/ Yoast SEO plugin. -->","yoast_head_json":{"title":"Petsy Lustige 2er Socken Box Set f\u00fcr Damen und Herren - Baumwolle Bunt Motivsocken mit Spruch - Perfekt Verr\u00fcckte\u2026 - Markt-XXL","description":"Markt-XXL Petsy Lustige 2er Socken Box Set f\u00fcr Damen und Herren - Baumwolle Bunt Motivsocken mit Spruch - Perfekt Verr\u00fcckte\u2026","robots":{"index":"index","follow":"follow","max-snippet":"max-snippet:-1","max-image-preview":"max-image-preview:large","max-video-preview":"max-video-preview:-1"},"canonical":"https:\/\/marktxxl.de\/markt\/produkt\/petsy-lustige-2er-socken-box-set-fuer-damen-und-herren-baumwolle-bunt-motivsocken-mit-spruch-perfekt-verrueckte-geschenke\/","og_locale":"de_DE","og_type":"article","og_title":"Petsy Lustige 2er Socken Box Set f\u00fcr Damen und Herren - Baumwolle Bunt Motivsocken mit Spruch - Perfekt Verr\u00fcckte\u2026 - Markt-XXL","og_description":"Markt-XXL Petsy Lustige 2er Socken Box Set f\u00fcr Damen und Herren - Baumwolle Bunt Motivsocken mit Spruch - Perfekt Verr\u00fcckte\u2026","og_url":"https:\/\/marktxxl.de\/markt\/produkt\/petsy-lustige-2er-socken-box-set-fuer-damen-und-herren-baumwolle-bunt-motivsocken-mit-spruch-perfekt-verrueckte-geschenke\/","og_site_name":"Markt-XXL","article_modified_time":"2023-04-10T02:28:51+00:00","og_image":[{"width":500,"height":500,"url":"https:\/\/m.media-amazon.com\/images\/I\/51DH-YefkBL._SL500_.jpg","type":"image\/jpeg"}],"twitter_card":"summary_large_image","twitter_misc":{"Gesch\u00e4tzte Lesezeit":"1\u00a0Minute"},"schema":{"@context":"https:\/\/schema.org","@graph":[{"@type":"WebPage","@id":"https:\/\/marktxxl.de\/markt\/produkt\/petsy-lustige-2er-socken-box-set-fuer-damen-und-herren-baumwolle-bunt-motivsocken-mit-spruch-perfekt-verrueckte-geschenke\/","url":"https:\/\/marktxxl.de\/markt\/produkt\/petsy-lustige-2er-socken-box-set-fuer-damen-und-herren-baumwolle-bunt-motivsocken-mit-spruch-perfekt-verrueckte-geschenke\/","name":"Petsy Lustige 2er Socken Box Set f\u00fcr Damen und Herren - Baumwolle Bunt Motivsocken mit Spruch - Perfekt Verr\u00fcckte\u2026 - Markt-XXL","isPartOf":{"@id":"https:\/\/marktxxl.de\/markt\/#website"},"primaryImageOfPage":{"@id":"https:\/\/marktxxl.de\/markt\/produkt\/petsy-lustige-2er-socken-box-set-fuer-damen-und-herren-baumwolle-bunt-motivsocken-mit-spruch-perfekt-verrueckte-geschenke\/#primaryimage"},"image":{"@id":"https:\/\/marktxxl.de\/markt\/produkt\/petsy-lustige-2er-socken-box-set-fuer-damen-und-herren-baumwolle-bunt-motivsocken-mit-spruch-perfekt-verrueckte-geschenke\/#primaryimage"},"thumbnailUrl":"https:\/\/m.media-amazon.com\/images\/I\/51DH-YefkBL._SL500_.jpg","datePublished":"2022-08-13T03:06:03+00:00","dateModified":"2023-04-10T02:28:51+00:00","description":"Markt-XXL Petsy Lustige 2er Socken Box Set f\u00fcr Damen und Herren - Baumwolle Bunt Motivsocken mit Spruch - Perfekt Verr\u00fcckte\u2026","breadcrumb":{"@id":"https:\/\/marktxxl.de\/markt\/produkt\/petsy-lustige-2er-socken-box-set-fuer-damen-und-herren-baumwolle-bunt-motivsocken-mit-spruch-perfekt-verrueckte-geschenke\/#breadcrumb"},"inLanguage":"de","potentialAction":[{"@type":"ReadAction","target":["https:\/\/marktxxl.de\/markt\/produkt\/petsy-lustige-2er-socken-box-set-fuer-damen-und-herren-baumwolle-bunt-motivsocken-mit-spruch-perfekt-verrueckte-geschenke\/"]}]},{"@type":"ImageObject","inLanguage":"de","@id":"https:\/\/marktxxl.de\/markt\/produkt\/petsy-lustige-2er-socken-box-set-fuer-damen-und-herren-baumwolle-bunt-motivsocken-mit-spruch-perfekt-verrueckte-geschenke\/#primaryimage","url":"https:\/\/m.media-amazon.com\/images\/I\/51DH-YefkBL._SL500_.jpg","contentUrl":"https:\/\/m.media-amazon.com\/images\/I\/51DH-YefkBL._SL500_.jpg","width":500,"height":500},{"@type":"BreadcrumbList","@id":"https:\/\/marktxxl.de\/markt\/produkt\/petsy-lustige-2er-socken-box-set-fuer-damen-und-herren-baumwolle-bunt-motivsocken-mit-spruch-perfekt-verrueckte-geschenke\/#breadcrumb","itemListElement":[{"@type":"ListItem","position":1,"name":"Startseite","item":"https:\/\/marktxxl.de\/markt\/"},{"@type":"ListItem","position":2,"name":"Markt","item":"https:\/\/marktxxl.de\/markt\/"},{"@type":"ListItem","position":3,"name":"Petsy Lustige 2er Socken Box Set f\u00fcr Damen und Herren &#8211; Baumwolle Bunt Motivsocken mit Spruch &#8211; Perfekt Verr\u00fcckte\u2026"}]},{"@type":"WebSite","@id":"https:\/\/marktxxl.de\/markt\/#website","url":"https:\/\/marktxxl.de\/markt\/","name":"Markt-XXL","description":"Ihr Markt Online","publisher":{"@id":"https:\/\/marktxxl.de\/markt\/#organization"},"potentialAction":[{"@type":"SearchAction","target":{"@type":"EntryPoint","urlTemplate":"https:\/\/marktxxl.de\/markt\/?s={search_term_string}"},"query-input":{"@type":"PropertyValueSpecification","valueRequired":true,"valueName":"search_term_string"}}],"inLanguage":"de"},{"@type":"Organization","@id":"https:\/\/marktxxl.de\/markt\/#organization","name":"Markt-XXL","url":"https:\/\/marktxxl.de\/markt\/","logo":{"@type":"ImageObject","inLanguage":"de","@id":"https:\/\/marktxxl.de\/markt\/#\/schema\/logo\/image\/","url":"https:\/\/marktxxl.de\/markt\/wp-content\/uploads\/sites\/3\/2020\/12\/logo.png","contentUrl":"https:\/\/marktxxl.de\/markt\/wp-content\/uploads\/sites\/3\/2020\/12\/logo.png","width":200,"height":70,"caption":"Markt-XXL"},"image":{"@id":"https:\/\/marktxxl.de\/markt\/#\/schema\/logo\/image\/"}}]}},"_links":{"self":[{"href":"https:\/\/marktxxl.de\/markt\/wp-json\/wp\/v2\/product\/144500","targetHints":{"allow":["GET"]}}],"collection":[{"href":"https:\/\/marktxxl.de\/markt\/wp-json\/wp\/v2\/product"}],"about":[{"href":"https:\/\/marktxxl.de\/markt\/wp-json\/wp\/v2\/types\/product"}],"replies":[{"embeddable":true,"href":"https:\/\/marktxxl.de\/markt\/wp-json\/wp\/v2\/comments?post=144500"}],"wp:featuredmedia":[{"embeddable":true,"href":"https:\/\/marktxxl.de\/markt\/wp-json\/wp\/v2\/media\/144501"}],"wp:attachment":[{"href":"https:\/\/marktxxl.de\/markt\/wp-json\/wp\/v2\/media?parent=144500"}],"wp:term":[{"taxonomy":"product_brand","embeddable":true,"href":"https:\/\/marktxxl.de\/markt\/wp-json\/wp\/v2\/product_brand?post=144500"},{"taxonomy":"product_cat","embeddable":true,"href":"https:\/\/marktxxl.de\/markt\/wp-json\/wp\/v2\/product_cat?post=144500"},{"taxonomy":"product_tag","embeddable":true,"href":"https:\/\/marktxxl.de\/markt\/wp-json\/wp\/v2\/product_tag?post=144500"}],"curies":[{"name":"wp","href":"https:\/\/api.w.org\/{rel}","templated":true}]}}