{"id":144268,"date":"2022-08-13T04:35:54","date_gmt":"2022-08-13T02:35:54","guid":{"rendered":"https:\/\/marktxxl.de\/markt\/produkt\/wondlumi-flush-deckenbeleuchtung-ultra-slim-runde-led-panel-leuchte-18w-mit-pir-bewegungsmelder-lichtsensor-warmweiss-240v-%cf%8622-18cm\/"},"modified":"2023-04-10T04:28:46","modified_gmt":"2023-04-10T02:28:46","slug":"wondlumi-flush-deckenbeleuchtung-ultra-slim-runde-led-panel-leuchte-18w-mit-pir-bewegungsmelder-lichtsensor-warmweiss-240v-%cf%8622-18cm","status":"publish","type":"product","link":"https:\/\/marktxxl.de\/markt\/produkt\/wondlumi-flush-deckenbeleuchtung-ultra-slim-runde-led-panel-leuchte-18w-mit-pir-bewegungsmelder-lichtsensor-warmweiss-240v-%cf%8622-18cm\/","title":{"rendered":"Wondlumi Flush Deckenbeleuchtung Ultra Slim Runde LED Panel Leuchte 18W mit PIR Bewegungsmelder + Lichtsensor Warmwei\u00df\u2026"},"content":{"rendered":"<p>\u3010PIR-Bewegungsmelder + Lichtsensor\u3011Sobald der eingebaute PIR-Bewegungsmelder eine sich bewegende Person erkennt, wird er die LED-Deckenleuchte automatisch aktivieren. Wenn innerhalb von 30-60 Sekunden keine Bewegung erkannt wird, wird es automatisch abgeschaltet, wodurch Energie gespart wird.<br \/>\n\u3010Wondlumi Ultra Slim Deckenleuchte\u3011 Der Durchmesser der runden LED-Panelleuchte betr\u00e4gt \u03c6220 x 18 mm, hat ein einfaches und gro\u00dfz\u00fcgiges Aussehen. Oberfl\u00e4chenmontage, kann direkt an der Decke montiert werden, ohne ein gro\u00dfes Loch zu bohren.<br \/>\n\u3010Komfortable Lampe\u3011 LED-Deckenleuchte mit 3000K warmwei\u00dfem Licht, 120\u00b0 Abstrahlwinkel, 82+Ra hohe Farbwiedergabe, schafft eine warme und angenehme Umgebung f\u00fcr Sie. Kein Flimmern, sch\u00fctzen Sie Ihre Augen. UKCA- und RoHS-zertifiziert.<br \/>\nEnergiesparend: Dieser moderne Deckenstrahler mit 81 x 4014SMD-LED-Chips f\u00fcr bis zu 1800 Lumen Helligkeit, entspricht einer 120-W-Gl\u00fchbirne, spart mehr als 90% Ihrer Stromrechnung, mit einer Lebensdauer von bis zu 30.000 Stunden. Bestes Preis-Leistungs-Verh\u00e4ltnis<br \/>\n\u30102 Modi zur Verf\u00fcgung + viele Anwendungen\u3011Mondmodus: Wenn die Innenbeleuchtung weniger als 13 lm betr\u00e4gt, k\u00f6nnen sowohl der Bewegungsmelder als auch der Lichtsensor funktionieren. Sonnenmodus: nur der Bewegungsmelder funktioniert. Die b\u00fcndige Deckenbeleuchtung ist ideal f\u00fcr Schrank, Wintergarten, Treppen, Garage, Werkstatt, Garderobe, Flur, Lobby, Veranda, Lounge, Flur usw.<br \/>\n<div class=\"main-cross-sell\" data-asin=\"B094V32M4F\">\n\n\t<div class=\"WooZone-cross-sell-loader\">\n\t\t<div>\n\t\t\t<div id=\"floatingBarsG\">\n\t\t\t\t<div class=\"blockG\" id=\"rotateG_01\"><\/div>\n\t\t\t\t<div class=\"blockG\" id=\"rotateG_02\"><\/div>\n\t\t\t\t<div class=\"blockG\" id=\"rotateG_03\"><\/div>\n\t\t\t\t<div class=\"blockG\" id=\"rotateG_04\"><\/div>\n\t\t\t\t<div class=\"blockG\" id=\"rotateG_05\"><\/div>\n\t\t\t\t<div class=\"blockG\" id=\"rotateG_06\"><\/div>\n\t\t\t\t<div class=\"blockG\" id=\"rotateG_07\"><\/div>\n\t\t\t\t<div class=\"blockG\" id=\"rotateG_08\"><\/div>\n\t\t\t<\/div>\n\t\t\t<div class=\"WooZone-cross-sell-loader-text\"><\/div>\n\t\t<\/div>\n\t<\/div>\n\n\t\t\n<\/div>\n<div style=\"clear:both;\"><\/div><\/p>\n","protected":false},"excerpt":{"rendered":"<p>\u3010PIR-Bewegungsmelder + Lichtsensor\u3011Sobald der eingebaute PIR-Bewegungsmelder eine sich bewegende Person erkennt, wird er die LED-Deckenleuchte automatisch aktivieren. Wenn innerhalb von 30-60 Sekunden keine Bewegung erkannt wird, wird es automatisch abgeschaltet, wodurch Energie gespart wird.<br \/>\n\u3010Wondlumi Ultra Slim Deckenleuchte\u3011 Der Durchmesser der runden LED-Panelleuchte betr\u00e4gt \u03c6220 x 18 mm, hat ein einfaches und gro\u00dfz\u00fcgiges Aussehen. Oberfl\u00e4chenmontage, kann direkt an der Decke montiert werden, ohne ein gro\u00dfes Loch zu bohren.<br \/>\n\u3010Komfortable Lampe\u3011 LED-Deckenleuchte mit 3000K warmwei\u00dfem Licht, 120\u00b0 Abstrahlwinkel, 82+Ra hohe Farbwiedergabe, schafft eine warme und angenehme Umgebung f\u00fcr Sie. Kein Flimmern, sch\u00fctzen Sie Ihre Augen. UKCA- und RoHS-zertifiziert.<\/p>\n","protected":false},"featured_media":144269,"comment_status":"open","ping_status":"closed","template":"","meta":[],"product_brand":[],"product_cat":[11474,2108],"product_tag":[],"class_list":{"0":"post-144268","1":"product","2":"type-product","3":"status-publish","4":"has-post-thumbnail","6":"product_cat-bad-beleuchtung","7":"product_cat-beleuchtung","8":"pa_binding-haushaltswaren","9":"pa_brand-wondlumi","10":"pa_height-0-7086614166-zoll","11":"pa_length-8-661417314-zoll","12":"pa_manufacturer-wondlumi","13":"pa_model-25199","14":"pa_weight-0-881849048-pfund","15":"pa_width-8-661417314-zoll","17":"first","18":"instock","19":"shipping-taxable","20":"purchasable","21":"product-type-simple","22":"customify-col","23":"product-has-gallery"},"yoast_head":"<!-- This site is optimized with the Yoast SEO plugin v27.4 - https:\/\/yoast.com\/product\/yoast-seo-wordpress\/ -->\n<title>Wondlumi Flush Deckenbeleuchtung Ultra Slim Runde LED Panel Leuchte 18W mit PIR Bewegungsmelder + Lichtsensor Warmwei\u00df\u2026 - Markt-XXL<\/title>\n<meta name=\"description\" content=\"Markt-XXL Wondlumi Flush Deckenbeleuchtung Ultra Slim Runde LED Panel Leuchte 18W mit PIR Bewegungsmelder + Lichtsensor Warmwei\u00df\u2026\" \/>\n<meta name=\"robots\" content=\"index, follow, max-snippet:-1, max-image-preview:large, max-video-preview:-1\" \/>\n<link rel=\"canonical\" href=\"https:\/\/marktxxl.de\/markt\/produkt\/wondlumi-flush-deckenbeleuchtung-ultra-slim-runde-led-panel-leuchte-18w-mit-pir-bewegungsmelder-lichtsensor-warmweiss-240v-\u03c622-18cm\/\" \/>\n<meta property=\"og:locale\" content=\"de_DE\" \/>\n<meta property=\"og:type\" content=\"article\" \/>\n<meta property=\"og:title\" content=\"Wondlumi Flush Deckenbeleuchtung Ultra Slim Runde LED Panel Leuchte 18W mit PIR Bewegungsmelder + Lichtsensor Warmwei\u00df\u2026 - Markt-XXL\" \/>\n<meta property=\"og:description\" content=\"Markt-XXL Wondlumi Flush Deckenbeleuchtung Ultra Slim Runde LED Panel Leuchte 18W mit PIR Bewegungsmelder + Lichtsensor Warmwei\u00df\u2026\" \/>\n<meta property=\"og:url\" content=\"https:\/\/marktxxl.de\/markt\/produkt\/wondlumi-flush-deckenbeleuchtung-ultra-slim-runde-led-panel-leuchte-18w-mit-pir-bewegungsmelder-lichtsensor-warmweiss-240v-\u03c622-18cm\/\" \/>\n<meta property=\"og:site_name\" content=\"Markt-XXL\" \/>\n<meta property=\"article:modified_time\" content=\"2023-04-10T02:28:46+00:00\" \/>\n<meta property=\"og:image\" content=\"https:\/\/m.media-amazon.com\/images\/I\/31ZJfvKpW5L._SL500_.jpg\" \/>\n\t<meta property=\"og:image:width\" content=\"500\" \/>\n\t<meta property=\"og:image:height\" content=\"500\" \/>\n\t<meta property=\"og:image:type\" content=\"image\/jpeg\" \/>\n<meta name=\"twitter:card\" content=\"summary_large_image\" \/>\n<meta name=\"twitter:label1\" content=\"Gesch\u00e4tzte Lesezeit\" \/>\n\t<meta name=\"twitter:data1\" content=\"1\u00a0Minute\" \/>\n<script type=\"application\/ld+json\" class=\"yoast-schema-graph\">{\"@context\":\"https:\\\/\\\/schema.org\",\"@graph\":[{\"@type\":\"WebPage\",\"@id\":\"https:\\\/\\\/marktxxl.de\\\/markt\\\/produkt\\\/wondlumi-flush-deckenbeleuchtung-ultra-slim-runde-led-panel-leuchte-18w-mit-pir-bewegungsmelder-lichtsensor-warmweiss-240v-%cf%8622-18cm\\\/\",\"url\":\"https:\\\/\\\/marktxxl.de\\\/markt\\\/produkt\\\/wondlumi-flush-deckenbeleuchtung-ultra-slim-runde-led-panel-leuchte-18w-mit-pir-bewegungsmelder-lichtsensor-warmweiss-240v-%cf%8622-18cm\\\/\",\"name\":\"Wondlumi Flush Deckenbeleuchtung Ultra Slim Runde LED Panel Leuchte 18W mit PIR Bewegungsmelder + Lichtsensor Warmwei\u00df\u2026 - Markt-XXL\",\"isPartOf\":{\"@id\":\"https:\\\/\\\/marktxxl.de\\\/markt\\\/#website\"},\"primaryImageOfPage\":{\"@id\":\"https:\\\/\\\/marktxxl.de\\\/markt\\\/produkt\\\/wondlumi-flush-deckenbeleuchtung-ultra-slim-runde-led-panel-leuchte-18w-mit-pir-bewegungsmelder-lichtsensor-warmweiss-240v-%cf%8622-18cm\\\/#primaryimage\"},\"image\":{\"@id\":\"https:\\\/\\\/marktxxl.de\\\/markt\\\/produkt\\\/wondlumi-flush-deckenbeleuchtung-ultra-slim-runde-led-panel-leuchte-18w-mit-pir-bewegungsmelder-lichtsensor-warmweiss-240v-%cf%8622-18cm\\\/#primaryimage\"},\"thumbnailUrl\":\"https:\\\/\\\/m.media-amazon.com\\\/images\\\/I\\\/31ZJfvKpW5L._SL500_.jpg\",\"datePublished\":\"2022-08-13T02:35:54+00:00\",\"dateModified\":\"2023-04-10T02:28:46+00:00\",\"description\":\"Markt-XXL Wondlumi Flush Deckenbeleuchtung Ultra Slim Runde LED Panel Leuchte 18W mit PIR Bewegungsmelder + Lichtsensor Warmwei\u00df\u2026\",\"breadcrumb\":{\"@id\":\"https:\\\/\\\/marktxxl.de\\\/markt\\\/produkt\\\/wondlumi-flush-deckenbeleuchtung-ultra-slim-runde-led-panel-leuchte-18w-mit-pir-bewegungsmelder-lichtsensor-warmweiss-240v-%cf%8622-18cm\\\/#breadcrumb\"},\"inLanguage\":\"de\",\"potentialAction\":[{\"@type\":\"ReadAction\",\"target\":[\"https:\\\/\\\/marktxxl.de\\\/markt\\\/produkt\\\/wondlumi-flush-deckenbeleuchtung-ultra-slim-runde-led-panel-leuchte-18w-mit-pir-bewegungsmelder-lichtsensor-warmweiss-240v-%cf%8622-18cm\\\/\"]}]},{\"@type\":\"ImageObject\",\"inLanguage\":\"de\",\"@id\":\"https:\\\/\\\/marktxxl.de\\\/markt\\\/produkt\\\/wondlumi-flush-deckenbeleuchtung-ultra-slim-runde-led-panel-leuchte-18w-mit-pir-bewegungsmelder-lichtsensor-warmweiss-240v-%cf%8622-18cm\\\/#primaryimage\",\"url\":\"https:\\\/\\\/m.media-amazon.com\\\/images\\\/I\\\/31ZJfvKpW5L._SL500_.jpg\",\"contentUrl\":\"https:\\\/\\\/m.media-amazon.com\\\/images\\\/I\\\/31ZJfvKpW5L._SL500_.jpg\",\"width\":500,\"height\":500},{\"@type\":\"BreadcrumbList\",\"@id\":\"https:\\\/\\\/marktxxl.de\\\/markt\\\/produkt\\\/wondlumi-flush-deckenbeleuchtung-ultra-slim-runde-led-panel-leuchte-18w-mit-pir-bewegungsmelder-lichtsensor-warmweiss-240v-%cf%8622-18cm\\\/#breadcrumb\",\"itemListElement\":[{\"@type\":\"ListItem\",\"position\":1,\"name\":\"Startseite\",\"item\":\"https:\\\/\\\/marktxxl.de\\\/markt\\\/\"},{\"@type\":\"ListItem\",\"position\":2,\"name\":\"Markt\",\"item\":\"https:\\\/\\\/marktxxl.de\\\/markt\\\/\"},{\"@type\":\"ListItem\",\"position\":3,\"name\":\"Wondlumi Flush Deckenbeleuchtung Ultra Slim Runde LED Panel Leuchte 18W mit PIR Bewegungsmelder + Lichtsensor Warmwei\u00df\u2026\"}]},{\"@type\":\"WebSite\",\"@id\":\"https:\\\/\\\/marktxxl.de\\\/markt\\\/#website\",\"url\":\"https:\\\/\\\/marktxxl.de\\\/markt\\\/\",\"name\":\"Markt-XXL\",\"description\":\"Ihr Markt Online\",\"publisher\":{\"@id\":\"https:\\\/\\\/marktxxl.de\\\/markt\\\/#organization\"},\"potentialAction\":[{\"@type\":\"SearchAction\",\"target\":{\"@type\":\"EntryPoint\",\"urlTemplate\":\"https:\\\/\\\/marktxxl.de\\\/markt\\\/?s={search_term_string}\"},\"query-input\":{\"@type\":\"PropertyValueSpecification\",\"valueRequired\":true,\"valueName\":\"search_term_string\"}}],\"inLanguage\":\"de\"},{\"@type\":\"Organization\",\"@id\":\"https:\\\/\\\/marktxxl.de\\\/markt\\\/#organization\",\"name\":\"Markt-XXL\",\"url\":\"https:\\\/\\\/marktxxl.de\\\/markt\\\/\",\"logo\":{\"@type\":\"ImageObject\",\"inLanguage\":\"de\",\"@id\":\"https:\\\/\\\/marktxxl.de\\\/markt\\\/#\\\/schema\\\/logo\\\/image\\\/\",\"url\":\"https:\\\/\\\/marktxxl.de\\\/markt\\\/wp-content\\\/uploads\\\/sites\\\/3\\\/2020\\\/12\\\/logo.png\",\"contentUrl\":\"https:\\\/\\\/marktxxl.de\\\/markt\\\/wp-content\\\/uploads\\\/sites\\\/3\\\/2020\\\/12\\\/logo.png\",\"width\":200,\"height\":70,\"caption\":\"Markt-XXL\"},\"image\":{\"@id\":\"https:\\\/\\\/marktxxl.de\\\/markt\\\/#\\\/schema\\\/logo\\\/image\\\/\"}}]}<\/script>\n<!-- \/ Yoast SEO plugin. -->","yoast_head_json":{"title":"Wondlumi Flush Deckenbeleuchtung Ultra Slim Runde LED Panel Leuchte 18W mit PIR Bewegungsmelder + Lichtsensor Warmwei\u00df\u2026 - Markt-XXL","description":"Markt-XXL Wondlumi Flush Deckenbeleuchtung Ultra Slim Runde LED Panel Leuchte 18W mit PIR Bewegungsmelder + Lichtsensor Warmwei\u00df\u2026","robots":{"index":"index","follow":"follow","max-snippet":"max-snippet:-1","max-image-preview":"max-image-preview:large","max-video-preview":"max-video-preview:-1"},"canonical":"https:\/\/marktxxl.de\/markt\/produkt\/wondlumi-flush-deckenbeleuchtung-ultra-slim-runde-led-panel-leuchte-18w-mit-pir-bewegungsmelder-lichtsensor-warmweiss-240v-\u03c622-18cm\/","og_locale":"de_DE","og_type":"article","og_title":"Wondlumi Flush Deckenbeleuchtung Ultra Slim Runde LED Panel Leuchte 18W mit PIR Bewegungsmelder + Lichtsensor Warmwei\u00df\u2026 - Markt-XXL","og_description":"Markt-XXL Wondlumi Flush Deckenbeleuchtung Ultra Slim Runde LED Panel Leuchte 18W mit PIR Bewegungsmelder + Lichtsensor Warmwei\u00df\u2026","og_url":"https:\/\/marktxxl.de\/markt\/produkt\/wondlumi-flush-deckenbeleuchtung-ultra-slim-runde-led-panel-leuchte-18w-mit-pir-bewegungsmelder-lichtsensor-warmweiss-240v-\u03c622-18cm\/","og_site_name":"Markt-XXL","article_modified_time":"2023-04-10T02:28:46+00:00","og_image":[{"width":500,"height":500,"url":"https:\/\/m.media-amazon.com\/images\/I\/31ZJfvKpW5L._SL500_.jpg","type":"image\/jpeg"}],"twitter_card":"summary_large_image","twitter_misc":{"Gesch\u00e4tzte Lesezeit":"1\u00a0Minute"},"schema":{"@context":"https:\/\/schema.org","@graph":[{"@type":"WebPage","@id":"https:\/\/marktxxl.de\/markt\/produkt\/wondlumi-flush-deckenbeleuchtung-ultra-slim-runde-led-panel-leuchte-18w-mit-pir-bewegungsmelder-lichtsensor-warmweiss-240v-%cf%8622-18cm\/","url":"https:\/\/marktxxl.de\/markt\/produkt\/wondlumi-flush-deckenbeleuchtung-ultra-slim-runde-led-panel-leuchte-18w-mit-pir-bewegungsmelder-lichtsensor-warmweiss-240v-%cf%8622-18cm\/","name":"Wondlumi Flush Deckenbeleuchtung Ultra Slim Runde LED Panel Leuchte 18W mit PIR Bewegungsmelder + Lichtsensor Warmwei\u00df\u2026 - Markt-XXL","isPartOf":{"@id":"https:\/\/marktxxl.de\/markt\/#website"},"primaryImageOfPage":{"@id":"https:\/\/marktxxl.de\/markt\/produkt\/wondlumi-flush-deckenbeleuchtung-ultra-slim-runde-led-panel-leuchte-18w-mit-pir-bewegungsmelder-lichtsensor-warmweiss-240v-%cf%8622-18cm\/#primaryimage"},"image":{"@id":"https:\/\/marktxxl.de\/markt\/produkt\/wondlumi-flush-deckenbeleuchtung-ultra-slim-runde-led-panel-leuchte-18w-mit-pir-bewegungsmelder-lichtsensor-warmweiss-240v-%cf%8622-18cm\/#primaryimage"},"thumbnailUrl":"https:\/\/m.media-amazon.com\/images\/I\/31ZJfvKpW5L._SL500_.jpg","datePublished":"2022-08-13T02:35:54+00:00","dateModified":"2023-04-10T02:28:46+00:00","description":"Markt-XXL Wondlumi Flush Deckenbeleuchtung Ultra Slim Runde LED Panel Leuchte 18W mit PIR Bewegungsmelder + Lichtsensor Warmwei\u00df\u2026","breadcrumb":{"@id":"https:\/\/marktxxl.de\/markt\/produkt\/wondlumi-flush-deckenbeleuchtung-ultra-slim-runde-led-panel-leuchte-18w-mit-pir-bewegungsmelder-lichtsensor-warmweiss-240v-%cf%8622-18cm\/#breadcrumb"},"inLanguage":"de","potentialAction":[{"@type":"ReadAction","target":["https:\/\/marktxxl.de\/markt\/produkt\/wondlumi-flush-deckenbeleuchtung-ultra-slim-runde-led-panel-leuchte-18w-mit-pir-bewegungsmelder-lichtsensor-warmweiss-240v-%cf%8622-18cm\/"]}]},{"@type":"ImageObject","inLanguage":"de","@id":"https:\/\/marktxxl.de\/markt\/produkt\/wondlumi-flush-deckenbeleuchtung-ultra-slim-runde-led-panel-leuchte-18w-mit-pir-bewegungsmelder-lichtsensor-warmweiss-240v-%cf%8622-18cm\/#primaryimage","url":"https:\/\/m.media-amazon.com\/images\/I\/31ZJfvKpW5L._SL500_.jpg","contentUrl":"https:\/\/m.media-amazon.com\/images\/I\/31ZJfvKpW5L._SL500_.jpg","width":500,"height":500},{"@type":"BreadcrumbList","@id":"https:\/\/marktxxl.de\/markt\/produkt\/wondlumi-flush-deckenbeleuchtung-ultra-slim-runde-led-panel-leuchte-18w-mit-pir-bewegungsmelder-lichtsensor-warmweiss-240v-%cf%8622-18cm\/#breadcrumb","itemListElement":[{"@type":"ListItem","position":1,"name":"Startseite","item":"https:\/\/marktxxl.de\/markt\/"},{"@type":"ListItem","position":2,"name":"Markt","item":"https:\/\/marktxxl.de\/markt\/"},{"@type":"ListItem","position":3,"name":"Wondlumi Flush Deckenbeleuchtung Ultra Slim Runde LED Panel Leuchte 18W mit PIR Bewegungsmelder + Lichtsensor Warmwei\u00df\u2026"}]},{"@type":"WebSite","@id":"https:\/\/marktxxl.de\/markt\/#website","url":"https:\/\/marktxxl.de\/markt\/","name":"Markt-XXL","description":"Ihr Markt Online","publisher":{"@id":"https:\/\/marktxxl.de\/markt\/#organization"},"potentialAction":[{"@type":"SearchAction","target":{"@type":"EntryPoint","urlTemplate":"https:\/\/marktxxl.de\/markt\/?s={search_term_string}"},"query-input":{"@type":"PropertyValueSpecification","valueRequired":true,"valueName":"search_term_string"}}],"inLanguage":"de"},{"@type":"Organization","@id":"https:\/\/marktxxl.de\/markt\/#organization","name":"Markt-XXL","url":"https:\/\/marktxxl.de\/markt\/","logo":{"@type":"ImageObject","inLanguage":"de","@id":"https:\/\/marktxxl.de\/markt\/#\/schema\/logo\/image\/","url":"https:\/\/marktxxl.de\/markt\/wp-content\/uploads\/sites\/3\/2020\/12\/logo.png","contentUrl":"https:\/\/marktxxl.de\/markt\/wp-content\/uploads\/sites\/3\/2020\/12\/logo.png","width":200,"height":70,"caption":"Markt-XXL"},"image":{"@id":"https:\/\/marktxxl.de\/markt\/#\/schema\/logo\/image\/"}}]}},"_links":{"self":[{"href":"https:\/\/marktxxl.de\/markt\/wp-json\/wp\/v2\/product\/144268","targetHints":{"allow":["GET"]}}],"collection":[{"href":"https:\/\/marktxxl.de\/markt\/wp-json\/wp\/v2\/product"}],"about":[{"href":"https:\/\/marktxxl.de\/markt\/wp-json\/wp\/v2\/types\/product"}],"replies":[{"embeddable":true,"href":"https:\/\/marktxxl.de\/markt\/wp-json\/wp\/v2\/comments?post=144268"}],"wp:featuredmedia":[{"embeddable":true,"href":"https:\/\/marktxxl.de\/markt\/wp-json\/wp\/v2\/media\/144269"}],"wp:attachment":[{"href":"https:\/\/marktxxl.de\/markt\/wp-json\/wp\/v2\/media?parent=144268"}],"wp:term":[{"taxonomy":"product_brand","embeddable":true,"href":"https:\/\/marktxxl.de\/markt\/wp-json\/wp\/v2\/product_brand?post=144268"},{"taxonomy":"product_cat","embeddable":true,"href":"https:\/\/marktxxl.de\/markt\/wp-json\/wp\/v2\/product_cat?post=144268"},{"taxonomy":"product_tag","embeddable":true,"href":"https:\/\/marktxxl.de\/markt\/wp-json\/wp\/v2\/product_tag?post=144268"}],"curies":[{"name":"wp","href":"https:\/\/api.w.org\/{rel}","templated":true}]}}