{"id":144229,"date":"2022-08-13T04:35:14","date_gmt":"2022-08-13T02:35:14","guid":{"rendered":"https:\/\/marktxxl.de\/markt\/produkt\/ksana-goldfarbene-badezimmer-leuchten-mit-transparentem-glasschirm-559-x-178-x-229-cm\/"},"modified":"2023-04-10T04:28:46","modified_gmt":"2023-04-10T02:28:46","slug":"ksana-goldfarbene-badezimmer-leuchten-mit-transparentem-glasschirm-559-x-178-x-229-cm","status":"publish","type":"product","link":"https:\/\/marktxxl.de\/markt\/produkt\/ksana-goldfarbene-badezimmer-leuchten-mit-transparentem-glasschirm-559-x-178-x-229-cm\/","title":{"rendered":"KSANA Goldfarbene Badezimmer-Leuchten mit transparentem Glasschirm, 55,9 x 17,8 x 22,9 cm"},"content":{"rendered":"<p>Auff\u00e4lliges Badezimmerlicht: Diese goldene Schminkleuchte ist handbemalt und nicht galvanisiert, so dass jedes Eitelkeitslicht einzigartig auf der Welt ist, es kann einen sehr leichten Farbunterschied zu den Bildern haben. Eine ausgezeichnet geb\u00fcrstete Goldoberfl\u00e4che bedeckt die runde R\u00fcckplatte, die an einer einfachen und horizontalen Stange befestigt ist. 3 verl\u00e4ngerte, gelockte Lampenfassungen. Die 3 eleganten Glasschirme zeigen die Gl\u00fchbirnen hell und transparent<br \/>\nModerner Stil der Mitte der Jahrhundert: Entspannen Sie sich von einem anstrengenden Tag und feiern Sie eine kuratierte Mischung aus Zeitlosigkeit und Modernismus mit dieser Badezimmer-Fassung, ideal f\u00fcr jede Badewanne und Waschtisch-Einstellung in der Mitte des Jahrhunderts, moderne \u00dcbergangs- und Vintage-Elektro-Innenr\u00e4ume<br \/>\nPerfekte Gr\u00f6\u00dfe \u2013 Einzelglas-Schirm Gr\u00f6\u00dfe 12,7 cm im Durchmesser x 22,9 cm in der H\u00f6he. Die gesamte Badezimmer-Schminkleuchte ist 55,9 cm (L) x 17,5 cm (B) x 22,5 cm (H). Der runde Baldachin hat einen Durchmesser von 17,8 cm. Die Badezimmerleuchten sind perfekt f\u00fcr die Platzierung \u00fcber Spiegel im Schlafzimmer, Badezimmer, Ankleidezimmer, Wohnzimmer, Korridor, Diele<br \/>\nKostenlose Installation \u2013 Wir haben unser Bestes gegeben, um Ihnen zu helfen, Geld und Zeit zu sparen. Die Badbeleuchtung ist vormontiert. Alles, was Sie tun m\u00fcssen, ist Verkabelung und dann die Glasschirme und Leuchtmittel einzuschrauben. Diese Kosmetikleuchte kann entweder als Aufbauleuchte oder Downlight montiert werden<br \/>\nDie Badezimmer-Schminkleuchten ben\u00f6tigen 3 x E26-Sockel Typ A max. 60 W Leuchtmittel (nicht im Lieferumfang enthalten). UL-gelistet. 2 Jahre Zufriedenheit. Das Schminklicht ist vollst\u00e4ndig dimmbar, wenn es mit einer dimmbaren Gl\u00fchbirne und einem kompatiblen Dimmschalter verwendet wird (nicht im Lieferumfang enthalten)<br \/>\n<div class=\"main-cross-sell\" data-asin=\"B07XYMBNND\">\n\n\t<div class=\"WooZone-cross-sell-loader\">\n\t\t<div>\n\t\t\t<div id=\"floatingBarsG\">\n\t\t\t\t<div class=\"blockG\" id=\"rotateG_01\"><\/div>\n\t\t\t\t<div class=\"blockG\" id=\"rotateG_02\"><\/div>\n\t\t\t\t<div class=\"blockG\" id=\"rotateG_03\"><\/div>\n\t\t\t\t<div class=\"blockG\" id=\"rotateG_04\"><\/div>\n\t\t\t\t<div class=\"blockG\" id=\"rotateG_05\"><\/div>\n\t\t\t\t<div class=\"blockG\" id=\"rotateG_06\"><\/div>\n\t\t\t\t<div class=\"blockG\" id=\"rotateG_07\"><\/div>\n\t\t\t\t<div class=\"blockG\" id=\"rotateG_08\"><\/div>\n\t\t\t<\/div>\n\t\t\t<div class=\"WooZone-cross-sell-loader-text\"><\/div>\n\t\t<\/div>\n\t<\/div>\n\n\t\t\n<\/div>\n<div style=\"clear:both;\"><\/div><\/p>\n","protected":false},"excerpt":{"rendered":"<p>Auff\u00e4lliges Badezimmerlicht: Diese goldene Schminkleuchte ist handbemalt und nicht galvanisiert, so dass jedes Eitelkeitslicht einzigartig auf der Welt ist, es kann einen sehr leichten Farbunterschied zu den Bildern haben. Eine ausgezeichnet geb\u00fcrstete Goldoberfl\u00e4che bedeckt die runde R\u00fcckplatte, die an einer einfachen und horizontalen Stange befestigt ist. 3 verl\u00e4ngerte, gelockte Lampenfassungen. Die 3 eleganten Glasschirme zeigen die Gl\u00fchbirnen hell und transparent<br \/>\nModerner Stil der Mitte der Jahrhundert: Entspannen Sie sich von einem anstrengenden Tag und feiern Sie eine kuratierte Mischung aus Zeitlosigkeit und Modernismus mit dieser Badezimmer-Fassung, ideal f\u00fcr jede Badewanne und Waschtisch-Einstellung in der Mitte des Jahrhunderts, moderne \u00dcbergangs- und Vintage-Elektro-Innenr\u00e4ume<br \/>\nPerfekte Gr\u00f6\u00dfe \u2013 Einzelglas-Schirm Gr\u00f6\u00dfe 12,7 cm im Durchmesser x 22,9 cm in der H\u00f6he. Die gesamte Badezimmer-Schminkleuchte ist 55,9 cm (L) x 17,5 cm (B) x 22,5 cm (H). Der runde Baldachin hat einen Durchmesser von 17,8 cm. Die Badezimmerleuchten sind perfekt f\u00fcr die Platzierung \u00fcber Spiegel im Schlafzimmer, Badezimmer, Ankleidezimmer, Wohnzimmer, Korridor, Diele<\/p>\n","protected":false},"featured_media":144230,"comment_status":"open","ping_status":"closed","template":"","meta":[],"product_brand":[],"product_cat":[11474,2108],"product_tag":[],"class_list":{"0":"post-144229","1":"product","2":"type-product","3":"status-publish","4":"has-post-thumbnail","6":"product_cat-bad-beleuchtung","7":"product_cat-beleuchtung","8":"pa_binding-werkzeug","9":"pa_brand-ksana","10":"pa_color-gold","11":"pa_height-9-1-zoll","12":"pa_length-22-zoll","13":"pa_manufacturer-ksana","14":"pa_model-vanity-light-fixture","15":"pa_size-3-light-gold-bathroom-light","16":"pa_width-7-1-zoll","18":"first","19":"instock","20":"shipping-taxable","21":"purchasable","22":"product-type-simple","23":"customify-col","24":"product-has-gallery"},"yoast_head":"<!-- This site is optimized with the Yoast SEO plugin v27.3 - https:\/\/yoast.com\/product\/yoast-seo-wordpress\/ -->\n<title>KSANA Goldfarbene Badezimmer-Leuchten mit transparentem Glasschirm, 55,9 x 17,8 x 22,9 cm - Markt-XXL<\/title>\n<meta name=\"description\" content=\"Markt-XXL KSANA Goldfarbene Badezimmer-Leuchten mit transparentem Glasschirm, 55,9 x 17,8 x 22,9 cm\" \/>\n<meta name=\"robots\" content=\"index, follow, max-snippet:-1, max-image-preview:large, max-video-preview:-1\" \/>\n<link rel=\"canonical\" href=\"https:\/\/marktxxl.de\/markt\/produkt\/ksana-goldfarbene-badezimmer-leuchten-mit-transparentem-glasschirm-559-x-178-x-229-cm\/\" \/>\n<meta property=\"og:locale\" content=\"de_DE\" \/>\n<meta property=\"og:type\" content=\"article\" \/>\n<meta property=\"og:title\" content=\"KSANA Goldfarbene Badezimmer-Leuchten mit transparentem Glasschirm, 55,9 x 17,8 x 22,9 cm - Markt-XXL\" \/>\n<meta property=\"og:description\" content=\"Markt-XXL KSANA Goldfarbene Badezimmer-Leuchten mit transparentem Glasschirm, 55,9 x 17,8 x 22,9 cm\" \/>\n<meta property=\"og:url\" content=\"https:\/\/marktxxl.de\/markt\/produkt\/ksana-goldfarbene-badezimmer-leuchten-mit-transparentem-glasschirm-559-x-178-x-229-cm\/\" \/>\n<meta property=\"og:site_name\" content=\"Markt-XXL\" \/>\n<meta property=\"article:modified_time\" content=\"2023-04-10T02:28:46+00:00\" \/>\n<meta property=\"og:image\" content=\"https:\/\/m.media-amazon.com\/images\/I\/410hNCCf-EL._SL500_.jpg\" \/>\n\t<meta property=\"og:image:width\" content=\"500\" \/>\n\t<meta property=\"og:image:height\" content=\"500\" \/>\n\t<meta property=\"og:image:type\" content=\"image\/jpeg\" \/>\n<meta name=\"twitter:card\" content=\"summary_large_image\" \/>\n<meta name=\"twitter:label1\" content=\"Gesch\u00e4tzte Lesezeit\" \/>\n\t<meta name=\"twitter:data1\" content=\"1\u00a0Minute\" \/>\n<script type=\"application\/ld+json\" class=\"yoast-schema-graph\">{\"@context\":\"https:\\\/\\\/schema.org\",\"@graph\":[{\"@type\":\"WebPage\",\"@id\":\"https:\\\/\\\/marktxxl.de\\\/markt\\\/produkt\\\/ksana-goldfarbene-badezimmer-leuchten-mit-transparentem-glasschirm-559-x-178-x-229-cm\\\/\",\"url\":\"https:\\\/\\\/marktxxl.de\\\/markt\\\/produkt\\\/ksana-goldfarbene-badezimmer-leuchten-mit-transparentem-glasschirm-559-x-178-x-229-cm\\\/\",\"name\":\"KSANA Goldfarbene Badezimmer-Leuchten mit transparentem Glasschirm, 55,9 x 17,8 x 22,9 cm - Markt-XXL\",\"isPartOf\":{\"@id\":\"https:\\\/\\\/marktxxl.de\\\/markt\\\/#website\"},\"primaryImageOfPage\":{\"@id\":\"https:\\\/\\\/marktxxl.de\\\/markt\\\/produkt\\\/ksana-goldfarbene-badezimmer-leuchten-mit-transparentem-glasschirm-559-x-178-x-229-cm\\\/#primaryimage\"},\"image\":{\"@id\":\"https:\\\/\\\/marktxxl.de\\\/markt\\\/produkt\\\/ksana-goldfarbene-badezimmer-leuchten-mit-transparentem-glasschirm-559-x-178-x-229-cm\\\/#primaryimage\"},\"thumbnailUrl\":\"https:\\\/\\\/m.media-amazon.com\\\/images\\\/I\\\/410hNCCf-EL._SL500_.jpg\",\"datePublished\":\"2022-08-13T02:35:14+00:00\",\"dateModified\":\"2023-04-10T02:28:46+00:00\",\"description\":\"Markt-XXL KSANA Goldfarbene Badezimmer-Leuchten mit transparentem Glasschirm, 55,9 x 17,8 x 22,9 cm\",\"breadcrumb\":{\"@id\":\"https:\\\/\\\/marktxxl.de\\\/markt\\\/produkt\\\/ksana-goldfarbene-badezimmer-leuchten-mit-transparentem-glasschirm-559-x-178-x-229-cm\\\/#breadcrumb\"},\"inLanguage\":\"de\",\"potentialAction\":[{\"@type\":\"ReadAction\",\"target\":[\"https:\\\/\\\/marktxxl.de\\\/markt\\\/produkt\\\/ksana-goldfarbene-badezimmer-leuchten-mit-transparentem-glasschirm-559-x-178-x-229-cm\\\/\"]}]},{\"@type\":\"ImageObject\",\"inLanguage\":\"de\",\"@id\":\"https:\\\/\\\/marktxxl.de\\\/markt\\\/produkt\\\/ksana-goldfarbene-badezimmer-leuchten-mit-transparentem-glasschirm-559-x-178-x-229-cm\\\/#primaryimage\",\"url\":\"https:\\\/\\\/m.media-amazon.com\\\/images\\\/I\\\/410hNCCf-EL._SL500_.jpg\",\"contentUrl\":\"https:\\\/\\\/m.media-amazon.com\\\/images\\\/I\\\/410hNCCf-EL._SL500_.jpg\",\"width\":500,\"height\":500},{\"@type\":\"BreadcrumbList\",\"@id\":\"https:\\\/\\\/marktxxl.de\\\/markt\\\/produkt\\\/ksana-goldfarbene-badezimmer-leuchten-mit-transparentem-glasschirm-559-x-178-x-229-cm\\\/#breadcrumb\",\"itemListElement\":[{\"@type\":\"ListItem\",\"position\":1,\"name\":\"Startseite\",\"item\":\"https:\\\/\\\/marktxxl.de\\\/markt\\\/\"},{\"@type\":\"ListItem\",\"position\":2,\"name\":\"Markt\",\"item\":\"https:\\\/\\\/marktxxl.de\\\/markt\\\/\"},{\"@type\":\"ListItem\",\"position\":3,\"name\":\"KSANA Goldfarbene Badezimmer-Leuchten mit transparentem Glasschirm, 55,9 x 17,8 x 22,9 cm\"}]},{\"@type\":\"WebSite\",\"@id\":\"https:\\\/\\\/marktxxl.de\\\/markt\\\/#website\",\"url\":\"https:\\\/\\\/marktxxl.de\\\/markt\\\/\",\"name\":\"Markt-XXL\",\"description\":\"Ihr Markt Online\",\"publisher\":{\"@id\":\"https:\\\/\\\/marktxxl.de\\\/markt\\\/#organization\"},\"potentialAction\":[{\"@type\":\"SearchAction\",\"target\":{\"@type\":\"EntryPoint\",\"urlTemplate\":\"https:\\\/\\\/marktxxl.de\\\/markt\\\/?s={search_term_string}\"},\"query-input\":{\"@type\":\"PropertyValueSpecification\",\"valueRequired\":true,\"valueName\":\"search_term_string\"}}],\"inLanguage\":\"de\"},{\"@type\":\"Organization\",\"@id\":\"https:\\\/\\\/marktxxl.de\\\/markt\\\/#organization\",\"name\":\"Markt-XXL\",\"url\":\"https:\\\/\\\/marktxxl.de\\\/markt\\\/\",\"logo\":{\"@type\":\"ImageObject\",\"inLanguage\":\"de\",\"@id\":\"https:\\\/\\\/marktxxl.de\\\/markt\\\/#\\\/schema\\\/logo\\\/image\\\/\",\"url\":\"https:\\\/\\\/marktxxl.de\\\/markt\\\/wp-content\\\/uploads\\\/sites\\\/3\\\/2020\\\/12\\\/logo.png\",\"contentUrl\":\"https:\\\/\\\/marktxxl.de\\\/markt\\\/wp-content\\\/uploads\\\/sites\\\/3\\\/2020\\\/12\\\/logo.png\",\"width\":200,\"height\":70,\"caption\":\"Markt-XXL\"},\"image\":{\"@id\":\"https:\\\/\\\/marktxxl.de\\\/markt\\\/#\\\/schema\\\/logo\\\/image\\\/\"}}]}<\/script>\n<!-- \/ Yoast SEO plugin. -->","yoast_head_json":{"title":"KSANA Goldfarbene Badezimmer-Leuchten mit transparentem Glasschirm, 55,9 x 17,8 x 22,9 cm - Markt-XXL","description":"Markt-XXL KSANA Goldfarbene Badezimmer-Leuchten mit transparentem Glasschirm, 55,9 x 17,8 x 22,9 cm","robots":{"index":"index","follow":"follow","max-snippet":"max-snippet:-1","max-image-preview":"max-image-preview:large","max-video-preview":"max-video-preview:-1"},"canonical":"https:\/\/marktxxl.de\/markt\/produkt\/ksana-goldfarbene-badezimmer-leuchten-mit-transparentem-glasschirm-559-x-178-x-229-cm\/","og_locale":"de_DE","og_type":"article","og_title":"KSANA Goldfarbene Badezimmer-Leuchten mit transparentem Glasschirm, 55,9 x 17,8 x 22,9 cm - Markt-XXL","og_description":"Markt-XXL KSANA Goldfarbene Badezimmer-Leuchten mit transparentem Glasschirm, 55,9 x 17,8 x 22,9 cm","og_url":"https:\/\/marktxxl.de\/markt\/produkt\/ksana-goldfarbene-badezimmer-leuchten-mit-transparentem-glasschirm-559-x-178-x-229-cm\/","og_site_name":"Markt-XXL","article_modified_time":"2023-04-10T02:28:46+00:00","og_image":[{"width":500,"height":500,"url":"https:\/\/m.media-amazon.com\/images\/I\/410hNCCf-EL._SL500_.jpg","type":"image\/jpeg"}],"twitter_card":"summary_large_image","twitter_misc":{"Gesch\u00e4tzte Lesezeit":"1\u00a0Minute"},"schema":{"@context":"https:\/\/schema.org","@graph":[{"@type":"WebPage","@id":"https:\/\/marktxxl.de\/markt\/produkt\/ksana-goldfarbene-badezimmer-leuchten-mit-transparentem-glasschirm-559-x-178-x-229-cm\/","url":"https:\/\/marktxxl.de\/markt\/produkt\/ksana-goldfarbene-badezimmer-leuchten-mit-transparentem-glasschirm-559-x-178-x-229-cm\/","name":"KSANA Goldfarbene Badezimmer-Leuchten mit transparentem Glasschirm, 55,9 x 17,8 x 22,9 cm - Markt-XXL","isPartOf":{"@id":"https:\/\/marktxxl.de\/markt\/#website"},"primaryImageOfPage":{"@id":"https:\/\/marktxxl.de\/markt\/produkt\/ksana-goldfarbene-badezimmer-leuchten-mit-transparentem-glasschirm-559-x-178-x-229-cm\/#primaryimage"},"image":{"@id":"https:\/\/marktxxl.de\/markt\/produkt\/ksana-goldfarbene-badezimmer-leuchten-mit-transparentem-glasschirm-559-x-178-x-229-cm\/#primaryimage"},"thumbnailUrl":"https:\/\/m.media-amazon.com\/images\/I\/410hNCCf-EL._SL500_.jpg","datePublished":"2022-08-13T02:35:14+00:00","dateModified":"2023-04-10T02:28:46+00:00","description":"Markt-XXL KSANA Goldfarbene Badezimmer-Leuchten mit transparentem Glasschirm, 55,9 x 17,8 x 22,9 cm","breadcrumb":{"@id":"https:\/\/marktxxl.de\/markt\/produkt\/ksana-goldfarbene-badezimmer-leuchten-mit-transparentem-glasschirm-559-x-178-x-229-cm\/#breadcrumb"},"inLanguage":"de","potentialAction":[{"@type":"ReadAction","target":["https:\/\/marktxxl.de\/markt\/produkt\/ksana-goldfarbene-badezimmer-leuchten-mit-transparentem-glasschirm-559-x-178-x-229-cm\/"]}]},{"@type":"ImageObject","inLanguage":"de","@id":"https:\/\/marktxxl.de\/markt\/produkt\/ksana-goldfarbene-badezimmer-leuchten-mit-transparentem-glasschirm-559-x-178-x-229-cm\/#primaryimage","url":"https:\/\/m.media-amazon.com\/images\/I\/410hNCCf-EL._SL500_.jpg","contentUrl":"https:\/\/m.media-amazon.com\/images\/I\/410hNCCf-EL._SL500_.jpg","width":500,"height":500},{"@type":"BreadcrumbList","@id":"https:\/\/marktxxl.de\/markt\/produkt\/ksana-goldfarbene-badezimmer-leuchten-mit-transparentem-glasschirm-559-x-178-x-229-cm\/#breadcrumb","itemListElement":[{"@type":"ListItem","position":1,"name":"Startseite","item":"https:\/\/marktxxl.de\/markt\/"},{"@type":"ListItem","position":2,"name":"Markt","item":"https:\/\/marktxxl.de\/markt\/"},{"@type":"ListItem","position":3,"name":"KSANA Goldfarbene Badezimmer-Leuchten mit transparentem Glasschirm, 55,9 x 17,8 x 22,9 cm"}]},{"@type":"WebSite","@id":"https:\/\/marktxxl.de\/markt\/#website","url":"https:\/\/marktxxl.de\/markt\/","name":"Markt-XXL","description":"Ihr Markt Online","publisher":{"@id":"https:\/\/marktxxl.de\/markt\/#organization"},"potentialAction":[{"@type":"SearchAction","target":{"@type":"EntryPoint","urlTemplate":"https:\/\/marktxxl.de\/markt\/?s={search_term_string}"},"query-input":{"@type":"PropertyValueSpecification","valueRequired":true,"valueName":"search_term_string"}}],"inLanguage":"de"},{"@type":"Organization","@id":"https:\/\/marktxxl.de\/markt\/#organization","name":"Markt-XXL","url":"https:\/\/marktxxl.de\/markt\/","logo":{"@type":"ImageObject","inLanguage":"de","@id":"https:\/\/marktxxl.de\/markt\/#\/schema\/logo\/image\/","url":"https:\/\/marktxxl.de\/markt\/wp-content\/uploads\/sites\/3\/2020\/12\/logo.png","contentUrl":"https:\/\/marktxxl.de\/markt\/wp-content\/uploads\/sites\/3\/2020\/12\/logo.png","width":200,"height":70,"caption":"Markt-XXL"},"image":{"@id":"https:\/\/marktxxl.de\/markt\/#\/schema\/logo\/image\/"}}]}},"_links":{"self":[{"href":"https:\/\/marktxxl.de\/markt\/wp-json\/wp\/v2\/product\/144229","targetHints":{"allow":["GET"]}}],"collection":[{"href":"https:\/\/marktxxl.de\/markt\/wp-json\/wp\/v2\/product"}],"about":[{"href":"https:\/\/marktxxl.de\/markt\/wp-json\/wp\/v2\/types\/product"}],"replies":[{"embeddable":true,"href":"https:\/\/marktxxl.de\/markt\/wp-json\/wp\/v2\/comments?post=144229"}],"wp:featuredmedia":[{"embeddable":true,"href":"https:\/\/marktxxl.de\/markt\/wp-json\/wp\/v2\/media\/144230"}],"wp:attachment":[{"href":"https:\/\/marktxxl.de\/markt\/wp-json\/wp\/v2\/media?parent=144229"}],"wp:term":[{"taxonomy":"product_brand","embeddable":true,"href":"https:\/\/marktxxl.de\/markt\/wp-json\/wp\/v2\/product_brand?post=144229"},{"taxonomy":"product_cat","embeddable":true,"href":"https:\/\/marktxxl.de\/markt\/wp-json\/wp\/v2\/product_cat?post=144229"},{"taxonomy":"product_tag","embeddable":true,"href":"https:\/\/marktxxl.de\/markt\/wp-json\/wp\/v2\/product_tag?post=144229"}],"curies":[{"name":"wp","href":"https:\/\/api.w.org\/{rel}","templated":true}]}}