{"id":144014,"date":"2022-08-13T04:07:43","date_gmt":"2022-08-13T02:07:43","guid":{"rendered":"https:\/\/marktxxl.de\/markt\/produkt\/morfone-reiseflaschen-zum-befuellen16-teiligesreisesetmit-kulturbeutelauslaufsicher-nachfuellbar-tsa-zugelassene-silikon-reiseflaschenverwendet-fuer-shampoo-lotion-spuelung-duschgel-fda-bpa-fre\/"},"modified":"2023-04-10T04:28:43","modified_gmt":"2023-04-10T02:28:43","slug":"morfone-reiseflaschen-zum-befuellen16-teiligesreisesetmit-kulturbeutelauslaufsicher-nachfuellbar-tsa-zugelassene-silikon-reiseflaschenverwendet-fuer-shampoo-lotion-spuelung-duschgel-fda-bpa-fre","status":"publish","type":"product","link":"https:\/\/marktxxl.de\/markt\/produkt\/morfone-reiseflaschen-zum-befuellen16-teiligesreisesetmit-kulturbeutelauslaufsicher-nachfuellbar-tsa-zugelassene-silikon-reiseflaschenverwendet-fuer-shampoo-lotion-spuelung-duschgel-fda-bpa-fre\/","title":{"rendered":"Morfone Reiseflaschen Zum Bef\u00fcLlen,16-Teiligesreiseset,mit Kulturbeutel,Auslaufsicher Nachf\u00fcLlbar Tsa-Zugelassene\u2026"},"content":{"rendered":"<p>\u2708Perfekter Partner f\u00fcr Reise: Verschiedene gr\u00f6\u00dfen von reiseflaschen und -beh\u00e4ltern,trifft breite palette von sch\u00f6nheitsprodukten und toilettenartikeln befriedigen, und eine vielzahl von kurzen, mittleren und langen reisen.<br \/>\n\u2764Material in Lebensmittelqualit\u00e4t: Hergestellt aus lebensmittelechtem silikon, fda-zertifiziert, 100% bpa-frei, ungiftig und geschmacksneutral, sicher und weich, leicht zu dr\u00fccken.<br \/>\n\u2708Auslaufsicher &amp; Tsa-zertifiziert: Mehrschichtiges auslaufsicheres design,garantiert keine leckage unter druck- und temperaturschwankungen, sch\u00fctzen sie ihr gep\u00e4ck vor besch\u00e4digung durch auslaufende fl\u00fcssigkeiten. Tsa-zertifizierung garantien handgep\u00e4ck und aufgegebenes gep\u00e4ck w\u00e4hrend der flugzeugen.<br \/>\n\u2764Humanisiertes Design: Gro\u00dfe \u00f6ffnung zum einfachen bef\u00fcllen, benanntes etikett , gro\u00df genug, um lotion, shampoo und conditioner leicht zu f\u00fcllen. Schrauben sie einfach die obere kappe ab und f\u00fcllen sie fl\u00fcssigkeiten in das loch. Au\u00dferdem kann der kunststoffring zum reinigen leicht abgenommen werden. Zur besseren reinigung wird eine b\u00fcrste mitgeliefert.<br \/>\n\u2708Du wirst Bekommen: 4 * flaschen,4 * pilzdose,2 * spr\u00fchflaschen,2 * l\u00f6ffel,1 * trichter,1 * etiketten,,1* saubere b\u00fcrste,1 * kulturbeutel , ein jahr garantie und 100% zufriedenstellender kundenservice.<br \/>\n<div class=\"main-cross-sell\" data-asin=\"B09991Q1YQ\">\n\n\t<div class=\"WooZone-cross-sell-loader\">\n\t\t<div>\n\t\t\t<div id=\"floatingBarsG\">\n\t\t\t\t<div class=\"blockG\" id=\"rotateG_01\"><\/div>\n\t\t\t\t<div class=\"blockG\" id=\"rotateG_02\"><\/div>\n\t\t\t\t<div class=\"blockG\" id=\"rotateG_03\"><\/div>\n\t\t\t\t<div class=\"blockG\" id=\"rotateG_04\"><\/div>\n\t\t\t\t<div class=\"blockG\" id=\"rotateG_05\"><\/div>\n\t\t\t\t<div class=\"blockG\" id=\"rotateG_06\"><\/div>\n\t\t\t\t<div class=\"blockG\" id=\"rotateG_07\"><\/div>\n\t\t\t\t<div class=\"blockG\" id=\"rotateG_08\"><\/div>\n\t\t\t<\/div>\n\t\t\t<div class=\"WooZone-cross-sell-loader-text\"><\/div>\n\t\t<\/div>\n\t<\/div>\n\n\t\t\n<\/div>\n<div style=\"clear:both;\"><\/div><\/p>\n","protected":false},"excerpt":{"rendered":"<p>\u2708Perfekter Partner f\u00fcr Reise: Verschiedene gr\u00f6\u00dfen von reiseflaschen und -beh\u00e4ltern,trifft breite palette von sch\u00f6nheitsprodukten und toilettenartikeln befriedigen, und eine vielzahl von kurzen, mittleren und langen reisen.<br \/>\n\u2764Material in Lebensmittelqualit\u00e4t: Hergestellt aus lebensmittelechtem silikon, fda-zertifiziert, 100% bpa-frei, ungiftig und geschmacksneutral, sicher und weich, leicht zu dr\u00fccken.<br \/>\n\u2708Auslaufsicher &amp; Tsa-zertifiziert: Mehrschichtiges auslaufsicheres design,garantiert keine leckage unter druck- und temperaturschwankungen, sch\u00fctzen sie ihr gep\u00e4ck vor besch\u00e4digung durch auslaufende fl\u00fcssigkeiten. Tsa-zertifizierung garantien handgep\u00e4ck und aufgegebenes gep\u00e4ck w\u00e4hrend der flugzeugen.<\/p>\n","protected":false},"featured_media":144015,"comment_status":"open","ping_status":"closed","template":"","meta":[],"product_brand":[],"product_cat":[2858,7726],"product_tag":[],"class_list":{"0":"post-144014","1":"product","2":"type-product","3":"status-publish","4":"has-post-thumbnail","6":"product_cat-beauty","7":"product_cat-zubehoer-beauty","8":"pa_brand-morfone","9":"pa_color-schwarz-und-weiss","10":"pa_size-s","12":"first","13":"instock","14":"shipping-taxable","15":"purchasable","16":"product-type-simple","17":"customify-col","18":"product-has-gallery"},"yoast_head":"<!-- This site is optimized with the Yoast SEO plugin v27.4 - https:\/\/yoast.com\/product\/yoast-seo-wordpress\/ -->\n<title>Morfone Reiseflaschen Zum Bef\u00fcLlen,16-Teiligesreiseset,mit Kulturbeutel,Auslaufsicher Nachf\u00fcLlbar Tsa-Zugelassene\u2026 - Markt-XXL<\/title>\n<meta name=\"description\" content=\"Markt-XXL Morfone Reiseflaschen Zum Bef\u00fcLlen,16-Teiligesreiseset,mit Kulturbeutel,Auslaufsicher Nachf\u00fcLlbar Tsa-Zugelassene\u2026\" \/>\n<meta name=\"robots\" content=\"index, follow, max-snippet:-1, max-image-preview:large, max-video-preview:-1\" \/>\n<link rel=\"canonical\" href=\"https:\/\/marktxxl.de\/markt\/produkt\/morfone-reiseflaschen-zum-befuellen16-teiligesreisesetmit-kulturbeutelauslaufsicher-nachfuellbar-tsa-zugelassene-silikon-reiseflaschenverwendet-fuer-shampoo-lotion-spuelung-duschgel-fda-bpa-fre\/\" \/>\n<meta property=\"og:locale\" content=\"de_DE\" \/>\n<meta property=\"og:type\" content=\"article\" \/>\n<meta property=\"og:title\" content=\"Morfone Reiseflaschen Zum Bef\u00fcLlen,16-Teiligesreiseset,mit Kulturbeutel,Auslaufsicher Nachf\u00fcLlbar Tsa-Zugelassene\u2026 - Markt-XXL\" \/>\n<meta property=\"og:description\" content=\"Markt-XXL Morfone Reiseflaschen Zum Bef\u00fcLlen,16-Teiligesreiseset,mit Kulturbeutel,Auslaufsicher Nachf\u00fcLlbar Tsa-Zugelassene\u2026\" \/>\n<meta property=\"og:url\" content=\"https:\/\/marktxxl.de\/markt\/produkt\/morfone-reiseflaschen-zum-befuellen16-teiligesreisesetmit-kulturbeutelauslaufsicher-nachfuellbar-tsa-zugelassene-silikon-reiseflaschenverwendet-fuer-shampoo-lotion-spuelung-duschgel-fda-bpa-fre\/\" \/>\n<meta property=\"og:site_name\" content=\"Markt-XXL\" \/>\n<meta property=\"article:modified_time\" content=\"2023-04-10T02:28:43+00:00\" \/>\n<meta property=\"og:image\" content=\"https:\/\/m.media-amazon.com\/images\/I\/41ZqBaNsxtS._SL500_.jpg\" \/>\n\t<meta property=\"og:image:width\" content=\"500\" \/>\n\t<meta property=\"og:image:height\" content=\"500\" \/>\n\t<meta property=\"og:image:type\" content=\"image\/jpeg\" \/>\n<meta name=\"twitter:card\" content=\"summary_large_image\" \/>\n<meta name=\"twitter:label1\" content=\"Gesch\u00e4tzte Lesezeit\" \/>\n\t<meta name=\"twitter:data1\" content=\"1\u00a0Minute\" \/>\n<script type=\"application\/ld+json\" class=\"yoast-schema-graph\">{\"@context\":\"https:\\\/\\\/schema.org\",\"@graph\":[{\"@type\":\"WebPage\",\"@id\":\"https:\\\/\\\/marktxxl.de\\\/markt\\\/produkt\\\/morfone-reiseflaschen-zum-befuellen16-teiligesreisesetmit-kulturbeutelauslaufsicher-nachfuellbar-tsa-zugelassene-silikon-reiseflaschenverwendet-fuer-shampoo-lotion-spuelung-duschgel-fda-bpa-fre\\\/\",\"url\":\"https:\\\/\\\/marktxxl.de\\\/markt\\\/produkt\\\/morfone-reiseflaschen-zum-befuellen16-teiligesreisesetmit-kulturbeutelauslaufsicher-nachfuellbar-tsa-zugelassene-silikon-reiseflaschenverwendet-fuer-shampoo-lotion-spuelung-duschgel-fda-bpa-fre\\\/\",\"name\":\"Morfone Reiseflaschen Zum Bef\u00fcLlen,16-Teiligesreiseset,mit Kulturbeutel,Auslaufsicher Nachf\u00fcLlbar Tsa-Zugelassene\u2026 - Markt-XXL\",\"isPartOf\":{\"@id\":\"https:\\\/\\\/marktxxl.de\\\/markt\\\/#website\"},\"primaryImageOfPage\":{\"@id\":\"https:\\\/\\\/marktxxl.de\\\/markt\\\/produkt\\\/morfone-reiseflaschen-zum-befuellen16-teiligesreisesetmit-kulturbeutelauslaufsicher-nachfuellbar-tsa-zugelassene-silikon-reiseflaschenverwendet-fuer-shampoo-lotion-spuelung-duschgel-fda-bpa-fre\\\/#primaryimage\"},\"image\":{\"@id\":\"https:\\\/\\\/marktxxl.de\\\/markt\\\/produkt\\\/morfone-reiseflaschen-zum-befuellen16-teiligesreisesetmit-kulturbeutelauslaufsicher-nachfuellbar-tsa-zugelassene-silikon-reiseflaschenverwendet-fuer-shampoo-lotion-spuelung-duschgel-fda-bpa-fre\\\/#primaryimage\"},\"thumbnailUrl\":\"https:\\\/\\\/m.media-amazon.com\\\/images\\\/I\\\/41ZqBaNsxtS._SL500_.jpg\",\"datePublished\":\"2022-08-13T02:07:43+00:00\",\"dateModified\":\"2023-04-10T02:28:43+00:00\",\"description\":\"Markt-XXL Morfone Reiseflaschen Zum Bef\u00fcLlen,16-Teiligesreiseset,mit Kulturbeutel,Auslaufsicher Nachf\u00fcLlbar Tsa-Zugelassene\u2026\",\"breadcrumb\":{\"@id\":\"https:\\\/\\\/marktxxl.de\\\/markt\\\/produkt\\\/morfone-reiseflaschen-zum-befuellen16-teiligesreisesetmit-kulturbeutelauslaufsicher-nachfuellbar-tsa-zugelassene-silikon-reiseflaschenverwendet-fuer-shampoo-lotion-spuelung-duschgel-fda-bpa-fre\\\/#breadcrumb\"},\"inLanguage\":\"de\",\"potentialAction\":[{\"@type\":\"ReadAction\",\"target\":[\"https:\\\/\\\/marktxxl.de\\\/markt\\\/produkt\\\/morfone-reiseflaschen-zum-befuellen16-teiligesreisesetmit-kulturbeutelauslaufsicher-nachfuellbar-tsa-zugelassene-silikon-reiseflaschenverwendet-fuer-shampoo-lotion-spuelung-duschgel-fda-bpa-fre\\\/\"]}]},{\"@type\":\"ImageObject\",\"inLanguage\":\"de\",\"@id\":\"https:\\\/\\\/marktxxl.de\\\/markt\\\/produkt\\\/morfone-reiseflaschen-zum-befuellen16-teiligesreisesetmit-kulturbeutelauslaufsicher-nachfuellbar-tsa-zugelassene-silikon-reiseflaschenverwendet-fuer-shampoo-lotion-spuelung-duschgel-fda-bpa-fre\\\/#primaryimage\",\"url\":\"https:\\\/\\\/m.media-amazon.com\\\/images\\\/I\\\/41ZqBaNsxtS._SL500_.jpg\",\"contentUrl\":\"https:\\\/\\\/m.media-amazon.com\\\/images\\\/I\\\/41ZqBaNsxtS._SL500_.jpg\",\"width\":500,\"height\":500},{\"@type\":\"BreadcrumbList\",\"@id\":\"https:\\\/\\\/marktxxl.de\\\/markt\\\/produkt\\\/morfone-reiseflaschen-zum-befuellen16-teiligesreisesetmit-kulturbeutelauslaufsicher-nachfuellbar-tsa-zugelassene-silikon-reiseflaschenverwendet-fuer-shampoo-lotion-spuelung-duschgel-fda-bpa-fre\\\/#breadcrumb\",\"itemListElement\":[{\"@type\":\"ListItem\",\"position\":1,\"name\":\"Startseite\",\"item\":\"https:\\\/\\\/marktxxl.de\\\/markt\\\/\"},{\"@type\":\"ListItem\",\"position\":2,\"name\":\"Markt\",\"item\":\"https:\\\/\\\/marktxxl.de\\\/markt\\\/\"},{\"@type\":\"ListItem\",\"position\":3,\"name\":\"Morfone Reiseflaschen Zum Bef\u00fcLlen,16-Teiligesreiseset,mit Kulturbeutel,Auslaufsicher Nachf\u00fcLlbar Tsa-Zugelassene\u2026\"}]},{\"@type\":\"WebSite\",\"@id\":\"https:\\\/\\\/marktxxl.de\\\/markt\\\/#website\",\"url\":\"https:\\\/\\\/marktxxl.de\\\/markt\\\/\",\"name\":\"Markt-XXL\",\"description\":\"Ihr Markt Online\",\"publisher\":{\"@id\":\"https:\\\/\\\/marktxxl.de\\\/markt\\\/#organization\"},\"potentialAction\":[{\"@type\":\"SearchAction\",\"target\":{\"@type\":\"EntryPoint\",\"urlTemplate\":\"https:\\\/\\\/marktxxl.de\\\/markt\\\/?s={search_term_string}\"},\"query-input\":{\"@type\":\"PropertyValueSpecification\",\"valueRequired\":true,\"valueName\":\"search_term_string\"}}],\"inLanguage\":\"de\"},{\"@type\":\"Organization\",\"@id\":\"https:\\\/\\\/marktxxl.de\\\/markt\\\/#organization\",\"name\":\"Markt-XXL\",\"url\":\"https:\\\/\\\/marktxxl.de\\\/markt\\\/\",\"logo\":{\"@type\":\"ImageObject\",\"inLanguage\":\"de\",\"@id\":\"https:\\\/\\\/marktxxl.de\\\/markt\\\/#\\\/schema\\\/logo\\\/image\\\/\",\"url\":\"https:\\\/\\\/marktxxl.de\\\/markt\\\/wp-content\\\/uploads\\\/sites\\\/3\\\/2020\\\/12\\\/logo.png\",\"contentUrl\":\"https:\\\/\\\/marktxxl.de\\\/markt\\\/wp-content\\\/uploads\\\/sites\\\/3\\\/2020\\\/12\\\/logo.png\",\"width\":200,\"height\":70,\"caption\":\"Markt-XXL\"},\"image\":{\"@id\":\"https:\\\/\\\/marktxxl.de\\\/markt\\\/#\\\/schema\\\/logo\\\/image\\\/\"}}]}<\/script>\n<!-- \/ Yoast SEO plugin. -->","yoast_head_json":{"title":"Morfone Reiseflaschen Zum Bef\u00fcLlen,16-Teiligesreiseset,mit Kulturbeutel,Auslaufsicher Nachf\u00fcLlbar Tsa-Zugelassene\u2026 - Markt-XXL","description":"Markt-XXL Morfone Reiseflaschen Zum Bef\u00fcLlen,16-Teiligesreiseset,mit Kulturbeutel,Auslaufsicher Nachf\u00fcLlbar Tsa-Zugelassene\u2026","robots":{"index":"index","follow":"follow","max-snippet":"max-snippet:-1","max-image-preview":"max-image-preview:large","max-video-preview":"max-video-preview:-1"},"canonical":"https:\/\/marktxxl.de\/markt\/produkt\/morfone-reiseflaschen-zum-befuellen16-teiligesreisesetmit-kulturbeutelauslaufsicher-nachfuellbar-tsa-zugelassene-silikon-reiseflaschenverwendet-fuer-shampoo-lotion-spuelung-duschgel-fda-bpa-fre\/","og_locale":"de_DE","og_type":"article","og_title":"Morfone Reiseflaschen Zum Bef\u00fcLlen,16-Teiligesreiseset,mit Kulturbeutel,Auslaufsicher Nachf\u00fcLlbar Tsa-Zugelassene\u2026 - Markt-XXL","og_description":"Markt-XXL Morfone Reiseflaschen Zum Bef\u00fcLlen,16-Teiligesreiseset,mit Kulturbeutel,Auslaufsicher Nachf\u00fcLlbar Tsa-Zugelassene\u2026","og_url":"https:\/\/marktxxl.de\/markt\/produkt\/morfone-reiseflaschen-zum-befuellen16-teiligesreisesetmit-kulturbeutelauslaufsicher-nachfuellbar-tsa-zugelassene-silikon-reiseflaschenverwendet-fuer-shampoo-lotion-spuelung-duschgel-fda-bpa-fre\/","og_site_name":"Markt-XXL","article_modified_time":"2023-04-10T02:28:43+00:00","og_image":[{"width":500,"height":500,"url":"https:\/\/m.media-amazon.com\/images\/I\/41ZqBaNsxtS._SL500_.jpg","type":"image\/jpeg"}],"twitter_card":"summary_large_image","twitter_misc":{"Gesch\u00e4tzte Lesezeit":"1\u00a0Minute"},"schema":{"@context":"https:\/\/schema.org","@graph":[{"@type":"WebPage","@id":"https:\/\/marktxxl.de\/markt\/produkt\/morfone-reiseflaschen-zum-befuellen16-teiligesreisesetmit-kulturbeutelauslaufsicher-nachfuellbar-tsa-zugelassene-silikon-reiseflaschenverwendet-fuer-shampoo-lotion-spuelung-duschgel-fda-bpa-fre\/","url":"https:\/\/marktxxl.de\/markt\/produkt\/morfone-reiseflaschen-zum-befuellen16-teiligesreisesetmit-kulturbeutelauslaufsicher-nachfuellbar-tsa-zugelassene-silikon-reiseflaschenverwendet-fuer-shampoo-lotion-spuelung-duschgel-fda-bpa-fre\/","name":"Morfone Reiseflaschen Zum Bef\u00fcLlen,16-Teiligesreiseset,mit Kulturbeutel,Auslaufsicher Nachf\u00fcLlbar Tsa-Zugelassene\u2026 - Markt-XXL","isPartOf":{"@id":"https:\/\/marktxxl.de\/markt\/#website"},"primaryImageOfPage":{"@id":"https:\/\/marktxxl.de\/markt\/produkt\/morfone-reiseflaschen-zum-befuellen16-teiligesreisesetmit-kulturbeutelauslaufsicher-nachfuellbar-tsa-zugelassene-silikon-reiseflaschenverwendet-fuer-shampoo-lotion-spuelung-duschgel-fda-bpa-fre\/#primaryimage"},"image":{"@id":"https:\/\/marktxxl.de\/markt\/produkt\/morfone-reiseflaschen-zum-befuellen16-teiligesreisesetmit-kulturbeutelauslaufsicher-nachfuellbar-tsa-zugelassene-silikon-reiseflaschenverwendet-fuer-shampoo-lotion-spuelung-duschgel-fda-bpa-fre\/#primaryimage"},"thumbnailUrl":"https:\/\/m.media-amazon.com\/images\/I\/41ZqBaNsxtS._SL500_.jpg","datePublished":"2022-08-13T02:07:43+00:00","dateModified":"2023-04-10T02:28:43+00:00","description":"Markt-XXL Morfone Reiseflaschen Zum Bef\u00fcLlen,16-Teiligesreiseset,mit Kulturbeutel,Auslaufsicher Nachf\u00fcLlbar Tsa-Zugelassene\u2026","breadcrumb":{"@id":"https:\/\/marktxxl.de\/markt\/produkt\/morfone-reiseflaschen-zum-befuellen16-teiligesreisesetmit-kulturbeutelauslaufsicher-nachfuellbar-tsa-zugelassene-silikon-reiseflaschenverwendet-fuer-shampoo-lotion-spuelung-duschgel-fda-bpa-fre\/#breadcrumb"},"inLanguage":"de","potentialAction":[{"@type":"ReadAction","target":["https:\/\/marktxxl.de\/markt\/produkt\/morfone-reiseflaschen-zum-befuellen16-teiligesreisesetmit-kulturbeutelauslaufsicher-nachfuellbar-tsa-zugelassene-silikon-reiseflaschenverwendet-fuer-shampoo-lotion-spuelung-duschgel-fda-bpa-fre\/"]}]},{"@type":"ImageObject","inLanguage":"de","@id":"https:\/\/marktxxl.de\/markt\/produkt\/morfone-reiseflaschen-zum-befuellen16-teiligesreisesetmit-kulturbeutelauslaufsicher-nachfuellbar-tsa-zugelassene-silikon-reiseflaschenverwendet-fuer-shampoo-lotion-spuelung-duschgel-fda-bpa-fre\/#primaryimage","url":"https:\/\/m.media-amazon.com\/images\/I\/41ZqBaNsxtS._SL500_.jpg","contentUrl":"https:\/\/m.media-amazon.com\/images\/I\/41ZqBaNsxtS._SL500_.jpg","width":500,"height":500},{"@type":"BreadcrumbList","@id":"https:\/\/marktxxl.de\/markt\/produkt\/morfone-reiseflaschen-zum-befuellen16-teiligesreisesetmit-kulturbeutelauslaufsicher-nachfuellbar-tsa-zugelassene-silikon-reiseflaschenverwendet-fuer-shampoo-lotion-spuelung-duschgel-fda-bpa-fre\/#breadcrumb","itemListElement":[{"@type":"ListItem","position":1,"name":"Startseite","item":"https:\/\/marktxxl.de\/markt\/"},{"@type":"ListItem","position":2,"name":"Markt","item":"https:\/\/marktxxl.de\/markt\/"},{"@type":"ListItem","position":3,"name":"Morfone Reiseflaschen Zum Bef\u00fcLlen,16-Teiligesreiseset,mit Kulturbeutel,Auslaufsicher Nachf\u00fcLlbar Tsa-Zugelassene\u2026"}]},{"@type":"WebSite","@id":"https:\/\/marktxxl.de\/markt\/#website","url":"https:\/\/marktxxl.de\/markt\/","name":"Markt-XXL","description":"Ihr Markt Online","publisher":{"@id":"https:\/\/marktxxl.de\/markt\/#organization"},"potentialAction":[{"@type":"SearchAction","target":{"@type":"EntryPoint","urlTemplate":"https:\/\/marktxxl.de\/markt\/?s={search_term_string}"},"query-input":{"@type":"PropertyValueSpecification","valueRequired":true,"valueName":"search_term_string"}}],"inLanguage":"de"},{"@type":"Organization","@id":"https:\/\/marktxxl.de\/markt\/#organization","name":"Markt-XXL","url":"https:\/\/marktxxl.de\/markt\/","logo":{"@type":"ImageObject","inLanguage":"de","@id":"https:\/\/marktxxl.de\/markt\/#\/schema\/logo\/image\/","url":"https:\/\/marktxxl.de\/markt\/wp-content\/uploads\/sites\/3\/2020\/12\/logo.png","contentUrl":"https:\/\/marktxxl.de\/markt\/wp-content\/uploads\/sites\/3\/2020\/12\/logo.png","width":200,"height":70,"caption":"Markt-XXL"},"image":{"@id":"https:\/\/marktxxl.de\/markt\/#\/schema\/logo\/image\/"}}]}},"_links":{"self":[{"href":"https:\/\/marktxxl.de\/markt\/wp-json\/wp\/v2\/product\/144014","targetHints":{"allow":["GET"]}}],"collection":[{"href":"https:\/\/marktxxl.de\/markt\/wp-json\/wp\/v2\/product"}],"about":[{"href":"https:\/\/marktxxl.de\/markt\/wp-json\/wp\/v2\/types\/product"}],"replies":[{"embeddable":true,"href":"https:\/\/marktxxl.de\/markt\/wp-json\/wp\/v2\/comments?post=144014"}],"wp:featuredmedia":[{"embeddable":true,"href":"https:\/\/marktxxl.de\/markt\/wp-json\/wp\/v2\/media\/144015"}],"wp:attachment":[{"href":"https:\/\/marktxxl.de\/markt\/wp-json\/wp\/v2\/media?parent=144014"}],"wp:term":[{"taxonomy":"product_brand","embeddable":true,"href":"https:\/\/marktxxl.de\/markt\/wp-json\/wp\/v2\/product_brand?post=144014"},{"taxonomy":"product_cat","embeddable":true,"href":"https:\/\/marktxxl.de\/markt\/wp-json\/wp\/v2\/product_cat?post=144014"},{"taxonomy":"product_tag","embeddable":true,"href":"https:\/\/marktxxl.de\/markt\/wp-json\/wp\/v2\/product_tag?post=144014"}],"curies":[{"name":"wp","href":"https:\/\/api.w.org\/{rel}","templated":true}]}}