{"id":143990,"date":"2022-08-13T04:06:04","date_gmt":"2022-08-13T02:06:04","guid":{"rendered":"https:\/\/marktxxl.de\/markt\/produkt\/mococito-transparenter-fluessigkeit-aufbewahrungsbeutel-fuer-flugreisen-fit-fuer-neue-europaeische-enac-verordnung-nr-266-2013-fit-fuer-tsa-verordnung-ueber-fluessigkeitsgrenzwerte\/"},"modified":"2023-04-10T04:28:43","modified_gmt":"2023-04-10T02:28:43","slug":"mococito-transparenter-fluessigkeit-aufbewahrungsbeutel-fuer-flugreisen-fit-fuer-neue-europaeische-enac-verordnung-nr-266-2013-fit-fuer-tsa-verordnung-ueber-fluessigkeitsgrenzwerte","status":"publish","type":"product","link":"https:\/\/marktxxl.de\/markt\/produkt\/mococito-transparenter-fluessigkeit-aufbewahrungsbeutel-fuer-flugreisen-fit-fuer-neue-europaeische-enac-verordnung-nr-266-2013-fit-fuer-tsa-verordnung-ueber-fluessigkeitsgrenzwerte\/","title":{"rendered":"MOCOCITO Zip-Beutel | 12\/15 St\u00fcck 20 x 20cm | Dry-Bag Wasserdicht Geruchsdicht &amp; Sicher | Flugzeug-Reise-Zulassung\u2026"},"content":{"rendered":"<p>Transparent, langlebig, wiederverwendbar. Hergestellt aus hochwertigem PVC-Material und der hochfeste Rei\u00dfverschluss bietet Ihnen eine langfristige Nutzungserfahrung. Sch\u00fctzt Ihre Gegenst\u00e4nde perfekt vor Wasser, Staub und Sand<br \/>\nEntspricht der Regelung der europ\u00e4ischen Union des Handger\u00e4ts. Die Tasche ist transparent und wiederverschlie\u00dfbar und misst 20 x 20 cm, deren Fassungsverm\u00f6gen nicht mehr als 1 Liter. Entspricht den europ\u00e4ischen und britischen Handgep\u00e4ckvorschriften Es hilft Ihnen, Fl\u00fcssigkeitsbeh\u00e4lter sicher aufzubewahren und beschleunigt die \u00dcberpr\u00fcfung beim Durchlaufen der Sicherheitskontrollen am Flughafen.<br \/>\n8 Reisedosen im Lieferumfang enthalten: Die Kosmetiktasche hat die Gr\u00f6\u00dfe 21 cm x 16 cm x 6 cm und enth\u00e4lt 8 auslaufsichere Reiseflaschen zum Mitnehmen Ihrer eigenen Kosmetika | 1 x 100 ml Spraydose f\u00fcr Cremes, 2 x 100 ml Dose mit Deckel, 3 x 30 ml Cremedose mit Schraubdeckel. A, 1 x 10 ml Parf\u00fcmflasche. Die Reiseflaschen k\u00f6nnen nicht bei \u00fcber 40 \u00b0C (104 \u2109) im Wasser gewaschen werden<br \/>\nSicherheit: Die Kulturtasche besteht aus strapazierf\u00e4higem 0,3 mm dickem PVC-Material und mit doppeltem hochwertigem Metallrei\u00dfverschluss. Perfekt zum Schutz Ihrer Flaschen vor Reisen, Kosmetika, pers\u00f6nliche Toilette gegen St\u00f6\u00dfe<br \/>\nKompakt, leicht, tragbar \u2013 Die Kulturtasche ist waschbar, leicht, wasserdicht, Ihr treuer Begleiter im Alltag und auf Reisen. Wird von Tausenden zufriedenen Kunden als Organizer, Sch\u00f6nheitsetui, Kulturbeutel im Freien, Toilettenartikeltasche, H\u00e4ngende Schwammtasche, Dopp Kit f\u00fcr Gep\u00e4ck, Rucksack, Camping, Sport, Fitnessstudio, M\u00e4nner, Frauen verwendet<br \/>\n<div class=\"main-cross-sell\" data-asin=\"B07RJZPZPX\">\n\n\t<div class=\"WooZone-cross-sell-loader\">\n\t\t<div>\n\t\t\t<div id=\"floatingBarsG\">\n\t\t\t\t<div class=\"blockG\" id=\"rotateG_01\"><\/div>\n\t\t\t\t<div class=\"blockG\" id=\"rotateG_02\"><\/div>\n\t\t\t\t<div class=\"blockG\" id=\"rotateG_03\"><\/div>\n\t\t\t\t<div class=\"blockG\" id=\"rotateG_04\"><\/div>\n\t\t\t\t<div class=\"blockG\" id=\"rotateG_05\"><\/div>\n\t\t\t\t<div class=\"blockG\" id=\"rotateG_06\"><\/div>\n\t\t\t\t<div class=\"blockG\" id=\"rotateG_07\"><\/div>\n\t\t\t\t<div class=\"blockG\" id=\"rotateG_08\"><\/div>\n\t\t\t<\/div>\n\t\t\t<div class=\"WooZone-cross-sell-loader-text\"><\/div>\n\t\t<\/div>\n\t<\/div>\n\n\t\t\n<\/div>\n<div style=\"clear:both;\"><\/div><\/p>\n","protected":false},"excerpt":{"rendered":"<p>Transparent, langlebig, wiederverwendbar. Hergestellt aus hochwertigem PVC-Material und der hochfeste Rei\u00dfverschluss bietet Ihnen eine langfristige Nutzungserfahrung. Sch\u00fctzt Ihre Gegenst\u00e4nde perfekt vor Wasser, Staub und Sand<br \/>\nEntspricht der Regelung der europ\u00e4ischen Union des Handger\u00e4ts. Die Tasche ist transparent und wiederverschlie\u00dfbar und misst 20 x 20 cm, deren Fassungsverm\u00f6gen nicht mehr als 1 Liter. Entspricht den europ\u00e4ischen und britischen Handgep\u00e4ckvorschriften Es hilft Ihnen, Fl\u00fcssigkeitsbeh\u00e4lter sicher aufzubewahren und beschleunigt die \u00dcberpr\u00fcfung beim Durchlaufen der Sicherheitskontrollen am Flughafen.<br \/>\n8 Reisedosen im Lieferumfang enthalten: Die Kosmetiktasche hat die Gr\u00f6\u00dfe 21 cm x 16 cm x 6 cm und enth\u00e4lt 8 auslaufsichere Reiseflaschen zum Mitnehmen Ihrer eigenen Kosmetika | 1 x 100 ml Spraydose f\u00fcr Cremes, 2 x 100 ml Dose mit Deckel, 3 x 30 ml Cremedose mit Schraubdeckel. A, 1 x 10 ml Parf\u00fcmflasche. Die Reiseflaschen k\u00f6nnen nicht bei \u00fcber 40 \u00b0C (104 \u2109) im Wasser gewaschen werden<\/p>\n","protected":false},"featured_media":143991,"comment_status":"open","ping_status":"closed","template":"","meta":[],"product_brand":[],"product_cat":[2858,7726],"product_tag":[],"class_list":{"0":"post-143990","1":"product","2":"type-product","3":"status-publish","4":"has-post-thumbnail","6":"product_cat-beauty","7":"product_cat-zubehoer-beauty","8":"pa_brand-mococito","9":"pa_manufacturer-mococito","11":"first","12":"instock","13":"shipping-taxable","14":"purchasable","15":"product-type-simple","16":"customify-col","17":"product-has-gallery"},"yoast_head":"<!-- This site is optimized with the Yoast SEO plugin v27.4 - https:\/\/yoast.com\/product\/yoast-seo-wordpress\/ -->\n<title>MOCOCITO Zip-Beutel | 12\/15 St\u00fcck 20 x 20cm | Dry-Bag Wasserdicht Geruchsdicht &amp; Sicher | Flugzeug-Reise-Zulassung\u2026 - Markt-XXL<\/title>\n<meta name=\"description\" content=\"Markt-XXL MOCOCITO Zip-Beutel | 12\/15 St\u00fcck 20 x 20cm | Dry-Bag Wasserdicht Geruchsdicht &amp; Sicher | Flugzeug-Reise-Zulassung\u2026\" \/>\n<meta name=\"robots\" content=\"index, follow, max-snippet:-1, max-image-preview:large, max-video-preview:-1\" \/>\n<link rel=\"canonical\" href=\"https:\/\/marktxxl.de\/markt\/produkt\/mococito-transparenter-fluessigkeit-aufbewahrungsbeutel-fuer-flugreisen-fit-fuer-neue-europaeische-enac-verordnung-nr-266-2013-fit-fuer-tsa-verordnung-ueber-fluessigkeitsgrenzwerte\/\" \/>\n<meta property=\"og:locale\" content=\"de_DE\" \/>\n<meta property=\"og:type\" content=\"article\" \/>\n<meta property=\"og:title\" content=\"MOCOCITO Zip-Beutel | 12\/15 St\u00fcck 20 x 20cm | Dry-Bag Wasserdicht Geruchsdicht &amp; Sicher | Flugzeug-Reise-Zulassung\u2026 - Markt-XXL\" \/>\n<meta property=\"og:description\" content=\"Markt-XXL MOCOCITO Zip-Beutel | 12\/15 St\u00fcck 20 x 20cm | Dry-Bag Wasserdicht Geruchsdicht &amp; Sicher | Flugzeug-Reise-Zulassung\u2026\" \/>\n<meta property=\"og:url\" content=\"https:\/\/marktxxl.de\/markt\/produkt\/mococito-transparenter-fluessigkeit-aufbewahrungsbeutel-fuer-flugreisen-fit-fuer-neue-europaeische-enac-verordnung-nr-266-2013-fit-fuer-tsa-verordnung-ueber-fluessigkeitsgrenzwerte\/\" \/>\n<meta property=\"og:site_name\" content=\"Markt-XXL\" \/>\n<meta property=\"article:modified_time\" content=\"2023-04-10T02:28:43+00:00\" \/>\n<meta property=\"og:image\" content=\"https:\/\/m.media-amazon.com\/images\/I\/41it7pDw2nL._SL500_.jpg\" \/>\n\t<meta property=\"og:image:width\" content=\"500\" \/>\n\t<meta property=\"og:image:height\" content=\"500\" \/>\n\t<meta property=\"og:image:type\" content=\"image\/jpeg\" \/>\n<meta name=\"twitter:card\" content=\"summary_large_image\" \/>\n<meta name=\"twitter:label1\" content=\"Gesch\u00e4tzte Lesezeit\" \/>\n\t<meta name=\"twitter:data1\" content=\"1\u00a0Minute\" \/>\n<script type=\"application\/ld+json\" class=\"yoast-schema-graph\">{\"@context\":\"https:\\\/\\\/schema.org\",\"@graph\":[{\"@type\":\"WebPage\",\"@id\":\"https:\\\/\\\/marktxxl.de\\\/markt\\\/produkt\\\/mococito-transparenter-fluessigkeit-aufbewahrungsbeutel-fuer-flugreisen-fit-fuer-neue-europaeische-enac-verordnung-nr-266-2013-fit-fuer-tsa-verordnung-ueber-fluessigkeitsgrenzwerte\\\/\",\"url\":\"https:\\\/\\\/marktxxl.de\\\/markt\\\/produkt\\\/mococito-transparenter-fluessigkeit-aufbewahrungsbeutel-fuer-flugreisen-fit-fuer-neue-europaeische-enac-verordnung-nr-266-2013-fit-fuer-tsa-verordnung-ueber-fluessigkeitsgrenzwerte\\\/\",\"name\":\"MOCOCITO Zip-Beutel | 12\\\/15 St\u00fcck 20 x 20cm | Dry-Bag Wasserdicht Geruchsdicht &amp; Sicher | Flugzeug-Reise-Zulassung\u2026 - Markt-XXL\",\"isPartOf\":{\"@id\":\"https:\\\/\\\/marktxxl.de\\\/markt\\\/#website\"},\"primaryImageOfPage\":{\"@id\":\"https:\\\/\\\/marktxxl.de\\\/markt\\\/produkt\\\/mococito-transparenter-fluessigkeit-aufbewahrungsbeutel-fuer-flugreisen-fit-fuer-neue-europaeische-enac-verordnung-nr-266-2013-fit-fuer-tsa-verordnung-ueber-fluessigkeitsgrenzwerte\\\/#primaryimage\"},\"image\":{\"@id\":\"https:\\\/\\\/marktxxl.de\\\/markt\\\/produkt\\\/mococito-transparenter-fluessigkeit-aufbewahrungsbeutel-fuer-flugreisen-fit-fuer-neue-europaeische-enac-verordnung-nr-266-2013-fit-fuer-tsa-verordnung-ueber-fluessigkeitsgrenzwerte\\\/#primaryimage\"},\"thumbnailUrl\":\"https:\\\/\\\/m.media-amazon.com\\\/images\\\/I\\\/41it7pDw2nL._SL500_.jpg\",\"datePublished\":\"2022-08-13T02:06:04+00:00\",\"dateModified\":\"2023-04-10T02:28:43+00:00\",\"description\":\"Markt-XXL MOCOCITO Zip-Beutel | 12\\\/15 St\u00fcck 20 x 20cm | Dry-Bag Wasserdicht Geruchsdicht &amp; Sicher | Flugzeug-Reise-Zulassung\u2026\",\"breadcrumb\":{\"@id\":\"https:\\\/\\\/marktxxl.de\\\/markt\\\/produkt\\\/mococito-transparenter-fluessigkeit-aufbewahrungsbeutel-fuer-flugreisen-fit-fuer-neue-europaeische-enac-verordnung-nr-266-2013-fit-fuer-tsa-verordnung-ueber-fluessigkeitsgrenzwerte\\\/#breadcrumb\"},\"inLanguage\":\"de\",\"potentialAction\":[{\"@type\":\"ReadAction\",\"target\":[\"https:\\\/\\\/marktxxl.de\\\/markt\\\/produkt\\\/mococito-transparenter-fluessigkeit-aufbewahrungsbeutel-fuer-flugreisen-fit-fuer-neue-europaeische-enac-verordnung-nr-266-2013-fit-fuer-tsa-verordnung-ueber-fluessigkeitsgrenzwerte\\\/\"]}]},{\"@type\":\"ImageObject\",\"inLanguage\":\"de\",\"@id\":\"https:\\\/\\\/marktxxl.de\\\/markt\\\/produkt\\\/mococito-transparenter-fluessigkeit-aufbewahrungsbeutel-fuer-flugreisen-fit-fuer-neue-europaeische-enac-verordnung-nr-266-2013-fit-fuer-tsa-verordnung-ueber-fluessigkeitsgrenzwerte\\\/#primaryimage\",\"url\":\"https:\\\/\\\/m.media-amazon.com\\\/images\\\/I\\\/41it7pDw2nL._SL500_.jpg\",\"contentUrl\":\"https:\\\/\\\/m.media-amazon.com\\\/images\\\/I\\\/41it7pDw2nL._SL500_.jpg\",\"width\":500,\"height\":500},{\"@type\":\"BreadcrumbList\",\"@id\":\"https:\\\/\\\/marktxxl.de\\\/markt\\\/produkt\\\/mococito-transparenter-fluessigkeit-aufbewahrungsbeutel-fuer-flugreisen-fit-fuer-neue-europaeische-enac-verordnung-nr-266-2013-fit-fuer-tsa-verordnung-ueber-fluessigkeitsgrenzwerte\\\/#breadcrumb\",\"itemListElement\":[{\"@type\":\"ListItem\",\"position\":1,\"name\":\"Startseite\",\"item\":\"https:\\\/\\\/marktxxl.de\\\/markt\\\/\"},{\"@type\":\"ListItem\",\"position\":2,\"name\":\"Markt\",\"item\":\"https:\\\/\\\/marktxxl.de\\\/markt\\\/\"},{\"@type\":\"ListItem\",\"position\":3,\"name\":\"MOCOCITO Zip-Beutel | 12\\\/15 St\u00fcck 20 x 20cm | Dry-Bag Wasserdicht Geruchsdicht &amp; Sicher | Flugzeug-Reise-Zulassung\u2026\"}]},{\"@type\":\"WebSite\",\"@id\":\"https:\\\/\\\/marktxxl.de\\\/markt\\\/#website\",\"url\":\"https:\\\/\\\/marktxxl.de\\\/markt\\\/\",\"name\":\"Markt-XXL\",\"description\":\"Ihr Markt Online\",\"publisher\":{\"@id\":\"https:\\\/\\\/marktxxl.de\\\/markt\\\/#organization\"},\"potentialAction\":[{\"@type\":\"SearchAction\",\"target\":{\"@type\":\"EntryPoint\",\"urlTemplate\":\"https:\\\/\\\/marktxxl.de\\\/markt\\\/?s={search_term_string}\"},\"query-input\":{\"@type\":\"PropertyValueSpecification\",\"valueRequired\":true,\"valueName\":\"search_term_string\"}}],\"inLanguage\":\"de\"},{\"@type\":\"Organization\",\"@id\":\"https:\\\/\\\/marktxxl.de\\\/markt\\\/#organization\",\"name\":\"Markt-XXL\",\"url\":\"https:\\\/\\\/marktxxl.de\\\/markt\\\/\",\"logo\":{\"@type\":\"ImageObject\",\"inLanguage\":\"de\",\"@id\":\"https:\\\/\\\/marktxxl.de\\\/markt\\\/#\\\/schema\\\/logo\\\/image\\\/\",\"url\":\"https:\\\/\\\/marktxxl.de\\\/markt\\\/wp-content\\\/uploads\\\/sites\\\/3\\\/2020\\\/12\\\/logo.png\",\"contentUrl\":\"https:\\\/\\\/marktxxl.de\\\/markt\\\/wp-content\\\/uploads\\\/sites\\\/3\\\/2020\\\/12\\\/logo.png\",\"width\":200,\"height\":70,\"caption\":\"Markt-XXL\"},\"image\":{\"@id\":\"https:\\\/\\\/marktxxl.de\\\/markt\\\/#\\\/schema\\\/logo\\\/image\\\/\"}}]}<\/script>\n<!-- \/ Yoast SEO plugin. -->","yoast_head_json":{"title":"MOCOCITO Zip-Beutel | 12\/15 St\u00fcck 20 x 20cm | Dry-Bag Wasserdicht Geruchsdicht &amp; Sicher | Flugzeug-Reise-Zulassung\u2026 - Markt-XXL","description":"Markt-XXL MOCOCITO Zip-Beutel | 12\/15 St\u00fcck 20 x 20cm | Dry-Bag Wasserdicht Geruchsdicht &amp; Sicher | Flugzeug-Reise-Zulassung\u2026","robots":{"index":"index","follow":"follow","max-snippet":"max-snippet:-1","max-image-preview":"max-image-preview:large","max-video-preview":"max-video-preview:-1"},"canonical":"https:\/\/marktxxl.de\/markt\/produkt\/mococito-transparenter-fluessigkeit-aufbewahrungsbeutel-fuer-flugreisen-fit-fuer-neue-europaeische-enac-verordnung-nr-266-2013-fit-fuer-tsa-verordnung-ueber-fluessigkeitsgrenzwerte\/","og_locale":"de_DE","og_type":"article","og_title":"MOCOCITO Zip-Beutel | 12\/15 St\u00fcck 20 x 20cm | Dry-Bag Wasserdicht Geruchsdicht &amp; Sicher | Flugzeug-Reise-Zulassung\u2026 - Markt-XXL","og_description":"Markt-XXL MOCOCITO Zip-Beutel | 12\/15 St\u00fcck 20 x 20cm | Dry-Bag Wasserdicht Geruchsdicht &amp; Sicher | Flugzeug-Reise-Zulassung\u2026","og_url":"https:\/\/marktxxl.de\/markt\/produkt\/mococito-transparenter-fluessigkeit-aufbewahrungsbeutel-fuer-flugreisen-fit-fuer-neue-europaeische-enac-verordnung-nr-266-2013-fit-fuer-tsa-verordnung-ueber-fluessigkeitsgrenzwerte\/","og_site_name":"Markt-XXL","article_modified_time":"2023-04-10T02:28:43+00:00","og_image":[{"width":500,"height":500,"url":"https:\/\/m.media-amazon.com\/images\/I\/41it7pDw2nL._SL500_.jpg","type":"image\/jpeg"}],"twitter_card":"summary_large_image","twitter_misc":{"Gesch\u00e4tzte Lesezeit":"1\u00a0Minute"},"schema":{"@context":"https:\/\/schema.org","@graph":[{"@type":"WebPage","@id":"https:\/\/marktxxl.de\/markt\/produkt\/mococito-transparenter-fluessigkeit-aufbewahrungsbeutel-fuer-flugreisen-fit-fuer-neue-europaeische-enac-verordnung-nr-266-2013-fit-fuer-tsa-verordnung-ueber-fluessigkeitsgrenzwerte\/","url":"https:\/\/marktxxl.de\/markt\/produkt\/mococito-transparenter-fluessigkeit-aufbewahrungsbeutel-fuer-flugreisen-fit-fuer-neue-europaeische-enac-verordnung-nr-266-2013-fit-fuer-tsa-verordnung-ueber-fluessigkeitsgrenzwerte\/","name":"MOCOCITO Zip-Beutel | 12\/15 St\u00fcck 20 x 20cm | Dry-Bag Wasserdicht Geruchsdicht &amp; Sicher | Flugzeug-Reise-Zulassung\u2026 - Markt-XXL","isPartOf":{"@id":"https:\/\/marktxxl.de\/markt\/#website"},"primaryImageOfPage":{"@id":"https:\/\/marktxxl.de\/markt\/produkt\/mococito-transparenter-fluessigkeit-aufbewahrungsbeutel-fuer-flugreisen-fit-fuer-neue-europaeische-enac-verordnung-nr-266-2013-fit-fuer-tsa-verordnung-ueber-fluessigkeitsgrenzwerte\/#primaryimage"},"image":{"@id":"https:\/\/marktxxl.de\/markt\/produkt\/mococito-transparenter-fluessigkeit-aufbewahrungsbeutel-fuer-flugreisen-fit-fuer-neue-europaeische-enac-verordnung-nr-266-2013-fit-fuer-tsa-verordnung-ueber-fluessigkeitsgrenzwerte\/#primaryimage"},"thumbnailUrl":"https:\/\/m.media-amazon.com\/images\/I\/41it7pDw2nL._SL500_.jpg","datePublished":"2022-08-13T02:06:04+00:00","dateModified":"2023-04-10T02:28:43+00:00","description":"Markt-XXL MOCOCITO Zip-Beutel | 12\/15 St\u00fcck 20 x 20cm | Dry-Bag Wasserdicht Geruchsdicht &amp; Sicher | Flugzeug-Reise-Zulassung\u2026","breadcrumb":{"@id":"https:\/\/marktxxl.de\/markt\/produkt\/mococito-transparenter-fluessigkeit-aufbewahrungsbeutel-fuer-flugreisen-fit-fuer-neue-europaeische-enac-verordnung-nr-266-2013-fit-fuer-tsa-verordnung-ueber-fluessigkeitsgrenzwerte\/#breadcrumb"},"inLanguage":"de","potentialAction":[{"@type":"ReadAction","target":["https:\/\/marktxxl.de\/markt\/produkt\/mococito-transparenter-fluessigkeit-aufbewahrungsbeutel-fuer-flugreisen-fit-fuer-neue-europaeische-enac-verordnung-nr-266-2013-fit-fuer-tsa-verordnung-ueber-fluessigkeitsgrenzwerte\/"]}]},{"@type":"ImageObject","inLanguage":"de","@id":"https:\/\/marktxxl.de\/markt\/produkt\/mococito-transparenter-fluessigkeit-aufbewahrungsbeutel-fuer-flugreisen-fit-fuer-neue-europaeische-enac-verordnung-nr-266-2013-fit-fuer-tsa-verordnung-ueber-fluessigkeitsgrenzwerte\/#primaryimage","url":"https:\/\/m.media-amazon.com\/images\/I\/41it7pDw2nL._SL500_.jpg","contentUrl":"https:\/\/m.media-amazon.com\/images\/I\/41it7pDw2nL._SL500_.jpg","width":500,"height":500},{"@type":"BreadcrumbList","@id":"https:\/\/marktxxl.de\/markt\/produkt\/mococito-transparenter-fluessigkeit-aufbewahrungsbeutel-fuer-flugreisen-fit-fuer-neue-europaeische-enac-verordnung-nr-266-2013-fit-fuer-tsa-verordnung-ueber-fluessigkeitsgrenzwerte\/#breadcrumb","itemListElement":[{"@type":"ListItem","position":1,"name":"Startseite","item":"https:\/\/marktxxl.de\/markt\/"},{"@type":"ListItem","position":2,"name":"Markt","item":"https:\/\/marktxxl.de\/markt\/"},{"@type":"ListItem","position":3,"name":"MOCOCITO Zip-Beutel | 12\/15 St\u00fcck 20 x 20cm | Dry-Bag Wasserdicht Geruchsdicht &amp; Sicher | Flugzeug-Reise-Zulassung\u2026"}]},{"@type":"WebSite","@id":"https:\/\/marktxxl.de\/markt\/#website","url":"https:\/\/marktxxl.de\/markt\/","name":"Markt-XXL","description":"Ihr Markt Online","publisher":{"@id":"https:\/\/marktxxl.de\/markt\/#organization"},"potentialAction":[{"@type":"SearchAction","target":{"@type":"EntryPoint","urlTemplate":"https:\/\/marktxxl.de\/markt\/?s={search_term_string}"},"query-input":{"@type":"PropertyValueSpecification","valueRequired":true,"valueName":"search_term_string"}}],"inLanguage":"de"},{"@type":"Organization","@id":"https:\/\/marktxxl.de\/markt\/#organization","name":"Markt-XXL","url":"https:\/\/marktxxl.de\/markt\/","logo":{"@type":"ImageObject","inLanguage":"de","@id":"https:\/\/marktxxl.de\/markt\/#\/schema\/logo\/image\/","url":"https:\/\/marktxxl.de\/markt\/wp-content\/uploads\/sites\/3\/2020\/12\/logo.png","contentUrl":"https:\/\/marktxxl.de\/markt\/wp-content\/uploads\/sites\/3\/2020\/12\/logo.png","width":200,"height":70,"caption":"Markt-XXL"},"image":{"@id":"https:\/\/marktxxl.de\/markt\/#\/schema\/logo\/image\/"}}]}},"_links":{"self":[{"href":"https:\/\/marktxxl.de\/markt\/wp-json\/wp\/v2\/product\/143990","targetHints":{"allow":["GET"]}}],"collection":[{"href":"https:\/\/marktxxl.de\/markt\/wp-json\/wp\/v2\/product"}],"about":[{"href":"https:\/\/marktxxl.de\/markt\/wp-json\/wp\/v2\/types\/product"}],"replies":[{"embeddable":true,"href":"https:\/\/marktxxl.de\/markt\/wp-json\/wp\/v2\/comments?post=143990"}],"wp:featuredmedia":[{"embeddable":true,"href":"https:\/\/marktxxl.de\/markt\/wp-json\/wp\/v2\/media\/143991"}],"wp:attachment":[{"href":"https:\/\/marktxxl.de\/markt\/wp-json\/wp\/v2\/media?parent=143990"}],"wp:term":[{"taxonomy":"product_brand","embeddable":true,"href":"https:\/\/marktxxl.de\/markt\/wp-json\/wp\/v2\/product_brand?post=143990"},{"taxonomy":"product_cat","embeddable":true,"href":"https:\/\/marktxxl.de\/markt\/wp-json\/wp\/v2\/product_cat?post=143990"},{"taxonomy":"product_tag","embeddable":true,"href":"https:\/\/marktxxl.de\/markt\/wp-json\/wp\/v2\/product_tag?post=143990"}],"curies":[{"name":"wp","href":"https:\/\/api.w.org\/{rel}","templated":true}]}}