{"id":143987,"date":"2022-08-13T04:05:54","date_gmt":"2022-08-13T02:05:54","guid":{"rendered":"https:\/\/marktxxl.de\/markt\/produkt\/strong-hand-tools-ausrichtung-klemme-mit-schnell-handeln-schrauben-cpa60\/"},"modified":"2023-04-10T04:28:43","modified_gmt":"2023-04-10T02:28:43","slug":"strong-hand-tools-ausrichtung-klemme-mit-schnell-handeln-schrauben-cpa60","status":"publish","type":"product","link":"https:\/\/marktxxl.de\/markt\/produkt\/strong-hand-tools-ausrichtung-klemme-mit-schnell-handeln-schrauben-cpa60\/","title":{"rendered":"Strong Hand Tools, Ausrichtung Klemme, mit Schnell Handeln Schrauben, CPA60"},"content":{"rendered":"<p>Die New Pipe Alignment Clamp mit Schnellspannschraube ist eine schnelle und genaue Montageklemme mit einem robusten Rahmen f\u00fcr den Einsatz in der Werkstatt oder auf der Baustelle.<br \/>\nHalten Sie die Rohrausrichtungsklemme mit den zwei breiten Griffplatten gut ausbalanciert, w\u00e4hrend Sie den Schnellbet\u00e4tigungsknopf dr\u00fccken. Die Gewindeschraube gleitet sanft auf und ab, um die Backen schnell zu \u00f6ffnen und die Klemmen nach dem Schwei\u00dfen zu entfernen.<br \/>\n<div class=\"main-cross-sell\" data-asin=\"B0791T3TMG\">\n\n\t<div class=\"WooZone-cross-sell-loader\">\n\t\t<div>\n\t\t\t<div id=\"floatingBarsG\">\n\t\t\t\t<div class=\"blockG\" id=\"rotateG_01\"><\/div>\n\t\t\t\t<div class=\"blockG\" id=\"rotateG_02\"><\/div>\n\t\t\t\t<div class=\"blockG\" id=\"rotateG_03\"><\/div>\n\t\t\t\t<div class=\"blockG\" id=\"rotateG_04\"><\/div>\n\t\t\t\t<div class=\"blockG\" id=\"rotateG_05\"><\/div>\n\t\t\t\t<div class=\"blockG\" id=\"rotateG_06\"><\/div>\n\t\t\t\t<div class=\"blockG\" id=\"rotateG_07\"><\/div>\n\t\t\t\t<div class=\"blockG\" id=\"rotateG_08\"><\/div>\n\t\t\t<\/div>\n\t\t\t<div class=\"WooZone-cross-sell-loader-text\"><\/div>\n\t\t<\/div>\n\t<\/div>\n\n\t\t\n<\/div>\n<div style=\"clear:both;\"><\/div><\/p>\n","protected":false},"excerpt":{"rendered":"<p>Die New Pipe Alignment Clamp mit Schnellspannschraube ist eine schnelle und genaue Montageklemme mit einem robusten Rahmen f\u00fcr den Einsatz in der Werkstatt oder auf der Baustelle.<br \/>\nHalten Sie die Rohrausrichtungsklemme mit den zwei breiten Griffplatten gut ausbalanciert, w\u00e4hrend Sie den Schnellbet\u00e4tigungsknopf dr\u00fccken. Die Gewindeschraube gleitet sanft auf und ab, um die Backen schnell zu \u00f6ffnen und die Klemmen nach dem Schwei\u00dfen zu entfernen.<\/p>\n","protected":false},"featured_media":143988,"comment_status":"open","ping_status":"closed","template":"","meta":[],"product_brand":[],"product_cat":[1983,11319],"product_tag":[],"class_list":{"0":"post-143987","1":"product","2":"type-product","3":"status-publish","4":"has-post-thumbnail","6":"product_cat-baumarkt","7":"product_cat-sanitaer","8":"pa_binding-werkzeug","9":"pa_brand-strong-hand-tools","10":"pa_height-5-25-zoll","11":"pa_length-10-zoll","12":"pa_manufacturer-strong-hand-tools","13":"pa_model-cpa60","14":"pa_weight-11-0231131-pfund","15":"pa_width-8-25-zoll","17":"first","18":"instock","19":"shipping-taxable","20":"purchasable","21":"product-type-simple","22":"customify-col","23":"product-has-gallery"},"yoast_head":"<!-- This site is optimized with the Yoast SEO plugin v27.3 - https:\/\/yoast.com\/product\/yoast-seo-wordpress\/ -->\n<title>Strong Hand Tools, Ausrichtung Klemme, mit Schnell Handeln Schrauben, CPA60 - Markt-XXL<\/title>\n<meta name=\"description\" content=\"Markt-XXL Strong Hand Tools, Ausrichtung Klemme, mit Schnell Handeln Schrauben, CPA60\" \/>\n<meta name=\"robots\" content=\"index, follow, max-snippet:-1, max-image-preview:large, max-video-preview:-1\" \/>\n<link rel=\"canonical\" href=\"https:\/\/marktxxl.de\/markt\/produkt\/strong-hand-tools-ausrichtung-klemme-mit-schnell-handeln-schrauben-cpa60\/\" \/>\n<meta property=\"og:locale\" content=\"de_DE\" \/>\n<meta property=\"og:type\" content=\"article\" \/>\n<meta property=\"og:title\" content=\"Strong Hand Tools, Ausrichtung Klemme, mit Schnell Handeln Schrauben, CPA60 - Markt-XXL\" \/>\n<meta property=\"og:description\" content=\"Markt-XXL Strong Hand Tools, Ausrichtung Klemme, mit Schnell Handeln Schrauben, CPA60\" \/>\n<meta property=\"og:url\" content=\"https:\/\/marktxxl.de\/markt\/produkt\/strong-hand-tools-ausrichtung-klemme-mit-schnell-handeln-schrauben-cpa60\/\" \/>\n<meta property=\"og:site_name\" content=\"Markt-XXL\" \/>\n<meta property=\"article:modified_time\" content=\"2023-04-10T02:28:43+00:00\" \/>\n<meta property=\"og:image\" content=\"https:\/\/m.media-amazon.com\/images\/I\/51CJMXL875L._SL500_.jpg\" \/>\n\t<meta property=\"og:image:width\" content=\"383\" \/>\n\t<meta property=\"og:image:height\" content=\"500\" \/>\n\t<meta property=\"og:image:type\" content=\"image\/jpeg\" \/>\n<meta name=\"twitter:card\" content=\"summary_large_image\" \/>\n<script type=\"application\/ld+json\" class=\"yoast-schema-graph\">{\"@context\":\"https:\\\/\\\/schema.org\",\"@graph\":[{\"@type\":\"WebPage\",\"@id\":\"https:\\\/\\\/marktxxl.de\\\/markt\\\/produkt\\\/strong-hand-tools-ausrichtung-klemme-mit-schnell-handeln-schrauben-cpa60\\\/\",\"url\":\"https:\\\/\\\/marktxxl.de\\\/markt\\\/produkt\\\/strong-hand-tools-ausrichtung-klemme-mit-schnell-handeln-schrauben-cpa60\\\/\",\"name\":\"Strong Hand Tools, Ausrichtung Klemme, mit Schnell Handeln Schrauben, CPA60 - Markt-XXL\",\"isPartOf\":{\"@id\":\"https:\\\/\\\/marktxxl.de\\\/markt\\\/#website\"},\"primaryImageOfPage\":{\"@id\":\"https:\\\/\\\/marktxxl.de\\\/markt\\\/produkt\\\/strong-hand-tools-ausrichtung-klemme-mit-schnell-handeln-schrauben-cpa60\\\/#primaryimage\"},\"image\":{\"@id\":\"https:\\\/\\\/marktxxl.de\\\/markt\\\/produkt\\\/strong-hand-tools-ausrichtung-klemme-mit-schnell-handeln-schrauben-cpa60\\\/#primaryimage\"},\"thumbnailUrl\":\"https:\\\/\\\/m.media-amazon.com\\\/images\\\/I\\\/51CJMXL875L._SL500_.jpg\",\"datePublished\":\"2022-08-13T02:05:54+00:00\",\"dateModified\":\"2023-04-10T02:28:43+00:00\",\"description\":\"Markt-XXL Strong Hand Tools, Ausrichtung Klemme, mit Schnell Handeln Schrauben, CPA60\",\"breadcrumb\":{\"@id\":\"https:\\\/\\\/marktxxl.de\\\/markt\\\/produkt\\\/strong-hand-tools-ausrichtung-klemme-mit-schnell-handeln-schrauben-cpa60\\\/#breadcrumb\"},\"inLanguage\":\"de\",\"potentialAction\":[{\"@type\":\"ReadAction\",\"target\":[\"https:\\\/\\\/marktxxl.de\\\/markt\\\/produkt\\\/strong-hand-tools-ausrichtung-klemme-mit-schnell-handeln-schrauben-cpa60\\\/\"]}]},{\"@type\":\"ImageObject\",\"inLanguage\":\"de\",\"@id\":\"https:\\\/\\\/marktxxl.de\\\/markt\\\/produkt\\\/strong-hand-tools-ausrichtung-klemme-mit-schnell-handeln-schrauben-cpa60\\\/#primaryimage\",\"url\":\"https:\\\/\\\/m.media-amazon.com\\\/images\\\/I\\\/51CJMXL875L._SL500_.jpg\",\"contentUrl\":\"https:\\\/\\\/m.media-amazon.com\\\/images\\\/I\\\/51CJMXL875L._SL500_.jpg\",\"width\":383,\"height\":500},{\"@type\":\"BreadcrumbList\",\"@id\":\"https:\\\/\\\/marktxxl.de\\\/markt\\\/produkt\\\/strong-hand-tools-ausrichtung-klemme-mit-schnell-handeln-schrauben-cpa60\\\/#breadcrumb\",\"itemListElement\":[{\"@type\":\"ListItem\",\"position\":1,\"name\":\"Startseite\",\"item\":\"https:\\\/\\\/marktxxl.de\\\/markt\\\/\"},{\"@type\":\"ListItem\",\"position\":2,\"name\":\"Markt\",\"item\":\"https:\\\/\\\/marktxxl.de\\\/markt\\\/\"},{\"@type\":\"ListItem\",\"position\":3,\"name\":\"Strong Hand Tools, Ausrichtung Klemme, mit Schnell Handeln Schrauben, CPA60\"}]},{\"@type\":\"WebSite\",\"@id\":\"https:\\\/\\\/marktxxl.de\\\/markt\\\/#website\",\"url\":\"https:\\\/\\\/marktxxl.de\\\/markt\\\/\",\"name\":\"Markt-XXL\",\"description\":\"Ihr Markt Online\",\"publisher\":{\"@id\":\"https:\\\/\\\/marktxxl.de\\\/markt\\\/#organization\"},\"potentialAction\":[{\"@type\":\"SearchAction\",\"target\":{\"@type\":\"EntryPoint\",\"urlTemplate\":\"https:\\\/\\\/marktxxl.de\\\/markt\\\/?s={search_term_string}\"},\"query-input\":{\"@type\":\"PropertyValueSpecification\",\"valueRequired\":true,\"valueName\":\"search_term_string\"}}],\"inLanguage\":\"de\"},{\"@type\":\"Organization\",\"@id\":\"https:\\\/\\\/marktxxl.de\\\/markt\\\/#organization\",\"name\":\"Markt-XXL\",\"url\":\"https:\\\/\\\/marktxxl.de\\\/markt\\\/\",\"logo\":{\"@type\":\"ImageObject\",\"inLanguage\":\"de\",\"@id\":\"https:\\\/\\\/marktxxl.de\\\/markt\\\/#\\\/schema\\\/logo\\\/image\\\/\",\"url\":\"https:\\\/\\\/marktxxl.de\\\/markt\\\/wp-content\\\/uploads\\\/sites\\\/3\\\/2020\\\/12\\\/logo.png\",\"contentUrl\":\"https:\\\/\\\/marktxxl.de\\\/markt\\\/wp-content\\\/uploads\\\/sites\\\/3\\\/2020\\\/12\\\/logo.png\",\"width\":200,\"height\":70,\"caption\":\"Markt-XXL\"},\"image\":{\"@id\":\"https:\\\/\\\/marktxxl.de\\\/markt\\\/#\\\/schema\\\/logo\\\/image\\\/\"}}]}<\/script>\n<!-- \/ Yoast SEO plugin. -->","yoast_head_json":{"title":"Strong Hand Tools, Ausrichtung Klemme, mit Schnell Handeln Schrauben, CPA60 - Markt-XXL","description":"Markt-XXL Strong Hand Tools, Ausrichtung Klemme, mit Schnell Handeln Schrauben, CPA60","robots":{"index":"index","follow":"follow","max-snippet":"max-snippet:-1","max-image-preview":"max-image-preview:large","max-video-preview":"max-video-preview:-1"},"canonical":"https:\/\/marktxxl.de\/markt\/produkt\/strong-hand-tools-ausrichtung-klemme-mit-schnell-handeln-schrauben-cpa60\/","og_locale":"de_DE","og_type":"article","og_title":"Strong Hand Tools, Ausrichtung Klemme, mit Schnell Handeln Schrauben, CPA60 - Markt-XXL","og_description":"Markt-XXL Strong Hand Tools, Ausrichtung Klemme, mit Schnell Handeln Schrauben, CPA60","og_url":"https:\/\/marktxxl.de\/markt\/produkt\/strong-hand-tools-ausrichtung-klemme-mit-schnell-handeln-schrauben-cpa60\/","og_site_name":"Markt-XXL","article_modified_time":"2023-04-10T02:28:43+00:00","og_image":[{"width":383,"height":500,"url":"https:\/\/m.media-amazon.com\/images\/I\/51CJMXL875L._SL500_.jpg","type":"image\/jpeg"}],"twitter_card":"summary_large_image","schema":{"@context":"https:\/\/schema.org","@graph":[{"@type":"WebPage","@id":"https:\/\/marktxxl.de\/markt\/produkt\/strong-hand-tools-ausrichtung-klemme-mit-schnell-handeln-schrauben-cpa60\/","url":"https:\/\/marktxxl.de\/markt\/produkt\/strong-hand-tools-ausrichtung-klemme-mit-schnell-handeln-schrauben-cpa60\/","name":"Strong Hand Tools, Ausrichtung Klemme, mit Schnell Handeln Schrauben, CPA60 - Markt-XXL","isPartOf":{"@id":"https:\/\/marktxxl.de\/markt\/#website"},"primaryImageOfPage":{"@id":"https:\/\/marktxxl.de\/markt\/produkt\/strong-hand-tools-ausrichtung-klemme-mit-schnell-handeln-schrauben-cpa60\/#primaryimage"},"image":{"@id":"https:\/\/marktxxl.de\/markt\/produkt\/strong-hand-tools-ausrichtung-klemme-mit-schnell-handeln-schrauben-cpa60\/#primaryimage"},"thumbnailUrl":"https:\/\/m.media-amazon.com\/images\/I\/51CJMXL875L._SL500_.jpg","datePublished":"2022-08-13T02:05:54+00:00","dateModified":"2023-04-10T02:28:43+00:00","description":"Markt-XXL Strong Hand Tools, Ausrichtung Klemme, mit Schnell Handeln Schrauben, CPA60","breadcrumb":{"@id":"https:\/\/marktxxl.de\/markt\/produkt\/strong-hand-tools-ausrichtung-klemme-mit-schnell-handeln-schrauben-cpa60\/#breadcrumb"},"inLanguage":"de","potentialAction":[{"@type":"ReadAction","target":["https:\/\/marktxxl.de\/markt\/produkt\/strong-hand-tools-ausrichtung-klemme-mit-schnell-handeln-schrauben-cpa60\/"]}]},{"@type":"ImageObject","inLanguage":"de","@id":"https:\/\/marktxxl.de\/markt\/produkt\/strong-hand-tools-ausrichtung-klemme-mit-schnell-handeln-schrauben-cpa60\/#primaryimage","url":"https:\/\/m.media-amazon.com\/images\/I\/51CJMXL875L._SL500_.jpg","contentUrl":"https:\/\/m.media-amazon.com\/images\/I\/51CJMXL875L._SL500_.jpg","width":383,"height":500},{"@type":"BreadcrumbList","@id":"https:\/\/marktxxl.de\/markt\/produkt\/strong-hand-tools-ausrichtung-klemme-mit-schnell-handeln-schrauben-cpa60\/#breadcrumb","itemListElement":[{"@type":"ListItem","position":1,"name":"Startseite","item":"https:\/\/marktxxl.de\/markt\/"},{"@type":"ListItem","position":2,"name":"Markt","item":"https:\/\/marktxxl.de\/markt\/"},{"@type":"ListItem","position":3,"name":"Strong Hand Tools, Ausrichtung Klemme, mit Schnell Handeln Schrauben, CPA60"}]},{"@type":"WebSite","@id":"https:\/\/marktxxl.de\/markt\/#website","url":"https:\/\/marktxxl.de\/markt\/","name":"Markt-XXL","description":"Ihr Markt Online","publisher":{"@id":"https:\/\/marktxxl.de\/markt\/#organization"},"potentialAction":[{"@type":"SearchAction","target":{"@type":"EntryPoint","urlTemplate":"https:\/\/marktxxl.de\/markt\/?s={search_term_string}"},"query-input":{"@type":"PropertyValueSpecification","valueRequired":true,"valueName":"search_term_string"}}],"inLanguage":"de"},{"@type":"Organization","@id":"https:\/\/marktxxl.de\/markt\/#organization","name":"Markt-XXL","url":"https:\/\/marktxxl.de\/markt\/","logo":{"@type":"ImageObject","inLanguage":"de","@id":"https:\/\/marktxxl.de\/markt\/#\/schema\/logo\/image\/","url":"https:\/\/marktxxl.de\/markt\/wp-content\/uploads\/sites\/3\/2020\/12\/logo.png","contentUrl":"https:\/\/marktxxl.de\/markt\/wp-content\/uploads\/sites\/3\/2020\/12\/logo.png","width":200,"height":70,"caption":"Markt-XXL"},"image":{"@id":"https:\/\/marktxxl.de\/markt\/#\/schema\/logo\/image\/"}}]}},"_links":{"self":[{"href":"https:\/\/marktxxl.de\/markt\/wp-json\/wp\/v2\/product\/143987","targetHints":{"allow":["GET"]}}],"collection":[{"href":"https:\/\/marktxxl.de\/markt\/wp-json\/wp\/v2\/product"}],"about":[{"href":"https:\/\/marktxxl.de\/markt\/wp-json\/wp\/v2\/types\/product"}],"replies":[{"embeddable":true,"href":"https:\/\/marktxxl.de\/markt\/wp-json\/wp\/v2\/comments?post=143987"}],"wp:featuredmedia":[{"embeddable":true,"href":"https:\/\/marktxxl.de\/markt\/wp-json\/wp\/v2\/media\/143988"}],"wp:attachment":[{"href":"https:\/\/marktxxl.de\/markt\/wp-json\/wp\/v2\/media?parent=143987"}],"wp:term":[{"taxonomy":"product_brand","embeddable":true,"href":"https:\/\/marktxxl.de\/markt\/wp-json\/wp\/v2\/product_brand?post=143987"},{"taxonomy":"product_cat","embeddable":true,"href":"https:\/\/marktxxl.de\/markt\/wp-json\/wp\/v2\/product_cat?post=143987"},{"taxonomy":"product_tag","embeddable":true,"href":"https:\/\/marktxxl.de\/markt\/wp-json\/wp\/v2\/product_tag?post=143987"}],"curies":[{"name":"wp","href":"https:\/\/api.w.org\/{rel}","templated":true}]}}