{"id":143874,"date":"2022-08-13T04:00:59","date_gmt":"2022-08-13T02:00:59","guid":{"rendered":"https:\/\/marktxxl.de\/markt\/produkt\/eveready-camping-laterne-mit-360-leds-ipx4-wasserdicht-superhell-100-stunden-laufzeit-batteriebetrieben-fuer-den-aussenbereich-schwarz-4-stueck\/"},"modified":"2023-04-10T04:27:30","modified_gmt":"2023-04-10T02:27:30","slug":"eveready-camping-laterne-mit-360-leds-ipx4-wasserdicht-superhell-100-stunden-laufzeit-batteriebetrieben-fuer-den-aussenbereich-schwarz-4-stueck","status":"publish","type":"product","link":"https:\/\/marktxxl.de\/markt\/produkt\/eveready-camping-laterne-mit-360-leds-ipx4-wasserdicht-superhell-100-stunden-laufzeit-batteriebetrieben-fuer-den-aussenbereich-schwarz-4-stueck\/","title":{"rendered":"Eveready Camping-Laterne mit 360 LEDs, IPX4 wasserdicht, superhell, 100 Stunden Laufzeit, batteriebetrieben, f\u00fcr den\u2026"},"content":{"rendered":"<p>\u2714\ufe0f [EVEREADY POWER]: Inklusive 4 (vier) zusammenklappbaren Camping-Laternen von Eveready. Jede Laterne funktioniert mit 3 AA-Batterien (im Lieferumfang enthalten), so dass Sie die Kraft und das Licht haben, das Sie brauchen, direkt aus der Box.<br \/>\n\u2714\ufe0f [Helle LED]: Die LED-Laterne bietet superhelles, wei\u00dfes LED-Licht als Laterne, oder kann als Taschenlampe f\u00fcr gerichtete Beleuchtung verwendet werden. 360 Grad Raum- oder Campingplatzf\u00fcllendes Licht!<br \/>\n\u2714\ufe0f [Magnetische Basis und Haken zum Aufh\u00e4ngen]: Verwenden Sie die starke magnetische Basis auf diesen Laternen, um das Licht zu montieren, oder h\u00e4ngen Sie es einfach mit dem praktischen Haken an der Basis \u2013 perfekt zum Aufh\u00e4ngen in Zelten<br \/>\n\u2714\ufe0f [4 Lichtmodi]: Diese Camping-Laterne hat 4 tolle Lichtmodi: 360-Grad-Laternenmodus, Richtungs-Taschenlampen-Modus, roter Nachtsichtmodus und blinkendes rotes Stroboskop-\/SOS-Modus f\u00fcr Notf\u00e4lle.<br \/>\n\u2714\ufe0f [Unglaubliche Laufzeit]: Liefert bis zu 16 Stunden kontinuierliche Laufzeit im Laternenmodus und bis zu 9 Stunden im Taschenlampen-Modus. Zuverl\u00e4ssiges, langlebiges Licht f\u00fcr Innen- und Au\u00dfenaktivit\u00e4ten<br \/>\n\u2714\ufe0f [Kaufen Sie mit Vertrauen]: Vertrauen Sie der Marke Eveready f\u00fcr zuverl\u00e4ssige Leistung und Leistung. Bauen Sie langlebige Lichter, mit zuverl\u00e4ssiger Leistung, passend zu Ihrem Lebensstil.<br \/>\n<div class=\"main-cross-sell\" data-asin=\"B088C15PVV\">\n\n\t<div class=\"WooZone-cross-sell-loader\">\n\t\t<div>\n\t\t\t<div id=\"floatingBarsG\">\n\t\t\t\t<div class=\"blockG\" id=\"rotateG_01\"><\/div>\n\t\t\t\t<div class=\"blockG\" id=\"rotateG_02\"><\/div>\n\t\t\t\t<div class=\"blockG\" id=\"rotateG_03\"><\/div>\n\t\t\t\t<div class=\"blockG\" id=\"rotateG_04\"><\/div>\n\t\t\t\t<div class=\"blockG\" id=\"rotateG_05\"><\/div>\n\t\t\t\t<div class=\"blockG\" id=\"rotateG_06\"><\/div>\n\t\t\t\t<div class=\"blockG\" id=\"rotateG_07\"><\/div>\n\t\t\t\t<div class=\"blockG\" id=\"rotateG_08\"><\/div>\n\t\t\t<\/div>\n\t\t\t<div class=\"WooZone-cross-sell-loader-text\"><\/div>\n\t\t<\/div>\n\t<\/div>\n\n\t\t\n<\/div>\n<div style=\"clear:both;\"><\/div><\/p>\n","protected":false},"excerpt":{"rendered":"<p>\u2714\ufe0f [EVEREADY POWER]: Inklusive 4 (vier) zusammenklappbaren Camping-Laternen von Eveready. Jede Laterne funktioniert mit 3 AA-Batterien (im Lieferumfang enthalten), so dass Sie die Kraft und das Licht haben, das Sie brauchen, direkt aus der Box.<br \/>\n\u2714\ufe0f [Helle LED]: Die LED-Laterne bietet superhelles, wei\u00dfes LED-Licht als Laterne, oder kann als Taschenlampe f\u00fcr gerichtete Beleuchtung verwendet werden. 360 Grad Raum- oder Campingplatzf\u00fcllendes Licht!<br \/>\n\u2714\ufe0f [Magnetische Basis und Haken zum Aufh\u00e4ngen]: Verwenden Sie die starke magnetische Basis auf diesen Laternen, um das Licht zu montieren, oder h\u00e4ngen Sie es einfach mit dem praktischen Haken an der Basis \u2013 perfekt zum Aufh\u00e4ngen in Zelten<\/p>\n","protected":false},"featured_media":143875,"comment_status":"open","ping_status":"closed","template":"","meta":[],"product_brand":[],"product_cat":[11446,2108],"product_tag":[],"class_list":{"0":"post-143874","1":"product","2":"type-product","3":"status-publish","4":"has-post-thumbnail","6":"product_cat-aussenbeleuchtung","7":"product_cat-beleuchtung","8":"pa_binding-werkzeug","9":"pa_brand-eveready","10":"pa_color-schwarz","11":"pa_height-6-3779527494-zoll","12":"pa_length-7-0078740086-zoll","13":"pa_manufacturer-eveready","14":"pa_model-evacl314","15":"pa_size-4-pack-compact","16":"pa_weight-3-086471668-pfund","17":"pa_width-7-0078740086-zoll","19":"first","20":"instock","21":"shipping-taxable","22":"purchasable","23":"product-type-simple","24":"customify-col","25":"product-has-gallery"},"yoast_head":"<!-- This site is optimized with the Yoast SEO plugin v27.4 - https:\/\/yoast.com\/product\/yoast-seo-wordpress\/ -->\n<title>Eveready Camping-Laterne mit 360 LEDs, IPX4 wasserdicht, superhell, 100 Stunden Laufzeit, batteriebetrieben, f\u00fcr den\u2026 - Markt-XXL<\/title>\n<meta name=\"description\" content=\"Markt-XXL Eveready Camping-Laterne mit 360 LEDs, IPX4 wasserdicht, superhell, 100 Stunden Laufzeit, batteriebetrieben, f\u00fcr den\u2026\" \/>\n<meta name=\"robots\" content=\"index, follow, max-snippet:-1, max-image-preview:large, max-video-preview:-1\" \/>\n<link rel=\"canonical\" href=\"https:\/\/marktxxl.de\/markt\/produkt\/eveready-camping-laterne-mit-360-leds-ipx4-wasserdicht-superhell-100-stunden-laufzeit-batteriebetrieben-fuer-den-aussenbereich-schwarz-4-stueck\/\" \/>\n<meta property=\"og:locale\" content=\"de_DE\" \/>\n<meta property=\"og:type\" content=\"article\" \/>\n<meta property=\"og:title\" content=\"Eveready Camping-Laterne mit 360 LEDs, IPX4 wasserdicht, superhell, 100 Stunden Laufzeit, batteriebetrieben, f\u00fcr den\u2026 - Markt-XXL\" \/>\n<meta property=\"og:description\" content=\"Markt-XXL Eveready Camping-Laterne mit 360 LEDs, IPX4 wasserdicht, superhell, 100 Stunden Laufzeit, batteriebetrieben, f\u00fcr den\u2026\" \/>\n<meta property=\"og:url\" content=\"https:\/\/marktxxl.de\/markt\/produkt\/eveready-camping-laterne-mit-360-leds-ipx4-wasserdicht-superhell-100-stunden-laufzeit-batteriebetrieben-fuer-den-aussenbereich-schwarz-4-stueck\/\" \/>\n<meta property=\"og:site_name\" content=\"Markt-XXL\" \/>\n<meta property=\"article:modified_time\" content=\"2023-04-10T02:27:30+00:00\" \/>\n<meta property=\"og:image\" content=\"https:\/\/m.media-amazon.com\/images\/I\/51Gd0503SOL._SL500_.jpg\" \/>\n\t<meta property=\"og:image:width\" content=\"500\" \/>\n\t<meta property=\"og:image:height\" content=\"500\" \/>\n\t<meta property=\"og:image:type\" content=\"image\/jpeg\" \/>\n<meta name=\"twitter:card\" content=\"summary_large_image\" \/>\n<meta name=\"twitter:label1\" content=\"Gesch\u00e4tzte Lesezeit\" \/>\n\t<meta name=\"twitter:data1\" content=\"1\u00a0Minute\" \/>\n<script type=\"application\/ld+json\" class=\"yoast-schema-graph\">{\"@context\":\"https:\\\/\\\/schema.org\",\"@graph\":[{\"@type\":\"WebPage\",\"@id\":\"https:\\\/\\\/marktxxl.de\\\/markt\\\/produkt\\\/eveready-camping-laterne-mit-360-leds-ipx4-wasserdicht-superhell-100-stunden-laufzeit-batteriebetrieben-fuer-den-aussenbereich-schwarz-4-stueck\\\/\",\"url\":\"https:\\\/\\\/marktxxl.de\\\/markt\\\/produkt\\\/eveready-camping-laterne-mit-360-leds-ipx4-wasserdicht-superhell-100-stunden-laufzeit-batteriebetrieben-fuer-den-aussenbereich-schwarz-4-stueck\\\/\",\"name\":\"Eveready Camping-Laterne mit 360 LEDs, IPX4 wasserdicht, superhell, 100 Stunden Laufzeit, batteriebetrieben, f\u00fcr den\u2026 - Markt-XXL\",\"isPartOf\":{\"@id\":\"https:\\\/\\\/marktxxl.de\\\/markt\\\/#website\"},\"primaryImageOfPage\":{\"@id\":\"https:\\\/\\\/marktxxl.de\\\/markt\\\/produkt\\\/eveready-camping-laterne-mit-360-leds-ipx4-wasserdicht-superhell-100-stunden-laufzeit-batteriebetrieben-fuer-den-aussenbereich-schwarz-4-stueck\\\/#primaryimage\"},\"image\":{\"@id\":\"https:\\\/\\\/marktxxl.de\\\/markt\\\/produkt\\\/eveready-camping-laterne-mit-360-leds-ipx4-wasserdicht-superhell-100-stunden-laufzeit-batteriebetrieben-fuer-den-aussenbereich-schwarz-4-stueck\\\/#primaryimage\"},\"thumbnailUrl\":\"https:\\\/\\\/m.media-amazon.com\\\/images\\\/I\\\/51Gd0503SOL._SL500_.jpg\",\"datePublished\":\"2022-08-13T02:00:59+00:00\",\"dateModified\":\"2023-04-10T02:27:30+00:00\",\"description\":\"Markt-XXL Eveready Camping-Laterne mit 360 LEDs, IPX4 wasserdicht, superhell, 100 Stunden Laufzeit, batteriebetrieben, f\u00fcr den\u2026\",\"breadcrumb\":{\"@id\":\"https:\\\/\\\/marktxxl.de\\\/markt\\\/produkt\\\/eveready-camping-laterne-mit-360-leds-ipx4-wasserdicht-superhell-100-stunden-laufzeit-batteriebetrieben-fuer-den-aussenbereich-schwarz-4-stueck\\\/#breadcrumb\"},\"inLanguage\":\"de\",\"potentialAction\":[{\"@type\":\"ReadAction\",\"target\":[\"https:\\\/\\\/marktxxl.de\\\/markt\\\/produkt\\\/eveready-camping-laterne-mit-360-leds-ipx4-wasserdicht-superhell-100-stunden-laufzeit-batteriebetrieben-fuer-den-aussenbereich-schwarz-4-stueck\\\/\"]}]},{\"@type\":\"ImageObject\",\"inLanguage\":\"de\",\"@id\":\"https:\\\/\\\/marktxxl.de\\\/markt\\\/produkt\\\/eveready-camping-laterne-mit-360-leds-ipx4-wasserdicht-superhell-100-stunden-laufzeit-batteriebetrieben-fuer-den-aussenbereich-schwarz-4-stueck\\\/#primaryimage\",\"url\":\"https:\\\/\\\/m.media-amazon.com\\\/images\\\/I\\\/51Gd0503SOL._SL500_.jpg\",\"contentUrl\":\"https:\\\/\\\/m.media-amazon.com\\\/images\\\/I\\\/51Gd0503SOL._SL500_.jpg\",\"width\":500,\"height\":500},{\"@type\":\"BreadcrumbList\",\"@id\":\"https:\\\/\\\/marktxxl.de\\\/markt\\\/produkt\\\/eveready-camping-laterne-mit-360-leds-ipx4-wasserdicht-superhell-100-stunden-laufzeit-batteriebetrieben-fuer-den-aussenbereich-schwarz-4-stueck\\\/#breadcrumb\",\"itemListElement\":[{\"@type\":\"ListItem\",\"position\":1,\"name\":\"Startseite\",\"item\":\"https:\\\/\\\/marktxxl.de\\\/markt\\\/\"},{\"@type\":\"ListItem\",\"position\":2,\"name\":\"Markt\",\"item\":\"https:\\\/\\\/marktxxl.de\\\/markt\\\/\"},{\"@type\":\"ListItem\",\"position\":3,\"name\":\"Eveready Camping-Laterne mit 360 LEDs, IPX4 wasserdicht, superhell, 100 Stunden Laufzeit, batteriebetrieben, f\u00fcr den\u2026\"}]},{\"@type\":\"WebSite\",\"@id\":\"https:\\\/\\\/marktxxl.de\\\/markt\\\/#website\",\"url\":\"https:\\\/\\\/marktxxl.de\\\/markt\\\/\",\"name\":\"Markt-XXL\",\"description\":\"Ihr Markt Online\",\"publisher\":{\"@id\":\"https:\\\/\\\/marktxxl.de\\\/markt\\\/#organization\"},\"potentialAction\":[{\"@type\":\"SearchAction\",\"target\":{\"@type\":\"EntryPoint\",\"urlTemplate\":\"https:\\\/\\\/marktxxl.de\\\/markt\\\/?s={search_term_string}\"},\"query-input\":{\"@type\":\"PropertyValueSpecification\",\"valueRequired\":true,\"valueName\":\"search_term_string\"}}],\"inLanguage\":\"de\"},{\"@type\":\"Organization\",\"@id\":\"https:\\\/\\\/marktxxl.de\\\/markt\\\/#organization\",\"name\":\"Markt-XXL\",\"url\":\"https:\\\/\\\/marktxxl.de\\\/markt\\\/\",\"logo\":{\"@type\":\"ImageObject\",\"inLanguage\":\"de\",\"@id\":\"https:\\\/\\\/marktxxl.de\\\/markt\\\/#\\\/schema\\\/logo\\\/image\\\/\",\"url\":\"https:\\\/\\\/marktxxl.de\\\/markt\\\/wp-content\\\/uploads\\\/sites\\\/3\\\/2020\\\/12\\\/logo.png\",\"contentUrl\":\"https:\\\/\\\/marktxxl.de\\\/markt\\\/wp-content\\\/uploads\\\/sites\\\/3\\\/2020\\\/12\\\/logo.png\",\"width\":200,\"height\":70,\"caption\":\"Markt-XXL\"},\"image\":{\"@id\":\"https:\\\/\\\/marktxxl.de\\\/markt\\\/#\\\/schema\\\/logo\\\/image\\\/\"}}]}<\/script>\n<!-- \/ Yoast SEO plugin. -->","yoast_head_json":{"title":"Eveready Camping-Laterne mit 360 LEDs, IPX4 wasserdicht, superhell, 100 Stunden Laufzeit, batteriebetrieben, f\u00fcr den\u2026 - Markt-XXL","description":"Markt-XXL Eveready Camping-Laterne mit 360 LEDs, IPX4 wasserdicht, superhell, 100 Stunden Laufzeit, batteriebetrieben, f\u00fcr den\u2026","robots":{"index":"index","follow":"follow","max-snippet":"max-snippet:-1","max-image-preview":"max-image-preview:large","max-video-preview":"max-video-preview:-1"},"canonical":"https:\/\/marktxxl.de\/markt\/produkt\/eveready-camping-laterne-mit-360-leds-ipx4-wasserdicht-superhell-100-stunden-laufzeit-batteriebetrieben-fuer-den-aussenbereich-schwarz-4-stueck\/","og_locale":"de_DE","og_type":"article","og_title":"Eveready Camping-Laterne mit 360 LEDs, IPX4 wasserdicht, superhell, 100 Stunden Laufzeit, batteriebetrieben, f\u00fcr den\u2026 - Markt-XXL","og_description":"Markt-XXL Eveready Camping-Laterne mit 360 LEDs, IPX4 wasserdicht, superhell, 100 Stunden Laufzeit, batteriebetrieben, f\u00fcr den\u2026","og_url":"https:\/\/marktxxl.de\/markt\/produkt\/eveready-camping-laterne-mit-360-leds-ipx4-wasserdicht-superhell-100-stunden-laufzeit-batteriebetrieben-fuer-den-aussenbereich-schwarz-4-stueck\/","og_site_name":"Markt-XXL","article_modified_time":"2023-04-10T02:27:30+00:00","og_image":[{"width":500,"height":500,"url":"https:\/\/m.media-amazon.com\/images\/I\/51Gd0503SOL._SL500_.jpg","type":"image\/jpeg"}],"twitter_card":"summary_large_image","twitter_misc":{"Gesch\u00e4tzte Lesezeit":"1\u00a0Minute"},"schema":{"@context":"https:\/\/schema.org","@graph":[{"@type":"WebPage","@id":"https:\/\/marktxxl.de\/markt\/produkt\/eveready-camping-laterne-mit-360-leds-ipx4-wasserdicht-superhell-100-stunden-laufzeit-batteriebetrieben-fuer-den-aussenbereich-schwarz-4-stueck\/","url":"https:\/\/marktxxl.de\/markt\/produkt\/eveready-camping-laterne-mit-360-leds-ipx4-wasserdicht-superhell-100-stunden-laufzeit-batteriebetrieben-fuer-den-aussenbereich-schwarz-4-stueck\/","name":"Eveready Camping-Laterne mit 360 LEDs, IPX4 wasserdicht, superhell, 100 Stunden Laufzeit, batteriebetrieben, f\u00fcr den\u2026 - Markt-XXL","isPartOf":{"@id":"https:\/\/marktxxl.de\/markt\/#website"},"primaryImageOfPage":{"@id":"https:\/\/marktxxl.de\/markt\/produkt\/eveready-camping-laterne-mit-360-leds-ipx4-wasserdicht-superhell-100-stunden-laufzeit-batteriebetrieben-fuer-den-aussenbereich-schwarz-4-stueck\/#primaryimage"},"image":{"@id":"https:\/\/marktxxl.de\/markt\/produkt\/eveready-camping-laterne-mit-360-leds-ipx4-wasserdicht-superhell-100-stunden-laufzeit-batteriebetrieben-fuer-den-aussenbereich-schwarz-4-stueck\/#primaryimage"},"thumbnailUrl":"https:\/\/m.media-amazon.com\/images\/I\/51Gd0503SOL._SL500_.jpg","datePublished":"2022-08-13T02:00:59+00:00","dateModified":"2023-04-10T02:27:30+00:00","description":"Markt-XXL Eveready Camping-Laterne mit 360 LEDs, IPX4 wasserdicht, superhell, 100 Stunden Laufzeit, batteriebetrieben, f\u00fcr den\u2026","breadcrumb":{"@id":"https:\/\/marktxxl.de\/markt\/produkt\/eveready-camping-laterne-mit-360-leds-ipx4-wasserdicht-superhell-100-stunden-laufzeit-batteriebetrieben-fuer-den-aussenbereich-schwarz-4-stueck\/#breadcrumb"},"inLanguage":"de","potentialAction":[{"@type":"ReadAction","target":["https:\/\/marktxxl.de\/markt\/produkt\/eveready-camping-laterne-mit-360-leds-ipx4-wasserdicht-superhell-100-stunden-laufzeit-batteriebetrieben-fuer-den-aussenbereich-schwarz-4-stueck\/"]}]},{"@type":"ImageObject","inLanguage":"de","@id":"https:\/\/marktxxl.de\/markt\/produkt\/eveready-camping-laterne-mit-360-leds-ipx4-wasserdicht-superhell-100-stunden-laufzeit-batteriebetrieben-fuer-den-aussenbereich-schwarz-4-stueck\/#primaryimage","url":"https:\/\/m.media-amazon.com\/images\/I\/51Gd0503SOL._SL500_.jpg","contentUrl":"https:\/\/m.media-amazon.com\/images\/I\/51Gd0503SOL._SL500_.jpg","width":500,"height":500},{"@type":"BreadcrumbList","@id":"https:\/\/marktxxl.de\/markt\/produkt\/eveready-camping-laterne-mit-360-leds-ipx4-wasserdicht-superhell-100-stunden-laufzeit-batteriebetrieben-fuer-den-aussenbereich-schwarz-4-stueck\/#breadcrumb","itemListElement":[{"@type":"ListItem","position":1,"name":"Startseite","item":"https:\/\/marktxxl.de\/markt\/"},{"@type":"ListItem","position":2,"name":"Markt","item":"https:\/\/marktxxl.de\/markt\/"},{"@type":"ListItem","position":3,"name":"Eveready Camping-Laterne mit 360 LEDs, IPX4 wasserdicht, superhell, 100 Stunden Laufzeit, batteriebetrieben, f\u00fcr den\u2026"}]},{"@type":"WebSite","@id":"https:\/\/marktxxl.de\/markt\/#website","url":"https:\/\/marktxxl.de\/markt\/","name":"Markt-XXL","description":"Ihr Markt Online","publisher":{"@id":"https:\/\/marktxxl.de\/markt\/#organization"},"potentialAction":[{"@type":"SearchAction","target":{"@type":"EntryPoint","urlTemplate":"https:\/\/marktxxl.de\/markt\/?s={search_term_string}"},"query-input":{"@type":"PropertyValueSpecification","valueRequired":true,"valueName":"search_term_string"}}],"inLanguage":"de"},{"@type":"Organization","@id":"https:\/\/marktxxl.de\/markt\/#organization","name":"Markt-XXL","url":"https:\/\/marktxxl.de\/markt\/","logo":{"@type":"ImageObject","inLanguage":"de","@id":"https:\/\/marktxxl.de\/markt\/#\/schema\/logo\/image\/","url":"https:\/\/marktxxl.de\/markt\/wp-content\/uploads\/sites\/3\/2020\/12\/logo.png","contentUrl":"https:\/\/marktxxl.de\/markt\/wp-content\/uploads\/sites\/3\/2020\/12\/logo.png","width":200,"height":70,"caption":"Markt-XXL"},"image":{"@id":"https:\/\/marktxxl.de\/markt\/#\/schema\/logo\/image\/"}}]}},"_links":{"self":[{"href":"https:\/\/marktxxl.de\/markt\/wp-json\/wp\/v2\/product\/143874","targetHints":{"allow":["GET"]}}],"collection":[{"href":"https:\/\/marktxxl.de\/markt\/wp-json\/wp\/v2\/product"}],"about":[{"href":"https:\/\/marktxxl.de\/markt\/wp-json\/wp\/v2\/types\/product"}],"replies":[{"embeddable":true,"href":"https:\/\/marktxxl.de\/markt\/wp-json\/wp\/v2\/comments?post=143874"}],"wp:featuredmedia":[{"embeddable":true,"href":"https:\/\/marktxxl.de\/markt\/wp-json\/wp\/v2\/media\/143875"}],"wp:attachment":[{"href":"https:\/\/marktxxl.de\/markt\/wp-json\/wp\/v2\/media?parent=143874"}],"wp:term":[{"taxonomy":"product_brand","embeddable":true,"href":"https:\/\/marktxxl.de\/markt\/wp-json\/wp\/v2\/product_brand?post=143874"},{"taxonomy":"product_cat","embeddable":true,"href":"https:\/\/marktxxl.de\/markt\/wp-json\/wp\/v2\/product_cat?post=143874"},{"taxonomy":"product_tag","embeddable":true,"href":"https:\/\/marktxxl.de\/markt\/wp-json\/wp\/v2\/product_tag?post=143874"}],"curies":[{"name":"wp","href":"https:\/\/api.w.org\/{rel}","templated":true}]}}