{"id":143784,"date":"2022-08-13T03:28:42","date_gmt":"2022-08-13T01:28:42","guid":{"rendered":"https:\/\/marktxxl.de\/markt\/produkt\/ruvati-rvh8035-838-x-559-cm-workstation-drop-in-60-40-doppelschuessel-topmount-tight-radius-16-gauge-edelstahl-ledge-kuechenspuele\/"},"modified":"2023-04-10T04:27:25","modified_gmt":"2023-04-10T02:27:25","slug":"ruvati-rvh8035-838-x-559-cm-workstation-drop-in-60-40-doppelschuessel-topmount-tight-radius-16-gauge-edelstahl-ledge-kuechenspuele","status":"publish","type":"product","link":"https:\/\/marktxxl.de\/markt\/produkt\/ruvati-rvh8035-838-x-559-cm-workstation-drop-in-60-40-doppelschuessel-topmount-tight-radius-16-gauge-edelstahl-ledge-kuechenspuele\/","title":{"rendered":"Ruvati RVH8035 Workstation Drop-In 60\/40 Doppelsch\u00fcssel Topmount Enge Radius 16 Gauge Edelstahl Ledge K\u00fcchensp\u00fcle \u2013 83,8\u2026"},"content":{"rendered":"<p>Workstation-Sp\u00fcle mit einst\u00f6ckiger Schiene, \u00fcberh\u00e4ngende Lippen auf der Vorder- und R\u00fcckseite dienen als Schiene zum Verschieben des eingebauten Zubeh\u00f6rs. Inklusive Schneidebrett aus Massivholz, tiefem Edelstahl-Sieb und Abtropfgestell, das auf den Leisten gleiten und Ihre Sp\u00fcle in einen Arbeitsplatz verwandelt<br \/>\nMontage an der Oberseite: 2,5 cm breiter und 0,6 cm hoher Rand rundherum f\u00fcr eine solide \u00dcberlagerungsoptik | 16 Gauge dicker Premium T 304 Edelstahl (18\/10 Chrom\/Nickel) 37% dicker als die meisten Standard-K\u00fcchensp\u00fclen | kommerzielle Qualit\u00e4t geb\u00fcrstete Oberfl\u00e4che leicht zu reinigen und langlebig<br \/>\nStrapazierf\u00e4hige Unterbeschichtung und dicke Gummi-Polsterung, um L\u00e4rm zu minimieren und Kondensation zu reduzieren. Abgeschr\u00e4gte Unterseite mit Ablaufrillen f\u00fcr vollst\u00e4ndigen Wasserablauf. Enge Radius abgerundete Innenecken f\u00fcr einfache Reinigung<br \/>\nAu\u00dfenma\u00dfe: 83,8 cm (breit) x 55,9 cm (vorne nach hinten) | Innenma\u00dfe: 45,7 cm x 40,6 cm (links), 30,5 cm x 40,6 cm (rechts) | Beckentiefe: 25,4 cm | Standard-8,9 cm Ablauf\u00f6ffnungen passen auf jede M\u00fcllentsorgungseinheit | Lieferung vorgebohrt mit 2 L\u00f6chern f\u00fcr Wasserhahn und Seifenspenderinstallation | Standardgr\u00f6\u00dfe 83,8 x 55,9 cm passt in die meisten vorhandenen Ausschnitte in die Sp\u00fcle<br \/>\nLieferumfang: Sp\u00fclbecken, Schneidebrett, Sieb, faltbares Abtropfgestell, Untersp\u00fclgitter, Korbsieb, Abflussmontage, dekorative Ablaufabdeckung, Ausschnittschablone, Befestigungsclips und Installationsanleitung (evtl. nicht in deutscher Sprache)<br \/>\n<div class=\"main-cross-sell\" data-asin=\"B07R6P1W4M\">\n\n\t<div class=\"WooZone-cross-sell-loader\">\n\t\t<div>\n\t\t\t<div id=\"floatingBarsG\">\n\t\t\t\t<div class=\"blockG\" id=\"rotateG_01\"><\/div>\n\t\t\t\t<div class=\"blockG\" id=\"rotateG_02\"><\/div>\n\t\t\t\t<div class=\"blockG\" id=\"rotateG_03\"><\/div>\n\t\t\t\t<div class=\"blockG\" id=\"rotateG_04\"><\/div>\n\t\t\t\t<div class=\"blockG\" id=\"rotateG_05\"><\/div>\n\t\t\t\t<div class=\"blockG\" id=\"rotateG_06\"><\/div>\n\t\t\t\t<div class=\"blockG\" id=\"rotateG_07\"><\/div>\n\t\t\t\t<div class=\"blockG\" id=\"rotateG_08\"><\/div>\n\t\t\t<\/div>\n\t\t\t<div class=\"WooZone-cross-sell-loader-text\"><\/div>\n\t\t<\/div>\n\t<\/div>\n\n\t\t\n<\/div>\n<div style=\"clear:both;\"><\/div><\/p>\n","protected":false},"excerpt":{"rendered":"<p>Workstation-Sp\u00fcle mit einst\u00f6ckiger Schiene, \u00fcberh\u00e4ngende Lippen auf der Vorder- und R\u00fcckseite dienen als Schiene zum Verschieben des eingebauten Zubeh\u00f6rs. Inklusive Schneidebrett aus Massivholz, tiefem Edelstahl-Sieb und Abtropfgestell, das auf den Leisten gleiten und Ihre Sp\u00fcle in einen Arbeitsplatz verwandelt<br \/>\nMontage an der Oberseite: 2,5 cm breiter und 0,6 cm hoher Rand rundherum f\u00fcr eine solide \u00dcberlagerungsoptik | 16 Gauge dicker Premium T 304 Edelstahl (18\/10 Chrom\/Nickel) 37% dicker als die meisten Standard-K\u00fcchensp\u00fclen | kommerzielle Qualit\u00e4t geb\u00fcrstete Oberfl\u00e4che leicht zu reinigen und langlebig<br \/>\nStrapazierf\u00e4hige Unterbeschichtung und dicke Gummi-Polsterung, um L\u00e4rm zu minimieren und Kondensation zu reduzieren. Abgeschr\u00e4gte Unterseite mit Ablaufrillen f\u00fcr vollst\u00e4ndigen Wasserablauf. Enge Radius abgerundete Innenecken f\u00fcr einfache Reinigung<\/p>\n","protected":false},"featured_media":143785,"comment_status":"open","ping_status":"closed","template":"","meta":[],"product_brand":[],"product_cat":[1983,11101],"product_tag":[],"class_list":{"0":"post-143784","1":"product","2":"type-product","3":"status-publish","4":"has-post-thumbnail","6":"product_cat-baumarkt","7":"product_cat-kuechen-badinstallation","8":"pa_brand-ruvati","9":"pa_color-edelstahl-gebuerstet","10":"pa_height-10-zoll","11":"pa_length-33-zoll","12":"pa_manufacturer-ruvati-usa","13":"pa_weight-55-99-pfund","14":"pa_width-22-zoll","16":"first","17":"instock","18":"shipping-taxable","19":"purchasable","20":"product-type-simple","21":"customify-col","22":"product-has-gallery"},"yoast_head":"<!-- This site is optimized with the Yoast SEO plugin v27.3 - https:\/\/yoast.com\/product\/yoast-seo-wordpress\/ -->\n<title>Ruvati RVH8035 Workstation Drop-In 60\/40 Doppelsch\u00fcssel Topmount Enge Radius 16 Gauge Edelstahl Ledge K\u00fcchensp\u00fcle \u2013 83,8\u2026 - Markt-XXL<\/title>\n<meta name=\"description\" content=\"Markt-XXL Ruvati RVH8035 Workstation Drop-In 60\/40 Doppelsch\u00fcssel Topmount Enge Radius 16 Gauge Edelstahl Ledge K\u00fcchensp\u00fcle \u2013 83,8\u2026\" \/>\n<meta name=\"robots\" content=\"index, follow, max-snippet:-1, max-image-preview:large, max-video-preview:-1\" \/>\n<link rel=\"canonical\" href=\"https:\/\/marktxxl.de\/markt\/produkt\/ruvati-rvh8035-838-x-559-cm-workstation-drop-in-60-40-doppelschuessel-topmount-tight-radius-16-gauge-edelstahl-ledge-kuechenspuele\/\" \/>\n<meta property=\"og:locale\" content=\"de_DE\" \/>\n<meta property=\"og:type\" content=\"article\" \/>\n<meta property=\"og:title\" content=\"Ruvati RVH8035 Workstation Drop-In 60\/40 Doppelsch\u00fcssel Topmount Enge Radius 16 Gauge Edelstahl Ledge K\u00fcchensp\u00fcle \u2013 83,8\u2026 - Markt-XXL\" \/>\n<meta property=\"og:description\" content=\"Markt-XXL Ruvati RVH8035 Workstation Drop-In 60\/40 Doppelsch\u00fcssel Topmount Enge Radius 16 Gauge Edelstahl Ledge K\u00fcchensp\u00fcle \u2013 83,8\u2026\" \/>\n<meta property=\"og:url\" content=\"https:\/\/marktxxl.de\/markt\/produkt\/ruvati-rvh8035-838-x-559-cm-workstation-drop-in-60-40-doppelschuessel-topmount-tight-radius-16-gauge-edelstahl-ledge-kuechenspuele\/\" \/>\n<meta property=\"og:site_name\" content=\"Markt-XXL\" \/>\n<meta property=\"article:modified_time\" content=\"2023-04-10T02:27:25+00:00\" \/>\n<meta property=\"og:image\" content=\"https:\/\/m.media-amazon.com\/images\/I\/41PhvPAbwWL._SL500_.jpg\" \/>\n\t<meta property=\"og:image:width\" content=\"500\" \/>\n\t<meta property=\"og:image:height\" content=\"500\" \/>\n\t<meta property=\"og:image:type\" content=\"image\/jpeg\" \/>\n<meta name=\"twitter:card\" content=\"summary_large_image\" \/>\n<meta name=\"twitter:label1\" content=\"Gesch\u00e4tzte Lesezeit\" \/>\n\t<meta name=\"twitter:data1\" content=\"1\u00a0Minute\" \/>\n<script type=\"application\/ld+json\" class=\"yoast-schema-graph\">{\"@context\":\"https:\\\/\\\/schema.org\",\"@graph\":[{\"@type\":\"WebPage\",\"@id\":\"https:\\\/\\\/marktxxl.de\\\/markt\\\/produkt\\\/ruvati-rvh8035-838-x-559-cm-workstation-drop-in-60-40-doppelschuessel-topmount-tight-radius-16-gauge-edelstahl-ledge-kuechenspuele\\\/\",\"url\":\"https:\\\/\\\/marktxxl.de\\\/markt\\\/produkt\\\/ruvati-rvh8035-838-x-559-cm-workstation-drop-in-60-40-doppelschuessel-topmount-tight-radius-16-gauge-edelstahl-ledge-kuechenspuele\\\/\",\"name\":\"Ruvati RVH8035 Workstation Drop-In 60\\\/40 Doppelsch\u00fcssel Topmount Enge Radius 16 Gauge Edelstahl Ledge K\u00fcchensp\u00fcle \u2013 83,8\u2026 - Markt-XXL\",\"isPartOf\":{\"@id\":\"https:\\\/\\\/marktxxl.de\\\/markt\\\/#website\"},\"primaryImageOfPage\":{\"@id\":\"https:\\\/\\\/marktxxl.de\\\/markt\\\/produkt\\\/ruvati-rvh8035-838-x-559-cm-workstation-drop-in-60-40-doppelschuessel-topmount-tight-radius-16-gauge-edelstahl-ledge-kuechenspuele\\\/#primaryimage\"},\"image\":{\"@id\":\"https:\\\/\\\/marktxxl.de\\\/markt\\\/produkt\\\/ruvati-rvh8035-838-x-559-cm-workstation-drop-in-60-40-doppelschuessel-topmount-tight-radius-16-gauge-edelstahl-ledge-kuechenspuele\\\/#primaryimage\"},\"thumbnailUrl\":\"https:\\\/\\\/m.media-amazon.com\\\/images\\\/I\\\/41PhvPAbwWL._SL500_.jpg\",\"datePublished\":\"2022-08-13T01:28:42+00:00\",\"dateModified\":\"2023-04-10T02:27:25+00:00\",\"description\":\"Markt-XXL Ruvati RVH8035 Workstation Drop-In 60\\\/40 Doppelsch\u00fcssel Topmount Enge Radius 16 Gauge Edelstahl Ledge K\u00fcchensp\u00fcle \u2013 83,8\u2026\",\"breadcrumb\":{\"@id\":\"https:\\\/\\\/marktxxl.de\\\/markt\\\/produkt\\\/ruvati-rvh8035-838-x-559-cm-workstation-drop-in-60-40-doppelschuessel-topmount-tight-radius-16-gauge-edelstahl-ledge-kuechenspuele\\\/#breadcrumb\"},\"inLanguage\":\"de\",\"potentialAction\":[{\"@type\":\"ReadAction\",\"target\":[\"https:\\\/\\\/marktxxl.de\\\/markt\\\/produkt\\\/ruvati-rvh8035-838-x-559-cm-workstation-drop-in-60-40-doppelschuessel-topmount-tight-radius-16-gauge-edelstahl-ledge-kuechenspuele\\\/\"]}]},{\"@type\":\"ImageObject\",\"inLanguage\":\"de\",\"@id\":\"https:\\\/\\\/marktxxl.de\\\/markt\\\/produkt\\\/ruvati-rvh8035-838-x-559-cm-workstation-drop-in-60-40-doppelschuessel-topmount-tight-radius-16-gauge-edelstahl-ledge-kuechenspuele\\\/#primaryimage\",\"url\":\"https:\\\/\\\/m.media-amazon.com\\\/images\\\/I\\\/41PhvPAbwWL._SL500_.jpg\",\"contentUrl\":\"https:\\\/\\\/m.media-amazon.com\\\/images\\\/I\\\/41PhvPAbwWL._SL500_.jpg\",\"width\":500,\"height\":500},{\"@type\":\"BreadcrumbList\",\"@id\":\"https:\\\/\\\/marktxxl.de\\\/markt\\\/produkt\\\/ruvati-rvh8035-838-x-559-cm-workstation-drop-in-60-40-doppelschuessel-topmount-tight-radius-16-gauge-edelstahl-ledge-kuechenspuele\\\/#breadcrumb\",\"itemListElement\":[{\"@type\":\"ListItem\",\"position\":1,\"name\":\"Startseite\",\"item\":\"https:\\\/\\\/marktxxl.de\\\/markt\\\/\"},{\"@type\":\"ListItem\",\"position\":2,\"name\":\"Markt\",\"item\":\"https:\\\/\\\/marktxxl.de\\\/markt\\\/\"},{\"@type\":\"ListItem\",\"position\":3,\"name\":\"Ruvati RVH8035 Workstation Drop-In 60\\\/40 Doppelsch\u00fcssel Topmount Enge Radius 16 Gauge Edelstahl Ledge K\u00fcchensp\u00fcle \u2013 83,8\u2026\"}]},{\"@type\":\"WebSite\",\"@id\":\"https:\\\/\\\/marktxxl.de\\\/markt\\\/#website\",\"url\":\"https:\\\/\\\/marktxxl.de\\\/markt\\\/\",\"name\":\"Markt-XXL\",\"description\":\"Ihr Markt Online\",\"publisher\":{\"@id\":\"https:\\\/\\\/marktxxl.de\\\/markt\\\/#organization\"},\"potentialAction\":[{\"@type\":\"SearchAction\",\"target\":{\"@type\":\"EntryPoint\",\"urlTemplate\":\"https:\\\/\\\/marktxxl.de\\\/markt\\\/?s={search_term_string}\"},\"query-input\":{\"@type\":\"PropertyValueSpecification\",\"valueRequired\":true,\"valueName\":\"search_term_string\"}}],\"inLanguage\":\"de\"},{\"@type\":\"Organization\",\"@id\":\"https:\\\/\\\/marktxxl.de\\\/markt\\\/#organization\",\"name\":\"Markt-XXL\",\"url\":\"https:\\\/\\\/marktxxl.de\\\/markt\\\/\",\"logo\":{\"@type\":\"ImageObject\",\"inLanguage\":\"de\",\"@id\":\"https:\\\/\\\/marktxxl.de\\\/markt\\\/#\\\/schema\\\/logo\\\/image\\\/\",\"url\":\"https:\\\/\\\/marktxxl.de\\\/markt\\\/wp-content\\\/uploads\\\/sites\\\/3\\\/2020\\\/12\\\/logo.png\",\"contentUrl\":\"https:\\\/\\\/marktxxl.de\\\/markt\\\/wp-content\\\/uploads\\\/sites\\\/3\\\/2020\\\/12\\\/logo.png\",\"width\":200,\"height\":70,\"caption\":\"Markt-XXL\"},\"image\":{\"@id\":\"https:\\\/\\\/marktxxl.de\\\/markt\\\/#\\\/schema\\\/logo\\\/image\\\/\"}}]}<\/script>\n<!-- \/ Yoast SEO plugin. -->","yoast_head_json":{"title":"Ruvati RVH8035 Workstation Drop-In 60\/40 Doppelsch\u00fcssel Topmount Enge Radius 16 Gauge Edelstahl Ledge K\u00fcchensp\u00fcle \u2013 83,8\u2026 - Markt-XXL","description":"Markt-XXL Ruvati RVH8035 Workstation Drop-In 60\/40 Doppelsch\u00fcssel Topmount Enge Radius 16 Gauge Edelstahl Ledge K\u00fcchensp\u00fcle \u2013 83,8\u2026","robots":{"index":"index","follow":"follow","max-snippet":"max-snippet:-1","max-image-preview":"max-image-preview:large","max-video-preview":"max-video-preview:-1"},"canonical":"https:\/\/marktxxl.de\/markt\/produkt\/ruvati-rvh8035-838-x-559-cm-workstation-drop-in-60-40-doppelschuessel-topmount-tight-radius-16-gauge-edelstahl-ledge-kuechenspuele\/","og_locale":"de_DE","og_type":"article","og_title":"Ruvati RVH8035 Workstation Drop-In 60\/40 Doppelsch\u00fcssel Topmount Enge Radius 16 Gauge Edelstahl Ledge K\u00fcchensp\u00fcle \u2013 83,8\u2026 - Markt-XXL","og_description":"Markt-XXL Ruvati RVH8035 Workstation Drop-In 60\/40 Doppelsch\u00fcssel Topmount Enge Radius 16 Gauge Edelstahl Ledge K\u00fcchensp\u00fcle \u2013 83,8\u2026","og_url":"https:\/\/marktxxl.de\/markt\/produkt\/ruvati-rvh8035-838-x-559-cm-workstation-drop-in-60-40-doppelschuessel-topmount-tight-radius-16-gauge-edelstahl-ledge-kuechenspuele\/","og_site_name":"Markt-XXL","article_modified_time":"2023-04-10T02:27:25+00:00","og_image":[{"width":500,"height":500,"url":"https:\/\/m.media-amazon.com\/images\/I\/41PhvPAbwWL._SL500_.jpg","type":"image\/jpeg"}],"twitter_card":"summary_large_image","twitter_misc":{"Gesch\u00e4tzte Lesezeit":"1\u00a0Minute"},"schema":{"@context":"https:\/\/schema.org","@graph":[{"@type":"WebPage","@id":"https:\/\/marktxxl.de\/markt\/produkt\/ruvati-rvh8035-838-x-559-cm-workstation-drop-in-60-40-doppelschuessel-topmount-tight-radius-16-gauge-edelstahl-ledge-kuechenspuele\/","url":"https:\/\/marktxxl.de\/markt\/produkt\/ruvati-rvh8035-838-x-559-cm-workstation-drop-in-60-40-doppelschuessel-topmount-tight-radius-16-gauge-edelstahl-ledge-kuechenspuele\/","name":"Ruvati RVH8035 Workstation Drop-In 60\/40 Doppelsch\u00fcssel Topmount Enge Radius 16 Gauge Edelstahl Ledge K\u00fcchensp\u00fcle \u2013 83,8\u2026 - Markt-XXL","isPartOf":{"@id":"https:\/\/marktxxl.de\/markt\/#website"},"primaryImageOfPage":{"@id":"https:\/\/marktxxl.de\/markt\/produkt\/ruvati-rvh8035-838-x-559-cm-workstation-drop-in-60-40-doppelschuessel-topmount-tight-radius-16-gauge-edelstahl-ledge-kuechenspuele\/#primaryimage"},"image":{"@id":"https:\/\/marktxxl.de\/markt\/produkt\/ruvati-rvh8035-838-x-559-cm-workstation-drop-in-60-40-doppelschuessel-topmount-tight-radius-16-gauge-edelstahl-ledge-kuechenspuele\/#primaryimage"},"thumbnailUrl":"https:\/\/m.media-amazon.com\/images\/I\/41PhvPAbwWL._SL500_.jpg","datePublished":"2022-08-13T01:28:42+00:00","dateModified":"2023-04-10T02:27:25+00:00","description":"Markt-XXL Ruvati RVH8035 Workstation Drop-In 60\/40 Doppelsch\u00fcssel Topmount Enge Radius 16 Gauge Edelstahl Ledge K\u00fcchensp\u00fcle \u2013 83,8\u2026","breadcrumb":{"@id":"https:\/\/marktxxl.de\/markt\/produkt\/ruvati-rvh8035-838-x-559-cm-workstation-drop-in-60-40-doppelschuessel-topmount-tight-radius-16-gauge-edelstahl-ledge-kuechenspuele\/#breadcrumb"},"inLanguage":"de","potentialAction":[{"@type":"ReadAction","target":["https:\/\/marktxxl.de\/markt\/produkt\/ruvati-rvh8035-838-x-559-cm-workstation-drop-in-60-40-doppelschuessel-topmount-tight-radius-16-gauge-edelstahl-ledge-kuechenspuele\/"]}]},{"@type":"ImageObject","inLanguage":"de","@id":"https:\/\/marktxxl.de\/markt\/produkt\/ruvati-rvh8035-838-x-559-cm-workstation-drop-in-60-40-doppelschuessel-topmount-tight-radius-16-gauge-edelstahl-ledge-kuechenspuele\/#primaryimage","url":"https:\/\/m.media-amazon.com\/images\/I\/41PhvPAbwWL._SL500_.jpg","contentUrl":"https:\/\/m.media-amazon.com\/images\/I\/41PhvPAbwWL._SL500_.jpg","width":500,"height":500},{"@type":"BreadcrumbList","@id":"https:\/\/marktxxl.de\/markt\/produkt\/ruvati-rvh8035-838-x-559-cm-workstation-drop-in-60-40-doppelschuessel-topmount-tight-radius-16-gauge-edelstahl-ledge-kuechenspuele\/#breadcrumb","itemListElement":[{"@type":"ListItem","position":1,"name":"Startseite","item":"https:\/\/marktxxl.de\/markt\/"},{"@type":"ListItem","position":2,"name":"Markt","item":"https:\/\/marktxxl.de\/markt\/"},{"@type":"ListItem","position":3,"name":"Ruvati RVH8035 Workstation Drop-In 60\/40 Doppelsch\u00fcssel Topmount Enge Radius 16 Gauge Edelstahl Ledge K\u00fcchensp\u00fcle \u2013 83,8\u2026"}]},{"@type":"WebSite","@id":"https:\/\/marktxxl.de\/markt\/#website","url":"https:\/\/marktxxl.de\/markt\/","name":"Markt-XXL","description":"Ihr Markt Online","publisher":{"@id":"https:\/\/marktxxl.de\/markt\/#organization"},"potentialAction":[{"@type":"SearchAction","target":{"@type":"EntryPoint","urlTemplate":"https:\/\/marktxxl.de\/markt\/?s={search_term_string}"},"query-input":{"@type":"PropertyValueSpecification","valueRequired":true,"valueName":"search_term_string"}}],"inLanguage":"de"},{"@type":"Organization","@id":"https:\/\/marktxxl.de\/markt\/#organization","name":"Markt-XXL","url":"https:\/\/marktxxl.de\/markt\/","logo":{"@type":"ImageObject","inLanguage":"de","@id":"https:\/\/marktxxl.de\/markt\/#\/schema\/logo\/image\/","url":"https:\/\/marktxxl.de\/markt\/wp-content\/uploads\/sites\/3\/2020\/12\/logo.png","contentUrl":"https:\/\/marktxxl.de\/markt\/wp-content\/uploads\/sites\/3\/2020\/12\/logo.png","width":200,"height":70,"caption":"Markt-XXL"},"image":{"@id":"https:\/\/marktxxl.de\/markt\/#\/schema\/logo\/image\/"}}]}},"_links":{"self":[{"href":"https:\/\/marktxxl.de\/markt\/wp-json\/wp\/v2\/product\/143784","targetHints":{"allow":["GET"]}}],"collection":[{"href":"https:\/\/marktxxl.de\/markt\/wp-json\/wp\/v2\/product"}],"about":[{"href":"https:\/\/marktxxl.de\/markt\/wp-json\/wp\/v2\/types\/product"}],"replies":[{"embeddable":true,"href":"https:\/\/marktxxl.de\/markt\/wp-json\/wp\/v2\/comments?post=143784"}],"wp:featuredmedia":[{"embeddable":true,"href":"https:\/\/marktxxl.de\/markt\/wp-json\/wp\/v2\/media\/143785"}],"wp:attachment":[{"href":"https:\/\/marktxxl.de\/markt\/wp-json\/wp\/v2\/media?parent=143784"}],"wp:term":[{"taxonomy":"product_brand","embeddable":true,"href":"https:\/\/marktxxl.de\/markt\/wp-json\/wp\/v2\/product_brand?post=143784"},{"taxonomy":"product_cat","embeddable":true,"href":"https:\/\/marktxxl.de\/markt\/wp-json\/wp\/v2\/product_cat?post=143784"},{"taxonomy":"product_tag","embeddable":true,"href":"https:\/\/marktxxl.de\/markt\/wp-json\/wp\/v2\/product_tag?post=143784"}],"curies":[{"name":"wp","href":"https:\/\/api.w.org\/{rel}","templated":true}]}}