{"id":143771,"date":"2022-08-13T03:26:38","date_gmt":"2022-08-13T01:26:38","guid":{"rendered":"https:\/\/marktxxl.de\/markt\/produkt\/dl-pro-siebkoerbchen-79mm-mit-hubstange-8x61mm-18-schlitze-passend-wie-blanco-119146-fuer-siebkorbventil-spuelbecken\/"},"modified":"2023-04-10T04:27:24","modified_gmt":"2023-04-10T02:27:24","slug":"dl-pro-siebkoerbchen-79mm-mit-hubstange-8x61mm-18-schlitze-passend-wie-blanco-119146-fuer-siebkorbventil-spuelbecken","status":"publish","type":"product","link":"https:\/\/marktxxl.de\/markt\/produkt\/dl-pro-siebkoerbchen-79mm-mit-hubstange-8x61mm-18-schlitze-passend-wie-blanco-119146-fuer-siebkorbventil-spuelbecken\/","title":{"rendered":"DL-pro Siebk\u00f6rbchen 79mm mit Hubstange 8x61mm 18 Schlitze passend wie Blanco 119146 f\u00fcr Siebkorbventil Sp\u00fclbecken"},"content":{"rendered":"<p>\u2714\ufe0f Filterkorb f\u00fcr Stopperbetrieb 3,5&#8243; Exzenter universal (18 Schlitze) AL eingesetzt in \u00dcberlaufbecken mit Verschlusstopfen oder in Sp\u00fclbecken<br \/>\n\u2714\ufe0f Passend wie Blanco 119146 | Es gibt verschiedene Modelle, bitte Art und L\u00e4nge der Stange auf der Unterseite mit dem vorhandenen Einsatz vergleichen.<br \/>\n\u2714\ufe0f Artikel-Merkmale: L\u00e4nge: 79 mm | Breite: 79 mm | H\u00f6he: 77 mm | Material: Metall | Farbe: silbern | Lieferumfang: 1 St\u00fcck<br \/>\n\u2753 FRAGEN? Wenn Sie nicht sicher sind ob dieser Artikel der passende ist, hilft Ihnen unser kompetenter Kundenservice jederzeit gerne weiter und ber\u00e4t Sie gerne.<br \/>\n\u2714\ufe0f DL-pro Premium Qualit\u00e4t &#8211; Die Profimarke f\u00fcr Ersatzteile und Zubeh\u00f6r rund ums Haus<br \/>\n<div class=\"main-cross-sell\" data-asin=\"B08WCKCVBP\">\n\n\t<div class=\"WooZone-cross-sell-loader\">\n\t\t<div>\n\t\t\t<div id=\"floatingBarsG\">\n\t\t\t\t<div class=\"blockG\" id=\"rotateG_01\"><\/div>\n\t\t\t\t<div class=\"blockG\" id=\"rotateG_02\"><\/div>\n\t\t\t\t<div class=\"blockG\" id=\"rotateG_03\"><\/div>\n\t\t\t\t<div class=\"blockG\" id=\"rotateG_04\"><\/div>\n\t\t\t\t<div class=\"blockG\" id=\"rotateG_05\"><\/div>\n\t\t\t\t<div class=\"blockG\" id=\"rotateG_06\"><\/div>\n\t\t\t\t<div class=\"blockG\" id=\"rotateG_07\"><\/div>\n\t\t\t\t<div class=\"blockG\" id=\"rotateG_08\"><\/div>\n\t\t\t<\/div>\n\t\t\t<div class=\"WooZone-cross-sell-loader-text\"><\/div>\n\t\t<\/div>\n\t<\/div>\n\n\t\t\n<\/div>\n<div style=\"clear:both;\"><\/div><\/p>\n","protected":false},"excerpt":{"rendered":"<p>\u2714\ufe0f Filterkorb f\u00fcr Stopperbetrieb 3,5&#8243; Exzenter universal (18 Schlitze) AL eingesetzt in \u00dcberlaufbecken mit Verschlusstopfen oder in Sp\u00fclbecken<br \/>\n\u2714\ufe0f Passend wie Blanco 119146 | Es gibt verschiedene Modelle, bitte Art und L\u00e4nge der Stange auf der Unterseite mit dem vorhandenen Einsatz vergleichen.<br \/>\n\u2714\ufe0f Artikel-Merkmale: L\u00e4nge: 79 mm | Breite: 79 mm | H\u00f6he: 77 mm | Material: Metall | Farbe: silbern | Lieferumfang: 1 St\u00fcck<\/p>\n","protected":false},"featured_media":143772,"comment_status":"open","ping_status":"closed","template":"","meta":[],"product_brand":[],"product_cat":[1983,11101],"product_tag":[],"class_list":{"0":"post-143771","1":"product","2":"type-product","3":"status-publish","4":"has-post-thumbnail","6":"product_cat-baumarkt","7":"product_cat-kuechen-badinstallation","8":"pa_brand-dl-pro","9":"pa_height-3-03149-zoll","10":"pa_length-3-11023-zoll","11":"pa_manufacturer-dl-pro","12":"pa_width-3-11023-zoll","14":"first","15":"instock","16":"shipping-taxable","17":"purchasable","18":"product-type-simple","19":"customify-col","20":"product-has-gallery"},"yoast_head":"<!-- This site is optimized with the Yoast SEO plugin v27.4 - https:\/\/yoast.com\/product\/yoast-seo-wordpress\/ -->\n<title>DL-pro Siebk\u00f6rbchen 79mm mit Hubstange 8x61mm 18 Schlitze passend wie Blanco 119146 f\u00fcr Siebkorbventil Sp\u00fclbecken - Markt-XXL<\/title>\n<meta name=\"description\" content=\"Markt-XXL DL-pro Siebk\u00f6rbchen 79mm mit Hubstange 8x61mm 18 Schlitze passend wie Blanco 119146 f\u00fcr Siebkorbventil Sp\u00fclbecken\" \/>\n<meta name=\"robots\" content=\"index, follow, max-snippet:-1, max-image-preview:large, max-video-preview:-1\" \/>\n<link rel=\"canonical\" href=\"https:\/\/marktxxl.de\/markt\/produkt\/dl-pro-siebkoerbchen-79mm-mit-hubstange-8x61mm-18-schlitze-passend-wie-blanco-119146-fuer-siebkorbventil-spuelbecken\/\" \/>\n<meta property=\"og:locale\" content=\"de_DE\" \/>\n<meta property=\"og:type\" content=\"article\" \/>\n<meta property=\"og:title\" content=\"DL-pro Siebk\u00f6rbchen 79mm mit Hubstange 8x61mm 18 Schlitze passend wie Blanco 119146 f\u00fcr Siebkorbventil Sp\u00fclbecken - Markt-XXL\" \/>\n<meta property=\"og:description\" content=\"Markt-XXL DL-pro Siebk\u00f6rbchen 79mm mit Hubstange 8x61mm 18 Schlitze passend wie Blanco 119146 f\u00fcr Siebkorbventil Sp\u00fclbecken\" \/>\n<meta property=\"og:url\" content=\"https:\/\/marktxxl.de\/markt\/produkt\/dl-pro-siebkoerbchen-79mm-mit-hubstange-8x61mm-18-schlitze-passend-wie-blanco-119146-fuer-siebkorbventil-spuelbecken\/\" \/>\n<meta property=\"og:site_name\" content=\"Markt-XXL\" \/>\n<meta property=\"article:modified_time\" content=\"2023-04-10T02:27:24+00:00\" \/>\n<meta property=\"og:image\" content=\"https:\/\/m.media-amazon.com\/images\/I\/21jV00UWLFL._SL500_.jpg\" \/>\n\t<meta property=\"og:image:width\" content=\"500\" \/>\n\t<meta property=\"og:image:height\" content=\"500\" \/>\n\t<meta property=\"og:image:type\" content=\"image\/jpeg\" \/>\n<meta name=\"twitter:card\" content=\"summary_large_image\" \/>\n<meta name=\"twitter:label1\" content=\"Gesch\u00e4tzte Lesezeit\" \/>\n\t<meta name=\"twitter:data1\" content=\"1\u00a0Minute\" \/>\n<script type=\"application\/ld+json\" class=\"yoast-schema-graph\">{\"@context\":\"https:\\\/\\\/schema.org\",\"@graph\":[{\"@type\":\"WebPage\",\"@id\":\"https:\\\/\\\/marktxxl.de\\\/markt\\\/produkt\\\/dl-pro-siebkoerbchen-79mm-mit-hubstange-8x61mm-18-schlitze-passend-wie-blanco-119146-fuer-siebkorbventil-spuelbecken\\\/\",\"url\":\"https:\\\/\\\/marktxxl.de\\\/markt\\\/produkt\\\/dl-pro-siebkoerbchen-79mm-mit-hubstange-8x61mm-18-schlitze-passend-wie-blanco-119146-fuer-siebkorbventil-spuelbecken\\\/\",\"name\":\"DL-pro Siebk\u00f6rbchen 79mm mit Hubstange 8x61mm 18 Schlitze passend wie Blanco 119146 f\u00fcr Siebkorbventil Sp\u00fclbecken - Markt-XXL\",\"isPartOf\":{\"@id\":\"https:\\\/\\\/marktxxl.de\\\/markt\\\/#website\"},\"primaryImageOfPage\":{\"@id\":\"https:\\\/\\\/marktxxl.de\\\/markt\\\/produkt\\\/dl-pro-siebkoerbchen-79mm-mit-hubstange-8x61mm-18-schlitze-passend-wie-blanco-119146-fuer-siebkorbventil-spuelbecken\\\/#primaryimage\"},\"image\":{\"@id\":\"https:\\\/\\\/marktxxl.de\\\/markt\\\/produkt\\\/dl-pro-siebkoerbchen-79mm-mit-hubstange-8x61mm-18-schlitze-passend-wie-blanco-119146-fuer-siebkorbventil-spuelbecken\\\/#primaryimage\"},\"thumbnailUrl\":\"https:\\\/\\\/m.media-amazon.com\\\/images\\\/I\\\/21jV00UWLFL._SL500_.jpg\",\"datePublished\":\"2022-08-13T01:26:38+00:00\",\"dateModified\":\"2023-04-10T02:27:24+00:00\",\"description\":\"Markt-XXL DL-pro Siebk\u00f6rbchen 79mm mit Hubstange 8x61mm 18 Schlitze passend wie Blanco 119146 f\u00fcr Siebkorbventil Sp\u00fclbecken\",\"breadcrumb\":{\"@id\":\"https:\\\/\\\/marktxxl.de\\\/markt\\\/produkt\\\/dl-pro-siebkoerbchen-79mm-mit-hubstange-8x61mm-18-schlitze-passend-wie-blanco-119146-fuer-siebkorbventil-spuelbecken\\\/#breadcrumb\"},\"inLanguage\":\"de\",\"potentialAction\":[{\"@type\":\"ReadAction\",\"target\":[\"https:\\\/\\\/marktxxl.de\\\/markt\\\/produkt\\\/dl-pro-siebkoerbchen-79mm-mit-hubstange-8x61mm-18-schlitze-passend-wie-blanco-119146-fuer-siebkorbventil-spuelbecken\\\/\"]}]},{\"@type\":\"ImageObject\",\"inLanguage\":\"de\",\"@id\":\"https:\\\/\\\/marktxxl.de\\\/markt\\\/produkt\\\/dl-pro-siebkoerbchen-79mm-mit-hubstange-8x61mm-18-schlitze-passend-wie-blanco-119146-fuer-siebkorbventil-spuelbecken\\\/#primaryimage\",\"url\":\"https:\\\/\\\/m.media-amazon.com\\\/images\\\/I\\\/21jV00UWLFL._SL500_.jpg\",\"contentUrl\":\"https:\\\/\\\/m.media-amazon.com\\\/images\\\/I\\\/21jV00UWLFL._SL500_.jpg\",\"width\":500,\"height\":500},{\"@type\":\"BreadcrumbList\",\"@id\":\"https:\\\/\\\/marktxxl.de\\\/markt\\\/produkt\\\/dl-pro-siebkoerbchen-79mm-mit-hubstange-8x61mm-18-schlitze-passend-wie-blanco-119146-fuer-siebkorbventil-spuelbecken\\\/#breadcrumb\",\"itemListElement\":[{\"@type\":\"ListItem\",\"position\":1,\"name\":\"Startseite\",\"item\":\"https:\\\/\\\/marktxxl.de\\\/markt\\\/\"},{\"@type\":\"ListItem\",\"position\":2,\"name\":\"Markt\",\"item\":\"https:\\\/\\\/marktxxl.de\\\/markt\\\/\"},{\"@type\":\"ListItem\",\"position\":3,\"name\":\"DL-pro Siebk\u00f6rbchen 79mm mit Hubstange 8x61mm 18 Schlitze passend wie Blanco 119146 f\u00fcr Siebkorbventil Sp\u00fclbecken\"}]},{\"@type\":\"WebSite\",\"@id\":\"https:\\\/\\\/marktxxl.de\\\/markt\\\/#website\",\"url\":\"https:\\\/\\\/marktxxl.de\\\/markt\\\/\",\"name\":\"Markt-XXL\",\"description\":\"Ihr Markt Online\",\"publisher\":{\"@id\":\"https:\\\/\\\/marktxxl.de\\\/markt\\\/#organization\"},\"potentialAction\":[{\"@type\":\"SearchAction\",\"target\":{\"@type\":\"EntryPoint\",\"urlTemplate\":\"https:\\\/\\\/marktxxl.de\\\/markt\\\/?s={search_term_string}\"},\"query-input\":{\"@type\":\"PropertyValueSpecification\",\"valueRequired\":true,\"valueName\":\"search_term_string\"}}],\"inLanguage\":\"de\"},{\"@type\":\"Organization\",\"@id\":\"https:\\\/\\\/marktxxl.de\\\/markt\\\/#organization\",\"name\":\"Markt-XXL\",\"url\":\"https:\\\/\\\/marktxxl.de\\\/markt\\\/\",\"logo\":{\"@type\":\"ImageObject\",\"inLanguage\":\"de\",\"@id\":\"https:\\\/\\\/marktxxl.de\\\/markt\\\/#\\\/schema\\\/logo\\\/image\\\/\",\"url\":\"https:\\\/\\\/marktxxl.de\\\/markt\\\/wp-content\\\/uploads\\\/sites\\\/3\\\/2020\\\/12\\\/logo.png\",\"contentUrl\":\"https:\\\/\\\/marktxxl.de\\\/markt\\\/wp-content\\\/uploads\\\/sites\\\/3\\\/2020\\\/12\\\/logo.png\",\"width\":200,\"height\":70,\"caption\":\"Markt-XXL\"},\"image\":{\"@id\":\"https:\\\/\\\/marktxxl.de\\\/markt\\\/#\\\/schema\\\/logo\\\/image\\\/\"}}]}<\/script>\n<!-- \/ Yoast SEO plugin. -->","yoast_head_json":{"title":"DL-pro Siebk\u00f6rbchen 79mm mit Hubstange 8x61mm 18 Schlitze passend wie Blanco 119146 f\u00fcr Siebkorbventil Sp\u00fclbecken - Markt-XXL","description":"Markt-XXL DL-pro Siebk\u00f6rbchen 79mm mit Hubstange 8x61mm 18 Schlitze passend wie Blanco 119146 f\u00fcr Siebkorbventil Sp\u00fclbecken","robots":{"index":"index","follow":"follow","max-snippet":"max-snippet:-1","max-image-preview":"max-image-preview:large","max-video-preview":"max-video-preview:-1"},"canonical":"https:\/\/marktxxl.de\/markt\/produkt\/dl-pro-siebkoerbchen-79mm-mit-hubstange-8x61mm-18-schlitze-passend-wie-blanco-119146-fuer-siebkorbventil-spuelbecken\/","og_locale":"de_DE","og_type":"article","og_title":"DL-pro Siebk\u00f6rbchen 79mm mit Hubstange 8x61mm 18 Schlitze passend wie Blanco 119146 f\u00fcr Siebkorbventil Sp\u00fclbecken - Markt-XXL","og_description":"Markt-XXL DL-pro Siebk\u00f6rbchen 79mm mit Hubstange 8x61mm 18 Schlitze passend wie Blanco 119146 f\u00fcr Siebkorbventil Sp\u00fclbecken","og_url":"https:\/\/marktxxl.de\/markt\/produkt\/dl-pro-siebkoerbchen-79mm-mit-hubstange-8x61mm-18-schlitze-passend-wie-blanco-119146-fuer-siebkorbventil-spuelbecken\/","og_site_name":"Markt-XXL","article_modified_time":"2023-04-10T02:27:24+00:00","og_image":[{"width":500,"height":500,"url":"https:\/\/m.media-amazon.com\/images\/I\/21jV00UWLFL._SL500_.jpg","type":"image\/jpeg"}],"twitter_card":"summary_large_image","twitter_misc":{"Gesch\u00e4tzte Lesezeit":"1\u00a0Minute"},"schema":{"@context":"https:\/\/schema.org","@graph":[{"@type":"WebPage","@id":"https:\/\/marktxxl.de\/markt\/produkt\/dl-pro-siebkoerbchen-79mm-mit-hubstange-8x61mm-18-schlitze-passend-wie-blanco-119146-fuer-siebkorbventil-spuelbecken\/","url":"https:\/\/marktxxl.de\/markt\/produkt\/dl-pro-siebkoerbchen-79mm-mit-hubstange-8x61mm-18-schlitze-passend-wie-blanco-119146-fuer-siebkorbventil-spuelbecken\/","name":"DL-pro Siebk\u00f6rbchen 79mm mit Hubstange 8x61mm 18 Schlitze passend wie Blanco 119146 f\u00fcr Siebkorbventil Sp\u00fclbecken - Markt-XXL","isPartOf":{"@id":"https:\/\/marktxxl.de\/markt\/#website"},"primaryImageOfPage":{"@id":"https:\/\/marktxxl.de\/markt\/produkt\/dl-pro-siebkoerbchen-79mm-mit-hubstange-8x61mm-18-schlitze-passend-wie-blanco-119146-fuer-siebkorbventil-spuelbecken\/#primaryimage"},"image":{"@id":"https:\/\/marktxxl.de\/markt\/produkt\/dl-pro-siebkoerbchen-79mm-mit-hubstange-8x61mm-18-schlitze-passend-wie-blanco-119146-fuer-siebkorbventil-spuelbecken\/#primaryimage"},"thumbnailUrl":"https:\/\/m.media-amazon.com\/images\/I\/21jV00UWLFL._SL500_.jpg","datePublished":"2022-08-13T01:26:38+00:00","dateModified":"2023-04-10T02:27:24+00:00","description":"Markt-XXL DL-pro Siebk\u00f6rbchen 79mm mit Hubstange 8x61mm 18 Schlitze passend wie Blanco 119146 f\u00fcr Siebkorbventil Sp\u00fclbecken","breadcrumb":{"@id":"https:\/\/marktxxl.de\/markt\/produkt\/dl-pro-siebkoerbchen-79mm-mit-hubstange-8x61mm-18-schlitze-passend-wie-blanco-119146-fuer-siebkorbventil-spuelbecken\/#breadcrumb"},"inLanguage":"de","potentialAction":[{"@type":"ReadAction","target":["https:\/\/marktxxl.de\/markt\/produkt\/dl-pro-siebkoerbchen-79mm-mit-hubstange-8x61mm-18-schlitze-passend-wie-blanco-119146-fuer-siebkorbventil-spuelbecken\/"]}]},{"@type":"ImageObject","inLanguage":"de","@id":"https:\/\/marktxxl.de\/markt\/produkt\/dl-pro-siebkoerbchen-79mm-mit-hubstange-8x61mm-18-schlitze-passend-wie-blanco-119146-fuer-siebkorbventil-spuelbecken\/#primaryimage","url":"https:\/\/m.media-amazon.com\/images\/I\/21jV00UWLFL._SL500_.jpg","contentUrl":"https:\/\/m.media-amazon.com\/images\/I\/21jV00UWLFL._SL500_.jpg","width":500,"height":500},{"@type":"BreadcrumbList","@id":"https:\/\/marktxxl.de\/markt\/produkt\/dl-pro-siebkoerbchen-79mm-mit-hubstange-8x61mm-18-schlitze-passend-wie-blanco-119146-fuer-siebkorbventil-spuelbecken\/#breadcrumb","itemListElement":[{"@type":"ListItem","position":1,"name":"Startseite","item":"https:\/\/marktxxl.de\/markt\/"},{"@type":"ListItem","position":2,"name":"Markt","item":"https:\/\/marktxxl.de\/markt\/"},{"@type":"ListItem","position":3,"name":"DL-pro Siebk\u00f6rbchen 79mm mit Hubstange 8x61mm 18 Schlitze passend wie Blanco 119146 f\u00fcr Siebkorbventil Sp\u00fclbecken"}]},{"@type":"WebSite","@id":"https:\/\/marktxxl.de\/markt\/#website","url":"https:\/\/marktxxl.de\/markt\/","name":"Markt-XXL","description":"Ihr Markt Online","publisher":{"@id":"https:\/\/marktxxl.de\/markt\/#organization"},"potentialAction":[{"@type":"SearchAction","target":{"@type":"EntryPoint","urlTemplate":"https:\/\/marktxxl.de\/markt\/?s={search_term_string}"},"query-input":{"@type":"PropertyValueSpecification","valueRequired":true,"valueName":"search_term_string"}}],"inLanguage":"de"},{"@type":"Organization","@id":"https:\/\/marktxxl.de\/markt\/#organization","name":"Markt-XXL","url":"https:\/\/marktxxl.de\/markt\/","logo":{"@type":"ImageObject","inLanguage":"de","@id":"https:\/\/marktxxl.de\/markt\/#\/schema\/logo\/image\/","url":"https:\/\/marktxxl.de\/markt\/wp-content\/uploads\/sites\/3\/2020\/12\/logo.png","contentUrl":"https:\/\/marktxxl.de\/markt\/wp-content\/uploads\/sites\/3\/2020\/12\/logo.png","width":200,"height":70,"caption":"Markt-XXL"},"image":{"@id":"https:\/\/marktxxl.de\/markt\/#\/schema\/logo\/image\/"}}]}},"_links":{"self":[{"href":"https:\/\/marktxxl.de\/markt\/wp-json\/wp\/v2\/product\/143771","targetHints":{"allow":["GET"]}}],"collection":[{"href":"https:\/\/marktxxl.de\/markt\/wp-json\/wp\/v2\/product"}],"about":[{"href":"https:\/\/marktxxl.de\/markt\/wp-json\/wp\/v2\/types\/product"}],"replies":[{"embeddable":true,"href":"https:\/\/marktxxl.de\/markt\/wp-json\/wp\/v2\/comments?post=143771"}],"wp:featuredmedia":[{"embeddable":true,"href":"https:\/\/marktxxl.de\/markt\/wp-json\/wp\/v2\/media\/143772"}],"wp:attachment":[{"href":"https:\/\/marktxxl.de\/markt\/wp-json\/wp\/v2\/media?parent=143771"}],"wp:term":[{"taxonomy":"product_brand","embeddable":true,"href":"https:\/\/marktxxl.de\/markt\/wp-json\/wp\/v2\/product_brand?post=143771"},{"taxonomy":"product_cat","embeddable":true,"href":"https:\/\/marktxxl.de\/markt\/wp-json\/wp\/v2\/product_cat?post=143771"},{"taxonomy":"product_tag","embeddable":true,"href":"https:\/\/marktxxl.de\/markt\/wp-json\/wp\/v2\/product_tag?post=143771"}],"curies":[{"name":"wp","href":"https:\/\/api.w.org\/{rel}","templated":true}]}}