{"id":143727,"date":"2022-08-13T03:25:26","date_gmt":"2022-08-13T01:25:26","guid":{"rendered":"https:\/\/marktxxl.de\/markt\/produkt\/regenbogen-designs-eeyore-komfort-decke-baby-troester-geschenk-eeyore-winnie-der-pooh-freunde-von-hundert-hetar-waldsammlung-winnie-der-pooh-decke-neugeborene-superweiches-geschenk\/"},"modified":"2023-04-10T04:27:23","modified_gmt":"2023-04-10T02:27:23","slug":"regenbogen-designs-eeyore-komfort-decke-baby-troester-geschenk-eeyore-winnie-der-pooh-freunde-von-hundert-hetar-waldsammlung-winnie-der-pooh-decke-neugeborene-superweiches-geschenk","status":"publish","type":"product","link":"https:\/\/marktxxl.de\/markt\/produkt\/regenbogen-designs-eeyore-komfort-decke-baby-troester-geschenk-eeyore-winnie-der-pooh-freunde-von-hundert-hetar-waldsammlung-winnie-der-pooh-decke-neugeborene-superweiches-geschenk\/","title":{"rendered":"Regenbogen Designs Eeyore Komfort Decke &#8211; Baby Tr\u00f6ster Geschenk, Eeyore Winnie der Pooh Freunde von Hundert Hetar\u2026"},"content":{"rendered":"<p>EIN HERZENSW\u00c4RMENDER KLASSIKER: Eeyore ist eine M\u00e4rchenbuchfigur, mit der Generationen aufgewachsen sind und die sie lieben. Die ber\u00fchmten Geschichten von A.A. Milne, Winnie der Pooh und seine Freunde aus dem Hundertmorgenwald, begeistern noch immer die ganze Welt.<br \/>\nSUPERWEICH: Unsere Baby-Kuscheldecke ist aus hochwertigem Pl\u00fcsch gefertigt und ist somit der perfekte Kuschelbegleiter f\u00fcr die Kleinen, die gerne etwas Weiches zum Anfassen haben.<br \/>\nKuschelige Kuscheltiere: Die perfekte Erg\u00e4nzung zur Schlafenszeit. Ihr Baby wird es lieben, mit Eeyore zu kuscheln, w\u00e4hrend es mit seiner Gute-Nacht-Geschichte in den Schlaf schl\u00e4ft. Vielleicht sind es die Geschichten von Eeyore und seinen Freunden Christopher Robin und Winnie der Pooh?<br \/>\nF\u00d6RDERT MEHRSINNIGES SPIEL: Die hochwertigen, mehrfach strukturierten Details unserer Babydecke f\u00f6rdern das multisensorische Spiel Ihres Babys und helfen ihm, neugierig und kreativ mit seinem Pl\u00fcschfreund zu werden.<br \/>\nEIGNUNG F\u00dcR NEUGEBORENE: Eine Winnie der Pooh-Bettdecke ist das perfekte Geschenk f\u00fcr Ihr neugeborenes Baby. Sie ist nicht nur superpl\u00fcschig und zart f\u00fcr die zarteste Haut, sondern kann auch von Hand gewaschen werden.<br \/>\n<div class=\"main-cross-sell\" data-asin=\"B073XNWZJ2\">\n\n\t<div class=\"WooZone-cross-sell-loader\">\n\t\t<div>\n\t\t\t<div id=\"floatingBarsG\">\n\t\t\t\t<div class=\"blockG\" id=\"rotateG_01\"><\/div>\n\t\t\t\t<div class=\"blockG\" id=\"rotateG_02\"><\/div>\n\t\t\t\t<div class=\"blockG\" id=\"rotateG_03\"><\/div>\n\t\t\t\t<div class=\"blockG\" id=\"rotateG_04\"><\/div>\n\t\t\t\t<div class=\"blockG\" id=\"rotateG_05\"><\/div>\n\t\t\t\t<div class=\"blockG\" id=\"rotateG_06\"><\/div>\n\t\t\t\t<div class=\"blockG\" id=\"rotateG_07\"><\/div>\n\t\t\t\t<div class=\"blockG\" id=\"rotateG_08\"><\/div>\n\t\t\t<\/div>\n\t\t\t<div class=\"WooZone-cross-sell-loader-text\"><\/div>\n\t\t<\/div>\n\t<\/div>\n\n\t\t\n<\/div>\n<div style=\"clear:both;\"><\/div><\/p>\n","protected":false},"excerpt":{"rendered":"<p>EIN HERZENSW\u00c4RMENDER KLASSIKER: Eeyore ist eine M\u00e4rchenbuchfigur, mit der Generationen aufgewachsen sind und die sie lieben. Die ber\u00fchmten Geschichten von A.A. Milne, Winnie der Pooh und seine Freunde aus dem Hundertmorgenwald, begeistern noch immer die ganze Welt.<br \/>\nSUPERWEICH: Unsere Baby-Kuscheldecke ist aus hochwertigem Pl\u00fcsch gefertigt und ist somit der perfekte Kuschelbegleiter f\u00fcr die Kleinen, die gerne etwas Weiches zum Anfassen haben.<br \/>\nKuschelige Kuscheltiere: Die perfekte Erg\u00e4nzung zur Schlafenszeit. Ihr Baby wird es lieben, mit Eeyore zu kuscheln, w\u00e4hrend es mit seiner Gute-Nacht-Geschichte in den Schlaf schl\u00e4ft. Vielleicht sind es die Geschichten von Eeyore und seinen Freunden Christopher Robin und Winnie der Pooh?<\/p>\n","protected":false},"featured_media":143728,"comment_status":"open","ping_status":"closed","template":"","meta":[],"product_brand":[],"product_cat":[21,8879],"product_tag":[],"class_list":{"0":"post-143727","1":"product","2":"type-product","3":"status-publish","4":"has-post-thumbnail","6":"product_cat-baby","7":"product_cat-baby-kleinkindspielzeug-baby","8":"pa_binding-spielzeug","9":"pa_brand-winnie-the-pooh","10":"pa_color-regenbogen-designs","11":"pa_height-9-9212399898803-zoll","12":"pa_languages-originalsprache-englisch-originalsprache-englisch-originalsprache-englisch-originalsprache-englisch-originalsprache-englisch","13":"pa_length-11-023599988756-zoll","14":"pa_manufacturer-rainbow-designs-ltd","15":"pa_model-dn1475","16":"pa_size-baby","17":"pa_weight-0-10361726314-pfund","18":"pa_width-3-1495999967874-zoll","20":"first","21":"instock","22":"shipping-taxable","23":"purchasable","24":"product-type-simple","25":"customify-col","26":"product-has-gallery"},"yoast_head":"<!-- This site is optimized with the Yoast SEO plugin v27.4 - https:\/\/yoast.com\/product\/yoast-seo-wordpress\/ -->\n<title>Regenbogen Designs Eeyore Komfort Decke - Baby Tr\u00f6ster Geschenk, Eeyore Winnie der Pooh Freunde von Hundert Hetar\u2026 - Markt-XXL<\/title>\n<meta name=\"description\" content=\"Markt-XXL Regenbogen Designs Eeyore Komfort Decke - Baby Tr\u00f6ster Geschenk, Eeyore Winnie der Pooh Freunde von Hundert Hetar\u2026\" \/>\n<meta name=\"robots\" content=\"index, follow, max-snippet:-1, max-image-preview:large, max-video-preview:-1\" \/>\n<link rel=\"canonical\" href=\"https:\/\/marktxxl.de\/markt\/produkt\/regenbogen-designs-eeyore-komfort-decke-baby-troester-geschenk-eeyore-winnie-der-pooh-freunde-von-hundert-hetar-waldsammlung-winnie-der-pooh-decke-neugeborene-superweiches-geschenk\/\" \/>\n<meta property=\"og:locale\" content=\"de_DE\" \/>\n<meta property=\"og:type\" content=\"article\" \/>\n<meta property=\"og:title\" content=\"Regenbogen Designs Eeyore Komfort Decke - Baby Tr\u00f6ster Geschenk, Eeyore Winnie der Pooh Freunde von Hundert Hetar\u2026 - Markt-XXL\" \/>\n<meta property=\"og:description\" content=\"Markt-XXL Regenbogen Designs Eeyore Komfort Decke - Baby Tr\u00f6ster Geschenk, Eeyore Winnie der Pooh Freunde von Hundert Hetar\u2026\" \/>\n<meta property=\"og:url\" content=\"https:\/\/marktxxl.de\/markt\/produkt\/regenbogen-designs-eeyore-komfort-decke-baby-troester-geschenk-eeyore-winnie-der-pooh-freunde-von-hundert-hetar-waldsammlung-winnie-der-pooh-decke-neugeborene-superweiches-geschenk\/\" \/>\n<meta property=\"og:site_name\" content=\"Markt-XXL\" \/>\n<meta property=\"article:modified_time\" content=\"2023-04-10T02:27:23+00:00\" \/>\n<meta property=\"og:image\" content=\"https:\/\/m.media-amazon.com\/images\/I\/41ekgFOKQ6L._SL500_.jpg\" \/>\n\t<meta property=\"og:image:width\" content=\"500\" \/>\n\t<meta property=\"og:image:height\" content=\"500\" \/>\n\t<meta property=\"og:image:type\" content=\"image\/jpeg\" \/>\n<meta name=\"twitter:card\" content=\"summary_large_image\" \/>\n<meta name=\"twitter:label1\" content=\"Gesch\u00e4tzte Lesezeit\" \/>\n\t<meta name=\"twitter:data1\" content=\"1\u00a0Minute\" \/>\n<script type=\"application\/ld+json\" class=\"yoast-schema-graph\">{\"@context\":\"https:\\\/\\\/schema.org\",\"@graph\":[{\"@type\":\"WebPage\",\"@id\":\"https:\\\/\\\/marktxxl.de\\\/markt\\\/produkt\\\/regenbogen-designs-eeyore-komfort-decke-baby-troester-geschenk-eeyore-winnie-der-pooh-freunde-von-hundert-hetar-waldsammlung-winnie-der-pooh-decke-neugeborene-superweiches-geschenk\\\/\",\"url\":\"https:\\\/\\\/marktxxl.de\\\/markt\\\/produkt\\\/regenbogen-designs-eeyore-komfort-decke-baby-troester-geschenk-eeyore-winnie-der-pooh-freunde-von-hundert-hetar-waldsammlung-winnie-der-pooh-decke-neugeborene-superweiches-geschenk\\\/\",\"name\":\"Regenbogen Designs Eeyore Komfort Decke - Baby Tr\u00f6ster Geschenk, Eeyore Winnie der Pooh Freunde von Hundert Hetar\u2026 - Markt-XXL\",\"isPartOf\":{\"@id\":\"https:\\\/\\\/marktxxl.de\\\/markt\\\/#website\"},\"primaryImageOfPage\":{\"@id\":\"https:\\\/\\\/marktxxl.de\\\/markt\\\/produkt\\\/regenbogen-designs-eeyore-komfort-decke-baby-troester-geschenk-eeyore-winnie-der-pooh-freunde-von-hundert-hetar-waldsammlung-winnie-der-pooh-decke-neugeborene-superweiches-geschenk\\\/#primaryimage\"},\"image\":{\"@id\":\"https:\\\/\\\/marktxxl.de\\\/markt\\\/produkt\\\/regenbogen-designs-eeyore-komfort-decke-baby-troester-geschenk-eeyore-winnie-der-pooh-freunde-von-hundert-hetar-waldsammlung-winnie-der-pooh-decke-neugeborene-superweiches-geschenk\\\/#primaryimage\"},\"thumbnailUrl\":\"https:\\\/\\\/m.media-amazon.com\\\/images\\\/I\\\/41ekgFOKQ6L._SL500_.jpg\",\"datePublished\":\"2022-08-13T01:25:26+00:00\",\"dateModified\":\"2023-04-10T02:27:23+00:00\",\"description\":\"Markt-XXL Regenbogen Designs Eeyore Komfort Decke - Baby Tr\u00f6ster Geschenk, Eeyore Winnie der Pooh Freunde von Hundert Hetar\u2026\",\"breadcrumb\":{\"@id\":\"https:\\\/\\\/marktxxl.de\\\/markt\\\/produkt\\\/regenbogen-designs-eeyore-komfort-decke-baby-troester-geschenk-eeyore-winnie-der-pooh-freunde-von-hundert-hetar-waldsammlung-winnie-der-pooh-decke-neugeborene-superweiches-geschenk\\\/#breadcrumb\"},\"inLanguage\":\"de\",\"potentialAction\":[{\"@type\":\"ReadAction\",\"target\":[\"https:\\\/\\\/marktxxl.de\\\/markt\\\/produkt\\\/regenbogen-designs-eeyore-komfort-decke-baby-troester-geschenk-eeyore-winnie-der-pooh-freunde-von-hundert-hetar-waldsammlung-winnie-der-pooh-decke-neugeborene-superweiches-geschenk\\\/\"]}]},{\"@type\":\"ImageObject\",\"inLanguage\":\"de\",\"@id\":\"https:\\\/\\\/marktxxl.de\\\/markt\\\/produkt\\\/regenbogen-designs-eeyore-komfort-decke-baby-troester-geschenk-eeyore-winnie-der-pooh-freunde-von-hundert-hetar-waldsammlung-winnie-der-pooh-decke-neugeborene-superweiches-geschenk\\\/#primaryimage\",\"url\":\"https:\\\/\\\/m.media-amazon.com\\\/images\\\/I\\\/41ekgFOKQ6L._SL500_.jpg\",\"contentUrl\":\"https:\\\/\\\/m.media-amazon.com\\\/images\\\/I\\\/41ekgFOKQ6L._SL500_.jpg\",\"width\":500,\"height\":500},{\"@type\":\"BreadcrumbList\",\"@id\":\"https:\\\/\\\/marktxxl.de\\\/markt\\\/produkt\\\/regenbogen-designs-eeyore-komfort-decke-baby-troester-geschenk-eeyore-winnie-der-pooh-freunde-von-hundert-hetar-waldsammlung-winnie-der-pooh-decke-neugeborene-superweiches-geschenk\\\/#breadcrumb\",\"itemListElement\":[{\"@type\":\"ListItem\",\"position\":1,\"name\":\"Startseite\",\"item\":\"https:\\\/\\\/marktxxl.de\\\/markt\\\/\"},{\"@type\":\"ListItem\",\"position\":2,\"name\":\"Markt\",\"item\":\"https:\\\/\\\/marktxxl.de\\\/markt\\\/\"},{\"@type\":\"ListItem\",\"position\":3,\"name\":\"Regenbogen Designs Eeyore Komfort Decke &#8211; Baby Tr\u00f6ster Geschenk, Eeyore Winnie der Pooh Freunde von Hundert Hetar\u2026\"}]},{\"@type\":\"WebSite\",\"@id\":\"https:\\\/\\\/marktxxl.de\\\/markt\\\/#website\",\"url\":\"https:\\\/\\\/marktxxl.de\\\/markt\\\/\",\"name\":\"Markt-XXL\",\"description\":\"Ihr Markt Online\",\"publisher\":{\"@id\":\"https:\\\/\\\/marktxxl.de\\\/markt\\\/#organization\"},\"potentialAction\":[{\"@type\":\"SearchAction\",\"target\":{\"@type\":\"EntryPoint\",\"urlTemplate\":\"https:\\\/\\\/marktxxl.de\\\/markt\\\/?s={search_term_string}\"},\"query-input\":{\"@type\":\"PropertyValueSpecification\",\"valueRequired\":true,\"valueName\":\"search_term_string\"}}],\"inLanguage\":\"de\"},{\"@type\":\"Organization\",\"@id\":\"https:\\\/\\\/marktxxl.de\\\/markt\\\/#organization\",\"name\":\"Markt-XXL\",\"url\":\"https:\\\/\\\/marktxxl.de\\\/markt\\\/\",\"logo\":{\"@type\":\"ImageObject\",\"inLanguage\":\"de\",\"@id\":\"https:\\\/\\\/marktxxl.de\\\/markt\\\/#\\\/schema\\\/logo\\\/image\\\/\",\"url\":\"https:\\\/\\\/marktxxl.de\\\/markt\\\/wp-content\\\/uploads\\\/sites\\\/3\\\/2020\\\/12\\\/logo.png\",\"contentUrl\":\"https:\\\/\\\/marktxxl.de\\\/markt\\\/wp-content\\\/uploads\\\/sites\\\/3\\\/2020\\\/12\\\/logo.png\",\"width\":200,\"height\":70,\"caption\":\"Markt-XXL\"},\"image\":{\"@id\":\"https:\\\/\\\/marktxxl.de\\\/markt\\\/#\\\/schema\\\/logo\\\/image\\\/\"}}]}<\/script>\n<!-- \/ Yoast SEO plugin. -->","yoast_head_json":{"title":"Regenbogen Designs Eeyore Komfort Decke - Baby Tr\u00f6ster Geschenk, Eeyore Winnie der Pooh Freunde von Hundert Hetar\u2026 - Markt-XXL","description":"Markt-XXL Regenbogen Designs Eeyore Komfort Decke - Baby Tr\u00f6ster Geschenk, Eeyore Winnie der Pooh Freunde von Hundert Hetar\u2026","robots":{"index":"index","follow":"follow","max-snippet":"max-snippet:-1","max-image-preview":"max-image-preview:large","max-video-preview":"max-video-preview:-1"},"canonical":"https:\/\/marktxxl.de\/markt\/produkt\/regenbogen-designs-eeyore-komfort-decke-baby-troester-geschenk-eeyore-winnie-der-pooh-freunde-von-hundert-hetar-waldsammlung-winnie-der-pooh-decke-neugeborene-superweiches-geschenk\/","og_locale":"de_DE","og_type":"article","og_title":"Regenbogen Designs Eeyore Komfort Decke - Baby Tr\u00f6ster Geschenk, Eeyore Winnie der Pooh Freunde von Hundert Hetar\u2026 - Markt-XXL","og_description":"Markt-XXL Regenbogen Designs Eeyore Komfort Decke - Baby Tr\u00f6ster Geschenk, Eeyore Winnie der Pooh Freunde von Hundert Hetar\u2026","og_url":"https:\/\/marktxxl.de\/markt\/produkt\/regenbogen-designs-eeyore-komfort-decke-baby-troester-geschenk-eeyore-winnie-der-pooh-freunde-von-hundert-hetar-waldsammlung-winnie-der-pooh-decke-neugeborene-superweiches-geschenk\/","og_site_name":"Markt-XXL","article_modified_time":"2023-04-10T02:27:23+00:00","og_image":[{"width":500,"height":500,"url":"https:\/\/m.media-amazon.com\/images\/I\/41ekgFOKQ6L._SL500_.jpg","type":"image\/jpeg"}],"twitter_card":"summary_large_image","twitter_misc":{"Gesch\u00e4tzte Lesezeit":"1\u00a0Minute"},"schema":{"@context":"https:\/\/schema.org","@graph":[{"@type":"WebPage","@id":"https:\/\/marktxxl.de\/markt\/produkt\/regenbogen-designs-eeyore-komfort-decke-baby-troester-geschenk-eeyore-winnie-der-pooh-freunde-von-hundert-hetar-waldsammlung-winnie-der-pooh-decke-neugeborene-superweiches-geschenk\/","url":"https:\/\/marktxxl.de\/markt\/produkt\/regenbogen-designs-eeyore-komfort-decke-baby-troester-geschenk-eeyore-winnie-der-pooh-freunde-von-hundert-hetar-waldsammlung-winnie-der-pooh-decke-neugeborene-superweiches-geschenk\/","name":"Regenbogen Designs Eeyore Komfort Decke - Baby Tr\u00f6ster Geschenk, Eeyore Winnie der Pooh Freunde von Hundert Hetar\u2026 - Markt-XXL","isPartOf":{"@id":"https:\/\/marktxxl.de\/markt\/#website"},"primaryImageOfPage":{"@id":"https:\/\/marktxxl.de\/markt\/produkt\/regenbogen-designs-eeyore-komfort-decke-baby-troester-geschenk-eeyore-winnie-der-pooh-freunde-von-hundert-hetar-waldsammlung-winnie-der-pooh-decke-neugeborene-superweiches-geschenk\/#primaryimage"},"image":{"@id":"https:\/\/marktxxl.de\/markt\/produkt\/regenbogen-designs-eeyore-komfort-decke-baby-troester-geschenk-eeyore-winnie-der-pooh-freunde-von-hundert-hetar-waldsammlung-winnie-der-pooh-decke-neugeborene-superweiches-geschenk\/#primaryimage"},"thumbnailUrl":"https:\/\/m.media-amazon.com\/images\/I\/41ekgFOKQ6L._SL500_.jpg","datePublished":"2022-08-13T01:25:26+00:00","dateModified":"2023-04-10T02:27:23+00:00","description":"Markt-XXL Regenbogen Designs Eeyore Komfort Decke - Baby Tr\u00f6ster Geschenk, Eeyore Winnie der Pooh Freunde von Hundert Hetar\u2026","breadcrumb":{"@id":"https:\/\/marktxxl.de\/markt\/produkt\/regenbogen-designs-eeyore-komfort-decke-baby-troester-geschenk-eeyore-winnie-der-pooh-freunde-von-hundert-hetar-waldsammlung-winnie-der-pooh-decke-neugeborene-superweiches-geschenk\/#breadcrumb"},"inLanguage":"de","potentialAction":[{"@type":"ReadAction","target":["https:\/\/marktxxl.de\/markt\/produkt\/regenbogen-designs-eeyore-komfort-decke-baby-troester-geschenk-eeyore-winnie-der-pooh-freunde-von-hundert-hetar-waldsammlung-winnie-der-pooh-decke-neugeborene-superweiches-geschenk\/"]}]},{"@type":"ImageObject","inLanguage":"de","@id":"https:\/\/marktxxl.de\/markt\/produkt\/regenbogen-designs-eeyore-komfort-decke-baby-troester-geschenk-eeyore-winnie-der-pooh-freunde-von-hundert-hetar-waldsammlung-winnie-der-pooh-decke-neugeborene-superweiches-geschenk\/#primaryimage","url":"https:\/\/m.media-amazon.com\/images\/I\/41ekgFOKQ6L._SL500_.jpg","contentUrl":"https:\/\/m.media-amazon.com\/images\/I\/41ekgFOKQ6L._SL500_.jpg","width":500,"height":500},{"@type":"BreadcrumbList","@id":"https:\/\/marktxxl.de\/markt\/produkt\/regenbogen-designs-eeyore-komfort-decke-baby-troester-geschenk-eeyore-winnie-der-pooh-freunde-von-hundert-hetar-waldsammlung-winnie-der-pooh-decke-neugeborene-superweiches-geschenk\/#breadcrumb","itemListElement":[{"@type":"ListItem","position":1,"name":"Startseite","item":"https:\/\/marktxxl.de\/markt\/"},{"@type":"ListItem","position":2,"name":"Markt","item":"https:\/\/marktxxl.de\/markt\/"},{"@type":"ListItem","position":3,"name":"Regenbogen Designs Eeyore Komfort Decke &#8211; Baby Tr\u00f6ster Geschenk, Eeyore Winnie der Pooh Freunde von Hundert Hetar\u2026"}]},{"@type":"WebSite","@id":"https:\/\/marktxxl.de\/markt\/#website","url":"https:\/\/marktxxl.de\/markt\/","name":"Markt-XXL","description":"Ihr Markt Online","publisher":{"@id":"https:\/\/marktxxl.de\/markt\/#organization"},"potentialAction":[{"@type":"SearchAction","target":{"@type":"EntryPoint","urlTemplate":"https:\/\/marktxxl.de\/markt\/?s={search_term_string}"},"query-input":{"@type":"PropertyValueSpecification","valueRequired":true,"valueName":"search_term_string"}}],"inLanguage":"de"},{"@type":"Organization","@id":"https:\/\/marktxxl.de\/markt\/#organization","name":"Markt-XXL","url":"https:\/\/marktxxl.de\/markt\/","logo":{"@type":"ImageObject","inLanguage":"de","@id":"https:\/\/marktxxl.de\/markt\/#\/schema\/logo\/image\/","url":"https:\/\/marktxxl.de\/markt\/wp-content\/uploads\/sites\/3\/2020\/12\/logo.png","contentUrl":"https:\/\/marktxxl.de\/markt\/wp-content\/uploads\/sites\/3\/2020\/12\/logo.png","width":200,"height":70,"caption":"Markt-XXL"},"image":{"@id":"https:\/\/marktxxl.de\/markt\/#\/schema\/logo\/image\/"}}]}},"_links":{"self":[{"href":"https:\/\/marktxxl.de\/markt\/wp-json\/wp\/v2\/product\/143727","targetHints":{"allow":["GET"]}}],"collection":[{"href":"https:\/\/marktxxl.de\/markt\/wp-json\/wp\/v2\/product"}],"about":[{"href":"https:\/\/marktxxl.de\/markt\/wp-json\/wp\/v2\/types\/product"}],"replies":[{"embeddable":true,"href":"https:\/\/marktxxl.de\/markt\/wp-json\/wp\/v2\/comments?post=143727"}],"wp:featuredmedia":[{"embeddable":true,"href":"https:\/\/marktxxl.de\/markt\/wp-json\/wp\/v2\/media\/143728"}],"wp:attachment":[{"href":"https:\/\/marktxxl.de\/markt\/wp-json\/wp\/v2\/media?parent=143727"}],"wp:term":[{"taxonomy":"product_brand","embeddable":true,"href":"https:\/\/marktxxl.de\/markt\/wp-json\/wp\/v2\/product_brand?post=143727"},{"taxonomy":"product_cat","embeddable":true,"href":"https:\/\/marktxxl.de\/markt\/wp-json\/wp\/v2\/product_cat?post=143727"},{"taxonomy":"product_tag","embeddable":true,"href":"https:\/\/marktxxl.de\/markt\/wp-json\/wp\/v2\/product_tag?post=143727"}],"curies":[{"name":"wp","href":"https:\/\/api.w.org\/{rel}","templated":true}]}}