{"id":143719,"date":"2022-08-13T03:20:07","date_gmt":"2022-08-13T01:20:07","guid":{"rendered":"https:\/\/marktxxl.de\/markt\/produkt\/passion-craft-kartuschenpresse-non-drip-2-0-mit-201-anpressdruck-einstellbarer-hub-silikonspritze-silikonpistole-kartuschenpistole-fuer-kartuschen-310ml-inkl-silikon-fugengla\/"},"modified":"2023-04-10T04:27:22","modified_gmt":"2023-04-10T02:27:22","slug":"passion-craft-kartuschenpresse-non-drip-2-0-mit-201-anpressdruck-einstellbarer-hub-silikonspritze-silikonpistole-kartuschenpistole-fuer-kartuschen-310ml-inkl-silikon-fugengla","status":"publish","type":"product","link":"https:\/\/marktxxl.de\/markt\/produkt\/passion-craft-kartuschenpresse-non-drip-2-0-mit-201-anpressdruck-einstellbarer-hub-silikonspritze-silikonpistole-kartuschenpistole-fuer-kartuschen-310ml-inkl-silikon-fugengla\/","title":{"rendered":"PASSION CRAFT\u00ae Kartuschenpresse Non Drip 2.0 mit 20:1 Anpressdruck [ Einstellbarer Hub ] Silikonspritze | Silikonpistole\u2026"},"content":{"rendered":"<p>\ud835\uddd4\ud835\uddf9\ud835\uddf9\ud835\uddf2\ud835\ude00 \ud835\uddf6\ud835\uddfa \ud835\uddda\ud835\uddff\ud835\uddf6\ud835\uddf3\ud835\uddf3&#8230; Dank der Ergo-Schub-Kontrolle passt du die Hubl\u00e4nge des geschmeidigen Nylon Griff exakt an die Gr\u00f6\u00dfe deiner Hand und den gew\u00fcnschten Vorschub an. Somit hast du zu jeder Zeit die maximale Kontrolle \u00fcber deine Silikonpresse und kannst dich voll und ganz auf das Fugen konzentrieren! Unn\u00f6tiges Umgreifen beim Verfugen ersparst du dir ebenfalls, denn den Ansetzwinkel der Spitze kannst du mittels 360\u00b0 drehbarer Halbschale jeder Zeit anpassen und nachjustieren.<br \/>\n\ud835\udde7\ud835\uddf2\ud835\uddfb\ud835\uddfb\ud835\uddf6\ud835\ude00\ud835\uddee\ud835\uddff\ud835\uddfa\ud835\uddf2 \ud835\uddf4\ud835\uddf2\ud835\uddf5\ud835\uddfc\ud835\uddf2\ud835\uddff\ud835\uddf2\ud835\uddfb \ud835\uddf1\ud835\uddf2\ud835\uddff \ud835\udde9\ud835\uddf2\ud835\uddff\ud835\uddf4\ud835\uddee\ud835\uddfb\ud835\uddf4\ud835\uddf2\ud835\uddfb\ud835\uddf5\ud835\uddf2\ud835\uddf6\ud835\ude01 \ud835\uddee\ud835\uddfb\u2026 Mit einer Druckkraft\u00fcbersetzung von 20:1 dr\u00fcckst du mit der Unterst\u00fctzung von 350kg geballter Power! Ob Silikon, Acryl oder andere mittelviskose Dichtstoffe und Gebinde, du wirst Strecke machen w\u00e4hrend andere sich einen Wolf pressen oder dem Muskelkrampf beugen, weil Sie durch zu niedrig oder zu hoch gew\u00e4hlter \u00dcbersetzung gar kein oder zu wenig Material mit einem Hub austragen k\u00f6nnen.<br \/>\n\ud835\uddd8\ud835\uddfb\ud835\ude01\ud835\ude00\ud835\uddfd\ud835\uddee\ud835\uddfb\ud835\uddfb \ud835\uddf1\ud835\uddf6\ud835\uddf0\ud835\uddf5&#8230; Denn deine Silikon Pistole tut es auch. Dank der Non Drip 2.0 Funktion entspannt sich der Vorschubklotz sobald du den Hub l\u00f6st und \u00fcbt keinen Druck mehr auf die Kartusche aus. Gebinde l\u00e4uft nicht mehr unkontrolliert nach, unn\u00f6tiger Materialverbrauch wird vermieden, die Spitze bleibt sauber und du zeigst, dass du dem Profi beim Fugen ziehen in nichts nachstehst!<br \/>\n\ud835\uddea\ud835\uddf2\ud835\uddff \ud835\uddef\ud835\uddf6\ud835\uddf9\ud835\uddf9\ud835\uddf6\ud835\uddf4 \ud835\uddf8\ud835\uddee\ud835\ude02\ud835\uddf3\ud835\ude01, \ud835\uddf8\ud835\uddee\ud835\ude02\ud835\uddf3\ud835\ude01 \ud835\udfee \ud835\uddfa\ud835\uddee\ud835\uddf9\u2026 eine schmerzliche Erfahrung die viele unserer Kunden vorab machen mussten nachdem sich rausstellte, dass die Presse aus dem Baumarkt nicht mal zum Zahnpasta ausdr\u00fccken geeignet ist. Bei uns endet diese Reise versprochen. Denn wir wissen, wie Vorschubklotz, Schubstange und Co. gebaut werden m\u00fcssen um deinen Qualit\u00e4tsanspruch gerecht zu werden. \u00dcberzeug dich am besten selbst!<br \/>\n\ud835\uddea\ud835\uddfc\ud835\uddff\ud835\uddee\ud835\ude02\ud835\uddf3 \ud835\ude04\ud835\uddee\ud835\uddff\ud835\ude01\ud835\uddf2\ud835\ude00\ud835\ude01 \ud835\uddf1\ud835\ude02\u2026 mit deiner PASSION CRAFT Kartuschenpresse und den 4x Fugengl\u00e4ttern kannst du mit 15 Varianten voller Fugenvielfalt direkt in dein Projekt starten. Und damit alles glatt l\u00e4uft, erh\u00e4ltst du \ud835\ude02\ud835\uddfb\ud835\ude01\ud835\uddf2\ud835\uddfb auf deiner \ud835\udde5\ud835\uddf2\ud835\uddf0\ud835\uddf5\ud835\uddfb\ud835\ude02\ud835\uddfb\ud835\uddf4 den \ud835\udddf\ud835\uddf6\ud835\uddfb\ud835\uddf8 zu unserem \ud835\uddd9\ud835\ude02\ud835\uddf4\ud835\uddf2\ud835\uddfb-\ud835\udde5\ud835\uddee\ud835\ude01\ud835\uddf4\ud835\uddf2\ud835\uddef\ud835\uddf2\ud835\uddff mit n\u00fctzlichen Tipps als pdf zum \ud835\uddd7\ud835\uddfc\ud835\ude04\ud835\uddfb\ud835\uddf9\ud835\uddfc\ud835\uddee\ud835\uddf1\ud835\uddf2\ud835\uddfb gratis dazu! \ud835\udddd\ud835\uddf2\ud835\ude01\ud835\ude07\ud835\ude01 \ud835\uddef\ud835\uddf2\ud835\ude00\ud835\ude01\ud835\uddf2\ud835\uddf9\ud835\uddf9\ud835\uddf2\ud835\uddfb.<br \/>\n<div class=\"main-cross-sell\" data-asin=\"B09BX8MHSV\">\n\n\t<div class=\"WooZone-cross-sell-loader\">\n\t\t<div>\n\t\t\t<div id=\"floatingBarsG\">\n\t\t\t\t<div class=\"blockG\" id=\"rotateG_01\"><\/div>\n\t\t\t\t<div class=\"blockG\" id=\"rotateG_02\"><\/div>\n\t\t\t\t<div class=\"blockG\" id=\"rotateG_03\"><\/div>\n\t\t\t\t<div class=\"blockG\" id=\"rotateG_04\"><\/div>\n\t\t\t\t<div class=\"blockG\" id=\"rotateG_05\"><\/div>\n\t\t\t\t<div class=\"blockG\" id=\"rotateG_06\"><\/div>\n\t\t\t\t<div class=\"blockG\" id=\"rotateG_07\"><\/div>\n\t\t\t\t<div class=\"blockG\" id=\"rotateG_08\"><\/div>\n\t\t\t<\/div>\n\t\t\t<div class=\"WooZone-cross-sell-loader-text\"><\/div>\n\t\t<\/div>\n\t<\/div>\n\n\t\t\n<\/div>\n<div style=\"clear:both;\"><\/div><\/p>\n","protected":false},"excerpt":{"rendered":"<p>\ud835\uddd4\ud835\uddf9\ud835\uddf9\ud835\uddf2\ud835\ude00 \ud835\uddf6\ud835\uddfa \ud835\uddda\ud835\uddff\ud835\uddf6\ud835\uddf3\ud835\uddf3&#8230; Dank der Ergo-Schub-Kontrolle passt du die Hubl\u00e4nge des geschmeidigen Nylon Griff exakt an die Gr\u00f6\u00dfe deiner Hand und den gew\u00fcnschten Vorschub an. Somit hast du zu jeder Zeit die maximale Kontrolle \u00fcber deine Silikonpresse und kannst dich voll und ganz auf das Fugen konzentrieren! Unn\u00f6tiges Umgreifen beim Verfugen ersparst du dir ebenfalls, denn den Ansetzwinkel der Spitze kannst du mittels 360\u00b0 drehbarer Halbschale jeder Zeit anpassen und nachjustieren.<br \/>\n\ud835\udde7\ud835\uddf2\ud835\uddfb\ud835\uddfb\ud835\uddf6\ud835\ude00\ud835\uddee\ud835\uddff\ud835\uddfa\ud835\uddf2 \ud835\uddf4\ud835\uddf2\ud835\uddf5\ud835\uddfc\ud835\uddf2\ud835\uddff\ud835\uddf2\ud835\uddfb \ud835\uddf1\ud835\uddf2\ud835\uddff \ud835\udde9\ud835\uddf2\ud835\uddff\ud835\uddf4\ud835\uddee\ud835\uddfb\ud835\uddf4\ud835\uddf2\ud835\uddfb\ud835\uddf5\ud835\uddf2\ud835\uddf6\ud835\ude01 \ud835\uddee\ud835\uddfb\u2026 Mit einer Druckkraft\u00fcbersetzung von 20:1 dr\u00fcckst du mit der Unterst\u00fctzung von 350kg geballter Power! Ob Silikon, Acryl oder andere mittelviskose Dichtstoffe und Gebinde, du wirst Strecke machen w\u00e4hrend andere sich einen Wolf pressen oder dem Muskelkrampf beugen, weil Sie durch zu niedrig oder zu hoch gew\u00e4hlter \u00dcbersetzung gar kein oder zu wenig Material mit einem Hub austragen k\u00f6nnen.<br \/>\n\ud835\uddd8\ud835\uddfb\ud835\ude01\ud835\ude00\ud835\uddfd\ud835\uddee\ud835\uddfb\ud835\uddfb \ud835\uddf1\ud835\uddf6\ud835\uddf0\ud835\uddf5&#8230; Denn deine Silikon Pistole tut es auch. Dank der Non Drip 2.0 Funktion entspannt sich der Vorschubklotz sobald du den Hub l\u00f6st und \u00fcbt keinen Druck mehr auf die Kartusche aus. Gebinde l\u00e4uft nicht mehr unkontrolliert nach, unn\u00f6tiger Materialverbrauch wird vermieden, die Spitze bleibt sauber und du zeigst, dass du dem Profi beim Fugen ziehen in nichts nachstehst!<\/p>\n","protected":false},"featured_media":143720,"comment_status":"open","ping_status":"closed","template":"","meta":[],"product_brand":[],"product_cat":[1983,11212],"product_tag":[],"class_list":{"0":"post-143719","1":"product","2":"type-product","3":"status-publish","4":"has-post-thumbnail","6":"product_cat-baumarkt","7":"product_cat-malerbedarf-werkzeuge-tapeten","8":"pa_binding-misc","9":"pa_brand-passion-craft","10":"pa_color-schwarz","11":"pa_height-2-12598-zoll","12":"pa_length-14-5669-zoll","13":"pa_manufacturer-passion-craft","14":"pa_width-7-874-zoll","16":"first","17":"instock","18":"shipping-taxable","19":"purchasable","20":"product-type-simple","21":"customify-col","22":"product-has-gallery"},"yoast_head":"<!-- This site is optimized with the Yoast SEO plugin v27.4 - https:\/\/yoast.com\/product\/yoast-seo-wordpress\/ -->\n<title>PASSION CRAFT\u00ae Kartuschenpresse Non Drip 2.0 mit 20:1 Anpressdruck [ Einstellbarer Hub ] Silikonspritze | Silikonpistole\u2026 - Markt-XXL<\/title>\n<meta name=\"description\" content=\"Markt-XXL PASSION CRAFT\u00ae Kartuschenpresse Non Drip 2.0 mit 20:1 Anpressdruck [ Einstellbarer Hub ] Silikonspritze | Silikonpistole\u2026\" \/>\n<meta name=\"robots\" content=\"index, follow, max-snippet:-1, max-image-preview:large, max-video-preview:-1\" \/>\n<link rel=\"canonical\" href=\"https:\/\/marktxxl.de\/markt\/produkt\/passion-craft-kartuschenpresse-non-drip-2-0-mit-201-anpressdruck-einstellbarer-hub-silikonspritze-silikonpistole-kartuschenpistole-fuer-kartuschen-310ml-inkl-silikon-fugengla\/\" \/>\n<meta property=\"og:locale\" content=\"de_DE\" \/>\n<meta property=\"og:type\" content=\"article\" \/>\n<meta property=\"og:title\" content=\"PASSION CRAFT\u00ae Kartuschenpresse Non Drip 2.0 mit 20:1 Anpressdruck [ Einstellbarer Hub ] Silikonspritze | Silikonpistole\u2026 - Markt-XXL\" \/>\n<meta property=\"og:description\" content=\"Markt-XXL PASSION CRAFT\u00ae Kartuschenpresse Non Drip 2.0 mit 20:1 Anpressdruck [ Einstellbarer Hub ] Silikonspritze | Silikonpistole\u2026\" \/>\n<meta property=\"og:url\" content=\"https:\/\/marktxxl.de\/markt\/produkt\/passion-craft-kartuschenpresse-non-drip-2-0-mit-201-anpressdruck-einstellbarer-hub-silikonspritze-silikonpistole-kartuschenpistole-fuer-kartuschen-310ml-inkl-silikon-fugengla\/\" \/>\n<meta property=\"og:site_name\" content=\"Markt-XXL\" \/>\n<meta property=\"article:modified_time\" content=\"2023-04-10T02:27:22+00:00\" \/>\n<meta property=\"og:image\" content=\"https:\/\/m.media-amazon.com\/images\/I\/41XDWrKiuvL._SL500_.jpg\" \/>\n\t<meta property=\"og:image:width\" content=\"500\" \/>\n\t<meta property=\"og:image:height\" content=\"500\" \/>\n\t<meta property=\"og:image:type\" content=\"image\/jpeg\" \/>\n<meta name=\"twitter:card\" content=\"summary_large_image\" \/>\n<meta name=\"twitter:label1\" content=\"Gesch\u00e4tzte Lesezeit\" \/>\n\t<meta name=\"twitter:data1\" content=\"2\u00a0Minuten\" \/>\n<script type=\"application\/ld+json\" class=\"yoast-schema-graph\">{\"@context\":\"https:\\\/\\\/schema.org\",\"@graph\":[{\"@type\":\"WebPage\",\"@id\":\"https:\\\/\\\/marktxxl.de\\\/markt\\\/produkt\\\/passion-craft-kartuschenpresse-non-drip-2-0-mit-201-anpressdruck-einstellbarer-hub-silikonspritze-silikonpistole-kartuschenpistole-fuer-kartuschen-310ml-inkl-silikon-fugengla\\\/\",\"url\":\"https:\\\/\\\/marktxxl.de\\\/markt\\\/produkt\\\/passion-craft-kartuschenpresse-non-drip-2-0-mit-201-anpressdruck-einstellbarer-hub-silikonspritze-silikonpistole-kartuschenpistole-fuer-kartuschen-310ml-inkl-silikon-fugengla\\\/\",\"name\":\"PASSION CRAFT\u00ae Kartuschenpresse Non Drip 2.0 mit 20:1 Anpressdruck [ Einstellbarer Hub ] Silikonspritze | Silikonpistole\u2026 - Markt-XXL\",\"isPartOf\":{\"@id\":\"https:\\\/\\\/marktxxl.de\\\/markt\\\/#website\"},\"primaryImageOfPage\":{\"@id\":\"https:\\\/\\\/marktxxl.de\\\/markt\\\/produkt\\\/passion-craft-kartuschenpresse-non-drip-2-0-mit-201-anpressdruck-einstellbarer-hub-silikonspritze-silikonpistole-kartuschenpistole-fuer-kartuschen-310ml-inkl-silikon-fugengla\\\/#primaryimage\"},\"image\":{\"@id\":\"https:\\\/\\\/marktxxl.de\\\/markt\\\/produkt\\\/passion-craft-kartuschenpresse-non-drip-2-0-mit-201-anpressdruck-einstellbarer-hub-silikonspritze-silikonpistole-kartuschenpistole-fuer-kartuschen-310ml-inkl-silikon-fugengla\\\/#primaryimage\"},\"thumbnailUrl\":\"https:\\\/\\\/m.media-amazon.com\\\/images\\\/I\\\/41XDWrKiuvL._SL500_.jpg\",\"datePublished\":\"2022-08-13T01:20:07+00:00\",\"dateModified\":\"2023-04-10T02:27:22+00:00\",\"description\":\"Markt-XXL PASSION CRAFT\u00ae Kartuschenpresse Non Drip 2.0 mit 20:1 Anpressdruck [ Einstellbarer Hub ] Silikonspritze | Silikonpistole\u2026\",\"breadcrumb\":{\"@id\":\"https:\\\/\\\/marktxxl.de\\\/markt\\\/produkt\\\/passion-craft-kartuschenpresse-non-drip-2-0-mit-201-anpressdruck-einstellbarer-hub-silikonspritze-silikonpistole-kartuschenpistole-fuer-kartuschen-310ml-inkl-silikon-fugengla\\\/#breadcrumb\"},\"inLanguage\":\"de\",\"potentialAction\":[{\"@type\":\"ReadAction\",\"target\":[\"https:\\\/\\\/marktxxl.de\\\/markt\\\/produkt\\\/passion-craft-kartuschenpresse-non-drip-2-0-mit-201-anpressdruck-einstellbarer-hub-silikonspritze-silikonpistole-kartuschenpistole-fuer-kartuschen-310ml-inkl-silikon-fugengla\\\/\"]}]},{\"@type\":\"ImageObject\",\"inLanguage\":\"de\",\"@id\":\"https:\\\/\\\/marktxxl.de\\\/markt\\\/produkt\\\/passion-craft-kartuschenpresse-non-drip-2-0-mit-201-anpressdruck-einstellbarer-hub-silikonspritze-silikonpistole-kartuschenpistole-fuer-kartuschen-310ml-inkl-silikon-fugengla\\\/#primaryimage\",\"url\":\"https:\\\/\\\/m.media-amazon.com\\\/images\\\/I\\\/41XDWrKiuvL._SL500_.jpg\",\"contentUrl\":\"https:\\\/\\\/m.media-amazon.com\\\/images\\\/I\\\/41XDWrKiuvL._SL500_.jpg\",\"width\":500,\"height\":500},{\"@type\":\"BreadcrumbList\",\"@id\":\"https:\\\/\\\/marktxxl.de\\\/markt\\\/produkt\\\/passion-craft-kartuschenpresse-non-drip-2-0-mit-201-anpressdruck-einstellbarer-hub-silikonspritze-silikonpistole-kartuschenpistole-fuer-kartuschen-310ml-inkl-silikon-fugengla\\\/#breadcrumb\",\"itemListElement\":[{\"@type\":\"ListItem\",\"position\":1,\"name\":\"Startseite\",\"item\":\"https:\\\/\\\/marktxxl.de\\\/markt\\\/\"},{\"@type\":\"ListItem\",\"position\":2,\"name\":\"Markt\",\"item\":\"https:\\\/\\\/marktxxl.de\\\/markt\\\/\"},{\"@type\":\"ListItem\",\"position\":3,\"name\":\"PASSION CRAFT\u00ae Kartuschenpresse Non Drip 2.0 mit 20:1 Anpressdruck [ Einstellbarer Hub ] Silikonspritze | Silikonpistole\u2026\"}]},{\"@type\":\"WebSite\",\"@id\":\"https:\\\/\\\/marktxxl.de\\\/markt\\\/#website\",\"url\":\"https:\\\/\\\/marktxxl.de\\\/markt\\\/\",\"name\":\"Markt-XXL\",\"description\":\"Ihr Markt Online\",\"publisher\":{\"@id\":\"https:\\\/\\\/marktxxl.de\\\/markt\\\/#organization\"},\"potentialAction\":[{\"@type\":\"SearchAction\",\"target\":{\"@type\":\"EntryPoint\",\"urlTemplate\":\"https:\\\/\\\/marktxxl.de\\\/markt\\\/?s={search_term_string}\"},\"query-input\":{\"@type\":\"PropertyValueSpecification\",\"valueRequired\":true,\"valueName\":\"search_term_string\"}}],\"inLanguage\":\"de\"},{\"@type\":\"Organization\",\"@id\":\"https:\\\/\\\/marktxxl.de\\\/markt\\\/#organization\",\"name\":\"Markt-XXL\",\"url\":\"https:\\\/\\\/marktxxl.de\\\/markt\\\/\",\"logo\":{\"@type\":\"ImageObject\",\"inLanguage\":\"de\",\"@id\":\"https:\\\/\\\/marktxxl.de\\\/markt\\\/#\\\/schema\\\/logo\\\/image\\\/\",\"url\":\"https:\\\/\\\/marktxxl.de\\\/markt\\\/wp-content\\\/uploads\\\/sites\\\/3\\\/2020\\\/12\\\/logo.png\",\"contentUrl\":\"https:\\\/\\\/marktxxl.de\\\/markt\\\/wp-content\\\/uploads\\\/sites\\\/3\\\/2020\\\/12\\\/logo.png\",\"width\":200,\"height\":70,\"caption\":\"Markt-XXL\"},\"image\":{\"@id\":\"https:\\\/\\\/marktxxl.de\\\/markt\\\/#\\\/schema\\\/logo\\\/image\\\/\"}}]}<\/script>\n<!-- \/ Yoast SEO plugin. -->","yoast_head_json":{"title":"PASSION CRAFT\u00ae Kartuschenpresse Non Drip 2.0 mit 20:1 Anpressdruck [ Einstellbarer Hub ] Silikonspritze | Silikonpistole\u2026 - Markt-XXL","description":"Markt-XXL PASSION CRAFT\u00ae Kartuschenpresse Non Drip 2.0 mit 20:1 Anpressdruck [ Einstellbarer Hub ] Silikonspritze | Silikonpistole\u2026","robots":{"index":"index","follow":"follow","max-snippet":"max-snippet:-1","max-image-preview":"max-image-preview:large","max-video-preview":"max-video-preview:-1"},"canonical":"https:\/\/marktxxl.de\/markt\/produkt\/passion-craft-kartuschenpresse-non-drip-2-0-mit-201-anpressdruck-einstellbarer-hub-silikonspritze-silikonpistole-kartuschenpistole-fuer-kartuschen-310ml-inkl-silikon-fugengla\/","og_locale":"de_DE","og_type":"article","og_title":"PASSION CRAFT\u00ae Kartuschenpresse Non Drip 2.0 mit 20:1 Anpressdruck [ Einstellbarer Hub ] Silikonspritze | Silikonpistole\u2026 - Markt-XXL","og_description":"Markt-XXL PASSION CRAFT\u00ae Kartuschenpresse Non Drip 2.0 mit 20:1 Anpressdruck [ Einstellbarer Hub ] Silikonspritze | Silikonpistole\u2026","og_url":"https:\/\/marktxxl.de\/markt\/produkt\/passion-craft-kartuschenpresse-non-drip-2-0-mit-201-anpressdruck-einstellbarer-hub-silikonspritze-silikonpistole-kartuschenpistole-fuer-kartuschen-310ml-inkl-silikon-fugengla\/","og_site_name":"Markt-XXL","article_modified_time":"2023-04-10T02:27:22+00:00","og_image":[{"width":500,"height":500,"url":"https:\/\/m.media-amazon.com\/images\/I\/41XDWrKiuvL._SL500_.jpg","type":"image\/jpeg"}],"twitter_card":"summary_large_image","twitter_misc":{"Gesch\u00e4tzte Lesezeit":"2\u00a0Minuten"},"schema":{"@context":"https:\/\/schema.org","@graph":[{"@type":"WebPage","@id":"https:\/\/marktxxl.de\/markt\/produkt\/passion-craft-kartuschenpresse-non-drip-2-0-mit-201-anpressdruck-einstellbarer-hub-silikonspritze-silikonpistole-kartuschenpistole-fuer-kartuschen-310ml-inkl-silikon-fugengla\/","url":"https:\/\/marktxxl.de\/markt\/produkt\/passion-craft-kartuschenpresse-non-drip-2-0-mit-201-anpressdruck-einstellbarer-hub-silikonspritze-silikonpistole-kartuschenpistole-fuer-kartuschen-310ml-inkl-silikon-fugengla\/","name":"PASSION CRAFT\u00ae Kartuschenpresse Non Drip 2.0 mit 20:1 Anpressdruck [ Einstellbarer Hub ] Silikonspritze | Silikonpistole\u2026 - Markt-XXL","isPartOf":{"@id":"https:\/\/marktxxl.de\/markt\/#website"},"primaryImageOfPage":{"@id":"https:\/\/marktxxl.de\/markt\/produkt\/passion-craft-kartuschenpresse-non-drip-2-0-mit-201-anpressdruck-einstellbarer-hub-silikonspritze-silikonpistole-kartuschenpistole-fuer-kartuschen-310ml-inkl-silikon-fugengla\/#primaryimage"},"image":{"@id":"https:\/\/marktxxl.de\/markt\/produkt\/passion-craft-kartuschenpresse-non-drip-2-0-mit-201-anpressdruck-einstellbarer-hub-silikonspritze-silikonpistole-kartuschenpistole-fuer-kartuschen-310ml-inkl-silikon-fugengla\/#primaryimage"},"thumbnailUrl":"https:\/\/m.media-amazon.com\/images\/I\/41XDWrKiuvL._SL500_.jpg","datePublished":"2022-08-13T01:20:07+00:00","dateModified":"2023-04-10T02:27:22+00:00","description":"Markt-XXL PASSION CRAFT\u00ae Kartuschenpresse Non Drip 2.0 mit 20:1 Anpressdruck [ Einstellbarer Hub ] Silikonspritze | Silikonpistole\u2026","breadcrumb":{"@id":"https:\/\/marktxxl.de\/markt\/produkt\/passion-craft-kartuschenpresse-non-drip-2-0-mit-201-anpressdruck-einstellbarer-hub-silikonspritze-silikonpistole-kartuschenpistole-fuer-kartuschen-310ml-inkl-silikon-fugengla\/#breadcrumb"},"inLanguage":"de","potentialAction":[{"@type":"ReadAction","target":["https:\/\/marktxxl.de\/markt\/produkt\/passion-craft-kartuschenpresse-non-drip-2-0-mit-201-anpressdruck-einstellbarer-hub-silikonspritze-silikonpistole-kartuschenpistole-fuer-kartuschen-310ml-inkl-silikon-fugengla\/"]}]},{"@type":"ImageObject","inLanguage":"de","@id":"https:\/\/marktxxl.de\/markt\/produkt\/passion-craft-kartuschenpresse-non-drip-2-0-mit-201-anpressdruck-einstellbarer-hub-silikonspritze-silikonpistole-kartuschenpistole-fuer-kartuschen-310ml-inkl-silikon-fugengla\/#primaryimage","url":"https:\/\/m.media-amazon.com\/images\/I\/41XDWrKiuvL._SL500_.jpg","contentUrl":"https:\/\/m.media-amazon.com\/images\/I\/41XDWrKiuvL._SL500_.jpg","width":500,"height":500},{"@type":"BreadcrumbList","@id":"https:\/\/marktxxl.de\/markt\/produkt\/passion-craft-kartuschenpresse-non-drip-2-0-mit-201-anpressdruck-einstellbarer-hub-silikonspritze-silikonpistole-kartuschenpistole-fuer-kartuschen-310ml-inkl-silikon-fugengla\/#breadcrumb","itemListElement":[{"@type":"ListItem","position":1,"name":"Startseite","item":"https:\/\/marktxxl.de\/markt\/"},{"@type":"ListItem","position":2,"name":"Markt","item":"https:\/\/marktxxl.de\/markt\/"},{"@type":"ListItem","position":3,"name":"PASSION CRAFT\u00ae Kartuschenpresse Non Drip 2.0 mit 20:1 Anpressdruck [ Einstellbarer Hub ] Silikonspritze | Silikonpistole\u2026"}]},{"@type":"WebSite","@id":"https:\/\/marktxxl.de\/markt\/#website","url":"https:\/\/marktxxl.de\/markt\/","name":"Markt-XXL","description":"Ihr Markt Online","publisher":{"@id":"https:\/\/marktxxl.de\/markt\/#organization"},"potentialAction":[{"@type":"SearchAction","target":{"@type":"EntryPoint","urlTemplate":"https:\/\/marktxxl.de\/markt\/?s={search_term_string}"},"query-input":{"@type":"PropertyValueSpecification","valueRequired":true,"valueName":"search_term_string"}}],"inLanguage":"de"},{"@type":"Organization","@id":"https:\/\/marktxxl.de\/markt\/#organization","name":"Markt-XXL","url":"https:\/\/marktxxl.de\/markt\/","logo":{"@type":"ImageObject","inLanguage":"de","@id":"https:\/\/marktxxl.de\/markt\/#\/schema\/logo\/image\/","url":"https:\/\/marktxxl.de\/markt\/wp-content\/uploads\/sites\/3\/2020\/12\/logo.png","contentUrl":"https:\/\/marktxxl.de\/markt\/wp-content\/uploads\/sites\/3\/2020\/12\/logo.png","width":200,"height":70,"caption":"Markt-XXL"},"image":{"@id":"https:\/\/marktxxl.de\/markt\/#\/schema\/logo\/image\/"}}]}},"_links":{"self":[{"href":"https:\/\/marktxxl.de\/markt\/wp-json\/wp\/v2\/product\/143719","targetHints":{"allow":["GET"]}}],"collection":[{"href":"https:\/\/marktxxl.de\/markt\/wp-json\/wp\/v2\/product"}],"about":[{"href":"https:\/\/marktxxl.de\/markt\/wp-json\/wp\/v2\/types\/product"}],"replies":[{"embeddable":true,"href":"https:\/\/marktxxl.de\/markt\/wp-json\/wp\/v2\/comments?post=143719"}],"wp:featuredmedia":[{"embeddable":true,"href":"https:\/\/marktxxl.de\/markt\/wp-json\/wp\/v2\/media\/143720"}],"wp:attachment":[{"href":"https:\/\/marktxxl.de\/markt\/wp-json\/wp\/v2\/media?parent=143719"}],"wp:term":[{"taxonomy":"product_brand","embeddable":true,"href":"https:\/\/marktxxl.de\/markt\/wp-json\/wp\/v2\/product_brand?post=143719"},{"taxonomy":"product_cat","embeddable":true,"href":"https:\/\/marktxxl.de\/markt\/wp-json\/wp\/v2\/product_cat?post=143719"},{"taxonomy":"product_tag","embeddable":true,"href":"https:\/\/marktxxl.de\/markt\/wp-json\/wp\/v2\/product_tag?post=143719"}],"curies":[{"name":"wp","href":"https:\/\/api.w.org\/{rel}","templated":true}]}}