{"id":143685,"date":"2022-08-13T02:56:02","date_gmt":"2022-08-13T00:56:02","guid":{"rendered":"https:\/\/marktxxl.de\/markt\/produkt\/prinzental-40-holz-meilensteinkarten-baby-alle-wichtigen-meilensteine-edel-graviertes-lindenholz-geschenkidee-fuer-werdende-muetter-eltern-geschenk-zur-geburt-babyparty-fuer\/"},"modified":"2023-04-10T04:27:20","modified_gmt":"2023-04-10T02:27:20","slug":"prinzental-40-holz-meilensteinkarten-baby-alle-wichtigen-meilensteine-edel-graviertes-lindenholz-geschenkidee-fuer-werdende-muetter-eltern-geschenk-zur-geburt-babyparty-fuer","status":"publish","type":"product","link":"https:\/\/marktxxl.de\/markt\/produkt\/prinzental-40-holz-meilensteinkarten-baby-alle-wichtigen-meilensteine-edel-graviertes-lindenholz-geschenkidee-fuer-werdende-muetter-eltern-geschenk-zur-geburt-babyparty-fuer\/","title":{"rendered":"Prinzental\u00ae 40 Holz Meilensteinkarten Baby | Alle Wichtigen Meilensteine | Edel Graviertes Lindenholz | Geschenkidee f\u00fcr\u2026"},"content":{"rendered":"<p>\ud83d\udc97 \ud835\udc00\ud835\udc0d\ud835\udc03\ud835\udc04\ud835\udc11\ud835\udc04 \ud835\udc0c\ud835\udc04\ud835\udc08\ud835\udc0b\ud835\udc04\ud835\udc0d\ud835\udc12\ud835\udc13\ud835\udc04\ud835\udc08\ud835\udc0d\ud835\udc0a\ud835\udc00\ud835\udc11\ud835\udc13\ud835\udc04\ud835\udc0d sind oft aus bedrucktem Papier, was auf Erinnerungsfotos einen eher g\u00fcnstigen Eindruck macht. Dein Baby wird aber nur einmal 1 Jahr alt! Daher m\u00f6chtest Du, dass es perfekt wird. Deswegen setzen wir bei Prinzental auf edles Lindenholz und eine perfekte Gravur.<br \/>\n\ud83d\udc97 \ud835\udc05\u00dc\ud835\udc11 \ud835\udc03\ud835\udc00\ud835\udc12 \ud835\udc04\ud835\udc11\ud835\udc12\ud835\udc13\ud835\udc04 \ud835\udc09\ud835\udc00\ud835\udc07\ud835\udc11! Vor allem im ersten Lebensjahr jagt eine Ver\u00e4nderung die n\u00e4chste. Umso wichtiger ist es, diese festzuhalten und zu dokumentieren. Bei uns bekommst Du 20 beidseitig-gravierte Meilensteinkarten, mit denen Du jeden Sprung mit liebevollen Spr\u00fcchen und Zeitangaben auf Fotos festhalten kannst!<br \/>\n\ud83d\udc97 \ud835\udc0c\ud835\udc08\ud835\udc13 \ud835\udc06\ud835\udc04\ud835\udc0b\ud835\udc08\ud835\udc0d\ud835\udc06-\ud835\udc06\ud835\udc00\ud835\udc11\ud835\udc00\ud835\udc0d\ud835\udc13\ud835\udc08\ud835\udc04 &#8211; Die Prinzental Meilensteinkarten begeistern seit Jahren Kunden in ganz Deutschland und haben schon tausenden Eltern dabei geholfen, wundersch\u00f6ne Babyfotos zu machen, von denen sie vorher selbst nicht geglaubt h\u00e4tten, dass dies ohne Fotografen m\u00f6glich w\u00e4re.<br \/>\n\ud83d\udc97 \ud835\udc0c\ud835\udc08\ud835\udc13 \ud835\udc00\ud835\udc0b\ud835\udc0b\ud835\udc04\ud835\udc0c, \ud835\udc16\ud835\udc00\ud835\udc12 \ud835\udc03\ud835\udc00\ud835\udc12 \ud835\udc07\ud835\udc04\ud835\udc11\ud835\udc19 \ud835\udc01\ud835\udc04\ud835\udc06\ud835\udc04\ud835\udc07\ud835\udc11\ud835\udc13! Bei Prinzental bekommst Du zu Deinen 40 Meilensteinkarten eine Blanko-Karte f\u00fcr einen eigenen Spruch, einen Baumwoll-Stoffbeutel, einen Aufsteller f\u00fcr eine Karte und eine hochwertige Geschenkverpackung mit Schleife, Satin-Inlay &amp; Co.<br \/>\n\ud83d\udc97 \ud835\udc03\ud835\udc08\ud835\udc04 \ud835\udc19\ud835\udc04\ud835\udc08\ud835\udc13 \ud835\udc0b\u00c4\ud835\udc14\ud835\udc05\ud835\udc13 \ud835\udc12\ud835\udc02\ud835\udc07\ud835\udc0d\ud835\udc04\ud835\udc0b\ud835\udc0b &#8211; Im Handumdrehen wird Dein Baby ein Jahr alt sein! Unsere Meilensteinkarten helfen Dir dabei, die wichtigsten Meilensteine des ersten Jahres ganz einfach einzufangen, damit Du nicht verpasst, unwiederbringliche Momente festzuhalten. \ud835\udc09\ud835\udc1e\ud835\udc2d\ud835\udc33\ud835\udc2d \ud835\udc1b\ud835\udc1e\ud835\udc2c\ud835\udc2d\ud835\udc1e\ud835\udc25\ud835\udc25\ud835\udc1e\ud835\udc27 \ud835\udc2e\ud835\udc27\ud835\udc1d \ud835\udc30\ud835\udc2e\ud835\udc27\ud835\udc1d\ud835\udc1e\ud835\udc2b\ud835\udc2c\ud835\udc1c\ud835\udc21\u00f6\ud835\udc27\ud835\udc1e \ud835\udc04\ud835\udc2b\ud835\udc22\ud835\udc27\ud835\udc27\ud835\udc1e\ud835\udc2b\ud835\udc2e\ud835\udc27\ud835\udc20\ud835\udc2c\ud835\udc1f\ud835\udc28\ud835\udc2d\ud835\udc28\ud835\udc2c \ud835\udc26\ud835\udc1a\ud835\udc1c\ud835\udc21\ud835\udc1e\ud835\udc27.<br \/>\n<div class=\"main-cross-sell\" data-asin=\"B094YJJB3D\">\n\n\t<div class=\"WooZone-cross-sell-loader\">\n\t\t<div>\n\t\t\t<div id=\"floatingBarsG\">\n\t\t\t\t<div class=\"blockG\" id=\"rotateG_01\"><\/div>\n\t\t\t\t<div class=\"blockG\" id=\"rotateG_02\"><\/div>\n\t\t\t\t<div class=\"blockG\" id=\"rotateG_03\"><\/div>\n\t\t\t\t<div class=\"blockG\" id=\"rotateG_04\"><\/div>\n\t\t\t\t<div class=\"blockG\" id=\"rotateG_05\"><\/div>\n\t\t\t\t<div class=\"blockG\" id=\"rotateG_06\"><\/div>\n\t\t\t\t<div class=\"blockG\" id=\"rotateG_07\"><\/div>\n\t\t\t\t<div class=\"blockG\" id=\"rotateG_08\"><\/div>\n\t\t\t<\/div>\n\t\t\t<div class=\"WooZone-cross-sell-loader-text\"><\/div>\n\t\t<\/div>\n\t<\/div>\n\n\t\t\n<\/div>\n<div style=\"clear:both;\"><\/div><\/p>\n","protected":false},"excerpt":{"rendered":"<p>\ud83d\udc97 \ud835\udc00\ud835\udc0d\ud835\udc03\ud835\udc04\ud835\udc11\ud835\udc04 \ud835\udc0c\ud835\udc04\ud835\udc08\ud835\udc0b\ud835\udc04\ud835\udc0d\ud835\udc12\ud835\udc13\ud835\udc04\ud835\udc08\ud835\udc0d\ud835\udc0a\ud835\udc00\ud835\udc11\ud835\udc13\ud835\udc04\ud835\udc0d sind oft aus bedrucktem Papier, was auf Erinnerungsfotos einen eher g\u00fcnstigen Eindruck macht. Dein Baby wird aber nur einmal 1 Jahr alt! Daher m\u00f6chtest Du, dass es perfekt wird. Deswegen setzen wir bei Prinzental auf edles Lindenholz und eine perfekte Gravur.<br \/>\n\ud83d\udc97 \ud835\udc05\u00dc\ud835\udc11 \ud835\udc03\ud835\udc00\ud835\udc12 \ud835\udc04\ud835\udc11\ud835\udc12\ud835\udc13\ud835\udc04 \ud835\udc09\ud835\udc00\ud835\udc07\ud835\udc11! Vor allem im ersten Lebensjahr jagt eine Ver\u00e4nderung die n\u00e4chste. Umso wichtiger ist es, diese festzuhalten und zu dokumentieren. Bei uns bekommst Du 20 beidseitig-gravierte Meilensteinkarten, mit denen Du jeden Sprung mit liebevollen Spr\u00fcchen und Zeitangaben auf Fotos festhalten kannst!<br \/>\n\ud83d\udc97 \ud835\udc0c\ud835\udc08\ud835\udc13 \ud835\udc06\ud835\udc04\ud835\udc0b\ud835\udc08\ud835\udc0d\ud835\udc06-\ud835\udc06\ud835\udc00\ud835\udc11\ud835\udc00\ud835\udc0d\ud835\udc13\ud835\udc08\ud835\udc04 &#8211; Die Prinzental Meilensteinkarten begeistern seit Jahren Kunden in ganz Deutschland und haben schon tausenden Eltern dabei geholfen, wundersch\u00f6ne Babyfotos zu machen, von denen sie vorher selbst nicht geglaubt h\u00e4tten, dass dies ohne Fotografen m\u00f6glich w\u00e4re.<\/p>\n","protected":false},"featured_media":143686,"comment_status":"open","ping_status":"closed","template":"","meta":[],"product_brand":[],"product_cat":[21,8929],"product_tag":[],"class_list":{"0":"post-143685","1":"product","2":"type-product","3":"status-publish","4":"has-post-thumbnail","6":"product_cat-baby","7":"product_cat-babygeschenke-baby","8":"pa_binding-babyartikel","9":"pa_brand-prinzental","10":"pa_color-baby","11":"pa_height-1-9291338563-zoll","12":"pa_languages-unbekannt-deutsch","13":"pa_length-8-661417314-zoll","14":"pa_manufacturer-prinzental","15":"pa_model-pmb211","16":"pa_weight-1-04058187664-pfund","17":"pa_width-5-905511805-zoll","19":"first","20":"instock","21":"shipping-taxable","22":"purchasable","23":"product-type-simple","24":"customify-col","25":"product-has-gallery"},"yoast_head":"<!-- This site is optimized with the Yoast SEO plugin v27.3 - https:\/\/yoast.com\/product\/yoast-seo-wordpress\/ -->\n<title>Prinzental\u00ae 40 Holz Meilensteinkarten Baby | Alle Wichtigen Meilensteine | Edel Graviertes Lindenholz | Geschenkidee f\u00fcr\u2026 - Markt-XXL<\/title>\n<meta name=\"description\" content=\"Markt-XXL Prinzental\u00ae 40 Holz Meilensteinkarten Baby | Alle Wichtigen Meilensteine | Edel Graviertes Lindenholz | Geschenkidee f\u00fcr\u2026\" \/>\n<meta name=\"robots\" content=\"index, follow, max-snippet:-1, max-image-preview:large, max-video-preview:-1\" \/>\n<link rel=\"canonical\" href=\"https:\/\/marktxxl.de\/markt\/produkt\/prinzental-40-holz-meilensteinkarten-baby-alle-wichtigen-meilensteine-edel-graviertes-lindenholz-geschenkidee-fuer-werdende-muetter-eltern-geschenk-zur-geburt-babyparty-fuer\/\" \/>\n<meta property=\"og:locale\" content=\"de_DE\" \/>\n<meta property=\"og:type\" content=\"article\" \/>\n<meta property=\"og:title\" content=\"Prinzental\u00ae 40 Holz Meilensteinkarten Baby | Alle Wichtigen Meilensteine | Edel Graviertes Lindenholz | Geschenkidee f\u00fcr\u2026 - Markt-XXL\" \/>\n<meta property=\"og:description\" content=\"Markt-XXL Prinzental\u00ae 40 Holz Meilensteinkarten Baby | Alle Wichtigen Meilensteine | Edel Graviertes Lindenholz | Geschenkidee f\u00fcr\u2026\" \/>\n<meta property=\"og:url\" content=\"https:\/\/marktxxl.de\/markt\/produkt\/prinzental-40-holz-meilensteinkarten-baby-alle-wichtigen-meilensteine-edel-graviertes-lindenholz-geschenkidee-fuer-werdende-muetter-eltern-geschenk-zur-geburt-babyparty-fuer\/\" \/>\n<meta property=\"og:site_name\" content=\"Markt-XXL\" \/>\n<meta property=\"article:modified_time\" content=\"2023-04-10T02:27:20+00:00\" \/>\n<meta property=\"og:image\" content=\"https:\/\/m.media-amazon.com\/images\/I\/412vPZiGLVL._SL500_.jpg\" \/>\n\t<meta property=\"og:image:width\" content=\"500\" \/>\n\t<meta property=\"og:image:height\" content=\"490\" \/>\n\t<meta property=\"og:image:type\" content=\"image\/jpeg\" \/>\n<meta name=\"twitter:card\" content=\"summary_large_image\" \/>\n<meta name=\"twitter:label1\" content=\"Gesch\u00e4tzte Lesezeit\" \/>\n\t<meta name=\"twitter:data1\" content=\"1\u00a0Minute\" \/>\n<script type=\"application\/ld+json\" class=\"yoast-schema-graph\">{\"@context\":\"https:\\\/\\\/schema.org\",\"@graph\":[{\"@type\":\"WebPage\",\"@id\":\"https:\\\/\\\/marktxxl.de\\\/markt\\\/produkt\\\/prinzental-40-holz-meilensteinkarten-baby-alle-wichtigen-meilensteine-edel-graviertes-lindenholz-geschenkidee-fuer-werdende-muetter-eltern-geschenk-zur-geburt-babyparty-fuer\\\/\",\"url\":\"https:\\\/\\\/marktxxl.de\\\/markt\\\/produkt\\\/prinzental-40-holz-meilensteinkarten-baby-alle-wichtigen-meilensteine-edel-graviertes-lindenholz-geschenkidee-fuer-werdende-muetter-eltern-geschenk-zur-geburt-babyparty-fuer\\\/\",\"name\":\"Prinzental\u00ae 40 Holz Meilensteinkarten Baby | Alle Wichtigen Meilensteine | Edel Graviertes Lindenholz | Geschenkidee f\u00fcr\u2026 - Markt-XXL\",\"isPartOf\":{\"@id\":\"https:\\\/\\\/marktxxl.de\\\/markt\\\/#website\"},\"primaryImageOfPage\":{\"@id\":\"https:\\\/\\\/marktxxl.de\\\/markt\\\/produkt\\\/prinzental-40-holz-meilensteinkarten-baby-alle-wichtigen-meilensteine-edel-graviertes-lindenholz-geschenkidee-fuer-werdende-muetter-eltern-geschenk-zur-geburt-babyparty-fuer\\\/#primaryimage\"},\"image\":{\"@id\":\"https:\\\/\\\/marktxxl.de\\\/markt\\\/produkt\\\/prinzental-40-holz-meilensteinkarten-baby-alle-wichtigen-meilensteine-edel-graviertes-lindenholz-geschenkidee-fuer-werdende-muetter-eltern-geschenk-zur-geburt-babyparty-fuer\\\/#primaryimage\"},\"thumbnailUrl\":\"https:\\\/\\\/m.media-amazon.com\\\/images\\\/I\\\/412vPZiGLVL._SL500_.jpg\",\"datePublished\":\"2022-08-13T00:56:02+00:00\",\"dateModified\":\"2023-04-10T02:27:20+00:00\",\"description\":\"Markt-XXL Prinzental\u00ae 40 Holz Meilensteinkarten Baby | Alle Wichtigen Meilensteine | Edel Graviertes Lindenholz | Geschenkidee f\u00fcr\u2026\",\"breadcrumb\":{\"@id\":\"https:\\\/\\\/marktxxl.de\\\/markt\\\/produkt\\\/prinzental-40-holz-meilensteinkarten-baby-alle-wichtigen-meilensteine-edel-graviertes-lindenholz-geschenkidee-fuer-werdende-muetter-eltern-geschenk-zur-geburt-babyparty-fuer\\\/#breadcrumb\"},\"inLanguage\":\"de\",\"potentialAction\":[{\"@type\":\"ReadAction\",\"target\":[\"https:\\\/\\\/marktxxl.de\\\/markt\\\/produkt\\\/prinzental-40-holz-meilensteinkarten-baby-alle-wichtigen-meilensteine-edel-graviertes-lindenholz-geschenkidee-fuer-werdende-muetter-eltern-geschenk-zur-geburt-babyparty-fuer\\\/\"]}]},{\"@type\":\"ImageObject\",\"inLanguage\":\"de\",\"@id\":\"https:\\\/\\\/marktxxl.de\\\/markt\\\/produkt\\\/prinzental-40-holz-meilensteinkarten-baby-alle-wichtigen-meilensteine-edel-graviertes-lindenholz-geschenkidee-fuer-werdende-muetter-eltern-geschenk-zur-geburt-babyparty-fuer\\\/#primaryimage\",\"url\":\"https:\\\/\\\/m.media-amazon.com\\\/images\\\/I\\\/412vPZiGLVL._SL500_.jpg\",\"contentUrl\":\"https:\\\/\\\/m.media-amazon.com\\\/images\\\/I\\\/412vPZiGLVL._SL500_.jpg\",\"width\":500,\"height\":490},{\"@type\":\"BreadcrumbList\",\"@id\":\"https:\\\/\\\/marktxxl.de\\\/markt\\\/produkt\\\/prinzental-40-holz-meilensteinkarten-baby-alle-wichtigen-meilensteine-edel-graviertes-lindenholz-geschenkidee-fuer-werdende-muetter-eltern-geschenk-zur-geburt-babyparty-fuer\\\/#breadcrumb\",\"itemListElement\":[{\"@type\":\"ListItem\",\"position\":1,\"name\":\"Startseite\",\"item\":\"https:\\\/\\\/marktxxl.de\\\/markt\\\/\"},{\"@type\":\"ListItem\",\"position\":2,\"name\":\"Markt\",\"item\":\"https:\\\/\\\/marktxxl.de\\\/markt\\\/\"},{\"@type\":\"ListItem\",\"position\":3,\"name\":\"Prinzental\u00ae 40 Holz Meilensteinkarten Baby | Alle Wichtigen Meilensteine | Edel Graviertes Lindenholz | Geschenkidee f\u00fcr\u2026\"}]},{\"@type\":\"WebSite\",\"@id\":\"https:\\\/\\\/marktxxl.de\\\/markt\\\/#website\",\"url\":\"https:\\\/\\\/marktxxl.de\\\/markt\\\/\",\"name\":\"Markt-XXL\",\"description\":\"Ihr Markt Online\",\"publisher\":{\"@id\":\"https:\\\/\\\/marktxxl.de\\\/markt\\\/#organization\"},\"potentialAction\":[{\"@type\":\"SearchAction\",\"target\":{\"@type\":\"EntryPoint\",\"urlTemplate\":\"https:\\\/\\\/marktxxl.de\\\/markt\\\/?s={search_term_string}\"},\"query-input\":{\"@type\":\"PropertyValueSpecification\",\"valueRequired\":true,\"valueName\":\"search_term_string\"}}],\"inLanguage\":\"de\"},{\"@type\":\"Organization\",\"@id\":\"https:\\\/\\\/marktxxl.de\\\/markt\\\/#organization\",\"name\":\"Markt-XXL\",\"url\":\"https:\\\/\\\/marktxxl.de\\\/markt\\\/\",\"logo\":{\"@type\":\"ImageObject\",\"inLanguage\":\"de\",\"@id\":\"https:\\\/\\\/marktxxl.de\\\/markt\\\/#\\\/schema\\\/logo\\\/image\\\/\",\"url\":\"https:\\\/\\\/marktxxl.de\\\/markt\\\/wp-content\\\/uploads\\\/sites\\\/3\\\/2020\\\/12\\\/logo.png\",\"contentUrl\":\"https:\\\/\\\/marktxxl.de\\\/markt\\\/wp-content\\\/uploads\\\/sites\\\/3\\\/2020\\\/12\\\/logo.png\",\"width\":200,\"height\":70,\"caption\":\"Markt-XXL\"},\"image\":{\"@id\":\"https:\\\/\\\/marktxxl.de\\\/markt\\\/#\\\/schema\\\/logo\\\/image\\\/\"}}]}<\/script>\n<!-- \/ Yoast SEO plugin. -->","yoast_head_json":{"title":"Prinzental\u00ae 40 Holz Meilensteinkarten Baby | Alle Wichtigen Meilensteine | Edel Graviertes Lindenholz | Geschenkidee f\u00fcr\u2026 - Markt-XXL","description":"Markt-XXL Prinzental\u00ae 40 Holz Meilensteinkarten Baby | Alle Wichtigen Meilensteine | Edel Graviertes Lindenholz | Geschenkidee f\u00fcr\u2026","robots":{"index":"index","follow":"follow","max-snippet":"max-snippet:-1","max-image-preview":"max-image-preview:large","max-video-preview":"max-video-preview:-1"},"canonical":"https:\/\/marktxxl.de\/markt\/produkt\/prinzental-40-holz-meilensteinkarten-baby-alle-wichtigen-meilensteine-edel-graviertes-lindenholz-geschenkidee-fuer-werdende-muetter-eltern-geschenk-zur-geburt-babyparty-fuer\/","og_locale":"de_DE","og_type":"article","og_title":"Prinzental\u00ae 40 Holz Meilensteinkarten Baby | Alle Wichtigen Meilensteine | Edel Graviertes Lindenholz | Geschenkidee f\u00fcr\u2026 - Markt-XXL","og_description":"Markt-XXL Prinzental\u00ae 40 Holz Meilensteinkarten Baby | Alle Wichtigen Meilensteine | Edel Graviertes Lindenholz | Geschenkidee f\u00fcr\u2026","og_url":"https:\/\/marktxxl.de\/markt\/produkt\/prinzental-40-holz-meilensteinkarten-baby-alle-wichtigen-meilensteine-edel-graviertes-lindenholz-geschenkidee-fuer-werdende-muetter-eltern-geschenk-zur-geburt-babyparty-fuer\/","og_site_name":"Markt-XXL","article_modified_time":"2023-04-10T02:27:20+00:00","og_image":[{"width":500,"height":490,"url":"https:\/\/m.media-amazon.com\/images\/I\/412vPZiGLVL._SL500_.jpg","type":"image\/jpeg"}],"twitter_card":"summary_large_image","twitter_misc":{"Gesch\u00e4tzte Lesezeit":"1\u00a0Minute"},"schema":{"@context":"https:\/\/schema.org","@graph":[{"@type":"WebPage","@id":"https:\/\/marktxxl.de\/markt\/produkt\/prinzental-40-holz-meilensteinkarten-baby-alle-wichtigen-meilensteine-edel-graviertes-lindenholz-geschenkidee-fuer-werdende-muetter-eltern-geschenk-zur-geburt-babyparty-fuer\/","url":"https:\/\/marktxxl.de\/markt\/produkt\/prinzental-40-holz-meilensteinkarten-baby-alle-wichtigen-meilensteine-edel-graviertes-lindenholz-geschenkidee-fuer-werdende-muetter-eltern-geschenk-zur-geburt-babyparty-fuer\/","name":"Prinzental\u00ae 40 Holz Meilensteinkarten Baby | Alle Wichtigen Meilensteine | Edel Graviertes Lindenholz | Geschenkidee f\u00fcr\u2026 - Markt-XXL","isPartOf":{"@id":"https:\/\/marktxxl.de\/markt\/#website"},"primaryImageOfPage":{"@id":"https:\/\/marktxxl.de\/markt\/produkt\/prinzental-40-holz-meilensteinkarten-baby-alle-wichtigen-meilensteine-edel-graviertes-lindenholz-geschenkidee-fuer-werdende-muetter-eltern-geschenk-zur-geburt-babyparty-fuer\/#primaryimage"},"image":{"@id":"https:\/\/marktxxl.de\/markt\/produkt\/prinzental-40-holz-meilensteinkarten-baby-alle-wichtigen-meilensteine-edel-graviertes-lindenholz-geschenkidee-fuer-werdende-muetter-eltern-geschenk-zur-geburt-babyparty-fuer\/#primaryimage"},"thumbnailUrl":"https:\/\/m.media-amazon.com\/images\/I\/412vPZiGLVL._SL500_.jpg","datePublished":"2022-08-13T00:56:02+00:00","dateModified":"2023-04-10T02:27:20+00:00","description":"Markt-XXL Prinzental\u00ae 40 Holz Meilensteinkarten Baby | Alle Wichtigen Meilensteine | Edel Graviertes Lindenholz | Geschenkidee f\u00fcr\u2026","breadcrumb":{"@id":"https:\/\/marktxxl.de\/markt\/produkt\/prinzental-40-holz-meilensteinkarten-baby-alle-wichtigen-meilensteine-edel-graviertes-lindenholz-geschenkidee-fuer-werdende-muetter-eltern-geschenk-zur-geburt-babyparty-fuer\/#breadcrumb"},"inLanguage":"de","potentialAction":[{"@type":"ReadAction","target":["https:\/\/marktxxl.de\/markt\/produkt\/prinzental-40-holz-meilensteinkarten-baby-alle-wichtigen-meilensteine-edel-graviertes-lindenholz-geschenkidee-fuer-werdende-muetter-eltern-geschenk-zur-geburt-babyparty-fuer\/"]}]},{"@type":"ImageObject","inLanguage":"de","@id":"https:\/\/marktxxl.de\/markt\/produkt\/prinzental-40-holz-meilensteinkarten-baby-alle-wichtigen-meilensteine-edel-graviertes-lindenholz-geschenkidee-fuer-werdende-muetter-eltern-geschenk-zur-geburt-babyparty-fuer\/#primaryimage","url":"https:\/\/m.media-amazon.com\/images\/I\/412vPZiGLVL._SL500_.jpg","contentUrl":"https:\/\/m.media-amazon.com\/images\/I\/412vPZiGLVL._SL500_.jpg","width":500,"height":490},{"@type":"BreadcrumbList","@id":"https:\/\/marktxxl.de\/markt\/produkt\/prinzental-40-holz-meilensteinkarten-baby-alle-wichtigen-meilensteine-edel-graviertes-lindenholz-geschenkidee-fuer-werdende-muetter-eltern-geschenk-zur-geburt-babyparty-fuer\/#breadcrumb","itemListElement":[{"@type":"ListItem","position":1,"name":"Startseite","item":"https:\/\/marktxxl.de\/markt\/"},{"@type":"ListItem","position":2,"name":"Markt","item":"https:\/\/marktxxl.de\/markt\/"},{"@type":"ListItem","position":3,"name":"Prinzental\u00ae 40 Holz Meilensteinkarten Baby | Alle Wichtigen Meilensteine | Edel Graviertes Lindenholz | Geschenkidee f\u00fcr\u2026"}]},{"@type":"WebSite","@id":"https:\/\/marktxxl.de\/markt\/#website","url":"https:\/\/marktxxl.de\/markt\/","name":"Markt-XXL","description":"Ihr Markt Online","publisher":{"@id":"https:\/\/marktxxl.de\/markt\/#organization"},"potentialAction":[{"@type":"SearchAction","target":{"@type":"EntryPoint","urlTemplate":"https:\/\/marktxxl.de\/markt\/?s={search_term_string}"},"query-input":{"@type":"PropertyValueSpecification","valueRequired":true,"valueName":"search_term_string"}}],"inLanguage":"de"},{"@type":"Organization","@id":"https:\/\/marktxxl.de\/markt\/#organization","name":"Markt-XXL","url":"https:\/\/marktxxl.de\/markt\/","logo":{"@type":"ImageObject","inLanguage":"de","@id":"https:\/\/marktxxl.de\/markt\/#\/schema\/logo\/image\/","url":"https:\/\/marktxxl.de\/markt\/wp-content\/uploads\/sites\/3\/2020\/12\/logo.png","contentUrl":"https:\/\/marktxxl.de\/markt\/wp-content\/uploads\/sites\/3\/2020\/12\/logo.png","width":200,"height":70,"caption":"Markt-XXL"},"image":{"@id":"https:\/\/marktxxl.de\/markt\/#\/schema\/logo\/image\/"}}]}},"_links":{"self":[{"href":"https:\/\/marktxxl.de\/markt\/wp-json\/wp\/v2\/product\/143685","targetHints":{"allow":["GET"]}}],"collection":[{"href":"https:\/\/marktxxl.de\/markt\/wp-json\/wp\/v2\/product"}],"about":[{"href":"https:\/\/marktxxl.de\/markt\/wp-json\/wp\/v2\/types\/product"}],"replies":[{"embeddable":true,"href":"https:\/\/marktxxl.de\/markt\/wp-json\/wp\/v2\/comments?post=143685"}],"wp:featuredmedia":[{"embeddable":true,"href":"https:\/\/marktxxl.de\/markt\/wp-json\/wp\/v2\/media\/143686"}],"wp:attachment":[{"href":"https:\/\/marktxxl.de\/markt\/wp-json\/wp\/v2\/media?parent=143685"}],"wp:term":[{"taxonomy":"product_brand","embeddable":true,"href":"https:\/\/marktxxl.de\/markt\/wp-json\/wp\/v2\/product_brand?post=143685"},{"taxonomy":"product_cat","embeddable":true,"href":"https:\/\/marktxxl.de\/markt\/wp-json\/wp\/v2\/product_cat?post=143685"},{"taxonomy":"product_tag","embeddable":true,"href":"https:\/\/marktxxl.de\/markt\/wp-json\/wp\/v2\/product_tag?post=143685"}],"curies":[{"name":"wp","href":"https:\/\/api.w.org\/{rel}","templated":true}]}}